{"id":10427,"date":"2019-01-21T07:43:34","date_gmt":"2019-01-21T07:43:34","guid":{"rendered":"https:\/\/www.quartix.com\/quartix-lokalizacja-pojazdow-w-czasie-rzeczywistym\/"},"modified":"2025-04-30T14:26:12","modified_gmt":"2025-04-30T13:26:12","slug":"quartix-monitoreo-vehicular-en-tiempo-real","status":"publish","type":"page","link":"https:\/\/www.quartix.com\/es-es\/quartix-monitoreo-vehicular-en-tiempo-real\/","title":{"rendered":"Gestiona y optimiza tu flota f\u00e1cilmente con nuestro sistema de seguimiento de veh\u00edculos-OHP"},"content":{"rendered":"","protected":false},"excerpt":{"rendered":"","protected":false},"author":12,"featured_media":84428,"parent":0,"menu_order":100,"comment_status":"closed","ping_status":"closed","template":"templates\/home-page-twenty-four.php","meta":{"_acf_changed":false,"inline_featured_image":false,"footnotes":""},"topic":[],"qtx_campaign":[],"class_list":["post-10427","page","type-page","status-publish","has-post-thumbnail","hentry"],"acf":[],"yoast_head":"<!-- This site is optimized with the Yoast SEO Premium plugin v27.3 (Yoast SEO v27.3) - https:\/\/yoast.com\/product\/yoast-seo-premium-wordpress\/ -->\n<title>Quartix | Monitoreo vehicular por GPS y generaci\u00f3n de informes - ES<\/title>\n<meta name=\"description\" content=\"Quartix ofrece soluciones galardonadas de monitoreo vehicular para camiones, camionetas y autom\u00f3viles. Cubrimos las necesidades de m\u00e1s de 30.000 clientes a nivel mundial. Nuestro servicio al cliente es excepcional y nuestro fsoftware telam\u00e1tico basado en la web es f\u00e1cil de usar. Comun\u00edquese con nosotros hoy mismo y sol\" \/>\n<meta name=\"robots\" content=\"index, follow, max-snippet:-1, max-image-preview:large, max-video-preview:-1\" \/>\n<link rel=\"canonical\" href=\"https:\/\/www.quartix.com\/es-es\/quartix-monitoreo-vehicular-en-tiempo-real\/\" \/>\n<meta property=\"og:locale\" content=\"es_ES\" \/>\n<meta property=\"og:type\" content=\"article\" \/>\n<meta property=\"og:title\" content=\"Gestiona y optimiza tu flota f\u00e1cilmente con nuestro sistema de seguimiento de veh\u00edculos-OHP\" \/>\n<meta property=\"og:description\" content=\"Quartix ofrece soluciones galardonadas de monitoreo vehicular para camiones, camionetas y autom\u00f3viles. Cubrimos las necesidades de m\u00e1s de 30.000 clientes a nivel mundial. Nuestro servicio al cliente es excepcional y nuestro fsoftware telam\u00e1tico basado en la web es f\u00e1cil de usar. Comun\u00edquese con nosotros hoy mismo y sol\" \/>\n<meta property=\"og:url\" content=\"https:\/\/www.quartix.com\/es-es\/quartix-monitoreo-vehicular-en-tiempo-real\/\" \/>\n<meta property=\"og:site_name\" content=\"Quartix\" \/>\n<meta property=\"article:publisher\" content=\"https:\/\/www.facebook.com\/Quartix-USA-374426386097401\/\" \/>\n<meta property=\"article:modified_time\" content=\"2025-04-30T13:26:12+00:00\" \/>\n<meta property=\"og:image\" content=\"https:\/\/www.quartix.com\/content\/uploads\/2023\/04\/Quartix-Vehicle-Tracking.jpg\" \/>\n\t<meta property=\"og:image:width\" content=\"1035\" \/>\n\t<meta property=\"og:image:height\" content=\"857\" \/>\n\t<meta property=\"og:image:type\" content=\"image\/jpeg\" \/>\n<meta name=\"twitter:card\" content=\"summary_large_image\" \/>\n<meta name=\"twitter:site\" content=\"@QuartixUSA\" \/>\n<meta name=\"twitter:label1\" content=\"Est. reading time\" \/>\n\t<meta name=\"twitter:data1\" content=\"7 minutes\" \/>\n<!-- \/ Yoast SEO Premium plugin. -->","yoast_head_json":{"title":"Quartix | Monitoreo vehicular por GPS y generaci\u00f3n de informes - ES","description":"Quartix ofrece soluciones galardonadas de monitoreo vehicular para camiones, camionetas y autom\u00f3viles. Cubrimos las necesidades de m\u00e1s de 30.000 clientes a nivel mundial. Nuestro servicio al cliente es excepcional y nuestro fsoftware telam\u00e1tico basado en la web es f\u00e1cil de usar. Comun\u00edquese con nosotros hoy mismo y sol","robots":{"index":"index","follow":"follow","max-snippet":"max-snippet:-1","max-image-preview":"max-image-preview:large","max-video-preview":"max-video-preview:-1"},"canonical":"https:\/\/www.quartix.com\/es-es\/quartix-monitoreo-vehicular-en-tiempo-real\/","og_locale":"es_ES","og_type":"article","og_title":"Gestiona y optimiza tu flota f\u00e1cilmente con nuestro sistema de seguimiento de veh\u00edculos-OHP","og_description":"Quartix ofrece soluciones galardonadas de monitoreo vehicular para camiones, camionetas y autom\u00f3viles. Cubrimos las necesidades de m\u00e1s de 30.000 clientes a nivel mundial. Nuestro servicio al cliente es excepcional y nuestro fsoftware telam\u00e1tico basado en la web es f\u00e1cil de usar. Comun\u00edquese con nosotros hoy mismo y sol","og_url":"https:\/\/www.quartix.com\/es-es\/quartix-monitoreo-vehicular-en-tiempo-real\/","og_site_name":"Quartix","article_publisher":"https:\/\/www.facebook.com\/Quartix-USA-374426386097401\/","article_modified_time":"2025-04-30T13:26:12+00:00","og_image":[{"width":1035,"height":857,"url":"https:\/\/www.quartix.com\/content\/uploads\/2023\/04\/Quartix-Vehicle-Tracking.jpg","type":"image\/jpeg"}],"twitter_card":"summary_large_image","twitter_site":"@QuartixUSA","twitter_misc":{"Est. reading time":"7 minutes"},"schema":{"@context":"https:\/\/schema.org","@graph":[{"@type":"WebPage","@id":"https:\/\/www.quartix.com\/es-es\/quartix-monitoreo-vehicular-en-tiempo-real\/","url":"https:\/\/www.quartix.com\/es-es\/quartix-monitoreo-vehicular-en-tiempo-real\/","name":"Quartix | Monitoreo vehicular por GPS y generaci\u00f3n de informes","isPartOf":{"@id":"https:\/\/www.quartix.com\/es-es\/#website"},"primaryImageOfPage":{"@id":"https:\/\/www.quartix.com\/es-es\/quartix-monitoreo-vehicular-en-tiempo-real\/#primaryimage"},"image":{"@id":"https:\/\/www.quartix.com\/es-es\/quartix-monitoreo-vehicular-en-tiempo-real\/#primaryimage"},"thumbnailUrl":"https:\/\/www.quartix.com\/content\/uploads\/2023\/04\/Quartix-Vehicle-Tracking.jpg","datePublished":"2019-01-21T07:43:34+00:00","dateModified":"2025-04-30T13:26:12+00:00","description":"Quartix ofrece soluciones galardonadas de monitoreo vehicular para camiones, camionetas y autom\u00f3viles. Cubrimos las necesidades de m\u00e1s de 30.000 clientes a nivel mundial. Nuestro servicio al cliente es excepcional y nuestro fsoftware telam\u00e1tico basado en la web es f\u00e1cil de usar. Comun\u00edquese con nosotros hoy mismo y sol","breadcrumb":{"@id":"https:\/\/www.quartix.com\/es-es\/quartix-monitoreo-vehicular-en-tiempo-real\/#breadcrumb"},"inLanguage":"es-ES","potentialAction":[{"@type":"ReadAction","target":["https:\/\/www.quartix.com\/es-es\/quartix-monitoreo-vehicular-en-tiempo-real\/"]}]},{"@type":"ImageObject","inLanguage":"es-ES","@id":"https:\/\/www.quartix.com\/es-es\/quartix-monitoreo-vehicular-en-tiempo-real\/#primaryimage","url":"https:\/\/www.quartix.com\/content\/uploads\/2023\/04\/Quartix-Vehicle-Tracking.jpg","contentUrl":"https:\/\/www.quartix.com\/content\/uploads\/2023\/04\/Quartix-Vehicle-Tracking.jpg","width":1035,"height":857},{"@type":"BreadcrumbList","@id":"https:\/\/www.quartix.com\/es-es\/quartix-monitoreo-vehicular-en-tiempo-real\/#breadcrumb","itemListElement":[{"@type":"ListItem","position":1,"name":"Inicio","item":"https:\/\/www.quartix.com\/es-es\/"},{"@type":"ListItem","position":2,"name":"Gestiona y optimiza tu flota f\u00e1cilmente con nuestro sistema de seguimiento de veh\u00edculos-OHP"}]},{"@type":"WebSite","@id":"https:\/\/www.quartix.com\/es-es\/#website","url":"https:\/\/www.quartix.com\/es-es\/","name":"Quartix","description":"Real-time vehicle tracking","publisher":{"@id":"https:\/\/www.quartix.com\/es-es\/#organization"},"potentialAction":[{"@type":"SearchAction","target":{"@type":"EntryPoint","urlTemplate":"https:\/\/www.quartix.com\/es-es\/?s={search_term_string}"},"query-input":{"@type":"PropertyValueSpecification","valueRequired":true,"valueName":"search_term_string"}}],"inLanguage":"es-ES"},{"@type":"Organization","@id":"https:\/\/www.quartix.com\/es-es\/#organization","name":"Quartix","url":"https:\/\/www.quartix.com\/es-es\/","logo":{"@type":"ImageObject","inLanguage":"es-ES","@id":"https:\/\/www.quartix.com\/es-es\/#\/schema\/logo\/image\/","url":"https:\/\/www.quartix.com\/content\/uploads\/2019\/02\/quartix-logo-eur.svg","contentUrl":"https:\/\/www.quartix.com\/content\/uploads\/2019\/02\/quartix-logo-eur.svg","width":1,"height":1,"caption":"Quartix"},"image":{"@id":"https:\/\/www.quartix.com\/es-es\/#\/schema\/logo\/image\/"},"sameAs":["https:\/\/www.facebook.com\/Quartix-USA-374426386097401\/","https:\/\/x.com\/QuartixUSA","https:\/\/www.linkedin.com\/company\/5346733\/","https:\/\/www.youtube.com\/channel\/UCzS-_GMfHF4kWiCheyIRrAQ"]}]}},"_links":{"self":[{"href":"https:\/\/www.quartix.com\/es-es\/wp-json\/wp\/v2\/pages\/10427","targetHints":{"allow":["GET"]}}],"collection":[{"href":"https:\/\/www.quartix.com\/es-es\/wp-json\/wp\/v2\/pages"}],"about":[{"href":"https:\/\/www.quartix.com\/es-es\/wp-json\/wp\/v2\/types\/page"}],"author":[{"embeddable":true,"href":"https:\/\/www.quartix.com\/es-es\/wp-json\/wp\/v2\/users\/12"}],"replies":[{"embeddable":true,"href":"https:\/\/www.quartix.com\/es-es\/wp-json\/wp\/v2\/comments?post=10427"}],"version-history":[{"count":1,"href":"https:\/\/www.quartix.com\/es-es\/wp-json\/wp\/v2\/pages\/10427\/revisions"}],"predecessor-version":[{"id":120075,"href":"https:\/\/www.quartix.com\/es-es\/wp-json\/wp\/v2\/pages\/10427\/revisions\/120075"}],"wp:featuredmedia":[{"embeddable":true,"href":"https:\/\/www.quartix.com\/es-es\/wp-json\/wp\/v2\/media\/84428"}],"wp:attachment":[{"href":"https:\/\/www.quartix.com\/es-es\/wp-json\/wp\/v2\/media?parent=10427"}],"wp:term":[{"taxonomy":"topic","embeddable":true,"href":"https:\/\/www.quartix.com\/es-es\/wp-json\/wp\/v2\/topic?post=10427"},{"taxonomy":"qtx_campaign","embeddable":true,"href":"https:\/\/www.quartix.com\/es-es\/wp-json\/wp\/v2\/qtx_campaign?post=10427"}],"curies":[{"name":"wp","href":"https:\/\/api.w.org\/{rel}","templated":true}]}}