{"id":10435,"date":"2019-02-14T14:56:52","date_gmt":"2019-02-14T14:56:52","guid":{"rendered":"https:\/\/www.quartix.com\/?page_id=10435"},"modified":"2025-07-14T15:52:31","modified_gmt":"2025-07-14T14:52:31","slug":"localizador-vehiculos-old","status":"publish","type":"page","link":"https:\/\/www.quartix.com\/es-es\/localizador-vehiculos-old\/","title":{"rendered":"Localizador Vehiculos Old"},"content":{"rendered":"\n<p>El seguimiento de veh\u00edculos de Quartix proporciona un conjunto completo de herramientas para ayudarte a administrar con \u00e9xito tus veh\u00edculos, garantizar la seguridad del conductor y mejorar tus resultados. Se puede acceder a nuestra interfaz a trav\u00e9s de Internet, por lo que no se necesita ning\u00fan software adicional para ponerlo en funcionamiento. El sistema facilita el an\u00e1lisis de los datos de seguimiento de tus veh\u00edculos y genera informes f\u00e1ciles de usar, lo que te ayuda a identificar a tus mejores conductores, comprender el kilometraje, los costes de combustible, y reducir las tareas administrativas.<\/p>\n\n\n\r\n<section  class=\"qtx-pagebuilder-section qtx-pagebuilder-section-list \">\r\n<ul class='ticks fa-ul' style='0'><li><span class='fa-li'><i class='fas fa-check-circle'><\/i><\/span><a href='#Visibilidad-completa-de-tus-veh\u00edculos,-24\/7' class='' title='' target=''>Saber d\u00f3nde est\u00e1n tus veh\u00edculos, 24\/7<\/a><\/li><li><span class='fa-li'><i class='fas fa-check-circle'><\/i><\/span><a href='#Obt\u00e9n-registros-de-actividad-de-seguimiento-de-veh\u00edculos-directamente-en-tu-bandeja-de-entrada' class='' title='' target=''>Obtener registros de actividad del veh\u00edculo directamente en tu bandeja de entrada<\/a><\/li><li><span class='fa-li'><i class='fas fa-check-circle'><\/i><\/span><a href='#Promover-h\u00e1bitos-de-conducci\u00f3n-seguros-y-eficientes-en-el-consumo-de-combustible' class='' title='' target=''>Promoci\u00f3n de h\u00e1bitos de conducci\u00f3n seguros y eficientes en el consumo de combustible<\/a><\/li><li><span class='fa-li'><i class='fas fa-check-circle'><\/i><\/span><a href='#El-seguimiento-de-veh\u00edculos-puede-aumentar-la-productividad-de-la-flota' class='' title='' target=''>Impulsar la productividad de la flota con el seguimiento de veh\u00edculos<\/a><\/li><li><span class='fa-li'><i class='fas fa-check-circle'><\/i><\/span><a href='#Usa-el-seguimiento-de-veh\u00edculos-para-establecer-zonas-geogr\u00e1ficas-y-reglas' class='' title='' target=''>Usar el rastreo de veh\u00edculos para establecer l\u00edmites geogr\u00e1ficos y reglas<\/a><\/li><li><span class='fa-li'><i class='fas fa-check-circle'><\/i><\/span><a href='#El-hardware:-las-opciones-de-tu-dispositivo-de-rastreo-de-veh\u00edculos' class='' title='' target=''>Elecci\u00f3n del hardware de seguimiento de veh\u00edculos<\/a><\/li><\/ul><\/section>\n\n\n<h2 class=\"wp-block-heading\" id=\"Visibilidad-completa-de-tus-veh\u00edculos,-24\/7\"><strong>Visibilidad completa de tus veh\u00edculos, 24\/7<\/strong><\/h2>\n\n\n\n<p>El seguimiento de veh\u00edculos de Quartix te permite ver la ubicaci\u00f3n en vivo de tus veh\u00edculos, en cualquier momento y desde cualquier dispositivo. Demuestra la m\u00e1xima eficiencia utilizando nuestros mapas de rastreo GPS en tiempo real y la funci\u00f3n de b\u00fasqueda por c\u00f3digo postal. Responde r\u00e1pidamente a las consultas de los clientes y puedes desv\u00edar el veh\u00edculo m\u00e1s cercano a realizar un trabajo.<\/p>\n\n\n\n<figure class=\"wp-block-image aligncenter size-large\"><img loading=\"lazy\" decoding=\"async\" width=\"1000\" height=\"437\" src=\" https:\/\/www.quartix.com\/content\/uploads\/2020\/08\/ES_Live-tracking-clustering-1000x437.png\" alt=\"Seguimiento en tiempo real\" class=\"wp-image-43603\" srcset=\"https:\/\/www.quartix.com\/content\/uploads\/2020\/08\/ES_Live-tracking-clustering-1000x437.png 1000w, https:\/\/www.quartix.com\/content\/uploads\/2020\/08\/ES_Live-tracking-clustering-300x131.png 300w, https:\/\/www.quartix.com\/content\/uploads\/2020\/08\/ES_Live-tracking-clustering-768x336.png 768w, https:\/\/www.quartix.com\/content\/uploads\/2020\/08\/ES_Live-tracking-clustering-1536x671.png 1536w, https:\/\/www.quartix.com\/content\/uploads\/2020\/08\/ES_Live-tracking-clustering.png 1910w\" sizes=\"auto, (max-width: 1000px) 100vw, 1000px\" \/><\/figure>\n\n\n\n<p>El seguimiento de veh\u00edculos de Quartix proporciona un registro de todos los viajes realizados, con tiempos de inicio, finalizaci\u00f3n y ralent\u00ed para cada viaje. Los mapas de ruta te muestran las rutas exactas tomadas y la velocidad del veh\u00edculo en cada punto intermedio. Un simple clic los muestra en Google Street View para brindarte una vista similar a la del conductor.<\/p>\n\n\n\n<p>Incluso puedes etiquetar las ubicaciones visitadas con frecuencia y asignar iconos personalizados a tus veh\u00edculos para identificarlos m\u00e1s f\u00e1cilmente en el mapa de seguimiento de veh\u00edculos.<\/p>\n\n\n\r\n<section  class=\"qtx-pagebuilder-section qtx-pagebuilder-section-list \">\r\n<ul class='ticks fa-ul' style='0'><li><span class='fa-li'><i class='fas fa-check-circle'><\/i><\/span>Localiza tus veh\u00edculos 24\/7<\/li><li><span class='fa-li'><i class='fas fa-check-circle'><\/i><\/span>Mantente informado de la actividad de tus conductores<\/li><li><span class='fa-li'><i class='fas fa-check-circle'><\/i><\/span>Encuentra los veh\u00edculos m\u00e1s cercanos a un c\u00f3digo postal<\/li><li><span class='fa-li'><i class='fas fa-check-circle'><\/i><\/span><a href='\/es-es\/localizador-vehiculos\/seguimiento-de-vehiculos\/' class='' title='' target='_blank'>Realiza seguimiento f\u00e1cilmente sobre la marcha con nuestra aplicaci\u00f3n m\u00f3vil gratuita<\/a><\/li><li><span class='fa-li'><i class='fas fa-check-circle'><\/i><\/span>Registra todos los detalles del viaje y las rutas tomadas<\/li><\/ul><\/section>\n\n\n<figure class=\"wp-block-image aligncenter size-full\"><img loading=\"lazy\" decoding=\"async\" width=\"700\" height=\"466\" src=\" https:\/\/www.quartix.com\/content\/uploads\/2022\/06\/Es-Road.jpg\" alt=\"\" class=\"wp-image-76122\" srcset=\"https:\/\/www.quartix.com\/content\/uploads\/2022\/06\/Es-Road.jpg 700w, https:\/\/www.quartix.com\/content\/uploads\/2022\/06\/Es-Road-300x200.jpg 300w\" sizes=\"auto, (max-width: 700px) 100vw, 700px\" \/><\/figure>\n\n\n\n<p><a href=\"\/es-es\/localizador-vehiculos\/seguimiento-de-vehiculos\/\" target=\"_blank\" rel=\"noreferrer noopener\">Caracter\u00edsticas del mapa de seguimiento de veh\u00edculos en vivo de Quartix: M\u00e1s informaci\u00f3n<\/a><\/p>\n\n\n\n<h2 class=\"wp-block-heading\" id=\"Obt\u00e9n-registros-de-actividad-de-seguimiento-de-veh\u00edculos-directamente-en-tu-bandeja-de-entrada\"><strong>Obt\u00e9n registros de actividad de seguimiento de veh\u00edculos directamente en tu bandeja de entrada<\/strong><\/h2>\n\n\n\n<p>Mantente informado con nuestros registros de conductores, registros de veh\u00edculos e informes de viaje. El seguimiento de veh\u00edculos de Quartix proporciona datos confiables que no solo pueden ayudarte a identificar d\u00f3nde ahorrar. Tambi\u00e9n conocer\u00e1s d\u00f3nde estaban tus veh\u00edculos en determinados momentos, cu\u00e1ndo se realizaron las visitas y cu\u00e1nto tiempo pasaron los conductores en un lugar.<\/p>\n\n\n\n<p>Puedes especificar la informaci\u00f3n que te gustar\u00eda ver en el sistema de seguimiento de veh\u00edculos y programar estos informes para que se env\u00eden regularmente a su bandeja de entrada en un formato de Excel simple.<\/p>\n\n\n\r\n<section  class=\"qtx-pagebuilder-section qtx-pagebuilder-section-list \">\r\n<ul class='ticks fa-ul' style='0'><li><span class='fa-li'><i class='fas fa-check-circle'><\/i><\/span>Conoce el kilometraje total de tu flota, las horas de conducci\u00f3n y el tiempo de inactividad durante cualquier per\u00edodo<\/li><li><span class='fa-li'><i class='fas fa-check-circle'><\/i><\/span>Informe sobre velocidades promedio, velocidades m\u00e1ximas, uso de combustible esperado y emisiones de CO2<\/li><li><span class='fa-li'><i class='fas fa-check-circle'><\/i><\/span>Conoce las horas de inicio y finalizaci\u00f3n del conductor, incluidos todos los detalles del viaje<\/li><li><span class='fa-li'><i class='fas fa-check-circle'><\/i><\/span>Validar reclamos de horas extras y consumo de combustible<\/li><li><span class='fa-li'><i class='fas fa-check-circle'><\/i><\/span>Apoya a tus conductores con informes precisos de su actividad<\/li><\/ul><\/section>\n\n\n<figure class=\"wp-block-image aligncenter size-full\"><img loading=\"lazy\" decoding=\"async\" width=\"500\" height=\"334\" src=\" https:\/\/www.quartix.com\/content\/uploads\/2021\/03\/vehicle-tracking-driver-wheel-image.jpg\" alt=\"vehicle tracking driver \" class=\"wp-image-50149\" srcset=\"https:\/\/www.quartix.com\/content\/uploads\/2021\/03\/vehicle-tracking-driver-wheel-image.jpg 500w, https:\/\/www.quartix.com\/content\/uploads\/2021\/03\/vehicle-tracking-driver-wheel-image-300x200.jpg 300w\" sizes=\"auto, (max-width: 500px) 100vw, 500px\" \/><\/figure>\n\n\n\n<p>Nuestra opci\u00f3n Identificador de Conductor te permite monitorear el comportamiento de los conductores individuales en veh\u00edculos compartidos y puede ser una forma \u00fatil de separar el kilometraje comercial del personal.<\/p>\n\n\n\n<p><a href=\"\/es-es\/localizador-vehiculos\/hojas-de-control-horario\/\" target=\"_blank\" rel=\"noreferrer noopener\">Registros de actividad de seguimiento de veh\u00edculos de Quartix: M\u00e1s informaci\u00f3n<\/a><\/p>\n\n\n\n<h2 class=\"wp-block-heading\" id=\"Promover-h\u00e1bitos-de-conducci\u00f3n-seguros-y-eficientes-en-el-consumo-de-combustible\"><strong>Promover h\u00e1bitos de conducci\u00f3n seguros y eficientes en el consumo de combustible<\/strong><\/h2>\n\n\n\n<p>Capacitar a tu personal para mejorar sus h\u00e1bitos de conducci\u00f3n es f\u00e1cil con el seguimiento de veh\u00edculos de Quartix. Nuestro an\u00e1lisis detallado del estilo de conducci\u00f3n te brinda todas las herramientas que necesitar\u00e1 para influir y fomentar un comportamiento de conducci\u00f3n seguro y econ\u00f3mico .<\/p>\n\n\n\n<p>Los puntajes de conducci\u00f3n codificados por colores se incorporan a varios informes \u00fatiles de Quartix, que incluyen sesiones informativas diarias para conductores, tendencias de estilo de conducci\u00f3n y una tabla de clasificaci\u00f3n de conductores para ayudarte a incentivar el cambio de comportamiento en tu flota. Nuestro sistema de seguimiento de veh\u00edculos ofrece todo lo que necesitas para mejorar el estado del veh\u00edculo, los costos de combustible y, lo que es m\u00e1s importante, la seguridad en la carretera.<\/p>\n\n\n\n<figure class=\"wp-block-image size-large\"><img loading=\"lazy\" decoding=\"async\" width=\"1000\" height=\"726\" src=\" https:\/\/www.quartix.com\/content\/uploads\/2022\/06\/ES-daily-driver-briefing-2020-1000x726.png\" alt=\"\" class=\"wp-image-76136\" srcset=\"https:\/\/www.quartix.com\/content\/uploads\/2022\/06\/ES-daily-driver-briefing-2020-1000x726.png 1000w, https:\/\/www.quartix.com\/content\/uploads\/2022\/06\/ES-daily-driver-briefing-2020-300x218.png 300w, https:\/\/www.quartix.com\/content\/uploads\/2022\/06\/ES-daily-driver-briefing-2020-768x557.png 768w, https:\/\/www.quartix.com\/content\/uploads\/2022\/06\/ES-daily-driver-briefing-2020.png 1155w\" sizes=\"auto, (max-width: 1000px) 100vw, 1000px\" \/><\/figure>\n\n\n\r\n<section  class=\"qtx-pagebuilder-section qtx-pagebuilder-section-list \">\r\n<ul class='ticks fa-ul' style='0'><li><span class='fa-li'><i class='fas fa-check-circle'><\/i><\/span>Supervisa los perfiles de velocidad, aceleraci\u00f3n y frenado<\/li><li><span class='fa-li'><i class='fas fa-check-circle'><\/i><\/span>Compara las puntuaciones de comportamiento del conductor en un grupo<\/li><li><span class='fa-li'><i class='fas fa-check-circle'><\/i><\/span>Revisa los datos con los conductores y realiza seguimiento de su progreso<\/li><li><span class='fa-li'><i class='fas fa-check-circle'><\/i><\/span>Promover h\u00e1bitos de conducci\u00f3n m\u00e1s seguros y econ\u00f3micos.<\/li><li><span class='fa-li'><i class='fas fa-check-circle'><\/i><\/span>Reduce los costes de combustible, los costes de reparaci\u00f3n y los costes operativos<\/li><\/ul><\/section>\n\n\n<p><a href=\"\/es-es\/localizador-vehiculos\/estilo-de-conduccion\/\" target=\"_blank\" rel=\"noreferrer noopener\">Comportamiento del conductor de Quartix : M\u00e1s informaci\u00f3n<\/a><\/p>\n\n\n\n<h2 class=\"wp-block-heading\" id=\"El-seguimiento-de-veh\u00edculos-puede-aumentar-la-productividad-de-la-flota\"><strong>El seguimiento de veh\u00edculos puede aumentar la productividad de la flota<\/strong><\/h2>\n\n\n\n<p>El sistema de seguimiento de veh\u00edculos de Quartix ofrece una visi\u00f3n general en tiempo real de tus veh\u00edculos con sus paneles de control y una gama de herramientas de gesti\u00f3n de flotas. Puedes ver instant\u00e1neamente cu\u00e1les de tus veh\u00edculos est\u00e1n en uso y realizar un seguimiento de la productividad con KPI personalizados para enviarte una alerta si no se cumplen los objetivos.<\/p>\n\n\n\n<p>Observa datos basados en el sitio, para rastrear cu\u00e1ndo llegaron y partieron los veh\u00edculos de una ubicaci\u00f3n espec\u00edfica o usa la funci\u00f3n de an\u00e1lisis de ruta para eliminar la superposici\u00f3n de viajes. Los informes mensuales de velocidad y kilometraje tambi\u00e9n est\u00e1n disponibles para ayudarte a monitorear la actividad de la flota. La gesti\u00f3n del veh\u00edculo se simplifica con nuestros informes de fecha de inspecci\u00f3n completos con recordatorios, informaci\u00f3n sobre las horas del motor y lecturas del od\u00f3metro.<\/p>\n\n\n\n<figure class=\"wp-block-image aligncenter size-full\"><img loading=\"lazy\" decoding=\"async\" width=\"500\" height=\"333\" src=\" https:\/\/www.quartix.com\/content\/uploads\/2021\/03\/vehicle-tracking-van-driver-at-work.jpg\" alt=\"vehicle tracking van driver at work\" class=\"wp-image-50158\" srcset=\"https:\/\/www.quartix.com\/content\/uploads\/2021\/03\/vehicle-tracking-van-driver-at-work.jpg 500w, https:\/\/www.quartix.com\/content\/uploads\/2021\/03\/vehicle-tracking-van-driver-at-work-300x200.jpg 300w\" sizes=\"auto, (max-width: 500px) 100vw, 500px\" \/><\/figure>\n\n\n\r\n<section  class=\"qtx-pagebuilder-section qtx-pagebuilder-section-list \">\r\n<ul class='ticks fa-ul' style='0'><li><span class='fa-li'><i class='fas fa-check-circle'><\/i><\/span>Analiza el rendimiento de la flota a lo largo del tiempo y mejora la utilizaci\u00f3n<\/li><li><span class='fa-li'><i class='fas fa-check-circle'><\/i><\/span>Recibe alertas cuando no se cumpla una condici\u00f3n, como un n\u00famero m\u00ednimo de visitas<\/li><li><span class='fa-li'><i class='fas fa-check-circle'><\/i><\/span>Planifica de manera efectiva las fechas de inspecci\u00f3n del veh\u00edculo y los hitos  de las horas del motor<\/li><li><span class='fa-li'><i class='fas fa-check-circle'><\/i><\/span>Informe sobre el kilometraje y la velocidad cada mes o semana<\/li><\/ul><\/section>\n\n\n<p><a href=\"\/es-es\/localizador-vehiculos\/herramientas-de-gestion\/\" target=\"_blank\" rel=\"noreferrer noopener\">Herramientas de gesti\u00f3n de flotas de Quartix: M\u00e1s informaci\u00f3n<\/a><\/p>\n\n\n\n<h2 class=\"wp-block-heading\" id=\"Usa-el-seguimiento-de-veh\u00edculos-para-establecer-zonas-geogr\u00e1ficas-y-reglas\"><strong>Usa el seguimiento de veh\u00edculos para establecer zonas geogr\u00e1ficas y reglas<\/strong><\/h2>\n\n\n\n<p>El seguimiento de veh\u00edculos de Quartix puede alertarte r\u00e1pidamente sobre movimientos inesperados de veh\u00edculos, con la ayuda del vallado de zonas (Geofencing) y reglas estipuladas. Estos pueden ayudarte a comprender cu\u00e1ndo llegan o salen los veh\u00edculos de un sitio, eliminar los viajes no autorizados. Otros usos de la geovalla pueden incluir la generaci\u00f3n de alertas para los veh\u00edculos que se acercan a tu dep\u00f3sito, de modo que los art\u00edculos puedan estar preparados para el conductor.<\/p>\n\n\n\n<p>Simplemente marca la zona deseada con nuestra sencilla herramienta de dibujo: no hay l\u00edmite para la cantidad de geocercas que puedes crear.<\/p>\n\n\n\n<figure class=\"wp-block-image aligncenter size-large\"><img loading=\"lazy\" decoding=\"async\" width=\"1000\" height=\"584\" src=\" https:\/\/www.quartix.com\/content\/uploads\/2020\/08\/ES_geofencing-1000x584.png\" alt=\"Geofencing\" class=\"wp-image-44013\" srcset=\"https:\/\/www.quartix.com\/content\/uploads\/2020\/08\/ES_geofencing-1000x584.png 1000w, https:\/\/www.quartix.com\/content\/uploads\/2020\/08\/ES_geofencing-300x175.png 300w, https:\/\/www.quartix.com\/content\/uploads\/2020\/08\/ES_geofencing-768x448.png 768w, https:\/\/www.quartix.com\/content\/uploads\/2020\/08\/ES_geofencing.png 1278w\" sizes=\"auto, (max-width: 1000px) 100vw, 1000px\" \/><\/figure>\n\n\n\r\n<section  class=\"qtx-pagebuilder-section qtx-pagebuilder-section-list \">\r\n<ul class='ticks fa-ul' style='0'><li><span class='fa-li'><i class='fas fa-check-circle'><\/i><\/span>Define zonas para que los veh\u00edculos est\u00e9n dentro o fuera<\/li><li><span class='fa-li'><i class='fas fa-check-circle'><\/i><\/span>Establecer las normas y horarios de cada zona<\/li><li><span class='fa-li'><i class='fas fa-check-circle'><\/i><\/span>Recibe alertas cuando se activen esas reglas<\/li><\/ul><\/section>\n\n\n<p><a href=\"\/es-es\/localizador-vehiculos\/alertas\/\" target=\"_blank\" rel=\"noreferrer noopener\">Alertas de geofencing de Quartix: M\u00e1s informaci\u00f3n<\/a><\/p>\n\n\n\n<h2 class=\"wp-block-heading\" id=\"El-hardware:-las-opciones-de-tu-dispositivo-de-rastreo-de-veh\u00edculos\"><strong>El hardware: las opciones de tu dispositivo de rastreo de veh\u00edculos<\/strong><\/h2>\n\n\n\n<p>Quartix ofrece muchas opciones de instalaci\u00f3n de dispositivos de seguimiento que van desde soluciones cableadas hasta dispositivos sencillos autoinstalables y enchufables.<\/p>\n\n\n\n<p><a href=\"\/es-es\/localizador-vehiculos\/dispositivo-de-monitoreo\/\" target=\"_blank\" rel=\"noreferrer noopener\">Instalaci\u00f3n del dispositivo de seguimiento de veh\u00edculos Quartix: M\u00e1s informaci\u00f3n<\/a><\/p>\n","protected":false},"excerpt":{"rendered":"<p>El seguimiento de veh\u00edculos de Quartix proporciona un conjunto completo de herramientas para ayudarte a administrar con \u00e9xito tus veh\u00edculos, garantizar la seguridad del conductor y mejorar tus resultados. Se puede acceder a nuestra interfaz a trav\u00e9s de Internet, por lo que no se necesita ning\u00fan software adicional para ponerlo en funcionamiento. El sistema facilita [&hellip;]<\/p>\n","protected":false},"author":12,"featured_media":106274,"parent":0,"menu_order":200,"comment_status":"closed","ping_status":"closed","template":"templates\/sticky-sidebar.php","meta":{"_acf_changed":false,"inline_featured_image":false,"footnotes":""},"topic":[],"qtx_campaign":[],"class_list":["post-10435","page","type-page","status-publish","has-post-thumbnail","hentry"],"acf":[],"yoast_head":"<!-- This site is optimized with the Yoast SEO Premium plugin v27.2 (Yoast SEO v27.2) - https:\/\/yoast.com\/product\/yoast-seo-premium-wordpress\/ -->\n<title>Sistema de seguimiento de veh\u00edculos para empresas - ES<\/title>\n<meta name=\"description\" content=\"El seguimiento de veh\u00edculos de Quartix le permite tomar el control de su flota, mejorar la eficiencia operativa y gestionar los costes, la seguridad y el tiempo. Saber m\u00e1s\" \/>\n<meta name=\"robots\" content=\"index, follow, max-snippet:-1, max-image-preview:large, max-video-preview:-1\" \/>\n<link rel=\"canonical\" href=\"https:\/\/www.quartix.com\/es-es\/localizador-vehiculos-old\/\" \/>\n<meta property=\"og:locale\" content=\"es_ES\" \/>\n<meta property=\"og:type\" content=\"article\" \/>\n<meta property=\"og:title\" content=\"Localizador Vehiculos Old\" \/>\n<meta property=\"og:description\" content=\"El seguimiento de veh\u00edculos de Quartix le permite tomar el control de su flota, mejorar la eficiencia operativa y gestionar los costes, la seguridad y el tiempo. Saber m\u00e1s\" \/>\n<meta property=\"og:url\" content=\"https:\/\/www.quartix.com\/es-es\/localizador-vehiculos-old\/\" \/>\n<meta property=\"og:site_name\" content=\"Quartix\" \/>\n<meta property=\"article:publisher\" content=\"https:\/\/www.facebook.com\/Quartix-USA-374426386097401\/\" \/>\n<meta property=\"article:modified_time\" content=\"2025-07-14T14:52:31+00:00\" \/>\n<meta property=\"og:image\" content=\"https:\/\/www.quartix.com\/content\/uploads\/2024\/06\/US-Vehicle-Tracking-Screens.png\" \/>\n\t<meta property=\"og:image:width\" content=\"874\" \/>\n\t<meta property=\"og:image:height\" content=\"590\" \/>\n\t<meta property=\"og:image:type\" content=\"image\/png\" \/>\n<meta name=\"twitter:card\" content=\"summary_large_image\" \/>\n<meta name=\"twitter:site\" content=\"@QuartixUSA\" \/>\n<meta name=\"twitter:label1\" content=\"Est. reading time\" \/>\n\t<meta name=\"twitter:data1\" content=\"8 minutes\" \/>\n<!-- \/ Yoast SEO Premium plugin. -->","yoast_head_json":{"title":"Sistema de seguimiento de veh\u00edculos para empresas - ES","description":"El seguimiento de veh\u00edculos de Quartix le permite tomar el control de su flota, mejorar la eficiencia operativa y gestionar los costes, la seguridad y el tiempo. Saber m\u00e1s","robots":{"index":"index","follow":"follow","max-snippet":"max-snippet:-1","max-image-preview":"max-image-preview:large","max-video-preview":"max-video-preview:-1"},"canonical":"https:\/\/www.quartix.com\/es-es\/localizador-vehiculos-old\/","og_locale":"es_ES","og_type":"article","og_title":"Localizador Vehiculos Old","og_description":"El seguimiento de veh\u00edculos de Quartix le permite tomar el control de su flota, mejorar la eficiencia operativa y gestionar los costes, la seguridad y el tiempo. Saber m\u00e1s","og_url":"https:\/\/www.quartix.com\/es-es\/localizador-vehiculos-old\/","og_site_name":"Quartix","article_publisher":"https:\/\/www.facebook.com\/Quartix-USA-374426386097401\/","article_modified_time":"2025-07-14T14:52:31+00:00","og_image":[{"width":874,"height":590,"url":"https:\/\/www.quartix.com\/content\/uploads\/2024\/06\/US-Vehicle-Tracking-Screens.png","type":"image\/png"}],"twitter_card":"summary_large_image","twitter_site":"@QuartixUSA","twitter_misc":{"Est. reading time":"8 minutes"},"schema":{"@context":"https:\/\/schema.org","@graph":[{"@type":"WebPage","@id":"https:\/\/www.quartix.com\/es-es\/localizador-vehiculos-old\/","url":"https:\/\/www.quartix.com\/es-es\/localizador-vehiculos-old\/","name":"Sistema de seguimiento de veh\u00edculos para empresas","isPartOf":{"@id":"https:\/\/www.quartix.com\/es-es\/#website"},"primaryImageOfPage":{"@id":"https:\/\/www.quartix.com\/es-es\/localizador-vehiculos-old\/#primaryimage"},"image":{"@id":"https:\/\/www.quartix.com\/es-es\/localizador-vehiculos-old\/#primaryimage"},"thumbnailUrl":"https:\/\/www.quartix.com\/content\/uploads\/2024\/06\/US-Vehicle-Tracking-Screens.png","datePublished":"2019-02-14T14:56:52+00:00","dateModified":"2025-07-14T14:52:31+00:00","description":"El seguimiento de veh\u00edculos de Quartix le permite tomar el control de su flota, mejorar la eficiencia operativa y gestionar los costes, la seguridad y el tiempo. Saber m\u00e1s","breadcrumb":{"@id":"https:\/\/www.quartix.com\/es-es\/localizador-vehiculos-old\/#breadcrumb"},"inLanguage":"es-ES","potentialAction":[{"@type":"ReadAction","target":["https:\/\/www.quartix.com\/es-es\/localizador-vehiculos-old\/"]}]},{"@type":"ImageObject","inLanguage":"es-ES","@id":"https:\/\/www.quartix.com\/es-es\/localizador-vehiculos-old\/#primaryimage","url":"https:\/\/www.quartix.com\/content\/uploads\/2024\/06\/US-Vehicle-Tracking-Screens.png","contentUrl":"https:\/\/www.quartix.com\/content\/uploads\/2024\/06\/US-Vehicle-Tracking-Screens.png","width":874,"height":590,"caption":"US Vehicle Tracking Screens"},{"@type":"BreadcrumbList","@id":"https:\/\/www.quartix.com\/es-es\/localizador-vehiculos-old\/#breadcrumb","itemListElement":[{"@type":"ListItem","position":1,"name":"Inicio","item":"https:\/\/www.quartix.com\/es-es\/quartix-localizacion-de-vehiculos-en-tiempo-real\/"},{"@type":"ListItem","position":2,"name":"Localizador Vehiculos Old"}]},{"@type":"WebSite","@id":"https:\/\/www.quartix.com\/es-es\/#website","url":"https:\/\/www.quartix.com\/es-es\/","name":"Quartix","description":"Real-time vehicle tracking","publisher":{"@id":"https:\/\/www.quartix.com\/es-es\/#organization"},"potentialAction":[{"@type":"SearchAction","target":{"@type":"EntryPoint","urlTemplate":"https:\/\/www.quartix.com\/es-es\/?s={search_term_string}"},"query-input":{"@type":"PropertyValueSpecification","valueRequired":true,"valueName":"search_term_string"}}],"inLanguage":"es-ES"},{"@type":"Organization","@id":"https:\/\/www.quartix.com\/es-es\/#organization","name":"Quartix","url":"https:\/\/www.quartix.com\/es-es\/","logo":{"@type":"ImageObject","inLanguage":"es-ES","@id":"https:\/\/www.quartix.com\/es-es\/#\/schema\/logo\/image\/","url":"https:\/\/www.quartix.com\/content\/uploads\/2019\/02\/quartix-logo-eur.svg","contentUrl":"https:\/\/www.quartix.com\/content\/uploads\/2019\/02\/quartix-logo-eur.svg","width":1,"height":1,"caption":"Quartix"},"image":{"@id":"https:\/\/www.quartix.com\/es-es\/#\/schema\/logo\/image\/"},"sameAs":["https:\/\/www.facebook.com\/Quartix-USA-374426386097401\/","https:\/\/x.com\/QuartixUSA","https:\/\/www.linkedin.com\/company\/5346733\/","https:\/\/www.youtube.com\/channel\/UCzS-_GMfHF4kWiCheyIRrAQ"]}]}},"_links":{"self":[{"href":"https:\/\/www.quartix.com\/es-es\/wp-json\/wp\/v2\/pages\/10435","targetHints":{"allow":["GET"]}}],"collection":[{"href":"https:\/\/www.quartix.com\/es-es\/wp-json\/wp\/v2\/pages"}],"about":[{"href":"https:\/\/www.quartix.com\/es-es\/wp-json\/wp\/v2\/types\/page"}],"author":[{"embeddable":true,"href":"https:\/\/www.quartix.com\/es-es\/wp-json\/wp\/v2\/users\/12"}],"replies":[{"embeddable":true,"href":"https:\/\/www.quartix.com\/es-es\/wp-json\/wp\/v2\/comments?post=10435"}],"version-history":[{"count":2,"href":"https:\/\/www.quartix.com\/es-es\/wp-json\/wp\/v2\/pages\/10435\/revisions"}],"predecessor-version":[{"id":123643,"href":"https:\/\/www.quartix.com\/es-es\/wp-json\/wp\/v2\/pages\/10435\/revisions\/123643"}],"wp:featuredmedia":[{"embeddable":true,"href":"https:\/\/www.quartix.com\/es-es\/wp-json\/wp\/v2\/media\/106274"}],"wp:attachment":[{"href":"https:\/\/www.quartix.com\/es-es\/wp-json\/wp\/v2\/media?parent=10435"}],"wp:term":[{"taxonomy":"topic","embeddable":true,"href":"https:\/\/www.quartix.com\/es-es\/wp-json\/wp\/v2\/topic?post=10435"},{"taxonomy":"qtx_campaign","embeddable":true,"href":"https:\/\/www.quartix.com\/es-es\/wp-json\/wp\/v2\/qtx_campaign?post=10435"}],"curies":[{"name":"wp","href":"https:\/\/api.w.org\/{rel}","templated":true}]}}