{"id":10441,"date":"2019-01-18T13:42:38","date_gmt":"2019-01-18T13:42:38","guid":{"rendered":" https:\/\/www.quartix.com\/demo\/"},"modified":"2022-04-19T11:55:07","modified_gmt":"2022-04-19T10:55:07","slug":"demostracion","status":"publish","type":"page","link":"https:\/\/www.quartix.com\/es-es\/demostracion\/","title":{"rendered":"Demostraci\u00f3n"},"content":{"rendered":"\n<div class=\"wp-block-columns is-layout-flex wp-container-core-columns-is-layout-28f84493 wp-block-columns-is-layout-flex\">\n<div class=\"wp-block-column is-layout-flow wp-block-column-is-layout-flow\">\n<h2 class=\"wp-block-heading\">Pruebe Quartix ahora<\/h2>\n\n\n\n<p>Vea usted mismo c\u00f3mo funciona Quartix con su demostraci\u00f3n gratuita y en tiempo real.<\/p>\n\n\n\n<div class=\"wpcf7 no-js\" id=\"wpcf7-f73616-o1\" lang=\"es-ES\" dir=\"ltr\" data-wpcf7-id=\"73616\">\n<div class=\"screen-reader-response\"><p role=\"status\" aria-live=\"polite\" aria-atomic=\"true\"><\/p> <ul><\/ul><\/div>\n<form action=\"\/es-es\/wp-json\/wp\/v2\/pages\/10441#wpcf7-f73616-o1\" method=\"post\" class=\"wpcf7-form init\" aria-label=\"Contact form\" novalidate=\"novalidate\" data-status=\"init\">\n<fieldset class=\"hidden-fields-container\"><input type=\"hidden\" name=\"_wpcf7\" value=\"73616\" \/><input type=\"hidden\" name=\"_wpcf7_version\" value=\"6.1.5\" \/><input type=\"hidden\" name=\"_wpcf7_locale\" value=\"es_ES\" \/><input type=\"hidden\" name=\"_wpcf7_unit_tag\" value=\"wpcf7-f73616-o1\" \/><input type=\"hidden\" name=\"_wpcf7_container_post\" value=\"0\" \/><input type=\"hidden\" name=\"_wpcf7_posted_data_hash\" value=\"\" \/><input type=\"hidden\" name=\"_wpcf7cf_hidden_group_fields\" value=\"[]\" \/><input type=\"hidden\" name=\"_wpcf7cf_hidden_groups\" value=\"[]\" \/><input type=\"hidden\" name=\"_wpcf7cf_visible_groups\" value=\"[]\" \/><input type=\"hidden\" name=\"_wpcf7cf_repeaters\" value=\"[]\" \/><input type=\"hidden\" name=\"_wpcf7cf_steps\" value=\"{}\" \/><input type=\"hidden\" name=\"_wpcf7cf_options\" value=\"{&quot;form_id&quot;:73616,&quot;conditions&quot;:[],&quot;settings&quot;:{&quot;animation&quot;:&quot;yes&quot;,&quot;animation_intime&quot;:200,&quot;animation_outtime&quot;:200,&quot;conditions_ui&quot;:&quot;normal&quot;,&quot;notice_dismissed&quot;:false,&quot;notice_dismissed_update-cf7-6.0&quot;:true,&quot;notice_dismissed_update-cf7-6.0.1&quot;:true,&quot;notice_dismissed_update-cf7-6.0.2&quot;:true,&quot;notice_dismissed_rollback-cf7-6.0.5&quot;:true}}\" \/><input type=\"hidden\" name=\"_wpcf7_recaptcha_response\" value=\"\" \/>\n<\/fieldset>\n<div class=\"input-wrapper\"><span class=\"icon icon-face\"><\/span><span class=\"wpcf7-form-control-wrap\" data-name=\"first_name\"><input size=\"40\" maxlength=\"400\" class=\"wpcf7-form-control wpcf7-text wpcf7-validates-as-required\" aria-required=\"true\" aria-invalid=\"false\" placeholder=\"Nombre *\" value=\"\" type=\"text\" name=\"first_name\" \/><\/span><span class=\"wpcf7-form-control-wrap\" data-name=\"last_name\"><input size=\"40\" maxlength=\"400\" class=\"wpcf7-form-control wpcf7-text wpcf7-validates-as-required\" aria-required=\"true\" aria-invalid=\"false\" placeholder=\"Apellido *\" value=\"\" type=\"text\" name=\"last_name\" \/><\/span><\/div>\n<div class=\"input-wrapper\"><span class=\"icon icon-envelope\"><\/span><span class=\"wpcf7-form-control-wrap\" data-name=\"email\"><input size=\"40\" maxlength=\"400\" class=\"wpcf7-form-control wpcf7-email wpcf7-validates-as-required wpcf7-text wpcf7-validates-as-email\" aria-required=\"true\" aria-invalid=\"false\" placeholder=\"Correo electr\u00f3nico *\" value=\"\" type=\"email\" name=\"email\" \/><\/span><\/div>\n<div class=\"input-wrapper\"><span class=\"icon icon-company\"><\/span><span class=\"wpcf7-form-control-wrap\" data-name=\"company\"><input size=\"40\" maxlength=\"400\" class=\"wpcf7-form-control wpcf7-text wpcf7-validates-as-required\" aria-required=\"true\" aria-invalid=\"false\" placeholder=\"Empresa *\" value=\"\" type=\"text\" name=\"company\" \/><\/span><\/div>\n<div class=\"input-wrapper\"><span class=\"icon icon-telephone\"><\/span><span class=\"wpcf7-form-control-wrap\" data-name=\"phone\"><input size=\"40\" maxlength=\"400\" class=\"wpcf7-form-control wpcf7-tel wpcf7-validates-as-required wpcf7-text wpcf7-validates-as-tel\" aria-required=\"true\" aria-invalid=\"false\" placeholder=\"Tel\u00e9fono *\" value=\"\" type=\"tel\" name=\"phone\" \/><\/span><\/div>\n<div class=\"input-wrapper\"><span class=\"icon icon-vehicles\"><\/span><span class=\"wpcf7-form-control-wrap\" data-name=\"number_of_vehicles\"><input class=\"wpcf7-form-control wpcf7-number wpcf7-validates-as-required wpcf7-validates-as-number\" min=\"1\" aria-required=\"true\" aria-invalid=\"false\" placeholder=\"N\u00famero de veh\u00edculos *\" value=\"\" type=\"number\" name=\"number_of_vehicles\" \/><\/span><\/div>\n\n<input type=\"hidden\" name=\"thankyouURL\" value=\"\/es-es\/agradecimiento-solicitud-de-demo\/\" class=\"wpcf7-form-control wpcf7-hidden\" id=\"thankyouURL\">\n<input type=\"hidden\" name=\"pardot_extra_field\" value=\"\" class=\"wpcf7-form-control wpcf7-hidden\">\n<input type=\"hidden\" name=\"page_title\" value=\"No post title\" class=\"wpcf7-form-control wpcf7-hidden\">\n<div class=\"recatpcha-text\">Este sitio est\u00e1 protegido por reCAPTCHA y se aplican la <a href=\"https:\/\/policies.google.com\/privacy?hl=es\">Pol\u00edtica de privacidad<\/a> y los <a href=\"https:\/\/policies.google.com\/terms?hl=es\">T\u00e9rminos de servicio<\/a> de Google.<\/div>\n<div class=\"input-wrapper\"><input class=\"wpcf7-form-control wpcf7-submit has-spinner icon-plane\" type=\"submit\" value=\"Env\u00edenme el enlace al demo\" \/><\/div><div class=\"wpcf7-response-output\" aria-hidden=\"true\"><\/div>\n<\/form>\n<\/div>\n\n\n\n\n<p>Ponga nuestro sistema a prueba con la demostraci\u00f3n gratuita<\/p>\n<\/div>\n\n\n\n<div class=\"wp-block-column is-layout-flow wp-block-column-is-layout-flow\">\n<figure class=\"wp-block-image size-full is-resized\"><img loading=\"lazy\" decoding=\"async\" src=\" https:\/\/www.quartix.com\/content\/uploads\/2020\/08\/ES_live-tracking-piece.png\" alt=\"live tracking quartix\" class=\"wp-image-43943\" width=\"280\" height=\"236\" srcset=\"https:\/\/www.quartix.com\/content\/uploads\/2020\/08\/ES_live-tracking-piece.png 564w, https:\/\/www.quartix.com\/content\/uploads\/2020\/08\/ES_live-tracking-piece-300x254.png 300w\" sizes=\"auto, (max-width: 280px) 100vw, 280px\" \/><\/figure>\n\n\n\r\n<section  class=\"qtx-pagebuilder-section qtx-pagebuilder-section-list \">\r\n<ul class='ticks fa-ul' style=''><li><span class='fa-li'><i class='fas fa-check-circle'><\/i><\/span>Seguimiento en tiempo real de la posici\u00f3n de los veh\u00edculos<\/li><li><span class='fa-li'><i class='fas fa-check-circle'><\/i><\/span>Revisar datos hist\u00f3ricos de rastreo<\/li><li><span class='fa-li'><i class='fas fa-check-circle'><\/i><\/span>Recibir informes de control detallados<\/li><li><span class='fa-li'><i class='fas fa-check-circle'><\/i><\/span>Comprobar posiciones en la tabla de Clasificaci\u00f3n del conductor<\/li><li><span class='fa-li'><i class='fas fa-check-circle'><\/i><\/span>Obtener alertas para movimientos no autorizados<\/li><\/ul><\/section><\/div>\n<\/div>\n","protected":false},"excerpt":{"rendered":"<p>Pruebe Quartix ahora Vea usted mismo c\u00f3mo funciona Quartix con su demostraci\u00f3n gratuita y en tiempo real. Ponga nuestro sistema a prueba con la demostraci\u00f3n gratuita<\/p>\n","protected":false},"author":12,"featured_media":0,"parent":0,"menu_order":400,"comment_status":"closed","ping_status":"closed","template":"","meta":{"_acf_changed":false,"inline_featured_image":false,"footnotes":""},"topic":[],"qtx_campaign":[],"class_list":["post-10441","page","type-page","status-publish","hentry"],"acf":[],"yoast_head":"<!-- This site is optimized with the Yoast SEO Premium plugin v27.2 (Yoast SEO v27.2) - https:\/\/yoast.com\/product\/yoast-seo-premium-wordpress\/ -->\n<title>Obtenga una demostraci\u00f3n del software de monitoreo vehicular - ES<\/title>\n<meta name=\"description\" content=\"Obtenga una demostraci\u00f3n gratuita y sin obligaciones de nuestro software de monitoreo vehicular. Conozca nuestro sistema usando una sesi\u00f3n de inicio de demostraci\u00f3n, o con la ayuda de uno de nuestros expertos...\" \/>\n<meta name=\"robots\" content=\"index, follow, max-snippet:-1, max-image-preview:large, max-video-preview:-1\" \/>\n<link rel=\"canonical\" href=\"https:\/\/www.quartix.com\/es-es\/demostracion\/\" \/>\n<meta property=\"og:locale\" content=\"es_ES\" \/>\n<meta property=\"og:type\" content=\"article\" \/>\n<meta property=\"og:title\" content=\"Demostraci\u00f3n\" \/>\n<meta property=\"og:description\" content=\"Obtenga una demostraci\u00f3n gratuita y sin obligaciones de nuestro software de monitoreo vehicular. Conozca nuestro sistema usando una sesi\u00f3n de inicio de demostraci\u00f3n, o con la ayuda de uno de nuestros expertos...\" \/>\n<meta property=\"og:url\" content=\"https:\/\/www.quartix.com\/es-es\/demostracion\/\" \/>\n<meta property=\"og:site_name\" content=\"Quartix\" \/>\n<meta property=\"article:publisher\" content=\"https:\/\/www.facebook.com\/Quartix-USA-374426386097401\/\" \/>\n<meta property=\"article:modified_time\" content=\"2022-04-19T10:55:07+00:00\" \/>\n<meta name=\"twitter:card\" content=\"summary_large_image\" \/>\n<meta name=\"twitter:site\" content=\"@QuartixUSA\" \/>\n<meta name=\"twitter:label1\" content=\"Est. reading time\" \/>\n\t<meta name=\"twitter:data1\" content=\"1 minute\" \/>\n<!-- \/ Yoast SEO Premium plugin. -->","yoast_head_json":{"title":"Obtenga una demostraci\u00f3n del software de monitoreo vehicular - ES","description":"Obtenga una demostraci\u00f3n gratuita y sin obligaciones de nuestro software de monitoreo vehicular. Conozca nuestro sistema usando una sesi\u00f3n de inicio de demostraci\u00f3n, o con la ayuda de uno de nuestros expertos...","robots":{"index":"index","follow":"follow","max-snippet":"max-snippet:-1","max-image-preview":"max-image-preview:large","max-video-preview":"max-video-preview:-1"},"canonical":"https:\/\/www.quartix.com\/es-es\/demostracion\/","og_locale":"es_ES","og_type":"article","og_title":"Demostraci\u00f3n","og_description":"Obtenga una demostraci\u00f3n gratuita y sin obligaciones de nuestro software de monitoreo vehicular. Conozca nuestro sistema usando una sesi\u00f3n de inicio de demostraci\u00f3n, o con la ayuda de uno de nuestros expertos...","og_url":"https:\/\/www.quartix.com\/es-es\/demostracion\/","og_site_name":"Quartix","article_publisher":"https:\/\/www.facebook.com\/Quartix-USA-374426386097401\/","article_modified_time":"2022-04-19T10:55:07+00:00","twitter_card":"summary_large_image","twitter_site":"@QuartixUSA","twitter_misc":{"Est. reading time":"1 minute"},"schema":{"@context":"https:\/\/schema.org","@graph":[{"@type":"WebPage","@id":"https:\/\/www.quartix.com\/es-es\/demostracion\/","url":"https:\/\/www.quartix.com\/es-es\/demostracion\/","name":"Obtenga una demostraci\u00f3n del software de monitoreo vehicular","isPartOf":{"@id":"https:\/\/www.quartix.com\/es-es\/#website"},"datePublished":"2019-01-18T13:42:38+00:00","dateModified":"2022-04-19T10:55:07+00:00","description":"Obtenga una demostraci\u00f3n gratuita y sin obligaciones de nuestro software de monitoreo vehicular. Conozca nuestro sistema usando una sesi\u00f3n de inicio de demostraci\u00f3n, o con la ayuda de uno de nuestros expertos...","breadcrumb":{"@id":"https:\/\/www.quartix.com\/es-es\/demostracion\/#breadcrumb"},"inLanguage":"es-ES","potentialAction":[{"@type":"ReadAction","target":["https:\/\/www.quartix.com\/es-es\/demostracion\/"]}]},{"@type":"BreadcrumbList","@id":"https:\/\/www.quartix.com\/es-es\/demostracion\/#breadcrumb","itemListElement":[{"@type":"ListItem","position":1,"name":"Inicio","item":"https:\/\/www.quartix.com\/es-es\/quartix-localizacion-de-vehiculos-en-tiempo-real\/"},{"@type":"ListItem","position":2,"name":"Demostraci\u00f3n"}]},{"@type":"WebSite","@id":"https:\/\/www.quartix.com\/es-es\/#website","url":"https:\/\/www.quartix.com\/es-es\/","name":"Quartix","description":"Real-time vehicle tracking","publisher":{"@id":"https:\/\/www.quartix.com\/es-es\/#organization"},"potentialAction":[{"@type":"SearchAction","target":{"@type":"EntryPoint","urlTemplate":"https:\/\/www.quartix.com\/es-es\/?s={search_term_string}"},"query-input":{"@type":"PropertyValueSpecification","valueRequired":true,"valueName":"search_term_string"}}],"inLanguage":"es-ES"},{"@type":"Organization","@id":"https:\/\/www.quartix.com\/es-es\/#organization","name":"Quartix","url":"https:\/\/www.quartix.com\/es-es\/","logo":{"@type":"ImageObject","inLanguage":"es-ES","@id":"https:\/\/www.quartix.com\/es-es\/#\/schema\/logo\/image\/","url":"https:\/\/www.quartix.com\/content\/uploads\/2019\/02\/quartix-logo-eur.svg","contentUrl":"https:\/\/www.quartix.com\/content\/uploads\/2019\/02\/quartix-logo-eur.svg","width":1,"height":1,"caption":"Quartix"},"image":{"@id":"https:\/\/www.quartix.com\/es-es\/#\/schema\/logo\/image\/"},"sameAs":["https:\/\/www.facebook.com\/Quartix-USA-374426386097401\/","https:\/\/x.com\/QuartixUSA","https:\/\/www.linkedin.com\/company\/5346733\/","https:\/\/www.youtube.com\/channel\/UCzS-_GMfHF4kWiCheyIRrAQ"]}]}},"_links":{"self":[{"href":"https:\/\/www.quartix.com\/es-es\/wp-json\/wp\/v2\/pages\/10441","targetHints":{"allow":["GET"]}}],"collection":[{"href":"https:\/\/www.quartix.com\/es-es\/wp-json\/wp\/v2\/pages"}],"about":[{"href":"https:\/\/www.quartix.com\/es-es\/wp-json\/wp\/v2\/types\/page"}],"author":[{"embeddable":true,"href":"https:\/\/www.quartix.com\/es-es\/wp-json\/wp\/v2\/users\/12"}],"replies":[{"embeddable":true,"href":"https:\/\/www.quartix.com\/es-es\/wp-json\/wp\/v2\/comments?post=10441"}],"version-history":[{"count":0,"href":"https:\/\/www.quartix.com\/es-es\/wp-json\/wp\/v2\/pages\/10441\/revisions"}],"wp:attachment":[{"href":"https:\/\/www.quartix.com\/es-es\/wp-json\/wp\/v2\/media?parent=10441"}],"wp:term":[{"taxonomy":"topic","embeddable":true,"href":"https:\/\/www.quartix.com\/es-es\/wp-json\/wp\/v2\/topic?post=10441"},{"taxonomy":"qtx_campaign","embeddable":true,"href":"https:\/\/www.quartix.com\/es-es\/wp-json\/wp\/v2\/qtx_campaign?post=10441"}],"curies":[{"name":"wp","href":"https:\/\/api.w.org\/{rel}","templated":true}]}}