{"id":107206,"date":"2024-07-03T15:18:32","date_gmt":"2024-07-03T14:18:32","guid":{"rendered":"https:\/\/www.quartix.com\/?page_id=107206"},"modified":"2024-07-05T14:03:56","modified_gmt":"2024-07-05T13:03:56","slug":"beneficios-para-conductores","status":"publish","type":"page","link":"https:\/\/www.quartix.com\/es-es\/beneficios-para-conductores\/","title":{"rendered":"Beneficios de la telem\u00e1tica para los conductores: Convierte a los esc\u00e9pticos en creyentes"},"content":{"rendered":"\r\n<div   class=\"hero-block bighero\">\r\n    <img loading=\"lazy\" decoding=\"async\" width=\"1920\" height=\"787\" src=\"https:\/\/www.quartix.com\/content\/uploads\/2024\/02\/Driver-at-wheel-header-image.png\" class=\"\" alt=\"\" \/>                <div class=\"hero-overlay\"><\/div>\r\n            \r\n\r\n\r\n    <div class=\"hero-content \">\r\n        <div class=\"inner limited-width\">\r\n                                                <h1 class=\"title\">Beneficios de la telem\u00e1tica para los conductores: C\u00f3mo Superar el Escepticismo<\/h1>\r\n                                <p class=\"text\">Entiende c\u00f3mo un sistema de seguimiento de veh\u00edculos puede ser una herramienta valiosa no solo para tu negocio, sino tambi\u00e9n para tus conductores.<\/p>                                        <div class=\"buttons\">\r\n                    <a href=\"#1\" class=\"btn btn-green btn-inline\" target=\"_blank\" title=\"M\u00e1s informaci\u00f3n\">M\u00e1s informaci\u00f3n<\/a>\r\n                <\/div>\r\n                    <\/div>\r\n    <\/div>\r\n<\/div>\n\n\r\n<div   class=\"hero-block smallhero\">\r\n            <div class=\"hero-overlay greybg\"><\/div>\r\n    \r\n\r\n\r\n    <div class=\"hero-content greybg noimage\">\r\n        <div class=\"inner\">\r\n                            <p class=\"title stylelikeh3\">&#8220;Para nosotros ha sido muy importante poder mantener un control m\u00e1s exhaustivo sin necesidad de molestar continuamente a los conductores.&#8221;<\/p>                <div class=\"author\"><p><a href=\"https:\/\/www.quartix.com\/es-es\/estudios-de-caso\/autocares-vinuela\/\" target=\"_blank\" rel=\"noopener\">Jos\u00e9 Vi\u00f1uela, Autocares Vi\u00f1uela<\/a><\/p>\n<\/div>                                <\/div>\r\n    <\/div>\r\n<\/div>\n\n\r\n\r\n        <div id=\"1\"  class=\"landingpageouter\" style=\"background-color:#ffffff ;\">\r\n        <div class=\"landingpagecolsblock twocols4060 \">\r\n            <div class=\"col1\">\r\n                <p class=\"pre-title\">PROTECCI\u00d3N<\/p>                <h2 class=\"\">Protege a tus conductores contra reclamaciones falsas<\/h2>                <div class='wysiwyg'><p>Un sistema de seguimiento de veh\u00edculos es un testigo silencioso del lado de tu conductor; puede protegerlo de reclamaciones falsas de exceso de velocidad, conducci\u00f3n peligrosa o incluso da\u00f1os a la propiedad. Ya sea que est\u00e9s lidiando con quejas de tus clientes, del p\u00fablico, o necesites probar que un accidente no fue culpa de tu conductor, tu sistema telem\u00e1tico te proporciona todas las pruebas necesarias para proteger a tu personal.<\/p>\n<p><a href=\"https:\/\/www.quartix.com\/es-es\/los-beneficios-del-rastreo-de-vehiculos-para-los-conductores\/\" target=\"_blank\" rel=\"noopener\">Descarga la gu\u00eda<\/a><\/p>\n<\/div>            <\/div>\r\n            <div class=\"col2\">\r\n                <div class=\"responsivemedia\"><img loading=\"lazy\" decoding=\"async\" width=\"640\" height=\"640\" src=\"https:\/\/www.quartix.com\/content\/uploads\/2023\/10\/man-working-on-vehicle-tracking-laws-768x768.png\" class=\"\" alt=\"\" srcset=\"https:\/\/www.quartix.com\/content\/uploads\/2023\/10\/man-working-on-vehicle-tracking-laws-768x768.png 768w, https:\/\/www.quartix.com\/content\/uploads\/2023\/10\/man-working-on-vehicle-tracking-laws-300x300.png 300w, https:\/\/www.quartix.com\/content\/uploads\/2023\/10\/man-working-on-vehicle-tracking-laws-1000x1000.png 1000w, https:\/\/www.quartix.com\/content\/uploads\/2023\/10\/man-working-on-vehicle-tracking-laws-150x150.png 150w, https:\/\/www.quartix.com\/content\/uploads\/2023\/10\/man-working-on-vehicle-tracking-laws-1080x1080.png 1080w, https:\/\/www.quartix.com\/content\/uploads\/2023\/10\/man-working-on-vehicle-tracking-laws.png 1200w\" sizes=\"auto, (max-width: 640px) 100vw, 640px\" \/><\/div>            <\/div>\r\n                        <\/div>\r\n    <\/div>\r\n\r\n\r\n\n\n\r\n\r\n        <div  class=\"landingpageouter\" style=\"background-color:#ffffff ;\">\r\n        <div class=\"landingpagecolsblock twocols4060 swap-content\">\r\n            <div class=\"col1\">\r\n                <p class=\"pre-title\">ASISTENCIA DE EMERGENCIA<\/p>                <h2 class=\"\">Env\u00eda ayuda de forma r\u00e1pida a la ubicaci\u00f3n exacta de tu compa\u00f1ero de equipo.<\/h2>                <div class='wysiwyg'><p>A veces tus conductores pueden encontrarse en situaciones dif\u00edciles, especialmente cuando trabajan solos y no hay nadie cerca a quien alertar. La capacidad de localizar su posici\u00f3n en caso de emergencia es crucial y puede ser de una gran importancia. Nuestros casos de \u00e9xito muestran numerosos ejemplos en los que el sistema de seguimiento Quartix ha sido de gran ayuda.<\/p>\n<p><a href=\"https:\/\/www.quartix.com\/es-es\/mas-informacion\/estudios-de-caso\/\" target=\"_blank\" rel=\"noopener\">Ver historias de clientes<\/a><\/p>\n<\/div>            <\/div>\r\n            <div class=\"col2\">\r\n                <div class=\"responsivemedia\"><img loading=\"lazy\" decoding=\"async\" width=\"640\" height=\"427\" src=\"https:\/\/www.quartix.com\/content\/uploads\/2023\/05\/utlilities-telecoms-electrician-768x512.jpg\" class=\"\" alt=\"\" srcset=\"https:\/\/www.quartix.com\/content\/uploads\/2023\/05\/utlilities-telecoms-electrician-768x512.jpg 768w, https:\/\/www.quartix.com\/content\/uploads\/2023\/05\/utlilities-telecoms-electrician-300x200.jpg 300w, https:\/\/www.quartix.com\/content\/uploads\/2023\/05\/utlilities-telecoms-electrician.jpg 800w\" sizes=\"auto, (max-width: 640px) 100vw, 640px\" \/><\/div>            <\/div>\r\n                        <\/div>\r\n    <\/div>\r\n\r\n\r\n\n\n\r\n\r\n        <div id=\"video\"  class=\"landingpageouter\" style=\"background-color:#ffffff ;\">\r\n        <div class=\"landingpagecolsblock twocols4060 \">\r\n            <div class=\"col1\">\r\n                <p class=\"pre-title\">CONDUCCI\u00d3N SEGURA<\/p>                <h2 class=\"\">Fomentando t\u00e9cnicas de conducci\u00f3n m\u00e1s seguras<\/h2>                <div class='wysiwyg'><p>Descubre c\u00f3mo los datos de seguimiento de veh\u00edculos pueden convertirse en acciones concretas para promover pr\u00e1cticas de conducci\u00f3n segura, asegurando la protecci\u00f3n de tus conductores y de los dem\u00e1s en la carretera.<\/p>\n<p><a href=\"https:\/\/www.quartix.com\/es-es\/localizador-vehiculos\/estilo-de-conduccion\/\" target=\"_blank\" rel=\"noopener\">M\u00e1s informaci\u00f3n<\/a><\/p>\n<\/div>            <\/div>\r\n            <div class=\"col2\">\r\n                <div class=\"responsivemedia\"><img loading=\"lazy\" decoding=\"async\" width=\"456\" height=\"305\" src=\"https:\/\/www.quartix.com\/content\/uploads\/2024\/05\/Driver-in-vehicle-US.png\" class=\"\" alt=\"Driver in vehicle USA\" srcset=\"https:\/\/www.quartix.com\/content\/uploads\/2024\/05\/Driver-in-vehicle-US.png 456w, https:\/\/www.quartix.com\/content\/uploads\/2024\/05\/Driver-in-vehicle-US-300x201.png 300w\" sizes=\"auto, (max-width: 456px) 100vw, 456px\" \/><\/div>            <\/div>\r\n                        <\/div>\r\n    <\/div>\r\n\r\n\r\n\n\n\r\n\r\n        <div id=\"video\"  class=\"landingpageouter\" style=\"background-color:#ffffff ;\">\r\n        <div class=\"landingpagecolsblock twocols4060 swap-content\">\r\n            <div class=\"col1\">\r\n                <p class=\"pre-title\">ASISTENCIA<\/p>                <h2 class=\"\">Validaci\u00f3n de horas trabajadas para una compensaci\u00f3n justa<\/h2>                <div class='wysiwyg'><p>Con un sistema de seguimiento de veh\u00edculos proporcionando informaci\u00f3n concreta, descubre c\u00f3mo evitar inconsistencias en las horas trabajadas, hojas de tiempo o facturas, asegurando que tus conductores sepan que est\u00e1n siendo remunerados correctamente.<\/p>\n<p><a href=\"https:\/\/www.quartix.com\/es-es\/localizador-vehiculos\/estilo-de-conduccion\/\" target=\"_blank\" rel=\"noopener\">Descarga la gu\u00eda<\/a><\/p>\n<\/div>            <\/div>\r\n            <div class=\"col2\">\r\n                <div class=\"responsivemedia\"><img loading=\"lazy\" decoding=\"async\" width=\"500\" height=\"333\" src=\"https:\/\/www.quartix.com\/content\/uploads\/2023\/07\/vehicle-tracking-traffic-from-above.jpg\" class=\"\" alt=\"\" srcset=\"https:\/\/www.quartix.com\/content\/uploads\/2023\/07\/vehicle-tracking-traffic-from-above.jpg 500w, https:\/\/www.quartix.com\/content\/uploads\/2023\/07\/vehicle-tracking-traffic-from-above-300x200.jpg 300w\" sizes=\"auto, (max-width: 500px) 100vw, 500px\" \/><\/div>            <\/div>\r\n                        <\/div>\r\n    <\/div>\r\n\r\n\r\n\n\n\n<div class=\"wp-block-columns is-layout-flex wp-container-core-columns-is-layout-28f84493 wp-block-columns-is-layout-flex\">\n<div class=\"wp-block-column is-layout-flow wp-block-column-is-layout-flow\" id=\"form\">\n<h2 class=\"wp-block-heading\" id=\"form\">\u00bfListo para mejorar tu flota? \u00a1Ponte en contacto!<\/h2>\n\n\n\n<p>Deja tus datos a continuaci\u00f3n y nuestro equipo se pondr\u00e1 en contacto para discutir una cotizaci\u00f3n personalizada que se ajuste a los objetivos espec\u00edficos de tu flota.<\/p>\n\n\n\n<div class=\"wpcf7 no-js\" id=\"wpcf7-f73729-o1\" lang=\"es-ES\" dir=\"ltr\" data-wpcf7-id=\"73729\">\n<div class=\"screen-reader-response\"><p role=\"status\" aria-live=\"polite\" aria-atomic=\"true\"><\/p> <ul><\/ul><\/div>\n<form action=\"\/es-es\/wp-json\/wp\/v2\/pages\/107206#wpcf7-f73729-o1\" method=\"post\" class=\"wpcf7-form init\" aria-label=\"Contact form\" novalidate=\"novalidate\" data-status=\"init\">\n<fieldset class=\"hidden-fields-container\"><input type=\"hidden\" name=\"_wpcf7\" value=\"73729\" \/><input type=\"hidden\" name=\"_wpcf7_version\" value=\"6.1.5\" \/><input type=\"hidden\" name=\"_wpcf7_locale\" value=\"es_ES\" \/><input type=\"hidden\" name=\"_wpcf7_unit_tag\" value=\"wpcf7-f73729-o1\" \/><input type=\"hidden\" name=\"_wpcf7_container_post\" value=\"0\" \/><input type=\"hidden\" name=\"_wpcf7_posted_data_hash\" value=\"\" \/><input type=\"hidden\" name=\"_wpcf7cf_hidden_group_fields\" value=\"[]\" \/><input type=\"hidden\" name=\"_wpcf7cf_hidden_groups\" value=\"[]\" \/><input type=\"hidden\" name=\"_wpcf7cf_visible_groups\" value=\"[]\" \/><input type=\"hidden\" name=\"_wpcf7cf_repeaters\" value=\"[]\" \/><input type=\"hidden\" name=\"_wpcf7cf_steps\" value=\"{}\" \/><input type=\"hidden\" name=\"_wpcf7cf_options\" value=\"{&quot;form_id&quot;:73729,&quot;conditions&quot;:[],&quot;settings&quot;:{&quot;animation&quot;:&quot;yes&quot;,&quot;animation_intime&quot;:200,&quot;animation_outtime&quot;:200,&quot;conditions_ui&quot;:&quot;normal&quot;,&quot;notice_dismissed&quot;:false,&quot;notice_dismissed_update-cf7-6.0&quot;:true,&quot;notice_dismissed_update-cf7-6.0.1&quot;:true,&quot;notice_dismissed_update-cf7-6.0.2&quot;:true,&quot;notice_dismissed_rollback-cf7-6.0.5&quot;:true}}\" \/><input type=\"hidden\" name=\"_wpcf7_recaptcha_response\" value=\"\" \/>\n<\/fieldset>\n<div class=\"input-wrapper\"><span class=\"icon icon-face\"><\/span><span class=\"wpcf7-form-control-wrap\" data-name=\"first_name\"><input size=\"40\" maxlength=\"400\" class=\"wpcf7-form-control wpcf7-text wpcf7-validates-as-required\" aria-required=\"true\" aria-invalid=\"false\" placeholder=\"Nombre *\" value=\"\" type=\"text\" name=\"first_name\" \/><\/span><span class=\"wpcf7-form-control-wrap\" data-name=\"last_name\"><input size=\"40\" maxlength=\"400\" class=\"wpcf7-form-control wpcf7-text wpcf7-validates-as-required\" aria-required=\"true\" aria-invalid=\"false\" placeholder=\"Apellido *\" value=\"\" type=\"text\" name=\"last_name\" \/><\/span><\/div>\n<div class=\"input-wrapper\"><span class=\"icon icon-envelope\"><\/span><span class=\"wpcf7-form-control-wrap\" data-name=\"email\"><input size=\"40\" maxlength=\"400\" class=\"wpcf7-form-control wpcf7-email wpcf7-validates-as-required wpcf7-text wpcf7-validates-as-email\" aria-required=\"true\" aria-invalid=\"false\" placeholder=\"Correo electr\u00f3nico *\" value=\"\" type=\"email\" name=\"email\" \/><\/span><\/div>\n<div class=\"input-wrapper\"><span class=\"icon icon-company\"><\/span><span class=\"wpcf7-form-control-wrap\" data-name=\"company\"><input size=\"40\" maxlength=\"400\" class=\"wpcf7-form-control wpcf7-text wpcf7-validates-as-required\" aria-required=\"true\" aria-invalid=\"false\" placeholder=\"Empresa *\" value=\"\" type=\"text\" name=\"company\" \/><\/span><\/div>\n<div class=\"input-wrapper\"><span class=\"icon icon-telephone\"><\/span><span class=\"wpcf7-form-control-wrap\" data-name=\"phone\"><input size=\"40\" maxlength=\"400\" class=\"wpcf7-form-control wpcf7-tel wpcf7-validates-as-required wpcf7-text wpcf7-validates-as-tel\" aria-required=\"true\" aria-invalid=\"false\" placeholder=\"Tel\u00e9fono *\" value=\"\" type=\"tel\" name=\"phone\" \/><\/span><\/div>\n<div class=\"input-wrapper\"><span class=\"icon icon-vehicles\"><\/span><span class=\"wpcf7-form-control-wrap\" data-name=\"number_of_vehicles\"><input class=\"wpcf7-form-control wpcf7-number wpcf7-validates-as-required wpcf7-validates-as-number\" min=\"1\" aria-required=\"true\" aria-invalid=\"false\" placeholder=\"N\u00famero de veh\u00edculos *\" value=\"\" type=\"number\" name=\"number_of_vehicles\" \/><\/span><\/div>\n\n<input type=\"hidden\" name=\"thankyouURL\" value=\"\/es-es\/solicitud-de-cotizacion-recibida\/\" class=\"wpcf7-form-control wpcf7-hidden\" id=\"thankyouURL\">\n<input type=\"hidden\" name=\"pardot_extra_field\" value=\"\" class=\"wpcf7-form-control wpcf7-hidden\">\n<input type=\"hidden\" name=\"page_title\" value=\"No post title\" class=\"wpcf7-form-control wpcf7-hidden\">\n<div class=\"recatpcha-text\">Este sitio est\u00e1 protegido por reCAPTCHA y se aplican la <a href=\"https:\/\/policies.google.com\/privacy?hl=es\">Pol\u00edtica de privacidad<\/a> y los <a href=\"https:\/\/policies.google.com\/terms?hl=es\">T\u00e9rminos de servicio<\/a> de Google.<\/div>\n<div class=\"input-wrapper\"><input class=\"wpcf7-form-control wpcf7-submit has-spinner icon-plane\" type=\"submit\" value=\"Obtener presupuesto\" \/><\/div><div class=\"wpcf7-response-output\" aria-hidden=\"true\"><\/div>\n<\/form>\n<\/div>\n\n\n\n\n<p><\/p>\n<\/div>\n\n\n\n<div class=\"wp-block-column is-layout-flow wp-block-column-is-layout-flow\">\n<figure class=\"wp-block-image aligncenter size-full\"><img loading=\"lazy\" decoding=\"async\" width=\"2169\" height=\"1440\" src=\"https:\/\/www.quartix.com\/content\/uploads\/2024\/05\/ES-live-tracking-clusters.png\" alt=\"\" class=\"wp-image-104060\" srcset=\"https:\/\/www.quartix.com\/content\/uploads\/2024\/05\/ES-live-tracking-clusters.png 2169w, https:\/\/www.quartix.com\/content\/uploads\/2024\/05\/ES-live-tracking-clusters-300x199.png 300w, https:\/\/www.quartix.com\/content\/uploads\/2024\/05\/ES-live-tracking-clusters-1000x664.png 1000w, https:\/\/www.quartix.com\/content\/uploads\/2024\/05\/ES-live-tracking-clusters-768x510.png 768w, https:\/\/www.quartix.com\/content\/uploads\/2024\/05\/ES-live-tracking-clusters-1536x1020.png 1536w, https:\/\/www.quartix.com\/content\/uploads\/2024\/05\/ES-live-tracking-clusters-2048x1360.png 2048w, https:\/\/www.quartix.com\/content\/uploads\/2024\/05\/ES-live-tracking-clusters-1627x1080.png 1627w\" sizes=\"auto, (max-width: 2169px) 100vw, 2169px\" \/><\/figure>\n\n\n\n<figure class=\"wp-block-image aligncenter size-full is-resized\"><img loading=\"lazy\" decoding=\"async\" width=\"496\" height=\"370\" src=\" https:\/\/www.quartix.com\/content\/uploads\/2023\/12\/trustpilot-1.png\" alt=\"\" class=\"wp-image-95991\" style=\"width:200px\"\/><\/figure>\n<\/div>\n<\/div>\n\n\n\r\n<div   class=\"hero-block smallhero\">\r\n    <img loading=\"lazy\" decoding=\"async\" width=\"1920\" height=\"684\" src=\"https:\/\/www.quartix.com\/content\/uploads\/2023\/09\/Van-fleet.png\" class=\"\" alt=\"\" srcset=\"https:\/\/www.quartix.com\/content\/uploads\/2023\/09\/Van-fleet.png 1920w, https:\/\/www.quartix.com\/content\/uploads\/2023\/09\/Van-fleet-300x107.png 300w, https:\/\/www.quartix.com\/content\/uploads\/2023\/09\/Van-fleet-1000x356.png 1000w, https:\/\/www.quartix.com\/content\/uploads\/2023\/09\/Van-fleet-768x274.png 768w, https:\/\/www.quartix.com\/content\/uploads\/2023\/09\/Van-fleet-1536x547.png 1536w\" sizes=\"auto, (max-width: 1920px) 100vw, 1920px\" \/>                <div class=\"hero-overlay\"><\/div>\r\n            \r\n\r\n\r\n    <div class=\"hero-content \">\r\n        <div class=\"inner\">\r\n                            <p class=\"title stylelikeh3\">\u00bfPrefieres hablar? Ll\u00e1manos hoy al 900 838 747<\/p>                                                        <div class=\"buttons\">\r\n                    <a href=\"tel:+34900838747\" class=\"btn btn-green btn-inline\"  title=\"Ll\u00e1mame ahora\">Ll\u00e1mame ahora<\/a>\r\n                <\/div>\r\n                    <\/div>\r\n    <\/div>\r\n<\/div>","protected":false},"excerpt":{"rendered":"<p>\u00bfListo para mejorar tu flota? \u00a1Ponte en contacto! Deja tus datos a continuaci\u00f3n y nuestro equipo se pondr\u00e1 en contacto para discutir una cotizaci\u00f3n personalizada que se ajuste a los objetivos espec\u00edficos de tu flota.<\/p>\n","protected":false},"author":12,"featured_media":102904,"parent":0,"menu_order":0,"comment_status":"closed","ping_status":"closed","template":"templates\/landing-pagebuilder.php","meta":{"_acf_changed":false,"inline_featured_image":false,"footnotes":""},"topic":[],"qtx_campaign":[],"class_list":["post-107206","page","type-page","status-publish","has-post-thumbnail","hentry"],"acf":[],"yoast_head":"<!-- This site is optimized with the Yoast SEO Premium plugin v27.3 (Yoast SEO v27.3) - https:\/\/yoast.com\/product\/yoast-seo-premium-wordpress\/ -->\n<title>Beneficios de la telem\u00e1tica para los conductores: Convierte a los esc\u00e9pticos en creyentes - ES<\/title>\n<meta name=\"description\" content=\"Entiende c\u00f3mo un sistema de seguimiento de veh\u00edculos puede ser una herramienta valiosa no solo para tu negocio, sino tambi\u00e9n para tus conductores.\" \/>\n<meta name=\"robots\" content=\"index, follow, max-snippet:-1, max-image-preview:large, max-video-preview:-1\" \/>\n<link rel=\"canonical\" href=\"https:\/\/www.quartix.com\/es-es\/beneficios-para-conductores\/\" \/>\n<meta property=\"og:locale\" content=\"es_ES\" \/>\n<meta property=\"og:type\" content=\"article\" \/>\n<meta property=\"og:title\" content=\"Beneficios de la telem\u00e1tica para los conductores: Convierte a los esc\u00e9pticos en creyentes\" \/>\n<meta property=\"og:description\" content=\"Entiende c\u00f3mo un sistema de seguimiento de veh\u00edculos puede ser una herramienta valiosa no solo para tu negocio, sino tambi\u00e9n para tus conductores.\" \/>\n<meta property=\"og:url\" content=\"https:\/\/www.quartix.com\/es-es\/beneficios-para-conductores\/\" \/>\n<meta property=\"og:site_name\" content=\"Quartix\" \/>\n<meta property=\"article:publisher\" content=\"https:\/\/www.facebook.com\/Quartix-USA-374426386097401\/\" \/>\n<meta property=\"article:modified_time\" content=\"2024-07-05T13:03:56+00:00\" \/>\n<meta property=\"og:image\" content=\"https:\/\/www.quartix.com\/content\/uploads\/2024\/05\/Driver-in-vehicle-US.png\" \/>\n\t<meta property=\"og:image:width\" content=\"456\" \/>\n\t<meta property=\"og:image:height\" content=\"305\" \/>\n\t<meta property=\"og:image:type\" content=\"image\/png\" \/>\n<meta name=\"twitter:card\" content=\"summary_large_image\" \/>\n<meta name=\"twitter:site\" content=\"@QuartixUSA\" \/>\n<meta name=\"twitter:label1\" content=\"Est. reading time\" \/>\n\t<meta name=\"twitter:data1\" content=\"4 minutes\" \/>\n<!-- \/ Yoast SEO Premium plugin. -->","yoast_head_json":{"title":"Beneficios de la telem\u00e1tica para los conductores: Convierte a los esc\u00e9pticos en creyentes - ES","description":"Entiende c\u00f3mo un sistema de seguimiento de veh\u00edculos puede ser una herramienta valiosa no solo para tu negocio, sino tambi\u00e9n para tus conductores.","robots":{"index":"index","follow":"follow","max-snippet":"max-snippet:-1","max-image-preview":"max-image-preview:large","max-video-preview":"max-video-preview:-1"},"canonical":"https:\/\/www.quartix.com\/es-es\/beneficios-para-conductores\/","og_locale":"es_ES","og_type":"article","og_title":"Beneficios de la telem\u00e1tica para los conductores: Convierte a los esc\u00e9pticos en creyentes","og_description":"Entiende c\u00f3mo un sistema de seguimiento de veh\u00edculos puede ser una herramienta valiosa no solo para tu negocio, sino tambi\u00e9n para tus conductores.","og_url":"https:\/\/www.quartix.com\/es-es\/beneficios-para-conductores\/","og_site_name":"Quartix","article_publisher":"https:\/\/www.facebook.com\/Quartix-USA-374426386097401\/","article_modified_time":"2024-07-05T13:03:56+00:00","og_image":[{"width":456,"height":305,"url":"https:\/\/www.quartix.com\/content\/uploads\/2024\/05\/Driver-in-vehicle-US.png","type":"image\/png"}],"twitter_card":"summary_large_image","twitter_site":"@QuartixUSA","twitter_misc":{"Est. reading time":"4 minutes"},"schema":{"@context":"https:\/\/schema.org","@graph":[{"@type":"WebPage","@id":"https:\/\/www.quartix.com\/es-es\/beneficios-para-conductores\/","url":"https:\/\/www.quartix.com\/es-es\/beneficios-para-conductores\/","name":"Beneficios de la telem\u00e1tica para los conductores: Convierte a los esc\u00e9pticos en creyentes","isPartOf":{"@id":"https:\/\/www.quartix.com\/es-es\/#website"},"primaryImageOfPage":{"@id":"https:\/\/www.quartix.com\/es-es\/beneficios-para-conductores\/#primaryimage"},"image":{"@id":"https:\/\/www.quartix.com\/es-es\/beneficios-para-conductores\/#primaryimage"},"thumbnailUrl":"https:\/\/www.quartix.com\/content\/uploads\/2024\/05\/Driver-in-vehicle-US.png","datePublished":"2024-07-03T14:18:32+00:00","dateModified":"2024-07-05T13:03:56+00:00","description":"Entiende c\u00f3mo un sistema de seguimiento de veh\u00edculos puede ser una herramienta valiosa no solo para tu negocio, sino tambi\u00e9n para tus conductores.","breadcrumb":{"@id":"https:\/\/www.quartix.com\/es-es\/beneficios-para-conductores\/#breadcrumb"},"inLanguage":"es-ES","potentialAction":[{"@type":"ReadAction","target":["https:\/\/www.quartix.com\/es-es\/beneficios-para-conductores\/"]}]},{"@type":"ImageObject","inLanguage":"es-ES","@id":"https:\/\/www.quartix.com\/es-es\/beneficios-para-conductores\/#primaryimage","url":"https:\/\/www.quartix.com\/content\/uploads\/2024\/05\/Driver-in-vehicle-US.png","contentUrl":"https:\/\/www.quartix.com\/content\/uploads\/2024\/05\/Driver-in-vehicle-US.png","width":456,"height":305,"caption":"Driver in vehicle USA"},{"@type":"BreadcrumbList","@id":"https:\/\/www.quartix.com\/es-es\/beneficios-para-conductores\/#breadcrumb","itemListElement":[{"@type":"ListItem","position":1,"name":"Inicio","item":"https:\/\/www.quartix.com\/es-es\/quartix-localizacion-de-vehiculos-en-tiempo-real\/"},{"@type":"ListItem","position":2,"name":"Beneficios de la telem\u00e1tica para los conductores: Convierte a los esc\u00e9pticos en creyentes"}]},{"@type":"WebSite","@id":"https:\/\/www.quartix.com\/es-es\/#website","url":"https:\/\/www.quartix.com\/es-es\/","name":"Quartix","description":"Real-time vehicle tracking","publisher":{"@id":"https:\/\/www.quartix.com\/es-es\/#organization"},"potentialAction":[{"@type":"SearchAction","target":{"@type":"EntryPoint","urlTemplate":"https:\/\/www.quartix.com\/es-es\/?s={search_term_string}"},"query-input":{"@type":"PropertyValueSpecification","valueRequired":true,"valueName":"search_term_string"}}],"inLanguage":"es-ES"},{"@type":"Organization","@id":"https:\/\/www.quartix.com\/es-es\/#organization","name":"Quartix","url":"https:\/\/www.quartix.com\/es-es\/","logo":{"@type":"ImageObject","inLanguage":"es-ES","@id":"https:\/\/www.quartix.com\/es-es\/#\/schema\/logo\/image\/","url":"https:\/\/www.quartix.com\/content\/uploads\/2019\/02\/quartix-logo-eur.svg","contentUrl":"https:\/\/www.quartix.com\/content\/uploads\/2019\/02\/quartix-logo-eur.svg","width":1,"height":1,"caption":"Quartix"},"image":{"@id":"https:\/\/www.quartix.com\/es-es\/#\/schema\/logo\/image\/"},"sameAs":["https:\/\/www.facebook.com\/Quartix-USA-374426386097401\/","https:\/\/x.com\/QuartixUSA","https:\/\/www.linkedin.com\/company\/5346733\/","https:\/\/www.youtube.com\/channel\/UCzS-_GMfHF4kWiCheyIRrAQ"]}]}},"_links":{"self":[{"href":"https:\/\/www.quartix.com\/es-es\/wp-json\/wp\/v2\/pages\/107206","targetHints":{"allow":["GET"]}}],"collection":[{"href":"https:\/\/www.quartix.com\/es-es\/wp-json\/wp\/v2\/pages"}],"about":[{"href":"https:\/\/www.quartix.com\/es-es\/wp-json\/wp\/v2\/types\/page"}],"author":[{"embeddable":true,"href":"https:\/\/www.quartix.com\/es-es\/wp-json\/wp\/v2\/users\/12"}],"replies":[{"embeddable":true,"href":"https:\/\/www.quartix.com\/es-es\/wp-json\/wp\/v2\/comments?post=107206"}],"version-history":[{"count":0,"href":"https:\/\/www.quartix.com\/es-es\/wp-json\/wp\/v2\/pages\/107206\/revisions"}],"wp:featuredmedia":[{"embeddable":true,"href":"https:\/\/www.quartix.com\/es-es\/wp-json\/wp\/v2\/media\/102904"}],"wp:attachment":[{"href":"https:\/\/www.quartix.com\/es-es\/wp-json\/wp\/v2\/media?parent=107206"}],"wp:term":[{"taxonomy":"topic","embeddable":true,"href":"https:\/\/www.quartix.com\/es-es\/wp-json\/wp\/v2\/topic?post=107206"},{"taxonomy":"qtx_campaign","embeddable":true,"href":"https:\/\/www.quartix.com\/es-es\/wp-json\/wp\/v2\/qtx_campaign?post=107206"}],"curies":[{"name":"wp","href":"https:\/\/api.w.org\/{rel}","templated":true}]}}