{"id":10734,"date":"2019-01-20T12:24:25","date_gmt":"2019-01-20T12:24:25","guid":{"rendered":"https:\/\/www.quartix.com\/producto\/styl-jazdy\/"},"modified":"2025-10-01T17:21:41","modified_gmt":"2025-10-01T16:21:41","slug":"estilo-de-conduccion","status":"publish","type":"page","link":"https:\/\/www.quartix.com\/es-es\/localizador-vehiculos\/estilo-de-conduccion\/","title":{"rendered":"Estilo de conducci\u00f3n"},"content":{"rendered":"\n<div class=\"wp-block-columns is-layout-flex wp-container-core-columns-is-layout-28f84493 wp-block-columns-is-layout-flex\">\n<div class=\"wp-block-column is-layout-flow wp-block-column-is-layout-flow\">\n<h2 class=\"wp-block-heading\" id=\"h-tabla-de-clasificacion-de-conductores\">Tabla de clasificaci\u00f3n de conductores<\/h2>\n\n\n\n<p>Compara las calificaciones de conducci\u00f3n entre los conductores de toda tu flota. Cada conductor es calificado en base a su respectivo perfil de conducci\u00f3n. Aquellos conductores que se ariesgan demasiado son destacados en rojo en la Tabla de posiciones de conductores. Los mejores conductores se muestran en verde y aquellos que est\u00e1n entre medio en \u00e1mbar.<\/p>\n\n\n\n<p>Los informes le permiten localizar informaci\u00f3n de aceleraci\u00f3n y frenado, y con un s\u00f3lo clic lo llevan a la ubicaci\u00f3n exacta en Google Maps donde sucedi\u00f3 el incidente, y le permiten investigar m\u00e1s a fondo.<\/p>\n<\/div>\n\n\n\n<div class=\"wp-block-column is-layout-flow wp-block-column-is-layout-flow\">\n<figure class=\"wp-block-image aligncenter size-large\"><img loading=\"lazy\" decoding=\"async\" width=\"1000\" height=\"565\" src=\"https:\/\/www.quartix.com\/content\/uploads\/2019\/02\/Driving-style-3-1000x565.gif\" alt=\"\" class=\"wp-image-21097\" srcset=\"https:\/\/www.quartix.com\/content\/uploads\/2019\/02\/Driving-style-3-1000x565.gif 1000w, https:\/\/www.quartix.com\/content\/uploads\/2019\/02\/Driving-style-3-300x169.gif 300w, https:\/\/www.quartix.com\/content\/uploads\/2019\/02\/Driving-style-3-768x434.gif 768w\" sizes=\"auto, (max-width: 1000px) 100vw, 1000px\" \/><\/figure>\n<\/div>\n<\/div>\n\n\n<section  class=\"qtx-pagebuilder-section qtx-pagebuilder-section-blockquote qtx-pagebuilder-section-blockquote-left_green_border \">\r\n        <div class=\"left_green_border\">\r\n            <blockquote>\r\n                <p>Supervisar y mejorar el estilo de conducci\u00f3n puede ayudarte a ahorrar hasta un 15\u202f% en combustible y reducir el riesgo de accidentes o lesiones. Formar a tu equipo para que conduzca de forma segura es muy f\u00e1cil con Quartix. Nuestra variedad de informes, que incluye la distribuci\u00f3n de velocidades y los perfiles de aceleraci\u00f3n y frenado, te da toda la informaci\u00f3n que necesitas para fomentar un estilo de conducci\u00f3n m\u00e1s seguro y eficiente.<\/p>\n                            <\/blockquote>\r\n        <\/div>\r\n        <\/section>\r\n\r\n\n\n\n<div class=\"wp-block-columns is-layout-flex wp-container-core-columns-is-layout-28f84493 wp-block-columns-is-layout-flex\">\n<div class=\"wp-block-column is-layout-flow wp-block-column-is-layout-flow\">\n<figure class=\"wp-block-image aligncenter\"><img decoding=\"async\" src=\" https:\/\/www.quartix.com\/content\/uploads\/2019\/02\/daily-driver-briefing-resumen-diario-de-conductor-1000x747.jpg\" alt=\"\"\/><\/figure>\n<\/div>\n\n\n\n<div class=\"wp-block-column is-layout-flow wp-block-column-is-layout-flow\">\n<h2 class=\"wp-block-heading\" id=\"h-resumen-diario-de-conductor\">Resumen diario de conductor<\/h2>\n\n\n\n<p>Trabaja con tus conductores para mejorar los estilos de conducci\u00f3n y usa la informaci\u00f3n para mostrar partes del viaje donde los conductores \u201cperdieron\u201d puntos de conducci\u00f3n, as\u00ed ellos pueden revisar la informaci\u00f3n real y aprender de sus experiencias.<\/p>\n\n\n\n<p>El informe de resumen diario de conductor te muestra las velocidades del d\u00eda adem\u00e1s de los perfiles de aceleraci\u00f3n y frenado. Para explorar en detalle la ubicaci\u00f3n exacta de incidentes de aceleraci\u00f3n o frenazos bruscos, solo tienes que hacer clic en la barra del gr\u00e1fico para mostrar la ubicaci\u00f3n en Google Street View.<\/p>\n\n\n\n<ul class=\"wp-block-list\">\n<li>Monitorea perfiles de velocidad, aceleraci\u00f3n y frenado.<\/li>\n\n\n\n<li>Compara las puntuaciones de comportamiento de los conductores en un grupo de veh\u00edculos o la flota completa.<\/li>\n\n\n\n<li>Ahorra combustible y reduce el riesgo de accidentes.<\/li>\n<\/ul>\n<\/div>\n<\/div>\n\n\n\n<div class=\"wp-block-columns is-layout-flex wp-container-core-columns-is-layout-28f84493 wp-block-columns-is-layout-flex\">\n<div class=\"wp-block-column is-layout-flow wp-block-column-is-layout-flow\">\n<h2 class=\"wp-block-heading\" id=\"h-tendencia-del-estilo-de-conduccion\">Tendencia del estilo de conducci\u00f3n<\/h2>\n\n\n\n<p>Detecta r\u00e1pido los problemas en la forma de conducir que necesitan tu atenci\u00f3n. Junto con tus conductores, podr\u00e1s ver si su estilo de conducci\u00f3n mejora con el tiempo (normalmente se notan cambios en un mes) e incluir esos avances en las evaluaciones de desempe\u00f1o o en sistemas de incentivos para promover una conducci\u00f3n m\u00e1s segura.<\/p>\n<\/div>\n\n\n\n<div class=\"wp-block-column is-layout-flow wp-block-column-is-layout-flow\">\n<figure class=\"wp-block-image aligncenter\"><img decoding=\"async\" src=\" https:\/\/www.quartix.com\/content\/uploads\/2019\/02\/driving-style-league-table-tabla-de-clasificaciones-de-estilo-de-conduccion-1000x478.png\" alt=\"driving style league table- tabla de clasificaciones de estilo de conduccion\"\/><\/figure>\n<\/div>\n<\/div>\n\n\n\n<div class=\"wp-block-columns is-layout-flex wp-container-core-columns-is-layout-28f84493 wp-block-columns-is-layout-flex\">\n<div class=\"wp-block-column is-layout-flow wp-block-column-is-layout-flow\">\n<figure class=\"wp-block-image aligncenter\"><img decoding=\"async\" src=\" https:\/\/www.quartix.com\/content\/uploads\/2019\/02\/Driver-briefing-sp-563x1000.gif\" alt=\"Driver-briefing-ES\"\/><\/figure>\n<\/div>\n\n\n\n<div class=\"wp-block-column is-layout-flow wp-block-column-is-layout-flow\">\n<h2 class=\"wp-block-heading\" id=\"h-app-movil-para-conductores\">App m\u00f3vil para conductores<\/h2>\n\n\n\n<p>Dales acceso individual a sus propios informes de estilo de conducci\u00f3n desde la <strong>app m\u00f3vil<\/strong>, sin que puedan ver los datos de otros compa\u00f1eros. As\u00ed se animan a consultar su puntuaci\u00f3n y su rendimiento al final del d\u00eda.<\/p>\n\n\n\n<p>Cada conductor podr\u00e1 ver las velocidades alcanzadas en diferentes puntos de su ruta diaria y sus \u00edndices de aceleraci\u00f3n y frenado para ese mismo periodo.<\/p>\n\n\n\n<p>La calificaci\u00f3n diaria de conducci\u00f3n tambi\u00e9n est\u00e1 claramente visible para que puedan revisarla al final del d\u00eda o consultar las puntuaciones de otros d\u00edas de la semana.<\/p>\n\n\n\n<p>La app se descarga gratis y no hay l\u00edmite en el n\u00famero de personas que puedan instalarla.<\/p>\n<\/div>\n<\/div>\n\n\n\r\n<section  class=\"qtx-pagebuilder-section qtx-pagebuilder-section-accordion\">\r\n            <div class=\"accordion noboxes\" id=\"acc1589895705\">\r\n                                            <div class=\"accordion-item\">\r\n                    <button class=\"accordion-title\"><span class=\"arrow\"><\/span>\u00bfC\u00f3mo mide Quartix el comportamiento de conducci\u00f3n?<\/button>\r\n                    <div class=\"accordion-content\"><p>Quartix analiza la aceleraci\u00f3n, el frenado y los patrones de velocidad de cada conductor en todos sus trayectos. Con estos datos, el sistema genera una puntuaci\u00f3n de conducci\u00f3n para cada conductor y veh\u00edculo. Todas las puntuaciones se recopilan en una <strong data-start=\"612\" data-end=\"653\">Tabla de clasificaci\u00f3n de conductores<\/strong>, para que puedas ver al instante qui\u00e9n conduce de forma segura (en verde) y qui\u00e9n podr\u00eda estar asumiendo demasiados riesgos (en rojo). Este sistema de puntuaci\u00f3n objetivo te ofrece una visi\u00f3n clara del estilo de conducci\u00f3n en toda tu flota.<\/p>\n<\/div>\r\n                <\/div>\r\n                                            <div class=\"accordion-item\">\r\n                    <button class=\"accordion-title\"><span class=\"arrow\"><\/span>\u00bfQu\u00e9 tipo de informes de conducci\u00f3n puedo obtener con Quartix?<\/button>\r\n                    <div class=\"accordion-content\"><p>Quartix ofrece varios informes detallados sobre estilo de conducci\u00f3n. Por ejemplo, el <strong data-start=\"1055\" data-end=\"1087\">informe diario del conductor<\/strong> muestra las velocidades alcanzadas durante el d\u00eda junto con los eventos de aceleraci\u00f3n o frenado brusco. Puedes hacer clic en cualquier evento (como un frenazo brusco o un exceso de velocidad) para ver la ubicaci\u00f3n exacta en Google Maps o Street View, lo que te ayuda a investigarlo y comentarlo con el conductor. Otros informes incluyen gr\u00e1ficos de distribuci\u00f3n de velocidades y perfiles de aceleraci\u00f3n y frenado, que se\u00f1alan en qu\u00e9 momentos el conductor perdi\u00f3 puntos, para que puedas entrenarlo sobre esos incidentes espec\u00edficos.<\/p>\n<\/div>\r\n                <\/div>\r\n                                            <div class=\"accordion-item\">\r\n                    <button class=\"accordion-title\"><span class=\"arrow\"><\/span>\u00bfQu\u00e9 es la base de datos de Velocidad Segura y la puntuaci\u00f3n de velocidad relativa?<\/button>\r\n                    <div class=\"accordion-content\"><p>La base de datos de <strong data-start=\"552\" data-end=\"572\">Velocidad Segura<\/strong> es una funci\u00f3n exclusiva de Quartix que compara las velocidades de tus conductores con las velocidades promedio en esas mismas carreteras. Usando esta informaci\u00f3n, Quartix asigna una <strong data-start=\"756\" data-end=\"792\">puntuaci\u00f3n de velocidad relativa<\/strong> que tiene en cuenta el contexto de la v\u00eda, no solo el l\u00edmite legal. As\u00ed, aunque un conductor no supere el l\u00edmite establecido, sabr\u00e1s si va mucho m\u00e1s r\u00e1pido que el tr\u00e1fico promedio en esa ruta (lo que puede ser arriesgado en carreteras rurales o con curvas). Esta puntuaci\u00f3n ofrece una visi\u00f3n m\u00e1s completa de la seguridad al volante y te ayuda a entrenar a tus conductores para elegir velocidades m\u00e1s seguras seg\u00fan las condiciones.<\/p>\n<\/div>\r\n                <\/div>\r\n                                            <div class=\"accordion-item\">\r\n                    <button class=\"accordion-title\"><span class=\"arrow\"><\/span>\u00bfC\u00f3mo puede Quartix ayudar a mejorar la seguridad al volante o la eficiencia del combustible?<\/button>\r\n                    <div class=\"accordion-content\"><p>Al resaltar h\u00e1bitos de conducci\u00f3n de riesgo, Quartix facilita entrenamientos espec\u00edficos que pueden ofrecer grandes beneficios. Los gestores de flotas pueden usar las puntuaciones e informes para dar retroalimentaci\u00f3n a los conductores: por ejemplo, mostr\u00e1ndoles exactamente d\u00f3nde excedieron la velocidad o frenaron bruscamente, y comentando c\u00f3mo mejorar. Este proceso fomenta una conducci\u00f3n m\u00e1s segura y suave, que no solo reduce el riesgo de accidentes, sino que tambi\u00e9n mejora la econom\u00eda de combustible. De hecho, muchos clientes de Quartix consiguen ahorros significativos (de hasta un 15% en el gasto de combustible) y menos desgaste en sus veh\u00edculos al monitorear y mejorar el estilo de conducci\u00f3n.<\/p>\n<\/div>\r\n                <\/div>\r\n                                            <div class=\"accordion-item\">\r\n                    <button class=\"accordion-title\"><span class=\"arrow\"><\/span>\u00bfPueden mis conductores ver sus propias puntuaciones de desempe\u00f1o?<\/button>\r\n                    <div class=\"accordion-content\"><p>S\u00ed, si as\u00ed lo decides. Quartix dispone de una <strong data-start=\"3323\" data-end=\"3336\">app m\u00f3vil<\/strong> que se puede configurar para que los conductores vean \u00fanicamente sus propias puntuaciones e informes. As\u00ed, cada conductor puede revisar c\u00f3mo le ha ido al final del d\u00eda, fomentando la responsabilidad personal. No podr\u00e1n ver los datos de otros conductores, manteniendo la privacidad de la informaci\u00f3n. Al permitirles monitorear su propio progreso, podr\u00e1s impulsar la competencia sana o la mejora personal, logrando que adopten y mantengan un estilo de conducci\u00f3n m\u00e1s seguro con el tiempo.<\/p>\n<\/div>\r\n                <\/div>\r\n                    <\/div>\r\n    <\/section>\r\n<script nonce=\"\" nonce=\"\">\r\ndocument.addEventListener(\"DOMContentLoaded\", function(){\r\n    var titles = document.getElementById (\"acc1589895705\").getElementsByClassName(\"accordion-title\");\r\n    for (var i = 0; i < titles.length; i++) {\r\n        if ( i == (parseInt(-1 ))) {\r\n            titles[i].classList.add(\"active\");\r\n            titles[i].nextElementSibling.style.maxHeight = titles[i].nextElementSibling.scrollHeight + \"px\";\r\n        }\r\n    }\r\n});\r\n\r\nvar titles = document.getElementById (\"acc1589895705\").getElementsByClassName(\"accordion-title\");\r\nfor (var i = 0; i < titles.length; i++) {\r\n    titles[i].addEventListener(\"click\", function() {\r\n        if (\"openone\" == \"openone\") {\r\n            if(this.classList.contains(\"active\")) {\r\n                this.classList.toggle(\"active\");\r\n                this.nextElementSibling.style.maxHeight = null;\r\n            }\r\n            else {\r\n                document.querySelectorAll('#acc1589895705 .accordion-title').forEach(el => el.classList.remove('active'));\r\n                document.querySelectorAll('#acc1589895705 .accordion-content').forEach(el => el.style.maxHeight = null);\r\n                this.classList.toggle(\"active\");\r\n                var panel = this.nextElementSibling;\r\n                if (this.classList.contains(\"active\")) {\r\n                    panel.style.maxHeight = panel.scrollHeight + \"px\";\r\n                } else {\r\n                panel.style.maxHeight = null;\r\n                }\r\n            }\r\n        }\r\n        else {\r\n            this.classList.toggle(\"active\");\r\n            var panel = this.nextElementSibling;\r\n            if (this.classList.contains(\"active\")) {\r\n                panel.style.maxHeight = panel.scrollHeight + \"px\";\r\n            } else {\r\n            panel.style.maxHeight = null;\r\n            }\r\n        }\r\n    });\r\n}\r\n<\/script>","protected":false},"excerpt":{"rendered":"<p>Tabla de clasificaci\u00f3n de conductores Compara las calificaciones de conducci\u00f3n entre los conductores de toda tu flota. Cada conductor es calificado en base a su respectivo perfil de conducci\u00f3n. Aquellos conductores que se ariesgan demasiado son destacados en rojo en la Tabla de posiciones de conductores. Los mejores conductores se muestran en verde y aquellos [&hellip;]<\/p>\n","protected":false},"author":12,"featured_media":22018,"parent":123666,"menu_order":30,"comment_status":"closed","ping_status":"closed","template":"","meta":{"_acf_changed":false,"inline_featured_image":false,"footnotes":""},"topic":[1870],"qtx_campaign":[],"class_list":["post-10734","page","type-page","status-publish","has-post-thumbnail","hentry","topic-gestion-de-conductores"],"acf":[],"yoast_head":"<!-- This site is optimized with the Yoast SEO Premium plugin v27.3 (Yoast SEO v27.3) - https:\/\/yoast.com\/product\/yoast-seo-premium-wordpress\/ -->\n<title>Estilo de conducci\u00f3n - ES<\/title>\n<meta name=\"description\" content=\"Los informes de estilo de conducci\u00f3n de Quartix le permiten comparar las puntuaciones de comportamiento del conductor en toda la flota. Ayudarlo a identificar r\u00e1pidamente en el estilo de conducci\u00f3n cualquier actitud que pueda necesitar atenci\u00f3n inmediata. Los informes incluyen velocidades por d\u00eda, adem\u00e1s de perfiles de aceleraci\u00f3n y frenado por veh\u00edculo o grupo de veh\u00edculos.\" \/>\n<meta name=\"robots\" content=\"index, follow, max-snippet:-1, max-image-preview:large, max-video-preview:-1\" \/>\n<link rel=\"canonical\" href=\"https:\/\/www.quartix.com\/es-es\/localizador-vehiculos\/estilo-de-conduccion\/\" \/>\n<meta property=\"og:locale\" content=\"es_ES\" \/>\n<meta property=\"og:type\" content=\"article\" \/>\n<meta property=\"og:title\" content=\"Estilo de conducci\u00f3n\" \/>\n<meta property=\"og:description\" content=\"Los informes de estilo de conducci\u00f3n de Quartix le permiten comparar las puntuaciones de comportamiento del conductor en toda la flota. Ayudarlo a identificar r\u00e1pidamente en el estilo de conducci\u00f3n cualquier actitud que pueda necesitar atenci\u00f3n inmediata. Los informes incluyen velocidades por d\u00eda, adem\u00e1s de perfiles de aceleraci\u00f3n y frenado por veh\u00edculo o grupo de veh\u00edculos.\" \/>\n<meta property=\"og:url\" content=\"https:\/\/www.quartix.com\/es-es\/localizador-vehiculos\/estilo-de-conduccion\/\" \/>\n<meta property=\"og:site_name\" content=\"Quartix\" \/>\n<meta property=\"article:publisher\" content=\"https:\/\/www.facebook.com\/Quartix-USA-374426386097401\/\" \/>\n<meta property=\"article:modified_time\" content=\"2025-10-01T16:21:41+00:00\" \/>\n<meta property=\"og:image\" content=\"https:\/\/www.quartix.com\/content\/uploads\/2019\/05\/us-driving-style-league-table.png\" \/>\n\t<meta property=\"og:image:width\" content=\"1182\" \/>\n\t<meta property=\"og:image:height\" content=\"686\" \/>\n\t<meta property=\"og:image:type\" content=\"image\/png\" \/>\n<meta name=\"twitter:card\" content=\"summary_large_image\" \/>\n<meta name=\"twitter:site\" content=\"@QuartixUSA\" \/>\n<meta name=\"twitter:label1\" content=\"Est. reading time\" \/>\n\t<meta name=\"twitter:data1\" content=\"4 minutes\" \/>\n<!-- \/ Yoast SEO Premium plugin. -->","yoast_head_json":{"title":"Estilo de conducci\u00f3n - ES","description":"Los informes de estilo de conducci\u00f3n de Quartix le permiten comparar las puntuaciones de comportamiento del conductor en toda la flota. Ayudarlo a identificar r\u00e1pidamente en el estilo de conducci\u00f3n cualquier actitud que pueda necesitar atenci\u00f3n inmediata. Los informes incluyen velocidades por d\u00eda, adem\u00e1s de perfiles de aceleraci\u00f3n y frenado por veh\u00edculo o grupo de veh\u00edculos.","robots":{"index":"index","follow":"follow","max-snippet":"max-snippet:-1","max-image-preview":"max-image-preview:large","max-video-preview":"max-video-preview:-1"},"canonical":"https:\/\/www.quartix.com\/es-es\/localizador-vehiculos\/estilo-de-conduccion\/","og_locale":"es_ES","og_type":"article","og_title":"Estilo de conducci\u00f3n","og_description":"Los informes de estilo de conducci\u00f3n de Quartix le permiten comparar las puntuaciones de comportamiento del conductor en toda la flota. Ayudarlo a identificar r\u00e1pidamente en el estilo de conducci\u00f3n cualquier actitud que pueda necesitar atenci\u00f3n inmediata. Los informes incluyen velocidades por d\u00eda, adem\u00e1s de perfiles de aceleraci\u00f3n y frenado por veh\u00edculo o grupo de veh\u00edculos.","og_url":"https:\/\/www.quartix.com\/es-es\/localizador-vehiculos\/estilo-de-conduccion\/","og_site_name":"Quartix","article_publisher":"https:\/\/www.facebook.com\/Quartix-USA-374426386097401\/","article_modified_time":"2025-10-01T16:21:41+00:00","og_image":[{"width":1182,"height":686,"url":"https:\/\/www.quartix.com\/content\/uploads\/2019\/05\/us-driving-style-league-table.png","type":"image\/png"}],"twitter_card":"summary_large_image","twitter_site":"@QuartixUSA","twitter_misc":{"Est. reading time":"4 minutes"},"schema":{"@context":"https:\/\/schema.org","@graph":[{"@type":"WebPage","@id":"https:\/\/www.quartix.com\/es-es\/localizador-vehiculos\/estilo-de-conduccion\/","url":"https:\/\/www.quartix.com\/es-es\/localizador-vehiculos\/estilo-de-conduccion\/","name":"Estilo de conducci\u00f3n","isPartOf":{"@id":"https:\/\/www.quartix.com\/es-es\/#website"},"primaryImageOfPage":{"@id":"https:\/\/www.quartix.com\/es-es\/localizador-vehiculos\/estilo-de-conduccion\/#primaryimage"},"image":{"@id":"https:\/\/www.quartix.com\/es-es\/localizador-vehiculos\/estilo-de-conduccion\/#primaryimage"},"thumbnailUrl":"https:\/\/www.quartix.com\/content\/uploads\/2019\/05\/us-driving-style-league-table.png","datePublished":"2019-01-20T12:24:25+00:00","dateModified":"2025-10-01T16:21:41+00:00","description":"Los informes de estilo de conducci\u00f3n de Quartix le permiten comparar las puntuaciones de comportamiento del conductor en toda la flota. Ayudarlo a identificar r\u00e1pidamente en el estilo de conducci\u00f3n cualquier actitud que pueda necesitar atenci\u00f3n inmediata. Los informes incluyen velocidades por d\u00eda, adem\u00e1s de perfiles de aceleraci\u00f3n y frenado por veh\u00edculo o grupo de veh\u00edculos.","breadcrumb":{"@id":"https:\/\/www.quartix.com\/es-es\/localizador-vehiculos\/estilo-de-conduccion\/#breadcrumb"},"inLanguage":"es-ES","potentialAction":[{"@type":"ReadAction","target":["https:\/\/www.quartix.com\/es-es\/localizador-vehiculos\/estilo-de-conduccion\/"]}]},{"@type":"ImageObject","inLanguage":"es-ES","@id":"https:\/\/www.quartix.com\/es-es\/localizador-vehiculos\/estilo-de-conduccion\/#primaryimage","url":"https:\/\/www.quartix.com\/content\/uploads\/2019\/05\/us-driving-style-league-table.png","contentUrl":"https:\/\/www.quartix.com\/content\/uploads\/2019\/05\/us-driving-style-league-table.png","width":1182,"height":686},{"@type":"BreadcrumbList","@id":"https:\/\/www.quartix.com\/es-es\/localizador-vehiculos\/estilo-de-conduccion\/#breadcrumb","itemListElement":[{"@type":"ListItem","position":1,"name":"Inicio","item":"https:\/\/www.quartix.com\/es-es\/quartix-localizacion-de-vehiculos-en-tiempo-real\/"},{"@type":"ListItem","position":2,"name":"Seguimiento de veh\u00edculos","item":"https:\/\/www.quartix.com\/es-es\/localizador-vehiculos\/"},{"@type":"ListItem","position":3,"name":"Estilo de conducci\u00f3n"}]},{"@type":"WebSite","@id":"https:\/\/www.quartix.com\/es-es\/#website","url":"https:\/\/www.quartix.com\/es-es\/","name":"Quartix","description":"Real-time vehicle tracking","publisher":{"@id":"https:\/\/www.quartix.com\/es-es\/#organization"},"potentialAction":[{"@type":"SearchAction","target":{"@type":"EntryPoint","urlTemplate":"https:\/\/www.quartix.com\/es-es\/?s={search_term_string}"},"query-input":{"@type":"PropertyValueSpecification","valueRequired":true,"valueName":"search_term_string"}}],"inLanguage":"es-ES"},{"@type":"Organization","@id":"https:\/\/www.quartix.com\/es-es\/#organization","name":"Quartix","url":"https:\/\/www.quartix.com\/es-es\/","logo":{"@type":"ImageObject","inLanguage":"es-ES","@id":"https:\/\/www.quartix.com\/es-es\/#\/schema\/logo\/image\/","url":"https:\/\/www.quartix.com\/content\/uploads\/2019\/02\/quartix-logo-eur.svg","contentUrl":"https:\/\/www.quartix.com\/content\/uploads\/2019\/02\/quartix-logo-eur.svg","width":1,"height":1,"caption":"Quartix"},"image":{"@id":"https:\/\/www.quartix.com\/es-es\/#\/schema\/logo\/image\/"},"sameAs":["https:\/\/www.facebook.com\/Quartix-USA-374426386097401\/","https:\/\/x.com\/QuartixUSA","https:\/\/www.linkedin.com\/company\/5346733\/","https:\/\/www.youtube.com\/channel\/UCzS-_GMfHF4kWiCheyIRrAQ"]}]}},"_links":{"self":[{"href":"https:\/\/www.quartix.com\/es-es\/wp-json\/wp\/v2\/pages\/10734","targetHints":{"allow":["GET"]}}],"collection":[{"href":"https:\/\/www.quartix.com\/es-es\/wp-json\/wp\/v2\/pages"}],"about":[{"href":"https:\/\/www.quartix.com\/es-es\/wp-json\/wp\/v2\/types\/page"}],"author":[{"embeddable":true,"href":"https:\/\/www.quartix.com\/es-es\/wp-json\/wp\/v2\/users\/12"}],"replies":[{"embeddable":true,"href":"https:\/\/www.quartix.com\/es-es\/wp-json\/wp\/v2\/comments?post=10734"}],"version-history":[{"count":5,"href":"https:\/\/www.quartix.com\/es-es\/wp-json\/wp\/v2\/pages\/10734\/revisions"}],"predecessor-version":[{"id":123385,"href":"https:\/\/www.quartix.com\/es-es\/wp-json\/wp\/v2\/pages\/10734\/revisions\/123385"}],"up":[{"embeddable":true,"href":"https:\/\/www.quartix.com\/es-es\/wp-json\/wp\/v2\/pages\/123666"}],"wp:featuredmedia":[{"embeddable":true,"href":"https:\/\/www.quartix.com\/es-es\/wp-json\/wp\/v2\/media\/22018"}],"wp:attachment":[{"href":"https:\/\/www.quartix.com\/es-es\/wp-json\/wp\/v2\/media?parent=10734"}],"wp:term":[{"taxonomy":"topic","embeddable":true,"href":"https:\/\/www.quartix.com\/es-es\/wp-json\/wp\/v2\/topic?post=10734"},{"taxonomy":"qtx_campaign","embeddable":true,"href":"https:\/\/www.quartix.com\/es-es\/wp-json\/wp\/v2\/qtx_campaign?post=10734"}],"curies":[{"name":"wp","href":"https:\/\/api.w.org\/{rel}","templated":true}]}}