{"id":10736,"date":"2019-01-20T16:36:52","date_gmt":"2019-01-20T16:36:52","guid":{"rendered":"https:\/\/www.quartix.com\/producto\/zarzadzanie-flota\/"},"modified":"2025-09-25T14:26:46","modified_gmt":"2025-09-25T13:26:46","slug":"herramientas-de-gestion","status":"publish","type":"page","link":"https:\/\/www.quartix.com\/es-es\/localizador-vehiculos\/herramientas-de-gestion\/","title":{"rendered":"Herramientas de gesti\u00f3n"},"content":{"rendered":"\n<div class=\"wp-block-columns is-layout-flex wp-container-core-columns-is-layout-28f84493 wp-block-columns-is-layout-flex\">\n<div class=\"wp-block-column is-layout-flow wp-block-column-is-layout-flow\">\n<h2 class=\"wp-block-heading\">Panel de control<\/h2>\n\n\n\n<p>Quartix hace el trabajo dif\u00edcil de analizar sus datos y generar informes simples. Se puede acceder a todo desde su navegador. El sistema de rastreo de Quartix incluye una gran variedad de informes de rastreo y paneles de control para mejorar las operaciones y el uso de sus veh\u00edculos.<\/p>\n\n\n\n<p>Elija c\u00f3mo ver las actividades de su flota en tiempo real. Cada parte del informe se puede ajustar a sus necesidades. En algunos componentes, se puede configurar un objetivo de uso con la opci\u00f3n de ver una alerta si el objetivo no se cumple en el tiempo establecido.<\/p>\n<\/div>\n\n\n\n<div class=\"wp-block-column is-layout-flow wp-block-column-is-layout-flow\">\n<figure class=\"wp-block-image aligncenter\"><img decoding=\"async\" src=\" https:\/\/www.quartix.com\/content\/uploads\/2019\/02\/Fleet-management.gif\" alt=\"Fleet management ES\"\/><\/figure>\n<\/div>\n<\/div>\n\n\n<section  class=\"qtx-pagebuilder-section qtx-pagebuilder-section-blockquote qtx-pagebuilder-section-blockquote-left_green_border \">\r\n        <div class=\"left_green_border\">\r\n            <blockquote>\r\n                <p>Quartix proporciona diversas herramientas de gesti\u00f3n que le permiten optimizar el uso de su flota y mejorar la planificaci\u00f3n de trabajos futuros.<\/p>\n                            <\/blockquote>\r\n        <\/div>\r\n        <\/section>\r\n\r\n\n\n\n<div class=\"wp-block-columns is-layout-flex wp-container-core-columns-is-layout-28f84493 wp-block-columns-is-layout-flex\">\n<div class=\"wp-block-column is-layout-flow wp-block-column-is-layout-flow\">\n<figure class=\"wp-block-image aligncenter\"><img decoding=\"async\" src=\" https:\/\/www.quartix.com\/content\/uploads\/2019\/02\/Timesheets-1.gif\" alt=\"Timesheets ES\"\/><\/figure>\n<\/div>\n\n\n\n<div class=\"wp-block-column is-layout-flow wp-block-column-is-layout-flow\">\n<h2 class=\"wp-block-heading\">Verifique &#8220;tiempo en destino&#8221;<\/h2>\n\n\n\n<p>Es f\u00e1cil verificar cu\u00e1nto tiempo su equipo permaneci\u00f3 en el sitio de destino para poder analizar mejor el coste de cada trabajo.<\/p>\n\n\n\n<p>Con los reportes de &#8220;tiempo en destino&#8221; de Quatrix, puede elegir una ubicaci\u00f3n y generar infomes para cada uno de los veh\u00edculos que hayan visitado ese sitio durante un tiempo establecido, mostrando el tiempo de permanencia.<\/p>\n<\/div>\n<\/div>\n\n\n\n<div class=\"wp-block-columns is-layout-flex wp-container-core-columns-is-layout-28f84493 wp-block-columns-is-layout-flex\">\n<div class=\"wp-block-column is-layout-flow wp-block-column-is-layout-flow\">\n<h2 class=\"wp-block-heading\">Gesti\u00f3n de los veh\u00edculos<\/h2>\n\n\n\n<p>El sistema de rastreo del veh\u00edculo le permite registrar todos los eventos importantes al igual que recordatorios.<\/p>\n\n\n\n<p>El sistema de rastreo del veh\u00edculo de Quartix acumula el kilometraje a partir de esa fecha y le notifica cuando el veh\u00edculo necesita mantenimiento. Se env\u00edan notificaciones por correo electr\u00f3nico o puede revisar todos los veh\u00edculos de su flota en un informe en l\u00ednea.<\/p>\n\n\n\n<p>Simplemente ingrese la lectura del od\u00f3metro del veh\u00edculo y los eventos importantes de todos sus veh\u00edculos. El sistema de rastreo de veh\u00edculos Quartix acumula el kilometraje a partir de esa fecha y se se\u00f1alar\u00e1 cuando el veh\u00edculo necesite mantenimiento. El informe completo de la flota se puede consultar en l\u00ednea para que pueda ver f\u00e1cilmente qu\u00e9 veh\u00edculos deben hacer un servicio o ITV.<\/p>\n\n\n\n<p>Los informes de inspecci\u00f3n t\u00e9cnica de Quartix incluyen <a href=\"https:\/\/www.quartix.com\/es-es\/localizador-vehiculos\/supervision-de-horas-de-motor\/\" target=\"_blank\" rel=\"noopener noreferrer\">datos de las horas del motor<\/a>, lo que ofrece una mayor comprensi\u00f3n de cu\u00e1nto tiempo ha estado activo un veh\u00edculo con seguimiento de Quartix en un rango de fechas determinado. Saber exactamente cu\u00e1nto tiempo han estado en uso sus veh\u00edculos y maquinaria, puede ser una informaci\u00f3n vital para garantizar que se cumplan los programas de mantenimiento y las normas de salud y seguridad.<\/p>\n<\/div>\n\n\n\n<div class=\"wp-block-column is-layout-flow wp-block-column-is-layout-flow\">\n<figure class=\"wp-block-image aligncenter\"><img decoding=\"async\" src=\" https:\/\/www.quartix.com\/content\/uploads\/2019\/02\/service-dates-fechas-de-servicio-1000x575.png\" alt=\"service dates - fechas de servicio\"\/><\/figure>\n<\/div>\n<\/div>\n\n\n\n<div class=\"wp-block-columns is-layout-flex wp-container-core-columns-is-layout-28f84493 wp-block-columns-is-layout-flex\">\n<div class=\"wp-block-column is-layout-flow wp-block-column-is-layout-flow\">\n<figure class=\"wp-block-image aligncenter is-resized\"><img loading=\"lazy\" decoding=\"async\" src=\" https:\/\/www.quartix.com\/content\/uploads\/2019\/02\/vehicle-utilization-utilizacion-del-vehiculo-1000x406.jpg\" alt=\"\" width=\"840\" height=\"341\"\/><\/figure>\n<\/div>\n\n\n\n<div class=\"wp-block-column is-layout-flow wp-block-column-is-layout-flow\">\n<h2 class=\"wp-block-heading\">An\u00e1lisis del uso de veh\u00edculos<\/h2>\n\n\n\n<p>Es posible que cuente con una pol\u00edtica para el reemplado de veh\u00edculos viejos o tal vez est\u00e1 pensando en agregar m\u00e1s veh\u00edculos a su flota. El informe de uso de veh\u00edculos de Quatrix es una eficiente herramienta para la generaci\u00f3n de an\u00e1lisis m\u00e1s precisos y la predicci\u00f3n del uso de su flota. Esto puede identificar veh\u00edculos que no se est\u00e1n utilizando a su m\u00e1ximo potencial, los que no est\u00e1n en uso o si la capacidad de espacio le retrasa la necesidad de utilizar veh\u00edculos adicionales. El informe muestra:<\/p>\n\n\n\n<ul class=\"wp-block-list\">\n<li>Kil\u00f3metros recorridos por per\u00edodo de tiempo<\/li>\n\n\n\n<li>Tiempo de viaje<\/li>\n\n\n\n<li>Tiempo de inactividad<\/li>\n\n\n\n<li>% de inactividad<\/li>\n\n\n\n<li>Velocidad m\u00e1xima<\/li>\n<\/ul>\n<\/div>\n<\/div>\n\n\n\n<div class=\"wp-block-columns is-layout-flex wp-container-core-columns-is-layout-28f84493 wp-block-columns-is-layout-flex\">\n<div class=\"wp-block-column is-layout-flow wp-block-column-is-layout-flow\">\n<h2 class=\"wp-block-heading\">Informe del kilometraje mensual<\/h2>\n\n\n\n<p>Si necesita crear un informe del kilometraje mensual total de toda su flota o de un grupo de veh\u00edculos en particular, la informaci\u00f3n se puede exportar a un archivo de formato Excel o puede enviarse por correo electr\u00f3nico una vez a la semana. Los informes pueden incluir o excluir los kil\u00f3metros personales recorridos por d\u00eda, dependiendo si desea un reporte con beneficios impositivos o un uso general del veh\u00edculo.<\/p>\n<\/div>\n\n\n\n<div class=\"wp-block-column is-layout-flow wp-block-column-is-layout-flow\">\n<figure class=\"wp-block-image aligncenter\"><img decoding=\"async\" src=\" https:\/\/www.quartix.com\/content\/uploads\/2019\/02\/trip-reporter-informe-de-viaje-1000x672.jpg\" alt=\"\"\/><\/figure>\n<\/div>\n<\/div>\n","protected":false},"excerpt":{"rendered":"<p>Panel de control Quartix hace el trabajo dif\u00edcil de analizar sus datos y generar informes simples. Se puede acceder a todo desde su navegador. El sistema de rastreo de Quartix incluye una gran variedad de informes de rastreo y paneles de control para mejorar las operaciones y el uso de sus veh\u00edculos. Elija c\u00f3mo ver [&hellip;]<\/p>\n","protected":false},"author":12,"featured_media":0,"parent":123666,"menu_order":40,"comment_status":"closed","ping_status":"closed","template":"","meta":{"_acf_changed":false,"inline_featured_image":false,"footnotes":""},"topic":[],"qtx_campaign":[],"class_list":["post-10736","page","type-page","status-publish","hentry"],"acf":[],"yoast_head":"<!-- This site is optimized with the Yoast SEO Premium plugin v27.3 (Yoast SEO v27.3) - https:\/\/yoast.com\/product\/yoast-seo-premium-wordpress\/ -->\n<title>Herramientas de gesti\u00f3n - ES<\/title>\n<meta name=\"description\" content=\"Las herramientas de gesti\u00f3n de flotas Quartix analizan sus datos y generan informes sencillos. Todo se puede acceder en la Web. El sistema de rastreo Quartix incluye una amplia gama de informes y tableros de seguimiento de veh\u00edculos para mejorar las operaciones y la utilizaci\u00f3n del veh\u00edculo.\" \/>\n<meta name=\"robots\" content=\"index, follow, max-snippet:-1, max-image-preview:large, max-video-preview:-1\" \/>\n<link rel=\"canonical\" href=\"https:\/\/www.quartix.com\/es-es\/localizador-vehiculos\/herramientas-de-gestion\/\" \/>\n<meta property=\"og:locale\" content=\"es_ES\" \/>\n<meta property=\"og:type\" content=\"article\" \/>\n<meta property=\"og:title\" content=\"Herramientas de gesti\u00f3n\" \/>\n<meta property=\"og:description\" content=\"Las herramientas de gesti\u00f3n de flotas Quartix analizan sus datos y generan informes sencillos. Todo se puede acceder en la Web. El sistema de rastreo Quartix incluye una amplia gama de informes y tableros de seguimiento de veh\u00edculos para mejorar las operaciones y la utilizaci\u00f3n del veh\u00edculo.\" \/>\n<meta property=\"og:url\" content=\"https:\/\/www.quartix.com\/es-es\/localizador-vehiculos\/herramientas-de-gestion\/\" \/>\n<meta property=\"og:site_name\" content=\"Quartix\" \/>\n<meta property=\"article:publisher\" content=\"https:\/\/www.facebook.com\/Quartix-USA-374426386097401\/\" \/>\n<meta property=\"article:modified_time\" content=\"2025-09-25T13:26:46+00:00\" \/>\n<meta name=\"twitter:card\" content=\"summary_large_image\" \/>\n<meta name=\"twitter:site\" content=\"@QuartixUSA\" \/>\n<meta name=\"twitter:label1\" content=\"Est. reading time\" \/>\n\t<meta name=\"twitter:data1\" content=\"4 minutes\" \/>\n<!-- \/ Yoast SEO Premium plugin. -->","yoast_head_json":{"title":"Herramientas de gesti\u00f3n - ES","description":"Las herramientas de gesti\u00f3n de flotas Quartix analizan sus datos y generan informes sencillos. Todo se puede acceder en la Web. El sistema de rastreo Quartix incluye una amplia gama de informes y tableros de seguimiento de veh\u00edculos para mejorar las operaciones y la utilizaci\u00f3n del veh\u00edculo.","robots":{"index":"index","follow":"follow","max-snippet":"max-snippet:-1","max-image-preview":"max-image-preview:large","max-video-preview":"max-video-preview:-1"},"canonical":"https:\/\/www.quartix.com\/es-es\/localizador-vehiculos\/herramientas-de-gestion\/","og_locale":"es_ES","og_type":"article","og_title":"Herramientas de gesti\u00f3n","og_description":"Las herramientas de gesti\u00f3n de flotas Quartix analizan sus datos y generan informes sencillos. Todo se puede acceder en la Web. El sistema de rastreo Quartix incluye una amplia gama de informes y tableros de seguimiento de veh\u00edculos para mejorar las operaciones y la utilizaci\u00f3n del veh\u00edculo.","og_url":"https:\/\/www.quartix.com\/es-es\/localizador-vehiculos\/herramientas-de-gestion\/","og_site_name":"Quartix","article_publisher":"https:\/\/www.facebook.com\/Quartix-USA-374426386097401\/","article_modified_time":"2025-09-25T13:26:46+00:00","twitter_card":"summary_large_image","twitter_site":"@QuartixUSA","twitter_misc":{"Est. reading time":"4 minutes"},"schema":{"@context":"https:\/\/schema.org","@graph":[{"@type":"WebPage","@id":"https:\/\/www.quartix.com\/es-es\/localizador-vehiculos\/herramientas-de-gestion\/","url":"https:\/\/www.quartix.com\/es-es\/localizador-vehiculos\/herramientas-de-gestion\/","name":"Herramientas de gesti\u00f3n","isPartOf":{"@id":"https:\/\/www.quartix.com\/es-es\/#website"},"datePublished":"2019-01-20T16:36:52+00:00","dateModified":"2025-09-25T13:26:46+00:00","description":"Las herramientas de gesti\u00f3n de flotas Quartix analizan sus datos y generan informes sencillos. Todo se puede acceder en la Web. El sistema de rastreo Quartix incluye una amplia gama de informes y tableros de seguimiento de veh\u00edculos para mejorar las operaciones y la utilizaci\u00f3n del veh\u00edculo.","breadcrumb":{"@id":"https:\/\/www.quartix.com\/es-es\/localizador-vehiculos\/herramientas-de-gestion\/#breadcrumb"},"inLanguage":"es-ES","potentialAction":[{"@type":"ReadAction","target":["https:\/\/www.quartix.com\/es-es\/localizador-vehiculos\/herramientas-de-gestion\/"]}]},{"@type":"BreadcrumbList","@id":"https:\/\/www.quartix.com\/es-es\/localizador-vehiculos\/herramientas-de-gestion\/#breadcrumb","itemListElement":[{"@type":"ListItem","position":1,"name":"Inicio","item":"https:\/\/www.quartix.com\/es-es\/quartix-localizacion-de-vehiculos-en-tiempo-real\/"},{"@type":"ListItem","position":2,"name":"Seguimiento de veh\u00edculos","item":"https:\/\/www.quartix.com\/es-es\/localizador-vehiculos\/"},{"@type":"ListItem","position":3,"name":"Herramientas de gesti\u00f3n"}]},{"@type":"WebSite","@id":"https:\/\/www.quartix.com\/es-es\/#website","url":"https:\/\/www.quartix.com\/es-es\/","name":"Quartix","description":"Real-time vehicle tracking","publisher":{"@id":"https:\/\/www.quartix.com\/es-es\/#organization"},"potentialAction":[{"@type":"SearchAction","target":{"@type":"EntryPoint","urlTemplate":"https:\/\/www.quartix.com\/es-es\/?s={search_term_string}"},"query-input":{"@type":"PropertyValueSpecification","valueRequired":true,"valueName":"search_term_string"}}],"inLanguage":"es-ES"},{"@type":"Organization","@id":"https:\/\/www.quartix.com\/es-es\/#organization","name":"Quartix","url":"https:\/\/www.quartix.com\/es-es\/","logo":{"@type":"ImageObject","inLanguage":"es-ES","@id":"https:\/\/www.quartix.com\/es-es\/#\/schema\/logo\/image\/","url":"https:\/\/www.quartix.com\/content\/uploads\/2019\/02\/quartix-logo-eur.svg","contentUrl":"https:\/\/www.quartix.com\/content\/uploads\/2019\/02\/quartix-logo-eur.svg","width":1,"height":1,"caption":"Quartix"},"image":{"@id":"https:\/\/www.quartix.com\/es-es\/#\/schema\/logo\/image\/"},"sameAs":["https:\/\/www.facebook.com\/Quartix-USA-374426386097401\/","https:\/\/x.com\/QuartixUSA","https:\/\/www.linkedin.com\/company\/5346733\/","https:\/\/www.youtube.com\/channel\/UCzS-_GMfHF4kWiCheyIRrAQ"]}]}},"_links":{"self":[{"href":"https:\/\/www.quartix.com\/es-es\/wp-json\/wp\/v2\/pages\/10736","targetHints":{"allow":["GET"]}}],"collection":[{"href":"https:\/\/www.quartix.com\/es-es\/wp-json\/wp\/v2\/pages"}],"about":[{"href":"https:\/\/www.quartix.com\/es-es\/wp-json\/wp\/v2\/types\/page"}],"author":[{"embeddable":true,"href":"https:\/\/www.quartix.com\/es-es\/wp-json\/wp\/v2\/users\/12"}],"replies":[{"embeddable":true,"href":"https:\/\/www.quartix.com\/es-es\/wp-json\/wp\/v2\/comments?post=10736"}],"version-history":[{"count":2,"href":"https:\/\/www.quartix.com\/es-es\/wp-json\/wp\/v2\/pages\/10736\/revisions"}],"predecessor-version":[{"id":124941,"href":"https:\/\/www.quartix.com\/es-es\/wp-json\/wp\/v2\/pages\/10736\/revisions\/124941"}],"up":[{"embeddable":true,"href":"https:\/\/www.quartix.com\/es-es\/wp-json\/wp\/v2\/pages\/123666"}],"wp:attachment":[{"href":"https:\/\/www.quartix.com\/es-es\/wp-json\/wp\/v2\/media?parent=10736"}],"wp:term":[{"taxonomy":"topic","embeddable":true,"href":"https:\/\/www.quartix.com\/es-es\/wp-json\/wp\/v2\/topic?post=10736"},{"taxonomy":"qtx_campaign","embeddable":true,"href":"https:\/\/www.quartix.com\/es-es\/wp-json\/wp\/v2\/qtx_campaign?post=10736"}],"curies":[{"name":"wp","href":"https:\/\/api.w.org\/{rel}","templated":true}]}}