{"id":10742,"date":"2019-01-20T18:18:48","date_gmt":"2019-01-20T18:18:48","guid":{"rendered":"https:\/\/www.quartix.com\/producto\/powiadomienia\/"},"modified":"2025-09-25T14:26:32","modified_gmt":"2025-09-25T13:26:32","slug":"alertas","status":"publish","type":"page","link":"https:\/\/www.quartix.com\/es-es\/localizador-vehiculos\/alertas\/","title":{"rendered":"Alertas"},"content":{"rendered":"\n<div class=\"wp-block-columns is-layout-flex wp-container-core-columns-is-layout-28f84493 wp-block-columns-is-layout-flex\">\n<div class=\"wp-block-column is-layout-flow wp-block-column-is-layout-flow\">\n<h2 class=\"wp-block-heading\">Crea tus propias zonas geogr\u00e1ficas<\/h2>\n\n\n\n<p>Si sus veh\u00edculos necesitan estar dentro o fuera de ciertas \u00e1reas en tiempos definidos, el Geofencing puede alertarle en tiempo real si alguna vez esas reglas se rompen.&nbsp; Empiece simplemente marcando la zona deseada en nuestro mapa con una herramienta de dibujo f\u00e1cil.&nbsp; Le permitimos tener zonas de Geofencing ilimitadas.<\/p>\n<\/div>\n\n\n\n<div class=\"wp-block-column is-layout-flow wp-block-column-is-layout-flow\">\n<figure class=\"wp-block-image aligncenter\"><img decoding=\"async\" src=\" https:\/\/www.quartix.com\/content\/uploads\/2019\/02\/Alerts.gif\" alt=\"Geofencing ES\"\/><\/figure>\n<\/div>\n<\/div>\n\n\n\n<div class=\"wp-block-columns is-layout-flex wp-container-core-columns-is-layout-28f84493 wp-block-columns-is-layout-flex\">\n<div class=\"wp-block-column is-layout-flow wp-block-column-is-layout-flow\">\n<figure class=\"wp-block-image\"><img decoding=\"async\" src=\" https:\/\/www.quartix.com\/content\/uploads\/2019\/02\/geofencing-1000x670.jpg\" alt=\"\"\/><\/figure>\n<\/div>\n\n\n\n<div class=\"wp-block-column is-layout-flow wp-block-column-is-layout-flow\">\n<h2 class=\"wp-block-heading\">Defina comportamientos obligatorios y prohibidos<\/h2>\n\n\n\n<p>Establezca las reglas para cada zona. En modo obligatorio, el o los veh\u00edculos en cuesti\u00f3n deben permanecer dentro de la zona definida durante las horas designadas. En el modo prohibido, estos no deben ingresar a la zona. Por ejemplo:<\/p>\n\n\n\n<p><strong>El due\u00f1o de un negocio desea asegurarse de que los empleados no regresen a sus hogares durante horas laborales.<\/strong><\/p>\n\n\n\n<p><strong><em>Soluci\u00f3n<\/em><\/strong> &#8211; Designar el domicilio del conductor como una &#8216;Ubicaci\u00f3n designada de Quartix: zona prohibida&#8217; durante d\u00edas laborales de 8:00 am a 6:00 pm.<\/p>\n\n\n\n<p><strong>Un gerente de flota urbana necesita asegurarse de que todos los veh\u00edculos permanezcan en todo momento dentro de los l\u00edmites de la ciudad.<\/strong><\/p>\n\n\n\n<p><strong><em>Soluci\u00f3n<\/em><\/strong> &#8211; Crear un zona alrededor del per\u00edmetro de la ciudad y establecer una zona obligatoria. La alerta se activa si cualquier veh\u00edculo de la flota sale de la zona especificada.<\/p>\n<\/div>\n<\/div>\n\n\n\n<div class=\"wp-block-columns is-layout-flex wp-container-core-columns-is-layout-28f84493 wp-block-columns-is-layout-flex\">\n<div class=\"wp-block-column is-layout-flow wp-block-column-is-layout-flow\">\n<h2 class=\"wp-block-heading\">Alertas en tiempo real cuando se rompen las reglas<\/h2>\n\n\n\n<p>Si se rompe alguna regla de geofencing, se env\u00eda una alerta por correo electr\u00f3nico para que el comportamiento se pueda investigar y corregir de inmediato, brind\u00e1ndole un elemento de control adicional sobre su flota. La alertas son ilimitadas y se incluyen en el coste de su subscripci\u00f3n mensual.<\/p>\n<\/div>\n\n\n\n<div class=\"wp-block-column is-layout-flow wp-block-column-is-layout-flow\">\n<figure class=\"wp-block-image aligncenter\"><img decoding=\"async\" src=\" https:\/\/www.quartix.com\/content\/uploads\/2017\/11\/alerts.png\" alt=\"\"\/><\/figure>\n<\/div>\n<\/div>\n\n\n\n<div class=\"wp-block-columns is-layout-flex wp-container-core-columns-is-layout-28f84493 wp-block-columns-is-layout-flex\">\n<div class=\"wp-block-column is-layout-flow wp-block-column-is-layout-flow\">\n<figure class=\"wp-block-image aligncenter\"><img decoding=\"async\" src=\" https:\/\/www.quartix.com\/content\/uploads\/2019\/02\/daily-route-maps-mapa-diario-de-ruta-1-1000x621.jpg\" alt=\"daily route maps - mapa diario de ruta\"\/><\/figure>\n<\/div>\n\n\n\n<div class=\"wp-block-column is-layout-flow wp-block-column-is-layout-flow\">\n<h2 class=\"wp-block-heading\">Informes de velocidad<\/h2>\n\n\n\n<p>La salud y la seguridad son de suma importancia en la gesti\u00f3n de una fuerza de trabajo m\u00f3vil.<br>El informe de velocidad complementa las herramientas de estilo de conducci\u00f3n al resumir todos los incidentes de aceleraci\u00f3n para grupos individuales o la flota en su conjunto, cubriendo un periodo de tiempo. Funciona de la siguiente manera:<\/p>\n\n\n\n<ul class=\"wp-block-list\">\n<li>Seleccionar el grupo de veh\u00edculos, el mes y el umbral de velocidad m\u00e1xima \u2013 por ejemplo 80km\/h<\/li>\n\n\n\n<li>Vea la velocidad, la fecha y la hora de cada incidencia, junto con el tiempo transcurrido por encima del umbral de velocidad<\/li>\n\n\n\n<li>&nbsp;Enlaces a mapas de ruta diarios para la ubicaci\u00f3n del incidente<\/li>\n<\/ul>\n<\/div>\n<\/div>\n","protected":false},"excerpt":{"rendered":"<p>Crea tus propias zonas geogr\u00e1ficas Si sus veh\u00edculos necesitan estar dentro o fuera de ciertas \u00e1reas en tiempos definidos, el Geofencing puede alertarle en tiempo real si alguna vez esas reglas se rompen.&nbsp; Empiece simplemente marcando la zona deseada en nuestro mapa con una herramienta de dibujo f\u00e1cil.&nbsp; Le permitimos tener zonas de Geofencing ilimitadas. [&hellip;]<\/p>\n","protected":false},"author":12,"featured_media":0,"parent":123666,"menu_order":50,"comment_status":"closed","ping_status":"closed","template":"","meta":{"_acf_changed":false,"inline_featured_image":false,"footnotes":""},"topic":[],"qtx_campaign":[],"class_list":["post-10742","page","type-page","status-publish","hentry"],"acf":[],"yoast_head":"<!-- This site is optimized with the Yoast SEO Premium plugin v27.3 (Yoast SEO v27.3) - https:\/\/yoast.com\/product\/yoast-seo-premium-wordpress\/ -->\n<title>Geovallado y geozonas - ES<\/title>\n<meta name=\"description\" content=\"Especifique zonas de geovallado ilimitadas y establezca alertas para cuando los veh\u00edculos entran o salen de las zonas. Tenga en cuenta la hora del d\u00eda...\" \/>\n<meta name=\"robots\" content=\"index, follow, max-snippet:-1, max-image-preview:large, max-video-preview:-1\" \/>\n<link rel=\"canonical\" href=\"https:\/\/www.quartix.com\/es-es\/localizador-vehiculos\/alertas\/\" \/>\n<meta property=\"og:locale\" content=\"es_ES\" \/>\n<meta property=\"og:type\" content=\"article\" \/>\n<meta property=\"og:title\" content=\"Alertas\" \/>\n<meta property=\"og:description\" content=\"Especifique zonas de geovallado ilimitadas y establezca alertas para cuando los veh\u00edculos entran o salen de las zonas. Tenga en cuenta la hora del d\u00eda...\" \/>\n<meta property=\"og:url\" content=\"https:\/\/www.quartix.com\/es-es\/localizador-vehiculos\/alertas\/\" \/>\n<meta property=\"og:site_name\" content=\"Quartix\" \/>\n<meta property=\"article:publisher\" content=\"https:\/\/www.facebook.com\/Quartix-USA-374426386097401\/\" \/>\n<meta property=\"article:modified_time\" content=\"2025-09-25T13:26:32+00:00\" \/>\n<meta name=\"twitter:card\" content=\"summary_large_image\" \/>\n<meta name=\"twitter:site\" content=\"@QuartixUSA\" \/>\n<meta name=\"twitter:label1\" content=\"Est. reading time\" \/>\n\t<meta name=\"twitter:data1\" content=\"3 minutes\" \/>\n<!-- \/ Yoast SEO Premium plugin. -->","yoast_head_json":{"title":"Geovallado y geozonas - ES","description":"Especifique zonas de geovallado ilimitadas y establezca alertas para cuando los veh\u00edculos entran o salen de las zonas. Tenga en cuenta la hora del d\u00eda...","robots":{"index":"index","follow":"follow","max-snippet":"max-snippet:-1","max-image-preview":"max-image-preview:large","max-video-preview":"max-video-preview:-1"},"canonical":"https:\/\/www.quartix.com\/es-es\/localizador-vehiculos\/alertas\/","og_locale":"es_ES","og_type":"article","og_title":"Alertas","og_description":"Especifique zonas de geovallado ilimitadas y establezca alertas para cuando los veh\u00edculos entran o salen de las zonas. Tenga en cuenta la hora del d\u00eda...","og_url":"https:\/\/www.quartix.com\/es-es\/localizador-vehiculos\/alertas\/","og_site_name":"Quartix","article_publisher":"https:\/\/www.facebook.com\/Quartix-USA-374426386097401\/","article_modified_time":"2025-09-25T13:26:32+00:00","twitter_card":"summary_large_image","twitter_site":"@QuartixUSA","twitter_misc":{"Est. reading time":"3 minutes"},"schema":{"@context":"https:\/\/schema.org","@graph":[{"@type":"WebPage","@id":"https:\/\/www.quartix.com\/es-es\/localizador-vehiculos\/alertas\/","url":"https:\/\/www.quartix.com\/es-es\/localizador-vehiculos\/alertas\/","name":"Geovallado y geozonas","isPartOf":{"@id":"https:\/\/www.quartix.com\/es-es\/#website"},"datePublished":"2019-01-20T18:18:48+00:00","dateModified":"2025-09-25T13:26:32+00:00","description":"Especifique zonas de geovallado ilimitadas y establezca alertas para cuando los veh\u00edculos entran o salen de las zonas. Tenga en cuenta la hora del d\u00eda...","breadcrumb":{"@id":"https:\/\/www.quartix.com\/es-es\/localizador-vehiculos\/alertas\/#breadcrumb"},"inLanguage":"es-ES","potentialAction":[{"@type":"ReadAction","target":["https:\/\/www.quartix.com\/es-es\/localizador-vehiculos\/alertas\/"]}]},{"@type":"BreadcrumbList","@id":"https:\/\/www.quartix.com\/es-es\/localizador-vehiculos\/alertas\/#breadcrumb","itemListElement":[{"@type":"ListItem","position":1,"name":"Inicio","item":"https:\/\/www.quartix.com\/es-es\/quartix-localizacion-de-vehiculos-en-tiempo-real\/"},{"@type":"ListItem","position":2,"name":"Seguimiento de veh\u00edculos","item":"https:\/\/www.quartix.com\/es-es\/localizador-vehiculos\/"},{"@type":"ListItem","position":3,"name":"Alertas"}]},{"@type":"WebSite","@id":"https:\/\/www.quartix.com\/es-es\/#website","url":"https:\/\/www.quartix.com\/es-es\/","name":"Quartix","description":"Real-time vehicle tracking","publisher":{"@id":"https:\/\/www.quartix.com\/es-es\/#organization"},"potentialAction":[{"@type":"SearchAction","target":{"@type":"EntryPoint","urlTemplate":"https:\/\/www.quartix.com\/es-es\/?s={search_term_string}"},"query-input":{"@type":"PropertyValueSpecification","valueRequired":true,"valueName":"search_term_string"}}],"inLanguage":"es-ES"},{"@type":"Organization","@id":"https:\/\/www.quartix.com\/es-es\/#organization","name":"Quartix","url":"https:\/\/www.quartix.com\/es-es\/","logo":{"@type":"ImageObject","inLanguage":"es-ES","@id":"https:\/\/www.quartix.com\/es-es\/#\/schema\/logo\/image\/","url":"https:\/\/www.quartix.com\/content\/uploads\/2019\/02\/quartix-logo-eur.svg","contentUrl":"https:\/\/www.quartix.com\/content\/uploads\/2019\/02\/quartix-logo-eur.svg","width":1,"height":1,"caption":"Quartix"},"image":{"@id":"https:\/\/www.quartix.com\/es-es\/#\/schema\/logo\/image\/"},"sameAs":["https:\/\/www.facebook.com\/Quartix-USA-374426386097401\/","https:\/\/x.com\/QuartixUSA","https:\/\/www.linkedin.com\/company\/5346733\/","https:\/\/www.youtube.com\/channel\/UCzS-_GMfHF4kWiCheyIRrAQ"]}]}},"_links":{"self":[{"href":"https:\/\/www.quartix.com\/es-es\/wp-json\/wp\/v2\/pages\/10742","targetHints":{"allow":["GET"]}}],"collection":[{"href":"https:\/\/www.quartix.com\/es-es\/wp-json\/wp\/v2\/pages"}],"about":[{"href":"https:\/\/www.quartix.com\/es-es\/wp-json\/wp\/v2\/types\/page"}],"author":[{"embeddable":true,"href":"https:\/\/www.quartix.com\/es-es\/wp-json\/wp\/v2\/users\/12"}],"replies":[{"embeddable":true,"href":"https:\/\/www.quartix.com\/es-es\/wp-json\/wp\/v2\/comments?post=10742"}],"version-history":[{"count":1,"href":"https:\/\/www.quartix.com\/es-es\/wp-json\/wp\/v2\/pages\/10742\/revisions"}],"predecessor-version":[{"id":124934,"href":"https:\/\/www.quartix.com\/es-es\/wp-json\/wp\/v2\/pages\/10742\/revisions\/124934"}],"up":[{"embeddable":true,"href":"https:\/\/www.quartix.com\/es-es\/wp-json\/wp\/v2\/pages\/123666"}],"wp:attachment":[{"href":"https:\/\/www.quartix.com\/es-es\/wp-json\/wp\/v2\/media?parent=10742"}],"wp:term":[{"taxonomy":"topic","embeddable":true,"href":"https:\/\/www.quartix.com\/es-es\/wp-json\/wp\/v2\/topic?post=10742"},{"taxonomy":"qtx_campaign","embeddable":true,"href":"https:\/\/www.quartix.com\/es-es\/wp-json\/wp\/v2\/qtx_campaign?post=10742"}],"curies":[{"name":"wp","href":"https:\/\/api.w.org\/{rel}","templated":true}]}}