{"id":10744,"date":"2019-01-20T18:20:13","date_gmt":"2019-01-20T18:20:13","guid":{"rendered":"https:\/\/www.quartix.com\/producto\/konfiguracja\/"},"modified":"2025-09-25T14:26:37","modified_gmt":"2025-09-25T13:26:37","slug":"configuracion","status":"publish","type":"page","link":"https:\/\/www.quartix.com\/es-es\/localizador-vehiculos\/configuracion\/","title":{"rendered":"Configuraci\u00f3n"},"content":{"rendered":"\n<div class=\"wp-block-columns is-layout-flex wp-container-core-columns-is-layout-28f84493 wp-block-columns-is-layout-flex\">\n<div class=\"wp-block-column is-layout-flow wp-block-column-is-layout-flow\">\n<h2 class=\"wp-block-heading\">Una soluci\u00f3n de rastreo personalizada<\/h2>\n\n\n\n<p>Cada veh\u00edculo se puede configurar para generar reportes de acuerdo a sus requerimientos, ya sea por nosotros o por usted mismo.<\/p>\n\n\n\n<p>Un detallado seminario web muestra c\u00f3mo cambiar las siguiente configuraciones:<\/p>\n\n\n\n<ul class=\"wp-block-list\">\n<li>C\u00f3mo editar los detalles de cada conductor<\/li>\n\n\n\n<li>C\u00f3mo editar los detalles de cada veh\u00edculo<\/li>\n\n\n\n<li>Asignar informes a &#8220;grupos&#8221; de veh\u00edculos<\/li>\n\n\n\n<li>Editar preferencias de usuario<\/li>\n\n\n\n<li>Agregar fechas de vencimiento de ITV, impuestos viales, mantenimiento (servicio) y renovaciones de seguro<\/li>\n\n\n\n<li>C\u00f3mo editar las horas de uso privado de veh\u00edculos<\/li>\n\n\n\n<li>C\u00f3mo editar la zona poligonal<\/li>\n\n\n\n<li>C\u00f3mo manejar sus ubicaciones personalizadas<\/li>\n<\/ul>\n<\/div>\n\n\n\n<div class=\"wp-block-column is-layout-flow wp-block-column-is-layout-flow\">\n<figure class=\"wp-block-image aligncenter\"><img decoding=\"async\" src=\" https:\/\/www.quartix.com\/content\/uploads\/2019\/02\/Configurations.gif\" alt=\"Configurations ES\"\/><\/figure>\n<\/div>\n<\/div>\n\n\n\n<div class=\"wp-block-columns is-layout-flex wp-container-core-columns-is-layout-28f84493 wp-block-columns-is-layout-flex\">\n<div class=\"wp-block-column is-layout-flow wp-block-column-is-layout-flow\">\n<figure class=\"wp-block-image aligncenter size-full is-resized\"><img decoding=\"async\" src=\" https:\/\/www.quartix.com\/content\/uploads\/2024\/05\/custom-locations-mapa-de-ubicacion.jpg\" alt=\"\" class=\"wp-image-102685\" style=\"width:318px\" width=\"318\"\/><\/figure>\n<\/div>\n\n\n\n<div class=\"wp-block-column is-layout-flow wp-block-column-is-layout-flow\">\n<h2 class=\"wp-block-heading\">Ubicaciones personalizadas<\/h2>\n\n\n\n<p>Se brinda una lista de ubicaciones peronalizadas justo debajo de la pantalla del mapa, donde cada n\u00famero de ubicaci\u00f3n corresponde al n\u00famero en los c\u00edrculos azules indicados en el mapa. Al hacer clic en el nombre de cada ubicaci\u00f3n se puede modificar su posici\u00f3n y radio de alcance. Agregar nuevas ubicaciones es igualmente f\u00e1cil: s\u00f3lo debe hacer clic sobre el enlace por encima de la tabla para abrir el di\u00e1logo de edici\u00f3n de ubicaci\u00f3n con una nueva entrada, la cual puede nombrarse y modificarse a su gusto.<\/p>\n<\/div>\n<\/div>\n\n\n\n<div class=\"wp-block-columns is-layout-flex wp-container-core-columns-is-layout-28f84493 wp-block-columns-is-layout-flex\">\n<div class=\"wp-block-column is-layout-flow wp-block-column-is-layout-flow\">\n<h2 class=\"wp-block-heading\">Uso personal o comercial<\/h2>\n\n\n\n<p>Quartix le permite especificar los tipos de uso de sus veh\u00edculos para decidir cu\u00e1ndo son rastreados y cu\u00e1ndo no. Tambi\u00e9n puede especificar los equipos que tengan acceso a los datos de rastreo para proteger la privacidad de sus empleados. Por ejemplo, puede definir las horas de rastreo para los d\u00edas laborales o para los fines de semana o puede definir no rastrear durante los d\u00edas festivos:<\/p>\n\n\n\n<p><strong>Deshabilitar el rastreo del veh\u00edculo<\/strong> \u2013 deshabilite el rastreo del movimiento del veh\u00edculo ar en horas no laborales. El sistema informar\u00e1 el kilometraje recorrido durante este per\u00edodo pero no para las ubicaciones visitadas.<\/p>\n\n\n\n<p><strong>Privilegios de acceso<\/strong> \u2013 las cuentas de usuario se pueden configurar para que s\u00f3lo puedan acceder a determinados datos de rastreo. Por ejemplo, el personal de atenci\u00f3n al cliente podr\u00eda \u00fanicamente necesitar saber d\u00f3nde todos los operativos deben localizar la persona m\u00e1s cercana para el trabajo, pero podr\u00eda no necesitar acceder a las horas laborales y las hojas de horario de los conductores.<\/p>\n<\/div>\n\n\n\n<div class=\"wp-block-column is-layout-flow wp-block-column-is-layout-flow\">\n<figure class=\"wp-block-image aligncenter\"><img decoding=\"async\" src=\" https:\/\/www.quartix.com\/content\/uploads\/2019\/02\/privacy-datos-de-privacidad-de-vehiculo.jpg\" alt=\"privacy - datos de privacidad de vehiculo\"\/><\/figure>\n<\/div>\n<\/div>\n","protected":false},"excerpt":{"rendered":"<p>Una soluci\u00f3n de rastreo personalizada Cada veh\u00edculo se puede configurar para generar reportes de acuerdo a sus requerimientos, ya sea por nosotros o por usted mismo. Un detallado seminario web muestra c\u00f3mo cambiar las siguiente configuraciones: Ubicaciones personalizadas Se brinda una lista de ubicaciones peronalizadas justo debajo de la pantalla del mapa, donde cada n\u00famero [&hellip;]<\/p>\n","protected":false},"author":12,"featured_media":0,"parent":123666,"menu_order":60,"comment_status":"closed","ping_status":"closed","template":"","meta":{"_acf_changed":false,"inline_featured_image":false,"footnotes":""},"topic":[],"qtx_campaign":[],"class_list":["post-10744","page","type-page","status-publish","hentry"],"acf":[],"yoast_head":"<!-- This site is optimized with the Yoast SEO Premium plugin v27.2 (Yoast SEO v27.2) - https:\/\/yoast.com\/product\/yoast-seo-premium-wordpress\/ -->\n<title>Configuraci\u00f3n - ES<\/title>\n<meta name=\"robots\" content=\"index, follow, max-snippet:-1, max-image-preview:large, max-video-preview:-1\" \/>\n<link rel=\"canonical\" href=\"https:\/\/www.quartix.com\/es-es\/localizador-vehiculos\/configuracion\/\" \/>\n<meta property=\"og:locale\" content=\"es_ES\" \/>\n<meta property=\"og:type\" content=\"article\" \/>\n<meta property=\"og:title\" content=\"Configuraci\u00f3n\" \/>\n<meta property=\"og:description\" content=\"Una soluci\u00f3n de rastreo personalizada Cada veh\u00edculo se puede configurar para generar reportes de acuerdo a sus requerimientos, ya sea por nosotros o por usted mismo. Un detallado seminario web muestra c\u00f3mo cambiar las siguiente configuraciones: Ubicaciones personalizadas Se brinda una lista de ubicaciones peronalizadas justo debajo de la pantalla del mapa, donde cada n\u00famero [&hellip;]\" \/>\n<meta property=\"og:url\" content=\"https:\/\/www.quartix.com\/es-es\/localizador-vehiculos\/configuracion\/\" \/>\n<meta property=\"og:site_name\" content=\"Quartix\" \/>\n<meta property=\"article:publisher\" content=\"https:\/\/www.facebook.com\/Quartix-USA-374426386097401\/\" \/>\n<meta property=\"article:modified_time\" content=\"2025-09-25T13:26:37+00:00\" \/>\n<meta name=\"twitter:card\" content=\"summary_large_image\" \/>\n<meta name=\"twitter:site\" content=\"@QuartixUSA\" \/>\n<meta name=\"twitter:label1\" content=\"Est. reading time\" \/>\n\t<meta name=\"twitter:data1\" content=\"3 minutes\" \/>\n<!-- \/ Yoast SEO Premium plugin. -->","yoast_head_json":{"title":"Configuraci\u00f3n - ES","robots":{"index":"index","follow":"follow","max-snippet":"max-snippet:-1","max-image-preview":"max-image-preview:large","max-video-preview":"max-video-preview:-1"},"canonical":"https:\/\/www.quartix.com\/es-es\/localizador-vehiculos\/configuracion\/","og_locale":"es_ES","og_type":"article","og_title":"Configuraci\u00f3n","og_description":"Una soluci\u00f3n de rastreo personalizada Cada veh\u00edculo se puede configurar para generar reportes de acuerdo a sus requerimientos, ya sea por nosotros o por usted mismo. Un detallado seminario web muestra c\u00f3mo cambiar las siguiente configuraciones: Ubicaciones personalizadas Se brinda una lista de ubicaciones peronalizadas justo debajo de la pantalla del mapa, donde cada n\u00famero [&hellip;]","og_url":"https:\/\/www.quartix.com\/es-es\/localizador-vehiculos\/configuracion\/","og_site_name":"Quartix","article_publisher":"https:\/\/www.facebook.com\/Quartix-USA-374426386097401\/","article_modified_time":"2025-09-25T13:26:37+00:00","twitter_card":"summary_large_image","twitter_site":"@QuartixUSA","twitter_misc":{"Est. reading time":"3 minutes"},"schema":{"@context":"https:\/\/schema.org","@graph":[{"@type":"WebPage","@id":"https:\/\/www.quartix.com\/es-es\/localizador-vehiculos\/configuracion\/","url":"https:\/\/www.quartix.com\/es-es\/localizador-vehiculos\/configuracion\/","name":"Configuraci\u00f3n","isPartOf":{"@id":"https:\/\/www.quartix.com\/es-es\/#website"},"datePublished":"2019-01-20T18:20:13+00:00","dateModified":"2025-09-25T13:26:37+00:00","breadcrumb":{"@id":"https:\/\/www.quartix.com\/es-es\/localizador-vehiculos\/configuracion\/#breadcrumb"},"inLanguage":"es-ES","potentialAction":[{"@type":"ReadAction","target":["https:\/\/www.quartix.com\/es-es\/localizador-vehiculos\/configuracion\/"]}]},{"@type":"BreadcrumbList","@id":"https:\/\/www.quartix.com\/es-es\/localizador-vehiculos\/configuracion\/#breadcrumb","itemListElement":[{"@type":"ListItem","position":1,"name":"Inicio","item":"https:\/\/www.quartix.com\/es-es\/quartix-localizacion-de-vehiculos-en-tiempo-real\/"},{"@type":"ListItem","position":2,"name":"Seguimiento de veh\u00edculos","item":"https:\/\/www.quartix.com\/es-es\/localizador-vehiculos\/"},{"@type":"ListItem","position":3,"name":"Configuraci\u00f3n"}]},{"@type":"WebSite","@id":"https:\/\/www.quartix.com\/es-es\/#website","url":"https:\/\/www.quartix.com\/es-es\/","name":"Quartix","description":"Real-time vehicle tracking","publisher":{"@id":"https:\/\/www.quartix.com\/es-es\/#organization"},"potentialAction":[{"@type":"SearchAction","target":{"@type":"EntryPoint","urlTemplate":"https:\/\/www.quartix.com\/es-es\/?s={search_term_string}"},"query-input":{"@type":"PropertyValueSpecification","valueRequired":true,"valueName":"search_term_string"}}],"inLanguage":"es-ES"},{"@type":"Organization","@id":"https:\/\/www.quartix.com\/es-es\/#organization","name":"Quartix","url":"https:\/\/www.quartix.com\/es-es\/","logo":{"@type":"ImageObject","inLanguage":"es-ES","@id":"https:\/\/www.quartix.com\/es-es\/#\/schema\/logo\/image\/","url":"https:\/\/www.quartix.com\/content\/uploads\/2019\/02\/quartix-logo-eur.svg","contentUrl":"https:\/\/www.quartix.com\/content\/uploads\/2019\/02\/quartix-logo-eur.svg","width":1,"height":1,"caption":"Quartix"},"image":{"@id":"https:\/\/www.quartix.com\/es-es\/#\/schema\/logo\/image\/"},"sameAs":["https:\/\/www.facebook.com\/Quartix-USA-374426386097401\/","https:\/\/x.com\/QuartixUSA","https:\/\/www.linkedin.com\/company\/5346733\/","https:\/\/www.youtube.com\/channel\/UCzS-_GMfHF4kWiCheyIRrAQ"]}]}},"_links":{"self":[{"href":"https:\/\/www.quartix.com\/es-es\/wp-json\/wp\/v2\/pages\/10744","targetHints":{"allow":["GET"]}}],"collection":[{"href":"https:\/\/www.quartix.com\/es-es\/wp-json\/wp\/v2\/pages"}],"about":[{"href":"https:\/\/www.quartix.com\/es-es\/wp-json\/wp\/v2\/types\/page"}],"author":[{"embeddable":true,"href":"https:\/\/www.quartix.com\/es-es\/wp-json\/wp\/v2\/users\/12"}],"replies":[{"embeddable":true,"href":"https:\/\/www.quartix.com\/es-es\/wp-json\/wp\/v2\/comments?post=10744"}],"version-history":[{"count":1,"href":"https:\/\/www.quartix.com\/es-es\/wp-json\/wp\/v2\/pages\/10744\/revisions"}],"predecessor-version":[{"id":124933,"href":"https:\/\/www.quartix.com\/es-es\/wp-json\/wp\/v2\/pages\/10744\/revisions\/124933"}],"up":[{"embeddable":true,"href":"https:\/\/www.quartix.com\/es-es\/wp-json\/wp\/v2\/pages\/123666"}],"wp:attachment":[{"href":"https:\/\/www.quartix.com\/es-es\/wp-json\/wp\/v2\/media?parent=10744"}],"wp:term":[{"taxonomy":"topic","embeddable":true,"href":"https:\/\/www.quartix.com\/es-es\/wp-json\/wp\/v2\/topic?post=10744"},{"taxonomy":"qtx_campaign","embeddable":true,"href":"https:\/\/www.quartix.com\/es-es\/wp-json\/wp\/v2\/qtx_campaign?post=10744"}],"curies":[{"name":"wp","href":"https:\/\/api.w.org\/{rel}","templated":true}]}}