{"id":10759,"date":"2019-01-20T19:33:24","date_gmt":"2019-01-20T19:33:24","guid":{"rendered":" https:\/\/www.quartix.com\/mas-informacion\/nowosci\/"},"modified":"2024-02-19T15:03:22","modified_gmt":"2024-02-19T14:03:22","slug":"novedades","status":"publish","type":"page","link":"https:\/\/www.quartix.com\/es-es\/mas-informacion\/novedades\/","title":{"rendered":"Novedades"},"content":{"rendered":"\r\n<section  class=\"qtx-pagebuilder-section qtx-pagebuilder-section-guidelistingtitle\">\r\n<div class=\"wrapper\">\r\n    <div class=\"innercontent\">\r\n    <i class=\"fa fa-rss\" aria-hidden=\"true\"><\/i>    <h2>\u00a1Hola!<\/h2>\n<p>Sabemos que est\u00e1 ocupado as\u00ed que aqu\u00ed le damos un resumen de las \u00faltimas novedades, eventos y entrenamiento de Quatrix y toda la industria.<\/p>\n    <\/div>\r\n    <div class=\"photo\">\r\n        <img decoding=\"async\" src=\"https:\/\/www.quartix.com\/content\/uploads\/2022\/04\/moca-768x888-1.png\" title=\"\"\/>    <\/div>\r\n<\/div>\r\n<\/section>\n\n\r\n\r\n<section  class=\"qtx-pagebuilder-section qtx-pagebuilder-section-guidelisting \">\r\n        <div class=\"listingouter\">\r\n            <div class=\"listingwrapper\">\r\n                <div class=\"listing\">\r\n                        <div class=\"listingtitle\"><h4>V\u00eddeos<\/h4><h3>Acerca de Quartix- Gesti\u00f3n de flotas y seguimiento de veh\u00edculos<\/h3><\/div>                        <div class=\"listingcontent\"><p>Descubre Quartix, la plataforma integral y la app m\u00f3vil para la gesti\u00f3n de flotas, en este recorrido personalizado de la mano de nuestros especialistas.<\/p>\n<\/div>                        <a class='btn btn-green' href='https:\/\/www.youtube.com\/watch?v=e9rl20mhWjI&#038;t' title='Ver ahora' target='_blank'>Ver ahora <i aria-hidden='true' class='fas fa-arrow-circle-right'><\/i><\/a>                <\/div>\r\n                <div class=\"image\">\r\n                                                <img loading=\"lazy\" decoding=\"async\" width=\"640\" height=\"335\" src=\"https:\/\/www.quartix.com\/content\/uploads\/2024\/02\/Thumbnail-video-Maria.png\" class=\"\" alt=\"\" \/>  \r\n                                    <\/div>\r\n            <\/div>\r\n        <\/div>\r\n            <div class=\"listingouter\">\r\n            <div class=\"listingwrapper\">\r\n                <div class=\"listing\">\r\n                        <div class=\"listingtitle\"><h4>Webinar Quartix<\/h4><h3>Geolocalizaci\u00f3n y Seguimiento de Veh\u00edculos: \u00bfQue puede hacer por tu negocio?<\/h3><\/div>                                                <a class='btn btn-green' href='https:\/\/whttps:\/\/www.youtube.com\/watch?v=2axwsnKfRdcww.youtube.com\/watch?v=2axwsnKfRdc' title='Ver ahora' target=''>Ver ahora <i aria-hidden='true' class='fas fa-arrow-circle-right'><\/i><\/a>                <\/div>\r\n                <div class=\"image\">\r\n                                                <img loading=\"lazy\" decoding=\"async\" width=\"640\" height=\"285\" src=\"https:\/\/www.quartix.com\/content\/uploads\/2024\/02\/ES-Webinar-Quartix.png\" class=\"\" alt=\"\" \/>  \r\n                                    <\/div>\r\n            <\/div>\r\n        <\/div>\r\n            <div class=\"listingouter\">\r\n            <div class=\"listingwrapper\">\r\n                <div class=\"listing\">\r\n                        <div class=\"listingtitle\"><h4>gu\u00edas de la industria<\/h4><h3>\u00bfCu\u00e1nto cuesta el seguimiento de veh\u00edculos?<\/h3><\/div>                        <div class=\"listingcontent\"><p>A continuaci\u00f3n encontrar\u00e1 diez de las preguntas m\u00e1s comunes sobre los precios de los sistemas de localizaci\u00f3n de veh\u00edculos, con valiosas perspectivas sobre el mercado.<\/p>\n<\/div>                        <a class='btn btn-green' href=' https:\/\/www.quartix.com\/es-es\/cuanto-cuesta-el-seguimiento-de-vehiculos\/' title='M\u00e1s informaci\u00f3n' target=''>M\u00e1s informaci\u00f3n <i aria-hidden='true' class='fas fa-arrow-circle-right'><\/i><\/a>                <\/div>\r\n                <div class=\"image\">\r\n                                                <img loading=\"lazy\" decoding=\"async\" width=\"492\" height=\"696\" src=\"https:\/\/www.quartix.com\/content\/uploads\/2021\/11\/es-costs-cover.png\" class=\"\" alt=\"\u00bfCu\u00e1nto cuesta el seguimiento de veh\u00edculos?\" srcset=\"https:\/\/www.quartix.com\/content\/uploads\/2021\/11\/es-costs-cover.png 492w, https:\/\/www.quartix.com\/content\/uploads\/2021\/11\/es-costs-cover-212x300.png 212w\" sizes=\"auto, (max-width: 492px) 100vw, 492px\" \/>  \r\n                                    <\/div>\r\n            <\/div>\r\n        <\/div>\r\n            <div class=\"listingouter\">\r\n            <div class=\"listingwrapper\">\r\n                <div class=\"listing\">\r\n                        <div class=\"listingtitle\"><h4>Estudio de caso<\/h4><h3>Autocares Vi\u00f1uela<\/h3><\/div>                        <div class=\"listingcontent\"><p>&#8220;El sistema de seguimiento de Quartix, gracias a su versatilidad, nos ha permitido conocer de manera fehaciente y en tiempo real tanto la ubicaci\u00f3n de nuestros veh\u00edculos como la actividad de nuestros conductores. Una informaci\u00f3n muy valiosa para nuestra empresa que hasta ahora no conoc\u00edamos con tanta precisi\u00f3n.&#8221;<\/p>\n<p><strong>&#8211; Jos\u00e9 Vi\u00f1uela, Gerente, Autocares Vi\u00f1uela <\/strong><\/p>\n<\/div>                        <a class='btn btn-green' href=' https:\/\/www.quartix.com\/es-es\/estudios-de-caso\/autocares-vinuela\/' title='M\u00e1s informaci\u00f3n' target=''>M\u00e1s informaci\u00f3n <i aria-hidden='true' class='fas fa-arrow-circle-right'><\/i><\/a>                <\/div>\r\n                <div class=\"image\">\r\n                                                <img loading=\"lazy\" decoding=\"async\" width=\"600\" height=\"800\" src=\"https:\/\/www.quartix.com\/content\/uploads\/2020\/09\/Quartix-servicio-de-autocares-en-zamora.jpg\" class=\"\" alt=\"\" srcset=\"https:\/\/www.quartix.com\/content\/uploads\/2020\/09\/Quartix-servicio-de-autocares-en-zamora.jpg 600w, https:\/\/www.quartix.com\/content\/uploads\/2020\/09\/Quartix-servicio-de-autocares-en-zamora-225x300.jpg 225w\" sizes=\"auto, (max-width: 600px) 100vw, 600px\" \/>  \r\n                                    <\/div>\r\n            <\/div>\r\n        <\/div>\r\n            <div class=\"listingouter\">\r\n            <div class=\"listingwrapper\">\r\n                <div class=\"listing\">\r\n                        <div class=\"listingtitle\"><h4>nueva caracter\u00edstica<\/h4><h3>Supervisi\u00f3n de horas de motor<\/h3><\/div>                        <div class=\"listingcontent\"><p>Los informes de inspecci\u00f3n t\u00e9cnica de Quartix incluyen datos de las horas del motor, lo que ofrece una mayor comprensi\u00f3n de cu\u00e1nto tiempo ha estado activo un veh\u00edculo con seguimiento de Quartix en un rango de fechas determinado. Saber exactamente cu\u00e1nto tiempo han estado en uso sus veh\u00edculos y maquinaria, puede ser una informaci\u00f3n vital para garantizar que se cumplan los programas de mantenimiento y las normas de salud y seguridad.<\/p>\n<\/div>                        <a class='btn btn-green' href=' https:\/\/www.quartix.com\/es-es\/localizador-vehiculos\/supervision-de-horas-de-motor\/' title='M\u00e1s informaci\u00f3n' target=''>M\u00e1s informaci\u00f3n <i aria-hidden='true' class='fas fa-arrow-circle-right'><\/i><\/a>                <\/div>\r\n                <div class=\"image\">\r\n                                                <img loading=\"lazy\" decoding=\"async\" width=\"640\" height=\"438\" src=\"https:\/\/www.quartix.com\/content\/uploads\/2020\/10\/machinery-being-operated.jpg\" class=\"\" alt=\"Heavy Machinery\" srcset=\"https:\/\/www.quartix.com\/content\/uploads\/2020\/10\/machinery-being-operated.jpg 954w, https:\/\/www.quartix.com\/content\/uploads\/2020\/10\/machinery-being-operated-300x205.jpg 300w, https:\/\/www.quartix.com\/content\/uploads\/2020\/10\/machinery-being-operated-768x526.jpg 768w\" sizes=\"auto, (max-width: 640px) 100vw, 640px\" \/>  \r\n                                    <\/div>\r\n            <\/div>\r\n        <\/div>\r\n            <div class=\"listingouter\">\r\n            <div class=\"listingwrapper\">\r\n                <div class=\"listing\">\r\n                        <div class=\"listingtitle\"><h4>blog<\/h4><h3>\u00bfCu\u00e1nto se puede ahorrar realmente con el rastreo de veh\u00edculos?<\/h3><\/div>                        <div class=\"listingcontent\"><p>El rastreo de veh\u00edculos no se trata s\u00f3lo de localizar sus veh\u00edculos en un mapa, sino que tambi\u00e9n puede proporcionar informaci\u00f3n sobre su fuerza de trabajo m\u00f3vil y puntualizar d\u00f3nde se pueden realizar mejoras para ahorrarle dinero. Un informe independiente de Frost &amp; Sullivan* indica que los datos de rastreo de veh\u00edculos&#8230;<\/p>\n<\/div>                        <a class='btn btn-green' href=' https:\/\/www.quartix.com\/es-es\/blog\/cuanto-se-puede-ahorrar-realmente-con-el-monitoreo-vehicular\/' title='M\u00e1s informaci\u00f3n' target=''>M\u00e1s informaci\u00f3n <i aria-hidden='true' class='fas fa-arrow-circle-right'><\/i><\/a>                <\/div>\r\n                <div class=\"image\">\r\n                                                <img loading=\"lazy\" decoding=\"async\" width=\"640\" height=\"677\" src=\"https:\/\/www.quartix.com\/content\/uploads\/2019\/06\/save-euros-946x1000.png\" class=\"\" alt=\"save image euros\" srcset=\"https:\/\/www.quartix.com\/content\/uploads\/2019\/06\/save-euros-946x1000.png 946w, https:\/\/www.quartix.com\/content\/uploads\/2019\/06\/save-euros-284x300.png 284w, https:\/\/www.quartix.com\/content\/uploads\/2019\/06\/save-euros-768x812.png 768w, https:\/\/www.quartix.com\/content\/uploads\/2019\/06\/save-euros.png 1752w\" sizes=\"auto, (max-width: 640px) 100vw, 640px\" \/>  \r\n                                    <\/div>\r\n            <\/div>\r\n        <\/div>\r\n            <div class=\"listingouter\">\r\n            <div class=\"listingwrapper\">\r\n                <div class=\"listing\">\r\n                        <div class=\"listingtitle\"><h4>seminario web<\/h4><h3>Informe sobre los estilos de conducci\u00f3n de los conductores<\/h3><\/div>                        <div class=\"listingcontent\"><p>En este seminario web Ashley Bates, nuestro cliente experto en rastreo de veh\u00edculos, comparte las aplicaciones en vida real, consejos y accesos r\u00e1pidos de como usar nuestros informes sobre los estilos de manejo de los conductores. Este seminario web incluye:<\/p>\n<ul>\n<li>Tabla de posiciones de los estilos de conducci\u00f3n\u00a0 de los conductores<\/li>\n<li>Informe diario de los conductores<\/li>\n<li>Informe diario de las velocidades<\/li>\n<li>Informe sobre las tendencias de los estilos de conducci\u00f3n de los conductores<\/li>\n<\/ul>\n<\/div>                        <a class='btn btn-green' href=' https:\/\/www.quartix.com\/es-es\/mas-informacion\/seminarios-web\/' title='M\u00edrelo ahora' target=''>M\u00edrelo ahora <i aria-hidden='true' class='fas fa-arrow-circle-right'><\/i><\/a>                <\/div>\r\n                <div class=\"image\">\r\n                                                <img loading=\"lazy\" decoding=\"async\" width=\"640\" height=\"306\" src=\"https:\/\/www.quartix.com\/content\/uploads\/2020\/12\/driving-style-league-table-tabla-de-clasificaciones-de-estilo-de-conduccion-1000x478.png\" class=\"\" alt=\"Tabla de clasificaciones de estilo de conduccion\" srcset=\"https:\/\/www.quartix.com\/content\/uploads\/2020\/12\/driving-style-league-table-tabla-de-clasificaciones-de-estilo-de-conduccion-1000x478.png 1000w, https:\/\/www.quartix.com\/content\/uploads\/2020\/12\/driving-style-league-table-tabla-de-clasificaciones-de-estilo-de-conduccion-300x144.png 300w, https:\/\/www.quartix.com\/content\/uploads\/2020\/12\/driving-style-league-table-tabla-de-clasificaciones-de-estilo-de-conduccion-768x367.png 768w, https:\/\/www.quartix.com\/content\/uploads\/2020\/12\/driving-style-league-table-tabla-de-clasificaciones-de-estilo-de-conduccion.png 1181w\" sizes=\"auto, (max-width: 640px) 100vw, 640px\" \/>  \r\n                                    <\/div>\r\n            <\/div>\r\n        <\/div>\r\n    <\/section>\r\n    ","protected":false},"excerpt":{"rendered":"","protected":false},"author":12,"featured_media":0,"parent":10437,"menu_order":10,"comment_status":"closed","ping_status":"closed","template":"","meta":{"_acf_changed":false,"inline_featured_image":false,"footnotes":""},"topic":[],"qtx_campaign":[],"class_list":["post-10759","page","type-page","status-publish","hentry"],"acf":[],"yoast_head":"<!-- This site is optimized with the Yoast SEO Premium plugin v27.3 (Yoast SEO v27.3) - https:\/\/yoast.com\/product\/yoast-seo-premium-wordpress\/ -->\n<title>Novedades - ES<\/title>\n<meta name=\"description\" content=\"Vea lo que es nuevo en Quartix, incluyendo nuevos lanzamientos de caracter\u00edsticas de productos, historias de \u00e9xito de clientes, seminarios web de capacitaci\u00f3n y centro de ayuda.\" \/>\n<meta name=\"robots\" content=\"index, follow, max-snippet:-1, max-image-preview:large, max-video-preview:-1\" \/>\n<link rel=\"canonical\" href=\"https:\/\/www.quartix.com\/es-es\/mas-informacion\/novedades\/\" \/>\n<meta property=\"og:locale\" content=\"es_ES\" \/>\n<meta property=\"og:type\" content=\"article\" \/>\n<meta property=\"og:title\" content=\"Novedades\" \/>\n<meta property=\"og:description\" content=\"Vea lo que es nuevo en Quartix, incluyendo nuevos lanzamientos de caracter\u00edsticas de productos, historias de \u00e9xito de clientes, seminarios web de capacitaci\u00f3n y centro de ayuda.\" \/>\n<meta property=\"og:url\" content=\"https:\/\/www.quartix.com\/es-es\/mas-informacion\/novedades\/\" \/>\n<meta property=\"og:site_name\" content=\"Quartix\" \/>\n<meta property=\"article:publisher\" content=\"https:\/\/www.facebook.com\/Quartix-USA-374426386097401\/\" \/>\n<meta property=\"article:modified_time\" content=\"2024-02-19T14:03:22+00:00\" \/>\n<meta name=\"twitter:card\" content=\"summary_large_image\" \/>\n<meta name=\"twitter:site\" content=\"@QuartixUSA\" \/>\n<!-- \/ Yoast SEO Premium plugin. -->","yoast_head_json":{"title":"Novedades - ES","description":"Vea lo que es nuevo en Quartix, incluyendo nuevos lanzamientos de caracter\u00edsticas de productos, historias de \u00e9xito de clientes, seminarios web de capacitaci\u00f3n y centro de ayuda.","robots":{"index":"index","follow":"follow","max-snippet":"max-snippet:-1","max-image-preview":"max-image-preview:large","max-video-preview":"max-video-preview:-1"},"canonical":"https:\/\/www.quartix.com\/es-es\/mas-informacion\/novedades\/","og_locale":"es_ES","og_type":"article","og_title":"Novedades","og_description":"Vea lo que es nuevo en Quartix, incluyendo nuevos lanzamientos de caracter\u00edsticas de productos, historias de \u00e9xito de clientes, seminarios web de capacitaci\u00f3n y centro de ayuda.","og_url":"https:\/\/www.quartix.com\/es-es\/mas-informacion\/novedades\/","og_site_name":"Quartix","article_publisher":"https:\/\/www.facebook.com\/Quartix-USA-374426386097401\/","article_modified_time":"2024-02-19T14:03:22+00:00","twitter_card":"summary_large_image","twitter_site":"@QuartixUSA","schema":{"@context":"https:\/\/schema.org","@graph":[{"@type":"WebPage","@id":"https:\/\/www.quartix.com\/es-es\/mas-informacion\/novedades\/","url":"https:\/\/www.quartix.com\/es-es\/mas-informacion\/novedades\/","name":"Novedades","isPartOf":{"@id":"https:\/\/www.quartix.com\/es-es\/#website"},"datePublished":"2019-01-20T19:33:24+00:00","dateModified":"2024-02-19T14:03:22+00:00","description":"Vea lo que es nuevo en Quartix, incluyendo nuevos lanzamientos de caracter\u00edsticas de productos, historias de \u00e9xito de clientes, seminarios web de capacitaci\u00f3n y centro de ayuda.","breadcrumb":{"@id":"https:\/\/www.quartix.com\/es-es\/mas-informacion\/novedades\/#breadcrumb"},"inLanguage":"es-ES","potentialAction":[{"@type":"ReadAction","target":["https:\/\/www.quartix.com\/es-es\/mas-informacion\/novedades\/"]}]},{"@type":"BreadcrumbList","@id":"https:\/\/www.quartix.com\/es-es\/mas-informacion\/novedades\/#breadcrumb","itemListElement":[{"@type":"ListItem","position":1,"name":"Inicio","item":"https:\/\/www.quartix.com\/es-es\/quartix-localizacion-de-vehiculos-en-tiempo-real\/"},{"@type":"ListItem","position":2,"name":"M\u00e1s informaci\u00f3n","item":"https:\/\/www.quartix.com\/es-es\/mas-informacion\/"},{"@type":"ListItem","position":3,"name":"Novedades"}]},{"@type":"WebSite","@id":"https:\/\/www.quartix.com\/es-es\/#website","url":"https:\/\/www.quartix.com\/es-es\/","name":"Quartix","description":"Real-time vehicle tracking","publisher":{"@id":"https:\/\/www.quartix.com\/es-es\/#organization"},"potentialAction":[{"@type":"SearchAction","target":{"@type":"EntryPoint","urlTemplate":"https:\/\/www.quartix.com\/es-es\/?s={search_term_string}"},"query-input":{"@type":"PropertyValueSpecification","valueRequired":true,"valueName":"search_term_string"}}],"inLanguage":"es-ES"},{"@type":"Organization","@id":"https:\/\/www.quartix.com\/es-es\/#organization","name":"Quartix","url":"https:\/\/www.quartix.com\/es-es\/","logo":{"@type":"ImageObject","inLanguage":"es-ES","@id":"https:\/\/www.quartix.com\/es-es\/#\/schema\/logo\/image\/","url":"https:\/\/www.quartix.com\/content\/uploads\/2019\/02\/quartix-logo-eur.svg","contentUrl":"https:\/\/www.quartix.com\/content\/uploads\/2019\/02\/quartix-logo-eur.svg","width":1,"height":1,"caption":"Quartix"},"image":{"@id":"https:\/\/www.quartix.com\/es-es\/#\/schema\/logo\/image\/"},"sameAs":["https:\/\/www.facebook.com\/Quartix-USA-374426386097401\/","https:\/\/x.com\/QuartixUSA","https:\/\/www.linkedin.com\/company\/5346733\/","https:\/\/www.youtube.com\/channel\/UCzS-_GMfHF4kWiCheyIRrAQ"]}]}},"_links":{"self":[{"href":"https:\/\/www.quartix.com\/es-es\/wp-json\/wp\/v2\/pages\/10759","targetHints":{"allow":["GET"]}}],"collection":[{"href":"https:\/\/www.quartix.com\/es-es\/wp-json\/wp\/v2\/pages"}],"about":[{"href":"https:\/\/www.quartix.com\/es-es\/wp-json\/wp\/v2\/types\/page"}],"author":[{"embeddable":true,"href":"https:\/\/www.quartix.com\/es-es\/wp-json\/wp\/v2\/users\/12"}],"replies":[{"embeddable":true,"href":"https:\/\/www.quartix.com\/es-es\/wp-json\/wp\/v2\/comments?post=10759"}],"version-history":[{"count":0,"href":"https:\/\/www.quartix.com\/es-es\/wp-json\/wp\/v2\/pages\/10759\/revisions"}],"up":[{"embeddable":true,"href":"https:\/\/www.quartix.com\/es-es\/wp-json\/wp\/v2\/pages\/10437"}],"wp:attachment":[{"href":"https:\/\/www.quartix.com\/es-es\/wp-json\/wp\/v2\/media?parent=10759"}],"wp:term":[{"taxonomy":"topic","embeddable":true,"href":"https:\/\/www.quartix.com\/es-es\/wp-json\/wp\/v2\/topic?post=10759"},{"taxonomy":"qtx_campaign","embeddable":true,"href":"https:\/\/www.quartix.com\/es-es\/wp-json\/wp\/v2\/qtx_campaign?post=10759"}],"curies":[{"name":"wp","href":"https:\/\/api.w.org\/{rel}","templated":true}]}}