{"id":10761,"date":"2019-01-20T19:34:18","date_gmt":"2019-01-20T19:34:18","guid":{"rendered":" https:\/\/www.quartix.com\/mas-informacion\/warsztaty-internetowe\/"},"modified":"2022-10-14T12:10:27","modified_gmt":"2022-10-14T11:10:27","slug":"seminarios-web","status":"publish","type":"page","link":"https:\/\/www.quartix.com\/es-es\/mas-informacion\/seminarios-web\/","title":{"rendered":"Seminarios web"},"content":{"rendered":"\n<div class=\"wp-block-columns is-layout-flex wp-container-core-columns-is-layout-28f84493 wp-block-columns-is-layout-flex\">\n<div class=\"wp-block-column is-layout-flow wp-block-column-is-layout-flow\">\n<h2 class=\"wp-block-heading\">Geolocalizaci\u00f3n y Seguimiento de Veh\u00edculos: \u00bfQue puede hacer por tu negocio?<\/h2>\n\n\n\n<p>Helmuth Hernandez, Especialista en Sistemas GPS, explica los beneficios que la telem\u00e1tica y el sistema de seguimiento de veh\u00edculos de Quartix pueden aportar a su empresa, desde el seguimiento en tiempo real hasta el an\u00e1lisis del comportamiento del conductor.<\/p>\n\n\n\n<ul class=\"wp-block-list\"><li>&nbsp;Beneficios comerciales clave del seguimiento de veh\u00edculos.<\/li><li>&nbsp;Seguimiento en vivo y repetici\u00f3n de ruta.<\/li><li>Operaciones de flota eficientes y resoluci\u00f3n de disputas.<\/li><li>Comportamiento, cumplimiento y seguridad del conductor.<\/li><li>Medici\u00f3n de velocidad segura &#8211; velocidad relativa.<\/li><li>Personalice los informes y la configuraci\u00f3n a su medida.<\/li><li>Seguimiento en movimiento &#8211; Aplicaci\u00f3n m\u00f3vil.<\/li><\/ul>\n<\/div>\n\n\n\n<div class=\"wp-block-column is-layout-flow wp-block-column-is-layout-flow\">\n<figure class=\"wp-block-embed is-type-video is-provider-youtube wp-block-embed-youtube wp-embed-aspect-16-9 wp-has-aspect-ratio\"><div class=\"wp-block-embed__wrapper\">\n<iframe loading=\"lazy\" title=\"Geolocalizaci\u00f3n y Seguimiento de veh\u00edculos  \u00bfQue puede hacer por tu negocio?\" width=\"640\" height=\"360\" src=\"https:\/\/www.youtube.com\/embed\/2axwsnKfRdc?feature=oembed\" frameborder=\"0\" allow=\"accelerometer; autoplay; clipboard-write; encrypted-media; gyroscope; picture-in-picture; web-share\" referrerpolicy=\"strict-origin-when-cross-origin\" allowfullscreen><\/iframe>\n<\/div><\/figure>\n<\/div>\n<\/div>\n\n\n\n<div class=\"wp-block-columns is-layout-flex wp-container-core-columns-is-layout-28f84493 wp-block-columns-is-layout-flex\">\n<div class=\"wp-block-column is-layout-flow wp-block-column-is-layout-flow\">\n<figure class=\"wp-block-embed aligncenter is-type-video is-provider-youtube wp-block-embed-youtube wp-embed-aspect-16-9 wp-has-aspect-ratio\"><div class=\"wp-block-embed__wrapper\">\n<iframe loading=\"lazy\" title=\"Quartix Webinar #1 - Timesheets\" width=\"640\" height=\"360\" src=\"https:\/\/www.youtube.com\/embed\/hOoDcA8sJcY?feature=oembed\" frameborder=\"0\" allow=\"accelerometer; autoplay; clipboard-write; encrypted-media; gyroscope; picture-in-picture; web-share\" referrerpolicy=\"strict-origin-when-cross-origin\" allowfullscreen><\/iframe>\n<\/div><\/figure>\n<\/div>\n\n\n\n<div class=\"wp-block-column is-layout-flow wp-block-column-is-layout-flow\">\n<h2 class=\"wp-block-heading\">Seminario web sobre hojas de horas<\/h2>\n\n\n\n<p>En este seminario Ashley Bates, nuestro cliente experto en rastreo de veh\u00edculos comparte las aplicaciones en vida real, consejos y accesos r\u00e1pidos de como usar nuestros informes de horarios. Este seminario web incluye:<\/p>\n\n\n\n<ul class=\"wp-block-list\"><li>Las funciones de la hoja de horarios y una visi\u00f3n general<\/li><li>Registro diarios de los veh\u00edculos<\/li><li>Informe sobre los viajes<\/li><li>Informe del tiempo en el lugar de destino<\/li><\/ul>\n<\/div>\n<\/div>\n\n\n\n<div class=\"wp-block-columns is-layout-flex wp-container-core-columns-is-layout-28f84493 wp-block-columns-is-layout-flex\">\n<div class=\"wp-block-column is-layout-flow wp-block-column-is-layout-flow\">\n<h2 class=\"wp-block-heading\">Seminarios web sobre los informes de los estilos de conducci\u00f3n<\/h2>\n\n\n\n<p>En este seminario Ashley Bates, nuestro cliente experto en rastreo de veh\u00edculos, comparte las aplicaciones en vida real, consejos y accesos r\u00e1pidos de c\u00f3mo usar nuestros informes de los estilos de conducci\u00f3n. Este seminario web incluye:<\/p>\n\n\n\n<ul class=\"wp-block-list\"><li>Tabla de clasificaci\u00f3n del estilo de conducci\u00f3n de los conductores<\/li><li>Informe diario sobre los conductores<\/li><li>Informe mensual sobre las velocidades<\/li><li>Informe sobre las tendencias de los estilos de conducci\u00f3n de los conductores<\/li><\/ul>\n<\/div>\n\n\n\n<div class=\"wp-block-column is-layout-flow wp-block-column-is-layout-flow\">\n<figure class=\"wp-block-embed aligncenter is-type-video is-provider-youtube wp-block-embed-youtube wp-embed-aspect-16-9 wp-has-aspect-ratio\"><div class=\"wp-block-embed__wrapper\">\n<iframe loading=\"lazy\" title=\"Quartix Webinar #2   Driving Style Reports\" width=\"640\" height=\"360\" src=\"https:\/\/www.youtube.com\/embed\/bOFN7N4gwEo?feature=oembed\" frameborder=\"0\" allow=\"accelerometer; autoplay; clipboard-write; encrypted-media; gyroscope; picture-in-picture; web-share\" referrerpolicy=\"strict-origin-when-cross-origin\" allowfullscreen><\/iframe>\n<\/div><\/figure>\n<\/div>\n<\/div>\n","protected":false},"excerpt":{"rendered":"<p>Geolocalizaci\u00f3n y Seguimiento de Veh\u00edculos: \u00bfQue puede hacer por tu negocio? Helmuth Hernandez, Especialista en Sistemas GPS, explica los beneficios que la telem\u00e1tica y el sistema de seguimiento de veh\u00edculos de Quartix pueden aportar a su empresa, desde el seguimiento en tiempo real hasta el an\u00e1lisis del comportamiento del conductor. &nbsp;Beneficios comerciales clave del seguimiento [&hellip;]<\/p>\n","protected":false},"author":12,"featured_media":118087,"parent":10437,"menu_order":30,"comment_status":"closed","ping_status":"closed","template":"","meta":{"_acf_changed":false,"inline_featured_image":false,"footnotes":""},"topic":[],"qtx_campaign":[],"class_list":["post-10761","page","type-page","status-publish","has-post-thumbnail","hentry"],"acf":[],"yoast_head":"<!-- This site is optimized with the Yoast SEO Premium plugin v27.3 (Yoast SEO v27.3) - https:\/\/yoast.com\/product\/yoast-seo-premium-wordpress\/ -->\n<title>Seminarios web de clientes de Quartix - ES<\/title>\n<meta name=\"description\" content=\"Mire los seminarios web de clientes de Quartix sobre c\u00f3mo usar las hojas de horarios, el registro diario de los veh\u00edculos, el mapa de ruta diaria, el comportamiento del conductor, informes sobre los \u00faltimos estilos de manejo y mucho m\u00e1s.\" \/>\n<meta name=\"robots\" content=\"index, follow, max-snippet:-1, max-image-preview:large, max-video-preview:-1\" \/>\n<link rel=\"canonical\" href=\"https:\/\/www.quartix.com\/es-es\/mas-informacion\/seminarios-web\/\" \/>\n<meta property=\"og:locale\" content=\"es_ES\" \/>\n<meta property=\"og:type\" content=\"article\" \/>\n<meta property=\"og:title\" content=\"Seminarios web\" \/>\n<meta property=\"og:description\" content=\"Mire los seminarios web de clientes de Quartix sobre c\u00f3mo usar las hojas de horarios, el registro diario de los veh\u00edculos, el mapa de ruta diaria, el comportamiento del conductor, informes sobre los \u00faltimos estilos de manejo y mucho m\u00e1s.\" \/>\n<meta property=\"og:url\" content=\"https:\/\/www.quartix.com\/es-es\/mas-informacion\/seminarios-web\/\" \/>\n<meta property=\"og:site_name\" content=\"Quartix\" \/>\n<meta property=\"article:publisher\" content=\"https:\/\/www.facebook.com\/Quartix-USA-374426386097401\/\" \/>\n<meta property=\"article:modified_time\" content=\"2022-10-14T11:10:27+00:00\" \/>\n<meta property=\"og:image\" content=\"https:\/\/www.quartix.com\/content\/uploads\/2025\/03\/Smart-Fleet-Tracking-Webinar-thumbnail-2.png\" \/>\n\t<meta property=\"og:image:width\" content=\"1280\" \/>\n\t<meta property=\"og:image:height\" content=\"720\" \/>\n\t<meta property=\"og:image:type\" content=\"image\/png\" \/>\n<meta name=\"twitter:card\" content=\"summary_large_image\" \/>\n<meta name=\"twitter:site\" content=\"@QuartixUSA\" \/>\n<meta name=\"twitter:label1\" content=\"Est. reading time\" \/>\n\t<meta name=\"twitter:data1\" content=\"2 minutes\" \/>\n<!-- \/ Yoast SEO Premium plugin. -->","yoast_head_json":{"title":"Seminarios web de clientes de Quartix - ES","description":"Mire los seminarios web de clientes de Quartix sobre c\u00f3mo usar las hojas de horarios, el registro diario de los veh\u00edculos, el mapa de ruta diaria, el comportamiento del conductor, informes sobre los \u00faltimos estilos de manejo y mucho m\u00e1s.","robots":{"index":"index","follow":"follow","max-snippet":"max-snippet:-1","max-image-preview":"max-image-preview:large","max-video-preview":"max-video-preview:-1"},"canonical":"https:\/\/www.quartix.com\/es-es\/mas-informacion\/seminarios-web\/","og_locale":"es_ES","og_type":"article","og_title":"Seminarios web","og_description":"Mire los seminarios web de clientes de Quartix sobre c\u00f3mo usar las hojas de horarios, el registro diario de los veh\u00edculos, el mapa de ruta diaria, el comportamiento del conductor, informes sobre los \u00faltimos estilos de manejo y mucho m\u00e1s.","og_url":"https:\/\/www.quartix.com\/es-es\/mas-informacion\/seminarios-web\/","og_site_name":"Quartix","article_publisher":"https:\/\/www.facebook.com\/Quartix-USA-374426386097401\/","article_modified_time":"2022-10-14T11:10:27+00:00","og_image":[{"width":1280,"height":720,"url":"https:\/\/www.quartix.com\/content\/uploads\/2025\/03\/Smart-Fleet-Tracking-Webinar-thumbnail-2.png","type":"image\/png"}],"twitter_card":"summary_large_image","twitter_site":"@QuartixUSA","twitter_misc":{"Est. reading time":"2 minutes"},"schema":{"@context":"https:\/\/schema.org","@graph":[{"@type":"WebPage","@id":"https:\/\/www.quartix.com\/es-es\/mas-informacion\/seminarios-web\/","url":"https:\/\/www.quartix.com\/es-es\/mas-informacion\/seminarios-web\/","name":"Seminarios web de clientes de Quartix","isPartOf":{"@id":"https:\/\/www.quartix.com\/es-es\/#website"},"primaryImageOfPage":{"@id":"https:\/\/www.quartix.com\/es-es\/mas-informacion\/seminarios-web\/#primaryimage"},"image":{"@id":"https:\/\/www.quartix.com\/es-es\/mas-informacion\/seminarios-web\/#primaryimage"},"thumbnailUrl":"https:\/\/www.quartix.com\/content\/uploads\/2025\/03\/Smart-Fleet-Tracking-Webinar-thumbnail-2.png","datePublished":"2019-01-20T19:34:18+00:00","dateModified":"2022-10-14T11:10:27+00:00","description":"Mire los seminarios web de clientes de Quartix sobre c\u00f3mo usar las hojas de horarios, el registro diario de los veh\u00edculos, el mapa de ruta diaria, el comportamiento del conductor, informes sobre los \u00faltimos estilos de manejo y mucho m\u00e1s.","breadcrumb":{"@id":"https:\/\/www.quartix.com\/es-es\/mas-informacion\/seminarios-web\/#breadcrumb"},"inLanguage":"es-ES","potentialAction":[{"@type":"ReadAction","target":["https:\/\/www.quartix.com\/es-es\/mas-informacion\/seminarios-web\/"]}]},{"@type":"ImageObject","inLanguage":"es-ES","@id":"https:\/\/www.quartix.com\/es-es\/mas-informacion\/seminarios-web\/#primaryimage","url":"https:\/\/www.quartix.com\/content\/uploads\/2025\/03\/Smart-Fleet-Tracking-Webinar-thumbnail-2.png","contentUrl":"https:\/\/www.quartix.com\/content\/uploads\/2025\/03\/Smart-Fleet-Tracking-Webinar-thumbnail-2.png","width":1280,"height":720,"caption":"Man in a blue shirt and blazer stands in front of a backdrop promoting a webinar titled \"Smart Fleet Tracking Today\" with data charts and a map visible in the background."},{"@type":"BreadcrumbList","@id":"https:\/\/www.quartix.com\/es-es\/mas-informacion\/seminarios-web\/#breadcrumb","itemListElement":[{"@type":"ListItem","position":1,"name":"Inicio","item":"https:\/\/www.quartix.com\/es-es\/"},{"@type":"ListItem","position":2,"name":"M\u00e1s informaci\u00f3n","item":"https:\/\/www.quartix.com\/es-es\/mas-informacion\/"},{"@type":"ListItem","position":3,"name":"Seminarios web"}]},{"@type":"WebSite","@id":"https:\/\/www.quartix.com\/es-es\/#website","url":"https:\/\/www.quartix.com\/es-es\/","name":"Quartix","description":"Real-time vehicle tracking","publisher":{"@id":"https:\/\/www.quartix.com\/es-es\/#organization"},"potentialAction":[{"@type":"SearchAction","target":{"@type":"EntryPoint","urlTemplate":"https:\/\/www.quartix.com\/es-es\/?s={search_term_string}"},"query-input":{"@type":"PropertyValueSpecification","valueRequired":true,"valueName":"search_term_string"}}],"inLanguage":"es-ES"},{"@type":"Organization","@id":"https:\/\/www.quartix.com\/es-es\/#organization","name":"Quartix","url":"https:\/\/www.quartix.com\/es-es\/","logo":{"@type":"ImageObject","inLanguage":"es-ES","@id":"https:\/\/www.quartix.com\/es-es\/#\/schema\/logo\/image\/","url":"https:\/\/www.quartix.com\/content\/uploads\/2019\/02\/quartix-logo-eur.svg","contentUrl":"https:\/\/www.quartix.com\/content\/uploads\/2019\/02\/quartix-logo-eur.svg","width":1,"height":1,"caption":"Quartix"},"image":{"@id":"https:\/\/www.quartix.com\/es-es\/#\/schema\/logo\/image\/"},"sameAs":["https:\/\/www.facebook.com\/Quartix-USA-374426386097401\/","https:\/\/x.com\/QuartixUSA","https:\/\/www.linkedin.com\/company\/5346733\/","https:\/\/www.youtube.com\/channel\/UCzS-_GMfHF4kWiCheyIRrAQ"]}]}},"_links":{"self":[{"href":"https:\/\/www.quartix.com\/es-es\/wp-json\/wp\/v2\/pages\/10761","targetHints":{"allow":["GET"]}}],"collection":[{"href":"https:\/\/www.quartix.com\/es-es\/wp-json\/wp\/v2\/pages"}],"about":[{"href":"https:\/\/www.quartix.com\/es-es\/wp-json\/wp\/v2\/types\/page"}],"author":[{"embeddable":true,"href":"https:\/\/www.quartix.com\/es-es\/wp-json\/wp\/v2\/users\/12"}],"replies":[{"embeddable":true,"href":"https:\/\/www.quartix.com\/es-es\/wp-json\/wp\/v2\/comments?post=10761"}],"version-history":[{"count":0,"href":"https:\/\/www.quartix.com\/es-es\/wp-json\/wp\/v2\/pages\/10761\/revisions"}],"up":[{"embeddable":true,"href":"https:\/\/www.quartix.com\/es-es\/wp-json\/wp\/v2\/pages\/10437"}],"wp:featuredmedia":[{"embeddable":true,"href":"https:\/\/www.quartix.com\/es-es\/wp-json\/wp\/v2\/media\/118087"}],"wp:attachment":[{"href":"https:\/\/www.quartix.com\/es-es\/wp-json\/wp\/v2\/media?parent=10761"}],"wp:term":[{"taxonomy":"topic","embeddable":true,"href":"https:\/\/www.quartix.com\/es-es\/wp-json\/wp\/v2\/topic?post=10761"},{"taxonomy":"qtx_campaign","embeddable":true,"href":"https:\/\/www.quartix.com\/es-es\/wp-json\/wp\/v2\/qtx_campaign?post=10761"}],"curies":[{"name":"wp","href":"https:\/\/api.w.org\/{rel}","templated":true}]}}