{"id":10763,"date":"2019-01-21T06:49:39","date_gmt":"2019-01-21T06:49:39","guid":{"rendered":" https:\/\/www.quartix.com\/empresa\/o-nas\/"},"modified":"2022-10-14T11:46:31","modified_gmt":"2022-10-14T10:46:31","slug":"acerca","status":"publish","type":"page","link":"https:\/\/www.quartix.com\/es-es\/empresa\/acerca\/","title":{"rendered":"Acerca"},"content":{"rendered":"\n<div class=\"wp-block-columns is-layout-flex wp-container-core-columns-is-layout-28f84493 wp-block-columns-is-layout-flex\">\n<div class=\"wp-block-column is-layout-flow wp-block-column-is-layout-flow\">\n<h2 class=\"wp-block-heading\">Expertos en rastreo<\/h2>\n\n\n\n<p>El sistema Quartix ha sido instalado en m\u00e1s de 600.000 veh\u00edculos.<\/p>\n\n\n\n<p>Quartix fue fundada en 2001 por cuatro profesionales del sector con m\u00e1s de 120 a\u00f1os de experiencia combinada en el dise\u00f1o de sistemas, telemetr\u00eda, sistemas integrados, comunicaciones y dise\u00f1o e implementaci\u00f3n de base de datos. El fundador y director general de la compa\u00f1\u00eda a\u00fan permanece con nosotros en la actualidad.<\/p>\n\n\n\n<p>La aceptaci\u00f3n de los sistemas de Quartix ha sido excelente desde entonces: la compa\u00f1\u00eda posee m\u00e1s de 20.000 flotas de clientes en los Estados Unidos y Europa. <\/p>\n\n\n\n<p>Quartix es una compa\u00f1\u00eda de <a href=\"\/en-gb\/company\/investors\/\">cotizaci\u00f3n en bolsa<\/a> presente en la Bolsa de Valores de Londres desde 2013.<\/p>\n<\/div>\n\n\n\n<div class=\"wp-block-column is-layout-flow wp-block-column-is-layout-flow\">\n<figure class=\"wp-block-image aligncenter size-full\"><img decoding=\"async\" src=\" https:\/\/www.quartix.com\/content\/uploads\/2021\/06\/experts-at-tracking.svg\" alt=\"\" class=\"wp-image-59285\"\/><\/figure>\n<\/div>\n<\/div>\n\n\n<section class=\"qtx-pagebuilder-section countups qtx-pagebuilder-section-counters   nobottommargin\">\r\n        <div class=\"countup first\">\r\n            <p class=\"pretext\">M\u00e1s de<\/p>\r\n            <p class=\"value\" id=\"cid11764562541\">600000<\/p>\r\n            <p class=\"posttext\">unidades instaladas desde 2001<\/p>\r\n        <\/div>\r\n        <div class=\"countup\">\r\n            <p class=\"pretext\">M\u00e1s de<\/p>\r\n            <p class=\"value\" id=\"cid11764562542\">20<\/p>\r\n            <p class=\"posttext\">a\u00f1os de experiencia<\/p>\r\n        <\/div>\r\n        <div class=\"countup\">\r\n            <p class=\"pretext\">M\u00e1s de<\/p>\r\n            <p class=\"value\" id=\"cid11764562543\">400<\/p>\r\n            <p class=\"posttext\">nuevos clientes de flotas cada mes<\/p>\r\n    <\/div>\r\n<\/section>\r\n\r\n<script nonce=\"\" nonce=\"\">\r\n\r\n    jQuery(function($) {\r\n        $( document ).ready(function(){\r\n            var countercontroller1176456254 = new ScrollMagic.Controller();\r\n\r\n                                var options = {\r\n                        useEasing: true,\r\n                        useGrouping: true,\r\n                        separator: '.',\r\n                        decimal: ',',\r\n                        suffix: ''\r\n                    };\r\n                \r\n            let c1countup= new CountUp('cid11764562541', 0, 600000,0,2,options);\r\n\t\t\tvar c1scene = new ScrollMagic.Scene({\r\n                triggerElement: \"#cid11764562541\",\r\n                triggerHook: 'onEnter',\r\n\t\t\t})\r\n\t\t\t.addTo(countercontroller1176456254);\r\n            c1scene.on(\"enter\", function (event) {\r\n                if (!c1countup.error) {\r\n                \u2003\u2003c1countup.start();\r\n                } else {\r\n                \u2003\u2003console.error(c1countup.error);\r\n                }\r\n            });\r\n\r\n            let c2countup= new CountUp('cid11764562542', 0, 20,0,2,options);\r\n\t\t\tvar c2scene = new ScrollMagic.Scene({\r\n                triggerElement: \"#cid11764562542\",\r\n                triggerHook: 'onEnter',\r\n\t\t\t})\r\n\t\t\t.addTo(countercontroller1176456254);\r\n            c2scene.on(\"enter\", function (event) {\r\n                if (!c2countup.error) {\r\n                \u2003\u2003c2countup.start();\r\n                } else {\r\n                \u2003\u2003console.error(c2countup.error);\r\n                }\r\n            });\r\n\r\n            let c3countup= new CountUp('cid11764562543', 0, 400,0,2,options);\r\n\t\t\tvar c3scene = new ScrollMagic.Scene({\r\n                triggerElement: \"#cid11764562543\",\r\n                triggerHook: 'onEnter',\r\n\t\t\t})\r\n\t\t\t.addTo(countercontroller1176456254);\r\n            c3scene.on(\"enter\", function (event) {\r\n                if (!c3countup.error) {\r\n                \u2003\u2003c3countup.start();\r\n                } else {\r\n                \u2003\u2003console.error(c3countup.error);\r\n                }\r\n            });\r\n        })  \r\n    })\r\n            <\/script>\n\n<section  class=\"qtx-pagebuilder-section qtx-pagebuilder-section-blockquote qtx-pagebuilder-section-blockquote-green_testimonial_with_logo \">\r\n        <div class=\"green_testimonial_with_logo\">\r\n            <div class=\"speechmarks\">\r\n            <\/div>\r\n            <blockquote>\r\n                <p>Los servicios de ventas y atenci\u00f3n al cliente de Quartix son excelentes. Me atienden r\u00e1pidamente y siempre han sido agradables y de gran ayuda.<\/p>\n                                    <footer>\r\n                                                                            <div class=\"cites\">\r\n                                <cite class=\"author\">Derek Barnes<\/cite>\r\n                                <cite class=\"author_line_2\">Advanced Timber Harvesters<\/cite>\r\n                            <\/div>\r\n                                            <\/footer>\r\n                            <\/blockquote>\r\n        <\/div>\r\n        <\/section>\r\n\r\n\n\n\n<div class=\"wp-block-columns is-layout-flex wp-container-core-columns-is-layout-28f84493 wp-block-columns-is-layout-flex\">\n<div class=\"wp-block-column is-layout-flow wp-block-column-is-layout-flow\">\n<figure class=\"wp-block-image aligncenter\"><img decoding=\"async\" src=\" https:\/\/www.quartix.com\/content\/uploads\/2017\/09\/customers-big-and-small.svg\" alt=\"\"\/><\/figure>\n<\/div>\n\n\n\n<div class=\"wp-block-column is-layout-flow wp-block-column-is-layout-flow\">\n<h2 class=\"wp-block-heading\">Lo que ofrecemos<\/h2>\n\n\n\n<p><strong>Acceso en l\u00ednea: <\/strong> en su casa, en su trabajo o estando fuera.<\/p>\n\n\n\n<p><strong>R\u00e1pido y f\u00e1cil de usar: <\/strong> acceso r\u00e1pido en l\u00ednea con controles claros que hacen que el sistema sea muy f\u00e1cil de usar.<\/p>\n\n\n\n<p><strong>Sin costes ocultos: <\/strong> nuestros precios est\u00e1n publicados en l\u00ednea y no hay garant\u00edas, software o cargos de servicios ocultos.<\/p>\n\n\n\n<p><strong>Contratos de suscripci\u00f3n cortos: <\/strong> no lo obligaremos a entrar en un contrato de tres a\u00f1os. Estamos seguros que se quedar\u00e1 con nosotros luego de la prueba inicial.<\/p>\n\n\n\n<p><strong>Servicio: <\/strong> estamos muy orgullosos del nivel del servicio y las relaciones extensas que mantenemos con nuestros clientes.<\/p>\n\n\n\n<p><strong>Coste:<\/strong> queremos entregarle lo que necesita y no funciones que no son necesarias.<\/p>\n<\/div>\n<\/div>\n\n\n\n<div class=\"wp-block-columns is-layout-flex wp-container-core-columns-is-layout-28f84493 wp-block-columns-is-layout-flex\">\n<div class=\"wp-block-column is-layout-flow wp-block-column-is-layout-flow\">\n<h2 class=\"wp-block-heading\">Sobre nuestros clientes<\/h2>\n\n\n\n<p>Algunos de nuestros clientes de rastreo de veh\u00edculos&nbsp;son:<\/p>\n\n\n\n<p><strong>Construcci\u00f3n: <\/strong>Excavaci\u00f3n, pintura y decoraci\u00f3n, fontaner\u00eda, servicios el\u00e9ctricos, alba\u00f1iler\u00eda, mamposter\u00eda, colocaci\u00f3n de suelos, revestimiento exterior, aire acondicionado&#8230;<\/p>\n\n\n\n<p><strong>Servicios especializados internos y externos: <\/strong> Instalaci\u00f3n y mantenimiento de carteler\u00eda, instalaci\u00f3n comercial , control de plagas, comercializaci\u00f3n, herramientas mec\u00e1nicas, reemplazo de ventanas, limpieza, servicios ambientales&#8230;<\/p>\n\n\n\n<p><strong>Transporte:<\/strong> Cobertura de un amplio rango de servicios de transporte incluyendo fletes y cargas, reparto de correo, taxis, y servicios especializados como transporte de piezas de arte y objetos de valor&#8230;<\/p>\n\n\n\n<p><strong>Seguridad: <\/strong>Incluyendo TV por cable, rastreo de patrullas, transporte de personal, rastreo de equipamientos y maquinarias, cerrajer\u00eda&#8230;<\/p>\n\n\n\n<p><strong>Distribuci\u00f3n de productos: <\/strong>Incluyendo materias primas, alimentos, aves de corral, embalaje, hardware, art\u00edculos el\u00e9ctricos, joyer\u00eda, distribuci\u00f3n de componentes..<\/p>\n<\/div>\n\n\n\n<div class=\"wp-block-column is-layout-flow wp-block-column-is-layout-flow\">\n<figure class=\"wp-block-image aligncenter\"><img decoding=\"async\" src=\" https:\/\/www.quartix.com\/content\/uploads\/2017\/09\/award-winning.svg\" alt=\"\"\/><\/figure>\n<\/div>\n<\/div>\n","protected":false},"excerpt":{"rendered":"<p>Expertos en rastreo El sistema Quartix ha sido instalado en m\u00e1s de 600.000 veh\u00edculos. Quartix fue fundada en 2001 por cuatro profesionales del sector con m\u00e1s de 120 a\u00f1os de experiencia combinada en el dise\u00f1o de sistemas, telemetr\u00eda, sistemas integrados, comunicaciones y dise\u00f1o e implementaci\u00f3n de base de datos. El fundador y director general de [&hellip;]<\/p>\n","protected":false},"author":12,"featured_media":0,"parent":10445,"menu_order":10,"comment_status":"closed","ping_status":"closed","template":"","meta":{"_acf_changed":false,"inline_featured_image":false,"footnotes":""},"topic":[],"qtx_campaign":[],"class_list":["post-10763","page","type-page","status-publish","hentry"],"acf":[],"yoast_head":"<!-- This site is optimized with the Yoast SEO Premium plugin v27.2 (Yoast SEO v27.2) - https:\/\/yoast.com\/product\/yoast-seo-premium-wordpress\/ -->\n<title>Acerca - ES<\/title>\n<meta name=\"description\" content=\"Quartix tiene m\u00e1s de 17 a\u00f1os de experiencia en ofrecer sistemas de monitoreo por GPS a m\u00e1s de 12.000 flotas de muchos diferentes sectores en varios continentes.\" \/>\n<meta name=\"robots\" content=\"index, follow, max-snippet:-1, max-image-preview:large, max-video-preview:-1\" \/>\n<link rel=\"canonical\" href=\"https:\/\/www.quartix.com\/es-es\/empresa\/acerca\/\" \/>\n<meta property=\"og:locale\" content=\"es_ES\" \/>\n<meta property=\"og:type\" content=\"article\" \/>\n<meta property=\"og:title\" content=\"Acerca\" \/>\n<meta property=\"og:description\" content=\"Quartix tiene m\u00e1s de 17 a\u00f1os de experiencia en ofrecer sistemas de monitoreo por GPS a m\u00e1s de 12.000 flotas de muchos diferentes sectores en varios continentes.\" \/>\n<meta property=\"og:url\" content=\"https:\/\/www.quartix.com\/es-es\/empresa\/acerca\/\" \/>\n<meta property=\"og:site_name\" content=\"Quartix\" \/>\n<meta property=\"article:publisher\" content=\"https:\/\/www.facebook.com\/Quartix-USA-374426386097401\/\" \/>\n<meta property=\"article:modified_time\" content=\"2022-10-14T10:46:31+00:00\" \/>\n<meta name=\"twitter:card\" content=\"summary_large_image\" \/>\n<meta name=\"twitter:site\" content=\"@QuartixUSA\" \/>\n<meta name=\"twitter:label1\" content=\"Est. reading time\" \/>\n\t<meta name=\"twitter:data1\" content=\"3 minutes\" \/>\n<!-- \/ Yoast SEO Premium plugin. -->","yoast_head_json":{"title":"Acerca - ES","description":"Quartix tiene m\u00e1s de 17 a\u00f1os de experiencia en ofrecer sistemas de monitoreo por GPS a m\u00e1s de 12.000 flotas de muchos diferentes sectores en varios continentes.","robots":{"index":"index","follow":"follow","max-snippet":"max-snippet:-1","max-image-preview":"max-image-preview:large","max-video-preview":"max-video-preview:-1"},"canonical":"https:\/\/www.quartix.com\/es-es\/empresa\/acerca\/","og_locale":"es_ES","og_type":"article","og_title":"Acerca","og_description":"Quartix tiene m\u00e1s de 17 a\u00f1os de experiencia en ofrecer sistemas de monitoreo por GPS a m\u00e1s de 12.000 flotas de muchos diferentes sectores en varios continentes.","og_url":"https:\/\/www.quartix.com\/es-es\/empresa\/acerca\/","og_site_name":"Quartix","article_publisher":"https:\/\/www.facebook.com\/Quartix-USA-374426386097401\/","article_modified_time":"2022-10-14T10:46:31+00:00","twitter_card":"summary_large_image","twitter_site":"@QuartixUSA","twitter_misc":{"Est. reading time":"3 minutes"},"schema":{"@context":"https:\/\/schema.org","@graph":[{"@type":"WebPage","@id":"https:\/\/www.quartix.com\/es-es\/empresa\/acerca\/","url":"https:\/\/www.quartix.com\/es-es\/empresa\/acerca\/","name":"Acerca","isPartOf":{"@id":"https:\/\/www.quartix.com\/es-es\/#website"},"datePublished":"2019-01-21T06:49:39+00:00","dateModified":"2022-10-14T10:46:31+00:00","description":"Quartix tiene m\u00e1s de 17 a\u00f1os de experiencia en ofrecer sistemas de monitoreo por GPS a m\u00e1s de 12.000 flotas de muchos diferentes sectores en varios continentes.","breadcrumb":{"@id":"https:\/\/www.quartix.com\/es-es\/empresa\/acerca\/#breadcrumb"},"inLanguage":"es-ES","potentialAction":[{"@type":"ReadAction","target":["https:\/\/www.quartix.com\/es-es\/empresa\/acerca\/"]}]},{"@type":"BreadcrumbList","@id":"https:\/\/www.quartix.com\/es-es\/empresa\/acerca\/#breadcrumb","itemListElement":[{"@type":"ListItem","position":1,"name":"Inicio","item":"https:\/\/www.quartix.com\/es-es\/quartix-localizacion-de-vehiculos-en-tiempo-real\/"},{"@type":"ListItem","position":2,"name":"Empresa","item":"https:\/\/www.quartix.com\/es-es\/empresa\/"},{"@type":"ListItem","position":3,"name":"Acerca"}]},{"@type":"WebSite","@id":"https:\/\/www.quartix.com\/es-es\/#website","url":"https:\/\/www.quartix.com\/es-es\/","name":"Quartix","description":"Real-time vehicle tracking","publisher":{"@id":"https:\/\/www.quartix.com\/es-es\/#organization"},"potentialAction":[{"@type":"SearchAction","target":{"@type":"EntryPoint","urlTemplate":"https:\/\/www.quartix.com\/es-es\/?s={search_term_string}"},"query-input":{"@type":"PropertyValueSpecification","valueRequired":true,"valueName":"search_term_string"}}],"inLanguage":"es-ES"},{"@type":"Organization","@id":"https:\/\/www.quartix.com\/es-es\/#organization","name":"Quartix","url":"https:\/\/www.quartix.com\/es-es\/","logo":{"@type":"ImageObject","inLanguage":"es-ES","@id":"https:\/\/www.quartix.com\/es-es\/#\/schema\/logo\/image\/","url":"https:\/\/www.quartix.com\/content\/uploads\/2019\/02\/quartix-logo-eur.svg","contentUrl":"https:\/\/www.quartix.com\/content\/uploads\/2019\/02\/quartix-logo-eur.svg","width":1,"height":1,"caption":"Quartix"},"image":{"@id":"https:\/\/www.quartix.com\/es-es\/#\/schema\/logo\/image\/"},"sameAs":["https:\/\/www.facebook.com\/Quartix-USA-374426386097401\/","https:\/\/x.com\/QuartixUSA","https:\/\/www.linkedin.com\/company\/5346733\/","https:\/\/www.youtube.com\/channel\/UCzS-_GMfHF4kWiCheyIRrAQ"]}]}},"_links":{"self":[{"href":"https:\/\/www.quartix.com\/es-es\/wp-json\/wp\/v2\/pages\/10763","targetHints":{"allow":["GET"]}}],"collection":[{"href":"https:\/\/www.quartix.com\/es-es\/wp-json\/wp\/v2\/pages"}],"about":[{"href":"https:\/\/www.quartix.com\/es-es\/wp-json\/wp\/v2\/types\/page"}],"author":[{"embeddable":true,"href":"https:\/\/www.quartix.com\/es-es\/wp-json\/wp\/v2\/users\/12"}],"replies":[{"embeddable":true,"href":"https:\/\/www.quartix.com\/es-es\/wp-json\/wp\/v2\/comments?post=10763"}],"version-history":[{"count":0,"href":"https:\/\/www.quartix.com\/es-es\/wp-json\/wp\/v2\/pages\/10763\/revisions"}],"up":[{"embeddable":true,"href":"https:\/\/www.quartix.com\/es-es\/wp-json\/wp\/v2\/pages\/10445"}],"wp:attachment":[{"href":"https:\/\/www.quartix.com\/es-es\/wp-json\/wp\/v2\/media?parent=10763"}],"wp:term":[{"taxonomy":"topic","embeddable":true,"href":"https:\/\/www.quartix.com\/es-es\/wp-json\/wp\/v2\/topic?post=10763"},{"taxonomy":"qtx_campaign","embeddable":true,"href":"https:\/\/www.quartix.com\/es-es\/wp-json\/wp\/v2\/qtx_campaign?post=10763"}],"curies":[{"name":"wp","href":"https:\/\/api.w.org\/{rel}","templated":true}]}}