{"id":107769,"date":"2024-07-11T00:21:44","date_gmt":"2024-07-10T23:21:44","guid":{"rendered":"https:\/\/www.quartix.com\/?page_id=107769"},"modified":"2024-07-12T14:42:10","modified_gmt":"2024-07-12T13:42:10","slug":"guia-rgpd-para-gestores-de-flotas","status":"publish","type":"page","link":"https:\/\/www.quartix.com\/es-es\/mas-informacion\/guia-rgpd-para-gestores-de-flotas\/","title":{"rendered":"Gu\u00eda RGPD para gestores de flotas"},"content":{"rendered":"\r\n<div   class=\"hero-block bighero\">\r\n    <img loading=\"lazy\" decoding=\"async\" width=\"1254\" height=\"464\" src=\"https:\/\/www.quartix.com\/content\/uploads\/2023\/09\/Van-driver-header.png\" class=\"\" alt=\"\" srcset=\"https:\/\/www.quartix.com\/content\/uploads\/2023\/09\/Van-driver-header.png 1254w, https:\/\/www.quartix.com\/content\/uploads\/2023\/09\/Van-driver-header-300x111.png 300w, https:\/\/www.quartix.com\/content\/uploads\/2023\/09\/Van-driver-header-1000x370.png 1000w, https:\/\/www.quartix.com\/content\/uploads\/2023\/09\/Van-driver-header-768x284.png 768w\" sizes=\"auto, (max-width: 1254px) 100vw, 1254px\" \/>                <div class=\"hero-overlay\"><\/div>\r\n            \r\n\r\n\r\n    <div class=\"hero-content \">\r\n        <div class=\"inner limited-width\">\r\n                                                <p class=\"title stylelikeh1\">Aseg\u00farate de Cumplir con el RGPD al Rastrear tu Flota<\/p>\r\n                                <p class=\"text\">Dado que los sistemas de seguimiento de veh\u00edculos recopilan y almacenan datos personales, es necesario aplicar las directrices del RGPD. Conoce los procesos que debes seguir al manejar datos potencialmente sensibles.<\/p>                                        <div class=\"buttons\">\r\n                    <a href=\"https:\/\/go.marketing.quartix.com\/Guia_del_reglamento_general_de_proteccion_de_datos_RGPD\" class=\"btn btn-green btn-inline\" target=\"_blank\" title=\"DESCARGA LA GU\u00cdA\">DESCARGA LA GU\u00cdA<\/a>\r\n                <\/div>\r\n                    <\/div>\r\n    <\/div>\r\n<\/div>\n\n\r\n<div   class=\"hero-block smallhero landing-cta\">\r\n            <div class=\"hero-overlay greybg\"><\/div>\r\n        <div class=\"hero-content greybg noimage\">\r\n        <div class=\"inner\">\r\n            <h2 class=\"title\">Asegura la informaci\u00f3n de tus empleados<\/h2>            <div class=\"author\"><p>Evita fuertes sanciones por violaciones de datos entendiendo tus responsabilidades al usar un sistema de seguimiento de veh\u00edculos. En esta gu\u00eda, encontrar\u00e1s las preguntas clave que debes hacerte, tales como:<\/p>\n<\/div>            <div class='landingctalist centrelist'><ul class='ticks fa-ul' style=''><li><span class='fa-li'><i class='fas fa-check-circle'><\/i><\/span>\u00bfEst\u00e1s recopilando datos por una raz\u00f3n leg\u00edtima?<\/li><li><span class='fa-li'><i class='fas fa-check-circle'><\/i><\/span>\u00bfC\u00f3mo se almacenan y protegen los datos?<\/li><li><span class='fa-li'><i class='fas fa-check-circle'><\/i><\/span>\u00bfCu\u00e1nto tiempo mantienes los datos sensibles?<\/li><li><span class='fa-li'><i class='fas fa-check-circle'><\/i><\/span>\u00bfPuedes demostrar tu cumplimiento con el RGPD?<\/li><\/ul><\/div>            \r\n                            <div class=\"buttons\">\r\n                    <a href=\"https:\/\/go.marketing.quartix.com\/Guia_del_reglamento_general_de_proteccion_de_datos_RGPD\" class=\"btn btn-green\" target=\"_blank\" title=\"DESCARGA LA GU\u00cdA\">DESCARGA LA GU\u00cdA<\/a>\r\n                <\/div>\r\n                    <\/div>\r\n    <\/div>\r\n<\/div>\n\n\r\n\r\n        <div  class=\"landingpageouter\" style=\"background-color:#ffffff ;\">\r\n        <div class=\"landingpagecolsblock twocols4060 \">\r\n            <div class=\"col1\">\r\n                <p class=\"pre-title\">JUSTIFICACI\u00d3N<\/p>                                <div class='wysiwyg'><p>Justifica tus razones para recopilar datos estableciendo el inter\u00e9s leg\u00edtimo de tu empresa o obteniendo el consentimiento de tus conductores.<\/p>\n<\/div>            <\/div>\r\n            <div class=\"col2\">\r\n                <div class=\"responsivemedia\"><img loading=\"lazy\" decoding=\"async\" width=\"640\" height=\"427\" src=\"https:\/\/www.quartix.com\/content\/uploads\/2021\/08\/driver-performance-review-768x512.jpg\" class=\"\" alt=\"fleet manager and driver reviewing driving performance \" srcset=\"https:\/\/www.quartix.com\/content\/uploads\/2021\/08\/driver-performance-review-768x512.jpg 768w, https:\/\/www.quartix.com\/content\/uploads\/2021\/08\/driver-performance-review-300x200.jpg 300w, https:\/\/www.quartix.com\/content\/uploads\/2021\/08\/driver-performance-review-1000x667.jpg 1000w, https:\/\/www.quartix.com\/content\/uploads\/2021\/08\/driver-performance-review.jpg 1152w\" sizes=\"auto, (max-width: 640px) 100vw, 640px\" \/><\/div>            <\/div>\r\n                        <\/div>\r\n    <\/div>\r\n\r\n\r\n\n\n\r\n\r\n        <div  class=\"landingpageouter\" style=\"background-color:#f8f8f8 ;\">\r\n        <div class=\"landingpagecolsblock twocols4060 swap-content\">\r\n            <div class=\"col1\">\r\n                <p class=\"pre-title\">SEGURIDAD<\/p>                                <div class='wysiwyg'><p>Conoce tus responsabilidades en cuanto a la protecci\u00f3n de datos y la notificaci\u00f3n de violaciones de datos de manera oportuna.<\/p>\n<\/div>            <\/div>\r\n            <div class=\"col2\">\r\n                <div class=\"responsivemedia\"><img loading=\"lazy\" decoding=\"async\" width=\"461\" height=\"427\" src=\"https:\/\/www.quartix.com\/content\/uploads\/2023\/11\/gdpr-cropped.png\" class=\"\" alt=\"\" srcset=\"https:\/\/www.quartix.com\/content\/uploads\/2023\/11\/gdpr-cropped.png 461w, https:\/\/www.quartix.com\/content\/uploads\/2023\/11\/gdpr-cropped-300x278.png 300w\" sizes=\"auto, (max-width: 461px) 100vw, 461px\" \/><\/div>            <\/div>\r\n                        <\/div>\r\n    <\/div>\r\n\r\n\r\n\n\n\r\n\r\n        <div  class=\"landingpageouter\" style=\"background-color:#efefef ;\">\r\n        <div class=\"landingpagecolsblock twocols4060 \">\r\n            <div class=\"col1\">\r\n                <p class=\"pre-title\">TRANSPARENCIA<\/p>                                <div class='wysiwyg'><p>Entiende los derechos de tus empleados a acceder a los datos que tienes sobre ellos, solicitar la eliminaci\u00f3n de esos datos y corregir cualquier error.<\/p>\n<\/div>            <\/div>\r\n            <div class=\"col2\">\r\n                <div class=\"responsivemedia\"><img loading=\"lazy\" decoding=\"async\" width=\"640\" height=\"365\" src=\"https:\/\/www.quartix.com\/content\/uploads\/2021\/01\/quartix_ES_screens_apps_image-768x438.png\" class=\"\" alt=\"\" srcset=\"https:\/\/www.quartix.com\/content\/uploads\/2021\/01\/quartix_ES_screens_apps_image-768x438.png 768w, https:\/\/www.quartix.com\/content\/uploads\/2021\/01\/quartix_ES_screens_apps_image-300x171.png 300w, https:\/\/www.quartix.com\/content\/uploads\/2021\/01\/quartix_ES_screens_apps_image-1000x571.png 1000w, https:\/\/www.quartix.com\/content\/uploads\/2021\/01\/quartix_ES_screens_apps_image-1536x876.png 1536w, https:\/\/www.quartix.com\/content\/uploads\/2021\/01\/quartix_ES_screens_apps_image-2048x1168.png 2048w\" sizes=\"auto, (max-width: 640px) 100vw, 640px\" \/><\/div>            <\/div>\r\n                        <\/div>\r\n    <\/div>\r\n\r\n\r\n\n\n\r\n<div   class=\"hero-block smallhero landing-cta\">\r\n    <img loading=\"lazy\" decoding=\"async\" width=\"938\" height=\"448\" src=\"https:\/\/www.quartix.com\/content\/uploads\/2023\/11\/gdpr-2-1.png\" class=\"\" alt=\"\" srcset=\"https:\/\/www.quartix.com\/content\/uploads\/2023\/11\/gdpr-2-1.png 938w, https:\/\/www.quartix.com\/content\/uploads\/2023\/11\/gdpr-2-1-300x143.png 300w, https:\/\/www.quartix.com\/content\/uploads\/2023\/11\/gdpr-2-1-768x367.png 768w\" sizes=\"auto, (max-width: 938px) 100vw, 938px\" \/>        <div class=\"hero-overlay\"><\/div>\r\n        <div class=\"hero-content \">\r\n        <div class=\"inner\">\r\n            <h2 class=\"title\">Conoce c\u00f3mo Quartix cumple la legislaci\u00f3n sobre el RGPD<\/h2>            <div class=\"author\"><p>Como empresa, Quartix se compromete a ayudarte a cumplir con tus necesidades del RGPD mediante:<\/p>\n<\/div>            <div class='landingctalist centrelist'><ul class='arrows fa-ul' style=''><li><span class='fa-li'><i class='fa fa-arrow-right'><\/i><\/span>Darte a ti y a tus conductores acceso a datos personales con permisos personalizables<\/li><li><span class='fa-li'><i class='fa fa-arrow-right'><\/i><\/span>Registrar cambios en los datos de veh\u00edculos y conductores para crear una pista de auditor\u00eda<\/li><li><span class='fa-li'><i class='fa fa-arrow-right'><\/i><\/span>Proteger tus datos en nuestros sistemas de acuerdo con el RGPD<\/li><\/ul><\/div>            \r\n                            <div class=\"buttons\">\r\n                    <a href=\"https:\/\/go.marketing.quartix.com\/Guia_del_reglamento_general_de_proteccion_de_datos_RGPD\" class=\"btn btn-green\" target=\"_blank\" title=\"DESCARGA LA GU\u00cdA\">DESCARGA LA GU\u00cdA<\/a>\r\n                <\/div>\r\n                    <\/div>\r\n    <\/div>\r\n<\/div>\n\n\r\n<section class=\"qtx-pagebuilder-section qtx-pagebuilder-section-bannercontent  notopmargin \"\r\nstyle=\"background-color:#13AB5B; color: #FFFFFF;\">\r\n    <div class=\"bannercontentinner\">\r\n        <p style=\"text-align: center\">\u201cVemos el rastreo de veh\u00edculos como un est\u00e1ndar de la industria. Y como una organizaci\u00f3n de alto perfil, se espera que sigamos los est\u00e1ndares y las mejores pr\u00e1cticas de la industria. Quartix nos ayuda a cumplir con eso.\u201d<\/p>\n<p style=\"text-align: center\">\u2013 Chris Lane, Universidad de Birmingham<\/p>\n    <\/div>\r\n<\/section>\n\n\n<div class=\"wp-block-columns is-layout-flex wp-container-core-columns-is-layout-28f84493 wp-block-columns-is-layout-flex\">\n<div class=\"wp-block-column is-layout-flow wp-block-column-is-layout-flow\">\n<h2 class=\"wp-block-heading\">Tu gu\u00eda para el cumplimiento del RGPD<\/h2>\n\n\n\n<p>Obt\u00e9n una mejor comprensi\u00f3n de c\u00f3mo los datos de rastreo de veh\u00edculos caen bajo la ley de protecci\u00f3n de datos para asegurar que tu empresa opere en conformidad.<\/p>\n\n\n    <div class=\"button-container \">\r\n<a href=\"https:\/\/go.marketing.quartix.com\/Guia_del_reglamento_general_de_proteccion_de_datos_RGPD\" class=\"btn pagebuilder-btn btn-green btn-\" title=\"DESCARGA LA GU\u00cdA\" target=\"_blank\">DESCARGA LA GU\u00cdA<\/a>\r\n<\/div>\r\n<\/div>\n\n\n\n<div class=\"wp-block-column is-layout-flow wp-block-column-is-layout-flow\">\n<figure class=\"wp-block-image aligncenter size-full is-resized\"><img loading=\"lazy\" decoding=\"async\" width=\"545\" height=\"650\" src=\"https:\/\/www.quartix.com\/content\/uploads\/2024\/07\/ES-gdpr-guide-cover.png\" alt=\"\" class=\"wp-image-107817\" style=\"width:355px;height:423px\" srcset=\"https:\/\/www.quartix.com\/content\/uploads\/2024\/07\/ES-gdpr-guide-cover.png 545w, https:\/\/www.quartix.com\/content\/uploads\/2024\/07\/ES-gdpr-guide-cover-252x300.png 252w\" sizes=\"auto, (max-width: 545px) 100vw, 545px\" \/><\/figure>\n<\/div>\n<\/div>\n","protected":false},"excerpt":{"rendered":"<p>El Reglamento General de Protecci\u00f3n de Datos (RGPD) entr\u00f3 en vigor en mayo de 2018 y regula la privacidad de los datos de las personas. Te explicamos lo que esto significa para los datos de seguimiento de tus veh\u00edculos. <\/p>\n","protected":false},"author":27,"featured_media":11547,"parent":10437,"menu_order":70,"comment_status":"closed","ping_status":"closed","template":"templates\/landing-pagebuilder.php","meta":{"_acf_changed":false,"inline_featured_image":false,"footnotes":""},"topic":[1874],"qtx_campaign":[],"class_list":["post-107769","page","type-page","status-publish","has-post-thumbnail","hentry","topic-gestion-de-riesgos"],"acf":[],"yoast_head":"<!-- This site is optimized with the Yoast SEO Premium plugin v27.3 (Yoast SEO v27.3) - https:\/\/yoast.com\/product\/yoast-seo-premium-wordpress\/ -->\n<title>Gu\u00eda RGPD para gestores de flotas - ES<\/title>\n<meta name=\"description\" content=\"Intenta saber qu\u00e9 implicaciones tiene el RGPD en el seguimiento de veh\u00edculos? Descarga GRATIS nuestra gu\u00eda sobre el GDPR para gestores de flotas que te ayudar\u00e1 a entenderlo. Ll\u00e1manos\" \/>\n<meta name=\"robots\" content=\"index, follow, max-snippet:-1, max-image-preview:large, max-video-preview:-1\" \/>\n<link rel=\"canonical\" href=\"https:\/\/www.quartix.com\/es-es\/mas-informacion\/guia-rgpd-para-gestores-de-flotas\/\" \/>\n<meta property=\"og:locale\" content=\"es_ES\" \/>\n<meta property=\"og:type\" content=\"article\" \/>\n<meta property=\"og:title\" content=\"Gu\u00eda RGPD para gestores de flotas\" \/>\n<meta property=\"og:description\" content=\"Intenta saber qu\u00e9 implicaciones tiene el RGPD en el seguimiento de veh\u00edculos? Descarga GRATIS nuestra gu\u00eda sobre el GDPR para gestores de flotas que te ayudar\u00e1 a entenderlo. Ll\u00e1manos\" \/>\n<meta property=\"og:url\" content=\"https:\/\/www.quartix.com\/es-es\/mas-informacion\/guia-rgpd-para-gestores-de-flotas\/\" \/>\n<meta property=\"og:site_name\" content=\"Quartix\" \/>\n<meta property=\"article:publisher\" content=\"https:\/\/www.facebook.com\/Quartix-USA-374426386097401\/\" \/>\n<meta property=\"article:modified_time\" content=\"2024-07-12T13:42:10+00:00\" \/>\n<meta property=\"og:image\" content=\"https:\/\/www.quartix.com\/content\/uploads\/2019\/02\/Key-Principles-for-GDPR.png\" \/>\n\t<meta property=\"og:image:width\" content=\"300\" \/>\n\t<meta property=\"og:image:height\" content=\"300\" \/>\n\t<meta property=\"og:image:type\" content=\"image\/png\" \/>\n<meta name=\"twitter:card\" content=\"summary_large_image\" \/>\n<meta name=\"twitter:site\" content=\"@QuartixUSA\" \/>\n<meta name=\"twitter:label1\" content=\"Est. reading time\" \/>\n\t<meta name=\"twitter:data1\" content=\"3 minutes\" \/>\n<!-- \/ Yoast SEO Premium plugin. -->","yoast_head_json":{"title":"Gu\u00eda RGPD para gestores de flotas - ES","description":"Intenta saber qu\u00e9 implicaciones tiene el RGPD en el seguimiento de veh\u00edculos? Descarga GRATIS nuestra gu\u00eda sobre el GDPR para gestores de flotas que te ayudar\u00e1 a entenderlo. Ll\u00e1manos","robots":{"index":"index","follow":"follow","max-snippet":"max-snippet:-1","max-image-preview":"max-image-preview:large","max-video-preview":"max-video-preview:-1"},"canonical":"https:\/\/www.quartix.com\/es-es\/mas-informacion\/guia-rgpd-para-gestores-de-flotas\/","og_locale":"es_ES","og_type":"article","og_title":"Gu\u00eda RGPD para gestores de flotas","og_description":"Intenta saber qu\u00e9 implicaciones tiene el RGPD en el seguimiento de veh\u00edculos? Descarga GRATIS nuestra gu\u00eda sobre el GDPR para gestores de flotas que te ayudar\u00e1 a entenderlo. Ll\u00e1manos","og_url":"https:\/\/www.quartix.com\/es-es\/mas-informacion\/guia-rgpd-para-gestores-de-flotas\/","og_site_name":"Quartix","article_publisher":"https:\/\/www.facebook.com\/Quartix-USA-374426386097401\/","article_modified_time":"2024-07-12T13:42:10+00:00","og_image":[{"width":300,"height":300,"url":"https:\/\/www.quartix.com\/content\/uploads\/2019\/02\/Key-Principles-for-GDPR.png","type":"image\/png"}],"twitter_card":"summary_large_image","twitter_site":"@QuartixUSA","twitter_misc":{"Est. reading time":"3 minutes"},"schema":{"@context":"https:\/\/schema.org","@graph":[{"@type":"WebPage","@id":"https:\/\/www.quartix.com\/es-es\/mas-informacion\/guia-rgpd-para-gestores-de-flotas\/","url":"https:\/\/www.quartix.com\/es-es\/mas-informacion\/guia-rgpd-para-gestores-de-flotas\/","name":"Gu\u00eda RGPD para gestores de flotas","isPartOf":{"@id":"https:\/\/www.quartix.com\/es-es\/#website"},"primaryImageOfPage":{"@id":"https:\/\/www.quartix.com\/es-es\/mas-informacion\/guia-rgpd-para-gestores-de-flotas\/#primaryimage"},"image":{"@id":"https:\/\/www.quartix.com\/es-es\/mas-informacion\/guia-rgpd-para-gestores-de-flotas\/#primaryimage"},"thumbnailUrl":"https:\/\/www.quartix.com\/content\/uploads\/2019\/02\/Key-Principles-for-GDPR.png","datePublished":"2024-07-10T23:21:44+00:00","dateModified":"2024-07-12T13:42:10+00:00","description":"Intenta saber qu\u00e9 implicaciones tiene el RGPD en el seguimiento de veh\u00edculos? Descarga GRATIS nuestra gu\u00eda sobre el GDPR para gestores de flotas que te ayudar\u00e1 a entenderlo. Ll\u00e1manos","breadcrumb":{"@id":"https:\/\/www.quartix.com\/es-es\/mas-informacion\/guia-rgpd-para-gestores-de-flotas\/#breadcrumb"},"inLanguage":"es-ES","potentialAction":[{"@type":"ReadAction","target":["https:\/\/www.quartix.com\/es-es\/mas-informacion\/guia-rgpd-para-gestores-de-flotas\/"]}]},{"@type":"ImageObject","inLanguage":"es-ES","@id":"https:\/\/www.quartix.com\/es-es\/mas-informacion\/guia-rgpd-para-gestores-de-flotas\/#primaryimage","url":"https:\/\/www.quartix.com\/content\/uploads\/2019\/02\/Key-Principles-for-GDPR.png","contentUrl":"https:\/\/www.quartix.com\/content\/uploads\/2019\/02\/Key-Principles-for-GDPR.png","width":300,"height":300},{"@type":"BreadcrumbList","@id":"https:\/\/www.quartix.com\/es-es\/mas-informacion\/guia-rgpd-para-gestores-de-flotas\/#breadcrumb","itemListElement":[{"@type":"ListItem","position":1,"name":"Inicio","item":"https:\/\/www.quartix.com\/es-es\/quartix-localizacion-de-vehiculos-en-tiempo-real\/"},{"@type":"ListItem","position":2,"name":"M\u00e1s informaci\u00f3n","item":"https:\/\/www.quartix.com\/es-es\/mas-informacion\/"},{"@type":"ListItem","position":3,"name":"Gu\u00eda RGPD para gestores de flotas"}]},{"@type":"WebSite","@id":"https:\/\/www.quartix.com\/es-es\/#website","url":"https:\/\/www.quartix.com\/es-es\/","name":"Quartix","description":"Real-time vehicle tracking","publisher":{"@id":"https:\/\/www.quartix.com\/es-es\/#organization"},"potentialAction":[{"@type":"SearchAction","target":{"@type":"EntryPoint","urlTemplate":"https:\/\/www.quartix.com\/es-es\/?s={search_term_string}"},"query-input":{"@type":"PropertyValueSpecification","valueRequired":true,"valueName":"search_term_string"}}],"inLanguage":"es-ES"},{"@type":"Organization","@id":"https:\/\/www.quartix.com\/es-es\/#organization","name":"Quartix","url":"https:\/\/www.quartix.com\/es-es\/","logo":{"@type":"ImageObject","inLanguage":"es-ES","@id":"https:\/\/www.quartix.com\/es-es\/#\/schema\/logo\/image\/","url":"https:\/\/www.quartix.com\/content\/uploads\/2019\/02\/quartix-logo-eur.svg","contentUrl":"https:\/\/www.quartix.com\/content\/uploads\/2019\/02\/quartix-logo-eur.svg","width":1,"height":1,"caption":"Quartix"},"image":{"@id":"https:\/\/www.quartix.com\/es-es\/#\/schema\/logo\/image\/"},"sameAs":["https:\/\/www.facebook.com\/Quartix-USA-374426386097401\/","https:\/\/x.com\/QuartixUSA","https:\/\/www.linkedin.com\/company\/5346733\/","https:\/\/www.youtube.com\/channel\/UCzS-_GMfHF4kWiCheyIRrAQ"]}]}},"_links":{"self":[{"href":"https:\/\/www.quartix.com\/es-es\/wp-json\/wp\/v2\/pages\/107769","targetHints":{"allow":["GET"]}}],"collection":[{"href":"https:\/\/www.quartix.com\/es-es\/wp-json\/wp\/v2\/pages"}],"about":[{"href":"https:\/\/www.quartix.com\/es-es\/wp-json\/wp\/v2\/types\/page"}],"author":[{"embeddable":true,"href":"https:\/\/www.quartix.com\/es-es\/wp-json\/wp\/v2\/users\/27"}],"replies":[{"embeddable":true,"href":"https:\/\/www.quartix.com\/es-es\/wp-json\/wp\/v2\/comments?post=107769"}],"version-history":[{"count":0,"href":"https:\/\/www.quartix.com\/es-es\/wp-json\/wp\/v2\/pages\/107769\/revisions"}],"up":[{"embeddable":true,"href":"https:\/\/www.quartix.com\/es-es\/wp-json\/wp\/v2\/pages\/10437"}],"wp:featuredmedia":[{"embeddable":true,"href":"https:\/\/www.quartix.com\/es-es\/wp-json\/wp\/v2\/media\/11547"}],"wp:attachment":[{"href":"https:\/\/www.quartix.com\/es-es\/wp-json\/wp\/v2\/media?parent=107769"}],"wp:term":[{"taxonomy":"topic","embeddable":true,"href":"https:\/\/www.quartix.com\/es-es\/wp-json\/wp\/v2\/topic?post=107769"},{"taxonomy":"qtx_campaign","embeddable":true,"href":"https:\/\/www.quartix.com\/es-es\/wp-json\/wp\/v2\/qtx_campaign?post=107769"}],"curies":[{"name":"wp","href":"https:\/\/api.w.org\/{rel}","templated":true}]}}