{"id":10870,"date":"2019-01-23T09:16:53","date_gmt":"2019-01-23T09:16:53","guid":{"rendered":"https:\/\/www.quartix.com\/instrukcja-instalacji-quartix-obd\/"},"modified":"2024-06-10T11:06:33","modified_gmt":"2024-06-10T10:06:33","slug":"guia-de-instalacion-de-plug-and-track","status":"publish","type":"page","link":"https:\/\/www.quartix.com\/es-es\/guia-de-instalacion-de-plug-and-track\/","title":{"rendered":"Gu\u00eda de instalaci\u00f3n de Plug and Track"},"content":{"rendered":"\n<div class=\"wp-block-columns is-layout-flex wp-container-core-columns-is-layout-28f84493 wp-block-columns-is-layout-flex\">\n<div class=\"wp-block-column is-layout-flow wp-block-column-is-layout-flow\">\n<h2 class=\"wp-block-heading\">Descargue la gu\u00eda de autoinstalaci\u00f3n de Plug and Track<\/h2>\n\n\n\n<p>Los dispositivos de monitoreo vehicular de Quartix son muy f\u00e1ciles de instalar.&nbsp; Puede descargar y seguir nuestra gu\u00eda paso a paso para instalar sus dispositivos en el momento en que los reciba.<\/p>\n\n\n\n<p><a href=\"https:\/\/go.pardot.com\/l\/375002\/2018-03-22\/5mbbr9\/375002\/260738\/Plug___Track_Installation_Guide__English_.pdf\">Descargar la gu\u00eda en ingl\u00e9s<\/a><br><a href=\"https:\/\/go.pardot.com\/l\/375002\/2018-03-22\/5mbc11\/375002\/260750\/Plug___Track_Installation_Guide__Spanish_.pdf\">Descargar la gu\u00eda en espa\u00f1ol<\/a><\/p>\n\n\n\n<p>S\u00f3lo 4 pasos:<\/p>\n\n\n\n<ol class=\"wp-block-list\">\n<li>Conecte el dispositivo al puerto OBD de su veh\u00edculo<\/li>\n\n\n\n<li>Instale el dispositivo sobre una superficie plana, por ejemplo, sobre el tablero.<\/li>\n\n\n\n<li>Encienda el motor y mant\u00e9ngalo encendido durante 3 minutos y luego ap\u00e1guelo<\/li>\n\n\n\n<li>Revise sus casilla de correo electr\u00f3nico y f\u00edjese si recibi\u00f3 un mensaje de Quartix.<\/li>\n<\/ol>\n\n\n\n<p>Si necesita ayuda en localizar el puerto OBD, utilice nuestra <a href=\"https:\/\/www.wikiobd.co.uk\/\" target=\"_blank\" rel=\"noreferrer noopener\">herramienta de localizaci\u00f3n de OBD<\/a>.<\/p>\n<\/div>\n\n\n\n<div class=\"wp-block-column is-layout-flow wp-block-column-is-layout-flow\">\n<figure class=\"wp-block-image aligncenter size-full\"><img loading=\"lazy\" decoding=\"async\" width=\"350\" height=\"217\" src=\" https:\/\/www.quartix.com\/content\/uploads\/2018\/03\/TCSV10-OBD-e1521647996129.png\" alt=\"\" class=\"wp-image-19270\"\/><\/figure>\n<\/div>\n<\/div>\n\n\n\n<div class=\"wp-block-columns is-layout-flex wp-container-core-columns-is-layout-28f84493 wp-block-columns-is-layout-flex\">\n<div class=\"wp-block-column is-layout-flow wp-block-column-is-layout-flow\">\n<figure class=\"wp-block-embed aligncenter is-type-video is-provider-youtube wp-block-embed-youtube wp-embed-aspect-16-9 wp-has-aspect-ratio\"><div class=\"wp-block-embed__wrapper\">\n<iframe loading=\"lazy\" title=\"Plug &amp; Track Installation Video Guide\" width=\"640\" height=\"360\" src=\"https:\/\/www.youtube.com\/embed\/oD6Dd_rphS8?feature=oembed\" frameborder=\"0\" allow=\"accelerometer; autoplay; clipboard-write; encrypted-media; gyroscope; picture-in-picture; web-share\" referrerpolicy=\"strict-origin-when-cross-origin\" allowfullscreen><\/iframe>\n<\/div><\/figure>\n<\/div>\n\n\n\n<div class=\"wp-block-column is-layout-flow wp-block-column-is-layout-flow\">\n<h2 class=\"wp-block-heading\">Vea el video de instalaci\u00f3n (Plug and Track)<\/h2>\n\n\n\n<p>Tambi\u00e9n podr\u00e1 ver el video para recibir instrucciones paso a paso sobre c\u00f3mo instalar su dispositivo de monitoreo vehicular de Quartix.<\/p>\n\n\n\n<p><a href=\"https:\/\/www.youtube.com\/watch?v=1RB0KLnVoMc\">Video gu\u00eda paso a paso en espa\u00f1ol<\/a><\/p>\n<\/div>\n<\/div>\n\n\n\n<div class=\"wp-block-columns is-layout-flex wp-container-core-columns-is-layout-28f84493 wp-block-columns-is-layout-flex\">\n<div class=\"wp-block-column is-layout-flow wp-block-column-is-layout-flow\">\n<h2 class=\"wp-block-heading\">Tipos de puertos OBD<\/h2>\n\n\n\n<p>Una vez que haya localizado el puerto OBD deber\u00e1 decirnos qu\u00e9 tipo de puerto OBD posee su veh\u00edculo para que podamos enviarle los cables correctos.<\/p>\n<\/div>\n\n\n\n<div class=\"wp-block-column is-layout-flow wp-block-column-is-layout-flow\">\n<figure class=\"wp-block-image aligncenter\"><img decoding=\"async\" src=\" https:\/\/www.quartix.com\/content\/uploads\/2018\/04\/OBD-Port-Types-1-1000x321.png\" alt=\"\"\/><\/figure>\n<\/div>\n<\/div>\n","protected":false},"excerpt":{"rendered":"<p>Descargue la gu\u00eda de autoinstalaci\u00f3n de Plug and Track Los dispositivos de monitoreo vehicular de Quartix son muy f\u00e1ciles de instalar.&nbsp; Puede descargar y seguir nuestra gu\u00eda paso a paso para instalar sus dispositivos en el momento en que los reciba. Descargar la gu\u00eda en ingl\u00e9sDescargar la gu\u00eda en espa\u00f1ol S\u00f3lo 4 pasos: Si necesita [&hellip;]<\/p>\n","protected":false},"author":12,"featured_media":0,"parent":0,"menu_order":1100,"comment_status":"closed","ping_status":"closed","template":"","meta":{"_acf_changed":false,"inline_featured_image":false,"footnotes":""},"topic":[],"qtx_campaign":[],"class_list":["post-10870","page","type-page","status-publish","hentry"],"acf":[],"yoast_head":"<!-- This site is optimized with the Yoast SEO Premium plugin v27.2 (Yoast SEO v27.2) - https:\/\/yoast.com\/product\/yoast-seo-premium-wordpress\/ -->\n<title>Gu\u00eda de instalaci\u00f3n de Plug &amp; Track OBD - ES<\/title>\n<meta name=\"description\" content=\"Quartix Plug &amp; Track es un dispositivo de r\u00e1pida instalaci\u00f3n provisto con el mismo eficiente sistema de generaci\u00f3n de informes basado en la web que recibe con nuestro dispositivo de conexi\u00f3n por cableado directo. El monitor de diagn\u00f3stico abordo (OBD) de autoinstalaci\u00f3n es ideal para quienes necesiten una soluci\u00f3n simple y r\u00e1pida para intercambiar el monitor entre veh\u00edculos.\" \/>\n<meta name=\"robots\" content=\"index, follow, max-snippet:-1, max-image-preview:large, max-video-preview:-1\" \/>\n<link rel=\"canonical\" href=\"https:\/\/www.quartix.com\/es-es\/guia-de-instalacion-de-plug-and-track\/\" \/>\n<meta property=\"og:locale\" content=\"es_ES\" \/>\n<meta property=\"og:type\" content=\"article\" \/>\n<meta property=\"og:title\" content=\"Gu\u00eda de instalaci\u00f3n de Plug and Track\" \/>\n<meta property=\"og:description\" content=\"Quartix Plug &amp; Track es un dispositivo de r\u00e1pida instalaci\u00f3n provisto con el mismo eficiente sistema de generaci\u00f3n de informes basado en la web que recibe con nuestro dispositivo de conexi\u00f3n por cableado directo. El monitor de diagn\u00f3stico abordo (OBD) de autoinstalaci\u00f3n es ideal para quienes necesiten una soluci\u00f3n simple y r\u00e1pida para intercambiar el monitor entre veh\u00edculos.\" \/>\n<meta property=\"og:url\" content=\"https:\/\/www.quartix.com\/es-es\/guia-de-instalacion-de-plug-and-track\/\" \/>\n<meta property=\"og:site_name\" content=\"Quartix\" \/>\n<meta property=\"article:publisher\" content=\"https:\/\/www.facebook.com\/Quartix-USA-374426386097401\/\" \/>\n<meta property=\"article:modified_time\" content=\"2024-06-10T10:06:33+00:00\" \/>\n<meta name=\"twitter:card\" content=\"summary_large_image\" \/>\n<meta name=\"twitter:site\" content=\"@QuartixUSA\" \/>\n<meta name=\"twitter:label1\" content=\"Est. reading time\" \/>\n\t<meta name=\"twitter:data1\" content=\"2 minutes\" \/>\n<!-- \/ Yoast SEO Premium plugin. -->","yoast_head_json":{"title":"Gu\u00eda de instalaci\u00f3n de Plug & Track OBD - ES","description":"Quartix Plug & Track es un dispositivo de r\u00e1pida instalaci\u00f3n provisto con el mismo eficiente sistema de generaci\u00f3n de informes basado en la web que recibe con nuestro dispositivo de conexi\u00f3n por cableado directo. El monitor de diagn\u00f3stico abordo (OBD) de autoinstalaci\u00f3n es ideal para quienes necesiten una soluci\u00f3n simple y r\u00e1pida para intercambiar el monitor entre veh\u00edculos.","robots":{"index":"index","follow":"follow","max-snippet":"max-snippet:-1","max-image-preview":"max-image-preview:large","max-video-preview":"max-video-preview:-1"},"canonical":"https:\/\/www.quartix.com\/es-es\/guia-de-instalacion-de-plug-and-track\/","og_locale":"es_ES","og_type":"article","og_title":"Gu\u00eda de instalaci\u00f3n de Plug and Track","og_description":"Quartix Plug & Track es un dispositivo de r\u00e1pida instalaci\u00f3n provisto con el mismo eficiente sistema de generaci\u00f3n de informes basado en la web que recibe con nuestro dispositivo de conexi\u00f3n por cableado directo. El monitor de diagn\u00f3stico abordo (OBD) de autoinstalaci\u00f3n es ideal para quienes necesiten una soluci\u00f3n simple y r\u00e1pida para intercambiar el monitor entre veh\u00edculos.","og_url":"https:\/\/www.quartix.com\/es-es\/guia-de-instalacion-de-plug-and-track\/","og_site_name":"Quartix","article_publisher":"https:\/\/www.facebook.com\/Quartix-USA-374426386097401\/","article_modified_time":"2024-06-10T10:06:33+00:00","twitter_card":"summary_large_image","twitter_site":"@QuartixUSA","twitter_misc":{"Est. reading time":"2 minutes"},"schema":{"@context":"https:\/\/schema.org","@graph":[{"@type":"WebPage","@id":"https:\/\/www.quartix.com\/es-es\/guia-de-instalacion-de-plug-and-track\/","url":"https:\/\/www.quartix.com\/es-es\/guia-de-instalacion-de-plug-and-track\/","name":"Gu\u00eda de instalaci\u00f3n de Plug & Track OBD","isPartOf":{"@id":"https:\/\/www.quartix.com\/es-es\/#website"},"datePublished":"2019-01-23T09:16:53+00:00","dateModified":"2024-06-10T10:06:33+00:00","description":"Quartix Plug & Track es un dispositivo de r\u00e1pida instalaci\u00f3n provisto con el mismo eficiente sistema de generaci\u00f3n de informes basado en la web que recibe con nuestro dispositivo de conexi\u00f3n por cableado directo. El monitor de diagn\u00f3stico abordo (OBD) de autoinstalaci\u00f3n es ideal para quienes necesiten una soluci\u00f3n simple y r\u00e1pida para intercambiar el monitor entre veh\u00edculos.","breadcrumb":{"@id":"https:\/\/www.quartix.com\/es-es\/guia-de-instalacion-de-plug-and-track\/#breadcrumb"},"inLanguage":"es-ES","potentialAction":[{"@type":"ReadAction","target":["https:\/\/www.quartix.com\/es-es\/guia-de-instalacion-de-plug-and-track\/"]}]},{"@type":"BreadcrumbList","@id":"https:\/\/www.quartix.com\/es-es\/guia-de-instalacion-de-plug-and-track\/#breadcrumb","itemListElement":[{"@type":"ListItem","position":1,"name":"Inicio","item":"https:\/\/www.quartix.com\/es-es\/quartix-localizacion-de-vehiculos-en-tiempo-real\/"},{"@type":"ListItem","position":2,"name":"Gu\u00eda de instalaci\u00f3n de Plug and Track"}]},{"@type":"WebSite","@id":"https:\/\/www.quartix.com\/es-es\/#website","url":"https:\/\/www.quartix.com\/es-es\/","name":"Quartix","description":"Real-time vehicle tracking","publisher":{"@id":"https:\/\/www.quartix.com\/es-es\/#organization"},"potentialAction":[{"@type":"SearchAction","target":{"@type":"EntryPoint","urlTemplate":"https:\/\/www.quartix.com\/es-es\/?s={search_term_string}"},"query-input":{"@type":"PropertyValueSpecification","valueRequired":true,"valueName":"search_term_string"}}],"inLanguage":"es-ES"},{"@type":"Organization","@id":"https:\/\/www.quartix.com\/es-es\/#organization","name":"Quartix","url":"https:\/\/www.quartix.com\/es-es\/","logo":{"@type":"ImageObject","inLanguage":"es-ES","@id":"https:\/\/www.quartix.com\/es-es\/#\/schema\/logo\/image\/","url":"https:\/\/www.quartix.com\/content\/uploads\/2019\/02\/quartix-logo-eur.svg","contentUrl":"https:\/\/www.quartix.com\/content\/uploads\/2019\/02\/quartix-logo-eur.svg","width":1,"height":1,"caption":"Quartix"},"image":{"@id":"https:\/\/www.quartix.com\/es-es\/#\/schema\/logo\/image\/"},"sameAs":["https:\/\/www.facebook.com\/Quartix-USA-374426386097401\/","https:\/\/x.com\/QuartixUSA","https:\/\/www.linkedin.com\/company\/5346733\/","https:\/\/www.youtube.com\/channel\/UCzS-_GMfHF4kWiCheyIRrAQ"]}]}},"_links":{"self":[{"href":"https:\/\/www.quartix.com\/es-es\/wp-json\/wp\/v2\/pages\/10870","targetHints":{"allow":["GET"]}}],"collection":[{"href":"https:\/\/www.quartix.com\/es-es\/wp-json\/wp\/v2\/pages"}],"about":[{"href":"https:\/\/www.quartix.com\/es-es\/wp-json\/wp\/v2\/types\/page"}],"author":[{"embeddable":true,"href":"https:\/\/www.quartix.com\/es-es\/wp-json\/wp\/v2\/users\/12"}],"replies":[{"embeddable":true,"href":"https:\/\/www.quartix.com\/es-es\/wp-json\/wp\/v2\/comments?post=10870"}],"version-history":[{"count":0,"href":"https:\/\/www.quartix.com\/es-es\/wp-json\/wp\/v2\/pages\/10870\/revisions"}],"wp:attachment":[{"href":"https:\/\/www.quartix.com\/es-es\/wp-json\/wp\/v2\/media?parent=10870"}],"wp:term":[{"taxonomy":"topic","embeddable":true,"href":"https:\/\/www.quartix.com\/es-es\/wp-json\/wp\/v2\/topic?post=10870"},{"taxonomy":"qtx_campaign","embeddable":true,"href":"https:\/\/www.quartix.com\/es-es\/wp-json\/wp\/v2\/qtx_campaign?post=10870"}],"curies":[{"name":"wp","href":"https:\/\/api.w.org\/{rel}","templated":true}]}}