{"id":10877,"date":"2019-01-21T22:30:57","date_gmt":"2019-01-21T22:30:57","guid":{"rendered":" https:\/\/www.quartix.com\/wiecej-niz-lokalizacja-pojazdow\/"},"modified":"2022-10-14T11:54:51","modified_gmt":"2022-10-14T10:54:51","slug":"mas-que-tan-solo-monitoreo-vehicular","status":"publish","type":"page","link":"https:\/\/www.quartix.com\/es-es\/mas-que-tan-solo-monitoreo-vehicular\/","title":{"rendered":"M\u00e1s que tan s\u00f3lo monitoreo vehicular&#8230;"},"content":{"rendered":"\n<div class=\"wp-block-columns is-layout-flex wp-container-core-columns-is-layout-28f84493 wp-block-columns-is-layout-flex\">\n<div class=\"wp-block-column is-layout-flow wp-block-column-is-layout-flow\">\n<p>Quartix, durante m\u00e1s de 21 a\u00f1os, ha trabajado estrechamente con compa\u00f1\u00edas de todos los sectores para entender sus necesidades espec\u00edficas y brindarles soluciones telem\u00e1ticas y de monitoreo vehicular.<\/p>\n\n\n\n<p>M\u00e1s de 20.000 negocios han elegido a Quartix porque ofrece:<\/p>\n\n\n\n<ul class=\"wp-block-list\"><li>Informaci\u00f3n actuable sobre los movimientos de veh\u00edculos, comportamiento de conductores y consumo de combustible.<\/li><li>Opciones de precios por niveles que permiten seleccionar el nivel de funcionalidad necesario<\/li><li>Contratos de corto plazo que no se renuevan autom\u00e1ticamente<\/li><li>Servicio al cliente por expertos comprometidos con su \u00e9xito<\/li><\/ul>\n<\/div>\n\n\n\n<div class=\"wp-block-column is-layout-flow wp-block-column-is-layout-flow\">\n<figure class=\"wp-block-image aligncenter\"><img decoding=\"async\" src=\" https:\/\/www.quartix.com\/content\/uploads\/2017\/09\/experts-at-tracking.svg\" alt=\"\"\/><\/figure>\n<\/div>\n<\/div>\n\n\n<section  class=\"qtx-pagebuilder-section qtx-pagebuilder-section-card per-row-3\">\r\n\r\n\r\n<div class=\"cardcontainer\">\r\n            \r\n    <div class=\"cardimage\" >\r\n        <img loading=\"lazy\" decoding=\"async\" width=\"1\" height=\"1\" src=\"https:\/\/www.quartix.com\/content\/uploads\/2021\/06\/real-time-tracking-2.svg\" class=\"\" alt=\"\" \/>  \r\n    <\/div>\r\n        <div class=\"seperator\"><\/div>\r\n    <div class=\"cardcontent\">\r\n        <h3>MONITOREO VEHICULAR<\/h3>        <p style=\"text-align: center;\">Monitoree sus veh\u00edculos y conductores en tiempo real a trav\u00e9s de dispositivos con conecci\u00f3n a Internet. No es necesario el uso de software adicional: todo se accede desde su navegador.<\/p>\n<p style=\"text-align: center;\"><a href=\"https:\/\/www.quartix.net\/product\/vehicle-tracking\/\" target=\"_blank\" rel=\"noopener\">M\u00e1s informaci\u00f3n<\/a><\/p>\n        \r\n    <\/div>\r\n<\/div>\r\n\r\n\r\n        \r\n\r\n<div class=\"cardcontainer\">\r\n            \r\n    <div class=\"cardimage\" >\r\n        <img loading=\"lazy\" decoding=\"async\" width=\"1\" height=\"1\" src=\"https:\/\/www.quartix.com\/content\/uploads\/2021\/06\/experts-at-tracking.svg\" class=\"\" alt=\"\" \/>  \r\n    <\/div>\r\n        <div class=\"seperator\"><\/div>\r\n    <div class=\"cardcontent\">\r\n        <h3>HOJAS DE CONTROL HORARIO<\/h3>        <p style=\"text-align: center;\">Ya sea que necesite informar a su flota los datos por conductor o por veh\u00edculo, Quartix ofrece informes detallados sobre sus movimientos, velocidad y tiempo de inactividad.<\/p>\n<p style=\"text-align: center;\"><a href=\"https:\/\/www.quartix.net\/product\/timesheets\/\" target=\"_blank\" rel=\"noopener\">M\u00e1s informaci\u00f3n<\/a><\/p>\n        \r\n    <\/div>\r\n<\/div>\r\n\r\n\r\n        \r\n\r\n<div class=\"cardcontainer\">\r\n            \r\n    <div class=\"cardimage\" >\r\n        <img loading=\"lazy\" decoding=\"async\" width=\"1\" height=\"1\" src=\"https:\/\/www.quartix.com\/content\/uploads\/2021\/06\/driving-style-analysis.svg\" class=\"\" alt=\"\" \/>  \r\n    <\/div>\r\n        <div class=\"seperator\"><\/div>\r\n    <div class=\"cardcontent\">\r\n        <h3>ESTILO DE CONDUCCI\u00d3N<\/h3>        <p style=\"text-align: center;\">Mejorar el estilo de conducci\u00f3n le ayudar\u00e1 a ahorrar hasta un 15% de los costos de combustible y a reducir riesgos. Incentive un estilo de manejo seguro y econ\u00f3mico a trav\u00e9s de nuestros informes.<\/p>\n<p style=\"text-align: center;\"><a href=\" https:\/\/www.quartix.com\/es-es\/producto\/estilo-de-conduccion\/\" target=\"_blank\" rel=\"noopener\">M\u00e1s informaci\u00f3n<\/a><\/p>\n        \r\n    <\/div>\r\n<\/div>\r\n\r\n\r\n        \r\n\r\n<div class=\"cardcontainer\">\r\n            \r\n    <div class=\"cardimage\" >\r\n        <img loading=\"lazy\" decoding=\"async\" width=\"109\" height=\"125\" src=\"https:\/\/www.quartix.com\/content\/uploads\/2018\/07\/individual-driver-reports.png\" class=\"\" alt=\"\" \/>  \r\n    <\/div>\r\n        <div class=\"seperator\"><\/div>\r\n    <div class=\"cardcontent\">\r\n        <h3>HERRAMIENTAS DE GESTI\u00d3N<\/h3>        <p style=\"text-align: center;\">Quartix hace el trabajo dif\u00edcil de analizar los datos y generar informes de f\u00e1cil interpretaci\u00f3n. Descubra los mejores conductores, lleve el control del kilometraje recorrido y de sus costos de combustible y reduzca su carga de trabajo administrativo.<\/p>\n<p style=\"text-align: center;\"><a href=\" https:\/\/www.quartix.com\/es-es\/producto\/herramientas-de-gestion\/\" target=\"_blank\" rel=\"noopener\">M\u00e1s informaci\u00f3n<\/a><\/p>\n        \r\n    <\/div>\r\n<\/div>\r\n\r\n\r\n        \r\n\r\n<div class=\"cardcontainer\">\r\n            \r\n    <div class=\"cardimage\" >\r\n        <img loading=\"lazy\" decoding=\"async\" width=\"1\" height=\"1\" src=\"https:\/\/www.quartix.com\/content\/uploads\/2021\/06\/geofencing-1.svg\" class=\"\" alt=\"\" \/>  \r\n    <\/div>\r\n        <div class=\"seperator\"><\/div>\r\n    <div class=\"cardcontent\">\r\n        <h3>ALERTAS<\/h3>        <p style=\"text-align: center;\">Si sus veh\u00edculos necesitan estar dentro o fuera de determinadas \u00e1reas durante horarios preestablecidos, nuestro servicio de geovallado puede emitir alertas en tiempo real. Si alguna de las reglas se rompen, usted puede investigar de forma inmediata.<\/p>\n<p style=\"text-align: center;\"><a href=\" https:\/\/www.quartix.com\/es-es\/producto\/alertas\/\" target=\"_blank\" rel=\"noopener\">M\u00e1s informaci\u00f3n<\/a><\/p>\n        \r\n    <\/div>\r\n<\/div>\r\n\r\n\r\n        \r\n\r\n<div class=\"cardcontainer\">\r\n            \r\n    <div class=\"cardimage\" >\r\n        <img loading=\"lazy\" decoding=\"async\" width=\"200\" height=\"105\" src=\"https:\/\/www.quartix.com\/content\/uploads\/2018\/07\/customers-big-and-small-e1531212703153-nsws2w1pr3ej462hjdh0kuc0q31767hzpht0xzd5wa.png\" class=\"\" alt=\"\" \/>  \r\n    <\/div>\r\n        <div class=\"seperator\"><\/div>\r\n    <div class=\"cardcontent\">\r\n        <h3>CONFIGURACI\u00d3N<\/h3>        <p style=\"text-align: center;\">Cada veh\u00edculo puede ser configurado para generar informes que se adapten a sus necesidades, tanto por parte nuestra como suya. Esto puede incluir la especificaci\u00f3n de modos de privacidad, ubicaciones personalizadas y detalles del veh\u00edculo o del conductor.<\/p>\n<p style=\"text-align: center;\"><a href=\" https:\/\/www.quartix.com\/es-es\/producto\/configuracion\/\" target=\"_blank\" rel=\"noopener\">M\u00e1s informaci\u00f3n<\/a><\/p>\n        \r\n    <\/div>\r\n<\/div>\r\n\r\n\r\n        <\/section>\r\n    \n\n<section class=\"qtx-pagebuilder-section countups qtx-pagebuilder-section-counters  \">\r\n        <div class=\"countup first\">\r\n            <p class=\"pretext\">M\u00e1s de<\/p>\r\n            <p class=\"value\" id=\"cid11084379941\">600000<\/p>\r\n            <p class=\"posttext\">unidades instaladas desde 2001<\/p>\r\n        <\/div>\r\n        <div class=\"countup\">\r\n            <p class=\"pretext\">Cada<\/p>\r\n            <p class=\"value\" id=\"cid11084379942\">80<\/p>\r\n            <p class=\"posttext\">segundos una nueva unidad es instalada<\/p>\r\n        <\/div>\r\n        <div class=\"countup\">\r\n            <p class=\"pretext\">M\u00e1s de<\/p>\r\n            <p class=\"value\" id=\"cid11084379943\">150<\/p>\r\n            <p class=\"posttext\">nuevos clientes flota cada mes<\/p>\r\n    <\/div>\r\n<\/section>\r\n\r\n<script nonce=\"\" nonce=\"\">\r\n\r\n    jQuery(function($) {\r\n        $( document ).ready(function(){\r\n            var countercontroller1108437994 = new ScrollMagic.Controller();\r\n\r\n                                var options = {\r\n                        useEasing: true,\r\n                        useGrouping: true,\r\n                        separator: '.',\r\n                        decimal: ',',\r\n                        suffix: ''\r\n                    };\r\n                \r\n            let c1countup= new CountUp('cid11084379941', 0, 600000,0,2,options);\r\n\t\t\tvar c1scene = new ScrollMagic.Scene({\r\n                triggerElement: \"#cid11084379941\",\r\n                triggerHook: 'onEnter',\r\n\t\t\t})\r\n\t\t\t.addTo(countercontroller1108437994);\r\n            c1scene.on(\"enter\", function (event) {\r\n                if (!c1countup.error) {\r\n                \u2003\u2003c1countup.start();\r\n                } else {\r\n                \u2003\u2003console.error(c1countup.error);\r\n                }\r\n            });\r\n\r\n            let c2countup= new CountUp('cid11084379942', 0, 80,0,2,options);\r\n\t\t\tvar c2scene = new ScrollMagic.Scene({\r\n                triggerElement: \"#cid11084379942\",\r\n                triggerHook: 'onEnter',\r\n\t\t\t})\r\n\t\t\t.addTo(countercontroller1108437994);\r\n            c2scene.on(\"enter\", function (event) {\r\n                if (!c2countup.error) {\r\n                \u2003\u2003c2countup.start();\r\n                } else {\r\n                \u2003\u2003console.error(c2countup.error);\r\n                }\r\n            });\r\n\r\n            let c3countup= new CountUp('cid11084379943', 0, 150,0,2,options);\r\n\t\t\tvar c3scene = new ScrollMagic.Scene({\r\n                triggerElement: \"#cid11084379943\",\r\n                triggerHook: 'onEnter',\r\n\t\t\t})\r\n\t\t\t.addTo(countercontroller1108437994);\r\n            c3scene.on(\"enter\", function (event) {\r\n                if (!c3countup.error) {\r\n                \u2003\u2003c3countup.start();\r\n                } else {\r\n                \u2003\u2003console.error(c3countup.error);\r\n                }\r\n            });\r\n        })  \r\n    })\r\n            <\/script>","protected":false},"excerpt":{"rendered":"<p>Quartix, durante m\u00e1s de 21 a\u00f1os, ha trabajado estrechamente con compa\u00f1\u00edas de todos los sectores para entender sus necesidades espec\u00edficas y brindarles soluciones telem\u00e1ticas y de monitoreo vehicular. M\u00e1s de 20.000 negocios han elegido a Quartix porque ofrece: Informaci\u00f3n actuable sobre los movimientos de veh\u00edculos, comportamiento de conductores y consumo de combustible. Opciones de precios [&hellip;]<\/p>\n","protected":false},"author":12,"featured_media":0,"parent":0,"menu_order":800,"comment_status":"closed","ping_status":"closed","template":"","meta":{"_acf_changed":false,"inline_featured_image":false,"footnotes":""},"topic":[],"qtx_campaign":[],"class_list":["post-10877","page","type-page","status-publish","hentry"],"acf":[],"yoast_head":"<!-- This site is optimized with the Yoast SEO Premium plugin v27.3 (Yoast SEO v27.3) - https:\/\/yoast.com\/product\/yoast-seo-premium-wordpress\/ -->\n<title>M\u00e1s que tan s\u00f3lo monitoreo vehicular... - ES<\/title>\n<meta name=\"description\" content=\"Quartix, durante m\u00e1s de 17 a\u00f1os, ha trabajado estrechamente con compa\u00f1\u00edas de todos los sectores para entender sus necesidades espec\u00edficas y brindarles soluciones telem\u00e1ticas y de monitoreo vehicular. M\u00e1s de 10.000 negocios han elegido a Quartix.\" \/>\n<meta name=\"robots\" content=\"noindex, follow\" \/>\n<meta property=\"og:locale\" content=\"es_ES\" \/>\n<meta property=\"og:type\" content=\"article\" \/>\n<meta property=\"og:title\" content=\"M\u00e1s que tan s\u00f3lo monitoreo vehicular...\" \/>\n<meta property=\"og:description\" content=\"Quartix, durante m\u00e1s de 17 a\u00f1os, ha trabajado estrechamente con compa\u00f1\u00edas de todos los sectores para entender sus necesidades espec\u00edficas y brindarles soluciones telem\u00e1ticas y de monitoreo vehicular. M\u00e1s de 10.000 negocios han elegido a Quartix.\" \/>\n<meta property=\"og:url\" content=\"https:\/\/www.quartix.com\/es-es\/mas-que-tan-solo-monitoreo-vehicular\/\" \/>\n<meta property=\"og:site_name\" content=\"Quartix\" \/>\n<meta property=\"article:publisher\" content=\"https:\/\/www.facebook.com\/Quartix-USA-374426386097401\/\" \/>\n<meta property=\"article:modified_time\" content=\"2022-10-14T10:54:51+00:00\" \/>\n<meta name=\"twitter:card\" content=\"summary_large_image\" \/>\n<meta name=\"twitter:site\" content=\"@QuartixUSA\" \/>\n<meta name=\"twitter:label1\" content=\"Est. reading time\" \/>\n\t<meta name=\"twitter:data1\" content=\"1 minute\" \/>\n<!-- \/ Yoast SEO Premium plugin. -->","yoast_head_json":{"title":"M\u00e1s que tan s\u00f3lo monitoreo vehicular... - ES","description":"Quartix, durante m\u00e1s de 17 a\u00f1os, ha trabajado estrechamente con compa\u00f1\u00edas de todos los sectores para entender sus necesidades espec\u00edficas y brindarles soluciones telem\u00e1ticas y de monitoreo vehicular. M\u00e1s de 10.000 negocios han elegido a Quartix.","robots":{"index":"noindex","follow":"follow"},"og_locale":"es_ES","og_type":"article","og_title":"M\u00e1s que tan s\u00f3lo monitoreo vehicular...","og_description":"Quartix, durante m\u00e1s de 17 a\u00f1os, ha trabajado estrechamente con compa\u00f1\u00edas de todos los sectores para entender sus necesidades espec\u00edficas y brindarles soluciones telem\u00e1ticas y de monitoreo vehicular. M\u00e1s de 10.000 negocios han elegido a Quartix.","og_url":"https:\/\/www.quartix.com\/es-es\/mas-que-tan-solo-monitoreo-vehicular\/","og_site_name":"Quartix","article_publisher":"https:\/\/www.facebook.com\/Quartix-USA-374426386097401\/","article_modified_time":"2022-10-14T10:54:51+00:00","twitter_card":"summary_large_image","twitter_site":"@QuartixUSA","twitter_misc":{"Est. reading time":"1 minute"},"schema":{"@context":"https:\/\/schema.org","@graph":[{"@type":"WebPage","@id":"https:\/\/www.quartix.com\/es-es\/mas-que-tan-solo-monitoreo-vehicular\/","url":"https:\/\/www.quartix.com\/es-es\/mas-que-tan-solo-monitoreo-vehicular\/","name":"M\u00e1s que tan s\u00f3lo monitoreo vehicular...","isPartOf":{"@id":"https:\/\/www.quartix.com\/es-es\/#website"},"datePublished":"2019-01-21T22:30:57+00:00","dateModified":"2022-10-14T10:54:51+00:00","description":"Quartix, durante m\u00e1s de 17 a\u00f1os, ha trabajado estrechamente con compa\u00f1\u00edas de todos los sectores para entender sus necesidades espec\u00edficas y brindarles soluciones telem\u00e1ticas y de monitoreo vehicular. M\u00e1s de 10.000 negocios han elegido a Quartix.","breadcrumb":{"@id":"https:\/\/www.quartix.com\/es-es\/mas-que-tan-solo-monitoreo-vehicular\/#breadcrumb"},"inLanguage":"es-ES","potentialAction":[{"@type":"ReadAction","target":["https:\/\/www.quartix.com\/es-es\/mas-que-tan-solo-monitoreo-vehicular\/"]}]},{"@type":"BreadcrumbList","@id":"https:\/\/www.quartix.com\/es-es\/mas-que-tan-solo-monitoreo-vehicular\/#breadcrumb","itemListElement":[{"@type":"ListItem","position":1,"name":"Inicio","item":"https:\/\/www.quartix.com\/es-es\/quartix-localizacion-de-vehiculos-en-tiempo-real\/"},{"@type":"ListItem","position":2,"name":"M\u00e1s que tan s\u00f3lo monitoreo vehicular&#8230;"}]},{"@type":"WebSite","@id":"https:\/\/www.quartix.com\/es-es\/#website","url":"https:\/\/www.quartix.com\/es-es\/","name":"Quartix","description":"Real-time vehicle tracking","publisher":{"@id":"https:\/\/www.quartix.com\/es-es\/#organization"},"potentialAction":[{"@type":"SearchAction","target":{"@type":"EntryPoint","urlTemplate":"https:\/\/www.quartix.com\/es-es\/?s={search_term_string}"},"query-input":{"@type":"PropertyValueSpecification","valueRequired":true,"valueName":"search_term_string"}}],"inLanguage":"es-ES"},{"@type":"Organization","@id":"https:\/\/www.quartix.com\/es-es\/#organization","name":"Quartix","url":"https:\/\/www.quartix.com\/es-es\/","logo":{"@type":"ImageObject","inLanguage":"es-ES","@id":"https:\/\/www.quartix.com\/es-es\/#\/schema\/logo\/image\/","url":"https:\/\/www.quartix.com\/content\/uploads\/2019\/02\/quartix-logo-eur.svg","contentUrl":"https:\/\/www.quartix.com\/content\/uploads\/2019\/02\/quartix-logo-eur.svg","width":1,"height":1,"caption":"Quartix"},"image":{"@id":"https:\/\/www.quartix.com\/es-es\/#\/schema\/logo\/image\/"},"sameAs":["https:\/\/www.facebook.com\/Quartix-USA-374426386097401\/","https:\/\/x.com\/QuartixUSA","https:\/\/www.linkedin.com\/company\/5346733\/","https:\/\/www.youtube.com\/channel\/UCzS-_GMfHF4kWiCheyIRrAQ"]}]}},"_links":{"self":[{"href":"https:\/\/www.quartix.com\/es-es\/wp-json\/wp\/v2\/pages\/10877","targetHints":{"allow":["GET"]}}],"collection":[{"href":"https:\/\/www.quartix.com\/es-es\/wp-json\/wp\/v2\/pages"}],"about":[{"href":"https:\/\/www.quartix.com\/es-es\/wp-json\/wp\/v2\/types\/page"}],"author":[{"embeddable":true,"href":"https:\/\/www.quartix.com\/es-es\/wp-json\/wp\/v2\/users\/12"}],"replies":[{"embeddable":true,"href":"https:\/\/www.quartix.com\/es-es\/wp-json\/wp\/v2\/comments?post=10877"}],"version-history":[{"count":0,"href":"https:\/\/www.quartix.com\/es-es\/wp-json\/wp\/v2\/pages\/10877\/revisions"}],"wp:attachment":[{"href":"https:\/\/www.quartix.com\/es-es\/wp-json\/wp\/v2\/media?parent=10877"}],"wp:term":[{"taxonomy":"topic","embeddable":true,"href":"https:\/\/www.quartix.com\/es-es\/wp-json\/wp\/v2\/topic?post=10877"},{"taxonomy":"qtx_campaign","embeddable":true,"href":"https:\/\/www.quartix.com\/es-es\/wp-json\/wp\/v2\/qtx_campaign?post=10877"}],"curies":[{"name":"wp","href":"https:\/\/api.w.org\/{rel}","templated":true}]}}