{"id":10880,"date":"2019-01-21T23:08:13","date_gmt":"2019-01-21T23:08:13","guid":{"rendered":"https:\/\/www.quartix.com\/dziekujemy-prosba-o-demo\/"},"modified":"2025-07-07T16:22:18","modified_gmt":"2025-07-07T15:22:18","slug":"agradecimiento-solicitud-de-demo","status":"publish","type":"page","link":"https:\/\/www.quartix.com\/es-es\/agradecimiento-solicitud-de-demo\/","title":{"rendered":"\u00a1Gracias por solicitar tu demostraci\u00f3n!"},"content":{"rendered":"\n<h2 class=\"wp-block-heading has-text-align-center\" id=\"h-en-breve-nos-pondremos-en-contacto-contigo-para-programar-una-demostracion\">En breve nos pondremos en contacto contigo para programar una demostraci\u00f3n.<\/h2>\n\n\n\n<figure class=\"wp-block-image aligncenter size-full\"><img loading=\"lazy\" decoding=\"async\" width=\"650\" height=\"500\" src=\"https:\/\/www.quartix.com\/content\/uploads\/2025\/05\/ES_New_home_desktop.png\" alt=\"A map of a driving route from Valencia to Barcelona is shown behind a smartphone displaying a driving score and details of a red vehicle. Security certification badges are on the left.\" class=\"wp-image-120105\" srcset=\"https:\/\/www.quartix.com\/content\/uploads\/2025\/05\/ES_New_home_desktop.png 650w, https:\/\/www.quartix.com\/content\/uploads\/2025\/05\/ES_New_home_desktop-300x231.png 300w\" sizes=\"auto, (max-width: 650px) 100vw, 650px\" \/><\/figure>\n\n\n\n<h2 class=\"wp-block-heading\" id=\"h-mientras-tanto-no-dudes-en-consultar-nuestros-recursos-o-ver-los-videos\">Mientras tanto, no dudes en consultar nuestros recursos o ver los v\u00eddeos.<\/h2>\n\n\n\n<div class=\"wp-block-columns is-layout-flex wp-container-core-columns-is-layout-28f84493 wp-block-columns-is-layout-flex\">\n<div class=\"wp-block-column is-layout-flow wp-block-column-is-layout-flow\">        <a href=\"https:\/\/www.youtube.com\/watch?v=8GpnC730PlI\" data-lity  class=\"lightbox thumbnail\">\r\n            <div class=\"videooverlay\"><\/div>                        <figure class=\"wp-block-image\">\r\n                                    <img decoding=\"async\" loading=\"lazy\" src=\"https:\/\/www.quartix.com\/content\/uploads\/2025\/07\/ES-Thumbnail-explore-our-system-1000x560.png\" alt=\"ES Thumbnail explore our system\">\r\n                                <\/figure>\r\n                    <\/a>\r\n        <\/div>\n\n\n\n<div class=\"wp-block-column is-layout-flow wp-block-column-is-layout-flow\">        <a href=\"https:\/\/www.youtube.com\/watch?v=kybYUQLZ7m4&#038;t=136s\" data-lity  class=\"lightbox thumbnail\">\r\n            <div class=\"videooverlay\"><\/div>                        <figure class=\"wp-block-image\">\r\n                                    <img decoding=\"async\" loading=\"lazy\" src=\"https:\/\/www.quartix.com\/content\/uploads\/2025\/07\/ES-Thumbnail-devices-1000x561.png\" alt=\"ES Thumbnail devices\">\r\n                                <\/figure>\r\n                    <\/a>\r\n        <\/div>\n\n\n\n<div class=\"wp-block-column is-layout-flow wp-block-column-is-layout-flow\">        <a href=\"https:\/\/www.youtube.com\/watch?v=tLaHD0dbiAc\" data-lity  class=\"lightbox thumbnail\">\r\n            <div class=\"videooverlay\"><\/div>                        <figure class=\"wp-block-image\">\r\n                                    <img decoding=\"async\" loading=\"lazy\" src=\"https:\/\/www.quartix.com\/content\/uploads\/2025\/07\/ES-Thumbnail-Baywa-1000x561.png\" alt=\"ES Thumbnail Baywa\">\r\n                                <\/figure>\r\n                    <\/a>\r\n        <\/div>\n<\/div>\n\n\n    <div class=\"button-container centre\">\r\n<a href=\"https:\/\/www.quartix.com\/es-es\/mas-informacion\/novedades\/\" class=\"btn pagebuilder-btn btn-green btn-light\" title=\"Descubre m\u00e1s\" >Descubre m\u00e1s<\/a>\r\n<\/div>\r\n\n\n\n<p class=\"has-text-align-center\">Aqu\u00ed tienes algunos enlaces \u00fatiles para ayudarte a conocer mejor el sistema Quartix:<\/p>\n\n\n\n<p class=\"has-text-align-center\"><a href=\"https:\/\/www.quartix.com\/es-es\/mas-informacion\/estudios-de-caso\/\" target=\"_blank\" rel=\"noopener noreferrer\">Historias de \u00e9xito de nuestros clientes<\/a><\/p>\n\n\n\n<p class=\"has-text-align-center\"><a href=\"https:\/\/www.quartix.com\/es-es\/mas-informacion\/seminarios-web\/\" target=\"_blank\" rel=\"noopener noreferrer\">Tutoriales de seminarios web<\/a><\/p>\n\n\n\n<p class=\"has-text-align-center\"><a href=\"https:\/\/www.quartix.com\/es-es\/mas-informacion\/guias\/\" target=\"_blank\" rel=\"noopener noreferrer\">Gu\u00edas de la industria para el seguimiento de veh\u00edculos<\/a><\/p>\n\n\n\n<h2 class=\"wp-block-heading has-text-align-center\" id=\"h-mas-de-35-000-empresas-en-todo-el-mundo-confian-en-nosotros\">M\u00e1s de 35.000 empresas en todo el mundo conf\u00edan en nosotros<\/h2>\n\n\n\n<figure class=\"wp-block-gallery has-nested-images columns-default is-cropped wp-block-gallery-1 is-layout-flex wp-block-gallery-is-layout-flex\">\n<figure class=\"wp-block-image size-large\"><img loading=\"lazy\" decoding=\"async\" width=\"500\" height=\"500\" data-id=\"121276\" src=\"https:\/\/www.quartix.com\/content\/uploads\/2025\/05\/Taxis-Baena-logo-3.png\" alt=\"Logo for Taxis La Seu d\u2019Urgell and Taxis Baena, featuring the initials &quot;TB&quot; in blue and green and a blue rectangle with the word &quot;TAXI&quot; on the right.\" class=\"wp-image-121276\" srcset=\"https:\/\/www.quartix.com\/content\/uploads\/2025\/05\/Taxis-Baena-logo-3.png 500w, https:\/\/www.quartix.com\/content\/uploads\/2025\/05\/Taxis-Baena-logo-3-300x300.png 300w, https:\/\/www.quartix.com\/content\/uploads\/2025\/05\/Taxis-Baena-logo-3-150x150.png 150w\" sizes=\"auto, (max-width: 500px) 100vw, 500px\" \/><\/figure>\n\n\n\n<figure class=\"wp-block-image size-large\"><img loading=\"lazy\" decoding=\"async\" width=\"500\" height=\"500\" data-id=\"121287\" src=\"https:\/\/www.quartix.com\/content\/uploads\/2025\/05\/BayWa-r.e.-logo-1.png\" alt=\"BayWa r.e. logo featuring a green square overlapping a yellow triangle, with the company name in black text to the right.\" class=\"wp-image-121287\" srcset=\"https:\/\/www.quartix.com\/content\/uploads\/2025\/05\/BayWa-r.e.-logo-1.png 500w, https:\/\/www.quartix.com\/content\/uploads\/2025\/05\/BayWa-r.e.-logo-1-300x300.png 300w, https:\/\/www.quartix.com\/content\/uploads\/2025\/05\/BayWa-r.e.-logo-1-150x150.png 150w\" sizes=\"auto, (max-width: 500px) 100vw, 500px\" \/><\/figure>\n\n\n\n<figure class=\"wp-block-image size-large\"><img loading=\"lazy\" decoding=\"async\" width=\"500\" height=\"500\" data-id=\"121299\" src=\"https:\/\/www.quartix.com\/content\/uploads\/2025\/05\/Valdeminaya_Logo.png\" alt=\"Logo with four squares, two teal and two orange, arranged in a grid above the text &quot;VALDEMINAYA&quot; in capital letters on a transparent background.\" class=\"wp-image-121299\" srcset=\"https:\/\/www.quartix.com\/content\/uploads\/2025\/05\/Valdeminaya_Logo.png 500w, https:\/\/www.quartix.com\/content\/uploads\/2025\/05\/Valdeminaya_Logo-300x300.png 300w, https:\/\/www.quartix.com\/content\/uploads\/2025\/05\/Valdeminaya_Logo-150x150.png 150w\" sizes=\"auto, (max-width: 500px) 100vw, 500px\" \/><\/figure>\n<\/figure>\n","protected":false},"excerpt":{"rendered":"<p>En breve nos pondremos en contacto contigo para programar una demostraci\u00f3n. Mientras tanto, no dudes en consultar nuestros recursos o ver los v\u00eddeos. Aqu\u00ed tienes algunos enlaces \u00fatiles para ayudarte a conocer mejor el sistema Quartix: Historias de \u00e9xito de nuestros clientes Tutoriales de seminarios web Gu\u00edas de la industria para el seguimiento de veh\u00edculos [&hellip;]<\/p>\n","protected":false},"author":6,"featured_media":0,"parent":0,"menu_order":8805,"comment_status":"closed","ping_status":"closed","template":"","meta":{"_acf_changed":false,"inline_featured_image":false,"footnotes":""},"topic":[],"qtx_campaign":[],"class_list":["post-10880","page","type-page","status-publish","hentry"],"acf":[],"yoast_head":"<!-- This site is optimized with the Yoast SEO Premium plugin v27.3 (Yoast SEO v27.3) - https:\/\/yoast.com\/product\/yoast-seo-premium-wordpress\/ -->\n<title>\u00a1Gracias por solicitar tu demostraci\u00f3n! - ES<\/title>\n<meta name=\"robots\" content=\"noindex, nofollow\" \/>\n<meta property=\"og:locale\" content=\"es_ES\" \/>\n<meta property=\"og:type\" content=\"article\" \/>\n<meta property=\"og:title\" content=\"\u00a1Gracias por solicitar tu demostraci\u00f3n!\" \/>\n<meta property=\"og:description\" content=\"En breve nos pondremos en contacto contigo para programar una demostraci\u00f3n. Mientras tanto, no dudes en consultar nuestros recursos o ver los v\u00eddeos. Aqu\u00ed tienes algunos enlaces \u00fatiles para ayudarte a conocer mejor el sistema Quartix: Historias de \u00e9xito de nuestros clientes Tutoriales de seminarios web Gu\u00edas de la industria para el seguimiento de veh\u00edculos [&hellip;]\" \/>\n<meta property=\"og:url\" content=\"https:\/\/www.quartix.com\/es-es\/agradecimiento-solicitud-de-demo\/\" \/>\n<meta property=\"og:site_name\" content=\"Quartix\" \/>\n<meta property=\"article:publisher\" content=\"https:\/\/www.facebook.com\/Quartix-USA-374426386097401\/\" \/>\n<meta property=\"article:modified_time\" content=\"2025-07-07T15:22:18+00:00\" \/>\n<meta property=\"og:image\" content=\"https:\/\/www.quartix.com\/content\/uploads\/2025\/05\/ES_New_home_desktop.png\" \/>\n\t<meta property=\"og:image:width\" content=\"650\" \/>\n\t<meta property=\"og:image:height\" content=\"500\" \/>\n\t<meta property=\"og:image:type\" content=\"image\/png\" \/>\n<meta name=\"twitter:card\" content=\"summary_large_image\" \/>\n<meta name=\"twitter:site\" content=\"@QuartixUSA\" \/>\n<meta name=\"twitter:label1\" content=\"Est. reading time\" \/>\n\t<meta name=\"twitter:data1\" content=\"2 minutes\" \/>\n<!-- \/ Yoast SEO Premium plugin. -->","yoast_head_json":{"title":"\u00a1Gracias por solicitar tu demostraci\u00f3n! - ES","robots":{"index":"noindex","follow":"nofollow"},"og_locale":"es_ES","og_type":"article","og_title":"\u00a1Gracias por solicitar tu demostraci\u00f3n!","og_description":"En breve nos pondremos en contacto contigo para programar una demostraci\u00f3n. Mientras tanto, no dudes en consultar nuestros recursos o ver los v\u00eddeos. Aqu\u00ed tienes algunos enlaces \u00fatiles para ayudarte a conocer mejor el sistema Quartix: Historias de \u00e9xito de nuestros clientes Tutoriales de seminarios web Gu\u00edas de la industria para el seguimiento de veh\u00edculos [&hellip;]","og_url":"https:\/\/www.quartix.com\/es-es\/agradecimiento-solicitud-de-demo\/","og_site_name":"Quartix","article_publisher":"https:\/\/www.facebook.com\/Quartix-USA-374426386097401\/","article_modified_time":"2025-07-07T15:22:18+00:00","og_image":[{"width":650,"height":500,"url":"https:\/\/www.quartix.com\/content\/uploads\/2025\/05\/ES_New_home_desktop.png","type":"image\/png"}],"twitter_card":"summary_large_image","twitter_site":"@QuartixUSA","twitter_misc":{"Est. reading time":"2 minutes"},"schema":{"@context":"https:\/\/schema.org","@graph":[{"@type":"WebPage","@id":"https:\/\/www.quartix.com\/es-es\/agradecimiento-solicitud-de-demo\/","url":"https:\/\/www.quartix.com\/es-es\/agradecimiento-solicitud-de-demo\/","name":"\u00a1Gracias por solicitar tu demostraci\u00f3n!","isPartOf":{"@id":"https:\/\/www.quartix.com\/es-es\/#website"},"primaryImageOfPage":{"@id":"https:\/\/www.quartix.com\/es-es\/agradecimiento-solicitud-de-demo\/#primaryimage"},"image":{"@id":"https:\/\/www.quartix.com\/es-es\/agradecimiento-solicitud-de-demo\/#primaryimage"},"thumbnailUrl":"https:\/\/www.quartix.com\/content\/uploads\/2025\/05\/ES_New_home_desktop.png","datePublished":"2019-01-21T23:08:13+00:00","dateModified":"2025-07-07T15:22:18+00:00","breadcrumb":{"@id":"https:\/\/www.quartix.com\/es-es\/agradecimiento-solicitud-de-demo\/#breadcrumb"},"inLanguage":"es-ES","potentialAction":[{"@type":"ReadAction","target":["https:\/\/www.quartix.com\/es-es\/agradecimiento-solicitud-de-demo\/"]}]},{"@type":"ImageObject","inLanguage":"es-ES","@id":"https:\/\/www.quartix.com\/es-es\/agradecimiento-solicitud-de-demo\/#primaryimage","url":"https:\/\/www.quartix.com\/content\/uploads\/2025\/05\/ES_New_home_desktop.png","contentUrl":"https:\/\/www.quartix.com\/content\/uploads\/2025\/05\/ES_New_home_desktop.png"},{"@type":"BreadcrumbList","@id":"https:\/\/www.quartix.com\/es-es\/agradecimiento-solicitud-de-demo\/#breadcrumb","itemListElement":[{"@type":"ListItem","position":1,"name":"Inicio","item":"https:\/\/www.quartix.com\/es-es\/quartix-localizacion-de-vehiculos-en-tiempo-real\/"},{"@type":"ListItem","position":2,"name":"\u00a1Gracias por solicitar tu demostraci\u00f3n!"}]},{"@type":"WebSite","@id":"https:\/\/www.quartix.com\/es-es\/#website","url":"https:\/\/www.quartix.com\/es-es\/","name":"Quartix","description":"Real-time vehicle tracking","publisher":{"@id":"https:\/\/www.quartix.com\/es-es\/#organization"},"potentialAction":[{"@type":"SearchAction","target":{"@type":"EntryPoint","urlTemplate":"https:\/\/www.quartix.com\/es-es\/?s={search_term_string}"},"query-input":{"@type":"PropertyValueSpecification","valueRequired":true,"valueName":"search_term_string"}}],"inLanguage":"es-ES"},{"@type":"Organization","@id":"https:\/\/www.quartix.com\/es-es\/#organization","name":"Quartix","url":"https:\/\/www.quartix.com\/es-es\/","logo":{"@type":"ImageObject","inLanguage":"es-ES","@id":"https:\/\/www.quartix.com\/es-es\/#\/schema\/logo\/image\/","url":"https:\/\/www.quartix.com\/content\/uploads\/2019\/02\/quartix-logo-eur.svg","contentUrl":"https:\/\/www.quartix.com\/content\/uploads\/2019\/02\/quartix-logo-eur.svg","width":1,"height":1,"caption":"Quartix"},"image":{"@id":"https:\/\/www.quartix.com\/es-es\/#\/schema\/logo\/image\/"},"sameAs":["https:\/\/www.facebook.com\/Quartix-USA-374426386097401\/","https:\/\/x.com\/QuartixUSA","https:\/\/www.linkedin.com\/company\/5346733\/","https:\/\/www.youtube.com\/channel\/UCzS-_GMfHF4kWiCheyIRrAQ"]}]}},"_links":{"self":[{"href":"https:\/\/www.quartix.com\/es-es\/wp-json\/wp\/v2\/pages\/10880","targetHints":{"allow":["GET"]}}],"collection":[{"href":"https:\/\/www.quartix.com\/es-es\/wp-json\/wp\/v2\/pages"}],"about":[{"href":"https:\/\/www.quartix.com\/es-es\/wp-json\/wp\/v2\/types\/page"}],"author":[{"embeddable":true,"href":"https:\/\/www.quartix.com\/es-es\/wp-json\/wp\/v2\/users\/6"}],"replies":[{"embeddable":true,"href":"https:\/\/www.quartix.com\/es-es\/wp-json\/wp\/v2\/comments?post=10880"}],"version-history":[{"count":11,"href":"https:\/\/www.quartix.com\/es-es\/wp-json\/wp\/v2\/pages\/10880\/revisions"}],"predecessor-version":[{"id":123513,"href":"https:\/\/www.quartix.com\/es-es\/wp-json\/wp\/v2\/pages\/10880\/revisions\/123513"}],"wp:attachment":[{"href":"https:\/\/www.quartix.com\/es-es\/wp-json\/wp\/v2\/media?parent=10880"}],"wp:term":[{"taxonomy":"topic","embeddable":true,"href":"https:\/\/www.quartix.com\/es-es\/wp-json\/wp\/v2\/topic?post=10880"},{"taxonomy":"qtx_campaign","embeddable":true,"href":"https:\/\/www.quartix.com\/es-es\/wp-json\/wp\/v2\/qtx_campaign?post=10880"}],"curies":[{"name":"wp","href":"https:\/\/api.w.org\/{rel}","templated":true}]}}