{"id":110987,"date":"2024-09-26T16:11:08","date_gmt":"2024-09-26T15:11:08","guid":{"rendered":"https:\/\/www.quartix.com\/?page_id=110987"},"modified":"2025-06-25T17:31:17","modified_gmt":"2025-06-25T16:31:17","slug":"proteccion-de-la-privacidad-del-conductor","status":"publish","type":"page","link":"https:\/\/www.quartix.com\/es-es\/proteccion-de-la-privacidad-del-conductor\/","title":{"rendered":"Protecci\u00f3n de la Privacidad del Conductor"},"content":{"rendered":"<div class=\"hero-block-with-list-wrapper \">\r\n    <div \r\n         \r\n        class=\"hero-block-with-list\"\r\n    >\r\n        <div class=\"hero-content\">\r\n            <div class=\"inner\">\r\n                                            <h1 class=\"title \">Respeta la privacidad de tus conductores mientras gestionas tu flota de manera eficiente<\/h1>\r\n                                                                                <ul class=\"stylelikeh4\">\r\n                            <li><span class='tickicon'><\/span>Mejora la moral de los conductores: Respetar la privacidad aumenta la satisfacci\u00f3n laboral.<\/li><li><span class='tickicon'><\/span>Aumenta la confianza: Los conductores se sienten valorados cuando se respeta su tiempo personal.<\/li><li><span class='tickicon'><\/span>Previene pr\u00e1cticas no autorizadas: Reduce el riesgo de que los conductores usen dispositivos de interferencia de GPS.<\/li>                    <\/ul>\r\n                                                        <div class=\"buttons\">\r\n                        <a href=\"https:\/\/www.quartix.com\/es-es\/demostracion\/\" class=\"btn btn-green cta\" target=\"_blank\" title=\"Empieza hoy mismo\">Empieza hoy mismo<\/a>\r\n                                            <\/div>\r\n                                <p class=\"stylelikeh4\">Nuestro enfoque <span class=\"green bold\">prioriza<\/span> tanto tus necesidades operativas como la comodidad de tus conductores.<\/p>            <\/div>\r\n        <\/div>\r\n                    <div class=\"hero-image\" >\r\n                <img loading=\"lazy\" decoding=\"async\" width=\"1440\" height=\"1080\" src=\"https:\/\/www.quartix.com\/content\/uploads\/2024\/09\/Artboard-\u2013-57-1440x1080.png\" class=\"desktop\" alt=\"\" style=\"margin: px 0;\" srcset=\"https:\/\/www.quartix.com\/content\/uploads\/2024\/09\/Artboard-\u2013-57-1440x1080.png 1440w, https:\/\/www.quartix.com\/content\/uploads\/2024\/09\/Artboard-\u2013-57-300x225.png 300w, https:\/\/www.quartix.com\/content\/uploads\/2024\/09\/Artboard-\u2013-57-1000x750.png 1000w, https:\/\/www.quartix.com\/content\/uploads\/2024\/09\/Artboard-\u2013-57-768x576.png 768w, https:\/\/www.quartix.com\/content\/uploads\/2024\/09\/Artboard-\u2013-57-1536x1152.png 1536w, https:\/\/www.quartix.com\/content\/uploads\/2024\/09\/Artboard-\u2013-57.png 1920w\" sizes=\"auto, (max-width: 1440px) 100vw, 1440px\" \/>                            <\/div>\r\n            <\/div>\r\n<\/div>\n\n\r\n<section  class=\"qtx-pagebuilder-section qtx-pagebuilder-section-benefits \">\r\n    <div class=\"widthwrapper\">\r\n        <div class=\"benefits\">\r\n                            <h3>C\u00f3mo funciona la protecci\u00f3n de la privacidad del conductor<\/h3>\r\n                                        <p>Nuestra innovadora funci\u00f3n permite a los conductores ocultar su actividad al volante durante ciertos periodos establecidos.\r\nCuando est\u00e1 activada, el seguimiento del veh\u00edculo se pausa y solo se registra el kilometraje.\r\nNo se guarda ninguna informaci\u00f3n sobre ubicaciones de inicio o fin, rutas ni comportamiento al conducir.\r\n\r\nAs\u00ed puedes controlar los costes de tu flota sin comprometer la privacidad de tus conductores.<\/p>\r\n                                        <h4>Caracter\u00edsticas clave de nuestra protecci\u00f3n de la privacidad:<\/h4>\r\n                                        <ul>\r\n                                                                        <li>\r\n                                <span class=\"fa-li\"><i class=\"fas fa-check-circle\"><\/i><\/span>\r\n                                Ubicaciones ocultas: Oculta los puntos de inicio y parada durante el uso personal.                            <\/li>\r\n                                                                                                <li>\r\n                                <span class=\"fa-li\"><i class=\"fas fa-check-circle\"><\/i><\/span>\r\n                                Datos esenciales accesibles: Mant\u00e9n la supervisi\u00f3n del kilometraje y la salud del veh\u00edculo.                            <\/li>\r\n                                                                                                <li>\r\n                                <span class=\"fa-li\"><i class=\"fas fa-check-circle\"><\/i><\/span>\r\n                                Acceso excepcional: Recupera los datos ocultos en casos como accidentes.                            <\/li>\r\n                                                            <\/ul>\r\n                                        <a href=\"https:\/\/www.quartix.com\/es-es\/demostracion\/\" class=\"btn btn-green btn-inline\">\r\n                    Empieza hoy mismo                <\/a>\r\n                    <\/div>  \r\n                    <div class=\"image\">\r\n                <img decoding=\"async\" src=\"https:\/\/www.quartix.com\/content\/uploads\/2024\/09\/Artboard-\u2013-60.png\" alt=\"\">\r\n            <\/div>\r\n            <\/div>\r\n<\/section>\n\n\r\n<section  class=\"qtx-pagebuilder-section qtx-pagebuilder-section-benefits flipped\">\r\n    <div class=\"widthwrapper\">\r\n        <div class=\"benefits\">\r\n                            <h3>Beneficios de una soluci\u00f3n no intrusiva<\/h3>\r\n                                        <p>A diferencia de los competidores que requieren la instalaci\u00f3n de botones f\u00edsicos o hardware adicional en los veh\u00edculos, nuestra soluci\u00f3n es completamente basada en software. Los conductores pueden activar f\u00e1cilmente la protecci\u00f3n de la privacidad iniciando sesi\u00f3n en su cuenta, lo que elimina la necesidad de dispositivos adicionales. Este enfoque te ahorra tiempo y dinero, evitando da\u00f1os potenciales a los veh\u00edculos por instalaciones innecesarias.<\/p>\r\n                                        <h4>Ventajas de nuestro enfoque basado en software:<\/h4>\r\n                                        <ul>\r\n                                                                        <li>\r\n                                <span class=\"fa-li\"><i class=\"fas fa-check-circle\"><\/i><\/span>\r\n                                Ahorro de costes: No hay cargos adicionales por hardware o instalaciones.                            <\/li>\r\n                                                                                                <li>\r\n                                <span class=\"fa-li\"><i class=\"fas fa-check-circle\"><\/i><\/span>\r\n                                Integridad del veh\u00edculo: Evita da\u00f1os o desorden por dispositivos adicionales.                            <\/li>\r\n                                                                                                <li>\r\n                                <span class=\"fa-li\"><i class=\"fas fa-check-circle\"><\/i><\/span>\r\n                                F\u00e1cil de usar: La activaci\u00f3n simple mejora la experiencia del conductor.                            <\/li>\r\n                                                            <\/ul>\r\n                                        <a href=\"https:\/\/www.quartix.com\/es-es\/demostracion\/\" class=\"btn btn-green btn-inline\">\r\n                    Empieza hoy mismo                <\/a>\r\n                    <\/div>  \r\n                    <div class=\"image\">\r\n                <img decoding=\"async\" src=\"https:\/\/www.quartix.com\/content\/uploads\/2024\/09\/Artboard-\u2013-58.png\" alt=\"\">\r\n            <\/div>\r\n            <\/div>\r\n<\/section>\n\n\r\n<section  class=\"qtx-pagebuilder-section qtx-pagebuilder-section-benefits \">\r\n    <div class=\"widthwrapper\">\r\n        <div class=\"benefits\">\r\n                            <h3>Cumplimiento con las normativas de privacidad<\/h3>\r\n                                        <p>Mantenerse conforme con las leyes de privacidad es esencial para cualquier empresa que opere en el entorno regulatorio actual. Nuestra funci\u00f3n de protecci\u00f3n de la privacidad del conductor te ayuda:<\/p>\r\n                                        <h4>C\u00f3mo te ayudamos a mantener la conformidad:<\/h4>\r\n                                        <ul>\r\n                                                                        <li>\r\n                                <span class=\"fa-li\"><i class=\"fas fa-check-circle\"><\/i><\/span>\r\n                                Protege los datos personales: Protege informaci\u00f3n sensible como direcciones domiciliarias y ubicaciones frecuentes.                            <\/li>\r\n                                                                                                <li>\r\n                                <span class=\"fa-li\"><i class=\"fas fa-check-circle\"><\/i><\/span>\r\n                                Simplifica el cumplimiento: Las funciones integradas facilitan la adhesi\u00f3n a las normativas.                            <\/li>\r\n                                                                                                <li>\r\n                                <span class=\"fa-li\"><i class=\"fas fa-check-circle\"><\/i><\/span>\r\n                                Reduce los riesgos legales: Minimiza las probabilidades de quejas o multas relacionadas con la privacidad.                            <\/li>\r\n                                                            <\/ul>\r\n                                        <a href=\"https:\/\/www.quartix.com\/es-es\/demostracion\/\" class=\"btn btn-green btn-inline\">\r\n                    Empieza hoy mismo                <\/a>\r\n                    <\/div>  \r\n                    <div class=\"image\">\r\n                <img decoding=\"async\" src=\"https:\/\/www.quartix.com\/content\/uploads\/2024\/09\/Artboard-\u2013-59.png\" alt=\"\">\r\n            <\/div>\r\n            <\/div>\r\n<\/section>\n\n<section  class=\"qtx-pagebuilder-section qtx-pagebuilder-section-title widthwrapper\">\r\n    <h2>Haz la elecci\u00f3n inteligente para tu empresa y tu equipo. Act\u00faa ahora.<\/h2>\r\n<\/section>\n\n<section  class=\"qtx-pagebuilder-section qtx-pagebuilder-section-text widthwrapper\">\r\n    <p class=\"p1\" style=\"text-align: center;\">Respetar la privacidad de tus conductores no significa sacrificar la eficiencia de la flota. Nuestra funci\u00f3n de protecci\u00f3n de la privacidad ofrece el equilibrio perfecto, asegurando que tus operaciones funcionen sin problemas mientras tus conductores se sienten valorados y respetados.<\/p>\n<\/section>\r\n","protected":false},"excerpt":{"rendered":"","protected":false},"author":219,"featured_media":0,"parent":0,"menu_order":0,"comment_status":"closed","ping_status":"closed","template":"templates\/landing-pagebuilder.php","meta":{"_acf_changed":false,"inline_featured_image":false,"footnotes":""},"topic":[],"qtx_campaign":[],"class_list":["post-110987","page","type-page","status-publish","hentry"],"acf":[],"yoast_head":"<!-- This site is optimized with the Yoast SEO Premium plugin v27.3 (Yoast SEO v27.3) - https:\/\/yoast.com\/product\/yoast-seo-premium-wordpress\/ -->\n<title>Protecci\u00f3n de la Privacidad del Conductor - ES<\/title>\n<meta name=\"robots\" content=\"index, follow, max-snippet:-1, max-image-preview:large, max-video-preview:-1\" \/>\n<link rel=\"canonical\" href=\"https:\/\/www.quartix.com\/es-es\/proteccion-de-la-privacidad-del-conductor\/\" \/>\n<meta property=\"og:locale\" content=\"es_ES\" \/>\n<meta property=\"og:type\" content=\"article\" \/>\n<meta property=\"og:title\" content=\"Protecci\u00f3n de la Privacidad del Conductor\" \/>\n<meta property=\"og:url\" content=\"https:\/\/www.quartix.com\/es-es\/proteccion-de-la-privacidad-del-conductor\/\" \/>\n<meta property=\"og:site_name\" content=\"Quartix\" \/>\n<meta property=\"article:publisher\" content=\"https:\/\/www.facebook.com\/Quartix-USA-374426386097401\/\" \/>\n<meta property=\"article:modified_time\" content=\"2025-06-25T16:31:17+00:00\" \/>\n<meta name=\"twitter:card\" content=\"summary_large_image\" \/>\n<meta name=\"twitter:site\" content=\"@QuartixUSA\" \/>\n<meta name=\"twitter:label1\" content=\"Est. reading time\" \/>\n\t<meta name=\"twitter:data1\" content=\"3 minutes\" \/>\n<!-- \/ Yoast SEO Premium plugin. -->","yoast_head_json":{"title":"Protecci\u00f3n de la Privacidad del Conductor - ES","robots":{"index":"index","follow":"follow","max-snippet":"max-snippet:-1","max-image-preview":"max-image-preview:large","max-video-preview":"max-video-preview:-1"},"canonical":"https:\/\/www.quartix.com\/es-es\/proteccion-de-la-privacidad-del-conductor\/","og_locale":"es_ES","og_type":"article","og_title":"Protecci\u00f3n de la Privacidad del Conductor","og_url":"https:\/\/www.quartix.com\/es-es\/proteccion-de-la-privacidad-del-conductor\/","og_site_name":"Quartix","article_publisher":"https:\/\/www.facebook.com\/Quartix-USA-374426386097401\/","article_modified_time":"2025-06-25T16:31:17+00:00","twitter_card":"summary_large_image","twitter_site":"@QuartixUSA","twitter_misc":{"Est. reading time":"3 minutes"},"schema":{"@context":"https:\/\/schema.org","@graph":[{"@type":"WebPage","@id":"https:\/\/www.quartix.com\/es-es\/proteccion-de-la-privacidad-del-conductor\/","url":"https:\/\/www.quartix.com\/es-es\/proteccion-de-la-privacidad-del-conductor\/","name":"Protecci\u00f3n de la Privacidad del Conductor","isPartOf":{"@id":"https:\/\/www.quartix.com\/es-es\/#website"},"datePublished":"2024-09-26T15:11:08+00:00","dateModified":"2025-06-25T16:31:17+00:00","breadcrumb":{"@id":"https:\/\/www.quartix.com\/es-es\/proteccion-de-la-privacidad-del-conductor\/#breadcrumb"},"inLanguage":"es-ES","potentialAction":[{"@type":"ReadAction","target":["https:\/\/www.quartix.com\/es-es\/proteccion-de-la-privacidad-del-conductor\/"]}]},{"@type":"BreadcrumbList","@id":"https:\/\/www.quartix.com\/es-es\/proteccion-de-la-privacidad-del-conductor\/#breadcrumb","itemListElement":[{"@type":"ListItem","position":1,"name":"Inicio","item":"https:\/\/www.quartix.com\/es-es\/quartix-localizacion-de-vehiculos-en-tiempo-real\/"},{"@type":"ListItem","position":2,"name":"Protecci\u00f3n de la Privacidad del Conductor"}]},{"@type":"WebSite","@id":"https:\/\/www.quartix.com\/es-es\/#website","url":"https:\/\/www.quartix.com\/es-es\/","name":"Quartix","description":"Real-time vehicle tracking","publisher":{"@id":"https:\/\/www.quartix.com\/es-es\/#organization"},"potentialAction":[{"@type":"SearchAction","target":{"@type":"EntryPoint","urlTemplate":"https:\/\/www.quartix.com\/es-es\/?s={search_term_string}"},"query-input":{"@type":"PropertyValueSpecification","valueRequired":true,"valueName":"search_term_string"}}],"inLanguage":"es-ES"},{"@type":"Organization","@id":"https:\/\/www.quartix.com\/es-es\/#organization","name":"Quartix","url":"https:\/\/www.quartix.com\/es-es\/","logo":{"@type":"ImageObject","inLanguage":"es-ES","@id":"https:\/\/www.quartix.com\/es-es\/#\/schema\/logo\/image\/","url":"https:\/\/www.quartix.com\/content\/uploads\/2019\/02\/quartix-logo-eur.svg","contentUrl":"https:\/\/www.quartix.com\/content\/uploads\/2019\/02\/quartix-logo-eur.svg","width":1,"height":1,"caption":"Quartix"},"image":{"@id":"https:\/\/www.quartix.com\/es-es\/#\/schema\/logo\/image\/"},"sameAs":["https:\/\/www.facebook.com\/Quartix-USA-374426386097401\/","https:\/\/x.com\/QuartixUSA","https:\/\/www.linkedin.com\/company\/5346733\/","https:\/\/www.youtube.com\/channel\/UCzS-_GMfHF4kWiCheyIRrAQ"]}]}},"_links":{"self":[{"href":"https:\/\/www.quartix.com\/es-es\/wp-json\/wp\/v2\/pages\/110987","targetHints":{"allow":["GET"]}}],"collection":[{"href":"https:\/\/www.quartix.com\/es-es\/wp-json\/wp\/v2\/pages"}],"about":[{"href":"https:\/\/www.quartix.com\/es-es\/wp-json\/wp\/v2\/types\/page"}],"author":[{"embeddable":true,"href":"https:\/\/www.quartix.com\/es-es\/wp-json\/wp\/v2\/users\/219"}],"replies":[{"embeddable":true,"href":"https:\/\/www.quartix.com\/es-es\/wp-json\/wp\/v2\/comments?post=110987"}],"version-history":[{"count":2,"href":"https:\/\/www.quartix.com\/es-es\/wp-json\/wp\/v2\/pages\/110987\/revisions"}],"predecessor-version":[{"id":122931,"href":"https:\/\/www.quartix.com\/es-es\/wp-json\/wp\/v2\/pages\/110987\/revisions\/122931"}],"wp:attachment":[{"href":"https:\/\/www.quartix.com\/es-es\/wp-json\/wp\/v2\/media?parent=110987"}],"wp:term":[{"taxonomy":"topic","embeddable":true,"href":"https:\/\/www.quartix.com\/es-es\/wp-json\/wp\/v2\/topic?post=110987"},{"taxonomy":"qtx_campaign","embeddable":true,"href":"https:\/\/www.quartix.com\/es-es\/wp-json\/wp\/v2\/qtx_campaign?post=110987"}],"curies":[{"name":"wp","href":"https:\/\/api.w.org\/{rel}","templated":true}]}}