{"id":11502,"date":"2019-02-22T13:35:38","date_gmt":"2019-02-22T13:35:38","guid":{"rendered":" https:\/\/www.quartix.com\/thank-you-sales-partners\/"},"modified":"2022-10-14T12:38:15","modified_gmt":"2022-10-14T11:38:15","slug":"gracias-socios","status":"publish","type":"page","link":"https:\/\/www.quartix.com\/es-es\/gracias-socios\/","title":{"rendered":"Gracias &#8211; Socios"},"content":{"rendered":"\n<h2 class=\"has-text-align-center wp-block-heading\">Gracias por su consulta, nos pondremos en contacto con usted lo antes posible.<\/h2>\n\n\n\n<p class=\"has-text-align-center\">Tambi\u00e9n nos pueden contactar por correo electr\u00f3nico a <a href=\"mailto:info@quartix.es\">info@quartix.es<\/a> o por tel\u00e9fono al <strong>91 903 40 40<\/strong>, solicite hablar con un miembro de nuestro equipo de ventas.<\/p>\n","protected":false},"excerpt":{"rendered":"<p>Gracias por su consulta, nos pondremos en contacto con usted lo antes posible. Tambi\u00e9n nos pueden contactar por correo electr\u00f3nico a info@quartix.es o por tel\u00e9fono al 91 903 40 40, solicite hablar con un miembro de nuestro equipo de ventas.<\/p>\n","protected":false},"author":12,"featured_media":0,"parent":0,"menu_order":8880,"comment_status":"closed","ping_status":"closed","template":"","meta":{"_acf_changed":false,"inline_featured_image":false,"footnotes":""},"topic":[],"qtx_campaign":[],"class_list":["post-11502","page","type-page","status-publish","hentry"],"acf":[],"yoast_head":"<!-- This site is optimized with the Yoast SEO Premium plugin v27.3 (Yoast SEO v27.3) - https:\/\/yoast.com\/product\/yoast-seo-premium-wordpress\/ -->\n<title>Gracias - Socios - ES<\/title>\n<meta name=\"robots\" content=\"noindex, nofollow\" \/>\n<meta property=\"og:locale\" content=\"es_ES\" \/>\n<meta property=\"og:type\" content=\"article\" \/>\n<meta property=\"og:title\" content=\"Gracias - Socios\" \/>\n<meta property=\"og:description\" content=\"Gracias por su consulta, nos pondremos en contacto con usted lo antes posible. Tambi\u00e9n nos pueden contactar por correo electr\u00f3nico a info@quartix.es o por tel\u00e9fono al 91 903 40 40, solicite hablar con un miembro de nuestro equipo de ventas.\" \/>\n<meta property=\"og:url\" content=\"https:\/\/www.quartix.com\/es-es\/gracias-socios\/\" \/>\n<meta property=\"og:site_name\" content=\"Quartix\" \/>\n<meta property=\"article:publisher\" content=\"https:\/\/www.facebook.com\/Quartix-USA-374426386097401\/\" \/>\n<meta property=\"article:modified_time\" content=\"2022-10-14T11:38:15+00:00\" \/>\n<meta name=\"twitter:card\" content=\"summary_large_image\" \/>\n<meta name=\"twitter:site\" content=\"@QuartixUSA\" \/>\n<meta name=\"twitter:label1\" content=\"Est. reading time\" \/>\n\t<meta name=\"twitter:data1\" content=\"1 minute\" \/>\n<!-- \/ Yoast SEO Premium plugin. -->","yoast_head_json":{"title":"Gracias - Socios - ES","robots":{"index":"noindex","follow":"nofollow"},"og_locale":"es_ES","og_type":"article","og_title":"Gracias - Socios","og_description":"Gracias por su consulta, nos pondremos en contacto con usted lo antes posible. Tambi\u00e9n nos pueden contactar por correo electr\u00f3nico a info@quartix.es o por tel\u00e9fono al 91 903 40 40, solicite hablar con un miembro de nuestro equipo de ventas.","og_url":"https:\/\/www.quartix.com\/es-es\/gracias-socios\/","og_site_name":"Quartix","article_publisher":"https:\/\/www.facebook.com\/Quartix-USA-374426386097401\/","article_modified_time":"2022-10-14T11:38:15+00:00","twitter_card":"summary_large_image","twitter_site":"@QuartixUSA","twitter_misc":{"Est. reading time":"1 minute"},"schema":{"@context":"https:\/\/schema.org","@graph":[{"@type":"WebPage","@id":"https:\/\/www.quartix.com\/es-es\/gracias-socios\/","url":"https:\/\/www.quartix.com\/es-es\/gracias-socios\/","name":"Gracias - Socios","isPartOf":{"@id":"https:\/\/www.quartix.com\/es-es\/#website"},"datePublished":"2019-02-22T13:35:38+00:00","dateModified":"2022-10-14T11:38:15+00:00","breadcrumb":{"@id":"https:\/\/www.quartix.com\/es-es\/gracias-socios\/#breadcrumb"},"inLanguage":"es-ES","potentialAction":[{"@type":"ReadAction","target":["https:\/\/www.quartix.com\/es-es\/gracias-socios\/"]}]},{"@type":"BreadcrumbList","@id":"https:\/\/www.quartix.com\/es-es\/gracias-socios\/#breadcrumb","itemListElement":[{"@type":"ListItem","position":1,"name":"Inicio","item":"https:\/\/www.quartix.com\/es-es\/quartix-localizacion-de-vehiculos-en-tiempo-real\/"},{"@type":"ListItem","position":2,"name":"Gracias &#8211; Socios"}]},{"@type":"WebSite","@id":"https:\/\/www.quartix.com\/es-es\/#website","url":"https:\/\/www.quartix.com\/es-es\/","name":"Quartix","description":"Real-time vehicle tracking","publisher":{"@id":"https:\/\/www.quartix.com\/es-es\/#organization"},"potentialAction":[{"@type":"SearchAction","target":{"@type":"EntryPoint","urlTemplate":"https:\/\/www.quartix.com\/es-es\/?s={search_term_string}"},"query-input":{"@type":"PropertyValueSpecification","valueRequired":true,"valueName":"search_term_string"}}],"inLanguage":"es-ES"},{"@type":"Organization","@id":"https:\/\/www.quartix.com\/es-es\/#organization","name":"Quartix","url":"https:\/\/www.quartix.com\/es-es\/","logo":{"@type":"ImageObject","inLanguage":"es-ES","@id":"https:\/\/www.quartix.com\/es-es\/#\/schema\/logo\/image\/","url":"https:\/\/www.quartix.com\/content\/uploads\/2019\/02\/quartix-logo-eur.svg","contentUrl":"https:\/\/www.quartix.com\/content\/uploads\/2019\/02\/quartix-logo-eur.svg","width":1,"height":1,"caption":"Quartix"},"image":{"@id":"https:\/\/www.quartix.com\/es-es\/#\/schema\/logo\/image\/"},"sameAs":["https:\/\/www.facebook.com\/Quartix-USA-374426386097401\/","https:\/\/x.com\/QuartixUSA","https:\/\/www.linkedin.com\/company\/5346733\/","https:\/\/www.youtube.com\/channel\/UCzS-_GMfHF4kWiCheyIRrAQ"]}]}},"_links":{"self":[{"href":"https:\/\/www.quartix.com\/es-es\/wp-json\/wp\/v2\/pages\/11502","targetHints":{"allow":["GET"]}}],"collection":[{"href":"https:\/\/www.quartix.com\/es-es\/wp-json\/wp\/v2\/pages"}],"about":[{"href":"https:\/\/www.quartix.com\/es-es\/wp-json\/wp\/v2\/types\/page"}],"author":[{"embeddable":true,"href":"https:\/\/www.quartix.com\/es-es\/wp-json\/wp\/v2\/users\/12"}],"replies":[{"embeddable":true,"href":"https:\/\/www.quartix.com\/es-es\/wp-json\/wp\/v2\/comments?post=11502"}],"version-history":[{"count":0,"href":"https:\/\/www.quartix.com\/es-es\/wp-json\/wp\/v2\/pages\/11502\/revisions"}],"wp:attachment":[{"href":"https:\/\/www.quartix.com\/es-es\/wp-json\/wp\/v2\/media?parent=11502"}],"wp:term":[{"taxonomy":"topic","embeddable":true,"href":"https:\/\/www.quartix.com\/es-es\/wp-json\/wp\/v2\/topic?post=11502"},{"taxonomy":"qtx_campaign","embeddable":true,"href":"https:\/\/www.quartix.com\/es-es\/wp-json\/wp\/v2\/qtx_campaign?post=11502"}],"curies":[{"name":"wp","href":"https:\/\/api.w.org\/{rel}","templated":true}]}}