{"id":118299,"date":"2025-03-12T23:46:30","date_gmt":"2025-03-12T22:46:30","guid":{"rendered":"https:\/\/www.quartix.com\/?page_id=118299"},"modified":"2025-07-18T14:43:14","modified_gmt":"2025-07-18T13:43:14","slug":"equipo-de-direccion-ejecutiva","status":"publish","type":"page","link":"https:\/\/www.quartix.com\/es-es\/equipo-de-direccion-ejecutiva\/","title":{"rendered":"Equipo de Direcci\u00f3n Ejecutiva"},"content":{"rendered":"\n<p class=\"has-text-align-center\">Nuestro Equipo de Direcci\u00f3n Ejecutiva proporciona liderazgo estrat\u00e9gico, garantizando que Quartix siga ofreciendo soluciones excepcionales y fiables a nuestros clientes. Con una amplia experiencia en la industria, cada miembro contribuye al crecimiento de la empresa, la eficiencia operativa y la visi\u00f3n a largo plazo. <\/p>\n\n\n\n<h2 class=\"wp-block-heading has-text-align-center\" id=\"h-conoce-a-los-miembros-de-nuestro-equipo-de-direccion-ejecutiva\">Conoce a los miembros de nuestro Equipo de Direcci\u00f3n Ejecutiva<\/h2>\n\n\n\r\n        <section  class=\"qtx-pagebuilder-section qtx-pagebuilder-section-cta_block vertical cta group\">\r\n\r\n        <div class=\"ctacontainer\">\r\n            <div class=\"ctaimage\">\r\n                <img loading=\"lazy\" decoding=\"async\" width=\"675\" height=\"600\" src=\"https:\/\/www.quartix.com\/content\/uploads\/2025\/02\/5.png\" class=\"\" alt=\"A person in a suit smiling indoors, with plants and windows in the background.\" srcset=\"https:\/\/www.quartix.com\/content\/uploads\/2025\/02\/5.png 675w, https:\/\/www.quartix.com\/content\/uploads\/2025\/02\/5-300x267.png 300w\" sizes=\"auto, (max-width: 675px) 100vw, 675px\" \/>  \r\n            <\/div>\r\n            <div class=\"ctacontent\">\r\n                <h4>Dan Mendis, Director Comercial y de Operaciones<\/h4>                <p>Dan se uni\u00f3 a Quartix en 2017 y ha desempe\u00f1ado varios roles dentro de la empresa. En 2019, asumi\u00f3 el cargo de Director de Operaciones y Finanzas, supervisando muchos de los equipos comerciales hasta 2021, periodo en el que la empresa experiment\u00f3 un crecimiento significativo. Tras dos a\u00f1os trabajando en otras \u00e1reas dentro de la empresa, en noviembre de 2023 volvi\u00f3 a asumir el puesto de Director Comercial y de Operaciones. Antes de unirse a Quartix, trabaj\u00f3 en el grupo Associated British Foods y en Domino Printing Sciences plc. Es licenciado en Ingenier\u00eda por la Universidad de Oxford con honores de primera clase.<\/p>                \r\n            <\/div>\r\n        <\/div>\r\n\r\n        <div class=\"ctacontainer\">\r\n            <div class=\"ctaimage\">\r\n                <img loading=\"lazy\" decoding=\"async\" width=\"675\" height=\"600\" src=\"https:\/\/www.quartix.com\/content\/uploads\/2025\/02\/6.png\" class=\"\" alt=\"A man in a blue shirt and dark blazer stands in front of a plant and window.\" srcset=\"https:\/\/www.quartix.com\/content\/uploads\/2025\/02\/6.png 675w, https:\/\/www.quartix.com\/content\/uploads\/2025\/02\/6-300x267.png 300w\" sizes=\"auto, (max-width: 675px) 100vw, 675px\" \/>  \r\n            <\/div>\r\n            <div class=\"ctacontent\">\r\n                <h4>Sean Maher, Director de Ventas<\/h4>                <p>Sean comenz\u00f3 su trayectoria en el sector de la telem\u00e1tica en 2002 y se uni\u00f3 a Quartix en marzo de 2008. Fue el primer agente de ventas en ruta a tiempo completo de la empresa, lo que permiti\u00f3 expandir las ventas presenciales en el Reino Unido y atraer a clientes de gran renombre. En 2019, Sean fue ascendido a Jefe de Reino Unido y EE.UU., y adem\u00e1s ayud\u00f3 a establecer el equipo de ventas en campo en Francia. En 2022, asumi\u00f3 el cargo de Director de Ventas y, desde entonces, ha trabajado para garantizar el crecimiento de la empresa en todas sus \u00e1reas, al mismo tiempo que sigue participando activamente en las ventas en campo en el Reino Unido.     <\/p>                \r\n            <\/div>\r\n        <\/div>\r\n\r\n        <div class=\"ctacontainer\">\r\n            <div class=\"ctaimage\">\r\n                <img loading=\"lazy\" decoding=\"async\" width=\"675\" height=\"600\" src=\"https:\/\/www.quartix.com\/content\/uploads\/2025\/02\/2.png\" class=\"\" alt=\"Person with glasses and a floral shirt underneath a light pink blazer, smiling in a well-lit indoor space with green plants and a window in the background.\" srcset=\"https:\/\/www.quartix.com\/content\/uploads\/2025\/02\/2.png 675w, https:\/\/www.quartix.com\/content\/uploads\/2025\/02\/2-300x267.png 300w\" sizes=\"auto, (max-width: 675px) 100vw, 675px\" \/>  \r\n            <\/div>\r\n            <div class=\"ctacontent\">\r\n                <h4>Sally Morton, Directora Financiera <\/h4>                <p>Sally Morton es una profesional financiera con una s\u00f3lida formaci\u00f3n en contabilidad y liderazgo. Se gradu\u00f3 con honores en Contabilidad Financiera por la Universidad de Rhodes y obtuvo su certificaci\u00f3n como Contadora P\u00fablica con Grant Thornton UK LLP. Se uni\u00f3 a Quartix en 2019 como Contable Financiera del Grupo, ascendi\u00f3 a Jefa de Finanzas en 2022 y, en 2025, asumi\u00f3 el cargo de Directora Financiera. Su trayectoria profesional demuestra su compromiso con la excelencia, utilizando su experiencia para impulsar la estrategia financiera y el \u00e9xito organizativo.   <\/p>                \r\n            <\/div>\r\n        <\/div>\r\n\r\n        <div class=\"ctacontainer\">\r\n            <div class=\"ctaimage\">\r\n                <img loading=\"lazy\" decoding=\"async\" width=\"675\" height=\"600\" src=\"https:\/\/www.quartix.com\/content\/uploads\/2025\/02\/4.png\" class=\"\" alt=\"A man in a suit jacket and pink shirt stands smiling in front of large green plants and a building with glass windows.\" srcset=\"https:\/\/www.quartix.com\/content\/uploads\/2025\/02\/4.png 675w, https:\/\/www.quartix.com\/content\/uploads\/2025\/02\/4-300x267.png 300w\" sizes=\"auto, (max-width: 675px) 100vw, 675px\" \/>  \r\n            <\/div>\r\n            <div class=\"ctacontent\">\r\n                <h4>Glen Middleton, Jefe de Telem\u00e1tica<\/h4>                <p>Glen lleva 14 a\u00f1os en Quartix y es responsable del dise\u00f1o de productos relacionados con hardware y la fabricaci\u00f3n subcontratada. Cuenta con 40 a\u00f1os de experiencia en dise\u00f1o electr\u00f3nico, desarrollo de software embebido y fabricaci\u00f3n de productos. Anteriormente, fue Director de Ingenier\u00eda en una filial de Spectris plc y, posteriormente, Director General de Eurotech (Reino Unido). Antes de eso, trabaj\u00f3 como ingeniero de desarrollo en el British Antarctic Survey, desempe\u00f1ando funciones en Cambridge y en distintas zonas de la Ant\u00e1rtida. Glen estudi\u00f3 F\u00edsica y Electr\u00f3nica en la Universidad de M\u00e1nchester.   <\/p>                \r\n            <\/div>\r\n        <\/div>\r\n\r\n        <div class=\"ctacontainer\">\r\n            <div class=\"ctaimage\">\r\n                <img loading=\"lazy\" decoding=\"async\" width=\"675\" height=\"600\" src=\"https:\/\/www.quartix.com\/content\/uploads\/2025\/02\/3.png\" class=\"\" alt=\"Person wearing glasses and a blazer stands indoors in front of a plant and window.\" srcset=\"https:\/\/www.quartix.com\/content\/uploads\/2025\/02\/3.png 675w, https:\/\/www.quartix.com\/content\/uploads\/2025\/02\/3-300x267.png 300w\" sizes=\"auto, (max-width: 675px) 100vw, 675px\" \/>  \r\n            <\/div>\r\n            <div class=\"ctacontent\">\r\n                <h4>Ian Pawley, Jefe de Soporte<\/h4>                <p>Ian lleva casi 21 a\u00f1os en Quartix y comenz\u00f3 como profesional de soporte t\u00e9cnico. Actualmente, lidera nuestro equipo global de soporte t\u00e9cnico, que ha pasado de 2 a 27 agentes, adem\u00e1s de supervisar la infraestructura de la empresa. Antes de unirse a Quartix, Ian acumul\u00f3 m\u00e1s de 5 a\u00f1os de experiencia en soporte t\u00e9cnico en los sectores de servicios financieros y software para hoteles. Su experiencia y liderazgo han sido clave en el crecimiento y \u00e9xito de nuestras operaciones de soporte, con el servicio al cliente como prioridad.   <\/p>                \r\n            <\/div>\r\n        <\/div>\r\n\r\n        <div class=\"ctacontainer\">\r\n            <div class=\"ctaimage\">\r\n                <img loading=\"lazy\" decoding=\"async\" width=\"675\" height=\"600\" src=\"https:\/\/www.quartix.com\/content\/uploads\/2025\/02\/8.png\" class=\"\" alt=\"Person with short dark hair wearing a white shirt with black dots stands indoors. There are green plants and large window panels in the background.\" srcset=\"https:\/\/www.quartix.com\/content\/uploads\/2025\/02\/8.png 675w, https:\/\/www.quartix.com\/content\/uploads\/2025\/02\/8-300x267.png 300w\" sizes=\"auto, (max-width: 675px) 100vw, 675px\" \/>  \r\n            <\/div>\r\n            <div class=\"ctacontent\">\r\n                <h4>Malik Bahri, Jefe de Ventas en Europa<\/h4>                <p>Malik cuenta con m\u00e1s de 15 a\u00f1os de experiencia en ventas, televentas y gesti\u00f3n de equipos. Se uni\u00f3 a Quartix a principios de 2018, aportando su experiencia en ventas y relaciones con clientes tras haber trabajado como Gerente de Ventas en una start-up francesa. Antes de eso, fue l\u00edder de equipo y gerente offshore en un centro de llamadas, donde dirigi\u00f3 proyectos, formaciones y supervis\u00f3 equipos de televentas en varios pa\u00edses.  <\/p>                \r\n            <\/div>\r\n        <\/div>\r\n    <\/section>\r\n    \n\n\n<p><\/p>\n","protected":false},"excerpt":{"rendered":"<p>Nuestro Equipo de Direcci\u00f3n Ejecutiva proporciona liderazgo estrat\u00e9gico, garantizando que Quartix siga ofreciendo soluciones excepcionales y fiables a nuestros clientes. <\/p>\n","protected":false},"author":12,"featured_media":118055,"parent":0,"menu_order":0,"comment_status":"closed","ping_status":"closed","template":"","meta":{"_acf_changed":false,"inline_featured_image":false,"footnotes":""},"topic":[],"qtx_campaign":[],"class_list":["post-118299","page","type-page","status-publish","has-post-thumbnail","hentry"],"acf":[],"yoast_head":"<!-- This site is optimized with the Yoast SEO Premium plugin v27.3 (Yoast SEO v27.3) - https:\/\/yoast.com\/product\/yoast-seo-premium-wordpress\/ -->\n<title>Conoce a los miembros de nuestro Equipo de Direcci\u00f3n Ejecutiva - ES<\/title>\n<meta name=\"description\" content=\"Nuestro Equipo de Direcci\u00f3n Ejecutiva proporciona liderazgo estrat\u00e9gico, contribuyendo al crecimiento de Quartix, a su eficiencia operativa y a su visi\u00f3n a largo plazo.\" \/>\n<meta name=\"robots\" content=\"index, follow, max-snippet:-1, max-image-preview:large, max-video-preview:-1\" \/>\n<link rel=\"canonical\" href=\"https:\/\/www.quartix.com\/es-es\/equipo-de-direccion-ejecutiva\/\" \/>\n<meta property=\"og:locale\" content=\"es_ES\" \/>\n<meta property=\"og:type\" content=\"article\" \/>\n<meta property=\"og:title\" content=\"Equipo de Direcci\u00f3n Ejecutiva\" \/>\n<meta property=\"og:description\" content=\"Nuestro Equipo de Direcci\u00f3n Ejecutiva proporciona liderazgo estrat\u00e9gico, contribuyendo al crecimiento de Quartix, a su eficiencia operativa y a su visi\u00f3n a largo plazo.\" \/>\n<meta property=\"og:url\" content=\"https:\/\/www.quartix.com\/es-es\/equipo-de-direccion-ejecutiva\/\" \/>\n<meta property=\"og:site_name\" content=\"Quartix\" \/>\n<meta property=\"article:publisher\" content=\"https:\/\/www.facebook.com\/Quartix-USA-374426386097401\/\" \/>\n<meta property=\"article:modified_time\" content=\"2025-07-18T13:43:14+00:00\" \/>\n<meta property=\"og:image\" content=\"https:\/\/www.quartix.com\/content\/uploads\/2025\/03\/exec-board-smaller.png\" \/>\n\t<meta property=\"og:image:width\" content=\"750\" \/>\n\t<meta property=\"og:image:height\" content=\"563\" \/>\n\t<meta property=\"og:image:type\" content=\"image\/png\" \/>\n<meta name=\"twitter:card\" content=\"summary_large_image\" \/>\n<meta name=\"twitter:site\" content=\"@QuartixUSA\" \/>\n<meta name=\"twitter:label1\" content=\"Est. reading time\" \/>\n\t<meta name=\"twitter:data1\" content=\"4 minutes\" \/>\n<!-- \/ Yoast SEO Premium plugin. -->","yoast_head_json":{"title":"Conoce a los miembros de nuestro Equipo de Direcci\u00f3n Ejecutiva - ES","description":"Nuestro Equipo de Direcci\u00f3n Ejecutiva proporciona liderazgo estrat\u00e9gico, contribuyendo al crecimiento de Quartix, a su eficiencia operativa y a su visi\u00f3n a largo plazo.","robots":{"index":"index","follow":"follow","max-snippet":"max-snippet:-1","max-image-preview":"max-image-preview:large","max-video-preview":"max-video-preview:-1"},"canonical":"https:\/\/www.quartix.com\/es-es\/equipo-de-direccion-ejecutiva\/","og_locale":"es_ES","og_type":"article","og_title":"Equipo de Direcci\u00f3n Ejecutiva","og_description":"Nuestro Equipo de Direcci\u00f3n Ejecutiva proporciona liderazgo estrat\u00e9gico, contribuyendo al crecimiento de Quartix, a su eficiencia operativa y a su visi\u00f3n a largo plazo.","og_url":"https:\/\/www.quartix.com\/es-es\/equipo-de-direccion-ejecutiva\/","og_site_name":"Quartix","article_publisher":"https:\/\/www.facebook.com\/Quartix-USA-374426386097401\/","article_modified_time":"2025-07-18T13:43:14+00:00","og_image":[{"width":750,"height":563,"url":"https:\/\/www.quartix.com\/content\/uploads\/2025\/03\/exec-board-smaller.png","type":"image\/png"}],"twitter_card":"summary_large_image","twitter_site":"@QuartixUSA","twitter_misc":{"Est. reading time":"4 minutes"},"schema":{"@context":"https:\/\/schema.org","@graph":[{"@type":"WebPage","@id":"https:\/\/www.quartix.com\/es-es\/equipo-de-direccion-ejecutiva\/","url":"https:\/\/www.quartix.com\/es-es\/equipo-de-direccion-ejecutiva\/","name":"Conoce a los miembros de nuestro Equipo de Direcci\u00f3n Ejecutiva","isPartOf":{"@id":"https:\/\/www.quartix.com\/es-es\/#website"},"primaryImageOfPage":{"@id":"https:\/\/www.quartix.com\/es-es\/equipo-de-direccion-ejecutiva\/#primaryimage"},"image":{"@id":"https:\/\/www.quartix.com\/es-es\/equipo-de-direccion-ejecutiva\/#primaryimage"},"thumbnailUrl":"https:\/\/www.quartix.com\/content\/uploads\/2025\/03\/exec-board-smaller.png","datePublished":"2025-03-12T22:46:30+00:00","dateModified":"2025-07-18T13:43:14+00:00","description":"Nuestro Equipo de Direcci\u00f3n Ejecutiva proporciona liderazgo estrat\u00e9gico, contribuyendo al crecimiento de Quartix, a su eficiencia operativa y a su visi\u00f3n a largo plazo.","breadcrumb":{"@id":"https:\/\/www.quartix.com\/es-es\/equipo-de-direccion-ejecutiva\/#breadcrumb"},"inLanguage":"es-ES","potentialAction":[{"@type":"ReadAction","target":["https:\/\/www.quartix.com\/es-es\/equipo-de-direccion-ejecutiva\/"]}]},{"@type":"ImageObject","inLanguage":"es-ES","@id":"https:\/\/www.quartix.com\/es-es\/equipo-de-direccion-ejecutiva\/#primaryimage","url":"https:\/\/www.quartix.com\/content\/uploads\/2025\/03\/exec-board-smaller.png","contentUrl":"https:\/\/www.quartix.com\/content\/uploads\/2025\/03\/exec-board-smaller.png","width":750,"height":563,"caption":"Eight professionals are pictured in two rows around the Quartix logo, standing in an office setting with plants in the background."},{"@type":"BreadcrumbList","@id":"https:\/\/www.quartix.com\/es-es\/equipo-de-direccion-ejecutiva\/#breadcrumb","itemListElement":[{"@type":"ListItem","position":1,"name":"Inicio","item":"https:\/\/www.quartix.com\/es-es\/quartix-localizacion-de-vehiculos-en-tiempo-real\/"},{"@type":"ListItem","position":2,"name":"Equipo de Direcci\u00f3n Ejecutiva"}]},{"@type":"WebSite","@id":"https:\/\/www.quartix.com\/es-es\/#website","url":"https:\/\/www.quartix.com\/es-es\/","name":"Quartix","description":"Real-time vehicle tracking","publisher":{"@id":"https:\/\/www.quartix.com\/es-es\/#organization"},"potentialAction":[{"@type":"SearchAction","target":{"@type":"EntryPoint","urlTemplate":"https:\/\/www.quartix.com\/es-es\/?s={search_term_string}"},"query-input":{"@type":"PropertyValueSpecification","valueRequired":true,"valueName":"search_term_string"}}],"inLanguage":"es-ES"},{"@type":"Organization","@id":"https:\/\/www.quartix.com\/es-es\/#organization","name":"Quartix","url":"https:\/\/www.quartix.com\/es-es\/","logo":{"@type":"ImageObject","inLanguage":"es-ES","@id":"https:\/\/www.quartix.com\/es-es\/#\/schema\/logo\/image\/","url":"https:\/\/www.quartix.com\/content\/uploads\/2019\/02\/quartix-logo-eur.svg","contentUrl":"https:\/\/www.quartix.com\/content\/uploads\/2019\/02\/quartix-logo-eur.svg","width":1,"height":1,"caption":"Quartix"},"image":{"@id":"https:\/\/www.quartix.com\/es-es\/#\/schema\/logo\/image\/"},"sameAs":["https:\/\/www.facebook.com\/Quartix-USA-374426386097401\/","https:\/\/x.com\/QuartixUSA","https:\/\/www.linkedin.com\/company\/5346733\/","https:\/\/www.youtube.com\/channel\/UCzS-_GMfHF4kWiCheyIRrAQ"]}]}},"_links":{"self":[{"href":"https:\/\/www.quartix.com\/es-es\/wp-json\/wp\/v2\/pages\/118299","targetHints":{"allow":["GET"]}}],"collection":[{"href":"https:\/\/www.quartix.com\/es-es\/wp-json\/wp\/v2\/pages"}],"about":[{"href":"https:\/\/www.quartix.com\/es-es\/wp-json\/wp\/v2\/types\/page"}],"author":[{"embeddable":true,"href":"https:\/\/www.quartix.com\/es-es\/wp-json\/wp\/v2\/users\/12"}],"replies":[{"embeddable":true,"href":"https:\/\/www.quartix.com\/es-es\/wp-json\/wp\/v2\/comments?post=118299"}],"version-history":[{"count":4,"href":"https:\/\/www.quartix.com\/es-es\/wp-json\/wp\/v2\/pages\/118299\/revisions"}],"predecessor-version":[{"id":123766,"href":"https:\/\/www.quartix.com\/es-es\/wp-json\/wp\/v2\/pages\/118299\/revisions\/123766"}],"wp:featuredmedia":[{"embeddable":true,"href":"https:\/\/www.quartix.com\/es-es\/wp-json\/wp\/v2\/media\/118055"}],"wp:attachment":[{"href":"https:\/\/www.quartix.com\/es-es\/wp-json\/wp\/v2\/media?parent=118299"}],"wp:term":[{"taxonomy":"topic","embeddable":true,"href":"https:\/\/www.quartix.com\/es-es\/wp-json\/wp\/v2\/topic?post=118299"},{"taxonomy":"qtx_campaign","embeddable":true,"href":"https:\/\/www.quartix.com\/es-es\/wp-json\/wp\/v2\/qtx_campaign?post=118299"}],"curies":[{"name":"wp","href":"https:\/\/api.w.org\/{rel}","templated":true}]}}