{"id":12094,"date":"2019-02-06T12:01:37","date_gmt":"2019-02-06T12:01:37","guid":{"rendered":" https:\/\/www.quartix.com\/unsubscribe-marketing-emails\/"},"modified":"2022-10-14T12:38:57","modified_gmt":"2022-10-14T11:38:57","slug":"cancelar-suscripcion-correos-electronicos","status":"publish","type":"page","link":"https:\/\/www.quartix.com\/es-es\/cancelar-suscripcion-correos-electronicos\/","title":{"rendered":"Cancelar la suscripci\u00f3n a los correos electr\u00f3nicos de marketing de Quartix"},"content":{"rendered":"<h2>Gracias.<\/h2>\n<p>Se ha cancelado su suscripci\u00f3n a los futuros correos electr\u00f3nicos de marketing de Quartix.<\/p>\n<p>Si tiene alguna pregunta, comun\u00edquese con nosotros por correo electr\u00f3nico a <a href=\"mailto:info@quartix.es\">info@quartix.es<\/a> o por tel\u00e9fono al 91 903 40 40 .<\/p>\n","protected":false},"excerpt":{"rendered":"<p>Gracias. Se ha cancelado su suscripci\u00f3n a los futuros correos electr\u00f3nicos de marketing de Quartix. Si tiene alguna pregunta, comun\u00edquese con nosotros por correo electr\u00f3nico a info@quartix.es o por tel\u00e9fono al 91 903 40 40 .<\/p>\n","protected":false},"author":2,"featured_media":0,"parent":0,"menu_order":8900,"comment_status":"closed","ping_status":"closed","template":"","meta":{"_acf_changed":false,"inline_featured_image":false,"footnotes":""},"topic":[],"qtx_campaign":[],"class_list":["post-12094","page","type-page","status-publish","hentry"],"acf":[],"yoast_head":"<!-- This site is optimized with the Yoast SEO Premium plugin v27.3 (Yoast SEO v27.3) - https:\/\/yoast.com\/product\/yoast-seo-premium-wordpress\/ -->\n<title>Cancelar la suscripci\u00f3n a los correos electr\u00f3nicos de marketing de Quartix - ES<\/title>\n<meta name=\"robots\" content=\"noindex, nofollow\" \/>\n<meta property=\"og:locale\" content=\"es_ES\" \/>\n<meta property=\"og:type\" content=\"article\" \/>\n<meta property=\"og:title\" content=\"Cancelar la suscripci\u00f3n a los correos electr\u00f3nicos de marketing de Quartix\" \/>\n<meta property=\"og:description\" content=\"Gracias. Se ha cancelado su suscripci\u00f3n a los futuros correos electr\u00f3nicos de marketing de Quartix. Si tiene alguna pregunta, comun\u00edquese con nosotros por correo electr\u00f3nico a info@quartix.es o por tel\u00e9fono al 91 903 40 40 .\" \/>\n<meta property=\"og:url\" content=\"https:\/\/www.quartix.com\/es-es\/cancelar-suscripcion-correos-electronicos\/\" \/>\n<meta property=\"og:site_name\" content=\"Quartix\" \/>\n<meta property=\"article:publisher\" content=\"https:\/\/www.facebook.com\/Quartix-USA-374426386097401\/\" \/>\n<meta property=\"article:modified_time\" content=\"2022-10-14T11:38:57+00:00\" \/>\n<meta name=\"twitter:card\" content=\"summary_large_image\" \/>\n<meta name=\"twitter:site\" content=\"@QuartixUSA\" \/>\n<!-- \/ Yoast SEO Premium plugin. -->","yoast_head_json":{"title":"Cancelar la suscripci\u00f3n a los correos electr\u00f3nicos de marketing de Quartix - ES","robots":{"index":"noindex","follow":"nofollow"},"og_locale":"es_ES","og_type":"article","og_title":"Cancelar la suscripci\u00f3n a los correos electr\u00f3nicos de marketing de Quartix","og_description":"Gracias. Se ha cancelado su suscripci\u00f3n a los futuros correos electr\u00f3nicos de marketing de Quartix. Si tiene alguna pregunta, comun\u00edquese con nosotros por correo electr\u00f3nico a info@quartix.es o por tel\u00e9fono al 91 903 40 40 .","og_url":"https:\/\/www.quartix.com\/es-es\/cancelar-suscripcion-correos-electronicos\/","og_site_name":"Quartix","article_publisher":"https:\/\/www.facebook.com\/Quartix-USA-374426386097401\/","article_modified_time":"2022-10-14T11:38:57+00:00","twitter_card":"summary_large_image","twitter_site":"@QuartixUSA","schema":{"@context":"https:\/\/schema.org","@graph":[{"@type":"WebPage","@id":"https:\/\/www.quartix.com\/es-es\/cancelar-suscripcion-correos-electronicos\/","url":"https:\/\/www.quartix.com\/es-es\/cancelar-suscripcion-correos-electronicos\/","name":"Cancelar la suscripci\u00f3n a los correos electr\u00f3nicos de marketing de Quartix","isPartOf":{"@id":"https:\/\/www.quartix.com\/es-es\/#website"},"datePublished":"2019-02-06T12:01:37+00:00","dateModified":"2022-10-14T11:38:57+00:00","breadcrumb":{"@id":"https:\/\/www.quartix.com\/es-es\/cancelar-suscripcion-correos-electronicos\/#breadcrumb"},"inLanguage":"es-ES","potentialAction":[{"@type":"ReadAction","target":["https:\/\/www.quartix.com\/es-es\/cancelar-suscripcion-correos-electronicos\/"]}]},{"@type":"BreadcrumbList","@id":"https:\/\/www.quartix.com\/es-es\/cancelar-suscripcion-correos-electronicos\/#breadcrumb","itemListElement":[{"@type":"ListItem","position":1,"name":"Inicio","item":"https:\/\/www.quartix.com\/es-es\/quartix-localizacion-de-vehiculos-en-tiempo-real\/"},{"@type":"ListItem","position":2,"name":"Cancelar la suscripci\u00f3n a los correos electr\u00f3nicos de marketing de Quartix"}]},{"@type":"WebSite","@id":"https:\/\/www.quartix.com\/es-es\/#website","url":"https:\/\/www.quartix.com\/es-es\/","name":"Quartix","description":"Real-time vehicle tracking","publisher":{"@id":"https:\/\/www.quartix.com\/es-es\/#organization"},"potentialAction":[{"@type":"SearchAction","target":{"@type":"EntryPoint","urlTemplate":"https:\/\/www.quartix.com\/es-es\/?s={search_term_string}"},"query-input":{"@type":"PropertyValueSpecification","valueRequired":true,"valueName":"search_term_string"}}],"inLanguage":"es-ES"},{"@type":"Organization","@id":"https:\/\/www.quartix.com\/es-es\/#organization","name":"Quartix","url":"https:\/\/www.quartix.com\/es-es\/","logo":{"@type":"ImageObject","inLanguage":"es-ES","@id":"https:\/\/www.quartix.com\/es-es\/#\/schema\/logo\/image\/","url":"https:\/\/www.quartix.com\/content\/uploads\/2019\/02\/quartix-logo-eur.svg","contentUrl":"https:\/\/www.quartix.com\/content\/uploads\/2019\/02\/quartix-logo-eur.svg","width":1,"height":1,"caption":"Quartix"},"image":{"@id":"https:\/\/www.quartix.com\/es-es\/#\/schema\/logo\/image\/"},"sameAs":["https:\/\/www.facebook.com\/Quartix-USA-374426386097401\/","https:\/\/x.com\/QuartixUSA","https:\/\/www.linkedin.com\/company\/5346733\/","https:\/\/www.youtube.com\/channel\/UCzS-_GMfHF4kWiCheyIRrAQ"]}]}},"_links":{"self":[{"href":"https:\/\/www.quartix.com\/es-es\/wp-json\/wp\/v2\/pages\/12094","targetHints":{"allow":["GET"]}}],"collection":[{"href":"https:\/\/www.quartix.com\/es-es\/wp-json\/wp\/v2\/pages"}],"about":[{"href":"https:\/\/www.quartix.com\/es-es\/wp-json\/wp\/v2\/types\/page"}],"author":[{"embeddable":true,"href":"https:\/\/www.quartix.com\/es-es\/wp-json\/wp\/v2\/users\/2"}],"replies":[{"embeddable":true,"href":"https:\/\/www.quartix.com\/es-es\/wp-json\/wp\/v2\/comments?post=12094"}],"version-history":[{"count":0,"href":"https:\/\/www.quartix.com\/es-es\/wp-json\/wp\/v2\/pages\/12094\/revisions"}],"wp:attachment":[{"href":"https:\/\/www.quartix.com\/es-es\/wp-json\/wp\/v2\/media?parent=12094"}],"wp:term":[{"taxonomy":"topic","embeddable":true,"href":"https:\/\/www.quartix.com\/es-es\/wp-json\/wp\/v2\/topic?post=12094"},{"taxonomy":"qtx_campaign","embeddable":true,"href":"https:\/\/www.quartix.com\/es-es\/wp-json\/wp\/v2\/qtx_campaign?post=12094"}],"curies":[{"name":"wp","href":"https:\/\/api.w.org\/{rel}","templated":true}]}}