{"id":22746,"date":"2019-05-22T18:03:12","date_gmt":"2019-05-22T18:03:12","guid":{"rendered":"https:\/\/www.quartix.com\/dispositivo-plug-and-track\/"},"modified":"2024-06-10T11:05:58","modified_gmt":"2024-06-10T10:05:58","slug":"dispositivo-plug-and-track","status":"publish","type":"page","link":"https:\/\/www.quartix.com\/es-es\/dispositivo-plug-and-track\/","title":{"rendered":"Dispositivo Plug &amp; Track"},"content":{"rendered":"\n<div class=\"wp-block-columns is-layout-flex wp-container-core-columns-is-layout-28f84493 wp-block-columns-is-layout-flex\">\n<div class=\"wp-block-column is-layout-flow wp-block-column-is-layout-flow\">\n<figure class=\"wp-block-image aligncenter\"><img decoding=\"async\" src=\" https:\/\/www.quartix.com\/content\/uploads\/2019\/04\/PlugTrackUnit-1000x769.png\" alt=\"\"\/><\/figure>\n<\/div>\n\n\n\n<div class=\"wp-block-column is-layout-flow wp-block-column-is-layout-flow\">\n<h2 class=\"wp-block-heading\">Caracter\u00edsticas principales del dispositivo Plug &amp; Track<\/h2>\n\n\n\n<p>El dispositivo Plug &amp; Track de Quartix se conecta f\u00e1cilmente al puerto de diagn\u00f3stico est\u00e1ndar de 12v. En cuesti\u00f3n de minutos podr\u00e1 acceder a todos sus datos telem\u00e1ticos.<\/p>\n\n\n\n<p>La soluci\u00f3n Plug &amp; Track proporciona una forma sencilla de monitorizar los veh\u00edculos, las hojas de control horario del conductor, la ruta tomada y el an\u00e1lisis de comportamiento del conductor.<\/p>\n\n\n\n<ul class=\"wp-block-list\">\n<li>No requiere de cita previa para la instalaci\u00f3n<\/li>\n\n\n\n<li>F\u00e1cil de intercambiar los veh\u00edculos utilizados para el rastreo<\/li>\n\n\n\n<li>Compatible con la mayor\u00eda de los coches y furgonetas<\/li>\n\n\n\n<li>Dispone de bater\u00eda interna<\/li>\n\n\n\n<li>Actualizaci\u00f3n de firmware r\u00e1pida y sin cables (sistema OTA) y actualizaciones de soporte<\/li>\n\n\n\n<li>Gran cantidad de espacio de almacenamiento: hasta 500 registros de viaje<\/li>\n\n\n\n<li>Alertas de advertencia de bater\u00eda baja<\/li>\n\n\n\n<li>Alertas de manipulaci\u00f3n cuando:\n<ul class=\"wp-block-list\">\n<li>El dispositivo es conectado<\/li>\n\n\n\n<li>El dispositivo es desconectado<\/li>\n\n\n\n<li>El veh\u00edculo se mueve sin estar arrancado<\/li>\n<\/ul>\n<\/li>\n<\/ul>\n\n\n\n<p>Los dispositivos Plug &amp; Track de Quartix son muy f\u00e1ciles de instalar. Puede descargar nuestra <a href=\"https:\/\/go.pardot.com\/l\/375002\/2019-07-17\/6byrcw\/375002\/354150\/ES_Quartix_Plug_and_Track_Quick_Install_Guide.pdf\">gu\u00eda de instalaci\u00f3n<\/a> para&nbsp;comenzar tan pronto como lleguen sus dispositivos.<\/p>\n\n\n\n<p>Si necesita ayuda para ubicar su puerto OBD, use nuestra <a href=\"https:\/\/www.wikiobd.co.uk\/\" target=\"_blank\" rel=\"noreferrer noopener\">herramienta de localizaci\u00f3n OBD<\/a>.<\/p>\n<\/div>\n<\/div>\n\n\n\n<div class=\"wp-block-columns is-layout-flex wp-container-core-columns-is-layout-28f84493 wp-block-columns-is-layout-flex\">\n<div class=\"wp-block-column is-layout-flow wp-block-column-is-layout-flow\">\n<h2 class=\"wp-block-heading\">\u00bfPor qu\u00e9 utilizar la opci\u00f3n Plug &amp; Track?<\/h2>\n\n\n\n<p>El dispositivo Plug &amp; Track de Quartix permite mover f\u00e1cilmente el dispositivo de rastreo de un veh\u00edculo a otro.<\/p>\n\n\n\n<p>Ejemplos donde esto beneficiar\u00eda a su negocio:<\/p>\n\n\n\n<p><strong>Subcontratistas temporales<\/strong><br>Si necesita realizar un seguimiento de subcontratistas temporales, la opci\u00f3n Plug &amp; Track le da acceso a todos los datos de seguimiento y rastreo tanto de sus contratistas temporales como del personal permanente. Esto le aporta datos consistentes, as\u00ed como tranquilidad si incorpora nuevos veh\u00edculos de manera temporal.<\/p>\n\n\n\n<p><strong>Reemplazo de veh\u00edculos<\/strong><br>Una gran ventaja de utilizar Plug &amp; Track, cuando necesita reemplazar veh\u00edculos en su flota, es que puede mover f\u00e1cilmente el dispositivo de rastreo de un veh\u00edculo a otro. Tan solo tiene que iniciar sesi\u00f3n y cambiar los detalles de registro asociados con un veh\u00edculo espec\u00edfico, ahorrando as\u00ed tiempo y dinero.<\/p>\n<\/div>\n\n\n\n<div class=\"wp-block-column is-layout-flow wp-block-column-is-layout-flow\">\n<figure class=\"wp-block-image aligncenter\"><img decoding=\"async\" src=\" https:\/\/www.quartix.com\/content\/uploads\/2018\/08\/experts-at-tracking.svg\" alt=\"\"\/><\/figure>\n<\/div>\n<\/div>\n\n\n\n<p><strong>Veh\u00edculos alquilados o arrendados<\/strong><br>Muchas compa\u00f1\u00edas rentan furgonetas u otros veh\u00edculos para cubrir el hueco cuando estos no est\u00e1n en uso por reparaciones o cuando hay un crecimiento en la demanda de sus clientes. El Plug &amp; Track de Quartix es una manera excelente de garantizar que los veh\u00edculos alquilados sean siempre rastreados junto con el resto de su flota, asegur\u00e1ndose de que no haya \u2018lagunas\u2019 en los datos obtenidos &#8211; tanto si us\u00f3 veh\u00edculos alquilados o de su propiedad.<\/p>\n\n\n\n<p>Si necesita una soluci\u00f3n de rastreo GPS adecuada para veh\u00edculos pesados, o requiere que el rastreador est\u00e9 fuera de la vista, le recomendamos los dispositivos <a href=\" https:\/\/www.quartix.com\/en-ie\/connect-and-track\/\">Connect &amp; Track<\/a> de Quartix.<\/p>\n","protected":false},"excerpt":{"rendered":"<p>Caracter\u00edsticas principales del dispositivo Plug &amp; Track El dispositivo Plug &amp; Track de Quartix se conecta f\u00e1cilmente al puerto de diagn\u00f3stico est\u00e1ndar de 12v. En cuesti\u00f3n de minutos podr\u00e1 acceder a todos sus datos telem\u00e1ticos. La soluci\u00f3n Plug &amp; Track proporciona una forma sencilla de monitorizar los veh\u00edculos, las hojas de control horario del conductor, [&hellip;]<\/p>\n","protected":false},"author":2,"featured_media":0,"parent":0,"menu_order":80,"comment_status":"closed","ping_status":"closed","template":"","meta":{"_acf_changed":false,"inline_featured_image":false,"footnotes":""},"topic":[],"qtx_campaign":[],"class_list":["post-22746","page","type-page","status-publish","hentry"],"acf":[],"yoast_head":"<!-- This site is optimized with the Yoast SEO Premium plugin v27.3 (Yoast SEO v27.3) - https:\/\/yoast.com\/product\/yoast-seo-premium-wordpress\/ -->\n<title>Dispositivo Plug &amp; Track - ES<\/title>\n<meta name=\"description\" content=\"Obtenga m\u00e1s informaci\u00f3n sobre el dispositivo OBD (sistema de diagn\u00f3stico a bordo) Plug &amp; Track de Quartix. R\u00e1pido y f\u00e1cil de instalar, no requiere de un especialista para su instalaci\u00f3n y permite cambiar c\u00f3modamente el rastreo a otro veh\u00edculo.\" \/>\n<meta name=\"robots\" content=\"index, follow, max-snippet:-1, max-image-preview:large, max-video-preview:-1\" \/>\n<link rel=\"canonical\" href=\"https:\/\/www.quartix.com\/es-es\/dispositivo-plug-and-track\/\" \/>\n<meta property=\"og:locale\" content=\"es_ES\" \/>\n<meta property=\"og:type\" content=\"article\" \/>\n<meta property=\"og:title\" content=\"Dispositivo Plug &amp; Track\" \/>\n<meta property=\"og:description\" content=\"Obtenga m\u00e1s informaci\u00f3n sobre el dispositivo OBD (sistema de diagn\u00f3stico a bordo) Plug &amp; Track de Quartix. R\u00e1pido y f\u00e1cil de instalar, no requiere de un especialista para su instalaci\u00f3n y permite cambiar c\u00f3modamente el rastreo a otro veh\u00edculo.\" \/>\n<meta property=\"og:url\" content=\"https:\/\/www.quartix.com\/es-es\/dispositivo-plug-and-track\/\" \/>\n<meta property=\"og:site_name\" content=\"Quartix\" \/>\n<meta property=\"article:publisher\" content=\"https:\/\/www.facebook.com\/Quartix-USA-374426386097401\/\" \/>\n<meta property=\"article:modified_time\" content=\"2024-06-10T10:05:58+00:00\" \/>\n<meta name=\"twitter:card\" content=\"summary_large_image\" \/>\n<meta name=\"twitter:site\" content=\"@QuartixUSA\" \/>\n<meta name=\"twitter:label1\" content=\"Est. reading time\" \/>\n\t<meta name=\"twitter:data1\" content=\"3 minutes\" \/>\n<!-- \/ Yoast SEO Premium plugin. -->","yoast_head_json":{"title":"Dispositivo Plug &amp; Track - ES","description":"Obtenga m\u00e1s informaci\u00f3n sobre el dispositivo OBD (sistema de diagn\u00f3stico a bordo) Plug & Track de Quartix. R\u00e1pido y f\u00e1cil de instalar, no requiere de un especialista para su instalaci\u00f3n y permite cambiar c\u00f3modamente el rastreo a otro veh\u00edculo.","robots":{"index":"index","follow":"follow","max-snippet":"max-snippet:-1","max-image-preview":"max-image-preview:large","max-video-preview":"max-video-preview:-1"},"canonical":"https:\/\/www.quartix.com\/es-es\/dispositivo-plug-and-track\/","og_locale":"es_ES","og_type":"article","og_title":"Dispositivo Plug &amp; Track","og_description":"Obtenga m\u00e1s informaci\u00f3n sobre el dispositivo OBD (sistema de diagn\u00f3stico a bordo) Plug & Track de Quartix. R\u00e1pido y f\u00e1cil de instalar, no requiere de un especialista para su instalaci\u00f3n y permite cambiar c\u00f3modamente el rastreo a otro veh\u00edculo.","og_url":"https:\/\/www.quartix.com\/es-es\/dispositivo-plug-and-track\/","og_site_name":"Quartix","article_publisher":"https:\/\/www.facebook.com\/Quartix-USA-374426386097401\/","article_modified_time":"2024-06-10T10:05:58+00:00","twitter_card":"summary_large_image","twitter_site":"@QuartixUSA","twitter_misc":{"Est. reading time":"3 minutes"},"schema":{"@context":"https:\/\/schema.org","@graph":[{"@type":"WebPage","@id":"https:\/\/www.quartix.com\/es-es\/dispositivo-plug-and-track\/","url":"https:\/\/www.quartix.com\/es-es\/dispositivo-plug-and-track\/","name":"Dispositivo Plug &amp; Track","isPartOf":{"@id":"https:\/\/www.quartix.com\/es-es\/#website"},"datePublished":"2019-05-22T18:03:12+00:00","dateModified":"2024-06-10T10:05:58+00:00","description":"Obtenga m\u00e1s informaci\u00f3n sobre el dispositivo OBD (sistema de diagn\u00f3stico a bordo) Plug & Track de Quartix. R\u00e1pido y f\u00e1cil de instalar, no requiere de un especialista para su instalaci\u00f3n y permite cambiar c\u00f3modamente el rastreo a otro veh\u00edculo.","breadcrumb":{"@id":"https:\/\/www.quartix.com\/es-es\/dispositivo-plug-and-track\/#breadcrumb"},"inLanguage":"es-ES","potentialAction":[{"@type":"ReadAction","target":["https:\/\/www.quartix.com\/es-es\/dispositivo-plug-and-track\/"]}]},{"@type":"BreadcrumbList","@id":"https:\/\/www.quartix.com\/es-es\/dispositivo-plug-and-track\/#breadcrumb","itemListElement":[{"@type":"ListItem","position":1,"name":"Inicio","item":"https:\/\/www.quartix.com\/es-es\/quartix-localizacion-de-vehiculos-en-tiempo-real\/"},{"@type":"ListItem","position":2,"name":"Dispositivo Plug &amp; Track"}]},{"@type":"WebSite","@id":"https:\/\/www.quartix.com\/es-es\/#website","url":"https:\/\/www.quartix.com\/es-es\/","name":"Quartix","description":"Real-time vehicle tracking","publisher":{"@id":"https:\/\/www.quartix.com\/es-es\/#organization"},"potentialAction":[{"@type":"SearchAction","target":{"@type":"EntryPoint","urlTemplate":"https:\/\/www.quartix.com\/es-es\/?s={search_term_string}"},"query-input":{"@type":"PropertyValueSpecification","valueRequired":true,"valueName":"search_term_string"}}],"inLanguage":"es-ES"},{"@type":"Organization","@id":"https:\/\/www.quartix.com\/es-es\/#organization","name":"Quartix","url":"https:\/\/www.quartix.com\/es-es\/","logo":{"@type":"ImageObject","inLanguage":"es-ES","@id":"https:\/\/www.quartix.com\/es-es\/#\/schema\/logo\/image\/","url":"https:\/\/www.quartix.com\/content\/uploads\/2019\/02\/quartix-logo-eur.svg","contentUrl":"https:\/\/www.quartix.com\/content\/uploads\/2019\/02\/quartix-logo-eur.svg","width":1,"height":1,"caption":"Quartix"},"image":{"@id":"https:\/\/www.quartix.com\/es-es\/#\/schema\/logo\/image\/"},"sameAs":["https:\/\/www.facebook.com\/Quartix-USA-374426386097401\/","https:\/\/x.com\/QuartixUSA","https:\/\/www.linkedin.com\/company\/5346733\/","https:\/\/www.youtube.com\/channel\/UCzS-_GMfHF4kWiCheyIRrAQ"]}]}},"_links":{"self":[{"href":"https:\/\/www.quartix.com\/es-es\/wp-json\/wp\/v2\/pages\/22746","targetHints":{"allow":["GET"]}}],"collection":[{"href":"https:\/\/www.quartix.com\/es-es\/wp-json\/wp\/v2\/pages"}],"about":[{"href":"https:\/\/www.quartix.com\/es-es\/wp-json\/wp\/v2\/types\/page"}],"author":[{"embeddable":true,"href":"https:\/\/www.quartix.com\/es-es\/wp-json\/wp\/v2\/users\/2"}],"replies":[{"embeddable":true,"href":"https:\/\/www.quartix.com\/es-es\/wp-json\/wp\/v2\/comments?post=22746"}],"version-history":[{"count":0,"href":"https:\/\/www.quartix.com\/es-es\/wp-json\/wp\/v2\/pages\/22746\/revisions"}],"wp:attachment":[{"href":"https:\/\/www.quartix.com\/es-es\/wp-json\/wp\/v2\/media?parent=22746"}],"wp:term":[{"taxonomy":"topic","embeddable":true,"href":"https:\/\/www.quartix.com\/es-es\/wp-json\/wp\/v2\/topic?post=22746"},{"taxonomy":"qtx_campaign","embeddable":true,"href":"https:\/\/www.quartix.com\/es-es\/wp-json\/wp\/v2\/qtx_campaign?post=22746"}],"curies":[{"name":"wp","href":"https:\/\/api.w.org\/{rel}","templated":true}]}}