{"id":22983,"date":"2019-05-23T19:08:30","date_gmt":"2019-05-23T19:08:30","guid":{"rendered":" https:\/\/www.quartix.com\/connect-track\/"},"modified":"2022-10-13T15:37:13","modified_gmt":"2022-10-13T14:37:13","slug":"connect-track","status":"publish","type":"page","link":"https:\/\/www.quartix.com\/es-es\/connect-track\/","title":{"rendered":"Connect &amp; Track"},"content":{"rendered":"\n<div class=\"wp-block-columns is-layout-flex wp-container-core-columns-is-layout-28f84493 wp-block-columns-is-layout-flex\">\n<div class=\"wp-block-column is-layout-flow wp-block-column-is-layout-flow\">\n<h2 class=\"wp-block-heading\">Un dispositivo sencillo y discreto<\/h2>\n\n\n\n<p>Connect &amp; Track es una soluci\u00f3n autoinstalable simple y discreta para el rastreo de veh\u00edculos con Quartix. Basta con conectar los dos cables del dispositivo a la bater\u00eda de su veh\u00edculo y, en cuesti\u00f3n de minutos, podr\u00e1 acceder a los datos telem\u00e1ticos para cualquier viaje que haga dicho veh\u00edculo. El dispositivo permanece fijado y fuera de la vista mientras genera gran cantidad de informaci\u00f3n sobre la actividad de su flota.<\/p>\n\n\n\r\n<section  class=\"qtx-pagebuilder-section qtx-pagebuilder-section-list \">\r\n<ul class='ticks fa-ul' style=''><li><span class='fa-li'><i class='fas fa-check-circle'><\/i><\/span>No requiere de un t\u00e9cnico para su instalaci\u00f3n<\/li><li><span class='fa-li'><i class='fas fa-check-circle'><\/i><\/span>El dispositivo permanece fijado fuera de la vista<\/li><li><span class='fa-li'><i class='fas fa-check-circle'><\/i><\/span>F\u00e1cil de trasladar de un veh\u00edculo a otro<\/li><li><span class='fa-li'><i class='fas fa-check-circle'><\/i><\/span>Actualizaci\u00f3n de firmware r\u00e1pida y sin cables<\/li><li><span class='fa-li'><i class='fas fa-check-circle'><\/i><\/span>Alertas de manipulaci\u00f3n por correo electr\u00f3nico<\/li><li><span class='fa-li'><i class='fas fa-check-circle'><\/i><\/span>Almacena hasta 500 registros de viaje<\/li><\/ul><\/section><\/div>\n\n\n\n<div class=\"wp-block-column is-layout-flow wp-block-column-is-layout-flow\">\n<figure class=\"wp-block-image aligncenter size-large\"><img loading=\"lazy\" decoding=\"async\" width=\"1000\" height=\"852\" src=\" https:\/\/www.quartix.com\/content\/uploads\/2022\/10\/Connect-and-Track-1000x852.jpg\" alt=\"Quartix Connect and Track device\" class=\"wp-image-81665\" srcset=\"https:\/\/www.quartix.com\/content\/uploads\/2022\/10\/Connect-and-Track-1000x852.jpg 1000w, https:\/\/www.quartix.com\/content\/uploads\/2022\/10\/Connect-and-Track-300x256.jpg 300w, https:\/\/www.quartix.com\/content\/uploads\/2022\/10\/Connect-and-Track-768x655.jpg 768w, https:\/\/www.quartix.com\/content\/uploads\/2022\/10\/Connect-and-Track-1536x1309.jpg 1536w, https:\/\/www.quartix.com\/content\/uploads\/2022\/10\/Connect-and-Track-2048x1746.jpg 2048w\" sizes=\"auto, (max-width: 1000px) 100vw, 1000px\" \/><\/figure>\n<\/div>\n<\/div>\n\n\n\n<div class=\"wp-block-columns is-layout-flex wp-container-core-columns-is-layout-28f84493 wp-block-columns-is-layout-flex\">\n<div class=\"wp-block-column is-layout-flow wp-block-column-is-layout-flow\">\n<figure class=\"wp-block-image aligncenter\"><img decoding=\"async\" src=\" https:\/\/www.quartix.com\/content\/uploads\/2019\/04\/Quartix-sytem-image-UK.png\" alt=\"\"\/><\/figure>\n<\/div>\n\n\n\n<div class=\"wp-block-column is-layout-flow wp-block-column-is-layout-flow\">\n<h2 class=\"wp-block-heading\">Una soluci\u00f3n flexible<\/h2>\n\n\n\n<p>Usted mismo puede cambiar de manera sencilla los dispositivos Connect &amp; Track de un veh\u00edculo a otro. Es la opci\u00f3n perfecta para contratistas temporales y empresas que utilizan veh\u00edculos alquilados.<\/p>\n\n\n\n<p>Con nuestro <a href=\"\/es-es\/mas-informacion\/videos-tutoriales\/\">sistema de rastreo online<\/a> puede verlo todo, desde las hojas de control horario del conductor y los mapas de ruta, hasta el an\u00e1lisis del estilo de conducci\u00f3n.<\/p>\n\n\n\r\n<section  class=\"qtx-pagebuilder-section qtx-pagebuilder-section-list \">\r\n<ul class='ticks fa-ul' style=''><li><span class='fa-li'><i class='fas fa-check-circle'><\/i><\/span>Aumente la productividad y valide las horas de sus empleados<\/li><li><span class='fa-li'><i class='fas fa-check-circle'><\/i><\/span>Mejore los estilos de conducci\u00f3n con an\u00e1lisis e informes detallados<\/li><li><span class='fa-li'><i class='fas fa-check-circle'><\/i><\/span>Compruebe cuando los conductores entran o salen de zonas determinadas<\/li><li><span class='fa-li'><i class='fas fa-check-circle'><\/i><\/span>Personalice los datos de ubicaci\u00f3n y reciba alertas por correo electr\u00f3nico<\/li><li><span class='fa-li'><i class='fas fa-check-circle'><\/i><\/span>Anticipe las fechas de mantenimiento de sus veh\u00edculos<\/li><\/ul><\/section><\/div>\n<\/div>\n","protected":false},"excerpt":{"rendered":"<p>Un dispositivo sencillo y discreto Connect &amp; Track es una soluci\u00f3n autoinstalable simple y discreta para el rastreo de veh\u00edculos con Quartix. Basta con conectar los dos cables del dispositivo a la bater\u00eda de su veh\u00edculo y, en cuesti\u00f3n de minutos, podr\u00e1 acceder a los datos telem\u00e1ticos para cualquier viaje que haga dicho veh\u00edculo. El [&hellip;]<\/p>\n","protected":false},"author":2,"featured_media":0,"parent":0,"menu_order":90,"comment_status":"closed","ping_status":"closed","template":"","meta":{"_acf_changed":false,"inline_featured_image":false,"footnotes":""},"topic":[],"qtx_campaign":[],"class_list":["post-22983","page","type-page","status-publish","hentry"],"acf":[],"yoast_head":"<!-- This site is optimized with the Yoast SEO Premium plugin v27.3 (Yoast SEO v27.3) - https:\/\/yoast.com\/product\/yoast-seo-premium-wordpress\/ -->\n<title>Connect &amp; Track - ES<\/title>\n<meta name=\"description\" content=\"Obtenga m\u00e1s informaci\u00f3n sobre el dispositivo Connect &amp; Track de Quartix. Compatible con veh\u00edculos ligeros, medianos y pesados. F\u00e1cil de instalar e intercambiar.\" \/>\n<meta name=\"robots\" content=\"index, follow, max-snippet:-1, max-image-preview:large, max-video-preview:-1\" \/>\n<link rel=\"canonical\" href=\"https:\/\/www.quartix.com\/es-es\/connect-track\/\" \/>\n<meta property=\"og:locale\" content=\"es_ES\" \/>\n<meta property=\"og:type\" content=\"article\" \/>\n<meta property=\"og:title\" content=\"Connect &amp; Track\" \/>\n<meta property=\"og:description\" content=\"Obtenga m\u00e1s informaci\u00f3n sobre el dispositivo Connect &amp; Track de Quartix. Compatible con veh\u00edculos ligeros, medianos y pesados. F\u00e1cil de instalar e intercambiar.\" \/>\n<meta property=\"og:url\" content=\"https:\/\/www.quartix.com\/es-es\/connect-track\/\" \/>\n<meta property=\"og:site_name\" content=\"Quartix\" \/>\n<meta property=\"article:publisher\" content=\"https:\/\/www.facebook.com\/Quartix-USA-374426386097401\/\" \/>\n<meta property=\"article:modified_time\" content=\"2022-10-13T14:37:13+00:00\" \/>\n<meta name=\"twitter:card\" content=\"summary_large_image\" \/>\n<meta name=\"twitter:site\" content=\"@QuartixUSA\" \/>\n<meta name=\"twitter:label1\" content=\"Est. reading time\" \/>\n\t<meta name=\"twitter:data1\" content=\"2 minutes\" \/>\n<!-- \/ Yoast SEO Premium plugin. -->","yoast_head_json":{"title":"Connect &amp; Track - ES","description":"Obtenga m\u00e1s informaci\u00f3n sobre el dispositivo Connect & Track de Quartix. Compatible con veh\u00edculos ligeros, medianos y pesados. F\u00e1cil de instalar e intercambiar.","robots":{"index":"index","follow":"follow","max-snippet":"max-snippet:-1","max-image-preview":"max-image-preview:large","max-video-preview":"max-video-preview:-1"},"canonical":"https:\/\/www.quartix.com\/es-es\/connect-track\/","og_locale":"es_ES","og_type":"article","og_title":"Connect &amp; Track","og_description":"Obtenga m\u00e1s informaci\u00f3n sobre el dispositivo Connect & Track de Quartix. Compatible con veh\u00edculos ligeros, medianos y pesados. F\u00e1cil de instalar e intercambiar.","og_url":"https:\/\/www.quartix.com\/es-es\/connect-track\/","og_site_name":"Quartix","article_publisher":"https:\/\/www.facebook.com\/Quartix-USA-374426386097401\/","article_modified_time":"2022-10-13T14:37:13+00:00","twitter_card":"summary_large_image","twitter_site":"@QuartixUSA","twitter_misc":{"Est. reading time":"2 minutes"},"schema":{"@context":"https:\/\/schema.org","@graph":[{"@type":"WebPage","@id":"https:\/\/www.quartix.com\/es-es\/connect-track\/","url":"https:\/\/www.quartix.com\/es-es\/connect-track\/","name":"Connect &amp; Track","isPartOf":{"@id":"https:\/\/www.quartix.com\/es-es\/#website"},"datePublished":"2019-05-23T19:08:30+00:00","dateModified":"2022-10-13T14:37:13+00:00","description":"Obtenga m\u00e1s informaci\u00f3n sobre el dispositivo Connect & Track de Quartix. Compatible con veh\u00edculos ligeros, medianos y pesados. F\u00e1cil de instalar e intercambiar.","breadcrumb":{"@id":"https:\/\/www.quartix.com\/es-es\/connect-track\/#breadcrumb"},"inLanguage":"es-ES","potentialAction":[{"@type":"ReadAction","target":["https:\/\/www.quartix.com\/es-es\/connect-track\/"]}]},{"@type":"BreadcrumbList","@id":"https:\/\/www.quartix.com\/es-es\/connect-track\/#breadcrumb","itemListElement":[{"@type":"ListItem","position":1,"name":"Inicio","item":"https:\/\/www.quartix.com\/es-es\/quartix-localizacion-de-vehiculos-en-tiempo-real\/"},{"@type":"ListItem","position":2,"name":"Connect &amp; Track"}]},{"@type":"WebSite","@id":"https:\/\/www.quartix.com\/es-es\/#website","url":"https:\/\/www.quartix.com\/es-es\/","name":"Quartix","description":"Real-time vehicle tracking","publisher":{"@id":"https:\/\/www.quartix.com\/es-es\/#organization"},"potentialAction":[{"@type":"SearchAction","target":{"@type":"EntryPoint","urlTemplate":"https:\/\/www.quartix.com\/es-es\/?s={search_term_string}"},"query-input":{"@type":"PropertyValueSpecification","valueRequired":true,"valueName":"search_term_string"}}],"inLanguage":"es-ES"},{"@type":"Organization","@id":"https:\/\/www.quartix.com\/es-es\/#organization","name":"Quartix","url":"https:\/\/www.quartix.com\/es-es\/","logo":{"@type":"ImageObject","inLanguage":"es-ES","@id":"https:\/\/www.quartix.com\/es-es\/#\/schema\/logo\/image\/","url":"https:\/\/www.quartix.com\/content\/uploads\/2019\/02\/quartix-logo-eur.svg","contentUrl":"https:\/\/www.quartix.com\/content\/uploads\/2019\/02\/quartix-logo-eur.svg","width":1,"height":1,"caption":"Quartix"},"image":{"@id":"https:\/\/www.quartix.com\/es-es\/#\/schema\/logo\/image\/"},"sameAs":["https:\/\/www.facebook.com\/Quartix-USA-374426386097401\/","https:\/\/x.com\/QuartixUSA","https:\/\/www.linkedin.com\/company\/5346733\/","https:\/\/www.youtube.com\/channel\/UCzS-_GMfHF4kWiCheyIRrAQ"]}]}},"_links":{"self":[{"href":"https:\/\/www.quartix.com\/es-es\/wp-json\/wp\/v2\/pages\/22983","targetHints":{"allow":["GET"]}}],"collection":[{"href":"https:\/\/www.quartix.com\/es-es\/wp-json\/wp\/v2\/pages"}],"about":[{"href":"https:\/\/www.quartix.com\/es-es\/wp-json\/wp\/v2\/types\/page"}],"author":[{"embeddable":true,"href":"https:\/\/www.quartix.com\/es-es\/wp-json\/wp\/v2\/users\/2"}],"replies":[{"embeddable":true,"href":"https:\/\/www.quartix.com\/es-es\/wp-json\/wp\/v2\/comments?post=22983"}],"version-history":[{"count":0,"href":"https:\/\/www.quartix.com\/es-es\/wp-json\/wp\/v2\/pages\/22983\/revisions"}],"wp:attachment":[{"href":"https:\/\/www.quartix.com\/es-es\/wp-json\/wp\/v2\/media?parent=22983"}],"wp:term":[{"taxonomy":"topic","embeddable":true,"href":"https:\/\/www.quartix.com\/es-es\/wp-json\/wp\/v2\/topic?post=22983"},{"taxonomy":"qtx_campaign","embeddable":true,"href":"https:\/\/www.quartix.com\/es-es\/wp-json\/wp\/v2\/qtx_campaign?post=22983"}],"curies":[{"name":"wp","href":"https:\/\/api.w.org\/{rel}","templated":true}]}}