{"id":32649,"date":"2019-08-08T11:39:22","date_gmt":"2019-08-08T11:39:22","guid":{"rendered":"https:\/\/www.quartix.com\/mas-informacion\/guias\/"},"modified":"2024-08-09T15:56:36","modified_gmt":"2024-08-09T14:56:36","slug":"guias","status":"publish","type":"page","link":"https:\/\/www.quartix.com\/es-es\/mas-informacion\/guias\/","title":{"rendered":"Gu\u00edas"},"content":{"rendered":"\r\n\r\n<section  class=\"qtx-pagebuilder-section qtx-pagebuilder-section-guidelisting \">\r\n        <div class=\"listingouter\">\r\n            <div class=\"listingwrapper\">\r\n                <div class=\"listing\">\r\n                        <div class=\"listingtitle\"><h4>RGPD<\/h4><h3>Gu\u00eda RGPD para gestores de flotas<\/h3><\/div>                                                <a class='btn btn-green' href='https:\/\/www.quartix.com\/es-es\/mas-informacion\/guia-rgpd-para-gestores-de-flotas\/' title='M\u00e1s informaci\u00f3n' target=''>M\u00e1s informaci\u00f3n <i aria-hidden='true' class='fas fa-arrow-circle-right'><\/i><\/a>                <\/div>\r\n                <div class=\"image\">\r\n                                                <img loading=\"lazy\" decoding=\"async\" width=\"428\" height=\"614\" src=\"https:\/\/www.quartix.com\/content\/uploads\/2024\/07\/ES-gdpr-guide-cover-1.png\" class=\"\" alt=\"\" srcset=\"https:\/\/www.quartix.com\/content\/uploads\/2024\/07\/ES-gdpr-guide-cover-1.png 428w, https:\/\/www.quartix.com\/content\/uploads\/2024\/07\/ES-gdpr-guide-cover-1-209x300.png 209w\" sizes=\"auto, (max-width: 428px) 100vw, 428px\" \/>  \r\n                                    <\/div>\r\n            <\/div>\r\n        <\/div>\r\n            <div class=\"listingouter\">\r\n            <div class=\"listingwrapper\">\r\n                <div class=\"listing\">\r\n                        <div class=\"listingtitle\"><h4>INDUSTRIA<\/h4><h3>\u00bfCu\u00e1nto cuesta el seguimiento de veh\u00edculos?<\/h3><\/div>                                                <a class='btn btn-green' href='\/es-es\/cuanto-cuesta-el-seguimiento-de-vehiculos\/' title='M\u00e1s informaci\u00f3n' target=''>M\u00e1s informaci\u00f3n <i aria-hidden='true' class='fas fa-arrow-circle-right'><\/i><\/a>                <\/div>\r\n                <div class=\"image\">\r\n                                                <img loading=\"lazy\" decoding=\"async\" width=\"522\" height=\"742\" src=\"https:\/\/www.quartix.com\/content\/uploads\/2024\/07\/es-pricing-guide.png\" class=\"\" alt=\"\" srcset=\"https:\/\/www.quartix.com\/content\/uploads\/2024\/07\/es-pricing-guide.png 522w, https:\/\/www.quartix.com\/content\/uploads\/2024\/07\/es-pricing-guide-211x300.png 211w\" sizes=\"auto, (max-width: 522px) 100vw, 522px\" \/>  \r\n                                    <\/div>\r\n            <\/div>\r\n        <\/div>\r\n            <div class=\"listingouter\">\r\n            <div class=\"listingwrapper\">\r\n                <div class=\"listing\">\r\n                        <div class=\"listingtitle\"><h4>INDUSTRIA<\/h4><h3>\u00bfC\u00f3mo su sistema de seguimiento de veh\u00edculos puede ayudar a hacer cumplir la pol\u00edtica de exceso de velocidad de su empresa?<\/h3><\/div>                                                <a class='btn btn-green' href='\/es-es\/guia-de-politicas-de-exceso-de-velocidad-para-empresas\/' title='M\u00e1s informaci\u00f3n' target=''>M\u00e1s informaci\u00f3n <i aria-hidden='true' class='fas fa-arrow-circle-right'><\/i><\/a>                <\/div>\r\n                <div class=\"image\">\r\n                                                <img loading=\"lazy\" decoding=\"async\" width=\"586\" height=\"838\" src=\"https:\/\/www.quartix.com\/content\/uploads\/2021\/07\/ES-Speeding-Policy-Guide-Cover.png\" class=\"\" alt=\"\" srcset=\"https:\/\/www.quartix.com\/content\/uploads\/2021\/07\/ES-Speeding-Policy-Guide-Cover.png 586w, https:\/\/www.quartix.com\/content\/uploads\/2021\/07\/ES-Speeding-Policy-Guide-Cover-210x300.png 210w\" sizes=\"auto, (max-width: 586px) 100vw, 586px\" \/>  \r\n                                    <\/div>\r\n            <\/div>\r\n        <\/div>\r\n            <div class=\"listingouter\">\r\n            <div class=\"listingwrapper\">\r\n                <div class=\"listing\">\r\n                        <div class=\"listingtitle\"><h4>INDUSTRIA<\/h4><h3>\u00bfC\u00f3mo el seguimiento de veh\u00edculos respalda el trabajo m\u00e1s all\u00e1 de la conducci\u00f3n?<\/h3><\/div>                                                <a class='btn btn-green' href='\/es-es\/solicitud-de-guia-roi\/' title='M\u00e1s informaci\u00f3n' target=''>M\u00e1s informaci\u00f3n <i aria-hidden='true' class='fas fa-arrow-circle-right'><\/i><\/a>                <\/div>\r\n                <div class=\"image\">\r\n                                                <img loading=\"lazy\" decoding=\"async\" width=\"627\" height=\"893\" src=\"https:\/\/www.quartix.com\/content\/uploads\/2021\/07\/ES-site-based-roi-guide.png\" class=\"\" alt=\"\" srcset=\"https:\/\/www.quartix.com\/content\/uploads\/2021\/07\/ES-site-based-roi-guide.png 627w, https:\/\/www.quartix.com\/content\/uploads\/2021\/07\/ES-site-based-roi-guide-211x300.png 211w\" sizes=\"auto, (max-width: 627px) 100vw, 627px\" \/>  \r\n                                    <\/div>\r\n            <\/div>\r\n        <\/div>\r\n            <div class=\"listingouter\">\r\n            <div class=\"listingwrapper\">\r\n                <div class=\"listing\">\r\n                        <div class=\"listingtitle\"><h4>ESTILO DE CONDUCCI\u00f3N<\/h4><h3>\u00bfC\u00f3mo calcula y utiliza el seguimiento de veh\u00edculos las puntuaciones de los conductores?<\/h3><\/div>                                                <a class='btn btn-green' href='\/es-es\/puntuaciones-del-conductor-de-quartix-guia-complete' title='M\u00e1s informaci\u00f3n' target=''>M\u00e1s informaci\u00f3n <i aria-hidden='true' class='fas fa-arrow-circle-right'><\/i><\/a>                <\/div>\r\n                <div class=\"image\">\r\n                                                <img loading=\"lazy\" decoding=\"async\" width=\"523\" height=\"746\" src=\"https:\/\/www.quartix.com\/content\/uploads\/2021\/02\/ES-driver-scores-guide-cover.png\" class=\"\" alt=\"\" srcset=\"https:\/\/www.quartix.com\/content\/uploads\/2021\/02\/ES-driver-scores-guide-cover.png 523w, https:\/\/www.quartix.com\/content\/uploads\/2021\/02\/ES-driver-scores-guide-cover-210x300.png 210w\" sizes=\"auto, (max-width: 523px) 100vw, 523px\" \/>  \r\n                                    <\/div>\r\n            <\/div>\r\n        <\/div>\r\n            <div class=\"listingouter\">\r\n            <div class=\"listingwrapper\">\r\n                <div class=\"listing\">\r\n                        <div class=\"listingtitle\"><h4>INDUSTRIA<\/h4><h3>\u00bfQu\u00e9 es la conducci\u00f3n ecol\u00f3gica y c\u00f3mo puede ayudar a su negocio?<\/h3><\/div>                                                <a class='btn btn-green' href='\/es-es\/guia-de-conduccion-ecologica\/' title='M\u00e1s informaci\u00f3n' target=''>M\u00e1s informaci\u00f3n <i aria-hidden='true' class='fas fa-arrow-circle-right'><\/i><\/a>                <\/div>\r\n                <div class=\"image\">\r\n                                                <img loading=\"lazy\" decoding=\"async\" width=\"600\" height=\"400\" src=\"https:\/\/www.quartix.com\/content\/uploads\/2021\/04\/vehicle-traking-delivery-driver-.png\" class=\"\" alt=\"vehicle traking delivery driver\" srcset=\"https:\/\/www.quartix.com\/content\/uploads\/2021\/04\/vehicle-traking-delivery-driver-.png 600w, https:\/\/www.quartix.com\/content\/uploads\/2021\/04\/vehicle-traking-delivery-driver--300x200.png 300w\" sizes=\"auto, (max-width: 600px) 100vw, 600px\" \/>  \r\n                                    <\/div>\r\n            <\/div>\r\n        <\/div>\r\n            <div class=\"listingouter\">\r\n            <div class=\"listingwrapper\">\r\n                <div class=\"listing\">\r\n                        <div class=\"listingtitle\"><h4>INDUSTRIA<\/h4><h3>Los beneficios del rastreo de veh\u00edculos para los conductores<\/h3><\/div>                                                <a class='btn btn-green' href='\/es-es\/los-beneficios-del-rastreo-de-vehiculos-para-los-conductors\/' title='M\u00e1s informaci\u00f3n' target=''>M\u00e1s informaci\u00f3n <i aria-hidden='true' class='fas fa-arrow-circle-right'><\/i><\/a>                <\/div>\r\n                <div class=\"image\">\r\n                                                <img loading=\"lazy\" decoding=\"async\" width=\"640\" height=\"905\" src=\"https:\/\/www.quartix.com\/content\/uploads\/2019\/08\/ES-Benefits-for-Drivers-img-707x1000.png\" class=\"\" alt=\"\" srcset=\"https:\/\/www.quartix.com\/content\/uploads\/2019\/08\/ES-Benefits-for-Drivers-img-707x1000.png 707w, https:\/\/www.quartix.com\/content\/uploads\/2019\/08\/ES-Benefits-for-Drivers-img-212x300.png 212w, https:\/\/www.quartix.com\/content\/uploads\/2019\/08\/ES-Benefits-for-Drivers-img-768x1086.png 768w, https:\/\/www.quartix.com\/content\/uploads\/2019\/08\/ES-Benefits-for-Drivers-img.png 1059w\" sizes=\"auto, (max-width: 640px) 100vw, 640px\" \/>  \r\n                                    <\/div>\r\n            <\/div>\r\n        <\/div>\r\n            <div class=\"listingouter\">\r\n            <div class=\"listingwrapper\">\r\n                <div class=\"listing\">\r\n                        <div class=\"listingtitle\"><h4>INDUSTRIA<\/h4><h3>Gu\u00eda del usuario para el rastreo de veh\u00edculos<\/h3><\/div>                                                <a class='btn btn-green' href='\/es-es\/guia-del-usuario-para-el-rastreo-de-vehiculos\/' title='M\u00e1s informaci\u00f3n' target=''>M\u00e1s informaci\u00f3n <i aria-hidden='true' class='fas fa-arrow-circle-right'><\/i><\/a>                <\/div>\r\n                <div class=\"image\">\r\n                                                <img loading=\"lazy\" decoding=\"async\" width=\"640\" height=\"903\" src=\"https:\/\/www.quartix.com\/content\/uploads\/2019\/08\/ES-Buyers-Guide-img-709x1000.png\" class=\"\" alt=\"\" srcset=\"https:\/\/www.quartix.com\/content\/uploads\/2019\/08\/ES-Buyers-Guide-img-709x1000.png 709w, https:\/\/www.quartix.com\/content\/uploads\/2019\/08\/ES-Buyers-Guide-img-213x300.png 213w, https:\/\/www.quartix.com\/content\/uploads\/2019\/08\/ES-Buyers-Guide-img-768x1083.png 768w, https:\/\/www.quartix.com\/content\/uploads\/2019\/08\/ES-Buyers-Guide-img.png 1299w\" sizes=\"auto, (max-width: 640px) 100vw, 640px\" \/>  \r\n                                    <\/div>\r\n            <\/div>\r\n        <\/div>\r\n            <div class=\"listingouter\">\r\n            <div class=\"listingwrapper\">\r\n                <div class=\"listing\">\r\n                        <div class=\"listingtitle\"><h4>INDUSTRIA<\/h4><h3>Gu\u00eda de rastreo de veh\u00edculos para Paisajistas<\/h3><\/div>                                                <a class='btn btn-green' href='\/es-es\/guia-de-rastreo-de-vehiculos-para-paisajistas' title='M\u00e1s informaci\u00f3n' target=''>M\u00e1s informaci\u00f3n <i aria-hidden='true' class='fas fa-arrow-circle-right'><\/i><\/a>                <\/div>\r\n                <div class=\"image\">\r\n                                                <img loading=\"lazy\" decoding=\"async\" width=\"500\" height=\"334\" src=\"https:\/\/www.quartix.com\/content\/uploads\/2019\/01\/AdobeStock_116649449_GS.jpg\" class=\"\" alt=\"\" srcset=\"https:\/\/www.quartix.com\/content\/uploads\/2019\/01\/AdobeStock_116649449_GS.jpg 500w, https:\/\/www.quartix.com\/content\/uploads\/2019\/01\/AdobeStock_116649449_GS-300x200.jpg 300w\" sizes=\"auto, (max-width: 500px) 100vw, 500px\" \/>  \r\n                                    <\/div>\r\n            <\/div>\r\n        <\/div>\r\n            <div class=\"listingouter\">\r\n            <div class=\"listingwrapper\">\r\n                <div class=\"listing\">\r\n                        <div class=\"listingtitle\"><h4>INDUSTRIA<\/h4><h3>Gu\u00eda de rastreo de veh\u00edculos para empresas de construcci\u00f3n<\/h3><\/div>                                                <a class='btn btn-green' href='\/es-es\/guia-de-rastreo-de-vehiculos-para-empresas-de-construccion\/' title='M\u00e1s informaci\u00f3n' target=''>M\u00e1s informaci\u00f3n <i aria-hidden='true' class='fas fa-arrow-circle-right'><\/i><\/a>                <\/div>\r\n                <div class=\"image\">\r\n                                                <img loading=\"lazy\" decoding=\"async\" width=\"640\" height=\"428\" src=\"https:\/\/www.quartix.com\/content\/uploads\/2020\/05\/Construction-Guide-Tracking.png\" class=\"\" alt=\"\" srcset=\"https:\/\/www.quartix.com\/content\/uploads\/2020\/05\/Construction-Guide-Tracking.png 700w, https:\/\/www.quartix.com\/content\/uploads\/2020\/05\/Construction-Guide-Tracking-300x201.png 300w\" sizes=\"auto, (max-width: 640px) 100vw, 640px\" \/>  \r\n                                    <\/div>\r\n            <\/div>\r\n        <\/div>\r\n            <div class=\"listingouter\">\r\n            <div class=\"listingwrapper\">\r\n                <div class=\"listing\">\r\n                        <div class=\"listingtitle\"><h4>INDUSTRIA<\/h4><h3>Rastreo de veh\u00edculos para servicios comerciales<\/h3><\/div>                                                <a class='btn btn-green' href='\/es-es\/rastreo-de-vehiculos-para-servicios-comerciales\/' title='M\u00e1s informaci\u00f3n' target=''>M\u00e1s informaci\u00f3n <i aria-hidden='true' class='fas fa-arrow-circle-right'><\/i><\/a>                <\/div>\r\n                <div class=\"image\">\r\n                                                <img loading=\"lazy\" decoding=\"async\" width=\"500\" height=\"333\" src=\"https:\/\/www.quartix.com\/content\/uploads\/2020\/01\/Trades-Guide-Image-Small.jpg\" class=\"\" alt=\"Quartix Fleet Image\" srcset=\"https:\/\/www.quartix.com\/content\/uploads\/2020\/01\/Trades-Guide-Image-Small.jpg 500w, https:\/\/www.quartix.com\/content\/uploads\/2020\/01\/Trades-Guide-Image-Small-300x200.jpg 300w\" sizes=\"auto, (max-width: 500px) 100vw, 500px\" \/>  \r\n                                    <\/div>\r\n            <\/div>\r\n        <\/div>\r\n    <\/section>\r\n    ","protected":false},"excerpt":{"rendered":"","protected":false},"author":12,"featured_media":0,"parent":10437,"menu_order":40,"comment_status":"closed","ping_status":"closed","template":"","meta":{"_acf_changed":false,"inline_featured_image":false,"footnotes":""},"topic":[],"qtx_campaign":[],"class_list":["post-32649","page","type-page","status-publish","hentry"],"acf":[],"yoast_head":"<!-- This site is optimized with the Yoast SEO Premium plugin v27.3 (Yoast SEO v27.3) - https:\/\/yoast.com\/product\/yoast-seo-premium-wordpress\/ -->\n<title>Gu\u00edas de la industria - ES<\/title>\n<meta name=\"description\" content=\"Quartix ha creado una serie de gu\u00edas para el seguimiento de veh\u00edculos para empresas y gerentes de flotas. Para obtener m\u00e1s informaci\u00f3n, descargue las gu\u00edas gratuitas.\" \/>\n<meta name=\"robots\" content=\"index, follow, max-snippet:-1, max-image-preview:large, max-video-preview:-1\" \/>\n<link rel=\"canonical\" href=\"https:\/\/www.quartix.com\/es-es\/mas-informacion\/guias\/\" \/>\n<meta property=\"og:locale\" content=\"es_ES\" \/>\n<meta property=\"og:type\" content=\"article\" \/>\n<meta property=\"og:title\" content=\"Gu\u00edas\" \/>\n<meta property=\"og:description\" content=\"Quartix ha creado una serie de gu\u00edas para el seguimiento de veh\u00edculos para empresas y gerentes de flotas. Para obtener m\u00e1s informaci\u00f3n, descargue las gu\u00edas gratuitas.\" \/>\n<meta property=\"og:url\" content=\"https:\/\/www.quartix.com\/es-es\/mas-informacion\/guias\/\" \/>\n<meta property=\"og:site_name\" content=\"Quartix\" \/>\n<meta property=\"article:publisher\" content=\"https:\/\/www.facebook.com\/Quartix-USA-374426386097401\/\" \/>\n<meta property=\"article:modified_time\" content=\"2024-08-09T14:56:36+00:00\" \/>\n<meta name=\"twitter:card\" content=\"summary_large_image\" \/>\n<meta name=\"twitter:site\" content=\"@QuartixUSA\" \/>\n<meta name=\"twitter:label1\" content=\"Est. reading time\" \/>\n\t<meta name=\"twitter:data1\" content=\"3 minutes\" \/>\n<!-- \/ Yoast SEO Premium plugin. -->","yoast_head_json":{"title":"Gu\u00edas de la industria - ES","description":"Quartix ha creado una serie de gu\u00edas para el seguimiento de veh\u00edculos para empresas y gerentes de flotas. Para obtener m\u00e1s informaci\u00f3n, descargue las gu\u00edas gratuitas.","robots":{"index":"index","follow":"follow","max-snippet":"max-snippet:-1","max-image-preview":"max-image-preview:large","max-video-preview":"max-video-preview:-1"},"canonical":"https:\/\/www.quartix.com\/es-es\/mas-informacion\/guias\/","og_locale":"es_ES","og_type":"article","og_title":"Gu\u00edas","og_description":"Quartix ha creado una serie de gu\u00edas para el seguimiento de veh\u00edculos para empresas y gerentes de flotas. Para obtener m\u00e1s informaci\u00f3n, descargue las gu\u00edas gratuitas.","og_url":"https:\/\/www.quartix.com\/es-es\/mas-informacion\/guias\/","og_site_name":"Quartix","article_publisher":"https:\/\/www.facebook.com\/Quartix-USA-374426386097401\/","article_modified_time":"2024-08-09T14:56:36+00:00","twitter_card":"summary_large_image","twitter_site":"@QuartixUSA","twitter_misc":{"Est. reading time":"3 minutes"},"schema":{"@context":"https:\/\/schema.org","@graph":[{"@type":"WebPage","@id":"https:\/\/www.quartix.com\/es-es\/mas-informacion\/guias\/","url":"https:\/\/www.quartix.com\/es-es\/mas-informacion\/guias\/","name":"Gu\u00edas de la industria","isPartOf":{"@id":"https:\/\/www.quartix.com\/es-es\/#website"},"datePublished":"2019-08-08T11:39:22+00:00","dateModified":"2024-08-09T14:56:36+00:00","description":"Quartix ha creado una serie de gu\u00edas para el seguimiento de veh\u00edculos para empresas y gerentes de flotas. Para obtener m\u00e1s informaci\u00f3n, descargue las gu\u00edas gratuitas.","breadcrumb":{"@id":"https:\/\/www.quartix.com\/es-es\/mas-informacion\/guias\/#breadcrumb"},"inLanguage":"es-ES","potentialAction":[{"@type":"ReadAction","target":["https:\/\/www.quartix.com\/es-es\/mas-informacion\/guias\/"]}]},{"@type":"BreadcrumbList","@id":"https:\/\/www.quartix.com\/es-es\/mas-informacion\/guias\/#breadcrumb","itemListElement":[{"@type":"ListItem","position":1,"name":"Inicio","item":"https:\/\/www.quartix.com\/es-es\/quartix-localizacion-de-vehiculos-en-tiempo-real\/"},{"@type":"ListItem","position":2,"name":"M\u00e1s informaci\u00f3n","item":"https:\/\/www.quartix.com\/es-es\/mas-informacion\/"},{"@type":"ListItem","position":3,"name":"Gu\u00edas"}]},{"@type":"WebSite","@id":"https:\/\/www.quartix.com\/es-es\/#website","url":"https:\/\/www.quartix.com\/es-es\/","name":"Quartix","description":"Real-time vehicle tracking","publisher":{"@id":"https:\/\/www.quartix.com\/es-es\/#organization"},"potentialAction":[{"@type":"SearchAction","target":{"@type":"EntryPoint","urlTemplate":"https:\/\/www.quartix.com\/es-es\/?s={search_term_string}"},"query-input":{"@type":"PropertyValueSpecification","valueRequired":true,"valueName":"search_term_string"}}],"inLanguage":"es-ES"},{"@type":"Organization","@id":"https:\/\/www.quartix.com\/es-es\/#organization","name":"Quartix","url":"https:\/\/www.quartix.com\/es-es\/","logo":{"@type":"ImageObject","inLanguage":"es-ES","@id":"https:\/\/www.quartix.com\/es-es\/#\/schema\/logo\/image\/","url":"https:\/\/www.quartix.com\/content\/uploads\/2019\/02\/quartix-logo-eur.svg","contentUrl":"https:\/\/www.quartix.com\/content\/uploads\/2019\/02\/quartix-logo-eur.svg","width":1,"height":1,"caption":"Quartix"},"image":{"@id":"https:\/\/www.quartix.com\/es-es\/#\/schema\/logo\/image\/"},"sameAs":["https:\/\/www.facebook.com\/Quartix-USA-374426386097401\/","https:\/\/x.com\/QuartixUSA","https:\/\/www.linkedin.com\/company\/5346733\/","https:\/\/www.youtube.com\/channel\/UCzS-_GMfHF4kWiCheyIRrAQ"]}]}},"_links":{"self":[{"href":"https:\/\/www.quartix.com\/es-es\/wp-json\/wp\/v2\/pages\/32649","targetHints":{"allow":["GET"]}}],"collection":[{"href":"https:\/\/www.quartix.com\/es-es\/wp-json\/wp\/v2\/pages"}],"about":[{"href":"https:\/\/www.quartix.com\/es-es\/wp-json\/wp\/v2\/types\/page"}],"author":[{"embeddable":true,"href":"https:\/\/www.quartix.com\/es-es\/wp-json\/wp\/v2\/users\/12"}],"replies":[{"embeddable":true,"href":"https:\/\/www.quartix.com\/es-es\/wp-json\/wp\/v2\/comments?post=32649"}],"version-history":[{"count":0,"href":"https:\/\/www.quartix.com\/es-es\/wp-json\/wp\/v2\/pages\/32649\/revisions"}],"up":[{"embeddable":true,"href":"https:\/\/www.quartix.com\/es-es\/wp-json\/wp\/v2\/pages\/10437"}],"wp:attachment":[{"href":"https:\/\/www.quartix.com\/es-es\/wp-json\/wp\/v2\/media?parent=32649"}],"wp:term":[{"taxonomy":"topic","embeddable":true,"href":"https:\/\/www.quartix.com\/es-es\/wp-json\/wp\/v2\/topic?post=32649"},{"taxonomy":"qtx_campaign","embeddable":true,"href":"https:\/\/www.quartix.com\/es-es\/wp-json\/wp\/v2\/qtx_campaign?post=32649"}],"curies":[{"name":"wp","href":"https:\/\/api.w.org\/{rel}","templated":true}]}}