{"id":32807,"date":"2019-08-09T15:24:52","date_gmt":"2019-08-09T15:24:52","guid":{"rendered":" https:\/\/www.quartix.com\/mas-informacion\/videos-tutoriales\/"},"modified":"2022-10-14T11:37:00","modified_gmt":"2022-10-14T10:37:00","slug":"videos-tutoriales","status":"publish","type":"page","link":"https:\/\/www.quartix.com\/es-es\/mas-informacion\/videos-tutoriales\/","title":{"rendered":"V\u00eddeos Tutoriales"},"content":{"rendered":"\n<div class=\"wp-block-columns is-layout-flex wp-container-core-columns-is-layout-28f84493 wp-block-columns-is-layout-flex\">\n<div class=\"wp-block-column is-layout-flow wp-block-column-is-layout-flow\">\n<p>Con esta serie de videos tutoriales cortos de Quartix, puede ver f\u00e1cilmente c\u00f3mo funcionan las siguientes caracter\u00edsticas del sistema Quartix:<\/p>\n\n\n\r\n<section  class=\"qtx-pagebuilder-section qtx-pagebuilder-section-list \">\r\n<ul class='dots' style=''><li><a href='#Configuraci\u00f3n-de-zonas-de-geofencing' class='' title='' target=''>Geofencing<\/a><\/li><li><a href='#Informes-de-estilo-de-conducci\u00f3n' class='' title='' target=''>Informes de estilo de conducci\u00f3n<\/a><\/li><li><a href='#Uso-de-registros-diarios-de-conductores' class='' title='' target=''>Registros diarios del conductor<\/a><\/li><li><a href='#Crear-ubicaciones-personalizadas' class='' title='' target=''>Ubicaciones personalizadas<\/a><\/li><li><a href='#Uso-de-la-pantalla-de-seguimiento-en-vivo' class='' title='' target=''>Seguimiento en vivo<\/a><\/li><\/ul><\/section><\/div>\n\n\n\n<div class=\"wp-block-column is-layout-flow wp-block-column-is-layout-flow\"><\/div>\n<\/div>\n\n\n\n<div class=\"wp-block-columns is-layout-flex wp-container-core-columns-is-layout-28f84493 wp-block-columns-is-layout-flex\">\n<div class=\"wp-block-column is-layout-flow wp-block-column-is-layout-flow\">\n<h2 class=\"wp-block-heading\" id=\"Configuraci\u00f3n-de-zonas-de-geofencing\">Configuraci\u00f3n de zonas de geofencing<\/h2>\n\n\n\n<p>Si sus veh\u00edculos necesitan estar dentro o fuera de ciertas \u00e1reas en momentos definidos, el geofencing puede alertarlo en tiempo real si esas reglas se rompen. Vea el video, a continuaci\u00f3n, para ver esta funci\u00f3n en acci\u00f3n.<\/p>\n<\/div>\n\n\n\n<div class=\"wp-block-column is-layout-flow wp-block-column-is-layout-flow\">\n<figure class=\"wp-block-embed aligncenter is-type-video is-provider-youtube wp-block-embed-youtube wp-embed-aspect-16-9 wp-has-aspect-ratio\"><div class=\"wp-block-embed__wrapper\">\n<iframe loading=\"lazy\" title=\"Quartix - Geofencing\" width=\"640\" height=\"360\" src=\"https:\/\/www.youtube.com\/embed\/vZ3e9oJJuE8?list=PLDhAsdLVvu-C9Hl8rwY1AgcUk9nIdIl5k\" frameborder=\"0\" allow=\"accelerometer; autoplay; clipboard-write; encrypted-media; gyroscope; picture-in-picture; web-share\" referrerpolicy=\"strict-origin-when-cross-origin\" allowfullscreen><\/iframe>\n<\/div><\/figure>\n<\/div>\n<\/div>\n\n\n\n<div class=\"wp-block-columns is-layout-flex wp-container-core-columns-is-layout-28f84493 wp-block-columns-is-layout-flex\">\n<div class=\"wp-block-column is-layout-flow wp-block-column-is-layout-flow\">\n<figure class=\"wp-block-embed aligncenter is-type-video is-provider-youtube wp-block-embed-youtube wp-embed-aspect-16-9 wp-has-aspect-ratio\"><div class=\"wp-block-embed__wrapper\">\n<iframe loading=\"lazy\" title=\"Quartix - Estilo de Conducci\u00f3n\" width=\"640\" height=\"360\" src=\"https:\/\/www.youtube.com\/embed\/eqQHj94DylI?list=PLDhAsdLVvu-C9Hl8rwY1AgcUk9nIdIl5k\" frameborder=\"0\" allow=\"accelerometer; autoplay; clipboard-write; encrypted-media; gyroscope; picture-in-picture; web-share\" referrerpolicy=\"strict-origin-when-cross-origin\" allowfullscreen><\/iframe>\n<\/div><\/figure>\n<\/div>\n\n\n\n<div class=\"wp-block-column is-layout-flow wp-block-column-is-layout-flow\">\n<h2 class=\"wp-block-heading\" id=\"Informes-de-estilo-de-conducci\u00f3n\">Informes de estilo de conducci\u00f3n<\/h2>\n\n\n\n<p>Los informes de estilo de conducci\u00f3n de Quartix son una herramienta vital para controlar los patrones de velocidad, aceleraci\u00f3n y frenado de su flota. Este breve tutorial explica c\u00f3mo acceder a los informes de estilo de conducci\u00f3n de su flota.<\/p>\n<\/div>\n<\/div>\n\n\n\n<div class=\"wp-block-columns is-layout-flex wp-container-core-columns-is-layout-28f84493 wp-block-columns-is-layout-flex\">\n<div class=\"wp-block-column is-layout-flow wp-block-column-is-layout-flow\">\n<h2 class=\"wp-block-heading\" id=\"Uso-de-registros-diarios-de-conductores\">Uso de registros diarios de conductores<\/h2>\n\n\n\n<p>Quartix proporciona registros diarios de controladores que puede ver en l\u00ednea o que ha enviado autom\u00e1ticamente a su bandeja de entrada. Vea este breve video para saber c\u00f3mo ver estos informes.<\/p>\n<\/div>\n\n\n\n<div class=\"wp-block-column is-layout-flow wp-block-column-is-layout-flow\">\n<figure class=\"wp-block-embed aligncenter is-type-video is-provider-youtube wp-block-embed-youtube wp-embed-aspect-16-9 wp-has-aspect-ratio\"><div class=\"wp-block-embed__wrapper\">\n<iframe loading=\"lazy\" title=\"Quartix - Registro diario de veh\u00edculo\" width=\"640\" height=\"360\" src=\"https:\/\/www.youtube.com\/embed\/JoEtg7hQG58?list=PLDhAsdLVvu-C9Hl8rwY1AgcUk9nIdIl5k\" frameborder=\"0\" allow=\"accelerometer; autoplay; clipboard-write; encrypted-media; gyroscope; picture-in-picture; web-share\" referrerpolicy=\"strict-origin-when-cross-origin\" allowfullscreen><\/iframe>\n<\/div><\/figure>\n<\/div>\n<\/div>\n\n\n\n<div class=\"wp-block-columns is-layout-flex wp-container-core-columns-is-layout-28f84493 wp-block-columns-is-layout-flex\">\n<div class=\"wp-block-column is-layout-flow wp-block-column-is-layout-flow\">\n<figure class=\"wp-block-embed aligncenter is-type-video is-provider-youtube wp-block-embed-youtube wp-embed-aspect-16-9 wp-has-aspect-ratio\"><div class=\"wp-block-embed__wrapper\">\n<iframe loading=\"lazy\" title=\"Quartix - Ubicaciones personalizadas\" width=\"640\" height=\"360\" src=\"https:\/\/www.youtube.com\/embed\/XVtAqy3yU6s?list=PLDhAsdLVvu-C9Hl8rwY1AgcUk9nIdIl5k\" frameborder=\"0\" allow=\"accelerometer; autoplay; clipboard-write; encrypted-media; gyroscope; picture-in-picture; web-share\" referrerpolicy=\"strict-origin-when-cross-origin\" allowfullscreen><\/iframe>\n<\/div><\/figure>\n<\/div>\n\n\n\n<div class=\"wp-block-column is-layout-flow wp-block-column-is-layout-flow\">\n<h2 class=\"wp-block-heading\" id=\"Crear-ubicaciones-personalizadas\">Crear ubicaciones personalizadas<\/h2>\n\n\n\n<p>Quartix le permite crear ubicaciones que su flota visita con frecuencia, para facilitar a\u00fan m\u00e1s la revisi\u00f3n de registros e informes. Este video explica c\u00f3mo configurar ubicaciones personalizadas para su negocio.<\/p>\n<\/div>\n<\/div>\n\n\n\n<h2 class=\"wp-block-heading\" id=\"Uso-de-la-pantalla-de-seguimiento-en-vivo\">Uso de la pantalla de seguimiento en vivo<\/h2>\n\n\n\n<div class=\"wp-block-columns is-layout-flex wp-container-core-columns-is-layout-28f84493 wp-block-columns-is-layout-flex\">\n<div class=\"wp-block-column is-layout-flow wp-block-column-is-layout-flow\">\n<p>El seguimiento en vivo de Quartix le muestra d\u00f3nde est\u00e1n sus veh\u00edculos, siempre que necesite saber. Este breve tutorial le muestra c\u00f3mo tomar ventaja de esta funci\u00f3n.<\/p>\n<\/div>\n\n\n\n<div class=\"wp-block-column is-layout-flow wp-block-column-is-layout-flow\">\n<figure class=\"wp-block-embed aligncenter is-type-video is-provider-youtube wp-block-embed-youtube wp-embed-aspect-16-9 wp-has-aspect-ratio\"><div class=\"wp-block-embed__wrapper\">\n<iframe loading=\"lazy\" title=\"Quartix - Seguimento en vivo\" width=\"640\" height=\"360\" src=\"https:\/\/www.youtube.com\/embed\/wJWIgWrugPM?list=PLDhAsdLVvu-C9Hl8rwY1AgcUk9nIdIl5k\" frameborder=\"0\" allow=\"accelerometer; autoplay; clipboard-write; encrypted-media; gyroscope; picture-in-picture; web-share\" referrerpolicy=\"strict-origin-when-cross-origin\" allowfullscreen><\/iframe>\n<\/div><\/figure>\n<\/div>\n<\/div>\n","protected":false},"excerpt":{"rendered":"<p>Con esta serie de videos tutoriales cortos de Quartix, puede ver f\u00e1cilmente c\u00f3mo funcionan las siguientes caracter\u00edsticas del sistema Quartix: Configuraci\u00f3n de zonas de geofencing Si sus veh\u00edculos necesitan estar dentro o fuera de ciertas \u00e1reas en momentos definidos, el geofencing puede alertarlo en tiempo real si esas reglas se rompen. Vea el video, a [&hellip;]<\/p>\n","protected":false},"author":12,"featured_media":0,"parent":10437,"menu_order":50,"comment_status":"closed","ping_status":"closed","template":"","meta":{"_acf_changed":false,"inline_featured_image":false,"footnotes":""},"topic":[],"qtx_campaign":[],"class_list":["post-32807","page","type-page","status-publish","hentry"],"acf":[],"yoast_head":"<!-- This site is optimized with the Yoast SEO Premium plugin v27.3 (Yoast SEO v27.3) - https:\/\/yoast.com\/product\/yoast-seo-premium-wordpress\/ -->\n<title>Video Tutoriales | Vea c\u00f3mo funcionan las caracter\u00edsticas de Quartix - ES<\/title>\n<meta name=\"description\" content=\"Con esta serie de videos cortos tutoriales de Quartix, puede ver c\u00f3mo funcionan el registro diario del conductor, el geofencing, el estilo de conducci\u00f3n y otras caracter\u00edsticas de Quartix.\" \/>\n<meta name=\"robots\" content=\"index, follow, max-snippet:-1, max-image-preview:large, max-video-preview:-1\" \/>\n<link rel=\"canonical\" href=\"https:\/\/www.quartix.com\/es-es\/mas-informacion\/videos-tutoriales\/\" \/>\n<meta property=\"og:locale\" content=\"es_ES\" \/>\n<meta property=\"og:type\" content=\"article\" \/>\n<meta property=\"og:title\" content=\"V\u00eddeos Tutoriales\" \/>\n<meta property=\"og:description\" content=\"Con esta serie de videos cortos tutoriales de Quartix, puede ver c\u00f3mo funcionan el registro diario del conductor, el geofencing, el estilo de conducci\u00f3n y otras caracter\u00edsticas de Quartix.\" \/>\n<meta property=\"og:url\" content=\"https:\/\/www.quartix.com\/es-es\/mas-informacion\/videos-tutoriales\/\" \/>\n<meta property=\"og:site_name\" content=\"Quartix\" \/>\n<meta property=\"article:publisher\" content=\"https:\/\/www.facebook.com\/Quartix-USA-374426386097401\/\" \/>\n<meta property=\"article:modified_time\" content=\"2022-10-14T10:37:00+00:00\" \/>\n<meta name=\"twitter:card\" content=\"summary_large_image\" \/>\n<meta name=\"twitter:site\" content=\"@QuartixUSA\" \/>\n<meta name=\"twitter:label1\" content=\"Est. reading time\" \/>\n\t<meta name=\"twitter:data1\" content=\"1 minute\" \/>\n<!-- \/ Yoast SEO Premium plugin. -->","yoast_head_json":{"title":"Video Tutoriales | Vea c\u00f3mo funcionan las caracter\u00edsticas de Quartix - ES","description":"Con esta serie de videos cortos tutoriales de Quartix, puede ver c\u00f3mo funcionan el registro diario del conductor, el geofencing, el estilo de conducci\u00f3n y otras caracter\u00edsticas de Quartix.","robots":{"index":"index","follow":"follow","max-snippet":"max-snippet:-1","max-image-preview":"max-image-preview:large","max-video-preview":"max-video-preview:-1"},"canonical":"https:\/\/www.quartix.com\/es-es\/mas-informacion\/videos-tutoriales\/","og_locale":"es_ES","og_type":"article","og_title":"V\u00eddeos Tutoriales","og_description":"Con esta serie de videos cortos tutoriales de Quartix, puede ver c\u00f3mo funcionan el registro diario del conductor, el geofencing, el estilo de conducci\u00f3n y otras caracter\u00edsticas de Quartix.","og_url":"https:\/\/www.quartix.com\/es-es\/mas-informacion\/videos-tutoriales\/","og_site_name":"Quartix","article_publisher":"https:\/\/www.facebook.com\/Quartix-USA-374426386097401\/","article_modified_time":"2022-10-14T10:37:00+00:00","twitter_card":"summary_large_image","twitter_site":"@QuartixUSA","twitter_misc":{"Est. reading time":"1 minute"},"schema":{"@context":"https:\/\/schema.org","@graph":[{"@type":"WebPage","@id":"https:\/\/www.quartix.com\/es-es\/mas-informacion\/videos-tutoriales\/","url":"https:\/\/www.quartix.com\/es-es\/mas-informacion\/videos-tutoriales\/","name":"Video Tutoriales | Vea c\u00f3mo funcionan las caracter\u00edsticas de Quartix","isPartOf":{"@id":"https:\/\/www.quartix.com\/es-es\/#website"},"datePublished":"2019-08-09T15:24:52+00:00","dateModified":"2022-10-14T10:37:00+00:00","description":"Con esta serie de videos cortos tutoriales de Quartix, puede ver c\u00f3mo funcionan el registro diario del conductor, el geofencing, el estilo de conducci\u00f3n y otras caracter\u00edsticas de Quartix.","breadcrumb":{"@id":"https:\/\/www.quartix.com\/es-es\/mas-informacion\/videos-tutoriales\/#breadcrumb"},"inLanguage":"es-ES","potentialAction":[{"@type":"ReadAction","target":["https:\/\/www.quartix.com\/es-es\/mas-informacion\/videos-tutoriales\/"]}]},{"@type":"BreadcrumbList","@id":"https:\/\/www.quartix.com\/es-es\/mas-informacion\/videos-tutoriales\/#breadcrumb","itemListElement":[{"@type":"ListItem","position":1,"name":"Inicio","item":"https:\/\/www.quartix.com\/es-es\/quartix-localizacion-de-vehiculos-en-tiempo-real\/"},{"@type":"ListItem","position":2,"name":"M\u00e1s informaci\u00f3n","item":"https:\/\/www.quartix.com\/es-es\/mas-informacion\/"},{"@type":"ListItem","position":3,"name":"V\u00eddeos Tutoriales"}]},{"@type":"WebSite","@id":"https:\/\/www.quartix.com\/es-es\/#website","url":"https:\/\/www.quartix.com\/es-es\/","name":"Quartix","description":"Real-time vehicle tracking","publisher":{"@id":"https:\/\/www.quartix.com\/es-es\/#organization"},"potentialAction":[{"@type":"SearchAction","target":{"@type":"EntryPoint","urlTemplate":"https:\/\/www.quartix.com\/es-es\/?s={search_term_string}"},"query-input":{"@type":"PropertyValueSpecification","valueRequired":true,"valueName":"search_term_string"}}],"inLanguage":"es-ES"},{"@type":"Organization","@id":"https:\/\/www.quartix.com\/es-es\/#organization","name":"Quartix","url":"https:\/\/www.quartix.com\/es-es\/","logo":{"@type":"ImageObject","inLanguage":"es-ES","@id":"https:\/\/www.quartix.com\/es-es\/#\/schema\/logo\/image\/","url":"https:\/\/www.quartix.com\/content\/uploads\/2019\/02\/quartix-logo-eur.svg","contentUrl":"https:\/\/www.quartix.com\/content\/uploads\/2019\/02\/quartix-logo-eur.svg","width":1,"height":1,"caption":"Quartix"},"image":{"@id":"https:\/\/www.quartix.com\/es-es\/#\/schema\/logo\/image\/"},"sameAs":["https:\/\/www.facebook.com\/Quartix-USA-374426386097401\/","https:\/\/x.com\/QuartixUSA","https:\/\/www.linkedin.com\/company\/5346733\/","https:\/\/www.youtube.com\/channel\/UCzS-_GMfHF4kWiCheyIRrAQ"]}]}},"_links":{"self":[{"href":"https:\/\/www.quartix.com\/es-es\/wp-json\/wp\/v2\/pages\/32807","targetHints":{"allow":["GET"]}}],"collection":[{"href":"https:\/\/www.quartix.com\/es-es\/wp-json\/wp\/v2\/pages"}],"about":[{"href":"https:\/\/www.quartix.com\/es-es\/wp-json\/wp\/v2\/types\/page"}],"author":[{"embeddable":true,"href":"https:\/\/www.quartix.com\/es-es\/wp-json\/wp\/v2\/users\/12"}],"replies":[{"embeddable":true,"href":"https:\/\/www.quartix.com\/es-es\/wp-json\/wp\/v2\/comments?post=32807"}],"version-history":[{"count":0,"href":"https:\/\/www.quartix.com\/es-es\/wp-json\/wp\/v2\/pages\/32807\/revisions"}],"up":[{"embeddable":true,"href":"https:\/\/www.quartix.com\/es-es\/wp-json\/wp\/v2\/pages\/10437"}],"wp:attachment":[{"href":"https:\/\/www.quartix.com\/es-es\/wp-json\/wp\/v2\/media?parent=32807"}],"wp:term":[{"taxonomy":"topic","embeddable":true,"href":"https:\/\/www.quartix.com\/es-es\/wp-json\/wp\/v2\/topic?post=32807"},{"taxonomy":"qtx_campaign","embeddable":true,"href":"https:\/\/www.quartix.com\/es-es\/wp-json\/wp\/v2\/qtx_campaign?post=32807"}],"curies":[{"name":"wp","href":"https:\/\/api.w.org\/{rel}","templated":true}]}}