{"id":33417,"date":"2019-08-23T12:58:37","date_gmt":"2019-08-23T12:58:37","guid":{"rendered":"https:\/\/www.quartix.com\/recomendar-cliente\/"},"modified":"2026-01-28T11:11:22","modified_gmt":"2026-01-28T10:11:22","slug":"recomendar-cliente","status":"publish","type":"page","link":"https:\/\/www.quartix.com\/es-es\/recomendar-cliente\/","title":{"rendered":"Recomendar Cliente"},"content":{"rendered":"\n<div class=\"wp-block-columns is-layout-flex wp-container-core-columns-is-layout-28f84493 wp-block-columns-is-layout-flex\">\n<div class=\"wp-block-column is-layout-flow wp-block-column-is-layout-flow\">\n<h2 class=\"wp-block-heading\" id=\"h-recomiende-quartix\">Recomiende Quartix<\/h2>\n\n\n\n<p>\u00bfTiene un amigo o contacto comercial que se beneficiar\u00eda del rastreo de veh\u00edculos de Quartix? H\u00e1ganoslo saber. Premiamos a todos los clientes que nos recomienden a otras empresas, \u00a1no se lo pierda!<\/p>\n\n\n\n<p>Recomendar a alguien es muy sencillo.<\/p>\n\n\n\n<ol class=\"wp-block-list\">\n<li>Rellene sus datos debajo (para que sepamos a qui\u00e9n recompensar)<\/li>\n\n\n\n<li>Proporcione los datos de su contacto (para que veamos si est\u00e1 interesado)<\/li>\n<\/ol>\n\n\n\n<p>Si su contacto decide inscribirse en un contrato de 12 meses o m\u00e1s, recibir\u00e1 un cr\u00e9dito de 30\u20ac que podr\u00e1 ser usado en sus facturas de Quartix por cada veh\u00edculo en su primer pedido.<\/p>\n\n\n\n<p>No hay l\u00edmite en el n\u00famero de contactos que puede recomendar.<\/p>\n\n\n\n<p>Empiece a ganar recompensas hoy: \u00a1d\u00edganos qui\u00e9n cree que podr\u00eda beneficiarse del rastreo de veh\u00edculos!<\/p>\n\n\n\n<p>* T\u00e9rminos y Condiciones aplicados<\/p>\n<\/div>\n\n\n\n<div class=\"wp-block-column is-layout-flow wp-block-column-is-layout-flow\">\n<figure class=\"wp-block-image aligncenter size-full\"><img loading=\"lazy\" decoding=\"async\" width=\"600\" height=\"700\" src=\"https:\/\/www.quartix.com\/content\/uploads\/2025\/08\/ES-30-Euro-referal.png\" alt=\"Dos personas d\u00e1ndose la mano frente a furgonetas blancas, con mensaje promocional de Quartzix: \u00a1Recomendar Cliente y obt\u00e9n descuentos exclusivos en servicios de localizaci\u00f3n de veh\u00edculos!.\" class=\"wp-image-124595\" srcset=\"https:\/\/www.quartix.com\/content\/uploads\/2025\/08\/ES-30-Euro-referal.png 600w, https:\/\/www.quartix.com\/content\/uploads\/2025\/08\/ES-30-Euro-referal-257x300.png 257w\" sizes=\"auto, (max-width: 600px) 100vw, 600px\" \/><\/figure>\n\n\n\r\n<section  class=\"qtx-pagebuilder-section qtx-pagebuilder-section-list \">\r\n<ul class='ticks fa-ul' style='0'><li><span class='fa-li'><i class='fas fa-check-circle'><\/i><\/span>Envi\u00e9nos los datos de la persona<\/li><li><span class='fa-li'><i class='fas fa-check-circle'><\/i><\/span>Contratan con nosotros<\/li><li><span class='fa-li'><i class='fas fa-check-circle'><\/i><\/span>Obtiene 30\u20ac por cada unidad en su primer pedido<\/li><\/ul><\/section><\/div>\n<\/div>\n\n\n\n<div class=\"wp-block-columns is-layout-flex wp-container-core-columns-is-layout-28f84493 wp-block-columns-is-layout-flex\">\n<div class=\"wp-block-column is-layout-flow wp-block-column-is-layout-flow\">\n<figure class=\"wp-block-image aligncenter size-large\"><img loading=\"lazy\" decoding=\"async\" width=\"1000\" height=\"1000\" src=\"https:\/\/www.quartix.com\/content\/uploads\/2024\/09\/Woman-fleet-manager-1000x1000.png\" alt=\"\" class=\"wp-image-109145\" srcset=\"https:\/\/www.quartix.com\/content\/uploads\/2024\/09\/Woman-fleet-manager-1000x1000.png 1000w, https:\/\/www.quartix.com\/content\/uploads\/2024\/09\/Woman-fleet-manager-300x300.png 300w, https:\/\/www.quartix.com\/content\/uploads\/2024\/09\/Woman-fleet-manager-150x150.png 150w, https:\/\/www.quartix.com\/content\/uploads\/2024\/09\/Woman-fleet-manager-768x768.png 768w, https:\/\/www.quartix.com\/content\/uploads\/2024\/09\/Woman-fleet-manager.png 1080w\" sizes=\"auto, (max-width: 1000px) 100vw, 1000px\" \/><\/figure>\n\n\n\n<p>Esta oferta solo aplica a clientes con los que a\u00fan no estemos en di\u00e1logo. Un contacto solo se puede derivar una vez, y la oferta se aplica a un m\u00e1ximo de 200 unidades por recomendaci\u00f3n. La oferta afecta solo al primer pedido realizado por contacto referido a Quartix y no a los consecuentes pedidos de dicho contacto. No se ofrece alternativa en efectivo y el cr\u00e9dito solo puede aplicarse a sus facturas de Quartix.<\/p>\n<\/div>\n\n\n\n<div class=\"wp-block-column is-layout-flow wp-block-column-is-layout-flow\">\n<h2 class=\"wp-block-heading\" id=\"h-recomendar-a-un-amigo\">Recomendar a un amigo<\/h2>\n\n\n\n<p>Complete sus datos y la persona a la que desea recomendar (incluidos sus datos de contacto) en los campos a continuaci\u00f3n.<\/p>\n\n\n\n<div class=\"wpcf7 no-js\" id=\"wpcf7-f73779-o1\" lang=\"es-ES\" dir=\"ltr\" data-wpcf7-id=\"73779\">\n<div class=\"screen-reader-response\"><p role=\"status\" aria-live=\"polite\" aria-atomic=\"true\"><\/p> <ul><\/ul><\/div>\n<form action=\"\/es-es\/wp-json\/wp\/v2\/pages\/33417#wpcf7-f73779-o1\" method=\"post\" class=\"wpcf7-form init\" aria-label=\"Contact form\" novalidate=\"novalidate\" data-status=\"init\">\n<fieldset class=\"hidden-fields-container\"><input type=\"hidden\" name=\"_wpcf7\" value=\"73779\" \/><input type=\"hidden\" name=\"_wpcf7_version\" value=\"6.1.5\" \/><input type=\"hidden\" name=\"_wpcf7_locale\" value=\"es_ES\" \/><input type=\"hidden\" name=\"_wpcf7_unit_tag\" value=\"wpcf7-f73779-o1\" \/><input type=\"hidden\" name=\"_wpcf7_container_post\" value=\"0\" \/><input type=\"hidden\" name=\"_wpcf7_posted_data_hash\" value=\"\" \/><input type=\"hidden\" name=\"_wpcf7cf_hidden_group_fields\" value=\"[]\" \/><input type=\"hidden\" name=\"_wpcf7cf_hidden_groups\" value=\"[]\" \/><input type=\"hidden\" name=\"_wpcf7cf_visible_groups\" value=\"[]\" \/><input type=\"hidden\" name=\"_wpcf7cf_repeaters\" value=\"[]\" \/><input type=\"hidden\" name=\"_wpcf7cf_steps\" value=\"{}\" \/><input type=\"hidden\" name=\"_wpcf7cf_options\" value=\"{&quot;form_id&quot;:73779,&quot;conditions&quot;:[],&quot;settings&quot;:{&quot;animation&quot;:&quot;yes&quot;,&quot;animation_intime&quot;:200,&quot;animation_outtime&quot;:200,&quot;conditions_ui&quot;:&quot;normal&quot;,&quot;notice_dismissed&quot;:false,&quot;notice_dismissed_update-cf7-6.0&quot;:true,&quot;notice_dismissed_update-cf7-6.0.1&quot;:true,&quot;notice_dismissed_update-cf7-6.0.2&quot;:true,&quot;notice_dismissed_rollback-cf7-6.0.5&quot;:true}}\" \/><input type=\"hidden\" name=\"_wpcf7_recaptcha_response\" value=\"\" \/>\n<\/fieldset>\n<div class=\"input-wrapper\"><span class=\"icon icon-face\"><\/span><span class=\"wpcf7-form-control-wrap\" data-name=\"first_name\"><input size=\"40\" maxlength=\"400\" class=\"wpcf7-form-control wpcf7-text wpcf7-validates-as-required\" aria-required=\"true\" aria-invalid=\"false\" placeholder=\"Nombre *\" value=\"\" type=\"text\" name=\"first_name\" \/><\/span><span class=\"wpcf7-form-control-wrap\" data-name=\"last_name\"><input size=\"40\" maxlength=\"400\" class=\"wpcf7-form-control wpcf7-text wpcf7-validates-as-required\" aria-required=\"true\" aria-invalid=\"false\" placeholder=\"Apellido *\" value=\"\" type=\"text\" name=\"last_name\" \/><\/span><\/div>\n<div class=\"input-wrapper\"><span class=\"icon icon-envelope\"><\/span><span class=\"wpcf7-form-control-wrap\" data-name=\"email\"><input size=\"40\" maxlength=\"400\" class=\"wpcf7-form-control wpcf7-email wpcf7-validates-as-required wpcf7-text wpcf7-validates-as-email\" aria-required=\"true\" aria-invalid=\"false\" placeholder=\"Correo electr\u00f3nico *\" value=\"\" type=\"email\" name=\"email\" \/><\/span><\/div>\n<div class=\"input-wrapper\"><span class=\"icon \"><\/span><span class=\"wpcf7-form-control-wrap\" data-name=\"company\"><input size=\"40\" maxlength=\"400\" class=\"wpcf7-form-control wpcf7-text wpcf7-validates-as-required\" aria-required=\"true\" aria-invalid=\"false\" placeholder=\"Empresa *\" value=\"\" type=\"text\" name=\"company\" \/><\/span><\/div>\n<div class=\"input-wrapper\"><span class=\"icon icon-telephone\"><\/span><span class=\"wpcf7-form-control-wrap\" data-name=\"phone\"><input size=\"40\" maxlength=\"400\" class=\"wpcf7-form-control wpcf7-tel wpcf7-validates-as-required wpcf7-text wpcf7-validates-as-tel\" aria-required=\"true\" aria-invalid=\"false\" placeholder=\"Tel\u00e9fono *\" value=\"\" type=\"tel\" name=\"phone\" \/><\/span><\/div>\n<div class=\"input-wrapper\"><span class=\"wpcf7-form-control-wrap\" data-name=\"ref_first_name\"><input size=\"40\" maxlength=\"400\" class=\"wpcf7-form-control wpcf7-text wpcf7-validates-as-required\" aria-required=\"true\" aria-invalid=\"false\" placeholder=\"Nombre del Recomendado *\" value=\"\" type=\"text\" name=\"ref_first_name\" \/><\/span><\/div>\n<div class=\"input-wrapper\"><span class=\"wpcf7-form-control-wrap\" data-name=\"ref_last_name\"><input size=\"40\" maxlength=\"400\" class=\"wpcf7-form-control wpcf7-text wpcf7-validates-as-required\" aria-required=\"true\" aria-invalid=\"false\" placeholder=\"Apellidos del Recomendado *\" value=\"\" type=\"text\" name=\"ref_last_name\" \/><\/span><\/div>\n<div class=\"input-wrapper\"><span class=\"wpcf7-form-control-wrap\" data-name=\"ref_email\"><input size=\"40\" maxlength=\"400\" class=\"wpcf7-form-control wpcf7-email wpcf7-validates-as-required wpcf7-text wpcf7-validates-as-email\" aria-required=\"true\" aria-invalid=\"false\" placeholder=\"Correo electr\u00f3nico del Recomendado *\" value=\"\" type=\"email\" name=\"ref_email\" \/><\/span><\/div>\n<div class=\"input-wrapper\"><span class=\"wpcf7-form-control-wrap\" data-name=\"ref_company\"><input size=\"40\" maxlength=\"400\" class=\"wpcf7-form-control wpcf7-text wpcf7-validates-as-required\" aria-required=\"true\" aria-invalid=\"false\" placeholder=\"Empresa del Recomendado *\" value=\"\" type=\"text\" name=\"ref_company\" \/><\/span><\/div>\n<div class=\"input-wrapper\"><span class=\"wpcf7-form-control-wrap\" data-name=\"ref_phone\"><input size=\"40\" maxlength=\"400\" class=\"wpcf7-form-control wpcf7-tel wpcf7-validates-as-required wpcf7-text wpcf7-validates-as-tel\" aria-required=\"true\" aria-invalid=\"false\" placeholder=\"Tel\u00e9fono del Recomendado *\" value=\"\" type=\"tel\" name=\"ref_phone\" \/><\/span><\/div>\n<input type=\"hidden\" name=\"thankyouURL\" value=\"\/es-es\/recomendar-cliente-exito\/\" class=\"wpcf7-form-control wpcf7-hidden\" id=\"thankyouURL\">\n<input type=\"hidden\" name=\"pardot_extra_field\" value=\"\" class=\"wpcf7-form-control wpcf7-hidden\">\n<input type=\"hidden\" name=\"page_title\" value=\"No post title\" class=\"wpcf7-form-control wpcf7-hidden\">\n<div class=\"recatpcha-text\">Este sitio est\u00e1 protegido por reCAPTCHA y se aplican la <a href=\"https:\/\/policies.google.com\/privacy?hl=es\">Pol\u00edtica de privacidad<\/a> y los <a href=\"https:\/\/policies.google.com\/terms?hl=es\">T\u00e9rminos de servicio<\/a> de Google.<\/div>\n<div class=\"input-wrapper\"><input class=\"wpcf7-form-control wpcf7-submit has-spinner icon-plane\" type=\"submit\" value=\"Recomendar a un amigo\" \/><\/div><div class=\"wpcf7-response-output\" aria-hidden=\"true\"><\/div>\n<\/form>\n<\/div>\n\n<\/div>\n<\/div>\n","protected":false},"excerpt":{"rendered":"<p>Recomiende Quartix \u00bfTiene un amigo o contacto comercial que se beneficiar\u00eda del rastreo de veh\u00edculos de Quartix? H\u00e1ganoslo saber. Premiamos a todos los clientes que nos recomienden a otras empresas, \u00a1no se lo pierda! Recomendar a alguien es muy sencillo. Si su contacto decide inscribirse en un contrato de 12 meses o m\u00e1s, recibir\u00e1 un [&hellip;]<\/p>\n","protected":false},"author":6,"featured_media":0,"parent":0,"menu_order":900,"comment_status":"closed","ping_status":"closed","template":"","meta":{"_acf_changed":false,"inline_featured_image":false,"footnotes":""},"topic":[],"qtx_campaign":[],"class_list":["post-33417","page","type-page","status-publish","hentry"],"acf":[],"yoast_head":"<!-- This site is optimized with the Yoast SEO Premium plugin v27.3 (Yoast SEO v27.3) - https:\/\/yoast.com\/product\/yoast-seo-premium-wordpress\/ -->\n<title>30\u20ac por cada veh\u00edculo registrado que haya recomendado a Quartix - ES<\/title>\n<meta name=\"description\" content=\"30\u20ac por cada veh\u00edculo registrado que haya recomendado a Quartix. No hay l\u00edmite en el n\u00famero de contactos que puede recomendar.\" \/>\n<meta name=\"robots\" content=\"index, follow, max-snippet:-1, max-image-preview:large, max-video-preview:-1\" \/>\n<link rel=\"canonical\" href=\"https:\/\/www.quartix.com\/es-es\/recomendar-cliente\/\" \/>\n<meta property=\"og:locale\" content=\"es_ES\" \/>\n<meta property=\"og:type\" content=\"article\" \/>\n<meta property=\"og:title\" content=\"Recomendar Cliente\" \/>\n<meta property=\"og:description\" content=\"30\u20ac por cada veh\u00edculo registrado que haya recomendado a Quartix. No hay l\u00edmite en el n\u00famero de contactos que puede recomendar.\" \/>\n<meta property=\"og:url\" content=\"https:\/\/www.quartix.com\/es-es\/recomendar-cliente\/\" \/>\n<meta property=\"og:site_name\" content=\"Quartix\" \/>\n<meta property=\"article:publisher\" content=\"https:\/\/www.facebook.com\/Quartix-USA-374426386097401\/\" \/>\n<meta property=\"article:modified_time\" content=\"2026-01-28T10:11:22+00:00\" \/>\n<meta property=\"og:image\" content=\"https:\/\/www.quartix.com\/content\/uploads\/2025\/08\/ES-30-Euro-referal.png\" \/>\n\t<meta property=\"og:image:width\" content=\"600\" \/>\n\t<meta property=\"og:image:height\" content=\"700\" \/>\n\t<meta property=\"og:image:type\" content=\"image\/png\" \/>\n<meta name=\"twitter:card\" content=\"summary_large_image\" \/>\n<meta name=\"twitter:site\" content=\"@QuartixUSA\" \/>\n<meta name=\"twitter:label1\" content=\"Est. reading time\" \/>\n\t<meta name=\"twitter:data1\" content=\"2 minutes\" \/>\n<!-- \/ Yoast SEO Premium plugin. -->","yoast_head_json":{"title":"30\u20ac por cada veh\u00edculo registrado que haya recomendado a Quartix - ES","description":"30\u20ac por cada veh\u00edculo registrado que haya recomendado a Quartix. No hay l\u00edmite en el n\u00famero de contactos que puede recomendar.","robots":{"index":"index","follow":"follow","max-snippet":"max-snippet:-1","max-image-preview":"max-image-preview:large","max-video-preview":"max-video-preview:-1"},"canonical":"https:\/\/www.quartix.com\/es-es\/recomendar-cliente\/","og_locale":"es_ES","og_type":"article","og_title":"Recomendar Cliente","og_description":"30\u20ac por cada veh\u00edculo registrado que haya recomendado a Quartix. No hay l\u00edmite en el n\u00famero de contactos que puede recomendar.","og_url":"https:\/\/www.quartix.com\/es-es\/recomendar-cliente\/","og_site_name":"Quartix","article_publisher":"https:\/\/www.facebook.com\/Quartix-USA-374426386097401\/","article_modified_time":"2026-01-28T10:11:22+00:00","og_image":[{"width":600,"height":700,"url":"https:\/\/www.quartix.com\/content\/uploads\/2025\/08\/ES-30-Euro-referal.png","type":"image\/png"}],"twitter_card":"summary_large_image","twitter_site":"@QuartixUSA","twitter_misc":{"Est. reading time":"2 minutes"},"schema":{"@context":"https:\/\/schema.org","@graph":[{"@type":"WebPage","@id":"https:\/\/www.quartix.com\/es-es\/recomendar-cliente\/","url":"https:\/\/www.quartix.com\/es-es\/recomendar-cliente\/","name":"30\u20ac por cada veh\u00edculo registrado que haya recomendado a Quartix","isPartOf":{"@id":"https:\/\/www.quartix.com\/es-es\/#website"},"primaryImageOfPage":{"@id":"https:\/\/www.quartix.com\/es-es\/recomendar-cliente\/#primaryimage"},"image":{"@id":"https:\/\/www.quartix.com\/es-es\/recomendar-cliente\/#primaryimage"},"thumbnailUrl":"https:\/\/www.quartix.com\/content\/uploads\/2025\/08\/ES-30-Euro-referal.png","datePublished":"2019-08-23T12:58:37+00:00","dateModified":"2026-01-28T10:11:22+00:00","description":"30\u20ac por cada veh\u00edculo registrado que haya recomendado a Quartix. No hay l\u00edmite en el n\u00famero de contactos que puede recomendar.","breadcrumb":{"@id":"https:\/\/www.quartix.com\/es-es\/recomendar-cliente\/#breadcrumb"},"inLanguage":"es-ES","potentialAction":[{"@type":"ReadAction","target":["https:\/\/www.quartix.com\/es-es\/recomendar-cliente\/"]}]},{"@type":"ImageObject","inLanguage":"es-ES","@id":"https:\/\/www.quartix.com\/es-es\/recomendar-cliente\/#primaryimage","url":"https:\/\/www.quartix.com\/content\/uploads\/2025\/08\/ES-30-Euro-referal.png","contentUrl":"https:\/\/www.quartix.com\/content\/uploads\/2025\/08\/ES-30-Euro-referal.png"},{"@type":"BreadcrumbList","@id":"https:\/\/www.quartix.com\/es-es\/recomendar-cliente\/#breadcrumb","itemListElement":[{"@type":"ListItem","position":1,"name":"Inicio","item":"https:\/\/www.quartix.com\/es-es\/quartix-localizacion-de-vehiculos-en-tiempo-real\/"},{"@type":"ListItem","position":2,"name":"Recomendar Cliente"}]},{"@type":"WebSite","@id":"https:\/\/www.quartix.com\/es-es\/#website","url":"https:\/\/www.quartix.com\/es-es\/","name":"Quartix","description":"Real-time vehicle tracking","publisher":{"@id":"https:\/\/www.quartix.com\/es-es\/#organization"},"potentialAction":[{"@type":"SearchAction","target":{"@type":"EntryPoint","urlTemplate":"https:\/\/www.quartix.com\/es-es\/?s={search_term_string}"},"query-input":{"@type":"PropertyValueSpecification","valueRequired":true,"valueName":"search_term_string"}}],"inLanguage":"es-ES"},{"@type":"Organization","@id":"https:\/\/www.quartix.com\/es-es\/#organization","name":"Quartix","url":"https:\/\/www.quartix.com\/es-es\/","logo":{"@type":"ImageObject","inLanguage":"es-ES","@id":"https:\/\/www.quartix.com\/es-es\/#\/schema\/logo\/image\/","url":"https:\/\/www.quartix.com\/content\/uploads\/2019\/02\/quartix-logo-eur.svg","contentUrl":"https:\/\/www.quartix.com\/content\/uploads\/2019\/02\/quartix-logo-eur.svg","width":1,"height":1,"caption":"Quartix"},"image":{"@id":"https:\/\/www.quartix.com\/es-es\/#\/schema\/logo\/image\/"},"sameAs":["https:\/\/www.facebook.com\/Quartix-USA-374426386097401\/","https:\/\/x.com\/QuartixUSA","https:\/\/www.linkedin.com\/company\/5346733\/","https:\/\/www.youtube.com\/channel\/UCzS-_GMfHF4kWiCheyIRrAQ"]}]}},"_links":{"self":[{"href":"https:\/\/www.quartix.com\/es-es\/wp-json\/wp\/v2\/pages\/33417","targetHints":{"allow":["GET"]}}],"collection":[{"href":"https:\/\/www.quartix.com\/es-es\/wp-json\/wp\/v2\/pages"}],"about":[{"href":"https:\/\/www.quartix.com\/es-es\/wp-json\/wp\/v2\/types\/page"}],"author":[{"embeddable":true,"href":"https:\/\/www.quartix.com\/es-es\/wp-json\/wp\/v2\/users\/6"}],"replies":[{"embeddable":true,"href":"https:\/\/www.quartix.com\/es-es\/wp-json\/wp\/v2\/comments?post=33417"}],"version-history":[{"count":12,"href":"https:\/\/www.quartix.com\/es-es\/wp-json\/wp\/v2\/pages\/33417\/revisions"}],"predecessor-version":[{"id":128199,"href":"https:\/\/www.quartix.com\/es-es\/wp-json\/wp\/v2\/pages\/33417\/revisions\/128199"}],"wp:attachment":[{"href":"https:\/\/www.quartix.com\/es-es\/wp-json\/wp\/v2\/media?parent=33417"}],"wp:term":[{"taxonomy":"topic","embeddable":true,"href":"https:\/\/www.quartix.com\/es-es\/wp-json\/wp\/v2\/topic?post=33417"},{"taxonomy":"qtx_campaign","embeddable":true,"href":"https:\/\/www.quartix.com\/es-es\/wp-json\/wp\/v2\/qtx_campaign?post=33417"}],"curies":[{"name":"wp","href":"https:\/\/api.w.org\/{rel}","templated":true}]}}