{"id":33419,"date":"2019-08-23T13:01:33","date_gmt":"2019-08-23T13:01:33","guid":{"rendered":" https:\/\/www.quartix.com\/recomendar-cliente-exito\/"},"modified":"2023-08-29T15:48:55","modified_gmt":"2023-08-29T14:48:55","slug":"recomendar-cliente-exito","status":"publish","type":"page","link":"https:\/\/www.quartix.com\/es-es\/recomendar-cliente-exito\/","title":{"rendered":"Recomendar Cliente Exito"},"content":{"rendered":"\n<h2 class=\"wp-block-heading has-text-align-center\">\u00a1Su contacto recomendado ha sido recibido!<\/h2>\n\n\n\n<p class=\"has-text-align-center\">Nos pondremos en contacto para confirmar la tarifa de referencia una vez que su contacto comercial se haya contractado.<\/p>\n\n\n\n<p class=\"has-text-align-center\">Mientras tanto, no dude en recomendar a cualquiera de sus contactos ya que no hay l\u00edmite en el n\u00famero de referencias que puede realizar.<\/p>\n\n\n\n<p class=\"has-text-align-center\">Y recuerde&#8230; \u00a1Son 30\u20ac por cada veh\u00edculo que se suscriba al seguimiento de veh\u00edculos de Quartix!<\/p>\n\n\n\n<p class=\"has-text-align-center\">Volver al <a href=\"\/es-es\/recomendar-cliente\/\">formulario de referencia<\/a>.<\/p>\n\n\n\n<p class=\"has-text-align-center\">Si desea saber el estado de su recomendaci\u00f3n, comun\u00edquese con su agente o env\u00ede un email a <a href=\"mailto:info@quartix.es\">info@quartix.es<\/a><\/p>\n","protected":false},"excerpt":{"rendered":"<p>\u00a1Su contacto recomendado ha sido recibido! Nos pondremos en contacto para confirmar la tarifa de referencia una vez que su contacto comercial se haya contractado. Mientras tanto, no dude en recomendar a cualquiera de sus contactos ya que no hay l\u00edmite en el n\u00famero de referencias que puede realizar. Y recuerde&#8230; \u00a1Son 30\u20ac por cada [&hellip;]<\/p>\n","protected":false},"author":2,"featured_media":0,"parent":0,"menu_order":905,"comment_status":"closed","ping_status":"closed","template":"","meta":{"_acf_changed":false,"inline_featured_image":false,"footnotes":""},"topic":[],"qtx_campaign":[],"class_list":["post-33419","page","type-page","status-publish","hentry"],"acf":[],"yoast_head":"<!-- This site is optimized with the Yoast SEO Premium plugin v27.3 (Yoast SEO v27.3) - https:\/\/yoast.com\/product\/yoast-seo-premium-wordpress\/ -->\n<title>Recomendar Cliente Exito - ES<\/title>\n<meta name=\"robots\" content=\"noindex, nofollow\" \/>\n<meta property=\"og:locale\" content=\"es_ES\" \/>\n<meta property=\"og:type\" content=\"article\" \/>\n<meta property=\"og:title\" content=\"Recomendar Cliente Exito\" \/>\n<meta property=\"og:description\" content=\"\u00a1Su contacto recomendado ha sido recibido! Nos pondremos en contacto para confirmar la tarifa de referencia una vez que su contacto comercial se haya contractado. Mientras tanto, no dude en recomendar a cualquiera de sus contactos ya que no hay l\u00edmite en el n\u00famero de referencias que puede realizar. Y recuerde&#8230; \u00a1Son 30\u20ac por cada [&hellip;]\" \/>\n<meta property=\"og:url\" content=\"https:\/\/www.quartix.com\/es-es\/recomendar-cliente-exito\/\" \/>\n<meta property=\"og:site_name\" content=\"Quartix\" \/>\n<meta property=\"article:publisher\" content=\"https:\/\/www.facebook.com\/Quartix-USA-374426386097401\/\" \/>\n<meta property=\"article:modified_time\" content=\"2023-08-29T14:48:55+00:00\" \/>\n<meta name=\"twitter:card\" content=\"summary_large_image\" \/>\n<meta name=\"twitter:site\" content=\"@QuartixUSA\" \/>\n<meta name=\"twitter:label1\" content=\"Est. reading time\" \/>\n\t<meta name=\"twitter:data1\" content=\"1 minute\" \/>\n<!-- \/ Yoast SEO Premium plugin. -->","yoast_head_json":{"title":"Recomendar Cliente Exito - ES","robots":{"index":"noindex","follow":"nofollow"},"og_locale":"es_ES","og_type":"article","og_title":"Recomendar Cliente Exito","og_description":"\u00a1Su contacto recomendado ha sido recibido! Nos pondremos en contacto para confirmar la tarifa de referencia una vez que su contacto comercial se haya contractado. Mientras tanto, no dude en recomendar a cualquiera de sus contactos ya que no hay l\u00edmite en el n\u00famero de referencias que puede realizar. Y recuerde&#8230; \u00a1Son 30\u20ac por cada [&hellip;]","og_url":"https:\/\/www.quartix.com\/es-es\/recomendar-cliente-exito\/","og_site_name":"Quartix","article_publisher":"https:\/\/www.facebook.com\/Quartix-USA-374426386097401\/","article_modified_time":"2023-08-29T14:48:55+00:00","twitter_card":"summary_large_image","twitter_site":"@QuartixUSA","twitter_misc":{"Est. reading time":"1 minute"},"schema":{"@context":"https:\/\/schema.org","@graph":[{"@type":"WebPage","@id":"https:\/\/www.quartix.com\/es-es\/recomendar-cliente-exito\/","url":"https:\/\/www.quartix.com\/es-es\/recomendar-cliente-exito\/","name":"Recomendar Cliente Exito","isPartOf":{"@id":"https:\/\/www.quartix.com\/es-es\/#website"},"datePublished":"2019-08-23T13:01:33+00:00","dateModified":"2023-08-29T14:48:55+00:00","breadcrumb":{"@id":"https:\/\/www.quartix.com\/es-es\/recomendar-cliente-exito\/#breadcrumb"},"inLanguage":"es-ES","potentialAction":[{"@type":"ReadAction","target":["https:\/\/www.quartix.com\/es-es\/recomendar-cliente-exito\/"]}]},{"@type":"BreadcrumbList","@id":"https:\/\/www.quartix.com\/es-es\/recomendar-cliente-exito\/#breadcrumb","itemListElement":[{"@type":"ListItem","position":1,"name":"Inicio","item":"https:\/\/www.quartix.com\/es-es\/quartix-localizacion-de-vehiculos-en-tiempo-real\/"},{"@type":"ListItem","position":2,"name":"Recomendar Cliente Exito"}]},{"@type":"WebSite","@id":"https:\/\/www.quartix.com\/es-es\/#website","url":"https:\/\/www.quartix.com\/es-es\/","name":"Quartix","description":"Real-time vehicle tracking","publisher":{"@id":"https:\/\/www.quartix.com\/es-es\/#organization"},"potentialAction":[{"@type":"SearchAction","target":{"@type":"EntryPoint","urlTemplate":"https:\/\/www.quartix.com\/es-es\/?s={search_term_string}"},"query-input":{"@type":"PropertyValueSpecification","valueRequired":true,"valueName":"search_term_string"}}],"inLanguage":"es-ES"},{"@type":"Organization","@id":"https:\/\/www.quartix.com\/es-es\/#organization","name":"Quartix","url":"https:\/\/www.quartix.com\/es-es\/","logo":{"@type":"ImageObject","inLanguage":"es-ES","@id":"https:\/\/www.quartix.com\/es-es\/#\/schema\/logo\/image\/","url":"https:\/\/www.quartix.com\/content\/uploads\/2019\/02\/quartix-logo-eur.svg","contentUrl":"https:\/\/www.quartix.com\/content\/uploads\/2019\/02\/quartix-logo-eur.svg","width":1,"height":1,"caption":"Quartix"},"image":{"@id":"https:\/\/www.quartix.com\/es-es\/#\/schema\/logo\/image\/"},"sameAs":["https:\/\/www.facebook.com\/Quartix-USA-374426386097401\/","https:\/\/x.com\/QuartixUSA","https:\/\/www.linkedin.com\/company\/5346733\/","https:\/\/www.youtube.com\/channel\/UCzS-_GMfHF4kWiCheyIRrAQ"]}]}},"_links":{"self":[{"href":"https:\/\/www.quartix.com\/es-es\/wp-json\/wp\/v2\/pages\/33419","targetHints":{"allow":["GET"]}}],"collection":[{"href":"https:\/\/www.quartix.com\/es-es\/wp-json\/wp\/v2\/pages"}],"about":[{"href":"https:\/\/www.quartix.com\/es-es\/wp-json\/wp\/v2\/types\/page"}],"author":[{"embeddable":true,"href":"https:\/\/www.quartix.com\/es-es\/wp-json\/wp\/v2\/users\/2"}],"replies":[{"embeddable":true,"href":"https:\/\/www.quartix.com\/es-es\/wp-json\/wp\/v2\/comments?post=33419"}],"version-history":[{"count":0,"href":"https:\/\/www.quartix.com\/es-es\/wp-json\/wp\/v2\/pages\/33419\/revisions"}],"wp:attachment":[{"href":"https:\/\/www.quartix.com\/es-es\/wp-json\/wp\/v2\/media?parent=33419"}],"wp:term":[{"taxonomy":"topic","embeddable":true,"href":"https:\/\/www.quartix.com\/es-es\/wp-json\/wp\/v2\/topic?post=33419"},{"taxonomy":"qtx_campaign","embeddable":true,"href":"https:\/\/www.quartix.com\/es-es\/wp-json\/wp\/v2\/qtx_campaign?post=33419"}],"curies":[{"name":"wp","href":"https:\/\/api.w.org\/{rel}","templated":true}]}}