{"id":47286,"date":"2020-12-01T10:09:41","date_gmt":"2020-12-01T09:09:41","guid":{"rendered":" https:\/\/www.quartix.com\/?page_id=47286"},"modified":"2022-04-12T14:27:25","modified_gmt":"2022-04-12T13:27:25","slug":"oferta-de-rastreo-de-vehiculos-fb","status":"publish","type":"page","link":"https:\/\/www.quartix.com\/es-es\/oferta-de-rastreo-de-vehiculos-fb\/","title":{"rendered":"Rastreo de veh\u00edculos por 7,99\u20ac"},"content":{"rendered":"\n<div class=\"wp-block-columns is-layout-flex wp-container-core-columns-is-layout-28f84493 wp-block-columns-is-layout-flex\">\n<div class=\"wp-block-column is-layout-flow wp-block-column-is-layout-flow\">\n<h2 class=\"wp-block-heading\">\u00bfQu\u00e9 obtiene con Quartix?<\/h2>\n\n\n\r\n<section  class=\"qtx-pagebuilder-section qtx-pagebuilder-section-list \">\r\n<ul class='ticks fa-ul' style=''><li><span class='fa-li'><i class='fas fa-check-circle'><\/i><\/span>Contrato de 12 meses<\/li><li><span class='fa-li'><i class='fas fa-check-circle'><\/i><\/span>Sin autorenovaci\u00f3n<\/li><li><span class='fa-li'><i class='fas fa-check-circle'><\/i><\/span>Dispositivos autoinstalables<\/li><li><span class='fa-li'><i class='fas fa-check-circle'><\/i><\/span>Aplicaci\u00f3n m\u00f3vil gratuita<\/li><li><span class='fa-li'><i class='fas fa-check-circle'><\/i><\/span>Atenci\u00f3n al cliente de primera clase<\/li><\/ul><\/section>\n\n\n<div class=\"wp-block-image\"><figure class=\"aligncenter\"><img decoding=\"async\" src=\" https:\/\/www.quartix.com\/content\/uploads\/2020\/12\/quartix_ES_screens_apps_image_MAR20.png\" alt=\"\"\/><\/figure><\/div>\n\n\n\n<p><strong>T\u00e9rminos y condiciones:<\/strong><\/p>\n\n\n\n<ul class=\"wp-block-list\"><li>Sujeta a los <a href=\"\/es-es\/terminos-y-condiciones\/\">T\u00e9rminos y condiciones<\/a> habituales de Quartix<\/li><li>Oferta no acumulable<\/li><\/ul>\n<\/div>\n\n\n\n<div class=\"wp-block-column is-layout-flow wp-block-column-is-layout-flow\">\n<h2 class=\"wp-block-heading\" id=\"Asegure-hoy-esta-oferta-especial\">Asegure hoy esta oferta especial<\/h2>\n\n\n\n<div class=\"wpcf7 no-js\" id=\"wpcf7-f73736-o1\" lang=\"es-ES\" dir=\"ltr\" data-wpcf7-id=\"73736\">\n<div class=\"screen-reader-response\"><p role=\"status\" aria-live=\"polite\" aria-atomic=\"true\"><\/p> <ul><\/ul><\/div>\n<form action=\"\/es-es\/wp-json\/wp\/v2\/pages\/47286#wpcf7-f73736-o1\" method=\"post\" class=\"wpcf7-form init\" aria-label=\"Contact form\" novalidate=\"novalidate\" data-status=\"init\">\n<fieldset class=\"hidden-fields-container\"><input type=\"hidden\" name=\"_wpcf7\" value=\"73736\" \/><input type=\"hidden\" name=\"_wpcf7_version\" value=\"6.1.5\" \/><input type=\"hidden\" name=\"_wpcf7_locale\" value=\"es_ES\" \/><input type=\"hidden\" name=\"_wpcf7_unit_tag\" value=\"wpcf7-f73736-o1\" \/><input type=\"hidden\" name=\"_wpcf7_container_post\" value=\"0\" \/><input type=\"hidden\" name=\"_wpcf7_posted_data_hash\" value=\"\" \/><input type=\"hidden\" name=\"_wpcf7cf_hidden_group_fields\" value=\"[]\" \/><input type=\"hidden\" name=\"_wpcf7cf_hidden_groups\" value=\"[]\" \/><input type=\"hidden\" name=\"_wpcf7cf_visible_groups\" value=\"[]\" \/><input type=\"hidden\" name=\"_wpcf7cf_repeaters\" value=\"[]\" \/><input type=\"hidden\" name=\"_wpcf7cf_steps\" value=\"{}\" \/><input type=\"hidden\" name=\"_wpcf7cf_options\" value=\"{&quot;form_id&quot;:73736,&quot;conditions&quot;:[],&quot;settings&quot;:{&quot;animation&quot;:&quot;yes&quot;,&quot;animation_intime&quot;:200,&quot;animation_outtime&quot;:200,&quot;conditions_ui&quot;:&quot;normal&quot;,&quot;notice_dismissed&quot;:false,&quot;notice_dismissed_update-cf7-6.0&quot;:true,&quot;notice_dismissed_update-cf7-6.0.1&quot;:true,&quot;notice_dismissed_update-cf7-6.0.2&quot;:true,&quot;notice_dismissed_rollback-cf7-6.0.5&quot;:true}}\" \/><input type=\"hidden\" name=\"_wpcf7_recaptcha_response\" value=\"\" \/>\n<\/fieldset>\n<div class=\"input-wrapper\"><span class=\"icon icon-face\"><\/span><span class=\"wpcf7-form-control-wrap\" data-name=\"first_name\"><input size=\"40\" maxlength=\"400\" class=\"wpcf7-form-control wpcf7-text wpcf7-validates-as-required\" aria-required=\"true\" aria-invalid=\"false\" placeholder=\"Nombre *\" value=\"\" type=\"text\" name=\"first_name\" \/><\/span><span class=\"wpcf7-form-control-wrap\" data-name=\"last_name\"><input size=\"40\" maxlength=\"400\" class=\"wpcf7-form-control wpcf7-text wpcf7-validates-as-required\" aria-required=\"true\" aria-invalid=\"false\" placeholder=\"Apellido *\" value=\"\" type=\"text\" name=\"last_name\" \/><\/span><\/div>\n<div class=\"input-wrapper\"><span class=\"icon icon-envelope\"><\/span><span class=\"wpcf7-form-control-wrap\" data-name=\"email\"><input size=\"40\" maxlength=\"400\" class=\"wpcf7-form-control wpcf7-email wpcf7-validates-as-required wpcf7-text wpcf7-validates-as-email\" aria-required=\"true\" aria-invalid=\"false\" placeholder=\"Correo electr\u00f3nico *\" value=\"\" type=\"email\" name=\"email\" \/><\/span><\/div>\n<div class=\"input-wrapper\"><span class=\"icon icon-company\"><\/span><span class=\"wpcf7-form-control-wrap\" data-name=\"company\"><input size=\"40\" maxlength=\"400\" class=\"wpcf7-form-control wpcf7-text wpcf7-validates-as-required\" aria-required=\"true\" aria-invalid=\"false\" placeholder=\"Empresa *\" value=\"\" type=\"text\" name=\"company\" \/><\/span><\/div>\n<div class=\"input-wrapper\"><span class=\"icon icon-telephone\"><\/span><span class=\"wpcf7-form-control-wrap\" data-name=\"phone\"><input size=\"40\" maxlength=\"400\" class=\"wpcf7-form-control wpcf7-tel wpcf7-validates-as-required wpcf7-text wpcf7-validates-as-tel\" aria-required=\"true\" aria-invalid=\"false\" placeholder=\"Tel\u00e9fono *\" value=\"\" type=\"tel\" name=\"phone\" \/><\/span><\/div>\n<div class=\"input-wrapper\"><span class=\"icon icon-vehicles\"><\/span><span class=\"wpcf7-form-control-wrap\" data-name=\"number_of_vehicles\"><input class=\"wpcf7-form-control wpcf7-number wpcf7-validates-as-required wpcf7-validates-as-number\" min=\"1\" aria-required=\"true\" aria-invalid=\"false\" placeholder=\"N\u00famero de veh\u00edculos *\" value=\"\" type=\"number\" name=\"number_of_vehicles\" \/><\/span><\/div>\n<input type=\"hidden\" name=\"thankyouURL\" value=\"\/es-es\/gracias-por-comunicarse-con-quartix\/\" class=\"wpcf7-form-control wpcf7-hidden\" id=\"thankyouURL\">\n<input type=\"hidden\" name=\"pardot_extra_field\" value=\"\" class=\"wpcf7-form-control wpcf7-hidden\">\n<input type=\"hidden\" name=\"page_title\" value=\"No post title\" class=\"wpcf7-form-control wpcf7-hidden\">\n<div class=\"recatpcha-text\">Este sitio est\u00e1 protegido por reCAPTCHA y se aplican la <a href=\"https:\/\/policies.google.com\/privacy?hl=es\">Pol\u00edtica de privacidad<\/a> y los <a href=\"https:\/\/policies.google.com\/terms?hl=es\">T\u00e9rminos de servicio<\/a> de Google.<\/div>\n<div class=\"input-wrapper\"><input class=\"wpcf7-form-control wpcf7-submit has-spinner icon-plane\" type=\"submit\" value=\"Obtenga el descuento\" \/><\/div><div class=\"wpcf7-response-output\" aria-hidden=\"true\"><\/div>\n<\/form>\n<\/div>\n\n\n\n\n<p>* Oferta v\u00e1lida hasta el 31 de enero de 2021<\/p>\n<\/div>\n<\/div>\n\n\n<section  class=\"qtx-pagebuilder-section qtx-pagebuilder-section-blockquote qtx-pagebuilder-section-blockquote-green_testimonial_with_photo \">\r\n        <div class=\"green_testimonial_with_photo \">\r\n            <div class=\"img-container\">\r\n                                <img decoding=\"async\" src=\"https:\/\/www.quartix.com\/content\/uploads\/2019\/02\/greenridge_van.jpg\"\/>\r\n                            <\/div>\r\n            <blockquote>\r\n                                                <p>\u201cAl instalar el sistema Quartix hemos garantizado la seguridad y la eficacia de los miembros de nuestro equipo, lo cual contribuye a la atenci\u00f3n al cliente, conservaci\u00f3n del estado del veh\u00edculo y al resultado final.&#8221;<\/p>\n                <footer>\r\n                   <cite class=\"author\">Misty Absher, Gerente de oficina<\/cite>\r\n                   <cite class=\"author_line_2\">Greenridge Landscaping<\/cite>\r\n                <\/footer>\r\n            <\/blockquote>\r\n        <\/div>\r\n        <\/section>\r\n\r\n\n\n\n<div class=\"wp-block-columns is-layout-flex wp-container-core-columns-is-layout-28f84493 wp-block-columns-is-layout-flex\">\n<div class=\"wp-block-column is-layout-flow wp-block-column-is-layout-flow\">\n<h2 class=\"wp-block-heading\">Ahorro r\u00e1pido y cuantificable<\/h2>\n\n\n\r\n<section  class=\"qtx-pagebuilder-section qtx-pagebuilder-section-list \">\r\n<ul class='ticks fa-ul' style=''><li><span class='fa-li'><i class='fas fa-check-circle'><\/i><\/span>Reducci\u00f3n del 25% en el consumo de combustible<\/li><li><span class='fa-li'><i class='fas fa-check-circle'><\/i><\/span>Aumento del 15% en la productividad<\/li><li><span class='fa-li'><i class='fas fa-check-circle'><\/i><\/span>Reducci\u00f3n del 15% en las horas extras trabajadas por los empleados<\/li><li><span class='fa-li'><i class='fas fa-check-circle'><\/i><\/span>Aumento del 20% en la utilizaci\u00f3n del veh\u00edculo<\/li><li><span class='fa-li'><i class='fas fa-check-circle'><\/i><\/span>Reducci\u00f3n del 10% en total de kil\u00f3metros conducidos<\/li><\/ul><\/section>\n\n\n<p>*Frost &amp; Sullivan 2015<\/p>\n\n\n    <div class=\"button-container \">\r\n<a href=\"#Asegure-hoy-esta-oferta-especial\" class=\"btn pagebuilder-btn btn-green btn-\" title=\"Obtenga el descuento\" >Obtenga el descuento<\/a>\r\n<\/div>\r\n<\/div>\n\n\n\n<div class=\"wp-block-column is-layout-flow wp-block-column-is-layout-flow\">\n<div class=\"wp-block-image\"><figure class=\"aligncenter size-large\"><img loading=\"lazy\" decoding=\"async\" width=\"1000\" height=\"437\" src=\" https:\/\/www.quartix.com\/content\/uploads\/2020\/08\/ES_Live-tracking-clustering-1000x437.png\" alt=\"Seguimiento en tiempo real\" class=\"wp-image-43603\" srcset=\"https:\/\/www.quartix.com\/content\/uploads\/2020\/08\/ES_Live-tracking-clustering-1000x437.png 1000w, https:\/\/www.quartix.com\/content\/uploads\/2020\/08\/ES_Live-tracking-clustering-300x131.png 300w, https:\/\/www.quartix.com\/content\/uploads\/2020\/08\/ES_Live-tracking-clustering-768x336.png 768w, https:\/\/www.quartix.com\/content\/uploads\/2020\/08\/ES_Live-tracking-clustering-1536x671.png 1536w, https:\/\/www.quartix.com\/content\/uploads\/2020\/08\/ES_Live-tracking-clustering.png 1910w\" sizes=\"auto, (max-width: 1000px) 100vw, 1000px\" \/><\/figure><\/div>\n<\/div>\n<\/div>\n\n\n<section  class=\"qtx-pagebuilder-section qtx-pagebuilder-section-blockquote qtx-pagebuilder-section-blockquote-left_green_border \">\r\n        <div class=\"left_green_border\">\r\n            <blockquote>\r\n                <p>El sistema Quartix est\u00e1 respaldado por m\u00e1s de 20 a\u00f1os de experiencia en la industria telem\u00e1tica. M\u00e1s de 600.000 veh\u00edculos en los EE.UU., Reino Unido y Europa actualmente utilizan ahora el rastreo de Quartix. Cada d\u00eda, nuestros 20.000 clientes ven las m\u00faltiples ventajas de usar nuestro sistema.<\/p>\n                            <\/blockquote>\r\n        <\/div>\r\n        <\/section>\r\n\r\n\n\n\n<div class=\"wp-block-columns is-layout-flex wp-container-core-columns-is-layout-28f84493 wp-block-columns-is-layout-flex\">\n<div class=\"wp-block-column is-layout-flow wp-block-column-is-layout-flow\">\n<div class=\"wp-block-image\"><figure class=\"aligncenter\"><img decoding=\"async\" src=\" https:\/\/www.quartix.com\/content\/uploads\/2019\/06\/save-euros-946x1000.png\" alt=\"save image euros\"\/><\/figure><\/div>\n<\/div>\n\n\n\n<div class=\"wp-block-column is-layout-flow wp-block-column-is-layout-flow\">\n<h2 class=\"wp-block-heading\">Software que impulsa una flota eficiente<\/h2>\n\n\n\r\n<section  class=\"qtx-pagebuilder-section qtx-pagebuilder-section-list \">\r\n<ul class='ticks fa-ul' style=''><li><span class='fa-li'><i class='fas fa-check-circle'><\/i><\/span>Aumente la productividad y valide las horas laborales e sus empleados<\/li><li><span class='fa-li'><i class='fas fa-check-circle'><\/i><\/span>Mejore los estilos de conducci\u00f3n con an\u00e1lisis e informes detallados<\/li><li><span class='fa-li'><i class='fas fa-check-circle'><\/i><\/span>Compruebe cuando los conductores entran o salen de zonas determinadas<\/li><li><span class='fa-li'><i class='fas fa-check-circle'><\/i><\/span>Personalice los datos de ubicaci\u00f3n y reciba alertas por correo electr\u00f3nico<\/li><li><span class='fa-li'><i class='fas fa-check-circle'><\/i><\/span>Planifique con recordatorios integrados el mantenimiento de sus veh\u00edculos<\/li><\/ul><\/section><\/div>\n<\/div>\n","protected":false},"excerpt":{"rendered":"<p>\u00bfQu\u00e9 obtiene con Quartix? T\u00e9rminos y condiciones: Sujeta a los T\u00e9rminos y condiciones habituales de Quartix Oferta no acumulable Asegure hoy esta oferta especial * Oferta v\u00e1lida hasta el 31 de enero de 2021 Ahorro r\u00e1pido y cuantificable *Frost &amp; Sullivan 2015 Software que impulsa una flota eficiente<\/p>\n","protected":false},"author":12,"featured_media":0,"parent":0,"menu_order":6065,"comment_status":"closed","ping_status":"closed","template":"","meta":{"_acf_changed":false,"inline_featured_image":false,"footnotes":""},"topic":[],"qtx_campaign":[],"class_list":["post-47286","page","type-page","status-publish","hentry"],"acf":[],"yoast_head":"<!-- This site is optimized with the Yoast SEO Premium plugin v27.3 (Yoast SEO v27.3) - https:\/\/yoast.com\/product\/yoast-seo-premium-wordpress\/ -->\n<title>Rastreo de veh\u00edculos por 7,99\u20ac - ES<\/title>\n<meta name=\"robots\" content=\"noindex, nofollow\" \/>\n<meta property=\"og:locale\" content=\"es_ES\" \/>\n<meta property=\"og:type\" content=\"article\" \/>\n<meta property=\"og:title\" content=\"Rastreo de veh\u00edculos por 7,99\u20ac\" \/>\n<meta property=\"og:description\" content=\"\u00bfQu\u00e9 obtiene con Quartix? T\u00e9rminos y condiciones: Sujeta a los T\u00e9rminos y condiciones habituales de Quartix Oferta no acumulable Asegure hoy esta oferta especial * Oferta v\u00e1lida hasta el 31 de enero de 2021 Ahorro r\u00e1pido y cuantificable *Frost &amp; Sullivan 2015 Software que impulsa una flota eficiente\" \/>\n<meta property=\"og:url\" content=\"https:\/\/www.quartix.com\/es-es\/oferta-de-rastreo-de-vehiculos-fb\/\" \/>\n<meta property=\"og:site_name\" content=\"Quartix\" \/>\n<meta property=\"article:publisher\" content=\"https:\/\/www.facebook.com\/Quartix-USA-374426386097401\/\" \/>\n<meta property=\"article:modified_time\" content=\"2022-04-12T13:27:25+00:00\" \/>\n<meta name=\"twitter:card\" content=\"summary_large_image\" \/>\n<meta name=\"twitter:site\" content=\"@QuartixUSA\" \/>\n<meta name=\"twitter:label1\" content=\"Est. reading time\" \/>\n\t<meta name=\"twitter:data1\" content=\"1 minute\" \/>\n<!-- \/ Yoast SEO Premium plugin. -->","yoast_head_json":{"title":"Rastreo de veh\u00edculos por 7,99\u20ac - ES","robots":{"index":"noindex","follow":"nofollow"},"og_locale":"es_ES","og_type":"article","og_title":"Rastreo de veh\u00edculos por 7,99\u20ac","og_description":"\u00bfQu\u00e9 obtiene con Quartix? T\u00e9rminos y condiciones: Sujeta a los T\u00e9rminos y condiciones habituales de Quartix Oferta no acumulable Asegure hoy esta oferta especial * Oferta v\u00e1lida hasta el 31 de enero de 2021 Ahorro r\u00e1pido y cuantificable *Frost &amp; Sullivan 2015 Software que impulsa una flota eficiente","og_url":"https:\/\/www.quartix.com\/es-es\/oferta-de-rastreo-de-vehiculos-fb\/","og_site_name":"Quartix","article_publisher":"https:\/\/www.facebook.com\/Quartix-USA-374426386097401\/","article_modified_time":"2022-04-12T13:27:25+00:00","twitter_card":"summary_large_image","twitter_site":"@QuartixUSA","twitter_misc":{"Est. reading time":"1 minute"},"schema":{"@context":"https:\/\/schema.org","@graph":[{"@type":"WebPage","@id":"https:\/\/www.quartix.com\/es-es\/oferta-de-rastreo-de-vehiculos-fb\/","url":"https:\/\/www.quartix.com\/es-es\/oferta-de-rastreo-de-vehiculos-fb\/","name":"Rastreo de veh\u00edculos por 7,99\u20ac","isPartOf":{"@id":"https:\/\/www.quartix.com\/es-es\/#website"},"datePublished":"2020-12-01T09:09:41+00:00","dateModified":"2022-04-12T13:27:25+00:00","breadcrumb":{"@id":"https:\/\/www.quartix.com\/es-es\/oferta-de-rastreo-de-vehiculos-fb\/#breadcrumb"},"inLanguage":"es-ES","potentialAction":[{"@type":"ReadAction","target":["https:\/\/www.quartix.com\/es-es\/oferta-de-rastreo-de-vehiculos-fb\/"]}]},{"@type":"BreadcrumbList","@id":"https:\/\/www.quartix.com\/es-es\/oferta-de-rastreo-de-vehiculos-fb\/#breadcrumb","itemListElement":[{"@type":"ListItem","position":1,"name":"Inicio","item":"https:\/\/www.quartix.com\/es-es\/quartix-localizacion-de-vehiculos-en-tiempo-real\/"},{"@type":"ListItem","position":2,"name":"Rastreo de veh\u00edculos por 7,99\u20ac"}]},{"@type":"WebSite","@id":"https:\/\/www.quartix.com\/es-es\/#website","url":"https:\/\/www.quartix.com\/es-es\/","name":"Quartix","description":"Real-time vehicle tracking","publisher":{"@id":"https:\/\/www.quartix.com\/es-es\/#organization"},"potentialAction":[{"@type":"SearchAction","target":{"@type":"EntryPoint","urlTemplate":"https:\/\/www.quartix.com\/es-es\/?s={search_term_string}"},"query-input":{"@type":"PropertyValueSpecification","valueRequired":true,"valueName":"search_term_string"}}],"inLanguage":"es-ES"},{"@type":"Organization","@id":"https:\/\/www.quartix.com\/es-es\/#organization","name":"Quartix","url":"https:\/\/www.quartix.com\/es-es\/","logo":{"@type":"ImageObject","inLanguage":"es-ES","@id":"https:\/\/www.quartix.com\/es-es\/#\/schema\/logo\/image\/","url":"https:\/\/www.quartix.com\/content\/uploads\/2019\/02\/quartix-logo-eur.svg","contentUrl":"https:\/\/www.quartix.com\/content\/uploads\/2019\/02\/quartix-logo-eur.svg","width":1,"height":1,"caption":"Quartix"},"image":{"@id":"https:\/\/www.quartix.com\/es-es\/#\/schema\/logo\/image\/"},"sameAs":["https:\/\/www.facebook.com\/Quartix-USA-374426386097401\/","https:\/\/x.com\/QuartixUSA","https:\/\/www.linkedin.com\/company\/5346733\/","https:\/\/www.youtube.com\/channel\/UCzS-_GMfHF4kWiCheyIRrAQ"]}]}},"_links":{"self":[{"href":"https:\/\/www.quartix.com\/es-es\/wp-json\/wp\/v2\/pages\/47286","targetHints":{"allow":["GET"]}}],"collection":[{"href":"https:\/\/www.quartix.com\/es-es\/wp-json\/wp\/v2\/pages"}],"about":[{"href":"https:\/\/www.quartix.com\/es-es\/wp-json\/wp\/v2\/types\/page"}],"author":[{"embeddable":true,"href":"https:\/\/www.quartix.com\/es-es\/wp-json\/wp\/v2\/users\/12"}],"replies":[{"embeddable":true,"href":"https:\/\/www.quartix.com\/es-es\/wp-json\/wp\/v2\/comments?post=47286"}],"version-history":[{"count":0,"href":"https:\/\/www.quartix.com\/es-es\/wp-json\/wp\/v2\/pages\/47286\/revisions"}],"wp:attachment":[{"href":"https:\/\/www.quartix.com\/es-es\/wp-json\/wp\/v2\/media?parent=47286"}],"wp:term":[{"taxonomy":"topic","embeddable":true,"href":"https:\/\/www.quartix.com\/es-es\/wp-json\/wp\/v2\/topic?post=47286"},{"taxonomy":"qtx_campaign","embeddable":true,"href":"https:\/\/www.quartix.com\/es-es\/wp-json\/wp\/v2\/qtx_campaign?post=47286"}],"curies":[{"name":"wp","href":"https:\/\/api.w.org\/{rel}","templated":true}]}}