{"id":60843,"date":"2021-07-07T18:40:58","date_gmt":"2021-07-07T17:40:58","guid":{"rendered":"https:\/\/www.quartix.com\/?page_id=60843"},"modified":"2024-07-09T15:06:04","modified_gmt":"2024-07-09T14:06:04","slug":"solicitud-de-guia-roi","status":"publish","type":"page","link":"https:\/\/www.quartix.com\/es-es\/solicitud-de-guia-roi\/","title":{"rendered":"Solicitud de gu\u00eda"},"content":{"rendered":"\r\n<div   class=\"hero-block bighero\">\r\n    <img loading=\"lazy\" decoding=\"async\" width=\"1729\" height=\"528\" src=\"https:\/\/www.quartix.com\/content\/uploads\/2023\/10\/construction-lone-worker-2.png\" class=\"\" alt=\"\" srcset=\"https:\/\/www.quartix.com\/content\/uploads\/2023\/10\/construction-lone-worker-2.png 1729w, https:\/\/www.quartix.com\/content\/uploads\/2023\/10\/construction-lone-worker-2-300x92.png 300w, https:\/\/www.quartix.com\/content\/uploads\/2023\/10\/construction-lone-worker-2-1000x305.png 1000w, https:\/\/www.quartix.com\/content\/uploads\/2023\/10\/construction-lone-worker-2-768x235.png 768w, https:\/\/www.quartix.com\/content\/uploads\/2023\/10\/construction-lone-worker-2-1536x469.png 1536w\" sizes=\"auto, (max-width: 1729px) 100vw, 1729px\" \/>                <div class=\"hero-overlay\"><\/div>\r\n            \r\n\r\n\r\n    <div class=\"hero-content \">\r\n        <div class=\"inner limited-width\">\r\n                                                <p class=\"title stylelikeh1\">Reduce considerablemente el coste de tu flota de veh\u00edculos<\/p>\r\n                                <p class=\"text\">Descubre c\u00f3mo tu negocio puede ahorrar dinero incluso cuando el kilometraje es infrecuente. Aumenta la productividad de tu equipo al monitorear el tiempo en el sitio y asignar trabajos de manera eficiente.<\/p>                                        <div class=\"buttons\">\r\n                    <a href=\"https:\/\/go.marketing.quartix.com\/Guia_de_bajo_kilometraje\" class=\"btn btn-green btn-inline\" target=\"_blank\" title=\"DESCARGA LA GU\u00cdA\">DESCARGA LA GU\u00cdA<\/a>\r\n                <\/div>\r\n                    <\/div>\r\n    <\/div>\r\n<\/div>\n\n\r\n<div   class=\"hero-block smallhero\">\r\n            <div class=\"hero-overlay greybg\"><\/div>\r\n    \r\n\r\n\r\n    <div class=\"hero-content greybg noimage\">\r\n        <div class=\"inner\">\r\n                            <p class=\"title stylelikeh3\">Observa c\u00f3mo se dispara el ROI de tu sistema de seguimiento de flotas<\/p>                <div class=\"author\"><p>Descubre c\u00f3mo tu negocio puede ahorrar dinero incluso cuando el kilometraje es infrecuente. Aumenta la productividad de tu equipo al monitorear el tiempo en el sitio y asignar trabajos de manera eficiente.<\/p>\n<\/div>                                        <div class=\"buttons\">\r\n                    <a href=\"https:\/\/go.marketing.quartix.com\/Guia_de_bajo_kilometraje\" class=\"btn btn-green btn-inline\" target=\"_blank\" title=\"DESCARGA LA GU\u00cdA\">DESCARGA LA GU\u00cdA<\/a>\r\n                <\/div>\r\n                    <\/div>\r\n    <\/div>\r\n<\/div>\n\n\r\n\r\n        <div  class=\"landingpageouter\" style=\"background-color:#ffffff ;\">\r\n        <div class=\"landingpagecolsblock twocols4060 \">\r\n            <div class=\"col1\">\r\n                <p class=\"pre-title\">FORMAS DE AHORRAR<\/p>                <h2 class=\"\">Asignaci\u00f3n eficiente de trabajos<\/h2>                <div class='wysiwyg'><p>Hacer esperar a los clientes cuesta tiempo y reputaci\u00f3n a la empresa. Pero el tiempo extra del conductor requerido para un viaje m\u00e1s largo y el combustible adicional tambi\u00e9n tienen un coste. Descubre c\u00f3mo puedes enviar siempre al conductor m\u00e1s cercano a un sitio de trabajo con el seguimiento de veh\u00edculos.<\/p>\n<\/div>            <\/div>\r\n            <div class=\"col2\">\r\n                <div class=\"responsivemedia\"><img loading=\"lazy\" decoding=\"async\" width=\"640\" height=\"427\" src=\"https:\/\/www.quartix.com\/content\/uploads\/2023\/04\/Construction-worker-overseeing-site-768x512.jpg\" class=\"\" alt=\"\" srcset=\"https:\/\/www.quartix.com\/content\/uploads\/2023\/04\/Construction-worker-overseeing-site-768x512.jpg 768w, https:\/\/www.quartix.com\/content\/uploads\/2023\/04\/Construction-worker-overseeing-site-300x200.jpg 300w, https:\/\/www.quartix.com\/content\/uploads\/2023\/04\/Construction-worker-overseeing-site-1000x667.jpg 1000w, https:\/\/www.quartix.com\/content\/uploads\/2023\/04\/Construction-worker-overseeing-site.jpg 1500w\" sizes=\"auto, (max-width: 640px) 100vw, 640px\" \/><\/div>            <\/div>\r\n                        <\/div>\r\n    <\/div>\r\n\r\n\r\n\n\n\r\n\r\n        <div  class=\"landingpageouter\" style=\"background-color:#ffffff ;\">\r\n        <div class=\"landingpagecolsblock twocols4060 swap-content\">\r\n            <div class=\"col1\">\r\n                <p class=\"pre-title\">FORMAS DE AHORRAR<\/p>                <h2 class=\"\">Mejorando el comportamiento del conductor<\/h2>                <div class='wysiwyg'><p>\u00bfEst\u00e1n tus veh\u00edculos de empresa siendo conducidos de una manera que podr\u00eda mejorar? El sistema de seguimiento de veh\u00edculos Quartix te mostrar\u00e1 cu\u00e1n bruscos son tus conductores al acelerar y frenar, y a qu\u00e9 velocidades han viajado durante el d\u00eda para que puedas abordar y corregir problemas de inmediato.<\/p>\n<\/div>            <\/div>\r\n            <div class=\"col2\">\r\n                <div class=\"responsivemedia\"><img loading=\"lazy\" decoding=\"async\" width=\"640\" height=\"427\" src=\"https:\/\/www.quartix.com\/content\/uploads\/2021\/08\/driver-performance-review-768x512.jpg\" class=\"\" alt=\"fleet manager and driver reviewing driving performance \" srcset=\"https:\/\/www.quartix.com\/content\/uploads\/2021\/08\/driver-performance-review-768x512.jpg 768w, https:\/\/www.quartix.com\/content\/uploads\/2021\/08\/driver-performance-review-300x200.jpg 300w, https:\/\/www.quartix.com\/content\/uploads\/2021\/08\/driver-performance-review-1000x667.jpg 1000w, https:\/\/www.quartix.com\/content\/uploads\/2021\/08\/driver-performance-review.jpg 1152w\" sizes=\"auto, (max-width: 640px) 100vw, 640px\" \/><\/div>            <\/div>\r\n                        <\/div>\r\n    <\/div>\r\n\r\n\r\n\n\n\r\n\r\n        <div  class=\"landingpageouter\" style=\"background-color:#f8f8f8 ;\">\r\n        <div class=\"landingpagecolsblock twocols4060 \">\r\n            <div class=\"col1\">\r\n                <p class=\"pre-title\">FORMAS DE AHORRAR<\/p>                <h2 class=\"\">Monitoreo del tiempo en el sitio<\/h2>                <div class='wysiwyg'><p>\u00bfCon qu\u00e9 frecuencia crees que tu personal en el sitio llega temprano o se va despu\u00e9s de que su horario de trabajo ha terminado? Quartix puede ayudarte a responder esta pregunta con el objetivo de optimizar la eficiencia general de tu flota.<\/p>\n<\/div>            <\/div>\r\n            <div class=\"col2\">\r\n                <div class=\"responsivemedia\"><img loading=\"lazy\" decoding=\"async\" width=\"640\" height=\"427\" src=\"https:\/\/www.quartix.com\/content\/uploads\/2023\/04\/highways-worker-768x512.jpg\" class=\"\" alt=\"Highways worker\" srcset=\"https:\/\/www.quartix.com\/content\/uploads\/2023\/04\/highways-worker-768x512.jpg 768w, https:\/\/www.quartix.com\/content\/uploads\/2023\/04\/highways-worker-300x200.jpg 300w, https:\/\/www.quartix.com\/content\/uploads\/2023\/04\/highways-worker-1000x667.jpg 1000w, https:\/\/www.quartix.com\/content\/uploads\/2023\/04\/highways-worker.jpg 1500w\" sizes=\"auto, (max-width: 640px) 100vw, 640px\" \/><\/div>            <\/div>\r\n                        <\/div>\r\n    <\/div>\r\n\r\n\r\n\n\n\r\n<div   class=\"hero-block smallhero\">\r\n    <img loading=\"lazy\" decoding=\"async\" width=\"1254\" height=\"464\" src=\"https:\/\/www.quartix.com\/content\/uploads\/2023\/09\/Van-driver-header.png\" class=\"\" alt=\"\" srcset=\"https:\/\/www.quartix.com\/content\/uploads\/2023\/09\/Van-driver-header.png 1254w, https:\/\/www.quartix.com\/content\/uploads\/2023\/09\/Van-driver-header-300x111.png 300w, https:\/\/www.quartix.com\/content\/uploads\/2023\/09\/Van-driver-header-1000x370.png 1000w, https:\/\/www.quartix.com\/content\/uploads\/2023\/09\/Van-driver-header-768x284.png 768w\" sizes=\"auto, (max-width: 1254px) 100vw, 1254px\" \/>                <div class=\"hero-overlay\"><\/div>\r\n            \r\n\r\n\r\n    <div class=\"hero-content \">\r\n        <div class=\"inner\">\r\n                            <p class=\"title stylelikeh3\">Optimiza las operaciones de la flota y genera ahorros incluso cuando tu equipo se queda en el sitio<\/p>                <div class=\"author\"><p>Reducir costes no solo ocurre cuando tus conductores est\u00e1n en la carretera. Descubre c\u00f3mo las empresas con kilometraje infrecuente a\u00fan pueden ver un ROI significativo con el seguimiento de veh\u00edculos.<\/p>\n<\/div>                                        <div class=\"buttons\">\r\n                    <a href=\"https:\/\/go.marketing.quartix.com\/Guia_de_bajo_kilometraje\" class=\"btn btn-green btn-inline\" target=\"_blank\" title=\"DESCARGA LA GU\u00cdA\">DESCARGA LA GU\u00cdA<\/a>\r\n                <\/div>\r\n                    <\/div>\r\n    <\/div>\r\n<\/div>\n\n\r\n<section class=\"qtx-pagebuilder-section qtx-pagebuilder-section-bannercontent  notopmargin \"\r\nstyle=\"background-color:#13AB5B; color: #FFFFFF;\">\r\n    <div class=\"bannercontentinner\">\r\n        <p style=\"text-align: center\">&#8220;Quartix se trata de ver qu\u00e9 est\u00e1n haciendo tus veh\u00edculos y obtener el mejor estilo de conducci\u00f3n de tus conductores. Te permite reducir los costes de accidentes, los costes de mantenimiento y ver una mejor econom\u00eda de combustible.&#8221;<\/p>\n<p style=\"text-align: center\">\u2013 Karl Davidson, St Austell Brewery<\/p>\n    <\/div>\r\n<\/section>\n\n\n<div class=\"wp-block-columns is-layout-flex wp-container-core-columns-is-layout-28f84493 wp-block-columns-is-layout-flex\">\n<div class=\"wp-block-column is-layout-flow wp-block-column-is-layout-flow\">\n<h2 class=\"wp-block-heading\">Tu gu\u00eda para ahorrar en la flota<\/h2>\n\n\n\n<p>Obt\u00e9n informaci\u00f3n sobre c\u00f3mo las empresas que operan en el sitio pueden reducir costes utilizando el seguimiento de veh\u00edculos a su favor.<\/p>\n\n\n    <div class=\"button-container \">\r\n<a href=\"https:\/\/go.marketing.quartix.com\/Guia_de_bajo_kilometraje\" class=\"btn pagebuilder-btn btn-green btn-\" title=\"DESCARGA LA GU\u00cdA\" target=\"_blank\">DESCARGA LA GU\u00cdA<\/a>\r\n<\/div>\r\n<\/div>\n\n\n\n<div class=\"wp-block-column is-layout-flow wp-block-column-is-layout-flow\">\n<figure class=\"wp-block-image size-full is-resized\"><img loading=\"lazy\" decoding=\"async\" width=\"545\" height=\"650\" src=\"https:\/\/www.quartix.com\/content\/uploads\/2024\/07\/es-low-mileage.png\" alt=\"\" class=\"wp-image-107592\" style=\"width:368px;height:auto\" srcset=\"https:\/\/www.quartix.com\/content\/uploads\/2024\/07\/es-low-mileage.png 545w, https:\/\/www.quartix.com\/content\/uploads\/2024\/07\/es-low-mileage-252x300.png 252w\" sizes=\"auto, (max-width: 545px) 100vw, 545px\" \/><\/figure>\n<\/div>\n<\/div>\n","protected":false},"excerpt":{"rendered":"<p>Tu gu\u00eda para ahorrar en la flota Obt\u00e9n informaci\u00f3n sobre c\u00f3mo las empresas que operan en el sitio pueden reducir costes utilizando el seguimiento de veh\u00edculos a su favor.<\/p>\n","protected":false},"author":12,"featured_media":50894,"parent":0,"menu_order":2990,"comment_status":"closed","ping_status":"closed","template":"templates\/landing-pagebuilder.php","meta":{"_acf_changed":false,"inline_featured_image":false,"footnotes":""},"topic":[1867],"qtx_campaign":[],"class_list":["post-60843","page","type-page","status-publish","has-post-thumbnail","hentry","topic-eficiencia-y-ahorro"],"acf":[],"yoast_head":"<!-- This site is optimized with the Yoast SEO Premium plugin v27.3 (Yoast SEO v27.3) - https:\/\/yoast.com\/product\/yoast-seo-premium-wordpress\/ -->\n<title>\u00bfC\u00f3mo el seguimiento de veh\u00edculos respalda el trabajo m\u00e1s all\u00e1 de la conducci\u00f3n? - ES<\/title>\n<meta name=\"description\" content=\"Aparte de los momentos en que se conduce un veh\u00edculo, \u00bfen qu\u00e9 momento puede el seguimiento de veh\u00edculos ayudar a una empresa a generar ahorros? La respuesta es todo el d\u00eda. Explicaremos por qu\u00e9.\" \/>\n<meta name=\"robots\" content=\"index, follow, max-snippet:-1, max-image-preview:large, max-video-preview:-1\" \/>\n<link rel=\"canonical\" href=\"https:\/\/www.quartix.com\/es-es\/solicitud-de-guia-roi\/\" \/>\n<meta property=\"og:locale\" content=\"es_ES\" \/>\n<meta property=\"og:type\" content=\"article\" \/>\n<meta property=\"og:title\" content=\"Solicitud de gu\u00eda\" \/>\n<meta property=\"og:description\" content=\"Aparte de los momentos en que se conduce un veh\u00edculo, \u00bfen qu\u00e9 momento puede el seguimiento de veh\u00edculos ayudar a una empresa a generar ahorros? La respuesta es todo el d\u00eda. Explicaremos por qu\u00e9.\" \/>\n<meta property=\"og:url\" content=\"https:\/\/www.quartix.com\/es-es\/solicitud-de-guia-roi\/\" \/>\n<meta property=\"og:site_name\" content=\"Quartix\" \/>\n<meta property=\"article:publisher\" content=\"https:\/\/www.facebook.com\/Quartix-USA-374426386097401\/\" \/>\n<meta property=\"article:modified_time\" content=\"2024-07-09T14:06:04+00:00\" \/>\n<meta property=\"og:image\" content=\"https:\/\/www.quartix.com\/content\/uploads\/2021\/04\/site-based-work-engineer-with-vehicle.jpg\" \/>\n\t<meta property=\"og:image:width\" content=\"500\" \/>\n\t<meta property=\"og:image:height\" content=\"333\" \/>\n\t<meta property=\"og:image:type\" content=\"image\/jpeg\" \/>\n<meta name=\"twitter:card\" content=\"summary_large_image\" \/>\n<meta name=\"twitter:site\" content=\"@QuartixUSA\" \/>\n<meta name=\"twitter:label1\" content=\"Est. reading time\" \/>\n\t<meta name=\"twitter:data1\" content=\"4 minutes\" \/>\n<!-- \/ Yoast SEO Premium plugin. -->","yoast_head_json":{"title":"\u00bfC\u00f3mo el seguimiento de veh\u00edculos respalda el trabajo m\u00e1s all\u00e1 de la conducci\u00f3n? - ES","description":"Aparte de los momentos en que se conduce un veh\u00edculo, \u00bfen qu\u00e9 momento puede el seguimiento de veh\u00edculos ayudar a una empresa a generar ahorros? La respuesta es todo el d\u00eda. Explicaremos por qu\u00e9.","robots":{"index":"index","follow":"follow","max-snippet":"max-snippet:-1","max-image-preview":"max-image-preview:large","max-video-preview":"max-video-preview:-1"},"canonical":"https:\/\/www.quartix.com\/es-es\/solicitud-de-guia-roi\/","og_locale":"es_ES","og_type":"article","og_title":"Solicitud de gu\u00eda","og_description":"Aparte de los momentos en que se conduce un veh\u00edculo, \u00bfen qu\u00e9 momento puede el seguimiento de veh\u00edculos ayudar a una empresa a generar ahorros? La respuesta es todo el d\u00eda. Explicaremos por qu\u00e9.","og_url":"https:\/\/www.quartix.com\/es-es\/solicitud-de-guia-roi\/","og_site_name":"Quartix","article_publisher":"https:\/\/www.facebook.com\/Quartix-USA-374426386097401\/","article_modified_time":"2024-07-09T14:06:04+00:00","og_image":[{"width":500,"height":333,"url":"https:\/\/www.quartix.com\/content\/uploads\/2021\/04\/site-based-work-engineer-with-vehicle.jpg","type":"image\/jpeg"}],"twitter_card":"summary_large_image","twitter_site":"@QuartixUSA","twitter_misc":{"Est. reading time":"4 minutes"},"schema":{"@context":"https:\/\/schema.org","@graph":[{"@type":"WebPage","@id":"https:\/\/www.quartix.com\/es-es\/solicitud-de-guia-roi\/","url":"https:\/\/www.quartix.com\/es-es\/solicitud-de-guia-roi\/","name":"\u00bfC\u00f3mo el seguimiento de veh\u00edculos respalda el trabajo m\u00e1s all\u00e1 de la conducci\u00f3n?","isPartOf":{"@id":"https:\/\/www.quartix.com\/es-es\/#website"},"primaryImageOfPage":{"@id":"https:\/\/www.quartix.com\/es-es\/solicitud-de-guia-roi\/#primaryimage"},"image":{"@id":"https:\/\/www.quartix.com\/es-es\/solicitud-de-guia-roi\/#primaryimage"},"thumbnailUrl":"https:\/\/www.quartix.com\/content\/uploads\/2021\/04\/site-based-work-engineer-with-vehicle.jpg","datePublished":"2021-07-07T17:40:58+00:00","dateModified":"2024-07-09T14:06:04+00:00","description":"Aparte de los momentos en que se conduce un veh\u00edculo, \u00bfen qu\u00e9 momento puede el seguimiento de veh\u00edculos ayudar a una empresa a generar ahorros? La respuesta es todo el d\u00eda. Explicaremos por qu\u00e9.","breadcrumb":{"@id":"https:\/\/www.quartix.com\/es-es\/solicitud-de-guia-roi\/#breadcrumb"},"inLanguage":"es-ES","potentialAction":[{"@type":"ReadAction","target":["https:\/\/www.quartix.com\/es-es\/solicitud-de-guia-roi\/"]}]},{"@type":"ImageObject","inLanguage":"es-ES","@id":"https:\/\/www.quartix.com\/es-es\/solicitud-de-guia-roi\/#primaryimage","url":"https:\/\/www.quartix.com\/content\/uploads\/2021\/04\/site-based-work-engineer-with-vehicle.jpg","contentUrl":"https:\/\/www.quartix.com\/content\/uploads\/2021\/04\/site-based-work-engineer-with-vehicle.jpg","width":500,"height":333,"caption":"female heating engineer arrives at job"},{"@type":"BreadcrumbList","@id":"https:\/\/www.quartix.com\/es-es\/solicitud-de-guia-roi\/#breadcrumb","itemListElement":[{"@type":"ListItem","position":1,"name":"Inicio","item":"https:\/\/www.quartix.com\/es-es\/quartix-localizacion-de-vehiculos-en-tiempo-real\/"},{"@type":"ListItem","position":2,"name":"Solicitud de gu\u00eda"}]},{"@type":"WebSite","@id":"https:\/\/www.quartix.com\/es-es\/#website","url":"https:\/\/www.quartix.com\/es-es\/","name":"Quartix","description":"Real-time vehicle tracking","publisher":{"@id":"https:\/\/www.quartix.com\/es-es\/#organization"},"potentialAction":[{"@type":"SearchAction","target":{"@type":"EntryPoint","urlTemplate":"https:\/\/www.quartix.com\/es-es\/?s={search_term_string}"},"query-input":{"@type":"PropertyValueSpecification","valueRequired":true,"valueName":"search_term_string"}}],"inLanguage":"es-ES"},{"@type":"Organization","@id":"https:\/\/www.quartix.com\/es-es\/#organization","name":"Quartix","url":"https:\/\/www.quartix.com\/es-es\/","logo":{"@type":"ImageObject","inLanguage":"es-ES","@id":"https:\/\/www.quartix.com\/es-es\/#\/schema\/logo\/image\/","url":"https:\/\/www.quartix.com\/content\/uploads\/2019\/02\/quartix-logo-eur.svg","contentUrl":"https:\/\/www.quartix.com\/content\/uploads\/2019\/02\/quartix-logo-eur.svg","width":1,"height":1,"caption":"Quartix"},"image":{"@id":"https:\/\/www.quartix.com\/es-es\/#\/schema\/logo\/image\/"},"sameAs":["https:\/\/www.facebook.com\/Quartix-USA-374426386097401\/","https:\/\/x.com\/QuartixUSA","https:\/\/www.linkedin.com\/company\/5346733\/","https:\/\/www.youtube.com\/channel\/UCzS-_GMfHF4kWiCheyIRrAQ"]}]}},"_links":{"self":[{"href":"https:\/\/www.quartix.com\/es-es\/wp-json\/wp\/v2\/pages\/60843","targetHints":{"allow":["GET"]}}],"collection":[{"href":"https:\/\/www.quartix.com\/es-es\/wp-json\/wp\/v2\/pages"}],"about":[{"href":"https:\/\/www.quartix.com\/es-es\/wp-json\/wp\/v2\/types\/page"}],"author":[{"embeddable":true,"href":"https:\/\/www.quartix.com\/es-es\/wp-json\/wp\/v2\/users\/12"}],"replies":[{"embeddable":true,"href":"https:\/\/www.quartix.com\/es-es\/wp-json\/wp\/v2\/comments?post=60843"}],"version-history":[{"count":0,"href":"https:\/\/www.quartix.com\/es-es\/wp-json\/wp\/v2\/pages\/60843\/revisions"}],"wp:featuredmedia":[{"embeddable":true,"href":"https:\/\/www.quartix.com\/es-es\/wp-json\/wp\/v2\/media\/50894"}],"wp:attachment":[{"href":"https:\/\/www.quartix.com\/es-es\/wp-json\/wp\/v2\/media?parent=60843"}],"wp:term":[{"taxonomy":"topic","embeddable":true,"href":"https:\/\/www.quartix.com\/es-es\/wp-json\/wp\/v2\/topic?post=60843"},{"taxonomy":"qtx_campaign","embeddable":true,"href":"https:\/\/www.quartix.com\/es-es\/wp-json\/wp\/v2\/qtx_campaign?post=60843"}],"curies":[{"name":"wp","href":"https:\/\/api.w.org\/{rel}","templated":true}]}}