{"id":69860,"date":"2021-11-09T16:17:52","date_gmt":"2021-11-09T15:17:52","guid":{"rendered":"https:\/\/www.quartix.com\/?page_id=69860"},"modified":"2024-08-12T11:24:01","modified_gmt":"2024-08-12T10:24:01","slug":"guia-de-rastreo-de-vehiculos-para-paisajistas","status":"publish","type":"page","link":"https:\/\/www.quartix.com\/es-es\/guia-de-rastreo-de-vehiculos-para-paisajistas\/","title":{"rendered":"Gu\u00eda de Rastreo de Veh\u00edculos Para Paisajistas"},"content":{"rendered":"\r\n<div   class=\"hero-block bighero\">\r\n    <img loading=\"lazy\" decoding=\"async\" width=\"1920\" height=\"795\" src=\"https:\/\/www.quartix.com\/content\/uploads\/2024\/02\/Quartix-Landscaping-banner.png\" class=\"\" alt=\"\" \/>                <div class=\"hero-overlay\"><\/div>\r\n            \r\n\r\n\r\n    <div class=\"hero-content \">\r\n        <div class=\"inner limited-width\">\r\n                                                <p class=\"title stylelikeh1\">Seguimiento de veh\u00edculos para empresas de jardiner\u00eda<\/p>\r\n                                <p class=\"text\">Aprovecha los beneficios y ahorros que el seguimiento de veh\u00edculos puede ofrecer a los jardineros todos los d\u00edas.<\/p>                                        <div class=\"buttons\">\r\n                    <a href=\"https:\/\/go.marketing.quartix.com\/Guia_de_seguimiento_de_vehiculos_para_paisajistas\" class=\"btn btn-green btn-inline\" target=\"_blank\" title=\"DESCARGA LA GU\u00cdA\">DESCARGA LA GU\u00cdA<\/a>\r\n                <\/div>\r\n                    <\/div>\r\n    <\/div>\r\n<\/div>\n\n\r\n<div   class=\"hero-block smallhero landing-cta\">\r\n            <div class=\"hero-overlay greybg\"><\/div>\r\n        <div class=\"hero-content greybg noimage\">\r\n        <div class=\"inner\">\r\n            <h2 class=\"title\">C\u00e9ntrate en el n\u00facleo de tu negocio de jardiner\u00eda utilizando el sistema de seguimiento de veh\u00edculos para monitorizar tu flota.<\/h2>            <div class=\"author\"><p>En esta gu\u00eda, aprender\u00e1s c\u00f3mo tu sistema de seguimiento de veh\u00edculos puede ayudar a tu empresa de jardiner\u00eda a:<\/p>\n<\/div>            <div class='landingctalist centrelist'><ul class='ticks fa-ul' style=''><li><span class='fa-li'><i class='fas fa-check-circle'><\/i><\/span>Aumentar la productividad con datos de ubicaci\u00f3n en tiempo real.<\/li><li><span class='fa-li'><i class='fas fa-check-circle'><\/i><\/span>Asegurar una contabilidad precisa con hojas de tiempo detalladas.<\/li><li><span class='fa-li'><i class='fas fa-check-circle'><\/i><\/span>Crear una cultura de seguridad con informes sobre el comportamiento de los conductores.<\/li><\/ul><\/div>            \r\n                            <div class=\"buttons\">\r\n                    <a href=\"https:\/\/go.marketing.quartix.com\/Guia_de_seguimiento_de_vehiculos_para_paisajistas\" class=\"btn btn-green\" target=\"_blank\" title=\"DESCARGA LA GU\u00cdA\">DESCARGA LA GU\u00cdA<\/a>\r\n                <\/div>\r\n                    <\/div>\r\n    <\/div>\r\n<\/div>\n\n\r\n\r\n        <div  class=\"landingpageouter\" style=\"background-color:#f8f8f8 ;\">\r\n        <div class=\"landingpagecolsblock twocols4060 \">\r\n            <div class=\"col1\">\r\n                <p class=\"pre-title\">John O&#8217;Conner Mantenimiento de zonas verdes <\/p>                <h2 class=\"\">Matt O\u2019Conner, Director General  <\/h2>                <div class='wysiwyg'><p>&#8220;Notamos que la confianza de nuestros clientes aumenta cuando les compartimos que nuestros veh\u00edculos est\u00e1n rastreados por GPS. La informaci\u00f3n que proporciona Quartix realmente puede ayudarte a construir una buena relaci\u00f3n con los clientes y mejorar la confianza.&#8221;<\/p>\n<\/div>            <\/div>\r\n            <div class=\"col2\">\r\n                <div class=\"responsivemedia\"><img loading=\"lazy\" decoding=\"async\" width=\"150\" height=\"150\" src=\"https:\/\/www.quartix.com\/content\/uploads\/2019\/07\/john-o-conner-quartix-tracked-vehicle-e1535123815288-150x150.jpg\" class=\"\" alt=\"\" \/><\/div>            <\/div>\r\n                        <\/div>\r\n    <\/div>\r\n\r\n\r\n\n\n\r\n\r\n        <div  class=\"landingpageouter\" style=\"background-color:#ffffff ;\">\r\n        <div class=\"landingpagecolsblock twocols4060 swap-content\">\r\n            <div class=\"col1\">\r\n                <p class=\"pre-title\">Whiting Paisajismo  <\/p>                <h2 class=\"\">Simon Jones, Gerente de Transporte  <\/h2>                <div class='wysiwyg'><p>&#8220;Recomendar\u00eda Quartix a cualquiera. Hay otras opciones en el mercado, pero dudo que ofrezcan la calidad de servicio que recibir\u00e1s con Quartix.&#8221;<\/p>\n<\/div>            <\/div>\r\n            <div class=\"col2\">\r\n                <div class=\"responsivemedia\"><img loading=\"lazy\" decoding=\"async\" width=\"640\" height=\"640\" src=\"https:\/\/www.quartix.com\/content\/uploads\/2021\/06\/US_1080x1080_landscaping_1-768x768.jpg\" class=\"\" alt=\"\" srcset=\"https:\/\/www.quartix.com\/content\/uploads\/2021\/06\/US_1080x1080_landscaping_1-768x768.jpg 768w, https:\/\/www.quartix.com\/content\/uploads\/2021\/06\/US_1080x1080_landscaping_1-300x300.jpg 300w, https:\/\/www.quartix.com\/content\/uploads\/2021\/06\/US_1080x1080_landscaping_1-1000x1000.jpg 1000w, https:\/\/www.quartix.com\/content\/uploads\/2021\/06\/US_1080x1080_landscaping_1-150x150.jpg 150w, https:\/\/www.quartix.com\/content\/uploads\/2021\/06\/US_1080x1080_landscaping_1.jpg 1080w\" sizes=\"auto, (max-width: 640px) 100vw, 640px\" \/><\/div>            <\/div>\r\n                        <\/div>\r\n    <\/div>\r\n\r\n\r\n\n\n\r\n\r\n        <div  class=\"landingpageouter\" style=\"background-color:#f8f8f8 ;\">\r\n        <div class=\"landingpagecolsblock twocols4060 \">\r\n            <div class=\"col1\">\r\n                <p class=\"pre-title\">Paisajistas Russell<\/p>                <h2 class=\"\">Will Dutton, Gerente General  <\/h2>                <div class='wysiwyg'><p>&#8220;Incorporar el sistema Quartix no fue un shock para nuestros conductores, porque lo presentamos como una herramienta de ahorro. Esos ahorros se reflejan en nuestros conductores a trav\u00e9s de nuestro programa de participaci\u00f3n en beneficios. Si tenemos accidentes costosos e incidentes de velocidad, eso limita nuestras ganancias y, por lo tanto, su compensaci\u00f3n.&#8221;<\/p>\n<\/div>            <\/div>\r\n            <div class=\"col2\">\r\n                <div class=\"responsivemedia\"><img loading=\"lazy\" decoding=\"async\" width=\"500\" height=\"364\" src=\"https:\/\/www.quartix.com\/content\/uploads\/2022\/06\/will-dutton-of-russell-landscape.jpg\" class=\"\" alt=\"\" srcset=\"https:\/\/www.quartix.com\/content\/uploads\/2022\/06\/will-dutton-of-russell-landscape.jpg 500w, https:\/\/www.quartix.com\/content\/uploads\/2022\/06\/will-dutton-of-russell-landscape-300x218.jpg 300w\" sizes=\"auto, (max-width: 500px) 100vw, 500px\" \/><\/div>            <\/div>\r\n                        <\/div>\r\n    <\/div>\r\n\r\n\r\n\n\n\r\n<div   class=\"hero-block smallhero\">\r\n    <img loading=\"lazy\" decoding=\"async\" width=\"1920\" height=\"831\" src=\"https:\/\/www.quartix.com\/content\/uploads\/2024\/02\/Landscaping-banner.png\" class=\"\" alt=\"\" \/>                <div class=\"hero-overlay\"><\/div>\r\n            \r\n\r\n\r\n    <div class=\"hero-content \">\r\n        <div class=\"inner\">\r\n                            <p class=\"title stylelikeh3\">Ofrece un excelente servicio de jardiner\u00eda mientras operas una flota segura y responsable.<\/p>                                                        <div class=\"buttons\">\r\n                    <a href=\"https:\/\/go.marketing.quartix.com\/Guia_de_seguimiento_de_vehiculos_para_paisajistas\" class=\"btn btn-green btn-inline\" target=\"_blank\" title=\"DESCARGA LA GU\u00cdA\">DESCARGA LA GU\u00cdA<\/a>\r\n                <\/div>\r\n                    <\/div>\r\n    <\/div>\r\n<\/div>\n\n\n<div class=\"wp-block-columns is-layout-flex wp-container-core-columns-is-layout-28f84493 wp-block-columns-is-layout-flex\">\n<div class=\"wp-block-column is-layout-flow wp-block-column-is-layout-flow\">\n<h2 class=\"wp-block-heading\">Tu gu\u00eda para el seguimiento de veh\u00edculos en empresas de jardiner\u00eda<\/h2>\n\n\n\n<p>Con el seguimiento de veh\u00edculos, aseg\u00farate de que tu empresa de jardiner\u00eda opere de manera segura y eficiente.<\/p>\n\n\n    <div class=\"button-container \">\r\n<a href=\"https:\/\/go.marketing.quartix.com\/Guia_de_seguimiento_de_vehiculos_para_paisajistas\" class=\"btn pagebuilder-btn btn-green btn-\" title=\"DESCARGA LA GU\u00cdA\" target=\"_blank\">DESCARGA LA GU\u00cdA<\/a>\r\n<\/div>\r\n<\/div>\n\n\n\n<div class=\"wp-block-column is-layout-flow wp-block-column-is-layout-flow\">\n<figure class=\"wp-block-image size-full\"><img loading=\"lazy\" decoding=\"async\" width=\"545\" height=\"650\" src=\"https:\/\/www.quartix.com\/content\/uploads\/2024\/08\/es-landscaping-guide.png\" alt=\"\" class=\"wp-image-108956\" srcset=\"https:\/\/www.quartix.com\/content\/uploads\/2024\/08\/es-landscaping-guide.png 545w, https:\/\/www.quartix.com\/content\/uploads\/2024\/08\/es-landscaping-guide-252x300.png 252w\" sizes=\"auto, (max-width: 545px) 100vw, 545px\" \/><\/figure>\n<\/div>\n<\/div>\n","protected":false},"excerpt":{"rendered":"<p>Tu gu\u00eda para el seguimiento de veh\u00edculos en empresas de jardiner\u00eda Con el seguimiento de veh\u00edculos, aseg\u00farate de que tu empresa de jardiner\u00eda opere de manera segura y eficiente.<\/p>\n","protected":false},"author":6,"featured_media":56128,"parent":0,"menu_order":3404,"comment_status":"closed","ping_status":"closed","template":"templates\/landing-pagebuilder.php","meta":{"_acf_changed":false,"inline_featured_image":false,"footnotes":""},"topic":[],"qtx_campaign":[],"class_list":["post-69860","page","type-page","status-publish","has-post-thumbnail","hentry"],"acf":[],"yoast_head":"<!-- This site is optimized with the Yoast SEO Premium plugin v27.3 (Yoast SEO v27.3) - https:\/\/yoast.com\/product\/yoast-seo-premium-wordpress\/ -->\n<title>Gu\u00eda de Rastreo de Veh\u00edculos Para Paisajistas - ES<\/title>\n<meta name=\"description\" content=\"En esta gu\u00eda, aprender\u00e1 c\u00f3mo el rastreode veh\u00edculos puede ser una herramienta poderosa para reducir costos y aumentar laproductividad.\" \/>\n<meta name=\"robots\" content=\"index, follow, max-snippet:-1, max-image-preview:large, max-video-preview:-1\" \/>\n<link rel=\"canonical\" href=\"https:\/\/www.quartix.com\/es-es\/guia-de-rastreo-de-vehiculos-para-paisajistas\/\" \/>\n<meta property=\"og:locale\" content=\"es_ES\" \/>\n<meta property=\"og:type\" content=\"article\" \/>\n<meta property=\"og:title\" content=\"Gu\u00eda de Rastreo de Veh\u00edculos Para Paisajistas\" \/>\n<meta property=\"og:description\" content=\"En esta gu\u00eda, aprender\u00e1 c\u00f3mo el rastreode veh\u00edculos puede ser una herramienta poderosa para reducir costos y aumentar laproductividad.\" \/>\n<meta property=\"og:url\" content=\"https:\/\/www.quartix.com\/es-es\/guia-de-rastreo-de-vehiculos-para-paisajistas\/\" \/>\n<meta property=\"og:site_name\" content=\"Quartix\" \/>\n<meta property=\"article:publisher\" content=\"https:\/\/www.facebook.com\/Quartix-USA-374426386097401\/\" \/>\n<meta property=\"article:modified_time\" content=\"2024-08-12T10:24:01+00:00\" \/>\n<meta property=\"og:image\" content=\"https:\/\/www.quartix.com\/content\/uploads\/2021\/05\/FR-Landscaping.jpg\" \/>\n\t<meta property=\"og:image:width\" content=\"500\" \/>\n\t<meta property=\"og:image:height\" content=\"334\" \/>\n\t<meta property=\"og:image:type\" content=\"image\/jpeg\" \/>\n<meta name=\"twitter:card\" content=\"summary_large_image\" \/>\n<meta name=\"twitter:site\" content=\"@QuartixUSA\" \/>\n<meta name=\"twitter:label1\" content=\"Est. reading time\" \/>\n\t<meta name=\"twitter:data1\" content=\"3 minutes\" \/>\n<!-- \/ Yoast SEO Premium plugin. -->","yoast_head_json":{"title":"Gu\u00eda de Rastreo de Veh\u00edculos Para Paisajistas - ES","description":"En esta gu\u00eda, aprender\u00e1 c\u00f3mo el rastreode veh\u00edculos puede ser una herramienta poderosa para reducir costos y aumentar laproductividad.","robots":{"index":"index","follow":"follow","max-snippet":"max-snippet:-1","max-image-preview":"max-image-preview:large","max-video-preview":"max-video-preview:-1"},"canonical":"https:\/\/www.quartix.com\/es-es\/guia-de-rastreo-de-vehiculos-para-paisajistas\/","og_locale":"es_ES","og_type":"article","og_title":"Gu\u00eda de Rastreo de Veh\u00edculos Para Paisajistas","og_description":"En esta gu\u00eda, aprender\u00e1 c\u00f3mo el rastreode veh\u00edculos puede ser una herramienta poderosa para reducir costos y aumentar laproductividad.","og_url":"https:\/\/www.quartix.com\/es-es\/guia-de-rastreo-de-vehiculos-para-paisajistas\/","og_site_name":"Quartix","article_publisher":"https:\/\/www.facebook.com\/Quartix-USA-374426386097401\/","article_modified_time":"2024-08-12T10:24:01+00:00","og_image":[{"width":500,"height":334,"url":"https:\/\/www.quartix.com\/content\/uploads\/2021\/05\/FR-Landscaping.jpg","type":"image\/jpeg"}],"twitter_card":"summary_large_image","twitter_site":"@QuartixUSA","twitter_misc":{"Est. reading time":"3 minutes"},"schema":{"@context":"https:\/\/schema.org","@graph":[{"@type":"WebPage","@id":"https:\/\/www.quartix.com\/es-es\/guia-de-rastreo-de-vehiculos-para-paisajistas\/","url":"https:\/\/www.quartix.com\/es-es\/guia-de-rastreo-de-vehiculos-para-paisajistas\/","name":"Gu\u00eda de Rastreo de Veh\u00edculos Para Paisajistas","isPartOf":{"@id":"https:\/\/www.quartix.com\/es-es\/#website"},"primaryImageOfPage":{"@id":"https:\/\/www.quartix.com\/es-es\/guia-de-rastreo-de-vehiculos-para-paisajistas\/#primaryimage"},"image":{"@id":"https:\/\/www.quartix.com\/es-es\/guia-de-rastreo-de-vehiculos-para-paisajistas\/#primaryimage"},"thumbnailUrl":"https:\/\/www.quartix.com\/content\/uploads\/2021\/05\/FR-Landscaping.jpg","datePublished":"2021-11-09T15:17:52+00:00","dateModified":"2024-08-12T10:24:01+00:00","description":"En esta gu\u00eda, aprender\u00e1 c\u00f3mo el rastreode veh\u00edculos puede ser una herramienta poderosa para reducir costos y aumentar laproductividad.","breadcrumb":{"@id":"https:\/\/www.quartix.com\/es-es\/guia-de-rastreo-de-vehiculos-para-paisajistas\/#breadcrumb"},"inLanguage":"es-ES","potentialAction":[{"@type":"ReadAction","target":["https:\/\/www.quartix.com\/es-es\/guia-de-rastreo-de-vehiculos-para-paisajistas\/"]}]},{"@type":"ImageObject","inLanguage":"es-ES","@id":"https:\/\/www.quartix.com\/es-es\/guia-de-rastreo-de-vehiculos-para-paisajistas\/#primaryimage","url":"https:\/\/www.quartix.com\/content\/uploads\/2021\/05\/FR-Landscaping.jpg","contentUrl":"https:\/\/www.quartix.com\/content\/uploads\/2021\/05\/FR-Landscaping.jpg","width":500,"height":334},{"@type":"BreadcrumbList","@id":"https:\/\/www.quartix.com\/es-es\/guia-de-rastreo-de-vehiculos-para-paisajistas\/#breadcrumb","itemListElement":[{"@type":"ListItem","position":1,"name":"Inicio","item":"https:\/\/www.quartix.com\/es-es\/"},{"@type":"ListItem","position":2,"name":"Gu\u00eda de Rastreo de Veh\u00edculos Para Paisajistas"}]},{"@type":"WebSite","@id":"https:\/\/www.quartix.com\/es-es\/#website","url":"https:\/\/www.quartix.com\/es-es\/","name":"Quartix","description":"Real-time vehicle tracking","publisher":{"@id":"https:\/\/www.quartix.com\/es-es\/#organization"},"potentialAction":[{"@type":"SearchAction","target":{"@type":"EntryPoint","urlTemplate":"https:\/\/www.quartix.com\/es-es\/?s={search_term_string}"},"query-input":{"@type":"PropertyValueSpecification","valueRequired":true,"valueName":"search_term_string"}}],"inLanguage":"es-ES"},{"@type":"Organization","@id":"https:\/\/www.quartix.com\/es-es\/#organization","name":"Quartix","url":"https:\/\/www.quartix.com\/es-es\/","logo":{"@type":"ImageObject","inLanguage":"es-ES","@id":"https:\/\/www.quartix.com\/es-es\/#\/schema\/logo\/image\/","url":"https:\/\/www.quartix.com\/content\/uploads\/2019\/02\/quartix-logo-eur.svg","contentUrl":"https:\/\/www.quartix.com\/content\/uploads\/2019\/02\/quartix-logo-eur.svg","width":1,"height":1,"caption":"Quartix"},"image":{"@id":"https:\/\/www.quartix.com\/es-es\/#\/schema\/logo\/image\/"},"sameAs":["https:\/\/www.facebook.com\/Quartix-USA-374426386097401\/","https:\/\/x.com\/QuartixUSA","https:\/\/www.linkedin.com\/company\/5346733\/","https:\/\/www.youtube.com\/channel\/UCzS-_GMfHF4kWiCheyIRrAQ"]}]}},"_links":{"self":[{"href":"https:\/\/www.quartix.com\/es-es\/wp-json\/wp\/v2\/pages\/69860","targetHints":{"allow":["GET"]}}],"collection":[{"href":"https:\/\/www.quartix.com\/es-es\/wp-json\/wp\/v2\/pages"}],"about":[{"href":"https:\/\/www.quartix.com\/es-es\/wp-json\/wp\/v2\/types\/page"}],"author":[{"embeddable":true,"href":"https:\/\/www.quartix.com\/es-es\/wp-json\/wp\/v2\/users\/6"}],"replies":[{"embeddable":true,"href":"https:\/\/www.quartix.com\/es-es\/wp-json\/wp\/v2\/comments?post=69860"}],"version-history":[{"count":0,"href":"https:\/\/www.quartix.com\/es-es\/wp-json\/wp\/v2\/pages\/69860\/revisions"}],"wp:featuredmedia":[{"embeddable":true,"href":"https:\/\/www.quartix.com\/es-es\/wp-json\/wp\/v2\/media\/56128"}],"wp:attachment":[{"href":"https:\/\/www.quartix.com\/es-es\/wp-json\/wp\/v2\/media?parent=69860"}],"wp:term":[{"taxonomy":"topic","embeddable":true,"href":"https:\/\/www.quartix.com\/es-es\/wp-json\/wp\/v2\/topic?post=69860"},{"taxonomy":"qtx_campaign","embeddable":true,"href":"https:\/\/www.quartix.com\/es-es\/wp-json\/wp\/v2\/qtx_campaign?post=69860"}],"curies":[{"name":"wp","href":"https:\/\/api.w.org\/{rel}","templated":true}]}}