{"id":69905,"date":"2021-11-11T11:36:12","date_gmt":"2021-11-11T10:36:12","guid":{"rendered":"https:\/\/www.quartix.com\/?page_id=69905"},"modified":"2024-08-09T15:11:23","modified_gmt":"2024-08-09T14:11:23","slug":"rastreo-de-vehiculos-para-servicios-comerciales","status":"publish","type":"page","link":"https:\/\/www.quartix.com\/es-es\/rastreo-de-vehiculos-para-servicios-comerciales\/","title":{"rendered":"Rastreo de veh\u00edculos para servicios comerciales"},"content":{"rendered":"\r\n<div   class=\"hero-block bighero\">\r\n    <img loading=\"lazy\" decoding=\"async\" width=\"1136\" height=\"438\" src=\"https:\/\/www.quartix.com\/content\/uploads\/2024\/03\/trades-guide-van-man-2.png\" class=\"\" alt=\"\" \/>                <div class=\"hero-overlay\"><\/div>\r\n            \r\n\r\n\r\n    <div class=\"hero-content \">\r\n        <div class=\"inner limited-width\">\r\n                                                <p class=\"title stylelikeh1\">Seguimiento de veh\u00edculos para el sector comercial<\/p>\r\n                                <p class=\"text\">Descubre las ventajas y el ahorro que la localizaci\u00f3n de veh\u00edculos puede aportar a empresas de todo tipo de oficios.<\/p>                                        <div class=\"buttons\">\r\n                    <a href=\"https:\/\/go.marketing.quartix.com\/Guia_de_seguimiento_de_vehiculos_para_oficios\" class=\"btn btn-green btn-inline\" target=\"_blank\" title=\"DESCARGA LA GU\u00cdA\">DESCARGA LA GU\u00cdA<\/a>\r\n                <\/div>\r\n                    <\/div>\r\n    <\/div>\r\n<\/div>\n\n\r\n<div   class=\"hero-block smallhero landing-cta\">\r\n            <div class=\"hero-overlay whitebg\"><\/div>\r\n        <div class=\"hero-content whitebg noimage\">\r\n        <div class=\"inner\">\r\n            <h2 class=\"title\">Utiliza la telem\u00e1tica para controlar tus veh\u00edculos y centrarte en el n\u00facleo de tu negocio<\/h2>            <div class=\"author\"><p>En esta gu\u00eda, aprender\u00e1s c\u00f3mo tu sistema de localizaci\u00f3n de veh\u00edculos puede ayudarte a:<\/p>\n<\/div>            <div class='landingctalist centrelist'><ul class='ticks fa-ul' style=''><li><span class='fa-li'><i class='fas fa-check-circle'><\/i><\/span>Aumentar la productividad con datos de localizaci\u00f3n en tiempo real<\/li><li><span class='fa-li'><i class='fas fa-check-circle'><\/i><\/span>Garantizar una contabilidad precisa con hojas de horas detalladas<\/li><li><span class='fa-li'><i class='fas fa-check-circle'><\/i><\/span>Crear una cultura de seguridad con informes sobre el comportamiento de los conductores<\/li><\/ul><\/div>            \r\n                            <div class=\"buttons\">\r\n                    <a href=\"https:\/\/go.marketing.quartix.com\/Guia_de_seguimiento_de_vehiculos_para_oficios\" class=\"btn btn-green\" target=\"_blank\" title=\"DESCARGA LA GU\u00cdA\">DESCARGA LA GU\u00cdA<\/a>\r\n                <\/div>\r\n                    <\/div>\r\n    <\/div>\r\n<\/div>\n\n\r\n\r\n        <div  class=\"landingpageouter\" style=\"background-color:#f8f8f8 ;\">\r\n        <div class=\"landingpagecolsblock twocols4060 \">\r\n            <div class=\"col1\">\r\n                <p class=\"pre-title\">Elevadores Apex<\/p>                <h2 class=\"\">Mick Holderness, Director de producci\u00f3n  <\/h2>                <div class='wysiwyg'><p>&#8220;Trabajamos en un entorno cada vez m\u00e1s competitivo, por lo que tenemos que reducir nuestros costes. Analizamos las rutas que tomamos y las barajamos para que sean m\u00e1s viables desde el punto de vista econ\u00f3mico; esto nos ayuda a reducir el consumo de combustible y a ahorrar tiempo.&#8221;<\/p>\n<\/div>            <\/div>\r\n            <div class=\"col2\">\r\n                <div class=\"responsivemedia\"><img loading=\"lazy\" decoding=\"async\" width=\"300\" height=\"194\" src=\"https:\/\/www.quartix.com\/content\/uploads\/2018\/06\/ApexLifts1-1.jpg\" class=\"\" alt=\"\" \/><\/div>            <\/div>\r\n                        <\/div>\r\n    <\/div>\r\n\r\n\r\n\n\n\r\n\r\n        <div  class=\"landingpageouter\" style=\"background-color:#efefef ;\">\r\n        <div class=\"landingpagecolsblock twocols4060 swap-content\">\r\n            <div class=\"col1\">\r\n                <p class=\"pre-title\">\u00bfC\u00f3mo funciona?<\/p>                <h2 class=\"\">Con el seguimiento de veh\u00edculos, puedes&#8230;<\/h2>                <div class='wysiwyg'><ul>\n<li>Vigilar el paradero de tu veh\u00edculo y de tus empleados durante el d\u00eda y la noche.<\/li>\n<li>Utilizar informes de viaje y hojas de horas para asegurarte de que a tus clientes solo se les factura por el tiempo que estuviste en el lugar y de que a tus empleados se les compensa por todo ese tiempo.<\/li>\n<li>Observar c\u00f3mo se comportan tus conductores en la carretera y ver qu\u00e9 conductores necesitan m\u00e1s entrenamiento para asegurarte de que tus veh\u00edculos se manejan de forma segura.<\/li>\n<\/ul>\n<\/div>            <\/div>\r\n            <div class=\"col2\">\r\n                <div class=\"responsivemedia\"><img loading=\"lazy\" decoding=\"async\" width=\"640\" height=\"525\" src=\"https:\/\/www.quartix.com\/content\/uploads\/2024\/03\/trades-guide-plumber.png\" class=\"\" alt=\"\" \/><\/div>            <\/div>\r\n                        <\/div>\r\n    <\/div>\r\n\r\n\r\n\n\n\r\n\r\n        <div  class=\"landingpageouter\" style=\"background-color:#f8f8f8 ;\">\r\n        <div class=\"landingpagecolsblock twocols4060 \">\r\n            <div class=\"col1\">\r\n                <p class=\"pre-title\">Sincron\u00eda de Incendios y Seguridad  <\/p>                <h2 class=\"\">Sandra Long, Directora de Oficina  <\/h2>                <div class='wysiwyg'><p>&#8220;Quartix cuenta con un personal de atenci\u00f3n telef\u00f3nica muy servicial que responde r\u00e1pidamente a las consultas. Su soporte t\u00e9cnico es eficiente y competente. Tambi\u00e9n ha habido una buena comunicaci\u00f3n a la hora de pedir nuevos rastreadores. La informaci\u00f3n actualizada se facilita a tiempo&#8221;.<\/p>\n<\/div>            <\/div>\r\n            <div class=\"col2\">\r\n                <div class=\"responsivemedia\"><img loading=\"lazy\" decoding=\"async\" width=\"472\" height=\"424\" src=\"https:\/\/www.quartix.com\/content\/uploads\/2024\/03\/syncro-van-1.png\" class=\"\" alt=\"\" \/><\/div>            <\/div>\r\n                        <\/div>\r\n    <\/div>\r\n\r\n\r\n\n\n\r\n<div   class=\"hero-block smallhero\">\r\n    <img loading=\"lazy\" decoding=\"async\" width=\"1200\" height=\"523\" src=\"https:\/\/www.quartix.com\/content\/uploads\/2024\/03\/trades-guide-roofer-1.png\" class=\"\" alt=\"\" \/>                <div class=\"hero-overlay\"><\/div>\r\n            \r\n\r\n\r\n    <div class=\"hero-content \">\r\n        <div class=\"inner\">\r\n                            <p class=\"title stylelikeh3\">Proporciona un servicio excelente a tus clientes al tiempo que gestionas una flota segura y responsable<\/p>                                                        <div class=\"buttons\">\r\n                    <a href=\"https:\/\/go.marketing.quartix.com\/Guia_de_seguimiento_de_vehiculos_para_oficios\" class=\"btn btn-green btn-inline\" target=\"_blank\" title=\"DESCARGA LA GU\u00cdA\">DESCARGA LA GU\u00cdA<\/a>\r\n                <\/div>\r\n                    <\/div>\r\n    <\/div>\r\n<\/div>\n\n\n<div class=\"wp-block-columns is-layout-flex wp-container-core-columns-is-layout-28f84493 wp-block-columns-is-layout-flex\">\n<div class=\"wp-block-column is-layout-flow wp-block-column-is-layout-flow\">\n<h2 class=\"wp-block-heading\">Tu gu\u00eda de localizaci\u00f3n de veh\u00edculos para el sector comercial<\/h2>\n\n\n\n<p>Con el seguimiento de veh\u00edculos de tu lado, puedes estar seguro de que tu negocio funciona de forma segura y eficiente.<\/p>\n\n\n    <div class=\"button-container \">\r\n<a href=\"https:\/\/go.marketing.quartix.com\/Guia_de_seguimiento_de_vehiculos_para_oficios\" class=\"btn pagebuilder-btn btn-green btn-\" title=\"DESCARGA LA GU\u00cdA\" target=\"_blank\">DESCARGA LA GU\u00cdA<\/a>\r\n<\/div>\r\n<\/div>\n\n\n\n<div class=\"wp-block-column is-layout-flow wp-block-column-is-layout-flow\">\n<figure class=\"wp-block-image size-full\"><img loading=\"lazy\" decoding=\"async\" width=\"545\" height=\"650\" src=\"https:\/\/www.quartix.com\/content\/uploads\/2024\/08\/es-trades-guide.png\" alt=\"\" class=\"wp-image-108903\" srcset=\"https:\/\/www.quartix.com\/content\/uploads\/2024\/08\/es-trades-guide.png 545w, https:\/\/www.quartix.com\/content\/uploads\/2024\/08\/es-trades-guide-252x300.png 252w\" sizes=\"auto, (max-width: 545px) 100vw, 545px\" \/><\/figure>\n<\/div>\n<\/div>\n","protected":false},"excerpt":{"rendered":"<p>Tu gu\u00eda de localizaci\u00f3n de veh\u00edculos para el sector comercial Con el seguimiento de veh\u00edculos de tu lado, puedes estar seguro de que tu negocio funciona de forma segura y eficiente.<\/p>\n","protected":false},"author":6,"featured_media":38283,"parent":0,"menu_order":3408,"comment_status":"closed","ping_status":"closed","template":"templates\/landing-pagebuilder.php","meta":{"_acf_changed":false,"inline_featured_image":false,"footnotes":""},"topic":[],"qtx_campaign":[],"class_list":["post-69905","page","type-page","status-publish","has-post-thumbnail","hentry"],"acf":[],"yoast_head":"<!-- This site is optimized with the Yoast SEO Premium plugin v27.3 (Yoast SEO v27.3) - https:\/\/yoast.com\/product\/yoast-seo-premium-wordpress\/ -->\n<title>Rastreo de veh\u00edculos para servicios comerciales - ES<\/title>\n<meta name=\"description\" content=\"El rastreo de veh\u00edculos puede ser una valiosa herramienta de reducci\u00f3n de costos y mejora de la productividad para cualquier industria comercial.\" \/>\n<meta name=\"robots\" content=\"index, follow, max-snippet:-1, max-image-preview:large, max-video-preview:-1\" \/>\n<link rel=\"canonical\" href=\"https:\/\/www.quartix.com\/es-es\/rastreo-de-vehiculos-para-servicios-comerciales\/\" \/>\n<meta property=\"og:locale\" content=\"es_ES\" \/>\n<meta property=\"og:type\" content=\"article\" \/>\n<meta property=\"og:title\" content=\"Rastreo de veh\u00edculos para servicios comerciales\" \/>\n<meta property=\"og:description\" content=\"El rastreo de veh\u00edculos puede ser una valiosa herramienta de reducci\u00f3n de costos y mejora de la productividad para cualquier industria comercial.\" \/>\n<meta property=\"og:url\" content=\"https:\/\/www.quartix.com\/es-es\/rastreo-de-vehiculos-para-servicios-comerciales\/\" \/>\n<meta property=\"og:site_name\" content=\"Quartix\" \/>\n<meta property=\"article:publisher\" content=\"https:\/\/www.facebook.com\/Quartix-USA-374426386097401\/\" \/>\n<meta property=\"article:modified_time\" content=\"2024-08-09T14:11:23+00:00\" \/>\n<meta property=\"og:image\" content=\"https:\/\/www.quartix.com\/content\/uploads\/2020\/01\/Trades-Guide-Image-Small.jpg\" \/>\n\t<meta property=\"og:image:width\" content=\"500\" \/>\n\t<meta property=\"og:image:height\" content=\"333\" \/>\n\t<meta property=\"og:image:type\" content=\"image\/jpeg\" \/>\n<meta name=\"twitter:card\" content=\"summary_large_image\" \/>\n<meta name=\"twitter:site\" content=\"@QuartixUSA\" \/>\n<meta name=\"twitter:label1\" content=\"Est. reading time\" \/>\n\t<meta name=\"twitter:data1\" content=\"3 minutes\" \/>\n<!-- \/ Yoast SEO Premium plugin. -->","yoast_head_json":{"title":"Rastreo de veh\u00edculos para servicios comerciales - ES","description":"El rastreo de veh\u00edculos puede ser una valiosa herramienta de reducci\u00f3n de costos y mejora de la productividad para cualquier industria comercial.","robots":{"index":"index","follow":"follow","max-snippet":"max-snippet:-1","max-image-preview":"max-image-preview:large","max-video-preview":"max-video-preview:-1"},"canonical":"https:\/\/www.quartix.com\/es-es\/rastreo-de-vehiculos-para-servicios-comerciales\/","og_locale":"es_ES","og_type":"article","og_title":"Rastreo de veh\u00edculos para servicios comerciales","og_description":"El rastreo de veh\u00edculos puede ser una valiosa herramienta de reducci\u00f3n de costos y mejora de la productividad para cualquier industria comercial.","og_url":"https:\/\/www.quartix.com\/es-es\/rastreo-de-vehiculos-para-servicios-comerciales\/","og_site_name":"Quartix","article_publisher":"https:\/\/www.facebook.com\/Quartix-USA-374426386097401\/","article_modified_time":"2024-08-09T14:11:23+00:00","og_image":[{"width":500,"height":333,"url":"https:\/\/www.quartix.com\/content\/uploads\/2020\/01\/Trades-Guide-Image-Small.jpg","type":"image\/jpeg"}],"twitter_card":"summary_large_image","twitter_site":"@QuartixUSA","twitter_misc":{"Est. reading time":"3 minutes"},"schema":{"@context":"https:\/\/schema.org","@graph":[{"@type":"WebPage","@id":"https:\/\/www.quartix.com\/es-es\/rastreo-de-vehiculos-para-servicios-comerciales\/","url":"https:\/\/www.quartix.com\/es-es\/rastreo-de-vehiculos-para-servicios-comerciales\/","name":"Rastreo de veh\u00edculos para servicios comerciales","isPartOf":{"@id":"https:\/\/www.quartix.com\/es-es\/#website"},"primaryImageOfPage":{"@id":"https:\/\/www.quartix.com\/es-es\/rastreo-de-vehiculos-para-servicios-comerciales\/#primaryimage"},"image":{"@id":"https:\/\/www.quartix.com\/es-es\/rastreo-de-vehiculos-para-servicios-comerciales\/#primaryimage"},"thumbnailUrl":"https:\/\/www.quartix.com\/content\/uploads\/2020\/01\/Trades-Guide-Image-Small.jpg","datePublished":"2021-11-11T10:36:12+00:00","dateModified":"2024-08-09T14:11:23+00:00","description":"El rastreo de veh\u00edculos puede ser una valiosa herramienta de reducci\u00f3n de costos y mejora de la productividad para cualquier industria comercial.","breadcrumb":{"@id":"https:\/\/www.quartix.com\/es-es\/rastreo-de-vehiculos-para-servicios-comerciales\/#breadcrumb"},"inLanguage":"es-ES","potentialAction":[{"@type":"ReadAction","target":["https:\/\/www.quartix.com\/es-es\/rastreo-de-vehiculos-para-servicios-comerciales\/"]}]},{"@type":"ImageObject","inLanguage":"es-ES","@id":"https:\/\/www.quartix.com\/es-es\/rastreo-de-vehiculos-para-servicios-comerciales\/#primaryimage","url":"https:\/\/www.quartix.com\/content\/uploads\/2020\/01\/Trades-Guide-Image-Small.jpg","contentUrl":"https:\/\/www.quartix.com\/content\/uploads\/2020\/01\/Trades-Guide-Image-Small.jpg","width":500,"height":333,"caption":"Quartix Fleet Image"},{"@type":"BreadcrumbList","@id":"https:\/\/www.quartix.com\/es-es\/rastreo-de-vehiculos-para-servicios-comerciales\/#breadcrumb","itemListElement":[{"@type":"ListItem","position":1,"name":"Inicio","item":"https:\/\/www.quartix.com\/es-es\/quartix-localizacion-de-vehiculos-en-tiempo-real\/"},{"@type":"ListItem","position":2,"name":"Rastreo de veh\u00edculos para servicios comerciales"}]},{"@type":"WebSite","@id":"https:\/\/www.quartix.com\/es-es\/#website","url":"https:\/\/www.quartix.com\/es-es\/","name":"Quartix","description":"Real-time vehicle tracking","publisher":{"@id":"https:\/\/www.quartix.com\/es-es\/#organization"},"potentialAction":[{"@type":"SearchAction","target":{"@type":"EntryPoint","urlTemplate":"https:\/\/www.quartix.com\/es-es\/?s={search_term_string}"},"query-input":{"@type":"PropertyValueSpecification","valueRequired":true,"valueName":"search_term_string"}}],"inLanguage":"es-ES"},{"@type":"Organization","@id":"https:\/\/www.quartix.com\/es-es\/#organization","name":"Quartix","url":"https:\/\/www.quartix.com\/es-es\/","logo":{"@type":"ImageObject","inLanguage":"es-ES","@id":"https:\/\/www.quartix.com\/es-es\/#\/schema\/logo\/image\/","url":"https:\/\/www.quartix.com\/content\/uploads\/2019\/02\/quartix-logo-eur.svg","contentUrl":"https:\/\/www.quartix.com\/content\/uploads\/2019\/02\/quartix-logo-eur.svg","width":1,"height":1,"caption":"Quartix"},"image":{"@id":"https:\/\/www.quartix.com\/es-es\/#\/schema\/logo\/image\/"},"sameAs":["https:\/\/www.facebook.com\/Quartix-USA-374426386097401\/","https:\/\/x.com\/QuartixUSA","https:\/\/www.linkedin.com\/company\/5346733\/","https:\/\/www.youtube.com\/channel\/UCzS-_GMfHF4kWiCheyIRrAQ"]}]}},"_links":{"self":[{"href":"https:\/\/www.quartix.com\/es-es\/wp-json\/wp\/v2\/pages\/69905","targetHints":{"allow":["GET"]}}],"collection":[{"href":"https:\/\/www.quartix.com\/es-es\/wp-json\/wp\/v2\/pages"}],"about":[{"href":"https:\/\/www.quartix.com\/es-es\/wp-json\/wp\/v2\/types\/page"}],"author":[{"embeddable":true,"href":"https:\/\/www.quartix.com\/es-es\/wp-json\/wp\/v2\/users\/6"}],"replies":[{"embeddable":true,"href":"https:\/\/www.quartix.com\/es-es\/wp-json\/wp\/v2\/comments?post=69905"}],"version-history":[{"count":0,"href":"https:\/\/www.quartix.com\/es-es\/wp-json\/wp\/v2\/pages\/69905\/revisions"}],"wp:featuredmedia":[{"embeddable":true,"href":"https:\/\/www.quartix.com\/es-es\/wp-json\/wp\/v2\/media\/38283"}],"wp:attachment":[{"href":"https:\/\/www.quartix.com\/es-es\/wp-json\/wp\/v2\/media?parent=69905"}],"wp:term":[{"taxonomy":"topic","embeddable":true,"href":"https:\/\/www.quartix.com\/es-es\/wp-json\/wp\/v2\/topic?post=69905"},{"taxonomy":"qtx_campaign","embeddable":true,"href":"https:\/\/www.quartix.com\/es-es\/wp-json\/wp\/v2\/qtx_campaign?post=69905"}],"curies":[{"name":"wp","href":"https:\/\/api.w.org\/{rel}","templated":true}]}}