{"id":69933,"date":"2021-11-11T13:16:20","date_gmt":"2021-11-11T12:16:20","guid":{"rendered":"https:\/\/www.quartix.com\/?page_id=69933"},"modified":"2024-07-10T10:08:15","modified_gmt":"2024-07-10T09:08:15","slug":"guia-del-usuario-para-el-rastreo-de-vehiculos","status":"publish","type":"page","link":"https:\/\/www.quartix.com\/es-es\/guia-del-usuario-para-el-rastreo-de-vehiculos\/","title":{"rendered":"Gu\u00eda del usuario para el rastreo de veh\u00edculos"},"content":{"rendered":"\r\n<div   class=\"hero-block bighero\">\r\n    <img loading=\"lazy\" decoding=\"async\" width=\"940\" height=\"268\" src=\"https:\/\/www.quartix.com\/content\/uploads\/2024\/01\/US-roads-busy-2.png\" class=\"\" alt=\"\" \/>                <div class=\"hero-overlay\"><\/div>\r\n            \r\n\r\n\r\n    <div class=\"hero-content \">\r\n        <div class=\"inner limited-width\">\r\n                                                <p class=\"title stylelikeh1\">Gu\u00eda de Compra para el Seguimiento de Veh\u00edculos<\/p>\r\n                                <p class=\"text\">Determina las preguntas que necesitas hacer para asegurarte de obtener el mejor sistema telem\u00e1tico para tu negocio.<\/p>                                        <div class=\"buttons\">\r\n                    <a href=\"https:\/\/go.marketing.quartix.com\/Guia_de_compra_para_el_seguimiento_de_vehiculos\" class=\"btn btn-green btn-inline\" target=\"_blank\" title=\"DESCARGA LA GU\u00cdA\">DESCARGA LA GU\u00cdA<\/a>\r\n                <\/div>\r\n                    <\/div>\r\n    <\/div>\r\n<\/div>\n\n\r\n<div   class=\"hero-block smallhero landing-cta\">\r\n            <div class=\"hero-overlay greybg\"><\/div>\r\n        <div class=\"hero-content greybg noimage\">\r\n        <div class=\"inner\">\r\n            <h2 class=\"title\">Descubre qu\u00e9 hace a un buen sistema de seguimiento de veh\u00edculos y c\u00f3mo puedes obtener el mayor retorno de tu inversi\u00f3n<\/h2>            <div class=\"author\"><p>En esta gu\u00eda, aprender\u00e1s:<\/p>\n<\/div>            <div class='landingctalist'><ul class='ticks fa-ul' style=''><li><span class='fa-li'><i class='fas fa-check-circle'><\/i><\/span>Qu\u00e9 informes de seguimiento de veh\u00edculos pueden ayudar a mejorar la productividad<\/li><li><span class='fa-li'><i class='fas fa-check-circle'><\/i><\/span>Qu\u00e9 conocimientos telem\u00e1ticos pueden usarse para mitigar costes generales<\/li><li><span class='fa-li'><i class='fas fa-check-circle'><\/i><\/span>C\u00f3mo tu sistema de seguimiento de veh\u00edculos puede ayudarte a proteger a tus conductores<\/li><\/ul><\/div>            \r\n                            <div class=\"buttons\">\r\n                    <a href=\"https:\/\/go.marketing.quartix.com\/Guia_de_compra_para_el_seguimiento_de_vehiculos\" class=\"btn btn-green\" target=\"_blank\" title=\"DESCARGA LA GU\u00cdA\">DESCARGA LA GU\u00cdA<\/a>\r\n                <\/div>\r\n                    <\/div>\r\n    <\/div>\r\n<\/div>\n\n\r\n\r\n        <div  class=\"landingpageouter\" style=\"background-color:#ffffff ;\">\r\n        <div class=\"landingpagecolsblock twocols4060 \">\r\n            <div class=\"col1\">\r\n                <p class=\"pre-title\">MEJORANDO LAS OPERACIONES<\/p>                                <div class='wysiwyg'><p>Descubre c\u00f3mo un sistema de seguimiento de veh\u00edculos con hojas de horas, informes personalizados, alertas autom\u00e1ticas y la comodidad de una app m\u00f3vil te ayudar\u00e1 a liberar tu tiempo para que puedas centrarte en el n\u00facleo de tu negocio.<\/p>\n<\/div>            <\/div>\r\n            <div class=\"col2\">\r\n                <div class=\"responsivemedia\"><img loading=\"lazy\" decoding=\"async\" width=\"500\" height=\"339\" src=\"https:\/\/www.quartix.com\/content\/uploads\/2024\/03\/man-working-on-vehicle-tracking-laws-1.png\" class=\"\" alt=\"Van tracking for businesses system reports\" \/><\/div>            <\/div>\r\n                        <\/div>\r\n    <\/div>\r\n\r\n\r\n\n\n\r\n\r\n        <div  class=\"landingpageouter\" style=\"background-color:#efefef ;\">\r\n        <div class=\"landingpagecolsblock twocols4060 swap-content\">\r\n            <div class=\"col1\">\r\n                <p class=\"pre-title\">REDUCCI\u00d3N DE COSTES DE COMBUSTIBLE<\/p>                                <div class='wysiwyg'><p>Con los precios del combustible siempre en aumento, asegurarte de que tu flota sea lo m\u00e1s eficiente posible puede marcar una gran diferencia en tus beneficios. Descubre c\u00f3mo el seguimiento de veh\u00edculos puede ayudarte a identificar \u00e1reas, como el exceso de ralent\u00ed, donde se pueden realizar mejoras.<\/p>\n<\/div>            <\/div>\r\n            <div class=\"col2\">\r\n                <div class=\"responsivemedia\"><img loading=\"lazy\" decoding=\"async\" width=\"640\" height=\"687\" src=\"https:\/\/www.quartix.com\/content\/uploads\/2024\/07\/fuel-pump-spain-768x824.png\" class=\"\" alt=\"\" srcset=\"https:\/\/www.quartix.com\/content\/uploads\/2024\/07\/fuel-pump-spain-768x824.png 768w, https:\/\/www.quartix.com\/content\/uploads\/2024\/07\/fuel-pump-spain-280x300.png 280w, https:\/\/www.quartix.com\/content\/uploads\/2024\/07\/fuel-pump-spain-932x1000.png 932w, https:\/\/www.quartix.com\/content\/uploads\/2024\/07\/fuel-pump-spain.png 959w\" sizes=\"auto, (max-width: 640px) 100vw, 640px\" \/><\/div>            <\/div>\r\n                        <\/div>\r\n    <\/div>\r\n\r\n\r\n\n\n\r\n\r\n        <div  class=\"landingpageouter\" style=\"background-color:#f8f8f8 ;\">\r\n        <div class=\"landingpagecolsblock twocols4060 \">\r\n            <div class=\"col1\">\r\n                <p class=\"pre-title\">APOYANDO A LOS CONDUCTORES<\/p>                                <div class='wysiwyg'><p>Aprende c\u00f3mo el seguimiento de veh\u00edculos puede proporcionarle a tu negocio las herramientas necesarias para reconocer cu\u00e1les de tus conductores pueden ser entrenados en mejores h\u00e1bitos de conducci\u00f3n, creando as\u00ed una flota m\u00e1s segura.<\/p>\n<\/div>            <\/div>\r\n            <div class=\"col2\">\r\n                <div class=\"responsivemedia\"><img loading=\"lazy\" decoding=\"async\" width=\"640\" height=\"414\" src=\"https:\/\/www.quartix.com\/content\/uploads\/2024\/01\/US-man-driving-truck.png\" class=\"\" alt=\"\" \/><\/div>            <\/div>\r\n                        <\/div>\r\n    <\/div>\r\n\r\n\r\n\n\n\r\n<div   class=\"hero-block smallhero landing-cta\">\r\n    <img loading=\"lazy\" decoding=\"async\" width=\"845\" height=\"425\" src=\"https:\/\/www.quartix.com\/content\/uploads\/2024\/07\/es-van-on-roads-cropped.png\" class=\"\" alt=\"\" srcset=\"https:\/\/www.quartix.com\/content\/uploads\/2024\/07\/es-van-on-roads-cropped.png 845w, https:\/\/www.quartix.com\/content\/uploads\/2024\/07\/es-van-on-roads-cropped-300x151.png 300w, https:\/\/www.quartix.com\/content\/uploads\/2024\/07\/es-van-on-roads-cropped-768x386.png 768w\" sizes=\"auto, (max-width: 845px) 100vw, 845px\" \/>        <div class=\"hero-overlay\"><\/div>\r\n        <div class=\"hero-content \">\r\n        <div class=\"inner\">\r\n            <h2 class=\"title\">Aseg\u00farate de elegir el proveedor adecuado de seguimiento de veh\u00edculos<\/h2>            <div class=\"author\"><p>En esta gu\u00eda, entender\u00e1s c\u00f3mo evaluar la empresa en la que est\u00e1s invirtiendo cuando instalas un sistema telem\u00e1tico preguntando por:<\/p>\n<\/div>            <div class='landingctalist centrelist'><ul class='ticks fa-ul' style=''><li><span class='fa-li'><i class='fas fa-check-circle'><\/i><\/span>Una demostraci\u00f3n completa e interactiva<\/li><li><span class='fa-li'><i class='fas fa-check-circle'><\/i><\/span>Una prueba gratuita del sistema<\/li><li><span class='fa-li'><i class='fas fa-check-circle'><\/i><\/span>Historias de \u00e9xito de clientes de negocios similares<\/li><li><span class='fa-li'><i class='fas fa-check-circle'><\/i><\/span>Sus premios y logros<\/li><\/ul><\/div>            \r\n                            <div class=\"buttons\">\r\n                    <a href=\"https:\/\/go.marketing.quartix.com\/Guia_de_compra_para_el_seguimiento_de_vehiculos\" class=\"btn btn-green\" target=\"_blank\" title=\"DESCARGA LA GU\u00cdA\">DESCARGA LA GU\u00cdA<\/a>\r\n                <\/div>\r\n                    <\/div>\r\n    <\/div>\r\n<\/div>\n\n\r\n<section class=\"qtx-pagebuilder-section qtx-pagebuilder-section-bannercontent  notopmargin \"\r\nstyle=\"background-color:#13AB5B; color: #FFFFFF;\">\r\n    <div class=\"bannercontentinner\">\r\n        <p style=\"text-align: center\">&#8220;Tuvimos una comunicaci\u00f3n excelente desde el principio y durante todo el proceso de decisi\u00f3n. Nos proporcionaron toda la informaci\u00f3n que necesit\u00e1bamos y nada fue demasiado problema cuando pedimos m\u00e1s informaci\u00f3n. Sentimos que el paquete era exactamente lo que est\u00e1bamos buscando.&#8221;<\/p>\n<p style=\"text-align: center\">-Andrew Davies, Logistica Facilities Management<\/p>\n    <\/div>\r\n<\/section>\n\n\n<div class=\"wp-block-columns is-layout-flex wp-container-core-columns-is-layout-28f84493 wp-block-columns-is-layout-flex\">\n<div class=\"wp-block-column is-layout-flow wp-block-column-is-layout-flow\">\n<h2 class=\"wp-block-heading\">Tu gu\u00eda para la confianza en el seguimiento de veh\u00edculos<\/h2>\n\n\n\n<p>Reconoce qu\u00e9 hace a un buen sistema telem\u00e1tico y c\u00f3mo puedes aprovechar al m\u00e1ximo todo lo que ofrece para ayudar a las operaciones de tu negocio.<\/p>\n\n\n    <div class=\"button-container \">\r\n<a href=\"https:\/\/go.marketing.quartix.com\/Guia_de_compra_para_el_seguimiento_de_vehiculos\" class=\"btn pagebuilder-btn btn-green btn-\" title=\"DESCARGA LA GU\u00cdA\" target=\"_blank\">DESCARGA LA GU\u00cdA<\/a>\r\n<\/div>\r\n<\/div>\n\n\n\n<div class=\"wp-block-column is-layout-flow wp-block-column-is-layout-flow\">\n<figure class=\"wp-block-image size-full is-resized\"><img loading=\"lazy\" decoding=\"async\" width=\"545\" height=\"650\" src=\"https:\/\/www.quartix.com\/content\/uploads\/2024\/07\/es-buyers-guide.png\" alt=\"\" class=\"wp-image-107548\" style=\"width:373px;height:auto\" srcset=\"https:\/\/www.quartix.com\/content\/uploads\/2024\/07\/es-buyers-guide.png 545w, https:\/\/www.quartix.com\/content\/uploads\/2024\/07\/es-buyers-guide-252x300.png 252w\" sizes=\"auto, (max-width: 545px) 100vw, 545px\" \/><\/figure>\n<\/div>\n<\/div>\n","protected":false},"excerpt":{"rendered":"<p>Tu gu\u00eda para la confianza en el seguimiento de veh\u00edculos Reconoce qu\u00e9 hace a un buen sistema telem\u00e1tico y c\u00f3mo puedes aprovechar al m\u00e1ximo todo lo que ofrece para ayudar a las operaciones de tu negocio.<\/p>\n","protected":false},"author":6,"featured_media":32664,"parent":0,"menu_order":3402,"comment_status":"closed","ping_status":"closed","template":"templates\/landing-pagebuilder.php","meta":{"_acf_changed":false,"inline_featured_image":false,"footnotes":""},"topic":[1867],"qtx_campaign":[],"class_list":["post-69933","page","type-page","status-publish","has-post-thumbnail","hentry","topic-eficiencia-y-ahorro"],"acf":[],"yoast_head":"<!-- This site is optimized with the Yoast SEO Premium plugin v27.3 (Yoast SEO v27.3) - https:\/\/yoast.com\/product\/yoast-seo-premium-wordpress\/ -->\n<title>Gu\u00eda del usuario para el rastreo de veh\u00edculos - ES<\/title>\n<meta name=\"description\" content=\"En esta gu\u00eda encontrar\u00e1 las respuestas a las preguntas que le ayudar\u00e1n en la b\u00fasqueda del proveedor de rastreo de veh\u00edculos adecuado.\" \/>\n<meta name=\"robots\" content=\"index, follow, max-snippet:-1, max-image-preview:large, max-video-preview:-1\" \/>\n<link rel=\"canonical\" href=\"https:\/\/www.quartix.com\/es-es\/guia-del-usuario-para-el-rastreo-de-vehiculos\/\" \/>\n<meta property=\"og:locale\" content=\"es_ES\" \/>\n<meta property=\"og:type\" content=\"article\" \/>\n<meta property=\"og:title\" content=\"Gu\u00eda del usuario para el rastreo de veh\u00edculos\" \/>\n<meta property=\"og:description\" content=\"En esta gu\u00eda encontrar\u00e1 las respuestas a las preguntas que le ayudar\u00e1n en la b\u00fasqueda del proveedor de rastreo de veh\u00edculos adecuado.\" \/>\n<meta property=\"og:url\" content=\"https:\/\/www.quartix.com\/es-es\/guia-del-usuario-para-el-rastreo-de-vehiculos\/\" \/>\n<meta property=\"og:site_name\" content=\"Quartix\" \/>\n<meta property=\"article:publisher\" content=\"https:\/\/www.facebook.com\/Quartix-USA-374426386097401\/\" \/>\n<meta property=\"article:modified_time\" content=\"2024-07-10T09:08:15+00:00\" \/>\n<meta property=\"og:image\" content=\"https:\/\/www.quartix.com\/content\/uploads\/2019\/08\/ES-Buyers-Guide-img.png\" \/>\n\t<meta property=\"og:image:width\" content=\"1299\" \/>\n\t<meta property=\"og:image:height\" content=\"1832\" \/>\n\t<meta property=\"og:image:type\" content=\"image\/png\" \/>\n<meta name=\"twitter:card\" content=\"summary_large_image\" \/>\n<meta name=\"twitter:site\" content=\"@QuartixUSA\" \/>\n<meta name=\"twitter:label1\" content=\"Est. reading time\" \/>\n\t<meta name=\"twitter:data1\" content=\"4 minutes\" \/>\n<!-- \/ Yoast SEO Premium plugin. -->","yoast_head_json":{"title":"Gu\u00eda del usuario para el rastreo de veh\u00edculos - ES","description":"En esta gu\u00eda encontrar\u00e1 las respuestas a las preguntas que le ayudar\u00e1n en la b\u00fasqueda del proveedor de rastreo de veh\u00edculos adecuado.","robots":{"index":"index","follow":"follow","max-snippet":"max-snippet:-1","max-image-preview":"max-image-preview:large","max-video-preview":"max-video-preview:-1"},"canonical":"https:\/\/www.quartix.com\/es-es\/guia-del-usuario-para-el-rastreo-de-vehiculos\/","og_locale":"es_ES","og_type":"article","og_title":"Gu\u00eda del usuario para el rastreo de veh\u00edculos","og_description":"En esta gu\u00eda encontrar\u00e1 las respuestas a las preguntas que le ayudar\u00e1n en la b\u00fasqueda del proveedor de rastreo de veh\u00edculos adecuado.","og_url":"https:\/\/www.quartix.com\/es-es\/guia-del-usuario-para-el-rastreo-de-vehiculos\/","og_site_name":"Quartix","article_publisher":"https:\/\/www.facebook.com\/Quartix-USA-374426386097401\/","article_modified_time":"2024-07-10T09:08:15+00:00","og_image":[{"width":1299,"height":1832,"url":"https:\/\/www.quartix.com\/content\/uploads\/2019\/08\/ES-Buyers-Guide-img.png","type":"image\/png"}],"twitter_card":"summary_large_image","twitter_site":"@QuartixUSA","twitter_misc":{"Est. reading time":"4 minutes"},"schema":{"@context":"https:\/\/schema.org","@graph":[{"@type":"WebPage","@id":"https:\/\/www.quartix.com\/es-es\/guia-del-usuario-para-el-rastreo-de-vehiculos\/","url":"https:\/\/www.quartix.com\/es-es\/guia-del-usuario-para-el-rastreo-de-vehiculos\/","name":"Gu\u00eda del usuario para el rastreo de veh\u00edculos","isPartOf":{"@id":"https:\/\/www.quartix.com\/es-es\/#website"},"primaryImageOfPage":{"@id":"https:\/\/www.quartix.com\/es-es\/guia-del-usuario-para-el-rastreo-de-vehiculos\/#primaryimage"},"image":{"@id":"https:\/\/www.quartix.com\/es-es\/guia-del-usuario-para-el-rastreo-de-vehiculos\/#primaryimage"},"thumbnailUrl":"https:\/\/www.quartix.com\/content\/uploads\/2019\/08\/ES-Buyers-Guide-img.png","datePublished":"2021-11-11T12:16:20+00:00","dateModified":"2024-07-10T09:08:15+00:00","description":"En esta gu\u00eda encontrar\u00e1 las respuestas a las preguntas que le ayudar\u00e1n en la b\u00fasqueda del proveedor de rastreo de veh\u00edculos adecuado.","breadcrumb":{"@id":"https:\/\/www.quartix.com\/es-es\/guia-del-usuario-para-el-rastreo-de-vehiculos\/#breadcrumb"},"inLanguage":"es-ES","potentialAction":[{"@type":"ReadAction","target":["https:\/\/www.quartix.com\/es-es\/guia-del-usuario-para-el-rastreo-de-vehiculos\/"]}]},{"@type":"ImageObject","inLanguage":"es-ES","@id":"https:\/\/www.quartix.com\/es-es\/guia-del-usuario-para-el-rastreo-de-vehiculos\/#primaryimage","url":"https:\/\/www.quartix.com\/content\/uploads\/2019\/08\/ES-Buyers-Guide-img.png","contentUrl":"https:\/\/www.quartix.com\/content\/uploads\/2019\/08\/ES-Buyers-Guide-img.png","width":1299,"height":1832},{"@type":"BreadcrumbList","@id":"https:\/\/www.quartix.com\/es-es\/guia-del-usuario-para-el-rastreo-de-vehiculos\/#breadcrumb","itemListElement":[{"@type":"ListItem","position":1,"name":"Inicio","item":"https:\/\/www.quartix.com\/es-es\/quartix-localizacion-de-vehiculos-en-tiempo-real\/"},{"@type":"ListItem","position":2,"name":"Gu\u00eda del usuario para el rastreo de veh\u00edculos"}]},{"@type":"WebSite","@id":"https:\/\/www.quartix.com\/es-es\/#website","url":"https:\/\/www.quartix.com\/es-es\/","name":"Quartix","description":"Real-time vehicle tracking","publisher":{"@id":"https:\/\/www.quartix.com\/es-es\/#organization"},"potentialAction":[{"@type":"SearchAction","target":{"@type":"EntryPoint","urlTemplate":"https:\/\/www.quartix.com\/es-es\/?s={search_term_string}"},"query-input":{"@type":"PropertyValueSpecification","valueRequired":true,"valueName":"search_term_string"}}],"inLanguage":"es-ES"},{"@type":"Organization","@id":"https:\/\/www.quartix.com\/es-es\/#organization","name":"Quartix","url":"https:\/\/www.quartix.com\/es-es\/","logo":{"@type":"ImageObject","inLanguage":"es-ES","@id":"https:\/\/www.quartix.com\/es-es\/#\/schema\/logo\/image\/","url":"https:\/\/www.quartix.com\/content\/uploads\/2019\/02\/quartix-logo-eur.svg","contentUrl":"https:\/\/www.quartix.com\/content\/uploads\/2019\/02\/quartix-logo-eur.svg","width":1,"height":1,"caption":"Quartix"},"image":{"@id":"https:\/\/www.quartix.com\/es-es\/#\/schema\/logo\/image\/"},"sameAs":["https:\/\/www.facebook.com\/Quartix-USA-374426386097401\/","https:\/\/x.com\/QuartixUSA","https:\/\/www.linkedin.com\/company\/5346733\/","https:\/\/www.youtube.com\/channel\/UCzS-_GMfHF4kWiCheyIRrAQ"]}]}},"_links":{"self":[{"href":"https:\/\/www.quartix.com\/es-es\/wp-json\/wp\/v2\/pages\/69933","targetHints":{"allow":["GET"]}}],"collection":[{"href":"https:\/\/www.quartix.com\/es-es\/wp-json\/wp\/v2\/pages"}],"about":[{"href":"https:\/\/www.quartix.com\/es-es\/wp-json\/wp\/v2\/types\/page"}],"author":[{"embeddable":true,"href":"https:\/\/www.quartix.com\/es-es\/wp-json\/wp\/v2\/users\/6"}],"replies":[{"embeddable":true,"href":"https:\/\/www.quartix.com\/es-es\/wp-json\/wp\/v2\/comments?post=69933"}],"version-history":[{"count":0,"href":"https:\/\/www.quartix.com\/es-es\/wp-json\/wp\/v2\/pages\/69933\/revisions"}],"wp:featuredmedia":[{"embeddable":true,"href":"https:\/\/www.quartix.com\/es-es\/wp-json\/wp\/v2\/media\/32664"}],"wp:attachment":[{"href":"https:\/\/www.quartix.com\/es-es\/wp-json\/wp\/v2\/media?parent=69933"}],"wp:term":[{"taxonomy":"topic","embeddable":true,"href":"https:\/\/www.quartix.com\/es-es\/wp-json\/wp\/v2\/topic?post=69933"},{"taxonomy":"qtx_campaign","embeddable":true,"href":"https:\/\/www.quartix.com\/es-es\/wp-json\/wp\/v2\/qtx_campaign?post=69933"}],"curies":[{"name":"wp","href":"https:\/\/api.w.org\/{rel}","templated":true}]}}