{"id":69967,"date":"2021-11-12T14:53:37","date_gmt":"2021-11-12T13:53:37","guid":{"rendered":"https:\/\/www.quartix.com\/?page_id=69967"},"modified":"2024-07-10T09:31:40","modified_gmt":"2024-07-10T08:31:40","slug":"los-beneficios-del-rastreo-de-vehiculos-para-los-conductores","status":"publish","type":"page","link":"https:\/\/www.quartix.com\/es-es\/los-beneficios-del-rastreo-de-vehiculos-para-los-conductores\/","title":{"rendered":"Los beneficios del rastreo de veh\u00edculos para los conductores"},"content":{"rendered":"\r\n<div   class=\"hero-block bighero\">\r\n    <img loading=\"lazy\" decoding=\"async\" width=\"1752\" height=\"558\" src=\"https:\/\/www.quartix.com\/content\/uploads\/2023\/10\/Man-in-van-blue-hat-header-cropped.png\" class=\"\" alt=\"\" srcset=\"https:\/\/www.quartix.com\/content\/uploads\/2023\/10\/Man-in-van-blue-hat-header-cropped.png 1752w, https:\/\/www.quartix.com\/content\/uploads\/2023\/10\/Man-in-van-blue-hat-header-cropped-300x96.png 300w, https:\/\/www.quartix.com\/content\/uploads\/2023\/10\/Man-in-van-blue-hat-header-cropped-1000x318.png 1000w, https:\/\/www.quartix.com\/content\/uploads\/2023\/10\/Man-in-van-blue-hat-header-cropped-768x245.png 768w, https:\/\/www.quartix.com\/content\/uploads\/2023\/10\/Man-in-van-blue-hat-header-cropped-1536x489.png 1536w\" sizes=\"auto, (max-width: 1752px) 100vw, 1752px\" \/>                <div class=\"hero-overlay\"><\/div>\r\n            \r\n\r\n\r\n    <div class=\"hero-content \">\r\n        <div class=\"inner limited-width\">\r\n                                                <p class=\"title stylelikeh1\">Descubre los beneficios del seguimiento de veh\u00edculos para los conductores<\/p>\r\n                                <p class=\"text\">Descubre c\u00f3mo el sistema de seguimiento de veh\u00edculos apoya y protege a las personas que conducen tus veh\u00edculos<\/p>                                        <div class=\"buttons\">\r\n                    <a href=\"https:\/\/go.marketing.quartix.com\/Guia_de_beneficios_para_conductores\" class=\"btn btn-green btn-inline\" target=\"_blank\" title=\"DESCARGA LA GU\u00cdA\">DESCARGA LA GU\u00cdA<\/a>\r\n                <\/div>\r\n                    <\/div>\r\n    <\/div>\r\n<\/div>\n\n\r\n<div   class=\"hero-block smallhero landing-cta\">\r\n            <div class=\"hero-overlay greybg\"><\/div>\r\n        <div class=\"hero-content greybg noimage\">\r\n        <div class=\"inner\">\r\n            <h2 class=\"title\">Entrena y defiende a tus empleados con la abundancia de datos proporcionados por el seguimiento de veh\u00edculos<\/h2>            <div class=\"author\"><p>En esta gu\u00eda, aprender\u00e1s c\u00f3mo el seguimiento de veh\u00edculos puede ayudar a:<\/p>\n<\/div>            <div class='landingctalist centrelist'><ul class='ticks fa-ul' style=''><li><span class='fa-li'><i class='fas fa-check-circle'><\/i><\/span>Que los conductores mejoren sus habilidades y creen una cultura de seguridad<\/li><li><span class='fa-li'><i class='fas fa-check-circle'><\/i><\/span>Resolver discrepancias en facturas o hojas de horas para asegurar que los conductores sean pagados justamente<\/li><li><span class='fa-li'><i class='fas fa-check-circle'><\/i><\/span>Proteger a los conductores de reclamaciones falsas de seguros o accidentes con datos precisos de ubicaci\u00f3n<\/li><\/ul><\/div>            \r\n                            <div class=\"buttons\">\r\n                    <a href=\"https:\/\/go.marketing.quartix.com\/Guia_de_beneficios_para_conductores\" class=\"btn btn-green\" target=\"_blank\" title=\"DESCARGA LA GU\u00cdA\">DESCARGA LA GU\u00cdA<\/a>\r\n                <\/div>\r\n                    <\/div>\r\n    <\/div>\r\n<\/div>\n\n\r\n\r\n        <div  class=\"landingpageouter\" style=\"background-color:#ffffff ;\">\r\n        <div class=\"landingpagecolsblock twocols4060 \">\r\n            <div class=\"col1\">\r\n                <p class=\"pre-title\">FOMENTA\u2026<\/p>                <h2 class=\"\">H\u00e1bitos de conducci\u00f3n m\u00e1s seguros<\/h2>                <div class='wysiwyg'><p>Aprende c\u00f3mo los conocimientos que obtendr\u00e1s de los datos del seguimiento de veh\u00edculos pueden traducirse en pasos claros que puedes animar a tus conductores a tomar, para protegerse a s\u00ed mismos y a otros conductores en la carretera.<\/p>\n<\/div>            <\/div>\r\n            <div class=\"col2\">\r\n                <div class=\"responsivemedia\"><img loading=\"lazy\" decoding=\"async\" width=\"640\" height=\"427\" src=\"https:\/\/www.quartix.com\/content\/uploads\/2021\/08\/driver-performance-review-768x512.jpg\" class=\"\" alt=\"fleet manager and driver reviewing driving performance \" srcset=\"https:\/\/www.quartix.com\/content\/uploads\/2021\/08\/driver-performance-review-768x512.jpg 768w, https:\/\/www.quartix.com\/content\/uploads\/2021\/08\/driver-performance-review-300x200.jpg 300w, https:\/\/www.quartix.com\/content\/uploads\/2021\/08\/driver-performance-review-1000x667.jpg 1000w, https:\/\/www.quartix.com\/content\/uploads\/2021\/08\/driver-performance-review.jpg 1152w\" sizes=\"auto, (max-width: 640px) 100vw, 640px\" \/><\/div>            <\/div>\r\n                        <\/div>\r\n    <\/div>\r\n\r\n\r\n\n\n\r\n\r\n        <div  class=\"landingpageouter\" style=\"background-color:#efefef ;\">\r\n        <div class=\"landingpagecolsblock twocols4060 swap-content\">\r\n            <div class=\"col1\">\r\n                <p class=\"pre-title\">GARANTIZA\u2026<\/p>                <h2 class=\"\">Una compensaci\u00f3n justa y equitativa<\/h2>                <div class='wysiwyg'><p>Con el sistema de seguimiento de veh\u00edculos proporcionando informaci\u00f3n concreta, descubre c\u00f3mo evitar inconsistencias en las horas de trabajo, hojas de horas o facturas, asegurando que tus conductores sepan que est\u00e1n siendo pagados correctamente.<\/p>\n<\/div>            <\/div>\r\n            <div class=\"col2\">\r\n                <div class=\"responsivemedia\"><img loading=\"lazy\" decoding=\"async\" width=\"640\" height=\"428\" src=\"https:\/\/www.quartix.com\/content\/uploads\/2023\/05\/Fleet-Manager-Checking-Fleet-Inspections-768x513.jpg\" class=\"\" alt=\"\" srcset=\"https:\/\/www.quartix.com\/content\/uploads\/2023\/05\/Fleet-Manager-Checking-Fleet-Inspections-768x513.jpg 768w, https:\/\/www.quartix.com\/content\/uploads\/2023\/05\/Fleet-Manager-Checking-Fleet-Inspections-300x200.jpg 300w, https:\/\/www.quartix.com\/content\/uploads\/2023\/05\/Fleet-Manager-Checking-Fleet-Inspections.jpg 800w\" sizes=\"auto, (max-width: 640px) 100vw, 640px\" \/><\/div>            <\/div>\r\n                        <\/div>\r\n    <\/div>\r\n\r\n\r\n\n\n\r\n\r\n        <div  class=\"landingpageouter\" style=\"background-color:#f8f8f8 ;\">\r\n        <div class=\"landingpagecolsblock twocols4060 \">\r\n            <div class=\"col1\">\r\n                <p class=\"pre-title\">PROTEGE\u2026<\/p>                <h2 class=\"\">Contra reclamaciones falsas de terceros<\/h2>                <div class='wysiwyg'><p>Descubre c\u00f3mo tener el seguimiento de veh\u00edculos como un testigo silencioso al lado de tu conductor puede protegerlos de reclamaciones falsas de exceso de velocidad, frenadas bruscas o incluso da\u00f1os a la propiedad.<\/p>\n<\/div>            <\/div>\r\n            <div class=\"col2\">\r\n                <div class=\"responsivemedia\"><img loading=\"lazy\" decoding=\"async\" width=\"640\" height=\"537\" src=\"https:\/\/www.quartix.com\/content\/uploads\/2024\/01\/employee-and-employer-talking-vehicle-tracking.png\" class=\"\" alt=\"\" \/><\/div>            <\/div>\r\n                        <\/div>\r\n    <\/div>\r\n\r\n\r\n\n\n\r\n<div   class=\"hero-block smallhero\">\r\n    <img loading=\"lazy\" decoding=\"async\" width=\"940\" height=\"239\" src=\"https:\/\/www.quartix.com\/content\/uploads\/2024\/07\/US-FR-driver-behind-wheel-1.png\" class=\"\" alt=\"\" srcset=\"https:\/\/www.quartix.com\/content\/uploads\/2024\/07\/US-FR-driver-behind-wheel-1.png 940w, https:\/\/www.quartix.com\/content\/uploads\/2024\/07\/US-FR-driver-behind-wheel-1-300x76.png 300w, https:\/\/www.quartix.com\/content\/uploads\/2024\/07\/US-FR-driver-behind-wheel-1-768x195.png 768w\" sizes=\"auto, (max-width: 940px) 100vw, 940px\" \/>                <div class=\"hero-overlay\"><\/div>\r\n            \r\n\r\n\r\n    <div class=\"hero-content \">\r\n        <div class=\"inner\">\r\n                            <p class=\"title stylelikeh3\">Emplea el seguimiento de veh\u00edculos y los datos que proporciona para defender y proteger a tus conductores<\/p>                <div class=\"author\"><p>Utiliza esta gu\u00eda para ayudar a abordar cualquier preocupaci\u00f3n que tus empleados tengan sobre el sistema de seguimiento de veh\u00edculos mostr\u00e1ndoles los beneficios que recibir\u00e1n del seguimiento.<\/p>\n<\/div>                                        <div class=\"buttons\">\r\n                    <a href=\"https:\/\/go.marketing.quartix.com\/Guia_de_beneficios_para_conductores\" class=\"btn btn-green btn-inline\" target=\"_blank\" title=\"DESCARGA LA GU\u00cdA\">DESCARGA LA GU\u00cdA<\/a>\r\n                <\/div>\r\n                    <\/div>\r\n    <\/div>\r\n<\/div>\n\n\r\n<section class=\"qtx-pagebuilder-section qtx-pagebuilder-section-bannercontent  notopmargin \"\r\nstyle=\"background-color:#13AB5B; color: #FFFFFF;\">\r\n    <div class=\"bannercontentinner\">\r\n        <p style=\"text-align: center\">&#8220;El seguimiento de veh\u00edculos de Quartix realmente funciona en defensa de nuestros conductores. Es su protecci\u00f3n personal en caso de reclamaciones injustas.&#8221;<br \/>\n&#8211; Matt O\u2019Conner, John O\u2019Conner Grounds Maintenance<\/p>\n    <\/div>\r\n<\/section>\n\n\n<div class=\"wp-block-columns is-layout-flex wp-container-core-columns-is-layout-28f84493 wp-block-columns-is-layout-flex\">\n<div class=\"wp-block-column is-layout-flow wp-block-column-is-layout-flow\">\n<h2 class=\"wp-block-heading\">Tu gu\u00eda para los beneficios del conductor<\/h2>\n\n\n\n<p>Descubre las ventajas de los datos del sistema de seguimiento de veh\u00edculos desde el punto de vista del conductor y aseg\u00farate de que tus empleados sean conscientes de cu\u00e1nto puede ayudarles el seguimiento de veh\u00edculos cada d\u00eda.<\/p>\n\n\n    <div class=\"button-container \">\r\n<a href=\"https:\/\/go.marketing.quartix.com\/Guia_de_beneficios_para_conductores\" class=\"btn pagebuilder-btn btn-green btn-\" title=\"DESCARGA LA GU\u00cdA\" target=\"_blank\">DESCARGA LA GU\u00cdA<\/a>\r\n<\/div>\r\n<\/div>\n\n\n\n<div class=\"wp-block-column is-layout-flow wp-block-column-is-layout-flow\">\n<figure class=\"wp-block-image size-full is-resized\"><img loading=\"lazy\" decoding=\"async\" width=\"545\" height=\"650\" src=\"https:\/\/www.quartix.com\/content\/uploads\/2024\/07\/es-drivers-benefits.png\" alt=\"\" class=\"wp-image-107559\" style=\"width:369px;height:auto\" srcset=\"https:\/\/www.quartix.com\/content\/uploads\/2024\/07\/es-drivers-benefits.png 545w, https:\/\/www.quartix.com\/content\/uploads\/2024\/07\/es-drivers-benefits-252x300.png 252w\" sizes=\"auto, (max-width: 545px) 100vw, 545px\" \/><\/figure>\n<\/div>\n<\/div>\n","protected":false},"excerpt":{"rendered":"<p>Tu gu\u00eda para los beneficios del conductor Descubre las ventajas de los datos del sistema de seguimiento de veh\u00edculos desde el punto de vista del conductor y aseg\u00farate de que tus empleados sean conscientes de cu\u00e1nto puede ayudarles el seguimiento de veh\u00edculos cada d\u00eda.<\/p>\n","protected":false},"author":6,"featured_media":32651,"parent":0,"menu_order":3414,"comment_status":"closed","ping_status":"closed","template":"templates\/landing-pagebuilder.php","meta":{"_acf_changed":false,"inline_featured_image":false,"footnotes":""},"topic":[1870],"qtx_campaign":[],"class_list":["post-69967","page","type-page","status-publish","has-post-thumbnail","hentry","topic-gestion-de-conductores"],"acf":[],"yoast_head":"<!-- This site is optimized with the Yoast SEO Premium plugin v27.3 (Yoast SEO v27.3) - https:\/\/yoast.com\/product\/yoast-seo-premium-wordpress\/ -->\n<title>Los beneficios del rastreo de veh\u00edculos para los conductors - ES<\/title>\n<meta name=\"description\" content=\"El seguimiento de veh\u00edculos ofrece un apoyo valioso. Aqu\u00ed hay cuatro formas en que el rastreo de veh\u00edculos puede ayudar conductores.\" \/>\n<meta name=\"robots\" content=\"index, follow, max-snippet:-1, max-image-preview:large, max-video-preview:-1\" \/>\n<link rel=\"canonical\" href=\"https:\/\/www.quartix.com\/es-es\/los-beneficios-del-rastreo-de-vehiculos-para-los-conductores\/\" \/>\n<meta property=\"og:locale\" content=\"es_ES\" \/>\n<meta property=\"og:type\" content=\"article\" \/>\n<meta property=\"og:title\" content=\"Los beneficios del rastreo de veh\u00edculos para los conductores\" \/>\n<meta property=\"og:description\" content=\"El seguimiento de veh\u00edculos ofrece un apoyo valioso. Aqu\u00ed hay cuatro formas en que el rastreo de veh\u00edculos puede ayudar conductores.\" \/>\n<meta property=\"og:url\" content=\"https:\/\/www.quartix.com\/es-es\/los-beneficios-del-rastreo-de-vehiculos-para-los-conductores\/\" \/>\n<meta property=\"og:site_name\" content=\"Quartix\" \/>\n<meta property=\"article:publisher\" content=\"https:\/\/www.facebook.com\/Quartix-USA-374426386097401\/\" \/>\n<meta property=\"article:modified_time\" content=\"2024-07-10T08:31:40+00:00\" \/>\n<meta property=\"og:image\" content=\"https:\/\/www.quartix.com\/content\/uploads\/2019\/08\/ES-Benefits-for-Drivers-img.png\" \/>\n\t<meta property=\"og:image:width\" content=\"1059\" \/>\n\t<meta property=\"og:image:height\" content=\"1497\" \/>\n\t<meta property=\"og:image:type\" content=\"image\/png\" \/>\n<meta name=\"twitter:card\" content=\"summary_large_image\" \/>\n<meta name=\"twitter:site\" content=\"@QuartixUSA\" \/>\n<meta name=\"twitter:label1\" content=\"Est. reading time\" \/>\n\t<meta name=\"twitter:data1\" content=\"2 minutes\" \/>\n<!-- \/ Yoast SEO Premium plugin. -->","yoast_head_json":{"title":"Los beneficios del rastreo de veh\u00edculos para los conductors - ES","description":"El seguimiento de veh\u00edculos ofrece un apoyo valioso. Aqu\u00ed hay cuatro formas en que el rastreo de veh\u00edculos puede ayudar conductores.","robots":{"index":"index","follow":"follow","max-snippet":"max-snippet:-1","max-image-preview":"max-image-preview:large","max-video-preview":"max-video-preview:-1"},"canonical":"https:\/\/www.quartix.com\/es-es\/los-beneficios-del-rastreo-de-vehiculos-para-los-conductores\/","og_locale":"es_ES","og_type":"article","og_title":"Los beneficios del rastreo de veh\u00edculos para los conductores","og_description":"El seguimiento de veh\u00edculos ofrece un apoyo valioso. Aqu\u00ed hay cuatro formas en que el rastreo de veh\u00edculos puede ayudar conductores.","og_url":"https:\/\/www.quartix.com\/es-es\/los-beneficios-del-rastreo-de-vehiculos-para-los-conductores\/","og_site_name":"Quartix","article_publisher":"https:\/\/www.facebook.com\/Quartix-USA-374426386097401\/","article_modified_time":"2024-07-10T08:31:40+00:00","og_image":[{"width":1059,"height":1497,"url":"https:\/\/www.quartix.com\/content\/uploads\/2019\/08\/ES-Benefits-for-Drivers-img.png","type":"image\/png"}],"twitter_card":"summary_large_image","twitter_site":"@QuartixUSA","twitter_misc":{"Est. reading time":"2 minutes"},"schema":{"@context":"https:\/\/schema.org","@graph":[{"@type":"WebPage","@id":"https:\/\/www.quartix.com\/es-es\/los-beneficios-del-rastreo-de-vehiculos-para-los-conductores\/","url":"https:\/\/www.quartix.com\/es-es\/los-beneficios-del-rastreo-de-vehiculos-para-los-conductores\/","name":"Los beneficios del rastreo de veh\u00edculos para los conductors","isPartOf":{"@id":"https:\/\/www.quartix.com\/es-es\/#website"},"primaryImageOfPage":{"@id":"https:\/\/www.quartix.com\/es-es\/los-beneficios-del-rastreo-de-vehiculos-para-los-conductores\/#primaryimage"},"image":{"@id":"https:\/\/www.quartix.com\/es-es\/los-beneficios-del-rastreo-de-vehiculos-para-los-conductores\/#primaryimage"},"thumbnailUrl":"https:\/\/www.quartix.com\/content\/uploads\/2019\/08\/ES-Benefits-for-Drivers-img.png","datePublished":"2021-11-12T13:53:37+00:00","dateModified":"2024-07-10T08:31:40+00:00","description":"El seguimiento de veh\u00edculos ofrece un apoyo valioso. Aqu\u00ed hay cuatro formas en que el rastreo de veh\u00edculos puede ayudar conductores.","breadcrumb":{"@id":"https:\/\/www.quartix.com\/es-es\/los-beneficios-del-rastreo-de-vehiculos-para-los-conductores\/#breadcrumb"},"inLanguage":"es-ES","potentialAction":[{"@type":"ReadAction","target":["https:\/\/www.quartix.com\/es-es\/los-beneficios-del-rastreo-de-vehiculos-para-los-conductores\/"]}]},{"@type":"ImageObject","inLanguage":"es-ES","@id":"https:\/\/www.quartix.com\/es-es\/los-beneficios-del-rastreo-de-vehiculos-para-los-conductores\/#primaryimage","url":"https:\/\/www.quartix.com\/content\/uploads\/2019\/08\/ES-Benefits-for-Drivers-img.png","contentUrl":"https:\/\/www.quartix.com\/content\/uploads\/2019\/08\/ES-Benefits-for-Drivers-img.png","width":1059,"height":1497},{"@type":"BreadcrumbList","@id":"https:\/\/www.quartix.com\/es-es\/los-beneficios-del-rastreo-de-vehiculos-para-los-conductores\/#breadcrumb","itemListElement":[{"@type":"ListItem","position":1,"name":"Inicio","item":"https:\/\/www.quartix.com\/es-es\/quartix-localizacion-de-vehiculos-en-tiempo-real\/"},{"@type":"ListItem","position":2,"name":"Los beneficios del rastreo de veh\u00edculos para los conductores"}]},{"@type":"WebSite","@id":"https:\/\/www.quartix.com\/es-es\/#website","url":"https:\/\/www.quartix.com\/es-es\/","name":"Quartix","description":"Real-time vehicle tracking","publisher":{"@id":"https:\/\/www.quartix.com\/es-es\/#organization"},"potentialAction":[{"@type":"SearchAction","target":{"@type":"EntryPoint","urlTemplate":"https:\/\/www.quartix.com\/es-es\/?s={search_term_string}"},"query-input":{"@type":"PropertyValueSpecification","valueRequired":true,"valueName":"search_term_string"}}],"inLanguage":"es-ES"},{"@type":"Organization","@id":"https:\/\/www.quartix.com\/es-es\/#organization","name":"Quartix","url":"https:\/\/www.quartix.com\/es-es\/","logo":{"@type":"ImageObject","inLanguage":"es-ES","@id":"https:\/\/www.quartix.com\/es-es\/#\/schema\/logo\/image\/","url":"https:\/\/www.quartix.com\/content\/uploads\/2019\/02\/quartix-logo-eur.svg","contentUrl":"https:\/\/www.quartix.com\/content\/uploads\/2019\/02\/quartix-logo-eur.svg","width":1,"height":1,"caption":"Quartix"},"image":{"@id":"https:\/\/www.quartix.com\/es-es\/#\/schema\/logo\/image\/"},"sameAs":["https:\/\/www.facebook.com\/Quartix-USA-374426386097401\/","https:\/\/x.com\/QuartixUSA","https:\/\/www.linkedin.com\/company\/5346733\/","https:\/\/www.youtube.com\/channel\/UCzS-_GMfHF4kWiCheyIRrAQ"]}]}},"_links":{"self":[{"href":"https:\/\/www.quartix.com\/es-es\/wp-json\/wp\/v2\/pages\/69967","targetHints":{"allow":["GET"]}}],"collection":[{"href":"https:\/\/www.quartix.com\/es-es\/wp-json\/wp\/v2\/pages"}],"about":[{"href":"https:\/\/www.quartix.com\/es-es\/wp-json\/wp\/v2\/types\/page"}],"author":[{"embeddable":true,"href":"https:\/\/www.quartix.com\/es-es\/wp-json\/wp\/v2\/users\/6"}],"replies":[{"embeddable":true,"href":"https:\/\/www.quartix.com\/es-es\/wp-json\/wp\/v2\/comments?post=69967"}],"version-history":[{"count":0,"href":"https:\/\/www.quartix.com\/es-es\/wp-json\/wp\/v2\/pages\/69967\/revisions"}],"wp:featuredmedia":[{"embeddable":true,"href":"https:\/\/www.quartix.com\/es-es\/wp-json\/wp\/v2\/media\/32651"}],"wp:attachment":[{"href":"https:\/\/www.quartix.com\/es-es\/wp-json\/wp\/v2\/media?parent=69967"}],"wp:term":[{"taxonomy":"topic","embeddable":true,"href":"https:\/\/www.quartix.com\/es-es\/wp-json\/wp\/v2\/topic?post=69967"},{"taxonomy":"qtx_campaign","embeddable":true,"href":"https:\/\/www.quartix.com\/es-es\/wp-json\/wp\/v2\/qtx_campaign?post=69967"}],"curies":[{"name":"wp","href":"https:\/\/api.w.org\/{rel}","templated":true}]}}