{"id":70003,"date":"2021-11-12T15:45:39","date_gmt":"2021-11-12T14:45:39","guid":{"rendered":"https:\/\/www.quartix.com\/?page_id=70003"},"modified":"2024-08-12T11:08:10","modified_gmt":"2024-08-12T10:08:10","slug":"guia-de-rastreo-de-vehiculos-para-empresas-de-construccion","status":"publish","type":"page","link":"https:\/\/www.quartix.com\/es-es\/guia-de-rastreo-de-vehiculos-para-empresas-de-construccion\/","title":{"rendered":"Gu\u00eda de rastreo de veh\u00edculos para empresas de construcci\u00f3n"},"content":{"rendered":"\r\n<div   class=\"hero-block bighero\">\r\n    <img loading=\"lazy\" decoding=\"async\" width=\"1729\" height=\"528\" src=\"https:\/\/www.quartix.com\/content\/uploads\/2023\/10\/construction-lone-worker-2.png\" class=\"\" alt=\"\" srcset=\"https:\/\/www.quartix.com\/content\/uploads\/2023\/10\/construction-lone-worker-2.png 1729w, https:\/\/www.quartix.com\/content\/uploads\/2023\/10\/construction-lone-worker-2-300x92.png 300w, https:\/\/www.quartix.com\/content\/uploads\/2023\/10\/construction-lone-worker-2-1000x305.png 1000w, https:\/\/www.quartix.com\/content\/uploads\/2023\/10\/construction-lone-worker-2-768x235.png 768w, https:\/\/www.quartix.com\/content\/uploads\/2023\/10\/construction-lone-worker-2-1536x469.png 1536w\" sizes=\"auto, (max-width: 1729px) 100vw, 1729px\" \/>                <div class=\"hero-overlay\"><\/div>\r\n            \r\n\r\n\r\n    <div class=\"hero-content \">\r\n        <div class=\"inner limited-width\">\r\n                                                <p class=\"title stylelikeh1\">Rastreo de veh\u00edculos para la industria de la construcci\u00f3n<\/p>\r\n                                <p class=\"text\">Descubre los beneficios y ahorros que el rastreo de veh\u00edculos puede ofrecer a las empresas de construcci\u00f3n.<\/p>                                        <div class=\"buttons\">\r\n                    <a href=\"https:\/\/go.marketing.quartix.com\/Guia_de_seguimiento_de_vehiculos_en_la_construccion\" class=\"btn btn-green btn-inline\" target=\"_blank\" title=\"DESCARGA LA GU\u00cdA\">DESCARGA LA GU\u00cdA<\/a>\r\n                <\/div>\r\n                    <\/div>\r\n    <\/div>\r\n<\/div>\n\n\r\n<div   class=\"hero-block smallhero landing-cta\">\r\n            <div class=\"hero-overlay greybg\"><\/div>\r\n        <div class=\"hero-content greybg noimage\">\r\n        <div class=\"inner\">\r\n            <h2 class=\"title\">Aprovecha el sistema de seguimiento de veh\u00edculos para monitorizar tus veh\u00edculos y as\u00ed poder centrarte en construir el n\u00facleo de tu negocio.<\/h2>            <div class=\"author\"><p>En esta gu\u00eda, aprender\u00e1s c\u00f3mo tu sistema de rastreo de veh\u00edculos puede ayudarte a:<\/p>\n<\/div>            <div class='landingctalist centrelist'><ul class='ticks fa-ul' style=''><li><span class='fa-li'><i class='fas fa-check-circle'><\/i><\/span>Aumentar la productividad con datos de ubicaci\u00f3n en tiempo real.<\/li><li><span class='fa-li'><i class='fas fa-check-circle'><\/i><\/span>Asegurar una contabilidad precisa con hojas de tiempo detalladas.<\/li><li><span class='fa-li'><i class='fas fa-check-circle'><\/i><\/span>Crear una cultura de seguridad con informes sobre el comportamiento de los conductores.<\/li><\/ul><\/div>            \r\n                            <div class=\"buttons\">\r\n                    <a href=\"https:\/\/go.marketing.quartix.com\/Guia_de_seguimiento_de_vehiculos_en_la_construccion\" class=\"btn btn-green\" target=\"_blank\" title=\"DESCARGA LA GU\u00cdA\">DESCARGA LA GU\u00cdA<\/a>\r\n                <\/div>\r\n                    <\/div>\r\n    <\/div>\r\n<\/div>\n\n\r\n\r\n        <div  class=\"landingpageouter\" style=\"background-color:#ffffff ;\">\r\n        <div class=\"landingpagecolsblock twocols4060 \">\r\n            <div class=\"col1\">\r\n                <p class=\"pre-title\">Contratistas de Rocky Branch     <\/p>                <h2 class=\"\">Tom Benoit, Gerente  <\/h2>                <div class='wysiwyg'><p>&#8220;Con Quartix, podemos asegurarnos de que nuestro equipo llegue a tiempo a los sitios asignados y permanezca all\u00ed hasta el final de la jornada laboral. Y cuando nuestros equipos entregan las hojas de tiempo y los partes de trabajo, podemos usar el sistema de rastreo para confirmar la informaci\u00f3n.&#8221;<\/p>\n<\/div>            <\/div>\r\n            <div class=\"col2\">\r\n                <div class=\"responsivemedia\"><img loading=\"lazy\" decoding=\"async\" width=\"637\" height=\"539\" src=\"https:\/\/www.quartix.com\/content\/uploads\/2019\/07\/rocky-branch_1.jpg\" class=\"\" alt=\"\" srcset=\"https:\/\/www.quartix.com\/content\/uploads\/2019\/07\/rocky-branch_1.jpg 637w, https:\/\/www.quartix.com\/content\/uploads\/2019\/07\/rocky-branch_1-300x254.jpg 300w\" sizes=\"auto, (max-width: 637px) 100vw, 637px\" \/><\/div>            <\/div>\r\n                        <\/div>\r\n    <\/div>\r\n\r\n\r\n\n\n\r\n\r\n        <div  class=\"landingpageouter\" style=\"background-color:#f8f8f8 ;\">\r\n        <div class=\"landingpagecolsblock twocols4060 swap-content\">\r\n            <div class=\"col1\">\r\n                <p class=\"pre-title\">\u00bfC\u00f3mo funciona?<\/p>                <h2 class=\"\">Con el rastreo de veh\u00edculos, puedes\u2026<\/h2>                <div class='wysiwyg'><ul>\n<li>Vigilar la ubicaci\u00f3n de tus veh\u00edculos y empleados durante todo el d\u00eda y la noche.<\/li>\n<li>Usar informes de viajes y hojas de tiempo para asegurarte de que a tus clientes solo se les facture el tiempo que estuviste en el sitio y de que tus empleados reciban la compensaci\u00f3n por todo ese tiempo.<\/li>\n<li>Observar c\u00f3mo se comportan tus conductores en la carretera y ver qu\u00e9 conductores necesitan m\u00e1s capacitaci\u00f3n para garantizar que tus veh\u00edculos se manejen de forma segura.<\/li>\n<\/ul>\n<\/div>            <\/div>\r\n            <div class=\"col2\">\r\n                <div class=\"responsivemedia\"><img loading=\"lazy\" decoding=\"async\" width=\"640\" height=\"642\" src=\"https:\/\/www.quartix.com\/content\/uploads\/2023\/04\/Construction-digger-blue-sky-circle-768x770.png\" class=\"\" alt=\"\" srcset=\"https:\/\/www.quartix.com\/content\/uploads\/2023\/04\/Construction-digger-blue-sky-circle-768x770.png 768w, https:\/\/www.quartix.com\/content\/uploads\/2023\/04\/Construction-digger-blue-sky-circle-300x300.png 300w, https:\/\/www.quartix.com\/content\/uploads\/2023\/04\/Construction-digger-blue-sky-circle-150x150.png 150w, https:\/\/www.quartix.com\/content\/uploads\/2023\/04\/Construction-digger-blue-sky-circle.png 996w\" sizes=\"auto, (max-width: 640px) 100vw, 640px\" \/><\/div>            <\/div>\r\n                        <\/div>\r\n    <\/div>\r\n\r\n\r\n\n\n\r\n\r\n        <div  class=\"landingpageouter\" style=\"background-color:#ffffff ;\">\r\n        <div class=\"landingpagecolsblock twocols4060 \">\r\n            <div class=\"col1\">\r\n                <p class=\"pre-title\">Construcciones Ellenby<\/p>                <h2 class=\"\">Pauline Brett, Gerente de Oficina  <\/h2>                <div class='wysiwyg'><p>&#8220;Es genial para nosotros porque hemos eliminado las hojas de tiempo. Nuestros empleados no necesitan hacer papeleo; utilizamos los informes diarios por correo electr\u00f3nico para registrar sus horas en el sitio y calcular los salarios a partir de eso. El sistema definitivamente nos ahorra dinero.&#8221;<\/p>\n<\/div>            <\/div>\r\n            <div class=\"col2\">\r\n                <div class=\"responsivemedia\"><img loading=\"lazy\" decoding=\"async\" width=\"640\" height=\"624\" src=\"https:\/\/www.quartix.com\/content\/uploads\/2023\/04\/Construction-worker-with-metal-frame-768x749.png\" class=\"\" alt=\"\" srcset=\"https:\/\/www.quartix.com\/content\/uploads\/2023\/04\/Construction-worker-with-metal-frame-768x749.png 768w, https:\/\/www.quartix.com\/content\/uploads\/2023\/04\/Construction-worker-with-metal-frame-300x293.png 300w, https:\/\/www.quartix.com\/content\/uploads\/2023\/04\/Construction-worker-with-metal-frame.png 800w\" sizes=\"auto, (max-width: 640px) 100vw, 640px\" \/><\/div>            <\/div>\r\n                        <\/div>\r\n    <\/div>\r\n\r\n\r\n\n\n\r\n<div   class=\"hero-block smallhero\">\r\n    <img loading=\"lazy\" decoding=\"async\" width=\"1326\" height=\"535\" src=\"https:\/\/www.quartix.com\/content\/uploads\/2024\/03\/Construction-Guide-Tracking-banner.png\" class=\"\" alt=\"\" \/>                <div class=\"hero-overlay\"><\/div>\r\n            \r\n\r\n\r\n    <div class=\"hero-content \">\r\n        <div class=\"inner\">\r\n                            <p class=\"title stylelikeh3\">Ofrece un excelente servicio a tus clientes mientras operas una flota segura y responsable.<\/p>                                                        <div class=\"buttons\">\r\n                    <a href=\"https:\/\/go.marketing.quartix.com\/Guia_de_seguimiento_de_vehiculos_en_la_construccion\" class=\"btn btn-green btn-inline\" target=\"_blank\" title=\"DESCARGA LA GU\u00cdA\">DESCARGA LA GU\u00cdA<\/a>\r\n                <\/div>\r\n                    <\/div>\r\n    <\/div>\r\n<\/div>\n\n\n<div class=\"wp-block-columns is-layout-flex wp-container-core-columns-is-layout-28f84493 wp-block-columns-is-layout-flex\">\n<div class=\"wp-block-column is-layout-flow wp-block-column-is-layout-flow\">\n<h2 class=\"wp-block-heading\">Tu gu\u00eda para el rastreo de veh\u00edculos en la industria de la construcci\u00f3n<\/h2>\n\n\n\n<p>Con el rastreo de veh\u00edculos, aseg\u00farate de que tu negocio opere de manera segura y eficiente.<\/p>\n\n\n    <div class=\"button-container \">\r\n<a href=\"https:\/\/go.marketing.quartix.com\/Guia_de_seguimiento_de_vehiculos_en_la_construccion\" class=\"btn pagebuilder-btn btn-green btn-\" title=\"DESCARGA LA GU\u00cdA\" target=\"_blank\">DESCARGA LA GU\u00cdA<\/a>\r\n<\/div>\r\n<\/div>\n\n\n\n<div class=\"wp-block-column is-layout-flow wp-block-column-is-layout-flow\">\n<figure class=\"wp-block-image size-full\"><img loading=\"lazy\" decoding=\"async\" width=\"545\" height=\"650\" src=\"https:\/\/www.quartix.com\/content\/uploads\/2024\/08\/ES-construction-guide.png\" alt=\"\" class=\"wp-image-108942\" srcset=\"https:\/\/www.quartix.com\/content\/uploads\/2024\/08\/ES-construction-guide.png 545w, https:\/\/www.quartix.com\/content\/uploads\/2024\/08\/ES-construction-guide-252x300.png 252w\" sizes=\"auto, (max-width: 545px) 100vw, 545px\" \/><\/figure>\n<\/div>\n<\/div>\n","protected":false},"excerpt":{"rendered":"<p>Tu gu\u00eda para el rastreo de veh\u00edculos en la industria de la construcci\u00f3n Con el rastreo de veh\u00edculos, aseg\u00farate de que tu negocio opere de manera segura y eficiente.<\/p>\n","protected":false},"author":6,"featured_media":41907,"parent":0,"menu_order":3406,"comment_status":"closed","ping_status":"closed","template":"templates\/landing-pagebuilder.php","meta":{"_acf_changed":false,"inline_featured_image":false,"footnotes":""},"topic":[],"qtx_campaign":[],"class_list":["post-70003","page","type-page","status-publish","has-post-thumbnail","hentry"],"acf":[],"yoast_head":"<!-- This site is optimized with the Yoast SEO Premium plugin v27.3 (Yoast SEO v27.3) - https:\/\/yoast.com\/product\/yoast-seo-premium-wordpress\/ -->\n<title>Gu\u00eda de rastreo de veh\u00edculos para empresas de construcci\u00f3n - ES<\/title>\n<meta name=\"description\" content=\"En esta gu\u00eda, aprender\u00e1 c\u00f3mo el monitoreo de veh\u00edculos puede ser una gran herramienta para que las empresas de construcci\u00f3n reduzcan costos y aumenten la productividad.\" \/>\n<meta name=\"robots\" content=\"index, follow, max-snippet:-1, max-image-preview:large, max-video-preview:-1\" \/>\n<link rel=\"canonical\" href=\"https:\/\/www.quartix.com\/es-es\/guia-de-rastreo-de-vehiculos-para-empresas-de-construccion\/\" \/>\n<meta property=\"og:locale\" content=\"es_ES\" \/>\n<meta property=\"og:type\" content=\"article\" \/>\n<meta property=\"og:title\" content=\"Gu\u00eda de rastreo de veh\u00edculos para empresas de construcci\u00f3n\" \/>\n<meta property=\"og:description\" content=\"En esta gu\u00eda, aprender\u00e1 c\u00f3mo el monitoreo de veh\u00edculos puede ser una gran herramienta para que las empresas de construcci\u00f3n reduzcan costos y aumenten la productividad.\" \/>\n<meta property=\"og:url\" content=\"https:\/\/www.quartix.com\/es-es\/guia-de-rastreo-de-vehiculos-para-empresas-de-construccion\/\" \/>\n<meta property=\"og:site_name\" content=\"Quartix\" \/>\n<meta property=\"article:publisher\" content=\"https:\/\/www.facebook.com\/Quartix-USA-374426386097401\/\" \/>\n<meta property=\"article:modified_time\" content=\"2024-08-12T10:08:10+00:00\" \/>\n<meta property=\"og:image\" content=\"https:\/\/www.quartix.com\/content\/uploads\/2020\/05\/Construction-Guide-Tracking.png\" \/>\n\t<meta property=\"og:image:width\" content=\"700\" \/>\n\t<meta property=\"og:image:height\" content=\"468\" \/>\n\t<meta property=\"og:image:type\" content=\"image\/png\" \/>\n<meta name=\"twitter:card\" content=\"summary_large_image\" \/>\n<meta name=\"twitter:site\" content=\"@QuartixUSA\" \/>\n<meta name=\"twitter:label1\" content=\"Est. reading time\" \/>\n\t<meta name=\"twitter:data1\" content=\"3 minutes\" \/>\n<!-- \/ Yoast SEO Premium plugin. -->","yoast_head_json":{"title":"Gu\u00eda de rastreo de veh\u00edculos para empresas de construcci\u00f3n - ES","description":"En esta gu\u00eda, aprender\u00e1 c\u00f3mo el monitoreo de veh\u00edculos puede ser una gran herramienta para que las empresas de construcci\u00f3n reduzcan costos y aumenten la productividad.","robots":{"index":"index","follow":"follow","max-snippet":"max-snippet:-1","max-image-preview":"max-image-preview:large","max-video-preview":"max-video-preview:-1"},"canonical":"https:\/\/www.quartix.com\/es-es\/guia-de-rastreo-de-vehiculos-para-empresas-de-construccion\/","og_locale":"es_ES","og_type":"article","og_title":"Gu\u00eda de rastreo de veh\u00edculos para empresas de construcci\u00f3n","og_description":"En esta gu\u00eda, aprender\u00e1 c\u00f3mo el monitoreo de veh\u00edculos puede ser una gran herramienta para que las empresas de construcci\u00f3n reduzcan costos y aumenten la productividad.","og_url":"https:\/\/www.quartix.com\/es-es\/guia-de-rastreo-de-vehiculos-para-empresas-de-construccion\/","og_site_name":"Quartix","article_publisher":"https:\/\/www.facebook.com\/Quartix-USA-374426386097401\/","article_modified_time":"2024-08-12T10:08:10+00:00","og_image":[{"width":700,"height":468,"url":"https:\/\/www.quartix.com\/content\/uploads\/2020\/05\/Construction-Guide-Tracking.png","type":"image\/png"}],"twitter_card":"summary_large_image","twitter_site":"@QuartixUSA","twitter_misc":{"Est. reading time":"3 minutes"},"schema":{"@context":"https:\/\/schema.org","@graph":[{"@type":"WebPage","@id":"https:\/\/www.quartix.com\/es-es\/guia-de-rastreo-de-vehiculos-para-empresas-de-construccion\/","url":"https:\/\/www.quartix.com\/es-es\/guia-de-rastreo-de-vehiculos-para-empresas-de-construccion\/","name":"Gu\u00eda de rastreo de veh\u00edculos para empresas de construcci\u00f3n","isPartOf":{"@id":"https:\/\/www.quartix.com\/es-es\/#website"},"primaryImageOfPage":{"@id":"https:\/\/www.quartix.com\/es-es\/guia-de-rastreo-de-vehiculos-para-empresas-de-construccion\/#primaryimage"},"image":{"@id":"https:\/\/www.quartix.com\/es-es\/guia-de-rastreo-de-vehiculos-para-empresas-de-construccion\/#primaryimage"},"thumbnailUrl":"https:\/\/www.quartix.com\/content\/uploads\/2020\/05\/Construction-Guide-Tracking.png","datePublished":"2021-11-12T14:45:39+00:00","dateModified":"2024-08-12T10:08:10+00:00","description":"En esta gu\u00eda, aprender\u00e1 c\u00f3mo el monitoreo de veh\u00edculos puede ser una gran herramienta para que las empresas de construcci\u00f3n reduzcan costos y aumenten la productividad.","breadcrumb":{"@id":"https:\/\/www.quartix.com\/es-es\/guia-de-rastreo-de-vehiculos-para-empresas-de-construccion\/#breadcrumb"},"inLanguage":"es-ES","potentialAction":[{"@type":"ReadAction","target":["https:\/\/www.quartix.com\/es-es\/guia-de-rastreo-de-vehiculos-para-empresas-de-construccion\/"]}]},{"@type":"ImageObject","inLanguage":"es-ES","@id":"https:\/\/www.quartix.com\/es-es\/guia-de-rastreo-de-vehiculos-para-empresas-de-construccion\/#primaryimage","url":"https:\/\/www.quartix.com\/content\/uploads\/2020\/05\/Construction-Guide-Tracking.png","contentUrl":"https:\/\/www.quartix.com\/content\/uploads\/2020\/05\/Construction-Guide-Tracking.png","width":700,"height":468},{"@type":"BreadcrumbList","@id":"https:\/\/www.quartix.com\/es-es\/guia-de-rastreo-de-vehiculos-para-empresas-de-construccion\/#breadcrumb","itemListElement":[{"@type":"ListItem","position":1,"name":"Inicio","item":"https:\/\/www.quartix.com\/es-es\/quartix-localizacion-de-vehiculos-en-tiempo-real\/"},{"@type":"ListItem","position":2,"name":"Gu\u00eda de rastreo de veh\u00edculos para empresas de construcci\u00f3n"}]},{"@type":"WebSite","@id":"https:\/\/www.quartix.com\/es-es\/#website","url":"https:\/\/www.quartix.com\/es-es\/","name":"Quartix","description":"Real-time vehicle tracking","publisher":{"@id":"https:\/\/www.quartix.com\/es-es\/#organization"},"potentialAction":[{"@type":"SearchAction","target":{"@type":"EntryPoint","urlTemplate":"https:\/\/www.quartix.com\/es-es\/?s={search_term_string}"},"query-input":{"@type":"PropertyValueSpecification","valueRequired":true,"valueName":"search_term_string"}}],"inLanguage":"es-ES"},{"@type":"Organization","@id":"https:\/\/www.quartix.com\/es-es\/#organization","name":"Quartix","url":"https:\/\/www.quartix.com\/es-es\/","logo":{"@type":"ImageObject","inLanguage":"es-ES","@id":"https:\/\/www.quartix.com\/es-es\/#\/schema\/logo\/image\/","url":"https:\/\/www.quartix.com\/content\/uploads\/2019\/02\/quartix-logo-eur.svg","contentUrl":"https:\/\/www.quartix.com\/content\/uploads\/2019\/02\/quartix-logo-eur.svg","width":1,"height":1,"caption":"Quartix"},"image":{"@id":"https:\/\/www.quartix.com\/es-es\/#\/schema\/logo\/image\/"},"sameAs":["https:\/\/www.facebook.com\/Quartix-USA-374426386097401\/","https:\/\/x.com\/QuartixUSA","https:\/\/www.linkedin.com\/company\/5346733\/","https:\/\/www.youtube.com\/channel\/UCzS-_GMfHF4kWiCheyIRrAQ"]}]}},"_links":{"self":[{"href":"https:\/\/www.quartix.com\/es-es\/wp-json\/wp\/v2\/pages\/70003","targetHints":{"allow":["GET"]}}],"collection":[{"href":"https:\/\/www.quartix.com\/es-es\/wp-json\/wp\/v2\/pages"}],"about":[{"href":"https:\/\/www.quartix.com\/es-es\/wp-json\/wp\/v2\/types\/page"}],"author":[{"embeddable":true,"href":"https:\/\/www.quartix.com\/es-es\/wp-json\/wp\/v2\/users\/6"}],"replies":[{"embeddable":true,"href":"https:\/\/www.quartix.com\/es-es\/wp-json\/wp\/v2\/comments?post=70003"}],"version-history":[{"count":0,"href":"https:\/\/www.quartix.com\/es-es\/wp-json\/wp\/v2\/pages\/70003\/revisions"}],"wp:featuredmedia":[{"embeddable":true,"href":"https:\/\/www.quartix.com\/es-es\/wp-json\/wp\/v2\/media\/41907"}],"wp:attachment":[{"href":"https:\/\/www.quartix.com\/es-es\/wp-json\/wp\/v2\/media?parent=70003"}],"wp:term":[{"taxonomy":"topic","embeddable":true,"href":"https:\/\/www.quartix.com\/es-es\/wp-json\/wp\/v2\/topic?post=70003"},{"taxonomy":"qtx_campaign","embeddable":true,"href":"https:\/\/www.quartix.com\/es-es\/wp-json\/wp\/v2\/qtx_campaign?post=70003"}],"curies":[{"name":"wp","href":"https:\/\/api.w.org\/{rel}","templated":true}]}}