{"id":70027,"date":"2021-11-12T16:36:49","date_gmt":"2021-11-12T15:36:49","guid":{"rendered":"https:\/\/www.quartix.com\/?page_id=70027"},"modified":"2024-08-09T15:58:48","modified_gmt":"2024-08-09T14:58:48","slug":"puntuaciones-del-conductor-de-quartix-guia-complete","status":"publish","type":"page","link":"https:\/\/www.quartix.com\/es-es\/puntuaciones-del-conductor-de-quartix-guia-complete\/","title":{"rendered":"Puntuaciones del conductor de Quartix: gu\u00eda complete"},"content":{"rendered":"\r\n<div   class=\"hero-block bighero\">\r\n    <img loading=\"lazy\" decoding=\"async\" width=\"940\" height=\"239\" src=\"https:\/\/www.quartix.com\/content\/uploads\/2024\/07\/US-FR-driver-behind-wheel-1.png\" class=\"\" alt=\"\" srcset=\"https:\/\/www.quartix.com\/content\/uploads\/2024\/07\/US-FR-driver-behind-wheel-1.png 940w, https:\/\/www.quartix.com\/content\/uploads\/2024\/07\/US-FR-driver-behind-wheel-1-300x76.png 300w, https:\/\/www.quartix.com\/content\/uploads\/2024\/07\/US-FR-driver-behind-wheel-1-768x195.png 768w\" sizes=\"auto, (max-width: 940px) 100vw, 940px\" \/>                <div class=\"hero-overlay\"><\/div>\r\n            \r\n\r\n\r\n    <div class=\"hero-content \">\r\n        <div class=\"inner limited-width\">\r\n                                                <p class=\"title stylelikeh1\">Usa las Puntuaciones de Conductores para Evaluar el Rendimiento de tu Flota<\/p>\r\n                                <p class=\"text\">Descubre c\u00f3mo se calculan las puntuaciones de los conductores de Quartix y c\u00f3mo monitorearlas puede ayudarte a mejorar la seguridad y eficiencia de tu flota.<\/p>                                        <div class=\"buttons\">\r\n                    <a href=\"https:\/\/go.marketing.quartix.com\/Guia_de_puntuaciones_de_conductores\" class=\"btn btn-green btn-inline\" target=\"_blank\" title=\"DESCARGA LA GU\u00cdA\">DESCARGA LA GU\u00cdA<\/a>\r\n                <\/div>\r\n                    <\/div>\r\n    <\/div>\r\n<\/div>\n\n\r\n<div   class=\"hero-block smallhero landing-cta\">\r\n            <div class=\"hero-overlay greybg\"><\/div>\r\n        <div class=\"hero-content greybg noimage\">\r\n        <div class=\"inner\">\r\n            <h2 class=\"title\">Utiliza las puntuaciones diarias de los conductores de Quartix para ayudar a tus conductores a desarrollar mejores h\u00e1bitos de conducci\u00f3n<\/h2>            <div class=\"author\"><p>Aprende c\u00f3mo profundizar en el rendimiento de los conductores y afectar el cambio puede:<\/p>\n<\/div>            <div class='landingctalist centrelist'><ul class='arrows fa-ul' style=''><li><span class='fa-li'><i class='fa fa-arrow-right'><\/i><\/span>Reducir los riesgos de accidentes de tr\u00e1fico<\/li><li><span class='fa-li'><i class='fa fa-arrow-right'><\/i><\/span>Disminuir tus costos de combustible gracias a una mejor econom\u00eda de combustible<\/li><li><span class='fa-li'><i class='fa fa-arrow-right'><\/i><\/span>Mejorar la reputaci\u00f3n de tu marca<\/li><li><span class='fa-li'><i class='fa fa-arrow-right'><\/i><\/span>Proteger a tus conductores de reclamaciones falsas<\/li><\/ul><\/div>            \r\n                            <div class=\"buttons\">\r\n                    <a href=\"https:\/\/go.marketing.quartix.com\/Guia_de_puntuaciones_de_conductores\" class=\"btn btn-green\" target=\"_blank\" title=\"DESCARGA LA GU\u00cdA\">DESCARGA LA GU\u00cdA<\/a>\r\n                <\/div>\r\n                    <\/div>\r\n    <\/div>\r\n<\/div>\n\n\r\n\r\n        <div  class=\"landingpageouter\" style=\"background-color:#ffffff ;\">\r\n        <div class=\"landingpagecolsblock twocols4060 \">\r\n            <div class=\"col1\">\r\n                <p class=\"pre-title\">\u00bfQU\u00c9 ES UNA PUNTUACI\u00d3N DE CONDUCTOR?<\/p>                                <div class='wysiwyg'><p>Con datos del sistema de seguimiento de veh\u00edculos, cada conductor recibe una puntuaci\u00f3n diaria basada en su rendimiento de conducci\u00f3n; estas puntuaciones est\u00e1n codificadas por colores para un an\u00e1lisis f\u00e1cil, as\u00ed que puedes ver f\u00e1cilmente d\u00f3nde se necesitan mejoras.<\/p>\n<\/div>            <\/div>\r\n            <div class=\"col2\">\r\n                <div class=\"responsivemedia\"><img loading=\"lazy\" decoding=\"async\" width=\"640\" height=\"262\" src=\"https:\/\/www.quartix.com\/content\/uploads\/2023\/09\/woman-in-vehicle-header-768x314.png\" class=\"\" alt=\"\" srcset=\"https:\/\/www.quartix.com\/content\/uploads\/2023\/09\/woman-in-vehicle-header-768x314.png 768w, https:\/\/www.quartix.com\/content\/uploads\/2023\/09\/woman-in-vehicle-header-300x123.png 300w, https:\/\/www.quartix.com\/content\/uploads\/2023\/09\/woman-in-vehicle-header-1000x408.png 1000w, https:\/\/www.quartix.com\/content\/uploads\/2023\/09\/woman-in-vehicle-header-1536x627.png 1536w, https:\/\/www.quartix.com\/content\/uploads\/2023\/09\/woman-in-vehicle-header.png 1920w\" sizes=\"auto, (max-width: 640px) 100vw, 640px\" \/><\/div>            <\/div>\r\n                        <\/div>\r\n    <\/div>\r\n\r\n\r\n\n\n\r\n\r\n        <div  class=\"landingpageouter\" style=\"background-color:#efefef ;\">\r\n        <div class=\"landingpagecolsblock twocols4060 swap-content\">\r\n            <div class=\"col1\">\r\n                <p class=\"pre-title\">\u00bfC\u00d3MO SE CALCULA?<\/p>                                <div class='wysiwyg'><p>Velocidad, aceleraci\u00f3n y frenado: estos factores son clave para establecer el rendimiento del conductor, pero se ponderan con otros factores, como la gravedad de los eventos individuales, para llegar a una puntuaci\u00f3n final del conductor.<\/p>\n<\/div>            <\/div>\r\n            <div class=\"col2\">\r\n                <div class=\"responsivemedia\"><img loading=\"lazy\" decoding=\"async\" width=\"640\" height=\"258\" src=\"https:\/\/www.quartix.com\/content\/uploads\/2016\/07\/Speed-Report2-768x309.png\" class=\"\" alt=\"\" srcset=\"https:\/\/www.quartix.com\/content\/uploads\/2016\/07\/Speed-Report2-768x309.png 768w, https:\/\/www.quartix.com\/content\/uploads\/2016\/07\/Speed-Report2-300x121.png 300w, https:\/\/www.quartix.com\/content\/uploads\/2016\/07\/Speed-Report2.png 897w\" sizes=\"auto, (max-width: 640px) 100vw, 640px\" \/><\/div>            <\/div>\r\n                        <\/div>\r\n    <\/div>\r\n\r\n\r\n\n\n\r\n\r\n        <div  class=\"landingpageouter\" style=\"background-color:#f8f8f8 ;\">\r\n        <div class=\"landingpagecolsblock twocols4060 \">\r\n            <div class=\"col1\">\r\n                <p class=\"pre-title\">\u00bfC\u00d3MO PUEDE AYUDAR A TU FLOTA?<\/p>                                <div class='wysiwyg'><p>Analizar las puntuaciones diarias de los conductores te permite reconocer e incentivar a los conductores que consistentemente logran altas puntuaciones, al mismo tiempo que te permite realizar cambios positivos en los conductores que necesitan m\u00e1s entrenamiento.<\/p>\n<\/div>            <\/div>\r\n            <div class=\"col2\">\r\n                <div class=\"responsivemedia\"><img loading=\"lazy\" decoding=\"async\" width=\"640\" height=\"385\" src=\"https:\/\/www.quartix.com\/content\/uploads\/2023\/10\/manager-coaching-driver-1-768x462.png\" class=\"\" alt=\"\" srcset=\"https:\/\/www.quartix.com\/content\/uploads\/2023\/10\/manager-coaching-driver-1-768x462.png 768w, https:\/\/www.quartix.com\/content\/uploads\/2023\/10\/manager-coaching-driver-1-300x181.png 300w, https:\/\/www.quartix.com\/content\/uploads\/2023\/10\/manager-coaching-driver-1-1000x602.png 1000w, https:\/\/www.quartix.com\/content\/uploads\/2023\/10\/manager-coaching-driver-1.png 1198w\" sizes=\"auto, (max-width: 640px) 100vw, 640px\" \/><\/div>            <\/div>\r\n                        <\/div>\r\n    <\/div>\r\n\r\n\r\n\n\n\r\n<div   class=\"hero-block smallhero\">\r\n            <div class=\"hero-overlay whitebg\"><\/div>\r\n    \r\n\r\n\r\n    <div class=\"hero-content whitebg noimage\">\r\n        <div class=\"inner\">\r\n                            <p class=\"title stylelikeh3\">Utiliza los informes completos de seguimiento de veh\u00edculos de Quartix mejorados con datos de rendimiento de conductores<\/p>                <div class=\"author\"><p>Dale a tu negocio las herramientas necesarias para entrenar a tus conductores y lograr mejores puntuaciones de conducci\u00f3n, cosechando los beneficios de una flota m\u00e1s segura y econ\u00f3mica.<\/p>\n<\/div>                                        <div class=\"buttons\">\r\n                    <a href=\"https:\/\/go.marketing.quartix.com\/Guia_de_puntuaciones_de_conductores\" class=\"btn btn-green btn-inline\" target=\"_blank\" title=\"DESCARGA LA GU\u00cdA\">DESCARGA LA GU\u00cdA<\/a>\r\n                <\/div>\r\n                    <\/div>\r\n    <\/div>\r\n<\/div>\n\n\r\n<section class=\"qtx-pagebuilder-section qtx-pagebuilder-section-bannercontent  notopmargin \"\r\nstyle=\"background-color:#13AB5B; color: #FFFFFF;\">\r\n    <div class=\"bannercontentinner\">\r\n        <p style=\"text-align: center\">\u201cLlevar un seguimiento de los trayectos realizados, y poder hacer un control de los tiempos empleado en los trayectos\u201d es un desaf\u00edo totalmente resuelto gracias los reportes y hojas de conductores que el sistema Quartix provee a sus usuarios.\u201d<\/p>\n<p style=\"text-align: center\">&#8211; Taxis Baena, Se\u00f1or Francisco Baena Abril, Propietario<\/p>\n    <\/div>\r\n<\/section>\n\n\n<div class=\"wp-block-columns is-layout-flex wp-container-core-columns-is-layout-28f84493 wp-block-columns-is-layout-flex\">\n<div class=\"wp-block-column is-layout-flow wp-block-column-is-layout-flow\">\n<h2 class=\"wp-block-heading\">Tu gu\u00eda para un mejor rendimiento de los conductores<\/h2>\n\n\n\n<p>Reconoce c\u00f3mo las puntuaciones mejoradas de los conductores pueden beneficiar a tu negocio y crear una fuerza laboral m\u00f3vil consciente de la seguridad y eficiente.<\/p>\n\n\n    <div class=\"button-container \">\r\n<a href=\"https:\/\/go.marketing.quartix.com\/Guia_de_puntuaciones_de_conductores\" class=\"btn pagebuilder-btn btn-green btn-\" title=\"DESCARGA LA GU\u00cdA\" target=\"_blank\">DESCARGA LA GU\u00cdA<\/a>\r\n<\/div>\r\n<\/div>\n\n\n\n<div class=\"wp-block-column is-layout-flow wp-block-column-is-layout-flow\">\n<figure class=\"wp-block-image size-full is-resized\"><img loading=\"lazy\" decoding=\"async\" width=\"545\" height=\"650\" src=\"https:\/\/www.quartix.com\/content\/uploads\/2024\/08\/es-driver-scores.png\" alt=\"\" class=\"wp-image-108922\" style=\"width:346px;height:413px\" srcset=\"https:\/\/www.quartix.com\/content\/uploads\/2024\/08\/es-driver-scores.png 545w, https:\/\/www.quartix.com\/content\/uploads\/2024\/08\/es-driver-scores-252x300.png 252w\" sizes=\"auto, (max-width: 545px) 100vw, 545px\" \/><\/figure>\n<\/div>\n<\/div>\n","protected":false},"excerpt":{"rendered":"<p>Nuestra puntuaci\u00f3n codificada por colores y f\u00e1cil de entender para cada veh\u00edculo o conductor de una flota permite a los administradores de flotas reconocer instant\u00e1neamente qu\u00e9 conductores necesitan mejorar sus habilidades. Descubra c\u00f3mo se calcula la puntuaci\u00f3n de conducci\u00f3n y c\u00f3mo utilizar esta funci\u00f3n.<\/p>\n","protected":false},"author":12,"featured_media":49434,"parent":0,"menu_order":3412,"comment_status":"closed","ping_status":"closed","template":"templates\/landing-pagebuilder.php","meta":{"_acf_changed":false,"inline_featured_image":false,"footnotes":""},"topic":[1870],"qtx_campaign":[],"class_list":["post-70027","page","type-page","status-publish","has-post-thumbnail","hentry","topic-gestion-de-conductores"],"acf":[],"yoast_head":"<!-- This site is optimized with the Yoast SEO Premium plugin v27.3 (Yoast SEO v27.3) - https:\/\/yoast.com\/product\/yoast-seo-premium-wordpress\/ -->\n<title>Puntuaciones del conductor: una gu\u00eda para la puntuaci\u00f3n del comportamiento del conductor de Quartix - ES<\/title>\n<meta name=\"description\" content=\"Descubra c\u00f3mo se calculan las puntuaciones de nuestros conductores y c\u00f3mo pueden ayudarle a mejorar la seguridad y la eficiencia de su flota. Descarga nuestra gu\u00eda GRATIS. Cont\u00e1ctenos.\" \/>\n<meta name=\"robots\" content=\"index, follow, max-snippet:-1, max-image-preview:large, max-video-preview:-1\" \/>\n<link rel=\"canonical\" href=\"https:\/\/www.quartix.com\/es-es\/puntuaciones-del-conductor-de-quartix-guia-complete\/\" \/>\n<meta property=\"og:locale\" content=\"es_ES\" \/>\n<meta property=\"og:type\" content=\"article\" \/>\n<meta property=\"og:title\" content=\"Puntuaciones del conductor de Quartix: gu\u00eda complete\" \/>\n<meta property=\"og:description\" content=\"Descubra c\u00f3mo se calculan las puntuaciones de nuestros conductores y c\u00f3mo pueden ayudarle a mejorar la seguridad y la eficiencia de su flota. Descarga nuestra gu\u00eda GRATIS. Cont\u00e1ctenos.\" \/>\n<meta property=\"og:url\" content=\"https:\/\/www.quartix.com\/es-es\/puntuaciones-del-conductor-de-quartix-guia-complete\/\" \/>\n<meta property=\"og:site_name\" content=\"Quartix\" \/>\n<meta property=\"article:publisher\" content=\"https:\/\/www.facebook.com\/Quartix-USA-374426386097401\/\" \/>\n<meta property=\"article:modified_time\" content=\"2024-08-09T14:58:48+00:00\" \/>\n<meta property=\"og:image\" content=\"https:\/\/www.quartix.com\/content\/uploads\/2021\/02\/ES-driver-scores-guide-cover.png\" \/>\n\t<meta property=\"og:image:width\" content=\"523\" \/>\n\t<meta property=\"og:image:height\" content=\"746\" \/>\n\t<meta property=\"og:image:type\" content=\"image\/png\" \/>\n<meta name=\"twitter:card\" content=\"summary_large_image\" \/>\n<meta name=\"twitter:site\" content=\"@QuartixUSA\" \/>\n<meta name=\"twitter:label1\" content=\"Est. reading time\" \/>\n\t<meta name=\"twitter:data1\" content=\"3 minutes\" \/>\n<!-- \/ Yoast SEO Premium plugin. -->","yoast_head_json":{"title":"Puntuaciones del conductor: una gu\u00eda para la puntuaci\u00f3n del comportamiento del conductor de Quartix - ES","description":"Descubra c\u00f3mo se calculan las puntuaciones de nuestros conductores y c\u00f3mo pueden ayudarle a mejorar la seguridad y la eficiencia de su flota. Descarga nuestra gu\u00eda GRATIS. Cont\u00e1ctenos.","robots":{"index":"index","follow":"follow","max-snippet":"max-snippet:-1","max-image-preview":"max-image-preview:large","max-video-preview":"max-video-preview:-1"},"canonical":"https:\/\/www.quartix.com\/es-es\/puntuaciones-del-conductor-de-quartix-guia-complete\/","og_locale":"es_ES","og_type":"article","og_title":"Puntuaciones del conductor de Quartix: gu\u00eda complete","og_description":"Descubra c\u00f3mo se calculan las puntuaciones de nuestros conductores y c\u00f3mo pueden ayudarle a mejorar la seguridad y la eficiencia de su flota. Descarga nuestra gu\u00eda GRATIS. Cont\u00e1ctenos.","og_url":"https:\/\/www.quartix.com\/es-es\/puntuaciones-del-conductor-de-quartix-guia-complete\/","og_site_name":"Quartix","article_publisher":"https:\/\/www.facebook.com\/Quartix-USA-374426386097401\/","article_modified_time":"2024-08-09T14:58:48+00:00","og_image":[{"width":523,"height":746,"url":"https:\/\/www.quartix.com\/content\/uploads\/2021\/02\/ES-driver-scores-guide-cover.png","type":"image\/png"}],"twitter_card":"summary_large_image","twitter_site":"@QuartixUSA","twitter_misc":{"Est. reading time":"3 minutes"},"schema":{"@context":"https:\/\/schema.org","@graph":[{"@type":"WebPage","@id":"https:\/\/www.quartix.com\/es-es\/puntuaciones-del-conductor-de-quartix-guia-complete\/","url":"https:\/\/www.quartix.com\/es-es\/puntuaciones-del-conductor-de-quartix-guia-complete\/","name":"Puntuaciones del conductor: una gu\u00eda para la puntuaci\u00f3n del comportamiento del conductor de Quartix","isPartOf":{"@id":"https:\/\/www.quartix.com\/es-es\/#website"},"primaryImageOfPage":{"@id":"https:\/\/www.quartix.com\/es-es\/puntuaciones-del-conductor-de-quartix-guia-complete\/#primaryimage"},"image":{"@id":"https:\/\/www.quartix.com\/es-es\/puntuaciones-del-conductor-de-quartix-guia-complete\/#primaryimage"},"thumbnailUrl":"https:\/\/www.quartix.com\/content\/uploads\/2021\/02\/ES-driver-scores-guide-cover.png","datePublished":"2021-11-12T15:36:49+00:00","dateModified":"2024-08-09T14:58:48+00:00","description":"Descubra c\u00f3mo se calculan las puntuaciones de nuestros conductores y c\u00f3mo pueden ayudarle a mejorar la seguridad y la eficiencia de su flota. Descarga nuestra gu\u00eda GRATIS. Cont\u00e1ctenos.","breadcrumb":{"@id":"https:\/\/www.quartix.com\/es-es\/puntuaciones-del-conductor-de-quartix-guia-complete\/#breadcrumb"},"inLanguage":"es-ES","potentialAction":[{"@type":"ReadAction","target":["https:\/\/www.quartix.com\/es-es\/puntuaciones-del-conductor-de-quartix-guia-complete\/"]}]},{"@type":"ImageObject","inLanguage":"es-ES","@id":"https:\/\/www.quartix.com\/es-es\/puntuaciones-del-conductor-de-quartix-guia-complete\/#primaryimage","url":"https:\/\/www.quartix.com\/content\/uploads\/2021\/02\/ES-driver-scores-guide-cover.png","contentUrl":"https:\/\/www.quartix.com\/content\/uploads\/2021\/02\/ES-driver-scores-guide-cover.png","width":523,"height":746},{"@type":"BreadcrumbList","@id":"https:\/\/www.quartix.com\/es-es\/puntuaciones-del-conductor-de-quartix-guia-complete\/#breadcrumb","itemListElement":[{"@type":"ListItem","position":1,"name":"Inicio","item":"https:\/\/www.quartix.com\/es-es\/"},{"@type":"ListItem","position":2,"name":"Puntuaciones del conductor de Quartix: gu\u00eda complete"}]},{"@type":"WebSite","@id":"https:\/\/www.quartix.com\/es-es\/#website","url":"https:\/\/www.quartix.com\/es-es\/","name":"Quartix","description":"Real-time vehicle tracking","publisher":{"@id":"https:\/\/www.quartix.com\/es-es\/#organization"},"potentialAction":[{"@type":"SearchAction","target":{"@type":"EntryPoint","urlTemplate":"https:\/\/www.quartix.com\/es-es\/?s={search_term_string}"},"query-input":{"@type":"PropertyValueSpecification","valueRequired":true,"valueName":"search_term_string"}}],"inLanguage":"es-ES"},{"@type":"Organization","@id":"https:\/\/www.quartix.com\/es-es\/#organization","name":"Quartix","url":"https:\/\/www.quartix.com\/es-es\/","logo":{"@type":"ImageObject","inLanguage":"es-ES","@id":"https:\/\/www.quartix.com\/es-es\/#\/schema\/logo\/image\/","url":"https:\/\/www.quartix.com\/content\/uploads\/2019\/02\/quartix-logo-eur.svg","contentUrl":"https:\/\/www.quartix.com\/content\/uploads\/2019\/02\/quartix-logo-eur.svg","width":1,"height":1,"caption":"Quartix"},"image":{"@id":"https:\/\/www.quartix.com\/es-es\/#\/schema\/logo\/image\/"},"sameAs":["https:\/\/www.facebook.com\/Quartix-USA-374426386097401\/","https:\/\/x.com\/QuartixUSA","https:\/\/www.linkedin.com\/company\/5346733\/","https:\/\/www.youtube.com\/channel\/UCzS-_GMfHF4kWiCheyIRrAQ"]}]}},"_links":{"self":[{"href":"https:\/\/www.quartix.com\/es-es\/wp-json\/wp\/v2\/pages\/70027","targetHints":{"allow":["GET"]}}],"collection":[{"href":"https:\/\/www.quartix.com\/es-es\/wp-json\/wp\/v2\/pages"}],"about":[{"href":"https:\/\/www.quartix.com\/es-es\/wp-json\/wp\/v2\/types\/page"}],"author":[{"embeddable":true,"href":"https:\/\/www.quartix.com\/es-es\/wp-json\/wp\/v2\/users\/12"}],"replies":[{"embeddable":true,"href":"https:\/\/www.quartix.com\/es-es\/wp-json\/wp\/v2\/comments?post=70027"}],"version-history":[{"count":0,"href":"https:\/\/www.quartix.com\/es-es\/wp-json\/wp\/v2\/pages\/70027\/revisions"}],"wp:featuredmedia":[{"embeddable":true,"href":"https:\/\/www.quartix.com\/es-es\/wp-json\/wp\/v2\/media\/49434"}],"wp:attachment":[{"href":"https:\/\/www.quartix.com\/es-es\/wp-json\/wp\/v2\/media?parent=70027"}],"wp:term":[{"taxonomy":"topic","embeddable":true,"href":"https:\/\/www.quartix.com\/es-es\/wp-json\/wp\/v2\/topic?post=70027"},{"taxonomy":"qtx_campaign","embeddable":true,"href":"https:\/\/www.quartix.com\/es-es\/wp-json\/wp\/v2\/qtx_campaign?post=70027"}],"curies":[{"name":"wp","href":"https:\/\/api.w.org\/{rel}","templated":true}]}}