{"id":70040,"date":"2021-11-12T17:01:11","date_gmt":"2021-11-12T16:01:11","guid":{"rendered":"https:\/\/www.quartix.com\/?page_id=70040"},"modified":"2024-07-09T15:21:33","modified_gmt":"2024-07-09T14:21:33","slug":"guia-de-conduccion-ecologica","status":"publish","type":"page","link":"https:\/\/www.quartix.com\/es-es\/guia-de-conduccion-ecologica\/","title":{"rendered":"Gu\u00eda de conducci\u00f3n ecol\u00f3gica"},"content":{"rendered":"\r\n<div   class=\"hero-block bighero\">\r\n    <img loading=\"lazy\" decoding=\"async\" width=\"1000\" height=\"449\" src=\"https:\/\/www.quartix.com\/content\/uploads\/2023\/06\/Rural-road-vehicle-tracking-1.jpg\" class=\"\" alt=\"\" srcset=\"https:\/\/www.quartix.com\/content\/uploads\/2023\/06\/Rural-road-vehicle-tracking-1.jpg 1000w, https:\/\/www.quartix.com\/content\/uploads\/2023\/06\/Rural-road-vehicle-tracking-1-300x135.jpg 300w, https:\/\/www.quartix.com\/content\/uploads\/2023\/06\/Rural-road-vehicle-tracking-1-768x345.jpg 768w\" sizes=\"auto, (max-width: 1000px) 100vw, 1000px\" \/>                <div class=\"hero-overlay\"><\/div>\r\n            \r\n\r\n\r\n    <div class=\"hero-content \">\r\n        <div class=\"inner limited-width\">\r\n                                                <p class=\"title stylelikeh1\">T\u00e9cnicas de Conducci\u00f3n Ecol\u00f3gica: La Gu\u00eda del Conductor<\/p>\r\n                                <p class=\"text\">Educa a tus conductores sobre c\u00f3mo lograr una mejor econom\u00eda de combustible para tu negocio con peque\u00f1os cambios en su forma de conducir.<\/p>                                        <div class=\"buttons\">\r\n                    <a href=\"https:\/\/go.marketing.quartix.com\/Guia_de_conduccion_ecologica\" class=\"btn btn-green btn-inline\" target=\"_blank\" title=\"DESCARGA LA GU\u00cdA\">DESCARGA LA GU\u00cdA<\/a>\r\n                <\/div>\r\n                    <\/div>\r\n    <\/div>\r\n<\/div>\n\n\r\n<div   class=\"hero-block smallhero\">\r\n            <div class=\"hero-overlay whitebg\"><\/div>\r\n    \r\n\r\n\r\n    <div class=\"hero-content whitebg noimage\">\r\n        <div class=\"inner\">\r\n                            <p class=\"title stylelikeh3\">Una mejor eficiencia de combustible empieza con cambiar la mentalidad<\/p>                <div class=\"author\"><p>La conducci\u00f3n ecol\u00f3gica requiere reflexi\u00f3n, planificaci\u00f3n y conciencia. Aprende c\u00f3mo fomentar viajes m\u00e1s inteligentes y seguros para tu flota.<\/p>\n<\/div>                                        <div class=\"buttons\">\r\n                    <a href=\"https:\/\/go.marketing.quartix.com\/Guia_de_conduccion_ecologica\" class=\"btn btn-green btn-inline\" target=\"_blank\" title=\"DESCARGA LA GU\u00cdA\">DESCARGA LA GU\u00cdA<\/a>\r\n                <\/div>\r\n                    <\/div>\r\n    <\/div>\r\n<\/div>\n\n<section class=\"qtx-pagebuilder-section countups qtx-pagebuilder-section-counters  \">\r\n        <div class=\"countup first\">\r\n            <p class=\"pretext\">Neum\u00e1ticos desinflados usan un <\/p>\r\n            <p class=\"value\" id=\"cid21220938961\">5<\/p>\r\n            <p class=\"posttext\">% m\u00e1s de combustible<\/p>\r\n        <\/div>\r\n        <div class=\"countup\">\r\n            <p class=\"pretext\">Cambia de marcha a <\/p>\r\n            <p class=\"value\" id=\"cid21220938962\">2500<\/p>\r\n            <p class=\"posttext\">RPM<\/p>\r\n        <\/div>\r\n        <div class=\"countup\">\r\n            <p class=\"pretext\">Cuando te detengas por m\u00e1s de <\/p>\r\n            <p class=\"value\" id=\"cid21220938963\">20<\/p>\r\n            <p class=\"posttext\">segundos, apaga el motor<\/p>\r\n    <\/div>\r\n<\/section>\r\n\r\n<script nonce=\"\" nonce=\"\">\r\n\r\n    jQuery(function($) {\r\n        $( document ).ready(function(){\r\n            var countercontroller2122093896 = new ScrollMagic.Controller();\r\n\r\n                                var options = {\r\n                        useEasing: true,\r\n                        useGrouping: true,\r\n                        separator: '.',\r\n                        decimal: ',',\r\n                        suffix: ''\r\n                    };\r\n                \r\n            let c1countup= new CountUp('cid21220938961', 0, 5,0,2,options);\r\n\t\t\tvar c1scene = new ScrollMagic.Scene({\r\n                triggerElement: \"#cid21220938961\",\r\n                triggerHook: 'onEnter',\r\n\t\t\t})\r\n\t\t\t.addTo(countercontroller2122093896);\r\n            c1scene.on(\"enter\", function (event) {\r\n                if (!c1countup.error) {\r\n                \u2003\u2003c1countup.start();\r\n                } else {\r\n                \u2003\u2003console.error(c1countup.error);\r\n                }\r\n            });\r\n\r\n            let c2countup= new CountUp('cid21220938962', 0, 2500,0,2,options);\r\n\t\t\tvar c2scene = new ScrollMagic.Scene({\r\n                triggerElement: \"#cid21220938962\",\r\n                triggerHook: 'onEnter',\r\n\t\t\t})\r\n\t\t\t.addTo(countercontroller2122093896);\r\n            c2scene.on(\"enter\", function (event) {\r\n                if (!c2countup.error) {\r\n                \u2003\u2003c2countup.start();\r\n                } else {\r\n                \u2003\u2003console.error(c2countup.error);\r\n                }\r\n            });\r\n\r\n            let c3countup= new CountUp('cid21220938963', 0, 20,0,2,options);\r\n\t\t\tvar c3scene = new ScrollMagic.Scene({\r\n                triggerElement: \"#cid21220938963\",\r\n                triggerHook: 'onEnter',\r\n\t\t\t})\r\n\t\t\t.addTo(countercontroller2122093896);\r\n            c3scene.on(\"enter\", function (event) {\r\n                if (!c3countup.error) {\r\n                \u2003\u2003c3countup.start();\r\n                } else {\r\n                \u2003\u2003console.error(c3countup.error);\r\n                }\r\n            });\r\n        })  \r\n    })\r\n            <\/script>\n\n\r\n\r\n        <div  class=\"landingpageouter\" style=\"background-color:#ffffff ;\">\r\n        <div class=\"landingpagecolsblock twocols4060 \">\r\n            <div class=\"col1\">\r\n                <p class=\"pre-title\">\u00bfPOR QU\u00c9 CONDUCIR ECOL\u00d3GICAMENTE?<\/p>                <h2 class=\"\">Ahorros significativos para la flota<\/h2>                <div class='wysiwyg'><p>Adoptar mejores estilos de conducci\u00f3n ha demostrado reducir los costos de la flota, al disminuir el consumo de combustible y los costos de mantenimiento del veh\u00edculo, adem\u00e1s de reducir el riesgo de accidentes. Descubre las t\u00e9cnicas de conducci\u00f3n ecol\u00f3gica y c\u00f3mo abordar comportamientos de conducci\u00f3n problem\u00e1ticos con la ayuda de un sistema de seguimiento de flotas en nuestra gu\u00eda.<\/p>\n<\/div>            <\/div>\r\n            <div class=\"col2\">\r\n                <div class=\"responsivemedia\"><img loading=\"lazy\" decoding=\"async\" width=\"640\" height=\"360\" src=\"https:\/\/www.quartix.com\/content\/uploads\/2023\/04\/Road-aerial-view-768x432.jpg\" class=\"\" alt=\"\" srcset=\"https:\/\/www.quartix.com\/content\/uploads\/2023\/04\/Road-aerial-view-768x432.jpg 768w, https:\/\/www.quartix.com\/content\/uploads\/2023\/04\/Road-aerial-view-300x169.jpg 300w, https:\/\/www.quartix.com\/content\/uploads\/2023\/04\/Road-aerial-view.jpg 1000w\" sizes=\"auto, (max-width: 640px) 100vw, 640px\" \/><\/div>            <\/div>\r\n                        <\/div>\r\n    <\/div>\r\n\r\n\r\n\n\n\r\n\r\n        <div  class=\"landingpageouter\" style=\"background-color:#f8f8f8 ;\">\r\n        <div class=\"landingpagecolsblock twocols4060 swap-content\">\r\n            <div class=\"col1\">\r\n                <p class=\"pre-title\">\u00bfPOR QU\u00c9 CONDUCIR ECOL\u00d3GICAMENTE?<\/p>                <h2 class=\"\">Menor impacto ambiental<\/h2>                <div class='wysiwyg'><p>La conducci\u00f3n ecol\u00f3gica ayuda a minimizar el impacto ambiental de tu negocio al reducir las emisiones de la flota. Un sistema de seguimiento de veh\u00edculos puede ayudarte a monitorear las emisiones de tu flota para ver cu\u00e1nto cambia.<\/p>\n<\/div>            <\/div>\r\n            <div class=\"col2\">\r\n                <div class=\"responsivemedia\"><img loading=\"lazy\" decoding=\"async\" width=\"300\" height=\"300\" src=\"https:\/\/www.quartix.com\/content\/uploads\/2024\/07\/fr-us-motorway-image-1-300x300-1.png\" class=\"\" alt=\"\" srcset=\"https:\/\/www.quartix.com\/content\/uploads\/2024\/07\/fr-us-motorway-image-1-300x300-1.png 300w, https:\/\/www.quartix.com\/content\/uploads\/2024\/07\/fr-us-motorway-image-1-300x300-1-150x150.png 150w\" sizes=\"auto, (max-width: 300px) 100vw, 300px\" \/><\/div>            <\/div>\r\n                        <\/div>\r\n    <\/div>\r\n\r\n\r\n\n\n\r\n\r\n        <div  class=\"landingpageouter\" style=\"background-color:#ffffff ;\">\r\n        <div class=\"landingpagecolsblock twocols4060 \">\r\n            <div class=\"col1\">\r\n                <p class=\"pre-title\">\u00bfPOR QU\u00c9 CONDUCIR ECOL\u00d3GICAMENTE?<\/p>                <h2 class=\"\">Una flota m\u00e1s segura <\/h2>                <div class='wysiwyg'><p>Emplear las t\u00e9cnicas de conducci\u00f3n ecol\u00f3gica en esta gu\u00eda ayudar\u00e1 a tus conductores a navegar las carreteras de manera m\u00e1s segura y eficiente en cuanto al consumo de combustible. La aceleraci\u00f3n y el frenado gradual minimizan el riesgo, y las compa\u00f1\u00edas de seguros prefieren a las empresas que pueden demostrar buenos estilos de conducci\u00f3n en toda su flota.<\/p>\n<\/div>            <\/div>\r\n            <div class=\"col2\">\r\n                <div class=\"responsivemedia\"><img loading=\"lazy\" decoding=\"async\" width=\"640\" height=\"362\" src=\"https:\/\/www.quartix.com\/content\/uploads\/2019\/02\/Driving-style-3-768x434.gif\" class=\"\" alt=\"Driving style ES\" srcset=\"https:\/\/www.quartix.com\/content\/uploads\/2019\/02\/Driving-style-3-768x434.gif 768w, https:\/\/www.quartix.com\/content\/uploads\/2019\/02\/Driving-style-3-300x169.gif 300w, https:\/\/www.quartix.com\/content\/uploads\/2019\/02\/Driving-style-3-1000x565.gif 1000w\" sizes=\"auto, (max-width: 640px) 100vw, 640px\" \/><\/div>            <\/div>\r\n                        <\/div>\r\n    <\/div>\r\n\r\n\r\n\n\n\n<div class=\"wp-block-columns is-layout-flex wp-container-core-columns-is-layout-28f84493 wp-block-columns-is-layout-flex\">\n<div class=\"wp-block-column is-layout-flow wp-block-column-is-layout-flow\">\n<h2 class=\"wp-block-heading\">Fomenta que tus conductores adopten mejores t\u00e9cnicas<\/h2>\n\n\n\n<p>Explora los beneficios de la conducci\u00f3n ecol\u00f3gica y establece buenas pr\u00e1cticas para tus conductores que les ayudar\u00e1n a conducir de manera m\u00e1s eficiente, segura y rentable.<\/p>\n\n\n    <div class=\"button-container \">\r\n<a href=\"https:\/\/go.marketing.quartix.com\/Guia_de_conduccion_ecologica\" class=\"btn pagebuilder-btn btn-green btn-\" title=\"DESCARGA LA GU\u00cdA\" target=\"_blank\">DESCARGA LA GU\u00cdA<\/a>\r\n<\/div>\r\n<\/div>\n\n\n\n<div class=\"wp-block-column is-layout-flow wp-block-column-is-layout-flow\">\n<figure class=\"wp-block-image size-full is-resized\"><img loading=\"lazy\" decoding=\"async\" width=\"545\" height=\"650\" src=\"https:\/\/www.quartix.com\/content\/uploads\/2024\/07\/es-eco-driving.png\" alt=\"\" class=\"wp-image-107581\" style=\"width:386px;height:auto\" srcset=\"https:\/\/www.quartix.com\/content\/uploads\/2024\/07\/es-eco-driving.png 545w, https:\/\/www.quartix.com\/content\/uploads\/2024\/07\/es-eco-driving-252x300.png 252w\" sizes=\"auto, (max-width: 545px) 100vw, 545px\" \/><\/figure>\n<\/div>\n<\/div>\n","protected":false},"excerpt":{"rendered":"<p>Fomenta que tus conductores adopten mejores t\u00e9cnicas Explora los beneficios de la conducci\u00f3n ecol\u00f3gica y establece buenas pr\u00e1cticas para tus conductores que les ayudar\u00e1n a conducir de manera m\u00e1s eficiente, segura y rentable.<\/p>\n","protected":false},"author":6,"featured_media":70041,"parent":0,"menu_order":3418,"comment_status":"closed","ping_status":"closed","template":"templates\/landing-pagebuilder.php","meta":{"_acf_changed":false,"inline_featured_image":false,"footnotes":""},"topic":[],"qtx_campaign":[],"class_list":["post-70040","page","type-page","status-publish","has-post-thumbnail","hentry"],"acf":[],"yoast_head":"<!-- This site is optimized with the Yoast SEO Premium plugin v27.3 (Yoast SEO v27.3) - https:\/\/yoast.com\/product\/yoast-seo-premium-wordpress\/ -->\n<title>Gu\u00eda de conducci\u00f3n ecol\u00f3gica - ES<\/title>\n<meta name=\"description\" content=\"En esta gu\u00eda revisaremos los beneficios de la conducci\u00f3n ecol\u00f3gica y estableceremos buenas pr\u00e1cticas que le ayudar\u00e1n a conducer de manera m\u00e1s eficiente, segura y rentable.\" \/>\n<meta name=\"robots\" content=\"index, follow, max-snippet:-1, max-image-preview:large, max-video-preview:-1\" \/>\n<link rel=\"canonical\" href=\"https:\/\/www.quartix.com\/es-es\/guia-de-conduccion-ecologica\/\" \/>\n<meta property=\"og:locale\" content=\"es_ES\" \/>\n<meta property=\"og:type\" content=\"article\" \/>\n<meta property=\"og:title\" content=\"Gu\u00eda de conducci\u00f3n ecol\u00f3gica\" \/>\n<meta property=\"og:description\" content=\"En esta gu\u00eda revisaremos los beneficios de la conducci\u00f3n ecol\u00f3gica y estableceremos buenas pr\u00e1cticas que le ayudar\u00e1n a conducer de manera m\u00e1s eficiente, segura y rentable.\" \/>\n<meta property=\"og:url\" content=\"https:\/\/www.quartix.com\/es-es\/guia-de-conduccion-ecologica\/\" \/>\n<meta property=\"og:site_name\" content=\"Quartix\" \/>\n<meta property=\"article:publisher\" content=\"https:\/\/www.facebook.com\/Quartix-USA-374426386097401\/\" \/>\n<meta property=\"article:modified_time\" content=\"2024-07-09T14:21:33+00:00\" \/>\n<meta property=\"og:image\" content=\"https:\/\/www.quartix.com\/content\/uploads\/2021\/11\/es-eco-driving.png\" \/>\n\t<meta property=\"og:image:width\" content=\"594\" \/>\n\t<meta property=\"og:image:height\" content=\"839\" \/>\n\t<meta property=\"og:image:type\" content=\"image\/png\" \/>\n<meta name=\"twitter:card\" content=\"summary_large_image\" \/>\n<meta name=\"twitter:site\" content=\"@QuartixUSA\" \/>\n<meta name=\"twitter:label1\" content=\"Est. reading time\" \/>\n\t<meta name=\"twitter:data1\" content=\"3 minutes\" \/>\n<!-- \/ Yoast SEO Premium plugin. -->","yoast_head_json":{"title":"Gu\u00eda de conducci\u00f3n ecol\u00f3gica - ES","description":"En esta gu\u00eda revisaremos los beneficios de la conducci\u00f3n ecol\u00f3gica y estableceremos buenas pr\u00e1cticas que le ayudar\u00e1n a conducer de manera m\u00e1s eficiente, segura y rentable.","robots":{"index":"index","follow":"follow","max-snippet":"max-snippet:-1","max-image-preview":"max-image-preview:large","max-video-preview":"max-video-preview:-1"},"canonical":"https:\/\/www.quartix.com\/es-es\/guia-de-conduccion-ecologica\/","og_locale":"es_ES","og_type":"article","og_title":"Gu\u00eda de conducci\u00f3n ecol\u00f3gica","og_description":"En esta gu\u00eda revisaremos los beneficios de la conducci\u00f3n ecol\u00f3gica y estableceremos buenas pr\u00e1cticas que le ayudar\u00e1n a conducer de manera m\u00e1s eficiente, segura y rentable.","og_url":"https:\/\/www.quartix.com\/es-es\/guia-de-conduccion-ecologica\/","og_site_name":"Quartix","article_publisher":"https:\/\/www.facebook.com\/Quartix-USA-374426386097401\/","article_modified_time":"2024-07-09T14:21:33+00:00","og_image":[{"width":594,"height":839,"url":"https:\/\/www.quartix.com\/content\/uploads\/2021\/11\/es-eco-driving.png","type":"image\/png"}],"twitter_card":"summary_large_image","twitter_site":"@QuartixUSA","twitter_misc":{"Est. reading time":"3 minutes"},"schema":{"@context":"https:\/\/schema.org","@graph":[{"@type":"WebPage","@id":"https:\/\/www.quartix.com\/es-es\/guia-de-conduccion-ecologica\/","url":"https:\/\/www.quartix.com\/es-es\/guia-de-conduccion-ecologica\/","name":"Gu\u00eda de conducci\u00f3n ecol\u00f3gica","isPartOf":{"@id":"https:\/\/www.quartix.com\/es-es\/#website"},"primaryImageOfPage":{"@id":"https:\/\/www.quartix.com\/es-es\/guia-de-conduccion-ecologica\/#primaryimage"},"image":{"@id":"https:\/\/www.quartix.com\/es-es\/guia-de-conduccion-ecologica\/#primaryimage"},"thumbnailUrl":"https:\/\/www.quartix.com\/content\/uploads\/2021\/11\/es-eco-driving.png","datePublished":"2021-11-12T16:01:11+00:00","dateModified":"2024-07-09T14:21:33+00:00","description":"En esta gu\u00eda revisaremos los beneficios de la conducci\u00f3n ecol\u00f3gica y estableceremos buenas pr\u00e1cticas que le ayudar\u00e1n a conducer de manera m\u00e1s eficiente, segura y rentable.","breadcrumb":{"@id":"https:\/\/www.quartix.com\/es-es\/guia-de-conduccion-ecologica\/#breadcrumb"},"inLanguage":"es-ES","potentialAction":[{"@type":"ReadAction","target":["https:\/\/www.quartix.com\/es-es\/guia-de-conduccion-ecologica\/"]}]},{"@type":"ImageObject","inLanguage":"es-ES","@id":"https:\/\/www.quartix.com\/es-es\/guia-de-conduccion-ecologica\/#primaryimage","url":"https:\/\/www.quartix.com\/content\/uploads\/2021\/11\/es-eco-driving.png","contentUrl":"https:\/\/www.quartix.com\/content\/uploads\/2021\/11\/es-eco-driving.png","width":594,"height":839,"caption":"Gu\u00eda de conducci\u00f3n ecol\u00f3gica"},{"@type":"BreadcrumbList","@id":"https:\/\/www.quartix.com\/es-es\/guia-de-conduccion-ecologica\/#breadcrumb","itemListElement":[{"@type":"ListItem","position":1,"name":"Inicio","item":"https:\/\/www.quartix.com\/es-es\/quartix-localizacion-de-vehiculos-en-tiempo-real\/"},{"@type":"ListItem","position":2,"name":"Gu\u00eda de conducci\u00f3n ecol\u00f3gica"}]},{"@type":"WebSite","@id":"https:\/\/www.quartix.com\/es-es\/#website","url":"https:\/\/www.quartix.com\/es-es\/","name":"Quartix","description":"Real-time vehicle tracking","publisher":{"@id":"https:\/\/www.quartix.com\/es-es\/#organization"},"potentialAction":[{"@type":"SearchAction","target":{"@type":"EntryPoint","urlTemplate":"https:\/\/www.quartix.com\/es-es\/?s={search_term_string}"},"query-input":{"@type":"PropertyValueSpecification","valueRequired":true,"valueName":"search_term_string"}}],"inLanguage":"es-ES"},{"@type":"Organization","@id":"https:\/\/www.quartix.com\/es-es\/#organization","name":"Quartix","url":"https:\/\/www.quartix.com\/es-es\/","logo":{"@type":"ImageObject","inLanguage":"es-ES","@id":"https:\/\/www.quartix.com\/es-es\/#\/schema\/logo\/image\/","url":"https:\/\/www.quartix.com\/content\/uploads\/2019\/02\/quartix-logo-eur.svg","contentUrl":"https:\/\/www.quartix.com\/content\/uploads\/2019\/02\/quartix-logo-eur.svg","width":1,"height":1,"caption":"Quartix"},"image":{"@id":"https:\/\/www.quartix.com\/es-es\/#\/schema\/logo\/image\/"},"sameAs":["https:\/\/www.facebook.com\/Quartix-USA-374426386097401\/","https:\/\/x.com\/QuartixUSA","https:\/\/www.linkedin.com\/company\/5346733\/","https:\/\/www.youtube.com\/channel\/UCzS-_GMfHF4kWiCheyIRrAQ"]}]}},"_links":{"self":[{"href":"https:\/\/www.quartix.com\/es-es\/wp-json\/wp\/v2\/pages\/70040","targetHints":{"allow":["GET"]}}],"collection":[{"href":"https:\/\/www.quartix.com\/es-es\/wp-json\/wp\/v2\/pages"}],"about":[{"href":"https:\/\/www.quartix.com\/es-es\/wp-json\/wp\/v2\/types\/page"}],"author":[{"embeddable":true,"href":"https:\/\/www.quartix.com\/es-es\/wp-json\/wp\/v2\/users\/6"}],"replies":[{"embeddable":true,"href":"https:\/\/www.quartix.com\/es-es\/wp-json\/wp\/v2\/comments?post=70040"}],"version-history":[{"count":0,"href":"https:\/\/www.quartix.com\/es-es\/wp-json\/wp\/v2\/pages\/70040\/revisions"}],"wp:featuredmedia":[{"embeddable":true,"href":"https:\/\/www.quartix.com\/es-es\/wp-json\/wp\/v2\/media\/70041"}],"wp:attachment":[{"href":"https:\/\/www.quartix.com\/es-es\/wp-json\/wp\/v2\/media?parent=70040"}],"wp:term":[{"taxonomy":"topic","embeddable":true,"href":"https:\/\/www.quartix.com\/es-es\/wp-json\/wp\/v2\/topic?post=70040"},{"taxonomy":"qtx_campaign","embeddable":true,"href":"https:\/\/www.quartix.com\/es-es\/wp-json\/wp\/v2\/qtx_campaign?post=70040"}],"curies":[{"name":"wp","href":"https:\/\/api.w.org\/{rel}","templated":true}]}}