{"id":70064,"date":"2021-11-15T11:01:11","date_gmt":"2021-11-15T10:01:11","guid":{"rendered":"https:\/\/www.quartix.com\/?page_id=70064"},"modified":"2024-07-09T10:02:12","modified_gmt":"2024-07-09T09:02:12","slug":"cuanto-cuesta-el-seguimiento-de-vehiculos","status":"publish","type":"page","link":"https:\/\/www.quartix.com\/es-es\/cuanto-cuesta-el-seguimiento-de-vehiculos\/","title":{"rendered":"\u00bfCu\u00e1nto cuesta el seguimiento de veh\u00edculos?"},"content":{"rendered":"\r\n<div   class=\"hero-block bighero\">\r\n    <img loading=\"lazy\" decoding=\"async\" width=\"1284\" height=\"358\" src=\"https:\/\/www.quartix.com\/content\/uploads\/2023\/12\/Vans-with-sunset-banner-resized-2-2.png\" class=\"\" alt=\"Van tracking\" \/>                <div class=\"hero-overlay\"><\/div>\r\n            \r\n\r\n\r\n    <div class=\"hero-content \">\r\n        <div class=\"inner limited-width\">\r\n                                                <p class=\"title stylelikeh1\">\u00bfCu\u00e1nto cuesta realmente el seguimiento de veh\u00edculos?<\/p>\r\n                                <p class=\"text\">Inf\u00f3rmate sobre la letra peque\u00f1a de los contratos de los proveedores de servicios de seguimiento de flotas, descubre los costes ocultos y toma decisiones bien informadas sobre tu flota.<\/p>                                        <div class=\"buttons\">\r\n                    <a href=\"https:\/\/go.marketing.quartix.com\/Guia_de_precios_de_seguimiento_de_vehiculos\" class=\"btn btn-green btn-inline\" target=\"_blank\" title=\"DESCARGA LA GU\u00cdA\">DESCARGA LA GU\u00cdA<\/a>\r\n                <\/div>\r\n                    <\/div>\r\n    <\/div>\r\n<\/div>\n\n\r\n<div   class=\"hero-block smallhero landing-cta\">\r\n            <div class=\"hero-overlay greybg\"><\/div>\r\n        <div class=\"hero-content greybg noimage\">\r\n        <div class=\"inner\">\r\n            <h2 class=\"title\">Prep\u00e1rate con las 10 preguntas m\u00e1s importantes que debes hacer a cualquier proveedor<\/h2>            <div class=\"author\"><p>Obtenga una \u00fatil lista de comprobaci\u00f3n que le ayudar\u00e1 a detectar cualquier coste oculto en el contrato de un proveedor:<\/p>\n<\/div>            <div class='landingctalist'><ul class='ticks fa-ul' style=''><li><span class='fa-li'><i class='fas fa-check-circle'><\/i><\/span>\u00bfTus contratos de seguimiento de veh\u00edculos se renuevan autom\u00e1ticamente?<\/li><li><span class='fa-li'><i class='fas fa-check-circle'><\/i><\/span>\u00bfDebo esperar tarifas de cancelaci\u00f3n si termino mi contrato?<\/li><li><span class='fa-li'><i class='fas fa-check-circle'><\/i><\/span>\u00bfCu\u00e1l es el per\u00edodo de preaviso si no deseo renovar?<\/li><\/ul><\/div>            \r\n                            <div class=\"buttons\">\r\n                    <a href=\"https:\/\/go.marketing.quartix.com\/Guia_de_precios_de_seguimiento_de_vehiculos\" class=\"btn btn-green\" target=\"_blank\" title=\"DESCARGA LA GU\u00cdA\">DESCARGA LA GU\u00cdA<\/a>\r\n                <\/div>\r\n                    <\/div>\r\n    <\/div>\r\n<\/div>\n\n\r\n\r\n        <div  class=\"landingpageouter\" style=\"background-color:#ffffff ;\">\r\n        <div class=\"landingpagecolsblock twocols4060 \">\r\n            <div class=\"col1\">\r\n                <p class=\"pre-title\">Caracter\u00edsticas e integraciones<\/p>                <h2 class=\"\">Elige el paquete adecuado a las necesidades de tu negocio<\/h2>                <div class='wysiwyg'><p>Los proveedores suelen ofrecer distintas opciones de paquetes, con funciones adicionales a cambio de un mayor coste mensual. \u00c9stas pueden incluir el seguimiento de los h\u00e1bitos de conducci\u00f3n, cuadros de mandos operativos e incluso el control de la temperatura del veh\u00edculo. Tambi\u00e9n encontrar\u00e1s proveedores que ofrecen integraciones entre el sistema de seguimiento y las tarjetas de combustible, herramientas adicionales de gesti\u00f3n de flotas o dashcams.<\/p>\n<p>Si estas funciones aportan valor a tu empresa, comprueba en qu\u00e9 medida afectan al coste mensual. Si el paquete est\u00e1ndar de un proveedor incluye funciones que no prev\u00e9 necesitar, considera si una opci\u00f3n m\u00e1s simplificada ser\u00eda mejor para tu flota.<\/p>\n<\/div>            <\/div>\r\n            <div class=\"col2\">\r\n                <div class=\"responsivemedia\"><img loading=\"lazy\" decoding=\"async\" width=\"640\" height=\"640\" src=\"https:\/\/www.quartix.com\/content\/uploads\/2023\/12\/5-star.png\" class=\"\" alt=\"\" \/><\/div>            <\/div>\r\n                        <\/div>\r\n    <\/div>\r\n\r\n\r\n\n\n\r\n\r\n        <div  class=\"landingpageouter\" style=\"background-color:#f8f8f8 ;\">\r\n        <div class=\"landingpagecolsblock twocols4060 swap-content\">\r\n            <div class=\"col1\">\r\n                <p class=\"pre-title\">Flexibilidad del contrato <\/p>                <h2 class=\"\">Controla la duraci\u00f3n del contrato<\/h2>                <div class='wysiwyg'><p>Los contratos que se renuevan autom\u00e1ticamente pueden obligarte a extender un servicio que ya no deseas y te impiden buscar una nueva soluci\u00f3n de seguimiento de flotas. Es mejor tratar de evitar esto por completo y elegir una empresa que no renueve autom\u00e1ticamente sus contratos. Algunos proveedores te transferir\u00e1n a un contrato mensual continuo si no se indica lo contrario, dej\u00e1ndote libre para cancelar en cualquier momento una vez que haya expirado tu per\u00edodo inicial.<\/p>\n<p>Recuerda tambi\u00e9n verificar cu\u00e1l es el per\u00edodo de preaviso para cancelaciones y entender los posibles cargos involucrados.<\/p>\n<\/div>            <\/div>\r\n            <div class=\"col2\">\r\n                <div class=\"responsivemedia\"><img loading=\"lazy\" decoding=\"async\" width=\"640\" height=\"640\" src=\"https:\/\/www.quartix.com\/content\/uploads\/2023\/12\/auto-renew.png\" class=\"\" alt=\"\" \/><\/div>            <\/div>\r\n                        <\/div>\r\n    <\/div>\r\n\r\n\r\n\n\n\r\n\r\n        <div  class=\"landingpageouter\" style=\"background-color:#efefef ;\">\r\n        <div class=\"landingpagecolsblock twocols4060 \">\r\n            <div class=\"col1\">\r\n                <p class=\"pre-title\">Costes adicionales<\/p>                <h2 class=\"\">Sabe qu\u00e9 est\u00e1 incluido en tu suscripci\u00f3n<\/h2>                <div class='wysiwyg'><p>Algunos de los costes adicionales m\u00e1s grandes pueden ser los cargos por instalaci\u00f3n y configuraci\u00f3n, que quiz\u00e1s no te des cuenta de que un proveedor te cobrar\u00e1 adem\u00e1s de tu tarifa de suscripci\u00f3n. Hemos incluido una lista de posibles extras para que los discutas con los proveedores, incluidas sus opciones de dispositivos de rastreo y lo f\u00e1cil que ser\u00e1 para ti mover un rastreador a otro veh\u00edculo o retirarlo por completo.<\/p>\n<p>Un servicio de soporte de seguimiento de flotas \u00fatil y receptivo puede ser un salvavidas para tu flota. Verifica que el proveedor tenga buenos niveles y calificaciones de soporte, y que esto tambi\u00e9n est\u00e9 incluido en tu suscripci\u00f3n.<\/p>\n<\/div>            <\/div>\r\n            <div class=\"col2\">\r\n                <div class=\"responsivemedia\"><img loading=\"lazy\" decoding=\"async\" width=\"640\" height=\"640\" src=\"https:\/\/www.quartix.com\/content\/uploads\/2023\/12\/hidden-costs.png\" class=\"\" alt=\"\" \/><\/div>            <\/div>\r\n                        <\/div>\r\n    <\/div>\r\n\r\n\r\n\n\n\n<div class=\"wp-block-columns is-layout-flex wp-container-core-columns-is-layout-28f84493 wp-block-columns-is-layout-flex\">\n<div class=\"wp-block-column is-layout-flow wp-block-column-is-layout-flow\">\n<h2 class=\"wp-block-heading\">Tu gu\u00eda para navegar por los contratos de seguimiento de flotas<\/h2>\n\n\n\n<p>Con esta gu\u00eda y lista de comprobaci\u00f3n podr\u00e1s comprender mejor la letra peque\u00f1a de los contratos con proveedores de servicios de seguimiento de flotas, descubrir costes ocultos y tomar decisiones informadas sobre tu flota.<\/p>\n\n\n    <div class=\"button-container \">\r\n<a href=\"https:\/\/go.marketing.quartix.com\/Guia_de_precios_de_seguimiento_de_vehiculos\" class=\"btn pagebuilder-btn btn-green btn-\" title=\"DESCARGA LA GU\u00cdA\" target=\"_blank\">DESCARGA LA GU\u00cdA<\/a>\r\n<\/div>\r\n<\/div>\n\n\n\n<div class=\"wp-block-column is-layout-flow wp-block-column-is-layout-flow\">\n<figure class=\"wp-block-image size-full is-resized\"><img loading=\"lazy\" decoding=\"async\" width=\"545\" height=\"650\" src=\"https:\/\/www.quartix.com\/content\/uploads\/2024\/07\/es-pricing-guide-1.png\" alt=\"\" class=\"wp-image-107509\" style=\"width:384px;height:auto\" srcset=\"https:\/\/www.quartix.com\/content\/uploads\/2024\/07\/es-pricing-guide-1.png 545w, https:\/\/www.quartix.com\/content\/uploads\/2024\/07\/es-pricing-guide-1-252x300.png 252w\" sizes=\"auto, (max-width: 545px) 100vw, 545px\" \/><\/figure>\n<\/div>\n<\/div>\n","protected":false},"excerpt":{"rendered":"<p>Tu gu\u00eda para navegar por los contratos de seguimiento de flotas Con esta gu\u00eda y lista de comprobaci\u00f3n podr\u00e1s comprender mejor la letra peque\u00f1a de los contratos con proveedores de servicios de seguimiento de flotas, descubrir costes ocultos y tomar decisiones informadas sobre tu flota.<\/p>\n","protected":false},"author":6,"featured_media":70065,"parent":0,"menu_order":3400,"comment_status":"closed","ping_status":"closed","template":"templates\/landing-pagebuilder.php","meta":{"_acf_changed":false,"inline_featured_image":false,"footnotes":""},"topic":[1867],"qtx_campaign":[],"class_list":["post-70064","page","type-page","status-publish","has-post-thumbnail","hentry","topic-eficiencia-y-ahorro"],"acf":[],"yoast_head":"<!-- This site is optimized with the Yoast SEO Premium plugin v27.2 (Yoast SEO v27.2) - https:\/\/yoast.com\/product\/yoast-seo-premium-wordpress\/ -->\n<title>\u00bfCu\u00e1nto cuesta el seguimiento de veh\u00edculos? - ES<\/title>\n<meta name=\"description\" content=\"A continuaci\u00f3n encontrar\u00e1 diez de las preguntas m\u00e1s comunes sobre los precios de los sistemas de localizaci\u00f3n de veh\u00edculos, con valiosas perspectivas sobre el mercado.\" \/>\n<meta name=\"robots\" content=\"index, follow, max-snippet:-1, max-image-preview:large, max-video-preview:-1\" \/>\n<link rel=\"canonical\" href=\"https:\/\/www.quartix.com\/es-es\/cuanto-cuesta-el-seguimiento-de-vehiculos\/\" \/>\n<meta property=\"og:locale\" content=\"es_ES\" \/>\n<meta property=\"og:type\" content=\"article\" \/>\n<meta property=\"og:title\" content=\"\u00bfCu\u00e1nto cuesta el seguimiento de veh\u00edculos?\" \/>\n<meta property=\"og:description\" content=\"A continuaci\u00f3n encontrar\u00e1 diez de las preguntas m\u00e1s comunes sobre los precios de los sistemas de localizaci\u00f3n de veh\u00edculos, con valiosas perspectivas sobre el mercado.\" \/>\n<meta property=\"og:url\" content=\"https:\/\/www.quartix.com\/es-es\/cuanto-cuesta-el-seguimiento-de-vehiculos\/\" \/>\n<meta property=\"og:site_name\" content=\"Quartix\" \/>\n<meta property=\"article:publisher\" content=\"https:\/\/www.facebook.com\/Quartix-USA-374426386097401\/\" \/>\n<meta property=\"article:modified_time\" content=\"2024-07-09T09:02:12+00:00\" \/>\n<meta property=\"og:image\" content=\"https:\/\/www.quartix.com\/content\/uploads\/2021\/11\/es-costs-cover.png\" \/>\n\t<meta property=\"og:image:width\" content=\"492\" \/>\n\t<meta property=\"og:image:height\" content=\"696\" \/>\n\t<meta property=\"og:image:type\" content=\"image\/png\" \/>\n<meta name=\"twitter:card\" content=\"summary_large_image\" \/>\n<meta name=\"twitter:site\" content=\"@QuartixUSA\" \/>\n<meta name=\"twitter:label1\" content=\"Est. reading time\" \/>\n\t<meta name=\"twitter:data1\" content=\"3 minutes\" \/>\n<!-- \/ Yoast SEO Premium plugin. -->","yoast_head_json":{"title":"\u00bfCu\u00e1nto cuesta el seguimiento de veh\u00edculos? - ES","description":"A continuaci\u00f3n encontrar\u00e1 diez de las preguntas m\u00e1s comunes sobre los precios de los sistemas de localizaci\u00f3n de veh\u00edculos, con valiosas perspectivas sobre el mercado.","robots":{"index":"index","follow":"follow","max-snippet":"max-snippet:-1","max-image-preview":"max-image-preview:large","max-video-preview":"max-video-preview:-1"},"canonical":"https:\/\/www.quartix.com\/es-es\/cuanto-cuesta-el-seguimiento-de-vehiculos\/","og_locale":"es_ES","og_type":"article","og_title":"\u00bfCu\u00e1nto cuesta el seguimiento de veh\u00edculos?","og_description":"A continuaci\u00f3n encontrar\u00e1 diez de las preguntas m\u00e1s comunes sobre los precios de los sistemas de localizaci\u00f3n de veh\u00edculos, con valiosas perspectivas sobre el mercado.","og_url":"https:\/\/www.quartix.com\/es-es\/cuanto-cuesta-el-seguimiento-de-vehiculos\/","og_site_name":"Quartix","article_publisher":"https:\/\/www.facebook.com\/Quartix-USA-374426386097401\/","article_modified_time":"2024-07-09T09:02:12+00:00","og_image":[{"width":492,"height":696,"url":"https:\/\/www.quartix.com\/content\/uploads\/2021\/11\/es-costs-cover.png","type":"image\/png"}],"twitter_card":"summary_large_image","twitter_site":"@QuartixUSA","twitter_misc":{"Est. reading time":"3 minutes"},"schema":{"@context":"https:\/\/schema.org","@graph":[{"@type":"WebPage","@id":"https:\/\/www.quartix.com\/es-es\/cuanto-cuesta-el-seguimiento-de-vehiculos\/","url":"https:\/\/www.quartix.com\/es-es\/cuanto-cuesta-el-seguimiento-de-vehiculos\/","name":"\u00bfCu\u00e1nto cuesta el seguimiento de veh\u00edculos?","isPartOf":{"@id":"https:\/\/www.quartix.com\/es-es\/#website"},"primaryImageOfPage":{"@id":"https:\/\/www.quartix.com\/es-es\/cuanto-cuesta-el-seguimiento-de-vehiculos\/#primaryimage"},"image":{"@id":"https:\/\/www.quartix.com\/es-es\/cuanto-cuesta-el-seguimiento-de-vehiculos\/#primaryimage"},"thumbnailUrl":"https:\/\/www.quartix.com\/content\/uploads\/2021\/11\/es-costs-cover.png","datePublished":"2021-11-15T10:01:11+00:00","dateModified":"2024-07-09T09:02:12+00:00","description":"A continuaci\u00f3n encontrar\u00e1 diez de las preguntas m\u00e1s comunes sobre los precios de los sistemas de localizaci\u00f3n de veh\u00edculos, con valiosas perspectivas sobre el mercado.","breadcrumb":{"@id":"https:\/\/www.quartix.com\/es-es\/cuanto-cuesta-el-seguimiento-de-vehiculos\/#breadcrumb"},"inLanguage":"es-ES","potentialAction":[{"@type":"ReadAction","target":["https:\/\/www.quartix.com\/es-es\/cuanto-cuesta-el-seguimiento-de-vehiculos\/"]}]},{"@type":"ImageObject","inLanguage":"es-ES","@id":"https:\/\/www.quartix.com\/es-es\/cuanto-cuesta-el-seguimiento-de-vehiculos\/#primaryimage","url":"https:\/\/www.quartix.com\/content\/uploads\/2021\/11\/es-costs-cover.png","contentUrl":"https:\/\/www.quartix.com\/content\/uploads\/2021\/11\/es-costs-cover.png","width":492,"height":696,"caption":"\u00bfCu\u00e1nto cuesta el seguimiento de veh\u00edculos?"},{"@type":"BreadcrumbList","@id":"https:\/\/www.quartix.com\/es-es\/cuanto-cuesta-el-seguimiento-de-vehiculos\/#breadcrumb","itemListElement":[{"@type":"ListItem","position":1,"name":"Inicio","item":"https:\/\/www.quartix.com\/es-es\/quartix-localizacion-de-vehiculos-en-tiempo-real\/"},{"@type":"ListItem","position":2,"name":"\u00bfCu\u00e1nto cuesta el seguimiento de veh\u00edculos?"}]},{"@type":"WebSite","@id":"https:\/\/www.quartix.com\/es-es\/#website","url":"https:\/\/www.quartix.com\/es-es\/","name":"Quartix","description":"Real-time vehicle tracking","publisher":{"@id":"https:\/\/www.quartix.com\/es-es\/#organization"},"potentialAction":[{"@type":"SearchAction","target":{"@type":"EntryPoint","urlTemplate":"https:\/\/www.quartix.com\/es-es\/?s={search_term_string}"},"query-input":{"@type":"PropertyValueSpecification","valueRequired":true,"valueName":"search_term_string"}}],"inLanguage":"es-ES"},{"@type":"Organization","@id":"https:\/\/www.quartix.com\/es-es\/#organization","name":"Quartix","url":"https:\/\/www.quartix.com\/es-es\/","logo":{"@type":"ImageObject","inLanguage":"es-ES","@id":"https:\/\/www.quartix.com\/es-es\/#\/schema\/logo\/image\/","url":"https:\/\/www.quartix.com\/content\/uploads\/2019\/02\/quartix-logo-eur.svg","contentUrl":"https:\/\/www.quartix.com\/content\/uploads\/2019\/02\/quartix-logo-eur.svg","width":1,"height":1,"caption":"Quartix"},"image":{"@id":"https:\/\/www.quartix.com\/es-es\/#\/schema\/logo\/image\/"},"sameAs":["https:\/\/www.facebook.com\/Quartix-USA-374426386097401\/","https:\/\/x.com\/QuartixUSA","https:\/\/www.linkedin.com\/company\/5346733\/","https:\/\/www.youtube.com\/channel\/UCzS-_GMfHF4kWiCheyIRrAQ"]}]}},"_links":{"self":[{"href":"https:\/\/www.quartix.com\/es-es\/wp-json\/wp\/v2\/pages\/70064","targetHints":{"allow":["GET"]}}],"collection":[{"href":"https:\/\/www.quartix.com\/es-es\/wp-json\/wp\/v2\/pages"}],"about":[{"href":"https:\/\/www.quartix.com\/es-es\/wp-json\/wp\/v2\/types\/page"}],"author":[{"embeddable":true,"href":"https:\/\/www.quartix.com\/es-es\/wp-json\/wp\/v2\/users\/6"}],"replies":[{"embeddable":true,"href":"https:\/\/www.quartix.com\/es-es\/wp-json\/wp\/v2\/comments?post=70064"}],"version-history":[{"count":0,"href":"https:\/\/www.quartix.com\/es-es\/wp-json\/wp\/v2\/pages\/70064\/revisions"}],"wp:featuredmedia":[{"embeddable":true,"href":"https:\/\/www.quartix.com\/es-es\/wp-json\/wp\/v2\/media\/70065"}],"wp:attachment":[{"href":"https:\/\/www.quartix.com\/es-es\/wp-json\/wp\/v2\/media?parent=70064"}],"wp:term":[{"taxonomy":"topic","embeddable":true,"href":"https:\/\/www.quartix.com\/es-es\/wp-json\/wp\/v2\/topic?post=70064"},{"taxonomy":"qtx_campaign","embeddable":true,"href":"https:\/\/www.quartix.com\/es-es\/wp-json\/wp\/v2\/qtx_campaign?post=70064"}],"curies":[{"name":"wp","href":"https:\/\/api.w.org\/{rel}","templated":true}]}}