{"id":70103,"date":"2021-11-15T16:59:23","date_gmt":"2021-11-15T15:59:23","guid":{"rendered":"https:\/\/www.quartix.com\/?page_id=70103"},"modified":"2024-07-09T14:31:00","modified_gmt":"2024-07-09T13:31:00","slug":"guia-de-politicas-de-exceso-de-velocidad-para-empresas","status":"publish","type":"page","link":"https:\/\/www.quartix.com\/es-es\/guia-de-politicas-de-exceso-de-velocidad-para-empresas\/","title":{"rendered":"Gu\u00eda de pol\u00edticas de exceso de velocidad para empresas"},"content":{"rendered":"\r\n<div   class=\"hero-block bighero\">\r\n    <img loading=\"lazy\" decoding=\"async\" width=\"940\" height=\"239\" src=\"https:\/\/www.quartix.com\/content\/uploads\/2024\/07\/US-FR-driver-behind-wheel-1.png\" class=\"\" alt=\"\" srcset=\"https:\/\/www.quartix.com\/content\/uploads\/2024\/07\/US-FR-driver-behind-wheel-1.png 940w, https:\/\/www.quartix.com\/content\/uploads\/2024\/07\/US-FR-driver-behind-wheel-1-300x76.png 300w, https:\/\/www.quartix.com\/content\/uploads\/2024\/07\/US-FR-driver-behind-wheel-1-768x195.png 768w\" sizes=\"auto, (max-width: 940px) 100vw, 940px\" \/>                <div class=\"hero-overlay\"><\/div>\r\n            \r\n\r\n\r\n    <div class=\"hero-content \">\r\n        <div class=\"inner limited-width\">\r\n                                                <p class=\"title stylelikeh1\">Aplica una pol\u00edtica de velocidad para tu negocio utilizando datos del seguimiento de veh\u00edculos<\/p>\r\n                                <p class=\"text\">Reduce el riesgo de accidentes de tr\u00e1fico estableciendo tus objetivos para reducir la velocidad, definiendo expectativas para tus conductores y utilizando datos telem\u00e1ticos para monitorear el progreso.<\/p>                                        <div class=\"buttons\">\r\n                    <a href=\"https:\/\/go.marketing.quartix.com\/Guia_de_politica_de_exceso_de_velocidad\" class=\"btn btn-green btn-inline\" target=\"_blank\" title=\"DESCARGA LA GU\u00cdA\">DESCARGA LA GU\u00cdA<\/a>\r\n                <\/div>\r\n                    <\/div>\r\n    <\/div>\r\n<\/div>\n\n\r\n<div   class=\"hero-block smallhero landing-cta\">\r\n            <div class=\"hero-overlay greybg\"><\/div>\r\n        <div class=\"hero-content greybg noimage\">\r\n        <div class=\"inner\">\r\n            <h2 class=\"title\">Descubre c\u00f3mo el exceso de velocidad afecta directamente a la seguridad y resulta en mayores costos generales<\/h2>            <div class=\"author\"><p>Elimina estas consecuencias usando el seguimiento de veh\u00edculos para formar a tus conductores en mejores h\u00e1bitos.<\/p>\n<\/div>                        \r\n                            <div class=\"buttons\">\r\n                    <a href=\"https:\/\/go.marketing.quartix.com\/Guia_de_politica_de_exceso_de_velocidad\" class=\"btn btn-green\" target=\"_blank\" title=\"DESCARGA LA GU\u00cdA\">DESCARGA LA GU\u00cdA<\/a>\r\n                <\/div>\r\n                    <\/div>\r\n    <\/div>\r\n<\/div>\n\n\r\n\r\n        <div  class=\"landingpageouter\" style=\"background-color:#ffffff ;\">\r\n        <div class=\"landingpagecolsblock twocols4060 \">\r\n            <div class=\"col1\">\r\n                <p class=\"pre-title\">ENTIENDE EL IMPACTO\u2026<\/p>                <h2 class=\"\">del exceso de velocidad en tu negocio<\/h2>                <div class='wysiwyg'><p>Multas, desgaste del veh\u00edculo, da\u00f1o a tu reputaci\u00f3n, lesiones y accidentes: en esta gu\u00eda descubrir\u00e1s lo perjudicial que puede ser el exceso de velocidad para tu empresa y tus conductores.<\/p>\n<\/div>            <\/div>\r\n            <div class=\"col2\">\r\n                <div class=\"responsivemedia\"><img loading=\"lazy\" decoding=\"async\" width=\"280\" height=\"187\" src=\"https:\/\/www.quartix.com\/content\/uploads\/2020\/09\/crashed-van-safe-speed.jpg\" class=\"\" alt=\"crashed van safe speed\" \/><\/div>            <\/div>\r\n                        <\/div>\r\n    <\/div>\r\n\r\n\r\n\n\n\r\n\r\n        <div  class=\"landingpageouter\" style=\"background-color:#efefef ;\">\r\n        <div class=\"landingpagecolsblock twocols4060 swap-content\">\r\n            <div class=\"col1\">\r\n                <p class=\"pre-title\">OBT\u00c9N INFORMACI\u00d3N \u00daTIL\u2026<\/p>                <h2 class=\"\">de tu sistema de seguimiento de veh\u00edculos<\/h2>                <div class='wysiwyg'><p>An\u00e1lisis de velocidad, informes de comportamiento del conductor, puntuaciones de conducci\u00f3n: estas herramientas de tu sistema telem\u00e1tico te permiten definir los cambios necesarios y formar a tus conductores para mejorar su desempe\u00f1o.<\/p>\n<\/div>            <\/div>\r\n            <div class=\"col2\">\r\n                <div class=\"responsivemedia\"><img loading=\"lazy\" decoding=\"async\" width=\"640\" height=\"537\" src=\"https:\/\/www.quartix.com\/content\/uploads\/2024\/01\/employee-and-employer-talking-vehicle-tracking.png\" class=\"\" alt=\"\" \/><\/div>            <\/div>\r\n                        <\/div>\r\n    <\/div>\r\n\r\n\r\n\n\n\r\n\r\n        <div  class=\"landingpageouter\" style=\"background-color:#f8f8f8 ;\">\r\n        <div class=\"landingpagecolsblock twocols4060 \">\r\n            <div class=\"col1\">\r\n                <p class=\"pre-title\">DESCUBRE LOS BENEFICIOS\u2026<\/p>                <h2 class=\"\">de una pol\u00edtica de velocidad en la empresa<\/h2>                <div class='wysiwyg'><p>Expectativas claras, revisiones peri\u00f3dicas, programas de incentivos: tener directrices sobre c\u00f3mo tu negocio maneja el exceso de velocidad puede ayudarte a evitar consecuencias negativas y proteger a tus empleados.<\/p>\n<\/div>            <\/div>\r\n            <div class=\"col2\">\r\n                <div class=\"responsivemedia\"><img loading=\"lazy\" decoding=\"async\" width=\"459\" height=\"420\" src=\"https:\/\/www.quartix.com\/content\/uploads\/2024\/02\/van-driver.png\" class=\"\" alt=\"\" \/><\/div>            <\/div>\r\n                        <\/div>\r\n    <\/div>\r\n\r\n\r\n\n\n\r\n<div   class=\"hero-block smallhero\">\r\n    <img loading=\"lazy\" decoding=\"async\" width=\"300\" height=\"123\" src=\"https:\/\/www.quartix.com\/content\/uploads\/2024\/07\/woman-in-vehicle-header-us-fr.png\" class=\"\" alt=\"\" \/>                <div class=\"hero-overlay\"><\/div>\r\n            \r\n\r\n\r\n    <div class=\"hero-content \">\r\n        <div class=\"inner\">\r\n                            <p class=\"title stylelikeh3\">Aseg\u00farate de que tus conductores conozcan el compromiso de tu empresa con la seguridad mediante una pol\u00edtica de velocidad clara<\/p>                                                        <div class=\"buttons\">\r\n                    <a href=\"https:\/\/go.marketing.quartix.com\/Guia_de_politica_de_exceso_de_velocidad\" class=\"btn btn-green btn-inline\" target=\"_blank\" title=\"DESCARGA LA GU\u00cdA\">DESCARGA LA GU\u00cdA<\/a>\r\n                <\/div>\r\n                    <\/div>\r\n    <\/div>\r\n<\/div>\n\n\r\n<section class=\"qtx-pagebuilder-section qtx-pagebuilder-section-bannercontent  notopmargin \"\r\nstyle=\"background-color:#13AB5B; color: #FFFFFF;\">\r\n    <div class=\"bannercontentinner\">\r\n        <p style=\"text-align: center\">\u201cLos veh\u00edculos han comenzado a viajar a menor velocidad desde que se instalaron los dispositivos de seguimiento de Quartix. Este comportamiento positivo reduce el desgaste de los veh\u00edculos en t\u00e9rminos de aceite, salud del motor y de los neum\u00e1ticos, adem\u00e1s de minimizar el riesgo de accidentes\u201d<\/p>\n<p style=\"text-align: center\">&#8211; Autocaravanas Caminito, Se\u00f1or Walter, Gerente<\/p>\n    <\/div>\r\n<\/section>\n\n\n<div class=\"wp-block-columns is-layout-flex wp-container-core-columns-is-layout-28f84493 wp-block-columns-is-layout-flex\">\n<div class=\"wp-block-column is-layout-flow wp-block-column-is-layout-flow\">\n<h2 class=\"wp-block-heading\">Tu gu\u00eda para aplicar una pol\u00edtica de velocidad<\/h2>\n\n\n\n<p>Reduce los incidentes de exceso de velocidad y haz los viajes m\u00e1s seguros utilizando datos del seguimiento de veh\u00edculos para apoyar las directrices de la empresa sobre velocidad y comportamiento del conductor.<\/p>\n\n\n    <div class=\"button-container \">\r\n<a href=\"https:\/\/go.marketing.quartix.com\/Guia_de_politica_de_exceso_de_velocidad\" class=\"btn pagebuilder-btn btn-green btn-\" title=\"DESCARGA LA GU\u00cdA\" target=\"_blank\">DESCARGA LA GU\u00cdA<\/a>\r\n<\/div>\r\n<\/div>\n\n\n\n<div class=\"wp-block-column is-layout-flow wp-block-column-is-layout-flow\">\n<figure class=\"wp-block-image size-full is-resized\"><img loading=\"lazy\" decoding=\"async\" width=\"545\" height=\"650\" src=\"https:\/\/www.quartix.com\/content\/uploads\/2024\/07\/es-speeding-policy.png\" alt=\"\" class=\"wp-image-107603\" style=\"width:376px;height:auto\" srcset=\"https:\/\/www.quartix.com\/content\/uploads\/2024\/07\/es-speeding-policy.png 545w, https:\/\/www.quartix.com\/content\/uploads\/2024\/07\/es-speeding-policy-252x300.png 252w\" sizes=\"auto, (max-width: 545px) 100vw, 545px\" \/><\/figure>\n<\/div>\n<\/div>\n","protected":false},"excerpt":{"rendered":"<p>Tu gu\u00eda para aplicar una pol\u00edtica de velocidad Reduce los incidentes de exceso de velocidad y haz los viajes m\u00e1s seguros utilizando datos del seguimiento de veh\u00edculos para apoyar las directrices de la empresa sobre velocidad y comportamiento del conductor.<\/p>\n","protected":false},"author":6,"featured_media":62312,"parent":0,"menu_order":3410,"comment_status":"closed","ping_status":"closed","template":"templates\/landing-pagebuilder.php","meta":{"_acf_changed":false,"inline_featured_image":false,"footnotes":""},"topic":[1870],"qtx_campaign":[],"class_list":["post-70103","page","type-page","status-publish","has-post-thumbnail","hentry","topic-gestion-de-conductores"],"acf":[],"yoast_head":"<!-- This site is optimized with the Yoast SEO Premium plugin v27.3 (Yoast SEO v27.3) - https:\/\/yoast.com\/product\/yoast-seo-premium-wordpress\/ -->\n<title>Gu\u00eda de pol\u00edticas de exceso de velocidad para empresas - ES<\/title>\n<meta name=\"description\" content=\"Es su responsabilidad reducir el riesgo de accidentes controlando el estilo de conducci\u00f3n de su flota. La creaci\u00f3n de una pol\u00edtica de exceso de velocidad de la empresa y utilizar el seguimiento de veh\u00edculos para ayudar a que se cumpla es un gran primer paso.\" \/>\n<meta name=\"robots\" content=\"index, follow, max-snippet:-1, max-image-preview:large, max-video-preview:-1\" \/>\n<link rel=\"canonical\" href=\"https:\/\/www.quartix.com\/es-es\/guia-de-politicas-de-exceso-de-velocidad-para-empresas\/\" \/>\n<meta property=\"og:locale\" content=\"es_ES\" \/>\n<meta property=\"og:type\" content=\"article\" \/>\n<meta property=\"og:title\" content=\"Gu\u00eda de pol\u00edticas de exceso de velocidad para empresas\" \/>\n<meta property=\"og:description\" content=\"Es su responsabilidad reducir el riesgo de accidentes controlando el estilo de conducci\u00f3n de su flota. La creaci\u00f3n de una pol\u00edtica de exceso de velocidad de la empresa y utilizar el seguimiento de veh\u00edculos para ayudar a que se cumpla es un gran primer paso.\" \/>\n<meta property=\"og:url\" content=\"https:\/\/www.quartix.com\/es-es\/guia-de-politicas-de-exceso-de-velocidad-para-empresas\/\" \/>\n<meta property=\"og:site_name\" content=\"Quartix\" \/>\n<meta property=\"article:publisher\" content=\"https:\/\/www.facebook.com\/Quartix-USA-374426386097401\/\" \/>\n<meta property=\"article:modified_time\" content=\"2024-07-09T13:31:00+00:00\" \/>\n<meta property=\"og:image\" content=\"https:\/\/www.quartix.com\/content\/uploads\/2021\/07\/ES-Speeding-Policy-Guide-Cover.png\" \/>\n\t<meta property=\"og:image:width\" content=\"586\" \/>\n\t<meta property=\"og:image:height\" content=\"838\" \/>\n\t<meta property=\"og:image:type\" content=\"image\/png\" \/>\n<meta name=\"twitter:card\" content=\"summary_large_image\" \/>\n<meta name=\"twitter:site\" content=\"@QuartixUSA\" \/>\n<meta name=\"twitter:label1\" content=\"Est. reading time\" \/>\n\t<meta name=\"twitter:data1\" content=\"3 minutes\" \/>\n<!-- \/ Yoast SEO Premium plugin. -->","yoast_head_json":{"title":"Gu\u00eda de pol\u00edticas de exceso de velocidad para empresas - ES","description":"Es su responsabilidad reducir el riesgo de accidentes controlando el estilo de conducci\u00f3n de su flota. La creaci\u00f3n de una pol\u00edtica de exceso de velocidad de la empresa y utilizar el seguimiento de veh\u00edculos para ayudar a que se cumpla es un gran primer paso.","robots":{"index":"index","follow":"follow","max-snippet":"max-snippet:-1","max-image-preview":"max-image-preview:large","max-video-preview":"max-video-preview:-1"},"canonical":"https:\/\/www.quartix.com\/es-es\/guia-de-politicas-de-exceso-de-velocidad-para-empresas\/","og_locale":"es_ES","og_type":"article","og_title":"Gu\u00eda de pol\u00edticas de exceso de velocidad para empresas","og_description":"Es su responsabilidad reducir el riesgo de accidentes controlando el estilo de conducci\u00f3n de su flota. La creaci\u00f3n de una pol\u00edtica de exceso de velocidad de la empresa y utilizar el seguimiento de veh\u00edculos para ayudar a que se cumpla es un gran primer paso.","og_url":"https:\/\/www.quartix.com\/es-es\/guia-de-politicas-de-exceso-de-velocidad-para-empresas\/","og_site_name":"Quartix","article_publisher":"https:\/\/www.facebook.com\/Quartix-USA-374426386097401\/","article_modified_time":"2024-07-09T13:31:00+00:00","og_image":[{"width":586,"height":838,"url":"https:\/\/www.quartix.com\/content\/uploads\/2021\/07\/ES-Speeding-Policy-Guide-Cover.png","type":"image\/png"}],"twitter_card":"summary_large_image","twitter_site":"@QuartixUSA","twitter_misc":{"Est. reading time":"3 minutes"},"schema":{"@context":"https:\/\/schema.org","@graph":[{"@type":"WebPage","@id":"https:\/\/www.quartix.com\/es-es\/guia-de-politicas-de-exceso-de-velocidad-para-empresas\/","url":"https:\/\/www.quartix.com\/es-es\/guia-de-politicas-de-exceso-de-velocidad-para-empresas\/","name":"Gu\u00eda de pol\u00edticas de exceso de velocidad para empresas","isPartOf":{"@id":"https:\/\/www.quartix.com\/es-es\/#website"},"primaryImageOfPage":{"@id":"https:\/\/www.quartix.com\/es-es\/guia-de-politicas-de-exceso-de-velocidad-para-empresas\/#primaryimage"},"image":{"@id":"https:\/\/www.quartix.com\/es-es\/guia-de-politicas-de-exceso-de-velocidad-para-empresas\/#primaryimage"},"thumbnailUrl":"https:\/\/www.quartix.com\/content\/uploads\/2021\/07\/ES-Speeding-Policy-Guide-Cover.png","datePublished":"2021-11-15T15:59:23+00:00","dateModified":"2024-07-09T13:31:00+00:00","description":"Es su responsabilidad reducir el riesgo de accidentes controlando el estilo de conducci\u00f3n de su flota. La creaci\u00f3n de una pol\u00edtica de exceso de velocidad de la empresa y utilizar el seguimiento de veh\u00edculos para ayudar a que se cumpla es un gran primer paso.","breadcrumb":{"@id":"https:\/\/www.quartix.com\/es-es\/guia-de-politicas-de-exceso-de-velocidad-para-empresas\/#breadcrumb"},"inLanguage":"es-ES","potentialAction":[{"@type":"ReadAction","target":["https:\/\/www.quartix.com\/es-es\/guia-de-politicas-de-exceso-de-velocidad-para-empresas\/"]}]},{"@type":"ImageObject","inLanguage":"es-ES","@id":"https:\/\/www.quartix.com\/es-es\/guia-de-politicas-de-exceso-de-velocidad-para-empresas\/#primaryimage","url":"https:\/\/www.quartix.com\/content\/uploads\/2021\/07\/ES-Speeding-Policy-Guide-Cover.png","contentUrl":"https:\/\/www.quartix.com\/content\/uploads\/2021\/07\/ES-Speeding-Policy-Guide-Cover.png","width":586,"height":838},{"@type":"BreadcrumbList","@id":"https:\/\/www.quartix.com\/es-es\/guia-de-politicas-de-exceso-de-velocidad-para-empresas\/#breadcrumb","itemListElement":[{"@type":"ListItem","position":1,"name":"Inicio","item":"https:\/\/www.quartix.com\/es-es\/quartix-localizacion-de-vehiculos-en-tiempo-real\/"},{"@type":"ListItem","position":2,"name":"Gu\u00eda de pol\u00edticas de exceso de velocidad para empresas"}]},{"@type":"WebSite","@id":"https:\/\/www.quartix.com\/es-es\/#website","url":"https:\/\/www.quartix.com\/es-es\/","name":"Quartix","description":"Real-time vehicle tracking","publisher":{"@id":"https:\/\/www.quartix.com\/es-es\/#organization"},"potentialAction":[{"@type":"SearchAction","target":{"@type":"EntryPoint","urlTemplate":"https:\/\/www.quartix.com\/es-es\/?s={search_term_string}"},"query-input":{"@type":"PropertyValueSpecification","valueRequired":true,"valueName":"search_term_string"}}],"inLanguage":"es-ES"},{"@type":"Organization","@id":"https:\/\/www.quartix.com\/es-es\/#organization","name":"Quartix","url":"https:\/\/www.quartix.com\/es-es\/","logo":{"@type":"ImageObject","inLanguage":"es-ES","@id":"https:\/\/www.quartix.com\/es-es\/#\/schema\/logo\/image\/","url":"https:\/\/www.quartix.com\/content\/uploads\/2019\/02\/quartix-logo-eur.svg","contentUrl":"https:\/\/www.quartix.com\/content\/uploads\/2019\/02\/quartix-logo-eur.svg","width":1,"height":1,"caption":"Quartix"},"image":{"@id":"https:\/\/www.quartix.com\/es-es\/#\/schema\/logo\/image\/"},"sameAs":["https:\/\/www.facebook.com\/Quartix-USA-374426386097401\/","https:\/\/x.com\/QuartixUSA","https:\/\/www.linkedin.com\/company\/5346733\/","https:\/\/www.youtube.com\/channel\/UCzS-_GMfHF4kWiCheyIRrAQ"]}]}},"_links":{"self":[{"href":"https:\/\/www.quartix.com\/es-es\/wp-json\/wp\/v2\/pages\/70103","targetHints":{"allow":["GET"]}}],"collection":[{"href":"https:\/\/www.quartix.com\/es-es\/wp-json\/wp\/v2\/pages"}],"about":[{"href":"https:\/\/www.quartix.com\/es-es\/wp-json\/wp\/v2\/types\/page"}],"author":[{"embeddable":true,"href":"https:\/\/www.quartix.com\/es-es\/wp-json\/wp\/v2\/users\/6"}],"replies":[{"embeddable":true,"href":"https:\/\/www.quartix.com\/es-es\/wp-json\/wp\/v2\/comments?post=70103"}],"version-history":[{"count":0,"href":"https:\/\/www.quartix.com\/es-es\/wp-json\/wp\/v2\/pages\/70103\/revisions"}],"wp:featuredmedia":[{"embeddable":true,"href":"https:\/\/www.quartix.com\/es-es\/wp-json\/wp\/v2\/media\/62312"}],"wp:attachment":[{"href":"https:\/\/www.quartix.com\/es-es\/wp-json\/wp\/v2\/media?parent=70103"}],"wp:term":[{"taxonomy":"topic","embeddable":true,"href":"https:\/\/www.quartix.com\/es-es\/wp-json\/wp\/v2\/topic?post=70103"},{"taxonomy":"qtx_campaign","embeddable":true,"href":"https:\/\/www.quartix.com\/es-es\/wp-json\/wp\/v2\/qtx_campaign?post=70103"}],"curies":[{"name":"wp","href":"https:\/\/api.w.org\/{rel}","templated":true}]}}