{"id":70154,"date":"2021-11-22T12:49:58","date_gmt":"2021-11-22T11:49:58","guid":{"rendered":" https:\/\/www.quartix.com\/?page_id=70154"},"modified":"2024-01-03T18:42:31","modified_gmt":"2024-01-03T17:42:31","slug":"nota-legal","status":"publish","type":"page","link":"https:\/\/www.quartix.com\/es-es\/nota-legal\/","title":{"rendered":"Nota legal"},"content":{"rendered":"\n<p>www.quartix.com\/es-es\/ es la web oficial de Quartix en Espa\u00f1a.<\/p>\n\n\n\n<p>Las referencias en esta web a \u201cQuartix\u201d y \u201cnosotros\u201d, se refieren a Quartix SAS si no se indica lo contrario.<\/p>\n\n\n\n<h2 class=\"wp-block-heading\">Informaci\u00f3n Acerca de Quartix<\/h2>\n\n\n\n<p><strong>Quartix SAS<\/strong><\/p>\n\n\n\n<p>Quartix SAS, inscrita en el registro mercantil de PAR\u00cdS con referencia: RCS Par\u00eds 979 868 353 y domicilio: 10 rue du Colis\u00e9e &#8211; 75008 PAR\u00cdS<\/p>\n\n\n\n<p>El n\u00famero de IVA registrado es FR89979868353.<\/p>\n\n\n\n<h2 class=\"wp-block-heading\">Contacto<\/h2>\n\n\n\n<p>91 903 40 40<\/p>\n\n\n\n<p><a href=\"mailto:info@quartix.es\">info@quartix.es<\/a><\/p>\n","protected":false},"excerpt":{"rendered":"<p>www.quartix.com\/es-es\/ es la web oficial de Quartix en Espa\u00f1a. Las referencias en esta web a \u201cQuartix\u201d y \u201cnosotros\u201d, se refieren a Quartix SAS si no se indica lo contrario. Informaci\u00f3n Acerca de Quartix Quartix SAS Quartix SAS, inscrita en el registro mercantil de PAR\u00cdS con referencia: RCS Par\u00eds 979 868 353 y domicilio: 10 rue [&hellip;]<\/p>\n","protected":false},"author":12,"featured_media":0,"parent":0,"menu_order":0,"comment_status":"closed","ping_status":"closed","template":"","meta":{"_acf_changed":false,"inline_featured_image":false,"footnotes":""},"topic":[],"qtx_campaign":[],"class_list":["post-70154","page","type-page","status-publish","hentry"],"acf":[],"yoast_head":"<!-- This site is optimized with the Yoast SEO Premium plugin v27.3 (Yoast SEO v27.3) - https:\/\/yoast.com\/product\/yoast-seo-premium-wordpress\/ -->\n<title>Nota legal - ES<\/title>\n<meta name=\"robots\" content=\"noindex, nofollow\" \/>\n<meta property=\"og:locale\" content=\"es_ES\" \/>\n<meta property=\"og:type\" content=\"article\" \/>\n<meta property=\"og:title\" content=\"Nota legal\" \/>\n<meta property=\"og:description\" content=\"www.quartix.com\/es-es\/ es la web oficial de Quartix en Espa\u00f1a. Las referencias en esta web a \u201cQuartix\u201d y \u201cnosotros\u201d, se refieren a Quartix SAS si no se indica lo contrario. Informaci\u00f3n Acerca de Quartix Quartix SAS Quartix SAS, inscrita en el registro mercantil de PAR\u00cdS con referencia: RCS Par\u00eds 979 868 353 y domicilio: 10 rue [&hellip;]\" \/>\n<meta property=\"og:url\" content=\"https:\/\/www.quartix.com\/es-es\/nota-legal\/\" \/>\n<meta property=\"og:site_name\" content=\"Quartix\" \/>\n<meta property=\"article:publisher\" content=\"https:\/\/www.facebook.com\/Quartix-USA-374426386097401\/\" \/>\n<meta property=\"article:modified_time\" content=\"2024-01-03T17:42:31+00:00\" \/>\n<meta name=\"twitter:card\" content=\"summary_large_image\" \/>\n<meta name=\"twitter:site\" content=\"@QuartixUSA\" \/>\n<meta name=\"twitter:label1\" content=\"Est. reading time\" \/>\n\t<meta name=\"twitter:data1\" content=\"1 minute\" \/>\n<!-- \/ Yoast SEO Premium plugin. -->","yoast_head_json":{"title":"Nota legal - ES","robots":{"index":"noindex","follow":"nofollow"},"og_locale":"es_ES","og_type":"article","og_title":"Nota legal","og_description":"www.quartix.com\/es-es\/ es la web oficial de Quartix en Espa\u00f1a. Las referencias en esta web a \u201cQuartix\u201d y \u201cnosotros\u201d, se refieren a Quartix SAS si no se indica lo contrario. Informaci\u00f3n Acerca de Quartix Quartix SAS Quartix SAS, inscrita en el registro mercantil de PAR\u00cdS con referencia: RCS Par\u00eds 979 868 353 y domicilio: 10 rue [&hellip;]","og_url":"https:\/\/www.quartix.com\/es-es\/nota-legal\/","og_site_name":"Quartix","article_publisher":"https:\/\/www.facebook.com\/Quartix-USA-374426386097401\/","article_modified_time":"2024-01-03T17:42:31+00:00","twitter_card":"summary_large_image","twitter_site":"@QuartixUSA","twitter_misc":{"Est. reading time":"1 minute"},"schema":{"@context":"https:\/\/schema.org","@graph":[{"@type":"WebPage","@id":"https:\/\/www.quartix.com\/es-es\/nota-legal\/","url":"https:\/\/www.quartix.com\/es-es\/nota-legal\/","name":"Nota legal","isPartOf":{"@id":"https:\/\/www.quartix.com\/es-es\/#website"},"datePublished":"2021-11-22T11:49:58+00:00","dateModified":"2024-01-03T17:42:31+00:00","breadcrumb":{"@id":"https:\/\/www.quartix.com\/es-es\/nota-legal\/#breadcrumb"},"inLanguage":"es-ES","potentialAction":[{"@type":"ReadAction","target":["https:\/\/www.quartix.com\/es-es\/nota-legal\/"]}]},{"@type":"BreadcrumbList","@id":"https:\/\/www.quartix.com\/es-es\/nota-legal\/#breadcrumb","itemListElement":[{"@type":"ListItem","position":1,"name":"Inicio","item":"https:\/\/www.quartix.com\/es-es\/quartix-localizacion-de-vehiculos-en-tiempo-real\/"},{"@type":"ListItem","position":2,"name":"Nota legal"}]},{"@type":"WebSite","@id":"https:\/\/www.quartix.com\/es-es\/#website","url":"https:\/\/www.quartix.com\/es-es\/","name":"Quartix","description":"Real-time vehicle tracking","publisher":{"@id":"https:\/\/www.quartix.com\/es-es\/#organization"},"potentialAction":[{"@type":"SearchAction","target":{"@type":"EntryPoint","urlTemplate":"https:\/\/www.quartix.com\/es-es\/?s={search_term_string}"},"query-input":{"@type":"PropertyValueSpecification","valueRequired":true,"valueName":"search_term_string"}}],"inLanguage":"es-ES"},{"@type":"Organization","@id":"https:\/\/www.quartix.com\/es-es\/#organization","name":"Quartix","url":"https:\/\/www.quartix.com\/es-es\/","logo":{"@type":"ImageObject","inLanguage":"es-ES","@id":"https:\/\/www.quartix.com\/es-es\/#\/schema\/logo\/image\/","url":"https:\/\/www.quartix.com\/content\/uploads\/2019\/02\/quartix-logo-eur.svg","contentUrl":"https:\/\/www.quartix.com\/content\/uploads\/2019\/02\/quartix-logo-eur.svg","width":1,"height":1,"caption":"Quartix"},"image":{"@id":"https:\/\/www.quartix.com\/es-es\/#\/schema\/logo\/image\/"},"sameAs":["https:\/\/www.facebook.com\/Quartix-USA-374426386097401\/","https:\/\/x.com\/QuartixUSA","https:\/\/www.linkedin.com\/company\/5346733\/","https:\/\/www.youtube.com\/channel\/UCzS-_GMfHF4kWiCheyIRrAQ"]}]}},"_links":{"self":[{"href":"https:\/\/www.quartix.com\/es-es\/wp-json\/wp\/v2\/pages\/70154","targetHints":{"allow":["GET"]}}],"collection":[{"href":"https:\/\/www.quartix.com\/es-es\/wp-json\/wp\/v2\/pages"}],"about":[{"href":"https:\/\/www.quartix.com\/es-es\/wp-json\/wp\/v2\/types\/page"}],"author":[{"embeddable":true,"href":"https:\/\/www.quartix.com\/es-es\/wp-json\/wp\/v2\/users\/12"}],"replies":[{"embeddable":true,"href":"https:\/\/www.quartix.com\/es-es\/wp-json\/wp\/v2\/comments?post=70154"}],"version-history":[{"count":0,"href":"https:\/\/www.quartix.com\/es-es\/wp-json\/wp\/v2\/pages\/70154\/revisions"}],"wp:attachment":[{"href":"https:\/\/www.quartix.com\/es-es\/wp-json\/wp\/v2\/media?parent=70154"}],"wp:term":[{"taxonomy":"topic","embeddable":true,"href":"https:\/\/www.quartix.com\/es-es\/wp-json\/wp\/v2\/topic?post=70154"},{"taxonomy":"qtx_campaign","embeddable":true,"href":"https:\/\/www.quartix.com\/es-es\/wp-json\/wp\/v2\/qtx_campaign?post=70154"}],"curies":[{"name":"wp","href":"https:\/\/api.w.org\/{rel}","templated":true}]}}