{"id":75876,"date":"2022-06-22T11:12:45","date_gmt":"2022-06-22T10:12:45","guid":{"rendered":" https:\/\/www.quartix.com\/?page_id=75876"},"modified":"2022-06-22T11:12:48","modified_gmt":"2022-06-22T10:12:48","slug":"identificador-de-conductores","status":"publish","type":"page","link":"https:\/\/www.quartix.com\/es-es\/identificador-de-conductores\/","title":{"rendered":"Identificador de Conductores"},"content":{"rendered":"\n<div class=\"wp-block-columns is-layout-flex wp-container-core-columns-is-layout-28f84493 wp-block-columns-is-layout-flex\">\n<div class=\"wp-block-column is-layout-flow wp-block-column-is-layout-flow\">\n<h2 class=\"wp-block-heading\" id=\"track-individual-driver-profiles\">Seguimiento individual de conductores<\/h2>\n\n\n\n<p>El sistema de Identificador de Conductores le permite realizar el seguimiento individual de conductores cuando hay m\u00e1s de un conductor asignado a los veh\u00edculos.<\/p>\n\n\n\n<p>Beneficios del uso de Identificador de Conductor:<\/p>\n\n\n\n<ul class=\"wp-block-list\"><li>Hojas de horario y horas de trabajo para cada conductor<\/li><li>Reporte de Viajes individual por veh\u00edculo y conductor<\/li><li>An\u00e1lisis de Conducci\u00f3n Individual del conductor independiente del veh\u00edculo usado<\/li><li>Los datos se guardan tanto para conductores como veh\u00edculos<\/li><li>Confirmaci\u00f3n de la Identidad del conductor<\/li><li>Diferencia entre viajes de&nbsp;empresa y viajes privados&nbsp;<\/li><\/ul>\n<\/div>\n\n\n\n<div class=\"wp-block-column is-layout-flow wp-block-column-is-layout-flow\">\n<div class=\"wp-block-image\"><figure class=\"aligncenter size-large\"><img loading=\"lazy\" decoding=\"async\" width=\"1000\" height=\"478\" src=\" https:\/\/www.quartix.com\/content\/uploads\/2020\/12\/driving-style-league-table-tabla-de-clasificaciones-de-estilo-de-conduccion-1000x478.png\" alt=\"Tabla de clasificaciones de estilo de conduccion\" class=\"wp-image-47263\" srcset=\"https:\/\/www.quartix.com\/content\/uploads\/2020\/12\/driving-style-league-table-tabla-de-clasificaciones-de-estilo-de-conduccion-1000x478.png 1000w, https:\/\/www.quartix.com\/content\/uploads\/2020\/12\/driving-style-league-table-tabla-de-clasificaciones-de-estilo-de-conduccion-300x144.png 300w, https:\/\/www.quartix.com\/content\/uploads\/2020\/12\/driving-style-league-table-tabla-de-clasificaciones-de-estilo-de-conduccion-768x367.png 768w, https:\/\/www.quartix.com\/content\/uploads\/2020\/12\/driving-style-league-table-tabla-de-clasificaciones-de-estilo-de-conduccion.png 1181w\" sizes=\"auto, (max-width: 1000px) 100vw, 1000px\" \/><\/figure><\/div>\n<\/div>\n<\/div>\n\n\n<section  class=\"qtx-pagebuilder-section qtx-pagebuilder-section-blockquote qtx-pagebuilder-section-blockquote-left_green_border \">\r\n        <div class=\"left_green_border\">\r\n            <blockquote>\r\n                <p>\u201c<span class=\"NormalTextRun BCX0 SCXW131209108\">Podemos recompensar la buena\u00a0<\/span><span class=\"NormalTextRun BCX0 SCXW131209108\">conducci\u00f3n. El Identificador de Conductores ha mejorado la calidad de la conducci\u00f3n de nuestros empleados y ha disminuido las quejas de clientes y p\u00fablico.<\/span>\u201d<\/p>\n                                    <footer>\r\n                        \u2014 <cite class=\"author\">Terry Musson, General Manager, Amberon<\/cite>, <cite class=\"author_line_2\">Amberon<\/cite>\r\n                    <\/footer>\r\n                            <\/blockquote>\r\n        <\/div>\r\n        <\/section>\r\n\r\n\n\n\n<div class=\"wp-block-columns is-layout-flex wp-container-core-columns-is-layout-28f84493 wp-block-columns-is-layout-flex\">\n<div class=\"wp-block-column is-layout-flow wp-block-column-is-layout-flow\">\n<div class=\"wp-block-image\"><figure class=\"aligncenter size-large\"><img loading=\"lazy\" decoding=\"async\" width=\"1000\" height=\"433\" src=\" https:\/\/www.quartix.com\/content\/uploads\/2021\/05\/ES_registro-diario-de-vehiculo-1000x433.png\" alt=\"\" class=\"wp-image-58128\" srcset=\"https:\/\/www.quartix.com\/content\/uploads\/2021\/05\/ES_registro-diario-de-vehiculo-1000x433.png 1000w, https:\/\/www.quartix.com\/content\/uploads\/2021\/05\/ES_registro-diario-de-vehiculo-300x130.png 300w, https:\/\/www.quartix.com\/content\/uploads\/2021\/05\/ES_registro-diario-de-vehiculo-768x332.png 768w, https:\/\/www.quartix.com\/content\/uploads\/2021\/05\/ES_registro-diario-de-vehiculo.png 1445w\" sizes=\"auto, (max-width: 1000px) 100vw, 1000px\" \/><\/figure><\/div>\n<\/div>\n\n\n\n<div class=\"wp-block-column is-layout-flow wp-block-column-is-layout-flow\">\n<h2 class=\"wp-block-heading\" id=\"private-versus-business-mileage\">Kilometraje de Trabajo vs Privado<\/h2>\n\n\n\n<p>Adem\u00e1s, el Identificador de Conductor le permitir\u00e1 diferenciar entre viajes de trabajo y viajes privados. Si sus empleados tienen acceso al veh\u00edculo por las tardes o los fines de semana, usted puede no desear incluirlo en el kilometraje de trabajo<\/p>\n<\/div>\n<\/div>\n\n\n\n<div class=\"wp-block-columns is-layout-flex wp-container-core-columns-is-layout-28f84493 wp-block-columns-is-layout-flex\">\n<div class=\"wp-block-column is-layout-flow wp-block-column-is-layout-flow\">\n<h2 class=\"wp-block-heading\" id=\"how-does-driver-id-work\">\u00bfComo funciona el Identificador de Conductor?<\/h2>\n\n\n\n<p>Un peque\u00f1o lector de llaves magn\u00e9ticas va colocado junto al cuadro de mandos del veh\u00edculo. Cada conductor tiene su llave magn\u00e9tica que al colocarse en el lector, lo registra en el veh\u00edculo y registra todos los viajes para dicho conductor.<\/p>\n\n\n\n<p>Al encender el motor, una alarma sonar\u00e1 hasta que el conductor ponga la llave magn\u00e9tica en el lector para identificarse.<\/p>\n\n\n\n<p>La alarma sonar\u00e1 hasta que una llave se aplique al lector. Si cambia veh\u00edculos de direcci\u00f3n, es aconsejable disponer de varias llaves magn\u00e9ticas.<\/p>\n\n\n\n<p>Una vez el conductor a accedido a identificarse, podr\u00e1 ver su nombre en el mapa de seguimiento a tiempo real.<\/p>\n\n\n\n<p>En la configuraci\u00f3n del men\u00fa puede editar y cambiar los datos del conductor o asignarlo al grupo de conductores al que pertenezca.<\/p>\n<\/div>\n\n\n\n<div class=\"wp-block-column is-layout-flow wp-block-column-is-layout-flow\">\n<figure class=\"wp-block-image\"><img decoding=\"async\" src=\" https:\/\/www.quartix.com\/content\/uploads\/2018\/04\/Driver-ID-2.jpg\" alt=\"\"\/><\/figure>\n<\/div>\n<\/div>\n","protected":false},"excerpt":{"rendered":"<p>Seguimiento individual de conductores El sistema de Identificador de Conductores le permite realizar el seguimiento individual de conductores cuando hay m\u00e1s de un conductor asignado a los veh\u00edculos. Beneficios del uso de Identificador de Conductor: Hojas de horario y horas de trabajo para cada conductor Reporte de Viajes individual por veh\u00edculo y conductor An\u00e1lisis de [&hellip;]<\/p>\n","protected":false},"author":12,"featured_media":25051,"parent":0,"menu_order":9050,"comment_status":"closed","ping_status":"closed","template":"","meta":{"_acf_changed":false,"inline_featured_image":false,"footnotes":""},"topic":[1870],"qtx_campaign":[],"class_list":["post-75876","page","type-page","status-publish","has-post-thumbnail","hentry","topic-gestion-de-conductores"],"acf":[],"yoast_head":"<!-- This site is optimized with the Yoast SEO Premium plugin v27.3 (Yoast SEO v27.3) - https:\/\/yoast.com\/product\/yoast-seo-premium-wordpress\/ -->\n<title>Identificador de Conductores - ES<\/title>\n<meta name=\"description\" content=\"El sistema de Identificador de Conductores le permite realizar el seguimiento individual de conductores cuando hay m\u00e1s de un conductor asignado a los veh\u00edculos.\" \/>\n<meta name=\"robots\" content=\"index, follow, max-snippet:-1, max-image-preview:large, max-video-preview:-1\" \/>\n<link rel=\"canonical\" href=\"https:\/\/www.quartix.com\/es-es\/identificador-de-conductores\/\" \/>\n<meta property=\"og:locale\" content=\"es_ES\" \/>\n<meta property=\"og:type\" content=\"article\" \/>\n<meta property=\"og:title\" content=\"Identificador de Conductores\" \/>\n<meta property=\"og:description\" content=\"El sistema de Identificador de Conductores le permite realizar el seguimiento individual de conductores cuando hay m\u00e1s de un conductor asignado a los veh\u00edculos.\" \/>\n<meta property=\"og:url\" content=\"https:\/\/www.quartix.com\/es-es\/identificador-de-conductores\/\" \/>\n<meta property=\"og:site_name\" content=\"Quartix\" \/>\n<meta property=\"article:publisher\" content=\"https:\/\/www.facebook.com\/Quartix-USA-374426386097401\/\" \/>\n<meta property=\"article:modified_time\" content=\"2022-06-22T10:12:48+00:00\" \/>\n<meta property=\"og:image\" content=\"https:\/\/www.quartix.com\/content\/uploads\/2019\/07\/Driver-ID-2.jpg\" \/>\n\t<meta property=\"og:image:width\" content=\"450\" \/>\n\t<meta property=\"og:image:height\" content=\"316\" \/>\n\t<meta property=\"og:image:type\" content=\"image\/jpeg\" \/>\n<meta name=\"twitter:card\" content=\"summary_large_image\" \/>\n<meta name=\"twitter:site\" content=\"@QuartixUSA\" \/>\n<meta name=\"twitter:label1\" content=\"Est. reading time\" \/>\n\t<meta name=\"twitter:data1\" content=\"2 minutes\" \/>\n<!-- \/ Yoast SEO Premium plugin. -->","yoast_head_json":{"title":"Identificador de Conductores - ES","description":"El sistema de Identificador de Conductores le permite realizar el seguimiento individual de conductores cuando hay m\u00e1s de un conductor asignado a los veh\u00edculos.","robots":{"index":"index","follow":"follow","max-snippet":"max-snippet:-1","max-image-preview":"max-image-preview:large","max-video-preview":"max-video-preview:-1"},"canonical":"https:\/\/www.quartix.com\/es-es\/identificador-de-conductores\/","og_locale":"es_ES","og_type":"article","og_title":"Identificador de Conductores","og_description":"El sistema de Identificador de Conductores le permite realizar el seguimiento individual de conductores cuando hay m\u00e1s de un conductor asignado a los veh\u00edculos.","og_url":"https:\/\/www.quartix.com\/es-es\/identificador-de-conductores\/","og_site_name":"Quartix","article_publisher":"https:\/\/www.facebook.com\/Quartix-USA-374426386097401\/","article_modified_time":"2022-06-22T10:12:48+00:00","og_image":[{"width":450,"height":316,"url":"https:\/\/www.quartix.com\/content\/uploads\/2019\/07\/Driver-ID-2.jpg","type":"image\/jpeg"}],"twitter_card":"summary_large_image","twitter_site":"@QuartixUSA","twitter_misc":{"Est. reading time":"2 minutes"},"schema":{"@context":"https:\/\/schema.org","@graph":[{"@type":"WebPage","@id":"https:\/\/www.quartix.com\/es-es\/identificador-de-conductores\/","url":"https:\/\/www.quartix.com\/es-es\/identificador-de-conductores\/","name":"Identificador de Conductores","isPartOf":{"@id":"https:\/\/www.quartix.com\/es-es\/#website"},"primaryImageOfPage":{"@id":"https:\/\/www.quartix.com\/es-es\/identificador-de-conductores\/#primaryimage"},"image":{"@id":"https:\/\/www.quartix.com\/es-es\/identificador-de-conductores\/#primaryimage"},"thumbnailUrl":"https:\/\/www.quartix.com\/content\/uploads\/2019\/07\/Driver-ID-2.jpg","datePublished":"2022-06-22T10:12:45+00:00","dateModified":"2022-06-22T10:12:48+00:00","description":"El sistema de Identificador de Conductores le permite realizar el seguimiento individual de conductores cuando hay m\u00e1s de un conductor asignado a los veh\u00edculos.","breadcrumb":{"@id":"https:\/\/www.quartix.com\/es-es\/identificador-de-conductores\/#breadcrumb"},"inLanguage":"es-ES","potentialAction":[{"@type":"ReadAction","target":["https:\/\/www.quartix.com\/es-es\/identificador-de-conductores\/"]}]},{"@type":"ImageObject","inLanguage":"es-ES","@id":"https:\/\/www.quartix.com\/es-es\/identificador-de-conductores\/#primaryimage","url":"https:\/\/www.quartix.com\/content\/uploads\/2019\/07\/Driver-ID-2.jpg","contentUrl":"https:\/\/www.quartix.com\/content\/uploads\/2019\/07\/Driver-ID-2.jpg","width":450,"height":316},{"@type":"BreadcrumbList","@id":"https:\/\/www.quartix.com\/es-es\/identificador-de-conductores\/#breadcrumb","itemListElement":[{"@type":"ListItem","position":1,"name":"Inicio","item":"https:\/\/www.quartix.com\/es-es\/"},{"@type":"ListItem","position":2,"name":"Identificador de Conductores"}]},{"@type":"WebSite","@id":"https:\/\/www.quartix.com\/es-es\/#website","url":"https:\/\/www.quartix.com\/es-es\/","name":"Quartix","description":"Real-time vehicle tracking","publisher":{"@id":"https:\/\/www.quartix.com\/es-es\/#organization"},"potentialAction":[{"@type":"SearchAction","target":{"@type":"EntryPoint","urlTemplate":"https:\/\/www.quartix.com\/es-es\/?s={search_term_string}"},"query-input":{"@type":"PropertyValueSpecification","valueRequired":true,"valueName":"search_term_string"}}],"inLanguage":"es-ES"},{"@type":"Organization","@id":"https:\/\/www.quartix.com\/es-es\/#organization","name":"Quartix","url":"https:\/\/www.quartix.com\/es-es\/","logo":{"@type":"ImageObject","inLanguage":"es-ES","@id":"https:\/\/www.quartix.com\/es-es\/#\/schema\/logo\/image\/","url":"https:\/\/www.quartix.com\/content\/uploads\/2019\/02\/quartix-logo-eur.svg","contentUrl":"https:\/\/www.quartix.com\/content\/uploads\/2019\/02\/quartix-logo-eur.svg","width":1,"height":1,"caption":"Quartix"},"image":{"@id":"https:\/\/www.quartix.com\/es-es\/#\/schema\/logo\/image\/"},"sameAs":["https:\/\/www.facebook.com\/Quartix-USA-374426386097401\/","https:\/\/x.com\/QuartixUSA","https:\/\/www.linkedin.com\/company\/5346733\/","https:\/\/www.youtube.com\/channel\/UCzS-_GMfHF4kWiCheyIRrAQ"]}]}},"_links":{"self":[{"href":"https:\/\/www.quartix.com\/es-es\/wp-json\/wp\/v2\/pages\/75876","targetHints":{"allow":["GET"]}}],"collection":[{"href":"https:\/\/www.quartix.com\/es-es\/wp-json\/wp\/v2\/pages"}],"about":[{"href":"https:\/\/www.quartix.com\/es-es\/wp-json\/wp\/v2\/types\/page"}],"author":[{"embeddable":true,"href":"https:\/\/www.quartix.com\/es-es\/wp-json\/wp\/v2\/users\/12"}],"replies":[{"embeddable":true,"href":"https:\/\/www.quartix.com\/es-es\/wp-json\/wp\/v2\/comments?post=75876"}],"version-history":[{"count":0,"href":"https:\/\/www.quartix.com\/es-es\/wp-json\/wp\/v2\/pages\/75876\/revisions"}],"wp:featuredmedia":[{"embeddable":true,"href":"https:\/\/www.quartix.com\/es-es\/wp-json\/wp\/v2\/media\/25051"}],"wp:attachment":[{"href":"https:\/\/www.quartix.com\/es-es\/wp-json\/wp\/v2\/media?parent=75876"}],"wp:term":[{"taxonomy":"topic","embeddable":true,"href":"https:\/\/www.quartix.com\/es-es\/wp-json\/wp\/v2\/topic?post=75876"},{"taxonomy":"qtx_campaign","embeddable":true,"href":"https:\/\/www.quartix.com\/es-es\/wp-json\/wp\/v2\/qtx_campaign?post=75876"}],"curies":[{"name":"wp","href":"https:\/\/api.w.org\/{rel}","templated":true}]}}