{"id":75910,"date":"2022-06-22T11:58:05","date_gmt":"2022-06-22T10:58:05","guid":{"rendered":" https:\/\/www.quartix.com\/?page_id=75910"},"modified":"2022-10-12T15:03:16","modified_gmt":"2022-10-12T14:03:16","slug":"dispositivo-de-localizacion-integrado","status":"publish","type":"page","link":"https:\/\/www.quartix.com\/es-es\/dispositivo-de-localizacion-integrado\/","title":{"rendered":"Dispositivo de localizaci\u00f3n integrado"},"content":{"rendered":"\n<h2 class=\"wp-block-heading\" id=\"industry-leading-telematics\">IL\u00edder en la industria telem\u00e1tica<\/h2>\n\n\n\n<p>Quartix fabrica tecnolog\u00eda telem\u00e1tica l\u00edder en la industria desde principios de 2001. M\u00e1s de 17.500 empresas utilizannuestro sistema de rastreo de veh\u00edculos comerciales y los dispositivos de rastreo se han instalado en 600.000 veh\u00edculos en todo el mundo.<\/p>\n\n\n\n<p>El seguimiento de veh\u00edculos de Quartix ofrece una verdadera soluci\u00f3n integral y se encarga de todos los aspectos del dise\u00f1o del producto, desde la caja negra telem\u00e1tica hasta los informes de seguimiento de veh\u00edculos que llegan a su bandeja de entrada.<\/p>\n\n\n\n<div class=\"wp-block-columns is-layout-flex wp-container-core-columns-is-layout-28f84493 wp-block-columns-is-layout-flex\">\n<div class=\"wp-block-column is-layout-flow wp-block-column-is-layout-flow\">\n<h2 class=\"wp-block-heading\" id=\"the-hardwired-tracking-device\">El dispositivo de rastreo cableado<\/h2>\n\n\n\n<p>Los dispositivos de rastreo de Quartix han sido dise\u00f1ados para brindar precisi\u00f3n, robustez y alto rendimiento. El dispositivo de seguimiento cableado mide 9 cm x 5,5 cm x 2,4 cm y pesa solo 90 g.<\/p>\n\n\n\n<p>La unidad queda completamente oculta tras su instalaci\u00f3n, que suele durar entre 30 y 40 minutos.<\/p>\n<\/div>\n\n\n\n<div class=\"wp-block-column is-layout-flow wp-block-column-is-layout-flow\">\n<figure class=\"wp-block-image size-large\"><img loading=\"lazy\" decoding=\"async\" width=\"1000\" height=\"830\" src=\" https:\/\/www.quartix.com\/content\/uploads\/2022\/10\/Quartix-Hardwired-Device-1000x830.png\" alt=\"Quartix hardwired vehicle tracking device\" class=\"wp-image-81702\" srcset=\"https:\/\/www.quartix.com\/content\/uploads\/2022\/10\/Quartix-Hardwired-Device-1000x830.png 1000w, https:\/\/www.quartix.com\/content\/uploads\/2022\/10\/Quartix-Hardwired-Device-300x249.png 300w, https:\/\/www.quartix.com\/content\/uploads\/2022\/10\/Quartix-Hardwired-Device-768x637.png 768w, https:\/\/www.quartix.com\/content\/uploads\/2022\/10\/Quartix-Hardwired-Device-1536x1275.png 1536w, https:\/\/www.quartix.com\/content\/uploads\/2022\/10\/Quartix-Hardwired-Device-2048x1700.png 2048w\" sizes=\"auto, (max-width: 1000px) 100vw, 1000px\" \/><\/figure>\n<\/div>\n<\/div>\n\n\n\n<h2 class=\"wp-block-heading\" id=\"key-features\">Caracter\u00edsticas principales:<\/h2>\n\n\n\n<ul class=\"wp-block-list\"><li>Receptor GPS de alta sensibilidad, que proporciona seguimiento de veh\u00edculos segundo a segundo.<\/li><li>Amplio rango de voltaje operativo: de 8v a 30v<\/li><li>Entradas digitales opcionales de uso general para la supervisi\u00f3n (como apertura de puertas de emergencia, elevaci\u00f3n de puerta trasera o interruptor de luces de advertencia)<\/li><li>Identificaci\u00f3n del conductor opcional mediante la entrada de la etiqueta iButton<\/li><li>Detecci\u00f3n de voltaje de la bater\u00eda para detecci\u00f3n de manipulaciones<\/li><li>Aceler\u00f3metro para detectar y registrar datos de impacto<\/li><li>Con unas medidas de solo 90 mm x 55 mm x 24 mm y un peso de solo 90 g, la unidad queda completamente oculta tras su instalaci\u00f3n<\/li><li>La sencilla instalaci\u00f3n de tres cables suele tardar solo 30-40 minutos, la unidad se suministra con una placa de montaje para una r\u00e1pida instalaci\u00f3n<\/li><li>Compatible con los sistemas de veh\u00edculos de 12 V y 24 V sin modificaci\u00f3n (incluye antenas internas inal\u00e1mbricas y GPS)<\/li><li>Cumple totalmente con las normas de compatibilidad electromagn\u00e9tica, de comunicaci\u00f3n m\u00f3vil y de seguridad<\/li><li>Carcasa fabricada con material ign\u00edfugo UL94 V-0 y ensamblado en instalaciones de fabricaci\u00f3n con certificaci\u00f3n ISO9001<\/li><\/ul>\n\n\n<section  class=\"qtx-pagebuilder-section qtx-pagebuilder-section-blockquote qtx-pagebuilder-section-blockquote-left_green_border \">\r\n        <div class=\"left_green_border\">\r\n            <blockquote>\r\n                <p>El sistema de seguimiento de veh\u00edculos de Quartix ayuda a las empresas a reducir costos y mejorar la productividad cada d\u00eda. Con nuestra amplia gama de planes y dispositivos de seguimiento de veh\u00edculos, ofrecemos seguimiento de flotas comerciales para coches, furgonetas, autocares y camiones en todo el Reino Unido, los Estados Unidos y\u00a0Europa. Nuestros informes y cuadros de mando\u00a0permiten a las empresas instruir a los conductores en un comportamiento de conducci\u00f3n m\u00e1s seguro y econ\u00f3mico, dar sentido al kilometraje comercial y elevar la eficiencia operativa.<\/p>\n                            <\/blockquote>\r\n        <\/div>\r\n        <\/section>\r\n\r\n\n\n\n<h2 class=\"wp-block-heading\" id=\"quartix-installation-options\">Opciones de instalaci\u00f3n de Quartix<\/h2>\n\n\n\n<p>Quartix ofrece una amplia gama de <a href=\"\/es-es\/localizador-vehiculos\/dispositivo-de-monitoreo\/\">opciones de instalaci\u00f3n<\/a> de rastreo de veh\u00edculos,&nbsp;incluyendo dispositivos de seguimiento de auto-instalable que se pueden mover f\u00e1cilmente entre veh\u00edculos. Vea nuestras opciones de instalaci\u00f3n para decidir qu\u00e9 tipos de dispositivos se adaptan mejor a las necesidades de su negocio.<\/p>\n","protected":false},"excerpt":{"rendered":"<p>IL\u00edder en la industria telem\u00e1tica Quartix fabrica tecnolog\u00eda telem\u00e1tica l\u00edder en la industria desde principios de 2001. M\u00e1s de 17.500 empresas utilizannuestro sistema de rastreo de veh\u00edculos comerciales y los dispositivos de rastreo se han instalado en 600.000 veh\u00edculos en todo el mundo. El seguimiento de veh\u00edculos de Quartix ofrece una verdadera soluci\u00f3n integral y [&hellip;]<\/p>\n","protected":false},"author":12,"featured_media":0,"parent":0,"menu_order":215,"comment_status":"closed","ping_status":"closed","template":"","meta":{"_acf_changed":false,"inline_featured_image":false,"footnotes":""},"topic":[],"qtx_campaign":[],"class_list":["post-75910","page","type-page","status-publish","hentry"],"acf":[],"yoast_head":"<!-- This site is optimized with the Yoast SEO Premium plugin v27.3 (Yoast SEO v27.3) - https:\/\/yoast.com\/product\/yoast-seo-premium-wordpress\/ -->\n<title>Dispositivo de localizaci\u00f3n integrado - ES<\/title>\n<meta name=\"description\" content=\"Los dispositivos de rastreo de Quartix han sido dise\u00f1ados para brindar precisi\u00f3n, robustez y alto rendimiento. El dispositivo de seguimiento cableado mide 9 cm x 5,5 cm x 2,4 cm y pesa solo 90 g.\" \/>\n<meta name=\"robots\" content=\"index, follow, max-snippet:-1, max-image-preview:large, max-video-preview:-1\" \/>\n<link rel=\"canonical\" href=\"https:\/\/www.quartix.com\/es-es\/dispositivo-de-localizacion-integrado\/\" \/>\n<meta property=\"og:locale\" content=\"es_ES\" \/>\n<meta property=\"og:type\" content=\"article\" \/>\n<meta property=\"og:title\" content=\"Dispositivo de localizaci\u00f3n integrado\" \/>\n<meta property=\"og:description\" content=\"Los dispositivos de rastreo de Quartix han sido dise\u00f1ados para brindar precisi\u00f3n, robustez y alto rendimiento. El dispositivo de seguimiento cableado mide 9 cm x 5,5 cm x 2,4 cm y pesa solo 90 g.\" \/>\n<meta property=\"og:url\" content=\"https:\/\/www.quartix.com\/es-es\/dispositivo-de-localizacion-integrado\/\" \/>\n<meta property=\"og:site_name\" content=\"Quartix\" \/>\n<meta property=\"article:publisher\" content=\"https:\/\/www.facebook.com\/Quartix-USA-374426386097401\/\" \/>\n<meta property=\"article:modified_time\" content=\"2022-10-12T14:03:16+00:00\" \/>\n<meta name=\"twitter:card\" content=\"summary_large_image\" \/>\n<meta name=\"twitter:site\" content=\"@QuartixUSA\" \/>\n<meta name=\"twitter:label1\" content=\"Est. reading time\" \/>\n\t<meta name=\"twitter:data1\" content=\"2 minutes\" \/>\n<!-- \/ Yoast SEO Premium plugin. -->","yoast_head_json":{"title":"Dispositivo de localizaci\u00f3n integrado - ES","description":"Los dispositivos de rastreo de Quartix han sido dise\u00f1ados para brindar precisi\u00f3n, robustez y alto rendimiento. El dispositivo de seguimiento cableado mide 9 cm x 5,5 cm x 2,4 cm y pesa solo 90 g.","robots":{"index":"index","follow":"follow","max-snippet":"max-snippet:-1","max-image-preview":"max-image-preview:large","max-video-preview":"max-video-preview:-1"},"canonical":"https:\/\/www.quartix.com\/es-es\/dispositivo-de-localizacion-integrado\/","og_locale":"es_ES","og_type":"article","og_title":"Dispositivo de localizaci\u00f3n integrado","og_description":"Los dispositivos de rastreo de Quartix han sido dise\u00f1ados para brindar precisi\u00f3n, robustez y alto rendimiento. El dispositivo de seguimiento cableado mide 9 cm x 5,5 cm x 2,4 cm y pesa solo 90 g.","og_url":"https:\/\/www.quartix.com\/es-es\/dispositivo-de-localizacion-integrado\/","og_site_name":"Quartix","article_publisher":"https:\/\/www.facebook.com\/Quartix-USA-374426386097401\/","article_modified_time":"2022-10-12T14:03:16+00:00","twitter_card":"summary_large_image","twitter_site":"@QuartixUSA","twitter_misc":{"Est. reading time":"2 minutes"},"schema":{"@context":"https:\/\/schema.org","@graph":[{"@type":"WebPage","@id":"https:\/\/www.quartix.com\/es-es\/dispositivo-de-localizacion-integrado\/","url":"https:\/\/www.quartix.com\/es-es\/dispositivo-de-localizacion-integrado\/","name":"Dispositivo de localizaci\u00f3n integrado","isPartOf":{"@id":"https:\/\/www.quartix.com\/es-es\/#website"},"datePublished":"2022-06-22T10:58:05+00:00","dateModified":"2022-10-12T14:03:16+00:00","description":"Los dispositivos de rastreo de Quartix han sido dise\u00f1ados para brindar precisi\u00f3n, robustez y alto rendimiento. El dispositivo de seguimiento cableado mide 9 cm x 5,5 cm x 2,4 cm y pesa solo 90 g.","breadcrumb":{"@id":"https:\/\/www.quartix.com\/es-es\/dispositivo-de-localizacion-integrado\/#breadcrumb"},"inLanguage":"es-ES","potentialAction":[{"@type":"ReadAction","target":["https:\/\/www.quartix.com\/es-es\/dispositivo-de-localizacion-integrado\/"]}]},{"@type":"BreadcrumbList","@id":"https:\/\/www.quartix.com\/es-es\/dispositivo-de-localizacion-integrado\/#breadcrumb","itemListElement":[{"@type":"ListItem","position":1,"name":"Inicio","item":"https:\/\/www.quartix.com\/es-es\/"},{"@type":"ListItem","position":2,"name":"Dispositivo de localizaci\u00f3n integrado"}]},{"@type":"WebSite","@id":"https:\/\/www.quartix.com\/es-es\/#website","url":"https:\/\/www.quartix.com\/es-es\/","name":"Quartix","description":"Real-time vehicle tracking","publisher":{"@id":"https:\/\/www.quartix.com\/es-es\/#organization"},"potentialAction":[{"@type":"SearchAction","target":{"@type":"EntryPoint","urlTemplate":"https:\/\/www.quartix.com\/es-es\/?s={search_term_string}"},"query-input":{"@type":"PropertyValueSpecification","valueRequired":true,"valueName":"search_term_string"}}],"inLanguage":"es-ES"},{"@type":"Organization","@id":"https:\/\/www.quartix.com\/es-es\/#organization","name":"Quartix","url":"https:\/\/www.quartix.com\/es-es\/","logo":{"@type":"ImageObject","inLanguage":"es-ES","@id":"https:\/\/www.quartix.com\/es-es\/#\/schema\/logo\/image\/","url":"https:\/\/www.quartix.com\/content\/uploads\/2019\/02\/quartix-logo-eur.svg","contentUrl":"https:\/\/www.quartix.com\/content\/uploads\/2019\/02\/quartix-logo-eur.svg","width":1,"height":1,"caption":"Quartix"},"image":{"@id":"https:\/\/www.quartix.com\/es-es\/#\/schema\/logo\/image\/"},"sameAs":["https:\/\/www.facebook.com\/Quartix-USA-374426386097401\/","https:\/\/x.com\/QuartixUSA","https:\/\/www.linkedin.com\/company\/5346733\/","https:\/\/www.youtube.com\/channel\/UCzS-_GMfHF4kWiCheyIRrAQ"]}]}},"_links":{"self":[{"href":"https:\/\/www.quartix.com\/es-es\/wp-json\/wp\/v2\/pages\/75910","targetHints":{"allow":["GET"]}}],"collection":[{"href":"https:\/\/www.quartix.com\/es-es\/wp-json\/wp\/v2\/pages"}],"about":[{"href":"https:\/\/www.quartix.com\/es-es\/wp-json\/wp\/v2\/types\/page"}],"author":[{"embeddable":true,"href":"https:\/\/www.quartix.com\/es-es\/wp-json\/wp\/v2\/users\/12"}],"replies":[{"embeddable":true,"href":"https:\/\/www.quartix.com\/es-es\/wp-json\/wp\/v2\/comments?post=75910"}],"version-history":[{"count":0,"href":"https:\/\/www.quartix.com\/es-es\/wp-json\/wp\/v2\/pages\/75910\/revisions"}],"wp:attachment":[{"href":"https:\/\/www.quartix.com\/es-es\/wp-json\/wp\/v2\/media?parent=75910"}],"wp:term":[{"taxonomy":"topic","embeddable":true,"href":"https:\/\/www.quartix.com\/es-es\/wp-json\/wp\/v2\/topic?post=75910"},{"taxonomy":"qtx_campaign","embeddable":true,"href":"https:\/\/www.quartix.com\/es-es\/wp-json\/wp\/v2\/qtx_campaign?post=75910"}],"curies":[{"name":"wp","href":"https:\/\/api.w.org\/{rel}","templated":true}]}}