{"id":76295,"date":"2022-07-05T14:58:18","date_gmt":"2022-07-05T13:58:18","guid":{"rendered":" https:\/\/www.quartix.com\/?page_id=76295"},"modified":"2023-11-27T18:21:14","modified_gmt":"2023-11-27T17:21:14","slug":"terminos-y-condiciones-v1","status":"publish","type":"page","link":"https:\/\/www.quartix.com\/es-es\/terminos-y-condiciones-v1\/","title":{"rendered":"T\u00e9rminos y condiciones v1"},"content":{"rendered":"\n<h2 class=\"wp-block-heading\">T\u00c9RMINOS Y CONDICIONES DE VENTA DE QUARTIX LTD.<\/h2>\n\n\n\n<h3 class=\"wp-block-heading\">T\u00c9RMINOS GENERALES<\/h3>\n\n\n\n<p>Todos los contratos de venta o alquiler de productos y\/o suministro de servicios realizados por Quartix Ltd (&#8220;Quartix&#8221;) (registrada en Inglaterra y Gales bajo el n\u00famero 4159907) incorporar\u00e1n los presentes T\u00e9rminos y Condiciones de Venta (los &#8220;T\u00e9rminos&#8221;), que prevalecer\u00e1n sobre cualquier otro documento o comunicaci\u00f3n entre las partes a menos que se acuerde lo contrario expresamente por escrito por un representante debidamente autorizado de Quartix. A los efectos de este documento, el t\u00e9rmino &#8220;Producto&#8221; incluir\u00e1 los sistemas y terminales de seguimiento vehicular, antenas, cables y cualquier equipo auxiliar y accesorios; el t\u00e9rmino &#8220;Servicios&#8221; incluir\u00e1 la entrega, instalaci\u00f3n, personalizaci\u00f3n, reparaci\u00f3n y sustituci\u00f3n de Productos y el suministro de datos, informes y otra informaci\u00f3n provista por cualquier medio; el t\u00e9rmino &#8220;Tarjeta SIM&#8221; significar\u00e1 cualquier m\u00f3dulo de identidad de suscriptor utilizado en cualquiera de los Productos; y el t\u00e9rmino &#8220;Cliente&#8221; se referir\u00e1 a cualquier empresa, sociedad, asociaci\u00f3n o individuo que celebre un contrato para la compra o alquiler de Productos o Servicios a Quartix. Si un tribunal u otra autoridad competente declarara que alguna parte de los T\u00e9rminos es inv\u00e1lida o inaplicable, el resto de los T\u00e9rminos no se ver\u00e1n afectados. Cada una de las partes acuerda que estos T\u00e9rminos, junto con los dem\u00e1s t\u00e9rminos del acuerdo en el que se incorporan, representan el acuerdo completo y el entendimiento entre las Partes en relaci\u00f3n con el objeto de dicho acuerdo. Cualquier notificaci\u00f3n que deba hacer cualquiera de las partes con respecto a estas Condiciones deber\u00e1 hacerse por escrito y entregarse en el domicilio social o en el establecimiento principal de la otra Parte.<\/p>\n\n\n\n<h3 class=\"wp-block-heading\">PRECIOS Y CONDICIONES DE PAGO<\/h3>\n\n\n\n<p>Los precios s\u00f3lo son v\u00e1lidos si son expresados por escrito por Quartix y s\u00f3lo para la cantidad de Productos y el per\u00edodo de tiempo indicado en el presupuesto o confirmaci\u00f3n de pedido correspondiente. Si no se indica, el per\u00edodo de validez es de 30 d\u00edas. A menos que se indique lo contrario en la confirmaci\u00f3n del pedido o en la factura de Quartix, el pago de todos los importes facturados se realizar\u00e1 en un plazo de 30 d\u00edas a partir de la fecha de la factura o antes de la fecha de vencimiento indicada en la factura. Si el Cliente no realiza ning\u00fan pago a la fecha de vencimiento, Quartix se reserva el derecho de cobrar intereses del 4% por encima del inter\u00e9s base del banco Barclays Bank Plc hasta que se reciba el pago en su totalidad. Si se acuerda entre las Partes que el pago se realizar\u00e1 mediante d\u00e9bito directo, entonces el Cliente se compromete a mantener un el acuerdo de d\u00e9bito directo bancario con Quartix. Se aplicar\u00e1 un cargo administrativo de \u20ac20 por cada operaci\u00f3n de d\u00e9bito directo fallida o cancelada, adem\u00e1s de los cargos por intereses. Si el Cliente acepta arrendar o alquilar los Productos a un tercero, como una compa\u00f1\u00eda financiera, es responsabilidad del Cliente asegurarse de que todos los contratos de arrendamiento o alquiler, las garant\u00edas de pago, las notas de aceptaci\u00f3n y los pagos iniciales se realicen satisfactoriamente en un plazo de 7 d\u00edas a partir de la entrega. Si el Cliente no cumpliera con este requisito o el tercero no le pagara a Quartix en un plazo de 30 d\u00edas a partir de la entrega, Quartix le facturar\u00e1 al Cliente directamente por los Productos a sus precios publicados y dicha factura ser\u00e1 pagadera por el Cliente en un plazo de 7 d\u00edas.<\/p>\n\n\n\n<h3 class=\"wp-block-heading\">ENTREGA E INSTALACI\u00d3N<\/h3>\n\n\n\n<p>Todos los plazos y fechas de entrega son aproximados, pero Quartix har\u00e1 todo lo posible por respetarlos. El tiempo no ser\u00e1 esencial, y Quartix no ser\u00e1 responsable de ninguna p\u00e9rdida o da\u00f1o que resulte de una entrega tard\u00eda o de su incumplimiento de una cita programada para la instalaci\u00f3n. Si el Cliente retrasa la instalaci\u00f3n de cualquier Producto m\u00e1s all\u00e1 de los 30 d\u00edas a partir de la fecha de la primera instalaci\u00f3n del Producto para ese pedido, Quartix tendr\u00e1 derecho a entregar los Productos restantes a la direcci\u00f3n de entrega del Cliente y el pedido se considerar\u00e1 completo. En el caso de que la instalaci\u00f3n sea llevada a cabo por el Cliente o una persona designada por el Cliente, Quartix no ser\u00e1 responsable de ninguna p\u00e9rdida o da\u00f1o, que surja directa o indirectamente, como resultado de cualquier negligencia o incumplimiento de las instrucciones escritas de Quartix para la instalaci\u00f3n de los Productos.<\/p>\n\n\n\n<h3 class=\"wp-block-heading\">T\u00cdTULARIDAD Y RIESGO<\/h3>\n\n\n\n<p>La titularidad de los Productos adquiridos por el Cliente se transfiere al momento de percibirse el pago completo y, hasta entonces, el Cliente debe asegurar y almacenar los Productos por separado y mantenerlos en buen estado. La titularidad de los Productos alquilados por el Cliente seguir\u00e1 siendo de Quartix y estos Productos deber\u00e1n ser devueltos a Quartix a cargo del Cliente en buen estado al t\u00e9rmino de dicho alquiler. La titularidad de la tarjeta SIM seguir\u00e1 correspondiendo a Quartix, o a su proveedor de tarjetas SIM y, en cualquier circunstancia, el riesgo de los Productos se transfiere al Cliente al momento de su entrega en la direcci\u00f3n de entrega designada por el Cliente, independientemente de si la instalaci\u00f3n se haya completado o no.<\/p>\n\n\n\n<h3 class=\"wp-block-heading\">GARANT\u00cdAS<\/h3>\n\n\n\n<p>Quartix le garantiza al Cliente que los Productos adquiridos estar\u00e1n libres de defectos durante un per\u00edodo de 12 meses a partir de la entrega, a menos que se indique lo contrario en la confirmaci\u00f3n del pedido. Si los Productos estuvieran defectuosos dentro de este per\u00edodo, Quartix los reparar\u00e1 o reemplazar\u00e1 dentro de un plazo razonable utilizando componentes o repuestos que sean nuevos o equivalentes a nuevos. En el caso de los Productos alquilados a Quartix, esta garant\u00eda se mantendr\u00e1 durante el t\u00e9rmino del alquiler del Producto. Quartix no garantiza que los Productos sean adecuados para ning\u00fan prop\u00f3sito en particular, ni que los Servicios se presten sin interrupciones, ni que los informes, datos o informaci\u00f3n proporcionados como parte de los Servicios est\u00e9n libres de errores, omisiones, inexactitudes o inconformidades, y Quartix no tendr\u00e1 ninguna responsabilidad u obligaci\u00f3n para con el Cliente a este respecto, salvo lo dispuesto en la presente. Quartix no garantiza la seguridad o integridad de ninguna conexi\u00f3n o transmisi\u00f3n utilizada en la prestaci\u00f3n de los Servicios. Quartix no ser\u00e1 responsable y no ofrece ninguna garant\u00eda por cualquier da\u00f1o causado por el Cliente o su representante o cualquier tercero no autorizado por la incorrecta, uso, modificaci\u00f3n o reparaci\u00f3n de los Productos que se haya realizado en forma incorrecta, ni por cualquier da\u00f1o accidental o de otro tipo a los Productos causado por cualquier parte o fuerza externa.<\/p>\n\n\n\n<h3 class=\"wp-block-heading\">DERECHOS DE PROPIEDAD INTELECTUAL<\/h3>\n\n\n\n<p>Quartix retiene todos los derechos de autor\u00eda, derechos sobre invenciones, derechos sobre dise\u00f1os, derechos sobre bases de datos y otros derechos de propiedad intelectual sobre los Productos y Servicios y los resultados de los Servicios. Ninguna disposici\u00f3n transfiere ni obligar\u00e1 a Quartix a transferir al Cliente ninguno de estos derechos de propiedad intelectual, y todos los derechos derivados de los mismos que no est\u00e9n expresamente concedidos al Cliente bajo los presentes T\u00e9rminos est\u00e1n reservados a Quartix. Todos los derechos de propiedad intelectual que subsisten en la base de datos accesible a trav\u00e9s de los Servicios y toda la informaci\u00f3n proporcionada a trav\u00e9s de los Servicios (la &#8220;Informaci\u00f3n&#8221;) es propiedad de Quartix o de los proveedores de dicha informaci\u00f3n. El Cliente podr\u00e1 utilizar la Informaci\u00f3n recibida a trav\u00e9s de los Servicios s\u00f3lo para sus propios fines, lo que significa (sin limitaci\u00f3n) que el Cliente no podr\u00e1 vender, revender, retransmitir o poner la Informaci\u00f3n recuperada de los Servicios a disposici\u00f3n de terceros de ninguna manera ni en ning\u00fan medio a menos que el Cliente haya obtenido el consentimiento previo por escrito de Quartix. Quartix puede utilizar la Informaci\u00f3n, de forma agregada, con datos de otros veh\u00edculos, para controlar el uso v\u00edas terrestres, proporcionar informaci\u00f3n sobre el flujo de tr\u00e1fico y sobre los tiempos de viaje y analizar el comportamiento general de conducci\u00f3n. Estos datos agregados, que no contendr\u00e1n datos personales o informaci\u00f3n confidencial del Cliente, podr\u00e1n ser compartidos o suministrados a terceros por parte de Quartix.<\/p>\n\n\n\n<h3 class=\"wp-block-heading\">TARJETAS SIM<\/h3>\n\n\n\n<p>El Cliente no retirar\u00e1, ni permitir\u00e1 que otros retiren, ninguna tarjeta SIM de ninguno de los Productos. El Cliente es responsable por la p\u00e9rdida o robo y de cualquier uso consecuente (incluido el uso fraudulento o inapropiado) de las Tarjetas SIM. En el caso de que Quartix tenga motivos razonables para creer que el Cliente puede estar infringiendo las disposiciones de esta cl\u00e1usula, Quartix podr\u00e1, a su sola discreci\u00f3n, interrumpir la prestaci\u00f3n de Servicios al Cliente para cualquiera o para todos los Productos suministrados al Cliente.<\/p>\n\n\n\n<h3 class=\"wp-block-heading\">CONFIDENCIALIDAD<\/h3>\n\n\n\n<p>Tanto Quartix como el Cliente deben tratar toda la informaci\u00f3n recibida de la otra parte marcada como &#8220;Confidencial&#8221;, o que razonablemente se entienda como confidencial, de la misma manera que tratar\u00eda su propia informaci\u00f3n confidencial. La informaci\u00f3n que debe considerarse confidencial puede incluir, a modo enunciativo, a planes de negocio, listas de clientes, datos t\u00e9cnicos y operativos y planes de productos. Las disposiciones de esta cl\u00e1usula sobrevivir\u00e1n a la terminaci\u00f3n de cualquier contrato entre el Cliente y Quartix durante un per\u00edodo de tres a\u00f1os.<\/p>\n\n\n\n<h3 class=\"wp-block-heading\">RESPONSABILIDADES<\/h3>\n\n\n\n<p>Ninguna disposici\u00f3n enunciada en los presentes T\u00e9rminos o en cualquier otra parte de cualquier acuerdo en el que se incorporen estos T\u00e9rminos excluir\u00e1 o limitar\u00e1 la responsabilidad de Quartix por muerte o lesiones personales causadas por la negligencia de Quartix ni su responsabilidad por declaraciones falsas, fraudulentas o de cualquier otro tipo en la medida en que dicha exclusi\u00f3n o limitaci\u00f3n de responsabilidad sea nula, prohibida o inaplicable en virtud de la ley aplicable; y cualquier t\u00e9rmino que tenga el objeto o efecto de excluir o limitar la responsabilidad de Quartix est\u00e1 sujeto a esta disposici\u00f3n. Sin perjuicio de cualquier otra disposici\u00f3n enunciada en los presentes T\u00e9rminos, en cualquier caso (sin perjuicio de cualquier otro t\u00e9rmino acordado) la responsabilidad total de Quartix por cualquier reclamo o por el total de todos los reclamos que surjan de un acto de incumplimiento por parte de Quartix (ya sea extracontractual, contractual, por negligencia, bajo indemnizaci\u00f3n o de cualquier otro modo) no exceder\u00e1 la cantidad total pagada por el Cliente por los Productos o Servicios con respecto a los cuales se hace el reclamo. En el caso de cualquier reclamo contra Quartix por la interrupci\u00f3n de los Servicios o cualquier error en la Informaci\u00f3n proporcionada, la responsabilidad de Quartix (no obstante, cualquier otro t\u00e9rmino acordado) no exceder\u00e1 el precio total pagado por el Cliente por los Servicios durante el t\u00e9rmino de dicha interrupci\u00f3n o error y s\u00f3lo con respecto a aquellos Productos para los cuales los Servicios fueron afectados. No obstante, cualquier otra condici\u00f3n acordada, Quartix no ser\u00e1 responsable ante el Cliente (ya sea por responsabilidad extracontractual, contrato, negligencia, indemnizaci\u00f3n o de cualquier otro tipo) por cualquier p\u00e9rdida directa o indirecta de ingresos, beneficios, contratos, negocios, ahorros anticipados o cualquier otra p\u00e9rdida econ\u00f3mica, o por cualquier p\u00e9rdida especial, indirecta o consecuente.<\/p>\n\n\n\n<h3 class=\"wp-block-heading\">LEY DE CONTRATOS (DERECHOS DE TERCEROS) DE 1999<\/h3>\n\n\n\n<p>Cualquier persona que no sea parte de este contrato no tendr\u00e1 derecho bajo la Ley de Contratos (Derechos de Terceros) de 1999 para hacer cumplir cualquier t\u00e9rmino de este Acuerdo, pero esto no afecta ning\u00fan derecho o recurso de un tercero que exista o est\u00e9 disponible aparte de dicha Ley.<\/p>\n\n\n\n<h3 class=\"wp-block-heading\">FUERZA MAYOR<\/h3>\n\n\n\n<p>Quartix no ser\u00e1 responsable ante el Cliente por el incumplimiento o retraso en el cumplimiento de cualquiera de sus obligaciones bajo los presentes T\u00e9rminos o por la p\u00e9rdida o da\u00f1o de cualquier Producto debido a causas fortuitas, guerra, disturbios, conmoci\u00f3n civil, embargo, huelgas, incendios, robo, retraso en la entrega o en la provisi\u00f3n de servicios de subcontratistas o sub-proveedores, escasez de mano de obra o materiales, confiscaci\u00f3n o cualquier otro evento imprevisto (ya sea de naturaleza similar o no a los especificados) fuera del control razonable de Quartix.<\/p>\n\n\n\n<h3 class=\"wp-block-heading\">RESCINSI\u00d3N<\/h3>\n\n\n\n<p>Quartix podr\u00e1 rescindir cualquier contrato con el Cliente si \u00e9ste cometiera un incumplimiento sustancial o persistente de los presentes T\u00e9rminos y no lo subsanara en un plazo de 30 d\u00edas a partir de la notificaci\u00f3n por escrito, o con efecto inmediato si el Cliente realizara cualquier acto que pudiera poner en peligro la continuidad de los Servicios.<\/p>\n\n\n\n<h3 class=\"wp-block-heading\">CESI\u00d3N<\/h3>\n\n\n\n<p>El Cliente no podr\u00e1 ceder sus derechos u obligaciones, ni en forma parcial o total, a ning\u00fan tercero sin la aprobaci\u00f3n escrita de Quartix.<\/p>\n\n\n\n<h3 class=\"wp-block-heading\">LEY APLICABLE Y JURISDICCI\u00d3N<\/h3>\n\n\n\n<p>El presente Acuerdo y los presentes T\u00e9rminos se interpretar\u00e1n de acuerdo con la ley inglesa y estar\u00e1n sujetos a la jurisdicci\u00f3n exclusiva de los tribunales de Inglaterra y Gales. El cliente por la presente acepta la jurisdicci\u00f3n de la Corte del Condado de Powys para la resoluci\u00f3n de cualquier disputa.<\/p>\n\n\n\n<h3 class=\"wp-block-heading\">PROTECCI\u00d3N DE DATOS<\/h3>\n\n\n\n<p>Las condiciones de tratamiento de datos de Quartix, que abarcan el tratamiento de datos personales por parte de Quartix, forman parte de las presentes Condiciones de venta y est\u00e1n disponibles en&nbsp;<u><a href=\"\/es-es\/terminos-de-procesamiento-de-datos\/\">T\u00e9rminos de procesamiento de datos de Quartix<\/a><\/u>&nbsp;o a petici\u00f3n.&nbsp;Estas condiciones se aplicar\u00e1n con exclusi\u00f3n de cualquier otra condici\u00f3n relacionada con el tratamiento de datos personales.<\/p>\n\n\n\n<h3 class=\"wp-block-heading\">IDIOMA<\/h3>\n\n\n\n<p>En caso de que alguna parte de los presentes T\u00e9rminos sea traducida a otro idioma que no sea el ingl\u00e9s, esto se har\u00e1 de buena fe y s\u00f3lo con fines aclaratorios.&nbsp; En la medida en que el significado de estos t\u00e9rminos en la versi\u00f3n traducida difiera del de la versi\u00f3n en ingl\u00e9s, la versi\u00f3n en ingl\u00e9s ser\u00e1 la versi\u00f3n en la que se basar\u00e1 y tendr\u00e1 prioridad en todos los casos. Por favor, consulte <a href=\"\/en-gb\/terms-conditions\/\">www.quartix.com\/en-gb\/terms-conditions\/<\/a> para acceder a la versi\u00f3n en ingl\u00e9s.<\/p>\n\n\n\n<p class=\"has-text-align-center\">Version 1&nbsp; &nbsp;&#8211;&nbsp; &nbsp;28\/03\/2019<\/p>\n","protected":false},"excerpt":{"rendered":"<p>T\u00c9RMINOS Y CONDICIONES DE VENTA DE QUARTIX LTD. T\u00c9RMINOS GENERALES Todos los contratos de venta o alquiler de productos y\/o suministro de servicios realizados por Quartix Ltd (&#8220;Quartix&#8221;) (registrada en Inglaterra y Gales bajo el n\u00famero 4159907) incorporar\u00e1n los presentes T\u00e9rminos y Condiciones de Venta (los &#8220;T\u00e9rminos&#8221;), que prevalecer\u00e1n sobre cualquier otro documento o comunicaci\u00f3n [&hellip;]<\/p>\n","protected":false},"author":12,"featured_media":0,"parent":0,"menu_order":0,"comment_status":"closed","ping_status":"closed","template":"templates\/terms-and-conditions.php","meta":{"_acf_changed":false,"inline_featured_image":false,"footnotes":""},"topic":[],"qtx_campaign":[],"class_list":["post-76295","page","type-page","status-publish","hentry"],"acf":[],"yoast_head":"<!-- This site is optimized with the Yoast SEO Premium plugin v27.3 (Yoast SEO v27.3) - https:\/\/yoast.com\/product\/yoast-seo-premium-wordpress\/ -->\n<title>T\u00e9rminos y condiciones - ES<\/title>\n<meta name=\"description\" content=\"T\u00e9rminos y condiciones de Quartix Inc. Todos los contratos, pedidos, facturas, estimaciones, cotizaciones o confirmaciones en relaci\u00f3n con la venta, uso, utilizaci\u00f3n...\" \/>\n<meta name=\"robots\" content=\"noindex, nofollow\" \/>\n<meta property=\"og:locale\" content=\"es_ES\" \/>\n<meta property=\"og:type\" content=\"article\" \/>\n<meta property=\"og:title\" content=\"T\u00e9rminos y condiciones v1\" \/>\n<meta property=\"og:description\" content=\"T\u00e9rminos y condiciones de Quartix Inc. Todos los contratos, pedidos, facturas, estimaciones, cotizaciones o confirmaciones en relaci\u00f3n con la venta, uso, utilizaci\u00f3n...\" \/>\n<meta property=\"og:url\" content=\"https:\/\/www.quartix.com\/es-es\/terminos-y-condiciones-v1\/\" \/>\n<meta property=\"og:site_name\" content=\"Quartix\" \/>\n<meta property=\"article:publisher\" content=\"https:\/\/www.facebook.com\/Quartix-USA-374426386097401\/\" \/>\n<meta property=\"article:modified_time\" content=\"2023-11-27T17:21:14+00:00\" \/>\n<meta name=\"twitter:card\" content=\"summary_large_image\" \/>\n<meta name=\"twitter:site\" content=\"@QuartixUSA\" \/>\n<meta name=\"twitter:label1\" content=\"Est. reading time\" \/>\n\t<meta name=\"twitter:data1\" content=\"10 minutes\" \/>\n<!-- \/ Yoast SEO Premium plugin. -->","yoast_head_json":{"title":"T\u00e9rminos y condiciones - ES","description":"T\u00e9rminos y condiciones de Quartix Inc. Todos los contratos, pedidos, facturas, estimaciones, cotizaciones o confirmaciones en relaci\u00f3n con la venta, uso, utilizaci\u00f3n...","robots":{"index":"noindex","follow":"nofollow"},"og_locale":"es_ES","og_type":"article","og_title":"T\u00e9rminos y condiciones v1","og_description":"T\u00e9rminos y condiciones de Quartix Inc. Todos los contratos, pedidos, facturas, estimaciones, cotizaciones o confirmaciones en relaci\u00f3n con la venta, uso, utilizaci\u00f3n...","og_url":"https:\/\/www.quartix.com\/es-es\/terminos-y-condiciones-v1\/","og_site_name":"Quartix","article_publisher":"https:\/\/www.facebook.com\/Quartix-USA-374426386097401\/","article_modified_time":"2023-11-27T17:21:14+00:00","twitter_card":"summary_large_image","twitter_site":"@QuartixUSA","twitter_misc":{"Est. reading time":"10 minutes"},"schema":{"@context":"https:\/\/schema.org","@graph":[{"@type":"WebPage","@id":"https:\/\/www.quartix.com\/es-es\/terminos-y-condiciones-v1\/","url":"https:\/\/www.quartix.com\/es-es\/terminos-y-condiciones-v1\/","name":"T\u00e9rminos y condiciones","isPartOf":{"@id":"https:\/\/www.quartix.com\/es-es\/#website"},"datePublished":"2022-07-05T13:58:18+00:00","dateModified":"2023-11-27T17:21:14+00:00","description":"T\u00e9rminos y condiciones de Quartix Inc. Todos los contratos, pedidos, facturas, estimaciones, cotizaciones o confirmaciones en relaci\u00f3n con la venta, uso, utilizaci\u00f3n...","breadcrumb":{"@id":"https:\/\/www.quartix.com\/es-es\/terminos-y-condiciones-v1\/#breadcrumb"},"inLanguage":"es-ES","potentialAction":[{"@type":"ReadAction","target":["https:\/\/www.quartix.com\/es-es\/terminos-y-condiciones-v1\/"]}]},{"@type":"BreadcrumbList","@id":"https:\/\/www.quartix.com\/es-es\/terminos-y-condiciones-v1\/#breadcrumb","itemListElement":[{"@type":"ListItem","position":1,"name":"Inicio","item":"https:\/\/www.quartix.com\/es-es\/quartix-localizacion-de-vehiculos-en-tiempo-real\/"},{"@type":"ListItem","position":2,"name":"T\u00e9rminos y condiciones v1"}]},{"@type":"WebSite","@id":"https:\/\/www.quartix.com\/es-es\/#website","url":"https:\/\/www.quartix.com\/es-es\/","name":"Quartix","description":"Real-time vehicle tracking","publisher":{"@id":"https:\/\/www.quartix.com\/es-es\/#organization"},"potentialAction":[{"@type":"SearchAction","target":{"@type":"EntryPoint","urlTemplate":"https:\/\/www.quartix.com\/es-es\/?s={search_term_string}"},"query-input":{"@type":"PropertyValueSpecification","valueRequired":true,"valueName":"search_term_string"}}],"inLanguage":"es-ES"},{"@type":"Organization","@id":"https:\/\/www.quartix.com\/es-es\/#organization","name":"Quartix","url":"https:\/\/www.quartix.com\/es-es\/","logo":{"@type":"ImageObject","inLanguage":"es-ES","@id":"https:\/\/www.quartix.com\/es-es\/#\/schema\/logo\/image\/","url":"https:\/\/www.quartix.com\/content\/uploads\/2019\/02\/quartix-logo-eur.svg","contentUrl":"https:\/\/www.quartix.com\/content\/uploads\/2019\/02\/quartix-logo-eur.svg","width":1,"height":1,"caption":"Quartix"},"image":{"@id":"https:\/\/www.quartix.com\/es-es\/#\/schema\/logo\/image\/"},"sameAs":["https:\/\/www.facebook.com\/Quartix-USA-374426386097401\/","https:\/\/x.com\/QuartixUSA","https:\/\/www.linkedin.com\/company\/5346733\/","https:\/\/www.youtube.com\/channel\/UCzS-_GMfHF4kWiCheyIRrAQ"]}]}},"_links":{"self":[{"href":"https:\/\/www.quartix.com\/es-es\/wp-json\/wp\/v2\/pages\/76295","targetHints":{"allow":["GET"]}}],"collection":[{"href":"https:\/\/www.quartix.com\/es-es\/wp-json\/wp\/v2\/pages"}],"about":[{"href":"https:\/\/www.quartix.com\/es-es\/wp-json\/wp\/v2\/types\/page"}],"author":[{"embeddable":true,"href":"https:\/\/www.quartix.com\/es-es\/wp-json\/wp\/v2\/users\/12"}],"replies":[{"embeddable":true,"href":"https:\/\/www.quartix.com\/es-es\/wp-json\/wp\/v2\/comments?post=76295"}],"version-history":[{"count":0,"href":"https:\/\/www.quartix.com\/es-es\/wp-json\/wp\/v2\/pages\/76295\/revisions"}],"wp:attachment":[{"href":"https:\/\/www.quartix.com\/es-es\/wp-json\/wp\/v2\/media?parent=76295"}],"wp:term":[{"taxonomy":"topic","embeddable":true,"href":"https:\/\/www.quartix.com\/es-es\/wp-json\/wp\/v2\/topic?post=76295"},{"taxonomy":"qtx_campaign","embeddable":true,"href":"https:\/\/www.quartix.com\/es-es\/wp-json\/wp\/v2\/qtx_campaign?post=76295"}],"curies":[{"name":"wp","href":"https:\/\/api.w.org\/{rel}","templated":true}]}}