{"id":82137,"date":"2022-10-27T16:50:58","date_gmt":"2022-10-27T15:50:58","guid":{"rendered":" https:\/\/www.quartix.com\/?page_id=82137"},"modified":"2022-10-28T12:25:14","modified_gmt":"2022-10-28T11:25:14","slug":"contenido-exitoso-control-vehiculos-a-distancia","status":"publish","type":"page","link":"https:\/\/www.quartix.com\/es-es\/contenido-exitoso-control-vehiculos-a-distancia\/","title":{"rendered":"Control de tus veh\u00edculos a distancia exitosa"},"content":{"rendered":"\n<p class=\"has-text-align-center\">Descarga la gu\u00eda en el siguiente enlace<\/p>\n\n\n\n<p class=\"has-text-align-center\"><a href=\"https:\/\/go.marketing.quartix.com\/l\/375002\/2022-10-27\/6pscnt\/375002\/1666885772U8Hzt7nk\/Control_de_tus_veh__culos_a_distancia_Guide.pdf\">Descarga el PDF<\/a><\/p>\n\n\n\n<p class=\"has-text-align-center\">Mientras tanto, aqu\u00ed tienes algunos enlaces \u00fatiles que te ayudar\u00e1n a saber m\u00e1s sobre el sistema Quartix:<\/p>\n\n\n\n<p class=\"has-text-align-center\"><a href=\" https:\/\/www.quartix.com\/es-es\/mas-informacion\/estudios-de-caso\/\" target=\"_blank\" rel=\"noopener\">Testimonios de clientes<\/a><\/p>\n\n\n\n<p class=\"has-text-align-center\"><a href=\" https:\/\/www.quartix.com\/es-es\/mas-informacion\/videos-tutoriales\/\" target=\"_blank\" rel=\"noopener\">V\u00eddeos tutoriales<\/a><\/p>\n\n\n\n<p class=\"has-text-align-center\"><a href=\" https:\/\/www.quartix.com\/es-es\/mas-informacion\/guias\/\" target=\"_blank\" rel=\"noopener\">E-books y gu\u00edas<\/a><\/p>\n\n\n\r\n<div  class=\"qtx-pagebuilder-section qtx-pagebuilder-section-thankyouicons tiles\">\r\n\t\t\t<div class=\"tile\">\r\n\t\t\t<div class=\"icon\"><img decoding=\"async\" src=\"https:\/\/www.quartix.com\/content\/uploads\/2021\/06\/save-euro.svg\" title=\"Ahorra\"\/><\/div>\r\n\t\t\t<div class=\"title\"><h3>Ahorra<\/h3><\/div>\r\n\t\t\t<div class=\"text\"><p>Ahorra en combustible y mantenimiento del veh\u00edculo<\/p><\/div>\r\n\t\t<\/div>\r\n\t\t\t\t<div class=\"tile\">\r\n\t\t\t<div class=\"icon\"><img decoding=\"async\" src=\"https:\/\/www.quartix.com\/content\/uploads\/2021\/05\/FR-protection-300x300.png\" title=\"Protege\"\/><\/div>\r\n\t\t\t<div class=\"title\"><h3>Protege<\/h3><\/div>\r\n\t\t\t<div class=\"text\"><p>Protege la reputaci\u00f3n de tu personal y de la empresa<\/p><\/div>\r\n\t\t<\/div>\r\n\t\t\t\t<div class=\"tile\">\r\n\t\t\t<div class=\"icon\"><img decoding=\"async\" src=\"https:\/\/www.quartix.com\/content\/uploads\/2020\/06\/graph-image-300x300.png\" title=\"Crece\"\/><\/div>\r\n\t\t\t<div class=\"title\"><h3>Crece<\/h3><\/div>\r\n\t\t\t<div class=\"text\"><p>Aumenta la productividad y haz crecer tu empresa<\/p><\/div>\r\n\t\t<\/div>\r\n\t<\/div>","protected":false},"excerpt":{"rendered":"<p>Descarga la gu\u00eda en el siguiente enlace Descarga el PDF Mientras tanto, aqu\u00ed tienes algunos enlaces \u00fatiles que te ayudar\u00e1n a saber m\u00e1s sobre el sistema Quartix: Testimonios de clientes V\u00eddeos tutoriales E-books y gu\u00edas<\/p>\n","protected":false},"author":12,"featured_media":0,"parent":0,"menu_order":9000,"comment_status":"closed","ping_status":"closed","template":"","meta":{"_acf_changed":false,"inline_featured_image":false,"footnotes":""},"topic":[],"qtx_campaign":[],"class_list":["post-82137","page","type-page","status-publish","hentry"],"acf":[],"yoast_head":"<!-- This site is optimized with the Yoast SEO Premium plugin v27.3 (Yoast SEO v27.3) - https:\/\/yoast.com\/product\/yoast-seo-premium-wordpress\/ -->\n<title>Control de tus veh\u00edculos a distancia exitosa - ES<\/title>\n<meta name=\"robots\" content=\"noindex, nofollow\" \/>\n<meta property=\"og:locale\" content=\"es_ES\" \/>\n<meta property=\"og:type\" content=\"article\" \/>\n<meta property=\"og:title\" content=\"Control de tus veh\u00edculos a distancia exitosa\" \/>\n<meta property=\"og:description\" content=\"Descarga la gu\u00eda en el siguiente enlace Descarga el PDF Mientras tanto, aqu\u00ed tienes algunos enlaces \u00fatiles que te ayudar\u00e1n a saber m\u00e1s sobre el sistema Quartix: Testimonios de clientes V\u00eddeos tutoriales E-books y gu\u00edas\" \/>\n<meta property=\"og:url\" content=\"https:\/\/www.quartix.com\/es-es\/contenido-exitoso-control-vehiculos-a-distancia\/\" \/>\n<meta property=\"og:site_name\" content=\"Quartix\" \/>\n<meta property=\"article:publisher\" content=\"https:\/\/www.facebook.com\/Quartix-USA-374426386097401\/\" \/>\n<meta property=\"article:modified_time\" content=\"2022-10-28T11:25:14+00:00\" \/>\n<meta name=\"twitter:card\" content=\"summary_large_image\" \/>\n<meta name=\"twitter:site\" content=\"@QuartixUSA\" \/>\n<!-- \/ Yoast SEO Premium plugin. -->","yoast_head_json":{"title":"Control de tus veh\u00edculos a distancia exitosa - ES","robots":{"index":"noindex","follow":"nofollow"},"og_locale":"es_ES","og_type":"article","og_title":"Control de tus veh\u00edculos a distancia exitosa","og_description":"Descarga la gu\u00eda en el siguiente enlace Descarga el PDF Mientras tanto, aqu\u00ed tienes algunos enlaces \u00fatiles que te ayudar\u00e1n a saber m\u00e1s sobre el sistema Quartix: Testimonios de clientes V\u00eddeos tutoriales E-books y gu\u00edas","og_url":"https:\/\/www.quartix.com\/es-es\/contenido-exitoso-control-vehiculos-a-distancia\/","og_site_name":"Quartix","article_publisher":"https:\/\/www.facebook.com\/Quartix-USA-374426386097401\/","article_modified_time":"2022-10-28T11:25:14+00:00","twitter_card":"summary_large_image","twitter_site":"@QuartixUSA","schema":{"@context":"https:\/\/schema.org","@graph":[{"@type":"WebPage","@id":"https:\/\/www.quartix.com\/es-es\/contenido-exitoso-control-vehiculos-a-distancia\/","url":"https:\/\/www.quartix.com\/es-es\/contenido-exitoso-control-vehiculos-a-distancia\/","name":"Control de tus veh\u00edculos a distancia exitosa","isPartOf":{"@id":"https:\/\/www.quartix.com\/es-es\/#website"},"datePublished":"2022-10-27T15:50:58+00:00","dateModified":"2022-10-28T11:25:14+00:00","breadcrumb":{"@id":"https:\/\/www.quartix.com\/es-es\/contenido-exitoso-control-vehiculos-a-distancia\/#breadcrumb"},"inLanguage":"es-ES","potentialAction":[{"@type":"ReadAction","target":["https:\/\/www.quartix.com\/es-es\/contenido-exitoso-control-vehiculos-a-distancia\/"]}]},{"@type":"BreadcrumbList","@id":"https:\/\/www.quartix.com\/es-es\/contenido-exitoso-control-vehiculos-a-distancia\/#breadcrumb","itemListElement":[{"@type":"ListItem","position":1,"name":"Inicio","item":"https:\/\/www.quartix.com\/es-es\/quartix-localizacion-de-vehiculos-en-tiempo-real\/"},{"@type":"ListItem","position":2,"name":"Control de tus veh\u00edculos a distancia exitosa"}]},{"@type":"WebSite","@id":"https:\/\/www.quartix.com\/es-es\/#website","url":"https:\/\/www.quartix.com\/es-es\/","name":"Quartix","description":"Real-time vehicle tracking","publisher":{"@id":"https:\/\/www.quartix.com\/es-es\/#organization"},"potentialAction":[{"@type":"SearchAction","target":{"@type":"EntryPoint","urlTemplate":"https:\/\/www.quartix.com\/es-es\/?s={search_term_string}"},"query-input":{"@type":"PropertyValueSpecification","valueRequired":true,"valueName":"search_term_string"}}],"inLanguage":"es-ES"},{"@type":"Organization","@id":"https:\/\/www.quartix.com\/es-es\/#organization","name":"Quartix","url":"https:\/\/www.quartix.com\/es-es\/","logo":{"@type":"ImageObject","inLanguage":"es-ES","@id":"https:\/\/www.quartix.com\/es-es\/#\/schema\/logo\/image\/","url":"https:\/\/www.quartix.com\/content\/uploads\/2019\/02\/quartix-logo-eur.svg","contentUrl":"https:\/\/www.quartix.com\/content\/uploads\/2019\/02\/quartix-logo-eur.svg","width":1,"height":1,"caption":"Quartix"},"image":{"@id":"https:\/\/www.quartix.com\/es-es\/#\/schema\/logo\/image\/"},"sameAs":["https:\/\/www.facebook.com\/Quartix-USA-374426386097401\/","https:\/\/x.com\/QuartixUSA","https:\/\/www.linkedin.com\/company\/5346733\/","https:\/\/www.youtube.com\/channel\/UCzS-_GMfHF4kWiCheyIRrAQ"]}]}},"_links":{"self":[{"href":"https:\/\/www.quartix.com\/es-es\/wp-json\/wp\/v2\/pages\/82137","targetHints":{"allow":["GET"]}}],"collection":[{"href":"https:\/\/www.quartix.com\/es-es\/wp-json\/wp\/v2\/pages"}],"about":[{"href":"https:\/\/www.quartix.com\/es-es\/wp-json\/wp\/v2\/types\/page"}],"author":[{"embeddable":true,"href":"https:\/\/www.quartix.com\/es-es\/wp-json\/wp\/v2\/users\/12"}],"replies":[{"embeddable":true,"href":"https:\/\/www.quartix.com\/es-es\/wp-json\/wp\/v2\/comments?post=82137"}],"version-history":[{"count":0,"href":"https:\/\/www.quartix.com\/es-es\/wp-json\/wp\/v2\/pages\/82137\/revisions"}],"wp:attachment":[{"href":"https:\/\/www.quartix.com\/es-es\/wp-json\/wp\/v2\/media?parent=82137"}],"wp:term":[{"taxonomy":"topic","embeddable":true,"href":"https:\/\/www.quartix.com\/es-es\/wp-json\/wp\/v2\/topic?post=82137"},{"taxonomy":"qtx_campaign","embeddable":true,"href":"https:\/\/www.quartix.com\/es-es\/wp-json\/wp\/v2\/qtx_campaign?post=82137"}],"curies":[{"name":"wp","href":"https:\/\/api.w.org\/{rel}","templated":true}]}}