{"id":97733,"date":"2024-02-01T10:28:08","date_gmt":"2024-02-01T09:28:08","guid":{"rendered":" https:\/\/www.quartix.com\/?page_id=97733"},"modified":"2024-02-02T14:23:25","modified_gmt":"2024-02-02T13:23:25","slug":"el-socio-de-confianza-de-tu-flota","status":"publish","type":"page","link":"https:\/\/www.quartix.com\/es-es\/el-socio-de-confianza-de-tu-flota\/","title":{"rendered":"El socio de confianza de tu flota"},"content":{"rendered":"\r\n<div   class=\"hero-block bighero\">\r\n    <img loading=\"lazy\" decoding=\"async\" width=\"1284\" height=\"358\" src=\"https:\/\/www.quartix.com\/content\/uploads\/2023\/12\/Vans-with-sunset-banner-resized-2-2.png\" class=\"\" alt=\"Van tracking\" \/>                <div class=\"hero-overlay\"><\/div>\r\n            \r\n\r\n\r\n    <div class=\"hero-content \">\r\n        <div class=\"inner limited-width\">\r\n                                                <h1 class=\"title\">Por qu\u00e9 las empresas eligen Quartix para el seguimiento de sus flotas<\/h1>\r\n                                <p class=\"text\">Quartix prioriza las necesidades de tu negocio con nuestro servicio inigualable de seguimiento de veh\u00edculos y gesti\u00f3n de flotas.<\/p>                                        <div class=\"buttons\">\r\n                    <a href=\"#form\" class=\"btn btn-green btn-inline\" target=\"_blank\" title=\"Comparar precios\">Comparar precios<\/a>\r\n                <\/div>\r\n                    <\/div>\r\n    <\/div>\r\n<\/div>\n\n                <h2 style=\"text-align:center; margin-bottom: 0;\">Recomendado por m\u00e1s de 25.000 gestores de flotas de todo el mundo<\/h2>\r\n            <section  class=\"qtx-pagebuilder-section qtx-pagebuilder-section-slick slider1109782545\">\r\n                            <div class=\"slide\">\r\n                                <img loading=\"lazy\" decoding=\"async\" width=\"212\" height=\"300\" src=\"https:\/\/www.quartix.com\/content\/uploads\/2023\/10\/SOLCAR-ALICANTE-logo-gris-1-706x1000-1-212x300.png\" class=\"\" alt=\"SOLCAR-ALICANTE-logo-gris-1-706x1000\" srcset=\"https:\/\/www.quartix.com\/content\/uploads\/2023\/10\/SOLCAR-ALICANTE-logo-gris-1-706x1000-1-212x300.png 212w, https:\/\/www.quartix.com\/content\/uploads\/2023\/10\/SOLCAR-ALICANTE-logo-gris-1-706x1000-1.png 706w\" sizes=\"auto, (max-width: 212px) 100vw, 212px\" \/>  \r\n            <\/div>\r\n                    <div class=\"slide\">\r\n                                <img loading=\"lazy\" decoding=\"async\" width=\"300\" height=\"67\" src=\"https:\/\/www.quartix.com\/content\/uploads\/2024\/02\/Autocares_Vinuela2.png\" class=\"\" alt=\"\" \/>  \r\n            <\/div>\r\n                    <div class=\"slide\">\r\n                                <img loading=\"lazy\" decoding=\"async\" width=\"300\" height=\"53\" src=\"https:\/\/www.quartix.com\/content\/uploads\/2022\/06\/logo_Taxis_Baena-300x53.jpg\" class=\"\" alt=\"\" srcset=\"https:\/\/www.quartix.com\/content\/uploads\/2022\/06\/logo_Taxis_Baena-300x53.jpg 300w, https:\/\/www.quartix.com\/content\/uploads\/2022\/06\/logo_Taxis_Baena-1000x177.jpg 1000w, https:\/\/www.quartix.com\/content\/uploads\/2022\/06\/logo_Taxis_Baena-768x136.jpg 768w, https:\/\/www.quartix.com\/content\/uploads\/2022\/06\/logo_Taxis_Baena.jpg 1131w\" sizes=\"auto, (max-width: 300px) 100vw, 300px\" \/>  \r\n            <\/div>\r\n            <\/section>\r\n\r\n<script nonce=\"\" nonce=\"\">\r\n    jQuery(function($) {\r\n        $( document ).ready(function(){\r\n            $('.qtx-pagebuilder-section-slick.slider1109782545').slick({\r\n                arrows: true,\r\n                dots: false,\r\n                slidesToShow: 4,\r\n                slidesToScroll: 1,\r\n                responsive: [\r\n                    {\r\n                    breakpoint: 1024,\r\n                    settings: {\r\n                        slidesToShow: 2,\r\n                        }\r\n                    },\r\n                    {\r\n                    breakpoint: 768,\r\n                    settings: {\r\n                        slidesToShow: 1,\r\n                        } \r\n                    },\r\n                ]\r\n            });\r\n        });\r\n    });\r\n<\/script>\r\n\n\n\r\n<div   class=\"hero-block smallhero\">\r\n    <img loading=\"lazy\" decoding=\"async\" width=\"1920\" height=\"500\" src=\"https:\/\/www.quartix.com\/content\/uploads\/2023\/12\/banner-background.png\" class=\"\" alt=\"\" \/>                <div class=\"hero-overlay\"><\/div>\r\n            \r\n\r\n\r\n    <div class=\"hero-content \">\r\n        <div class=\"inner\">\r\n                            <p class=\"title stylelikeh3\">&#8220;He revisado pr\u00e1cticamente todos los sistemas de gesti\u00f3n de flotas disponibles. Quartix no solo nos permitir\u00eda ahorrar dinero, sino que su sistema result\u00f3 ser la elecci\u00f3n perfecta para las necesidades de nuestro negocio.&#8221;\r\n\r\n\r\n\r\n\r\n<\/p>                <div class=\"author\"><p>Justin Toole, Gestor de Flotas, M&amp;Y Mantenimiento y Construcci\u00f3n<\/p>\n<\/div>                                        <div class=\"buttons\">\r\n                    <a href=\"#form\" class=\"btn btn-green btn-inline\"  title=\"Cont\u00e1ctanos\">Cont\u00e1ctanos<\/a>\r\n                <\/div>\r\n                    <\/div>\r\n    <\/div>\r\n<\/div>\n\n\n<div class=\"wp-block-columns is-layout-flex wp-container-core-columns-is-layout-28f84493 wp-block-columns-is-layout-flex\">\n<div class=\"wp-block-column is-layout-flow wp-block-column-is-layout-flow\">\n<h2 class=\"wp-block-heading\">Los mejores niveles de atenci\u00f3n al cliente. Contratos sin sorpresas <\/h2>\n\n\n\n<p>Con Quartix, tendr\u00e1s el control absoluto de tu suscripci\u00f3n de seguimiento. Nuestros contratos NO se renuevan autom\u00e1ticamente y el coste total siempre se indica claramente antes de la compra. <\/p>\n\n\n\n<p>Experimenta una atenci\u00f3n al cliente inigualable con nuestro equipo especializado, siempre dispuesto a ayudarte. Explora nuestras rese\u00f1as y premios para comprobarlo.<\/p>\n\n\n\n<div style=\"height:40px\" aria-hidden=\"true\" class=\"wp-block-spacer\"><\/div>\n\n\n\r\n    <p class=\"iconandlink after left\">\r\n        <a href=\"#form\" title=\"Cont\u00e1ctanos\" >\r\n                        Cont\u00e1ctanos            <i aria-hidden=\"true\" class=\"far fa-arrow-alt-circle-right\"><\/i>        <\/a>\r\n    <\/p>\r\n    <\/div>\n\n\n\n<div class=\"wp-block-column is-layout-flow wp-block-column-is-layout-flow\">\n<figure class=\"wp-block-image aligncenter size-full is-resized\"><img loading=\"lazy\" decoding=\"async\" width=\"500\" height=\"500\" src=\" https:\/\/www.quartix.com\/content\/uploads\/2023\/12\/1.png\" alt=\"\" class=\"wp-image-95863\" style=\"width:400px\"\/><\/figure>\n<\/div>\n<\/div>\n\n\n\n<div class=\"wp-block-columns is-layout-flex wp-container-core-columns-is-layout-28f84493 wp-block-columns-is-layout-flex\">\n<div class=\"wp-block-column is-layout-flow wp-block-column-is-layout-flow\">\n<figure class=\"wp-block-image size-full is-resized\"><img loading=\"lazy\" decoding=\"async\" width=\"500\" height=\"500\" src=\" https:\/\/www.quartix.com\/content\/uploads\/2023\/12\/2.png\" alt=\"\" class=\"wp-image-95874\" style=\"width:400px\"\/><\/figure>\n<\/div>\n\n\n\n<div class=\"wp-block-column is-layout-flow wp-block-column-is-layout-flow\">\n<h2 class=\"wp-block-heading\">Servicio fiable y r\u00e1pido. Opciones flexibles de seguimiento de veh\u00edculos<\/h2>\n\n\n\n<p>Quartix ha estado proporcionando soluciones de seguimiento de flotas durante m\u00e1s de 23 a\u00f1os. Somos una opci\u00f3n estable, s\u00f3lida y estamos aqu\u00ed para quedarnos.<\/p>\n\n\n\n<p>Elije el dispositivo de seguimiento que mejor se integre en tu flota. Aprovecha las ventajas de la entrega al d\u00eda siguiente para los dispositivos autoinstalables y programa las instalaciones cableadas en un plazo de 3 a 5 d\u00edas tras realizar el pedido. <\/p>\n\n\n\n<p>Nuestro compromiso es garantizar que todos los pasos de su experiencia sean \u00e1giles y se realicen f\u00e1cilmente.<\/p>\n\n\n\n<div style=\"height:40px\" aria-hidden=\"true\" class=\"wp-block-spacer\"><\/div>\n\n\n\r\n    <p class=\"iconandlink after left\">\r\n        <a href=\"#form\" title=\"Cont\u00e1ctanos\" >\r\n                        Cont\u00e1ctanos            <i aria-hidden=\"true\" class=\"far fa-arrow-alt-circle-right\"><\/i>        <\/a>\r\n    <\/p>\r\n    <\/div>\n<\/div>\n\n\n\r\n<div   class=\"hero-block smallhero\">\r\n    <img loading=\"lazy\" decoding=\"async\" width=\"1080\" height=\"365\" src=\"https:\/\/www.quartix.com\/content\/uploads\/2021\/05\/van-image-on-road.png\" class=\"\" alt=\"\" srcset=\"https:\/\/www.quartix.com\/content\/uploads\/2021\/05\/van-image-on-road.png 1080w, https:\/\/www.quartix.com\/content\/uploads\/2021\/05\/van-image-on-road-300x101.png 300w, https:\/\/www.quartix.com\/content\/uploads\/2021\/05\/van-image-on-road-1000x338.png 1000w, https:\/\/www.quartix.com\/content\/uploads\/2021\/05\/van-image-on-road-768x260.png 768w\" sizes=\"auto, (max-width: 1080px) 100vw, 1080px\" \/>                <div class=\"hero-overlay\"><\/div>\r\n            \r\n\r\n\r\n    <div class=\"hero-content \">\r\n        <div class=\"inner\">\r\n                            <p class=\"title stylelikeh3\">Una plataforma de gesti\u00f3n de flotas f\u00e1cil de usar. Experimenta nuestro servicio al cliente, respaldado por un equipo comprometido y profesional.<\/p>                                                <\/div>\r\n    <\/div>\r\n<\/div>\n\n\n<div class=\"wp-block-columns is-layout-flex wp-container-core-columns-is-layout-28f84493 wp-block-columns-is-layout-flex\">\n<div class=\"wp-block-column is-layout-flow wp-block-column-is-layout-flow\">\n<h2 class=\"wp-block-heading\" id=\"form\">\u00bfListo para optimizar tu flota? Ponte en contacto con nosotros y descubre c\u00f3mo podemos ayudarte.<\/h2>\n\n\n\n<p>Deja tus datos a continuaci\u00f3n y nuestro equipo se pondr\u00e1 en contacto contigo para discutir un presupuesto personalizado que se adapte a tu flota.<\/p>\n\n\n\n<div class=\"wpcf7 no-js\" id=\"wpcf7-f73729-o1\" lang=\"es-ES\" dir=\"ltr\" data-wpcf7-id=\"73729\">\n<div class=\"screen-reader-response\"><p role=\"status\" aria-live=\"polite\" aria-atomic=\"true\"><\/p> <ul><\/ul><\/div>\n<form action=\"\/es-es\/wp-json\/wp\/v2\/pages\/97733#wpcf7-f73729-o1\" method=\"post\" class=\"wpcf7-form init\" aria-label=\"Contact form\" novalidate=\"novalidate\" data-status=\"init\">\n<fieldset class=\"hidden-fields-container\"><input type=\"hidden\" name=\"_wpcf7\" value=\"73729\" \/><input type=\"hidden\" name=\"_wpcf7_version\" value=\"6.1.5\" \/><input type=\"hidden\" name=\"_wpcf7_locale\" value=\"es_ES\" \/><input type=\"hidden\" name=\"_wpcf7_unit_tag\" value=\"wpcf7-f73729-o1\" \/><input type=\"hidden\" name=\"_wpcf7_container_post\" value=\"0\" \/><input type=\"hidden\" name=\"_wpcf7_posted_data_hash\" value=\"\" \/><input type=\"hidden\" name=\"_wpcf7cf_hidden_group_fields\" value=\"[]\" \/><input type=\"hidden\" name=\"_wpcf7cf_hidden_groups\" value=\"[]\" \/><input type=\"hidden\" name=\"_wpcf7cf_visible_groups\" value=\"[]\" \/><input type=\"hidden\" name=\"_wpcf7cf_repeaters\" value=\"[]\" \/><input type=\"hidden\" name=\"_wpcf7cf_steps\" value=\"{}\" \/><input type=\"hidden\" name=\"_wpcf7cf_options\" value=\"{&quot;form_id&quot;:73729,&quot;conditions&quot;:[],&quot;settings&quot;:{&quot;animation&quot;:&quot;yes&quot;,&quot;animation_intime&quot;:200,&quot;animation_outtime&quot;:200,&quot;conditions_ui&quot;:&quot;normal&quot;,&quot;notice_dismissed&quot;:false,&quot;notice_dismissed_update-cf7-6.0&quot;:true,&quot;notice_dismissed_update-cf7-6.0.1&quot;:true,&quot;notice_dismissed_update-cf7-6.0.2&quot;:true,&quot;notice_dismissed_rollback-cf7-6.0.5&quot;:true}}\" \/><input type=\"hidden\" name=\"_wpcf7_recaptcha_response\" value=\"\" \/>\n<\/fieldset>\n<div class=\"input-wrapper\"><span class=\"icon icon-face\"><\/span><span class=\"wpcf7-form-control-wrap\" data-name=\"first_name\"><input size=\"40\" maxlength=\"400\" class=\"wpcf7-form-control wpcf7-text wpcf7-validates-as-required\" aria-required=\"true\" aria-invalid=\"false\" placeholder=\"Nombre *\" value=\"\" type=\"text\" name=\"first_name\" \/><\/span><span class=\"wpcf7-form-control-wrap\" data-name=\"last_name\"><input size=\"40\" maxlength=\"400\" class=\"wpcf7-form-control wpcf7-text wpcf7-validates-as-required\" aria-required=\"true\" aria-invalid=\"false\" placeholder=\"Apellido *\" value=\"\" type=\"text\" name=\"last_name\" \/><\/span><\/div>\n<div class=\"input-wrapper\"><span class=\"icon icon-envelope\"><\/span><span class=\"wpcf7-form-control-wrap\" data-name=\"email\"><input size=\"40\" maxlength=\"400\" class=\"wpcf7-form-control wpcf7-email wpcf7-validates-as-required wpcf7-text wpcf7-validates-as-email\" aria-required=\"true\" aria-invalid=\"false\" placeholder=\"Correo electr\u00f3nico *\" value=\"\" type=\"email\" name=\"email\" \/><\/span><\/div>\n<div class=\"input-wrapper\"><span class=\"icon icon-company\"><\/span><span class=\"wpcf7-form-control-wrap\" data-name=\"company\"><input size=\"40\" maxlength=\"400\" class=\"wpcf7-form-control wpcf7-text wpcf7-validates-as-required\" aria-required=\"true\" aria-invalid=\"false\" placeholder=\"Empresa *\" value=\"\" type=\"text\" name=\"company\" \/><\/span><\/div>\n<div class=\"input-wrapper\"><span class=\"icon icon-telephone\"><\/span><span class=\"wpcf7-form-control-wrap\" data-name=\"phone\"><input size=\"40\" maxlength=\"400\" class=\"wpcf7-form-control wpcf7-tel wpcf7-validates-as-required wpcf7-text wpcf7-validates-as-tel\" aria-required=\"true\" aria-invalid=\"false\" placeholder=\"Tel\u00e9fono *\" value=\"\" type=\"tel\" name=\"phone\" \/><\/span><\/div>\n<div class=\"input-wrapper\"><span class=\"icon icon-vehicles\"><\/span><span class=\"wpcf7-form-control-wrap\" data-name=\"number_of_vehicles\"><input class=\"wpcf7-form-control wpcf7-number wpcf7-validates-as-required wpcf7-validates-as-number\" min=\"1\" aria-required=\"true\" aria-invalid=\"false\" placeholder=\"N\u00famero de veh\u00edculos *\" value=\"\" type=\"number\" name=\"number_of_vehicles\" \/><\/span><\/div>\n\n<input type=\"hidden\" name=\"thankyouURL\" value=\"\/es-es\/solicitud-de-cotizacion-recibida\/\" class=\"wpcf7-form-control wpcf7-hidden\" id=\"thankyouURL\">\n<input type=\"hidden\" name=\"pardot_extra_field\" value=\"\" class=\"wpcf7-form-control wpcf7-hidden\">\n<input type=\"hidden\" name=\"page_title\" value=\"No post title\" class=\"wpcf7-form-control wpcf7-hidden\">\n<div class=\"recatpcha-text\">Este sitio est\u00e1 protegido por reCAPTCHA y se aplican la <a href=\"https:\/\/policies.google.com\/privacy?hl=es\">Pol\u00edtica de privacidad<\/a> y los <a href=\"https:\/\/policies.google.com\/terms?hl=es\">T\u00e9rminos de servicio<\/a> de Google.<\/div>\n<div class=\"input-wrapper\"><input class=\"wpcf7-form-control wpcf7-submit has-spinner icon-plane\" type=\"submit\" value=\"Obtener presupuesto\" \/><\/div><div class=\"wpcf7-response-output\" aria-hidden=\"true\"><\/div>\n<\/form>\n<\/div>\n\n\n\n\n<p>El viaje hacia una gesti\u00f3n eficiente de la flota comienza con Quartix.<\/p>\n<\/div>\n\n\n\n<div class=\"wp-block-column is-layout-flow wp-block-column-is-layout-flow\">\n<figure class=\"wp-block-image size-full\"><img loading=\"lazy\" decoding=\"async\" width=\"3041\" height=\"1735\" src=\" https:\/\/www.quartix.com\/content\/uploads\/2021\/01\/quartix_ES_screens_apps_image.png\" alt=\"\" class=\"wp-image-48677\" srcset=\"https:\/\/www.quartix.com\/content\/uploads\/2021\/01\/quartix_ES_screens_apps_image.png 3041w, https:\/\/www.quartix.com\/content\/uploads\/2021\/01\/quartix_ES_screens_apps_image-300x171.png 300w, https:\/\/www.quartix.com\/content\/uploads\/2021\/01\/quartix_ES_screens_apps_image-1000x571.png 1000w, https:\/\/www.quartix.com\/content\/uploads\/2021\/01\/quartix_ES_screens_apps_image-768x438.png 768w, https:\/\/www.quartix.com\/content\/uploads\/2021\/01\/quartix_ES_screens_apps_image-1536x876.png 1536w, https:\/\/www.quartix.com\/content\/uploads\/2021\/01\/quartix_ES_screens_apps_image-2048x1168.png 2048w\" sizes=\"auto, (max-width: 3041px) 100vw, 3041px\" \/><\/figure>\n\n\n\n<figure class=\"wp-block-image aligncenter size-full is-resized\"><img loading=\"lazy\" decoding=\"async\" width=\"496\" height=\"370\" src=\" https:\/\/www.quartix.com\/content\/uploads\/2023\/12\/trustpilot-1.png\" alt=\"\" class=\"wp-image-95991\" style=\"width:200px\"\/><\/figure>\n<\/div>\n<\/div>\n\n\n\r\n<div   class=\"hero-block smallhero\">\r\n    <img loading=\"lazy\" decoding=\"async\" width=\"1920\" height=\"684\" src=\"https:\/\/www.quartix.com\/content\/uploads\/2023\/09\/Van-fleet.png\" class=\"\" alt=\"\" srcset=\"https:\/\/www.quartix.com\/content\/uploads\/2023\/09\/Van-fleet.png 1920w, https:\/\/www.quartix.com\/content\/uploads\/2023\/09\/Van-fleet-300x107.png 300w, https:\/\/www.quartix.com\/content\/uploads\/2023\/09\/Van-fleet-1000x356.png 1000w, https:\/\/www.quartix.com\/content\/uploads\/2023\/09\/Van-fleet-768x274.png 768w, https:\/\/www.quartix.com\/content\/uploads\/2023\/09\/Van-fleet-1536x547.png 1536w\" sizes=\"auto, (max-width: 1920px) 100vw, 1920px\" \/>                <div class=\"hero-overlay\"><\/div>\r\n            \r\n\r\n\r\n    <div class=\"hero-content \">\r\n        <div class=\"inner\">\r\n                            <p class=\"title stylelikeh3\">Estamos aqu\u00ed para ayudarte. Si prefieres hablar, ll\u00e1manos ahora mismo al 900 838 747<\/p>                                                        <div class=\"buttons\">\r\n                    <a href=\"tel:900 838 747\" class=\"btn btn-green btn-inline\"  title=\"Ll\u00e1manos ahora\">Ll\u00e1manos ahora<\/a>\r\n                <\/div>\r\n                    <\/div>\r\n    <\/div>\r\n<\/div>","protected":false},"excerpt":{"rendered":"<p>Los mejores niveles de atenci\u00f3n al cliente. Contratos sin sorpresas Con Quartix, tendr\u00e1s el control absoluto de tu suscripci\u00f3n de seguimiento. Nuestros contratos NO se renuevan autom\u00e1ticamente y el coste total siempre se indica claramente antes de la compra. Experimenta una atenci\u00f3n al cliente inigualable con nuestro equipo especializado, siempre dispuesto a ayudarte. Explora nuestras [&hellip;]<\/p>\n","protected":false},"author":12,"featured_media":0,"parent":0,"menu_order":0,"comment_status":"closed","ping_status":"closed","template":"templates\/landing-pagebuilder.php","meta":{"_acf_changed":false,"inline_featured_image":false,"footnotes":""},"topic":[],"qtx_campaign":[],"class_list":["post-97733","page","type-page","status-publish","hentry"],"acf":[],"yoast_head":"<!-- This site is optimized with the Yoast SEO Premium plugin v27.3 (Yoast SEO v27.3) - https:\/\/yoast.com\/product\/yoast-seo-premium-wordpress\/ -->\n<title>El socio de confianza de tu flota | Por qu\u00e9 elegir el seguimiento de veh\u00edculos Quartix - ES<\/title>\n<meta name=\"description\" content=\"Descubre las principales razones para elegir Quartix para el seguimiento de tu flota. Contratos flexibles y un excelente servicio de atenci\u00f3n al cliente.\" \/>\n<meta name=\"robots\" content=\"index, follow, max-snippet:-1, max-image-preview:large, max-video-preview:-1\" \/>\n<link rel=\"canonical\" href=\"https:\/\/www.quartix.com\/es-es\/el-socio-de-confianza-de-tu-flota\/\" \/>\n<meta property=\"og:locale\" content=\"es_ES\" \/>\n<meta property=\"og:type\" content=\"article\" \/>\n<meta property=\"og:title\" content=\"El socio de confianza de tu flota\" \/>\n<meta property=\"og:description\" content=\"Descubre las principales razones para elegir Quartix para el seguimiento de tu flota. Contratos flexibles y un excelente servicio de atenci\u00f3n al cliente.\" \/>\n<meta property=\"og:url\" content=\"https:\/\/www.quartix.com\/es-es\/el-socio-de-confianza-de-tu-flota\/\" \/>\n<meta property=\"og:site_name\" content=\"Quartix\" \/>\n<meta property=\"article:publisher\" content=\"https:\/\/www.facebook.com\/Quartix-USA-374426386097401\/\" \/>\n<meta property=\"article:modified_time\" content=\"2024-02-02T13:23:25+00:00\" \/>\n<meta name=\"twitter:card\" content=\"summary_large_image\" \/>\n<meta name=\"twitter:site\" content=\"@QuartixUSA\" \/>\n<meta name=\"twitter:label1\" content=\"Est. reading time\" \/>\n\t<meta name=\"twitter:data1\" content=\"1 minute\" \/>\n<!-- \/ Yoast SEO Premium plugin. -->","yoast_head_json":{"title":"El socio de confianza de tu flota | Por qu\u00e9 elegir el seguimiento de veh\u00edculos Quartix - ES","description":"Descubre las principales razones para elegir Quartix para el seguimiento de tu flota. Contratos flexibles y un excelente servicio de atenci\u00f3n al cliente.","robots":{"index":"index","follow":"follow","max-snippet":"max-snippet:-1","max-image-preview":"max-image-preview:large","max-video-preview":"max-video-preview:-1"},"canonical":"https:\/\/www.quartix.com\/es-es\/el-socio-de-confianza-de-tu-flota\/","og_locale":"es_ES","og_type":"article","og_title":"El socio de confianza de tu flota","og_description":"Descubre las principales razones para elegir Quartix para el seguimiento de tu flota. Contratos flexibles y un excelente servicio de atenci\u00f3n al cliente.","og_url":"https:\/\/www.quartix.com\/es-es\/el-socio-de-confianza-de-tu-flota\/","og_site_name":"Quartix","article_publisher":"https:\/\/www.facebook.com\/Quartix-USA-374426386097401\/","article_modified_time":"2024-02-02T13:23:25+00:00","twitter_card":"summary_large_image","twitter_site":"@QuartixUSA","twitter_misc":{"Est. reading time":"1 minute"},"schema":{"@context":"https:\/\/schema.org","@graph":[{"@type":"WebPage","@id":"https:\/\/www.quartix.com\/es-es\/el-socio-de-confianza-de-tu-flota\/","url":"https:\/\/www.quartix.com\/es-es\/el-socio-de-confianza-de-tu-flota\/","name":"El socio de confianza de tu flota | Por qu\u00e9 elegir el seguimiento de veh\u00edculos Quartix","isPartOf":{"@id":"https:\/\/www.quartix.com\/es-es\/#website"},"datePublished":"2024-02-01T09:28:08+00:00","dateModified":"2024-02-02T13:23:25+00:00","description":"Descubre las principales razones para elegir Quartix para el seguimiento de tu flota. Contratos flexibles y un excelente servicio de atenci\u00f3n al cliente.","breadcrumb":{"@id":"https:\/\/www.quartix.com\/es-es\/el-socio-de-confianza-de-tu-flota\/#breadcrumb"},"inLanguage":"es-ES","potentialAction":[{"@type":"ReadAction","target":["https:\/\/www.quartix.com\/es-es\/el-socio-de-confianza-de-tu-flota\/"]}]},{"@type":"BreadcrumbList","@id":"https:\/\/www.quartix.com\/es-es\/el-socio-de-confianza-de-tu-flota\/#breadcrumb","itemListElement":[{"@type":"ListItem","position":1,"name":"Inicio","item":"https:\/\/www.quartix.com\/es-es\/quartix-localizacion-de-vehiculos-en-tiempo-real\/"},{"@type":"ListItem","position":2,"name":"El socio de confianza de tu flota"}]},{"@type":"WebSite","@id":"https:\/\/www.quartix.com\/es-es\/#website","url":"https:\/\/www.quartix.com\/es-es\/","name":"Quartix","description":"Real-time vehicle tracking","publisher":{"@id":"https:\/\/www.quartix.com\/es-es\/#organization"},"potentialAction":[{"@type":"SearchAction","target":{"@type":"EntryPoint","urlTemplate":"https:\/\/www.quartix.com\/es-es\/?s={search_term_string}"},"query-input":{"@type":"PropertyValueSpecification","valueRequired":true,"valueName":"search_term_string"}}],"inLanguage":"es-ES"},{"@type":"Organization","@id":"https:\/\/www.quartix.com\/es-es\/#organization","name":"Quartix","url":"https:\/\/www.quartix.com\/es-es\/","logo":{"@type":"ImageObject","inLanguage":"es-ES","@id":"https:\/\/www.quartix.com\/es-es\/#\/schema\/logo\/image\/","url":"https:\/\/www.quartix.com\/content\/uploads\/2019\/02\/quartix-logo-eur.svg","contentUrl":"https:\/\/www.quartix.com\/content\/uploads\/2019\/02\/quartix-logo-eur.svg","width":1,"height":1,"caption":"Quartix"},"image":{"@id":"https:\/\/www.quartix.com\/es-es\/#\/schema\/logo\/image\/"},"sameAs":["https:\/\/www.facebook.com\/Quartix-USA-374426386097401\/","https:\/\/x.com\/QuartixUSA","https:\/\/www.linkedin.com\/company\/5346733\/","https:\/\/www.youtube.com\/channel\/UCzS-_GMfHF4kWiCheyIRrAQ"]}]}},"_links":{"self":[{"href":"https:\/\/www.quartix.com\/es-es\/wp-json\/wp\/v2\/pages\/97733","targetHints":{"allow":["GET"]}}],"collection":[{"href":"https:\/\/www.quartix.com\/es-es\/wp-json\/wp\/v2\/pages"}],"about":[{"href":"https:\/\/www.quartix.com\/es-es\/wp-json\/wp\/v2\/types\/page"}],"author":[{"embeddable":true,"href":"https:\/\/www.quartix.com\/es-es\/wp-json\/wp\/v2\/users\/12"}],"replies":[{"embeddable":true,"href":"https:\/\/www.quartix.com\/es-es\/wp-json\/wp\/v2\/comments?post=97733"}],"version-history":[{"count":0,"href":"https:\/\/www.quartix.com\/es-es\/wp-json\/wp\/v2\/pages\/97733\/revisions"}],"wp:attachment":[{"href":"https:\/\/www.quartix.com\/es-es\/wp-json\/wp\/v2\/media?parent=97733"}],"wp:term":[{"taxonomy":"topic","embeddable":true,"href":"https:\/\/www.quartix.com\/es-es\/wp-json\/wp\/v2\/topic?post=97733"},{"taxonomy":"qtx_campaign","embeddable":true,"href":"https:\/\/www.quartix.com\/es-es\/wp-json\/wp\/v2\/qtx_campaign?post=97733"}],"curies":[{"name":"wp","href":"https:\/\/api.w.org\/{rel}","templated":true}]}}