{"id":22054,"date":"2019-05-07T18:34:44","date_gmt":"2019-05-07T18:34:44","guid":{"rendered":" https:\/\/www.quartix.com\/contacto\/"},"modified":"2022-07-22T11:42:22","modified_gmt":"2022-07-22T10:42:22","slug":"contacto","status":"publish","type":"page","link":"https:\/\/www.quartix.com\/es-us\/empresa\/contacto\/","title":{"rendered":"Contacto"},"content":{"rendered":"\n<div class=\"wp-block-columns is-layout-flex wp-container-core-columns-is-layout-28f84493 wp-block-columns-is-layout-flex\">\n<div class=\"wp-block-column is-layout-flow wp-block-column-is-layout-flow\">\n<h2 class=\"wp-block-heading\">\u00bfC\u00f3mo podemos ayudarlo?<\/h2>\n\n\n\n<div class=\"wpcf7 no-js\" id=\"wpcf7-f69670-o1\" lang=\"es-US\" dir=\"ltr\" data-wpcf7-id=\"69670\">\n<div class=\"screen-reader-response\"><p role=\"status\" aria-live=\"polite\" aria-atomic=\"true\"><\/p> <ul><\/ul><\/div>\n<form action=\"\/es-us\/wp-json\/wp\/v2\/pages\/22054#wpcf7-f69670-o1\" method=\"post\" class=\"wpcf7-form init\" aria-label=\"Contact form\" novalidate=\"novalidate\" data-status=\"init\">\n<fieldset class=\"hidden-fields-container\"><input type=\"hidden\" name=\"_wpcf7\" value=\"69670\" \/><input type=\"hidden\" name=\"_wpcf7_version\" value=\"6.1.5\" \/><input type=\"hidden\" name=\"_wpcf7_locale\" value=\"es_US\" \/><input type=\"hidden\" name=\"_wpcf7_unit_tag\" value=\"wpcf7-f69670-o1\" \/><input type=\"hidden\" name=\"_wpcf7_container_post\" value=\"0\" \/><input type=\"hidden\" name=\"_wpcf7_posted_data_hash\" value=\"\" \/><input type=\"hidden\" name=\"_wpcf7cf_hidden_group_fields\" value=\"[]\" \/><input type=\"hidden\" name=\"_wpcf7cf_hidden_groups\" value=\"[]\" \/><input type=\"hidden\" name=\"_wpcf7cf_visible_groups\" value=\"[]\" \/><input type=\"hidden\" name=\"_wpcf7cf_repeaters\" value=\"[]\" \/><input type=\"hidden\" name=\"_wpcf7cf_steps\" value=\"{}\" \/><input type=\"hidden\" name=\"_wpcf7cf_options\" value=\"{&quot;form_id&quot;:69670,&quot;conditions&quot;:[],&quot;settings&quot;:{&quot;animation&quot;:&quot;yes&quot;,&quot;animation_intime&quot;:200,&quot;animation_outtime&quot;:200,&quot;conditions_ui&quot;:&quot;normal&quot;,&quot;notice_dismissed&quot;:false,&quot;notice_dismissed_update-cf7-6.0&quot;:true,&quot;notice_dismissed_update-cf7-6.0.1&quot;:true,&quot;notice_dismissed_update-cf7-6.0.2&quot;:true,&quot;notice_dismissed_rollback-cf7-6.0.5&quot;:true}}\" \/><input type=\"hidden\" name=\"_wpcf7_recaptcha_response\" value=\"\" \/>\n<\/fieldset>\n<div class=\"input-wrapper\"><span class=\"icon icon-face\"><\/span><span class=\"wpcf7-form-control-wrap\" data-name=\"first_name\"><input size=\"40\" maxlength=\"400\" class=\"wpcf7-form-control wpcf7-text wpcf7-validates-as-required\" aria-required=\"true\" aria-invalid=\"false\" placeholder=\"Nombre *\" value=\"\" type=\"text\" name=\"first_name\" \/><\/span><span class=\"wpcf7-form-control-wrap\" data-name=\"last_name\"><input size=\"40\" maxlength=\"400\" class=\"wpcf7-form-control wpcf7-text wpcf7-validates-as-required\" aria-required=\"true\" aria-invalid=\"false\" placeholder=\"Apellido *\" value=\"\" type=\"text\" name=\"last_name\" \/><\/span><\/div>\n<div class=\"input-wrapper\"><span class=\"icon icon-envelope\"><\/span><span class=\"wpcf7-form-control-wrap\" data-name=\"email\"><input size=\"40\" maxlength=\"400\" class=\"wpcf7-form-control wpcf7-email wpcf7-validates-as-required wpcf7-text wpcf7-validates-as-email\" aria-required=\"true\" aria-invalid=\"false\" placeholder=\"Correo electr\u00f3nico *\" value=\"\" type=\"email\" name=\"email\" \/><\/span><\/div>\n<div class=\"input-wrapper\"><span class=\"icon icon-company\"><\/span><span class=\"wpcf7-form-control-wrap\" data-name=\"company\"><input size=\"40\" maxlength=\"400\" class=\"wpcf7-form-control wpcf7-text wpcf7-validates-as-required\" aria-required=\"true\" aria-invalid=\"false\" placeholder=\"Empresa *\" value=\"\" type=\"text\" name=\"company\" \/><\/span><\/div>\n<div class=\"input-wrapper\"><span class=\"icon icon-telephone\"><\/span><span class=\"wpcf7-form-control-wrap\" data-name=\"phone\"><input size=\"40\" maxlength=\"400\" class=\"wpcf7-form-control wpcf7-tel wpcf7-validates-as-required wpcf7-text wpcf7-validates-as-tel\" aria-required=\"true\" aria-invalid=\"false\" placeholder=\"Tel\u00e9fono *\" value=\"\" type=\"tel\" name=\"phone\" \/><\/span><\/div>\n<div class=\"input-wrapper\"><span class=\"icon icon-message\"><\/span><span class=\"wpcf7-form-control-wrap\" data-name=\"comments\"><textarea cols=\"40\" rows=\"10\" maxlength=\"2000\" class=\"wpcf7-form-control wpcf7-textarea\" aria-invalid=\"false\" placeholder=\"Comentarios\" name=\"comments\"><\/textarea><\/span><\/div>\n<input type=\"hidden\" name=\"thankyouURL\" value=\"\/es-us\/agradecimiento-contacto\/\" class=\"wpcf7-form-control wpcf7-hidden\" id=\"thankyouURL\">\n<input class=\"wpcf7-form-control wpcf7-hidden\" value=\"\" type=\"hidden\" name=\"pardot_extra_field\" \/>\n<div class=\"recatpcha-text\">Este sitio est\u00e1 protegido por reCAPTCHA y se aplican la <a href=\"https:\/\/policies.google.com\/privacy?hl=es-419\">Pol\u00edtica de privacidad<\/a> y los <a href=\"https:\/\/policies.google.com\/terms?hl=es-419\">T\u00e9rminos de servicio<\/a> de Google.<\/div>\n<div class=\"input-wrapper\"><input class=\"wpcf7-form-control wpcf7-submit has-spinner icon-plane\" type=\"submit\" value=\"Enviar consulta\" \/><\/div><div class=\"wpcf7-response-output\" aria-hidden=\"true\"><\/div>\n<\/form>\n<\/div>\n\n\n\n\n<p>Nos pondremos en contacto con usted a la brevedad posible.<\/p>\n<\/div>\n\n\n\n<div class=\"wp-block-column is-layout-flow wp-block-column-is-layout-flow\">\r\n<section  class=\"qtx-pagebuilder-section qtx-pagebuilder-section-address\">\r\n    <div class=\"address\">\r\n            <div class=\"address-icon\">\r\n                            <i class=\"fa fa-envelope\"><\/i>\r\n                        <\/div>\r\n            <div class=\"address-text\">\r\n                                    <p><a href=\"mailto:sales@quartix.com\">sales@quartix.com<\/a><br \/>\n<a href=\"mailto:support@quartix.com\">support@quartix.com<\/a><\/p>\n                            <\/div>\r\n    <\/div>\r\n<\/section>\r\n\r\n\n\n\r\n<section  class=\"qtx-pagebuilder-section qtx-pagebuilder-section-address\">\r\n    <div class=\"address\">\r\n            <div class=\"address-icon\">\r\n                            <i class=\"fa fa-phone-alt\"><\/i>\r\n                        <\/div>\r\n            <div class=\"address-text\">\r\n                                    <p>Ventas: 1-855-913-6663<br \/>\nSoporte: 1-844-813-6663<br \/>\n9am-5pm : lunes a viernes<\/p>\n                            <\/div>\r\n    <\/div>\r\n<\/section>\r\n\r\n\n\n\r\n<section  class=\"qtx-pagebuilder-section qtx-pagebuilder-section-address\">\r\n    <div class=\"address\">\r\n            <div class=\"address-icon\">\r\n                            <i class=\"fa fa-envelope\"><\/i>\r\n                        <\/div>\r\n            <div class=\"address-text\">\r\n                                    <p>Quartix Inc<br \/>\n500 North Michigan Avenue<br \/>\nSuite 1607<br \/>\nChicago, IL<br \/>\n60611<\/p>\n                            <\/div>\r\n    <\/div>\r\n<\/section>\r\n\r\n<\/div>\n<\/div>\n\n\n<iframe class=\"googlemaps\"\r\n  loading=\"lazy\"\r\n  allowfullscreen\r\n  referrerpolicy=\"no-referrer-when-downgrade\"\r\n  src=\"https:\/\/www.google.com\/maps\/embed\/v1\/place?key=AIzaSyBWyJedUVU9UZXxCmYWn9nBEstDisKgv1M&#038;q=875 N Michigan Ave, Chicago, IL 60610\">\r\n<\/iframe>\r\n","protected":false},"excerpt":{"rendered":"<p>\u00bfC\u00f3mo podemos ayudarlo? Nos pondremos en contacto con usted a la brevedad posible.<\/p>\n","protected":false},"author":12,"featured_media":0,"parent":23028,"menu_order":70,"comment_status":"closed","ping_status":"closed","template":"","meta":{"_acf_changed":false,"inline_featured_image":false,"footnotes":""},"topic":[],"qtx_campaign":[],"class_list":["post-22054","page","type-page","status-publish","hentry"],"acf":[],"yoast_head":"<!-- This site is optimized with the Yoast SEO Premium plugin v27.2 (Yoast SEO v27.2) - https:\/\/yoast.com\/product\/yoast-seo-premium-wordpress\/ -->\n<title>Contacto - US<\/title>\n<meta name=\"description\" content=\"\u00bfNecesita contactarnos? Env\u00edenos un correo electr\u00f3nico o ll\u00e1menos. Puede enviarnos un correo electr\u00f3nico a sales@quartix.com or support@quartix.com o llamarnos al 1691-7006\" \/>\n<meta name=\"robots\" content=\"index, follow, max-snippet:-1, max-image-preview:large, max-video-preview:-1\" \/>\n<link rel=\"canonical\" href=\"https:\/\/www.quartix.com\/es-us\/empresa\/contacto\/\" \/>\n<meta property=\"og:locale\" content=\"es_ES\" \/>\n<meta property=\"og:type\" content=\"article\" \/>\n<meta property=\"og:title\" content=\"Contacto\" \/>\n<meta property=\"og:description\" content=\"\u00bfNecesita contactarnos? Env\u00edenos un correo electr\u00f3nico o ll\u00e1menos. Puede enviarnos un correo electr\u00f3nico a sales@quartix.com or support@quartix.com o llamarnos al 1691-7006\" \/>\n<meta property=\"og:url\" content=\"https:\/\/www.quartix.com\/es-us\/empresa\/contacto\/\" \/>\n<meta property=\"og:site_name\" content=\"Quartix\" \/>\n<meta property=\"article:publisher\" content=\"https:\/\/www.facebook.com\/Quartix-USA-374426386097401\/\" \/>\n<meta property=\"article:modified_time\" content=\"2022-07-22T10:42:22+00:00\" \/>\n<meta name=\"twitter:card\" content=\"summary_large_image\" \/>\n<meta name=\"twitter:site\" content=\"@QuartixUSA\" \/>\n<meta name=\"twitter:label1\" content=\"Est. reading time\" \/>\n\t<meta name=\"twitter:data1\" content=\"1 minute\" \/>\n<!-- \/ Yoast SEO Premium plugin. -->","yoast_head_json":{"title":"Contacto - US","description":"\u00bfNecesita contactarnos? Env\u00edenos un correo electr\u00f3nico o ll\u00e1menos. Puede enviarnos un correo electr\u00f3nico a sales@quartix.com or support@quartix.com o llamarnos al 1691-7006","robots":{"index":"index","follow":"follow","max-snippet":"max-snippet:-1","max-image-preview":"max-image-preview:large","max-video-preview":"max-video-preview:-1"},"canonical":"https:\/\/www.quartix.com\/es-us\/empresa\/contacto\/","og_locale":"es_ES","og_type":"article","og_title":"Contacto","og_description":"\u00bfNecesita contactarnos? Env\u00edenos un correo electr\u00f3nico o ll\u00e1menos. Puede enviarnos un correo electr\u00f3nico a sales@quartix.com or support@quartix.com o llamarnos al 1691-7006","og_url":"https:\/\/www.quartix.com\/es-us\/empresa\/contacto\/","og_site_name":"Quartix","article_publisher":"https:\/\/www.facebook.com\/Quartix-USA-374426386097401\/","article_modified_time":"2022-07-22T10:42:22+00:00","twitter_card":"summary_large_image","twitter_site":"@QuartixUSA","twitter_misc":{"Est. reading time":"1 minute"},"schema":{"@context":"https:\/\/schema.org","@graph":[{"@type":"WebPage","@id":"https:\/\/www.quartix.com\/es-us\/empresa\/contacto\/","url":"https:\/\/www.quartix.com\/es-us\/empresa\/contacto\/","name":"Contacto","isPartOf":{"@id":"https:\/\/www.quartix.com\/es-us\/#website"},"datePublished":"2019-05-07T18:34:44+00:00","dateModified":"2022-07-22T10:42:22+00:00","description":"\u00bfNecesita contactarnos? Env\u00edenos un correo electr\u00f3nico o ll\u00e1menos. Puede enviarnos un correo electr\u00f3nico a sales@quartix.com or support@quartix.com o llamarnos al 1691-7006","breadcrumb":{"@id":"https:\/\/www.quartix.com\/es-us\/empresa\/contacto\/#breadcrumb"},"inLanguage":"es-US","potentialAction":[{"@type":"ReadAction","target":["https:\/\/www.quartix.com\/es-us\/empresa\/contacto\/"]}]},{"@type":"BreadcrumbList","@id":"https:\/\/www.quartix.com\/es-us\/empresa\/contacto\/#breadcrumb","itemListElement":[{"@type":"ListItem","position":1,"name":"Inicio","item":"https:\/\/www.quartix.com\/es-us\/quartix-real-time-vehicle-tracking-2\/"},{"@type":"ListItem","position":2,"name":"Empresa","item":"https:\/\/www.quartix.com\/es-us\/empresa\/"},{"@type":"ListItem","position":3,"name":"Contacto"}]},{"@type":"WebSite","@id":"https:\/\/www.quartix.com\/es-us\/#website","url":"https:\/\/www.quartix.com\/es-us\/","name":"Quartix","description":"Real-time vehicle tracking","publisher":{"@id":"https:\/\/www.quartix.com\/es-us\/#organization"},"potentialAction":[{"@type":"SearchAction","target":{"@type":"EntryPoint","urlTemplate":"https:\/\/www.quartix.com\/es-us\/?s={search_term_string}"},"query-input":{"@type":"PropertyValueSpecification","valueRequired":true,"valueName":"search_term_string"}}],"inLanguage":"es-US"},{"@type":"Organization","@id":"https:\/\/www.quartix.com\/es-us\/#organization","name":"Quartix","url":"https:\/\/www.quartix.com\/es-us\/","logo":{"@type":"ImageObject","inLanguage":"es-US","@id":"https:\/\/www.quartix.com\/es-us\/#\/schema\/logo\/image\/","url":"https:\/\/www.quartix.com\/content\/uploads\/2019\/02\/quartix-logo-eur.svg","contentUrl":"https:\/\/www.quartix.com\/content\/uploads\/2019\/02\/quartix-logo-eur.svg","width":1,"height":1,"caption":"Quartix"},"image":{"@id":"https:\/\/www.quartix.com\/es-us\/#\/schema\/logo\/image\/"},"sameAs":["https:\/\/www.facebook.com\/Quartix-USA-374426386097401\/","https:\/\/x.com\/QuartixUSA","https:\/\/www.linkedin.com\/company\/5346733\/","https:\/\/www.youtube.com\/channel\/UCzS-_GMfHF4kWiCheyIRrAQ"]}]}},"_links":{"self":[{"href":"https:\/\/www.quartix.com\/es-us\/wp-json\/wp\/v2\/pages\/22054","targetHints":{"allow":["GET"]}}],"collection":[{"href":"https:\/\/www.quartix.com\/es-us\/wp-json\/wp\/v2\/pages"}],"about":[{"href":"https:\/\/www.quartix.com\/es-us\/wp-json\/wp\/v2\/types\/page"}],"author":[{"embeddable":true,"href":"https:\/\/www.quartix.com\/es-us\/wp-json\/wp\/v2\/users\/12"}],"replies":[{"embeddable":true,"href":"https:\/\/www.quartix.com\/es-us\/wp-json\/wp\/v2\/comments?post=22054"}],"version-history":[{"count":0,"href":"https:\/\/www.quartix.com\/es-us\/wp-json\/wp\/v2\/pages\/22054\/revisions"}],"up":[{"embeddable":true,"href":"https:\/\/www.quartix.com\/es-us\/wp-json\/wp\/v2\/pages\/23028"}],"wp:attachment":[{"href":"https:\/\/www.quartix.com\/es-us\/wp-json\/wp\/v2\/media?parent=22054"}],"wp:term":[{"taxonomy":"topic","embeddable":true,"href":"https:\/\/www.quartix.com\/es-us\/wp-json\/wp\/v2\/topic?post=22054"},{"taxonomy":"qtx_campaign","embeddable":true,"href":"https:\/\/www.quartix.com\/es-us\/wp-json\/wp\/v2\/qtx_campaign?post=22054"}],"curies":[{"name":"wp","href":"https:\/\/api.w.org\/{rel}","templated":true}]}}