{"id":22062,"date":"2019-05-07T20:01:25","date_gmt":"2019-05-07T20:01:25","guid":{"rendered":" https:\/\/www.quartix.com\/agradecimiento-solicitud-de-demostracion\/"},"modified":"2022-04-27T15:40:57","modified_gmt":"2022-04-27T14:40:57","slug":"agradecimiento-solicitud-de-demostracion","status":"publish","type":"page","link":"https:\/\/www.quartix.com\/es-us\/agradecimiento-solicitud-de-demostracion\/","title":{"rendered":"agradecimiento &#8211; solicitud de demostraci\u00f3n"},"content":{"rendered":"\n<h2 class=\"has-text-align-center wp-block-heading\">Un miembro de nuestro equipo de ventas se pondr\u00e1 en breve en contacto con usted para programar su demostraci\u00f3n.<\/h2>\n\n\n\n<p class=\"has-text-align-center\">Si desea conocer nuestro sistema ahora mismo, por favor consulte el correo electr\u00f3nico que le enviamos con sus credenciales y proceda a&nbsp;<a href=\" https:\/\/www.quartix.com\/es-us\/inicio-de-sesion\/\">la p\u00e1gina de inicio.<\/a><\/p>\n\n\n\n<p class=\"has-text-align-center\">Mientras tanto, lo invitamos a ver nuestro <a href=\" https:\/\/www.quartix.com\/quick-product-demo\/\">video de descripci\u00f3n del producto<\/a><\/p>\n","protected":false},"excerpt":{"rendered":"<p>Un miembro de nuestro equipo de ventas se pondr\u00e1 en breve en contacto con usted para programar su demostraci\u00f3n. Si desea conocer nuestro sistema ahora mismo, por favor consulte el correo electr\u00f3nico que le enviamos con sus credenciales y proceda a&nbsp;la p\u00e1gina de inicio. Mientras tanto, lo invitamos a ver nuestro video de descripci\u00f3n del [&hellip;]<\/p>\n","protected":false},"author":12,"featured_media":0,"parent":0,"menu_order":8805,"comment_status":"closed","ping_status":"closed","template":"","meta":{"_acf_changed":false,"inline_featured_image":false,"footnotes":""},"topic":[],"qtx_campaign":[],"class_list":["post-22062","page","type-page","status-publish","hentry"],"acf":[],"yoast_head":"<!-- This site is optimized with the Yoast SEO Premium plugin v27.3 (Yoast SEO v27.3) - https:\/\/yoast.com\/product\/yoast-seo-premium-wordpress\/ -->\n<title>agradecimiento - solicitud de demostraci\u00f3n - US<\/title>\n<meta name=\"robots\" content=\"noindex, nofollow\" \/>\n<meta property=\"og:locale\" content=\"es_ES\" \/>\n<meta property=\"og:type\" content=\"article\" \/>\n<meta property=\"og:title\" content=\"agradecimiento - solicitud de demostraci\u00f3n\" \/>\n<meta property=\"og:description\" content=\"Un miembro de nuestro equipo de ventas se pondr\u00e1 en breve en contacto con usted para programar su demostraci\u00f3n. Si desea conocer nuestro sistema ahora mismo, por favor consulte el correo electr\u00f3nico que le enviamos con sus credenciales y proceda a&nbsp;la p\u00e1gina de inicio. Mientras tanto, lo invitamos a ver nuestro video de descripci\u00f3n del [&hellip;]\" \/>\n<meta property=\"og:url\" content=\"https:\/\/www.quartix.com\/es-us\/agradecimiento-solicitud-de-demostracion\/\" \/>\n<meta property=\"og:site_name\" content=\"Quartix\" \/>\n<meta property=\"article:publisher\" content=\"https:\/\/www.facebook.com\/Quartix-USA-374426386097401\/\" \/>\n<meta property=\"article:modified_time\" content=\"2022-04-27T14:40:57+00:00\" \/>\n<meta name=\"twitter:card\" content=\"summary_large_image\" \/>\n<meta name=\"twitter:site\" content=\"@QuartixUSA\" \/>\n<meta name=\"twitter:label1\" content=\"Est. reading time\" \/>\n\t<meta name=\"twitter:data1\" content=\"1 minute\" \/>\n<!-- \/ Yoast SEO Premium plugin. -->","yoast_head_json":{"title":"agradecimiento - solicitud de demostraci\u00f3n - US","robots":{"index":"noindex","follow":"nofollow"},"og_locale":"es_ES","og_type":"article","og_title":"agradecimiento - solicitud de demostraci\u00f3n","og_description":"Un miembro de nuestro equipo de ventas se pondr\u00e1 en breve en contacto con usted para programar su demostraci\u00f3n. Si desea conocer nuestro sistema ahora mismo, por favor consulte el correo electr\u00f3nico que le enviamos con sus credenciales y proceda a&nbsp;la p\u00e1gina de inicio. Mientras tanto, lo invitamos a ver nuestro video de descripci\u00f3n del [&hellip;]","og_url":"https:\/\/www.quartix.com\/es-us\/agradecimiento-solicitud-de-demostracion\/","og_site_name":"Quartix","article_publisher":"https:\/\/www.facebook.com\/Quartix-USA-374426386097401\/","article_modified_time":"2022-04-27T14:40:57+00:00","twitter_card":"summary_large_image","twitter_site":"@QuartixUSA","twitter_misc":{"Est. reading time":"1 minute"},"schema":{"@context":"https:\/\/schema.org","@graph":[{"@type":"WebPage","@id":"https:\/\/www.quartix.com\/es-us\/agradecimiento-solicitud-de-demostracion\/","url":"https:\/\/www.quartix.com\/es-us\/agradecimiento-solicitud-de-demostracion\/","name":"agradecimiento - solicitud de demostraci\u00f3n","isPartOf":{"@id":"https:\/\/www.quartix.com\/es-us\/#website"},"datePublished":"2019-05-07T20:01:25+00:00","dateModified":"2022-04-27T14:40:57+00:00","breadcrumb":{"@id":"https:\/\/www.quartix.com\/es-us\/agradecimiento-solicitud-de-demostracion\/#breadcrumb"},"inLanguage":"es-US","potentialAction":[{"@type":"ReadAction","target":["https:\/\/www.quartix.com\/es-us\/agradecimiento-solicitud-de-demostracion\/"]}]},{"@type":"BreadcrumbList","@id":"https:\/\/www.quartix.com\/es-us\/agradecimiento-solicitud-de-demostracion\/#breadcrumb","itemListElement":[{"@type":"ListItem","position":1,"name":"Inicio","item":"https:\/\/www.quartix.com\/es-us\/quartix-real-time-vehicle-tracking-2\/"},{"@type":"ListItem","position":2,"name":"agradecimiento &#8211; solicitud de demostraci\u00f3n"}]},{"@type":"WebSite","@id":"https:\/\/www.quartix.com\/es-us\/#website","url":"https:\/\/www.quartix.com\/es-us\/","name":"Quartix","description":"Real-time vehicle tracking","publisher":{"@id":"https:\/\/www.quartix.com\/es-us\/#organization"},"potentialAction":[{"@type":"SearchAction","target":{"@type":"EntryPoint","urlTemplate":"https:\/\/www.quartix.com\/es-us\/?s={search_term_string}"},"query-input":{"@type":"PropertyValueSpecification","valueRequired":true,"valueName":"search_term_string"}}],"inLanguage":"es-US"},{"@type":"Organization","@id":"https:\/\/www.quartix.com\/es-us\/#organization","name":"Quartix","url":"https:\/\/www.quartix.com\/es-us\/","logo":{"@type":"ImageObject","inLanguage":"es-US","@id":"https:\/\/www.quartix.com\/es-us\/#\/schema\/logo\/image\/","url":"https:\/\/www.quartix.com\/content\/uploads\/2019\/02\/quartix-logo-eur.svg","contentUrl":"https:\/\/www.quartix.com\/content\/uploads\/2019\/02\/quartix-logo-eur.svg","width":1,"height":1,"caption":"Quartix"},"image":{"@id":"https:\/\/www.quartix.com\/es-us\/#\/schema\/logo\/image\/"},"sameAs":["https:\/\/www.facebook.com\/Quartix-USA-374426386097401\/","https:\/\/x.com\/QuartixUSA","https:\/\/www.linkedin.com\/company\/5346733\/","https:\/\/www.youtube.com\/channel\/UCzS-_GMfHF4kWiCheyIRrAQ"]}]}},"_links":{"self":[{"href":"https:\/\/www.quartix.com\/es-us\/wp-json\/wp\/v2\/pages\/22062","targetHints":{"allow":["GET"]}}],"collection":[{"href":"https:\/\/www.quartix.com\/es-us\/wp-json\/wp\/v2\/pages"}],"about":[{"href":"https:\/\/www.quartix.com\/es-us\/wp-json\/wp\/v2\/types\/page"}],"author":[{"embeddable":true,"href":"https:\/\/www.quartix.com\/es-us\/wp-json\/wp\/v2\/users\/12"}],"replies":[{"embeddable":true,"href":"https:\/\/www.quartix.com\/es-us\/wp-json\/wp\/v2\/comments?post=22062"}],"version-history":[{"count":0,"href":"https:\/\/www.quartix.com\/es-us\/wp-json\/wp\/v2\/pages\/22062\/revisions"}],"wp:attachment":[{"href":"https:\/\/www.quartix.com\/es-us\/wp-json\/wp\/v2\/media?parent=22062"}],"wp:term":[{"taxonomy":"topic","embeddable":true,"href":"https:\/\/www.quartix.com\/es-us\/wp-json\/wp\/v2\/topic?post=22062"},{"taxonomy":"qtx_campaign","embeddable":true,"href":"https:\/\/www.quartix.com\/es-us\/wp-json\/wp\/v2\/qtx_campaign?post=22062"}],"curies":[{"name":"wp","href":"https:\/\/api.w.org\/{rel}","templated":true}]}}