{"id":22297,"date":"2019-05-09T17:22:02","date_gmt":"2019-05-09T17:22:02","guid":{"rendered":" https:\/\/www.quartix.com\/reporte-de-millage-ifta\/"},"modified":"2023-07-13T13:22:41","modified_gmt":"2023-07-13T12:22:41","slug":"reporte-de-millage-ifta","status":"publish","type":"page","link":"https:\/\/www.quartix.com\/es-us\/localizador-vehiculos\/reporte-de-millage-ifta\/","title":{"rendered":"IFTA"},"content":{"rendered":"\n<div class=\"wp-block-columns is-layout-flex wp-container-core-columns-is-layout-28f84493 wp-block-columns-is-layout-flex\">\n<div class=\"wp-block-column is-layout-flow wp-block-column-is-layout-flow\">\n<h2 class=\"wp-block-heading\">Simplifique su reporte de impuestos a combustible<\/h2>\n\n\n\n<p>Si usted presenta los reportes IFTA de impuestos a combustible, Quartix puede ayudarlo con una calculadora de impuestos que est\u00e1 directamente ligada a nuestro sistema GPS de rastreo de veh\u00edculos para mayor exactitud.<\/p>\n<\/div>\n\n\n\n<div class=\"wp-block-column is-layout-flow wp-block-column-is-layout-flow\">\n<figure class=\"wp-block-image aligncenter\"><img decoding=\"async\" src=\" https:\/\/www.quartix.com\/content\/uploads\/2019\/05\/us-hispanic_IFTA-menu-768x610.jpg\" alt=\"\"\/><\/figure>\n<\/div>\n<\/div>\n\n\n\n<div class=\"wp-block-columns is-layout-flex wp-container-core-columns-is-layout-28f84493 wp-block-columns-is-layout-flex\">\n<div class=\"wp-block-column is-layout-flow wp-block-column-is-layout-flow\">\n<figure class=\"wp-block-image\"><img decoding=\"async\" src=\" https:\/\/www.quartix.com\/content\/uploads\/2019\/05\/us-hispanic_IFTA-2.jpg\" alt=\"\"\/><\/figure>\n<\/div>\n\n\n\n<div class=\"wp-block-column is-layout-flow wp-block-column-is-layout-flow\">\n<h2 class=\"wp-block-heading\">Calcule el promedio de mpg de cada veh\u00edculo<\/h2>\n\n\n\n<p>Las unidades de rastreo de Quartix identifican las millas recorridas en cada regi\u00f3n IFTA. Solo necesita ingresar el total de combustible comprado por el veh\u00edculo y la calculadora le proporcionar\u00e1 los galones gravables.<\/p>\n<\/div>\n<\/div>\n\n\n\n<div class=\"wp-block-columns is-layout-flex wp-container-core-columns-is-layout-28f84493 wp-block-columns-is-layout-flex\">\n<div class=\"wp-block-column is-layout-flow wp-block-column-is-layout-flow\">\n<h2 class=\"wp-block-heading\">Reduzca el tiempo que pasa con el papeleo<\/h2>\n\n\n\n<p>El reporte IFTA de combustible no tiene que ser un dolor de cabeza. &nbsp;Reciba los n\u00fameros que necesita en un formato \u00fatil para presentar impuestos sin estr\u00e9s.<\/p>\n<\/div>\n\n\n\n<div class=\"wp-block-column is-layout-flow wp-block-column-is-layout-flow\">\n<figure class=\"wp-block-image aligncenter\"><img decoding=\"async\" src=\" https:\/\/www.quartix.com\/content\/uploads\/2019\/05\/us-hispanic_IFTA-1-1000x572.jpg\" alt=\"\"\/><\/figure>\n<\/div>\n<\/div>\n\n\n\n<div class=\"wp-block-columns is-layout-flex wp-container-core-columns-is-layout-28f84493 wp-block-columns-is-layout-flex\">\n<div class=\"wp-block-column is-layout-flow wp-block-column-is-layout-flow\">\n<h2 class=\"wp-block-heading\">Pruebe Quartix ahora<\/h2>\n\n\n\n<p>Vea usted mismo c\u00f3mo Quartix trabaja con nuestra demostraci\u00f3n en tiempo real gratis.<\/p>\n\n\n\n<div class=\"wpcf7 no-js\" id=\"wpcf7-f74227-o1\" lang=\"es-US\" dir=\"ltr\" data-wpcf7-id=\"74227\">\n<div class=\"screen-reader-response\"><p role=\"status\" aria-live=\"polite\" aria-atomic=\"true\"><\/p> <ul><\/ul><\/div>\n<form action=\"\/es-us\/wp-json\/wp\/v2\/pages\/22297#wpcf7-f74227-o1\" method=\"post\" class=\"wpcf7-form init\" aria-label=\"Contact form\" novalidate=\"novalidate\" data-status=\"init\">\n<fieldset class=\"hidden-fields-container\"><input type=\"hidden\" name=\"_wpcf7\" value=\"74227\" \/><input type=\"hidden\" name=\"_wpcf7_version\" value=\"6.1.5\" \/><input type=\"hidden\" name=\"_wpcf7_locale\" value=\"es_US\" \/><input type=\"hidden\" name=\"_wpcf7_unit_tag\" value=\"wpcf7-f74227-o1\" \/><input type=\"hidden\" name=\"_wpcf7_container_post\" value=\"0\" \/><input type=\"hidden\" name=\"_wpcf7_posted_data_hash\" value=\"\" \/><input type=\"hidden\" name=\"_wpcf7cf_hidden_group_fields\" value=\"[]\" \/><input type=\"hidden\" name=\"_wpcf7cf_hidden_groups\" value=\"[]\" \/><input type=\"hidden\" name=\"_wpcf7cf_visible_groups\" value=\"[]\" \/><input type=\"hidden\" name=\"_wpcf7cf_repeaters\" value=\"[]\" \/><input type=\"hidden\" name=\"_wpcf7cf_steps\" value=\"{}\" \/><input type=\"hidden\" name=\"_wpcf7cf_options\" value=\"{&quot;form_id&quot;:74227,&quot;conditions&quot;:[],&quot;settings&quot;:{&quot;animation&quot;:&quot;yes&quot;,&quot;animation_intime&quot;:200,&quot;animation_outtime&quot;:200,&quot;conditions_ui&quot;:&quot;normal&quot;,&quot;notice_dismissed&quot;:false,&quot;notice_dismissed_update-cf7-6.0&quot;:true,&quot;notice_dismissed_update-cf7-6.0.1&quot;:true,&quot;notice_dismissed_update-cf7-6.0.2&quot;:true,&quot;notice_dismissed_rollback-cf7-6.0.5&quot;:true}}\" \/><input type=\"hidden\" name=\"_wpcf7_recaptcha_response\" value=\"\" \/>\n<\/fieldset>\n<div class=\"input-wrapper\"><span class=\"icon icon-face\"><\/span><span class=\"wpcf7-form-control-wrap\" data-name=\"first_name\"><input size=\"40\" maxlength=\"400\" class=\"wpcf7-form-control wpcf7-text wpcf7-validates-as-required\" aria-required=\"true\" aria-invalid=\"false\" placeholder=\"Nombre *\" value=\"\" type=\"text\" name=\"first_name\" \/><\/span><span class=\"wpcf7-form-control-wrap\" data-name=\"last_name\"><input size=\"40\" maxlength=\"400\" class=\"wpcf7-form-control wpcf7-text wpcf7-validates-as-required\" aria-required=\"true\" aria-invalid=\"false\" placeholder=\"Apellido *\" value=\"\" type=\"text\" name=\"last_name\" \/><\/span><\/div>\n<div class=\"input-wrapper\"><span class=\"icon icon-envelope\"><\/span><span class=\"wpcf7-form-control-wrap\" data-name=\"email\"><input size=\"40\" maxlength=\"400\" class=\"wpcf7-form-control wpcf7-email wpcf7-validates-as-required wpcf7-text wpcf7-validates-as-email\" aria-required=\"true\" aria-invalid=\"false\" placeholder=\"Correo electr\u00f3nico *\" value=\"\" type=\"email\" name=\"email\" \/><\/span><\/div>\n<div class=\"input-wrapper\"><span class=\"icon icon-company\"><\/span><span class=\"wpcf7-form-control-wrap\" data-name=\"company\"><input size=\"40\" maxlength=\"400\" class=\"wpcf7-form-control wpcf7-text wpcf7-validates-as-required\" aria-required=\"true\" aria-invalid=\"false\" placeholder=\"Empresa *\" value=\"\" type=\"text\" name=\"company\" \/><\/span><\/div>\n<div class=\"input-wrapper\"><span class=\"icon icon-telephone\"><\/span><span class=\"wpcf7-form-control-wrap\" data-name=\"phone\"><input size=\"40\" maxlength=\"400\" class=\"wpcf7-form-control wpcf7-tel wpcf7-validates-as-required wpcf7-text wpcf7-validates-as-tel\" aria-required=\"true\" aria-invalid=\"false\" placeholder=\"Tel\u00e9fono *\" value=\"\" type=\"tel\" name=\"phone\" \/><\/span><\/div>\n<div class=\"input-wrapper\"><span class=\"icon icon-vehicles\"><\/span><span class=\"wpcf7-form-control-wrap\" data-name=\"number_of_vehicles\"><input class=\"wpcf7-form-control wpcf7-number wpcf7-validates-as-required wpcf7-validates-as-number\" min=\"1\" aria-required=\"true\" aria-invalid=\"false\" placeholder=\"N\u00famero de veh\u00edculos *\" value=\"\" type=\"number\" name=\"number_of_vehicles\" \/><\/span><\/div>\n\n<input type=\"hidden\" name=\"thankyouURL\" value=\"\/es-us\/agradecimiento-solicitud-de-demostracion\/\" class=\"wpcf7-form-control wpcf7-hidden\" id=\"thankyouURL\">\n<input type=\"hidden\" name=\"pardot_extra_field\" value=\"\" class=\"wpcf7-form-control wpcf7-hidden\">\n<input type=\"hidden\" name=\"page_title\" value=\"No post title\" class=\"wpcf7-form-control wpcf7-hidden\">\n<div class=\"recatpcha-text\">Este sitio est\u00e1 protegido por reCAPTCHA y se aplican la <a href=\"https:\/\/policies.google.com\/privacy?hl=es-419\">Pol\u00edtica de privacidad<\/a> y los <a href=\"https:\/\/policies.google.com\/terms?hl=es-419\">T\u00e9rminos de servicio<\/a> de Google.<\/div>\n<div class=\"input-wrapper\"><input class=\"wpcf7-form-control wpcf7-submit has-spinner icon-plane\" type=\"submit\" value=\"Env\u00edenme un enlace para la demostraci\u00f3n\" \/><\/div><div class=\"wpcf7-response-output\" aria-hidden=\"true\"><\/div>\n<\/form>\n<\/div>\n\n\n\n\n<p>Ponga a prueba nuestro sistema con una demostraci\u00f3n gr\u00e1tis.<\/p>\n<\/div>\n\n\n\n<div class=\"wp-block-column is-layout-flow wp-block-column-is-layout-flow\">\n<figure class=\"wp-block-image\"><img decoding=\"async\" src=\" https:\/\/www.quartix.com\/content\/uploads\/2019\/05\/us-hispanic_live-tracking-close-up.jpg\" alt=\"\"\/><\/figure>\n\n\n\r\n<section  class=\"qtx-pagebuilder-section qtx-pagebuilder-section-list \">\r\n<ul class='ticks fa-ul' style='0'><li><span class='fa-li'><i class='fas fa-check-circle'><\/i><\/span>Hojas de Horario diariamente por conductor<\/li><li><span class='fa-li'><i class='fas fa-check-circle'><\/i><\/span>Revise el historial de rastreo<\/li><li><span class='fa-li'><i class='fas fa-check-circle'><\/i><\/span>Reciba reportes detdos de conductoresalla<\/li><li><span class='fa-li'><i class='fas fa-check-circle'><\/i><\/span>Revise posiciones en las tablas de clasificaci\u00f3n de conductores<\/li><li><span class='fa-li'><i class='fas fa-check-circle'><\/i><\/span>Reciba alertas de movimientos no autorizados<\/li><\/ul><\/section><\/div>\n<\/div>\n","protected":false},"excerpt":{"rendered":"<p>Simplifique su reporte de impuestos a combustible Si usted presenta los reportes IFTA de impuestos a combustible, Quartix puede ayudarlo con una calculadora de impuestos que est\u00e1 directamente ligada a nuestro sistema GPS de rastreo de veh\u00edculos para mayor exactitud. Calcule el promedio de mpg de cada veh\u00edculo Las unidades de rastreo de Quartix identifican [&hellip;]<\/p>\n","protected":false},"author":6,"featured_media":0,"parent":23030,"menu_order":60,"comment_status":"closed","ping_status":"closed","template":"","meta":{"_acf_changed":false,"inline_featured_image":false,"footnotes":""},"topic":[],"qtx_campaign":[],"class_list":["post-22297","page","type-page","status-publish","hentry"],"acf":[],"yoast_head":"<!-- This site is optimized with the Yoast SEO Premium plugin v27.2 (Yoast SEO v27.2) - https:\/\/yoast.com\/product\/yoast-seo-premium-wordpress\/ -->\n<title>Reporte de millage IFTA - US<\/title>\n<meta name=\"description\" content=\"Nuestro reporte IFTA desglosa millas recorridas por regiones IFTA y despu\u00e9s de introducir el combustible consumido, el reporte proporciona el total de millas y galones por regi\u00f3n.\" \/>\n<meta name=\"robots\" content=\"index, follow, max-snippet:-1, max-image-preview:large, max-video-preview:-1\" \/>\n<link rel=\"canonical\" href=\"https:\/\/www.quartix.com\/es-us\/localizador-vehiculos\/reporte-de-millage-ifta\/\" \/>\n<meta property=\"og:locale\" content=\"es_ES\" \/>\n<meta property=\"og:type\" content=\"article\" \/>\n<meta property=\"og:title\" content=\"IFTA\" \/>\n<meta property=\"og:description\" content=\"Nuestro reporte IFTA desglosa millas recorridas por regiones IFTA y despu\u00e9s de introducir el combustible consumido, el reporte proporciona el total de millas y galones por regi\u00f3n.\" \/>\n<meta property=\"og:url\" content=\"https:\/\/www.quartix.com\/es-us\/localizador-vehiculos\/reporte-de-millage-ifta\/\" \/>\n<meta property=\"og:site_name\" content=\"Quartix\" \/>\n<meta property=\"article:publisher\" content=\"https:\/\/www.facebook.com\/Quartix-USA-374426386097401\/\" \/>\n<meta property=\"article:modified_time\" content=\"2023-07-13T12:22:41+00:00\" \/>\n<meta name=\"twitter:card\" content=\"summary_large_image\" \/>\n<meta name=\"twitter:site\" content=\"@QuartixUSA\" \/>\n<meta name=\"twitter:label1\" content=\"Est. reading time\" \/>\n\t<meta name=\"twitter:data1\" content=\"2 minutes\" \/>\n<!-- \/ Yoast SEO Premium plugin. -->","yoast_head_json":{"title":"Reporte de millage IFTA - US","description":"Nuestro reporte IFTA desglosa millas recorridas por regiones IFTA y despu\u00e9s de introducir el combustible consumido, el reporte proporciona el total de millas y galones por regi\u00f3n.","robots":{"index":"index","follow":"follow","max-snippet":"max-snippet:-1","max-image-preview":"max-image-preview:large","max-video-preview":"max-video-preview:-1"},"canonical":"https:\/\/www.quartix.com\/es-us\/localizador-vehiculos\/reporte-de-millage-ifta\/","og_locale":"es_ES","og_type":"article","og_title":"IFTA","og_description":"Nuestro reporte IFTA desglosa millas recorridas por regiones IFTA y despu\u00e9s de introducir el combustible consumido, el reporte proporciona el total de millas y galones por regi\u00f3n.","og_url":"https:\/\/www.quartix.com\/es-us\/localizador-vehiculos\/reporte-de-millage-ifta\/","og_site_name":"Quartix","article_publisher":"https:\/\/www.facebook.com\/Quartix-USA-374426386097401\/","article_modified_time":"2023-07-13T12:22:41+00:00","twitter_card":"summary_large_image","twitter_site":"@QuartixUSA","twitter_misc":{"Est. reading time":"2 minutes"},"schema":{"@context":"https:\/\/schema.org","@graph":[{"@type":"WebPage","@id":"https:\/\/www.quartix.com\/es-us\/localizador-vehiculos\/reporte-de-millage-ifta\/","url":"https:\/\/www.quartix.com\/es-us\/localizador-vehiculos\/reporte-de-millage-ifta\/","name":"Reporte de millage IFTA","isPartOf":{"@id":"https:\/\/www.quartix.com\/es-us\/#website"},"datePublished":"2019-05-09T17:22:02+00:00","dateModified":"2023-07-13T12:22:41+00:00","description":"Nuestro reporte IFTA desglosa millas recorridas por regiones IFTA y despu\u00e9s de introducir el combustible consumido, el reporte proporciona el total de millas y galones por regi\u00f3n.","breadcrumb":{"@id":"https:\/\/www.quartix.com\/es-us\/localizador-vehiculos\/reporte-de-millage-ifta\/#breadcrumb"},"inLanguage":"es-US","potentialAction":[{"@type":"ReadAction","target":["https:\/\/www.quartix.com\/es-us\/localizador-vehiculos\/reporte-de-millage-ifta\/"]}]},{"@type":"BreadcrumbList","@id":"https:\/\/www.quartix.com\/es-us\/localizador-vehiculos\/reporte-de-millage-ifta\/#breadcrumb","itemListElement":[{"@type":"ListItem","position":1,"name":"Inicio","item":"https:\/\/www.quartix.com\/es-us\/quartix-real-time-vehicle-tracking-2\/"},{"@type":"ListItem","position":2,"name":"Localizador Vehiculos","item":"https:\/\/www.quartix.com\/es-us\/localizador-vehiculos\/"},{"@type":"ListItem","position":3,"name":"IFTA"}]},{"@type":"WebSite","@id":"https:\/\/www.quartix.com\/es-us\/#website","url":"https:\/\/www.quartix.com\/es-us\/","name":"Quartix","description":"Real-time vehicle tracking","publisher":{"@id":"https:\/\/www.quartix.com\/es-us\/#organization"},"potentialAction":[{"@type":"SearchAction","target":{"@type":"EntryPoint","urlTemplate":"https:\/\/www.quartix.com\/es-us\/?s={search_term_string}"},"query-input":{"@type":"PropertyValueSpecification","valueRequired":true,"valueName":"search_term_string"}}],"inLanguage":"es-US"},{"@type":"Organization","@id":"https:\/\/www.quartix.com\/es-us\/#organization","name":"Quartix","url":"https:\/\/www.quartix.com\/es-us\/","logo":{"@type":"ImageObject","inLanguage":"es-US","@id":"https:\/\/www.quartix.com\/es-us\/#\/schema\/logo\/image\/","url":"https:\/\/www.quartix.com\/content\/uploads\/2019\/02\/quartix-logo-eur.svg","contentUrl":"https:\/\/www.quartix.com\/content\/uploads\/2019\/02\/quartix-logo-eur.svg","width":1,"height":1,"caption":"Quartix"},"image":{"@id":"https:\/\/www.quartix.com\/es-us\/#\/schema\/logo\/image\/"},"sameAs":["https:\/\/www.facebook.com\/Quartix-USA-374426386097401\/","https:\/\/x.com\/QuartixUSA","https:\/\/www.linkedin.com\/company\/5346733\/","https:\/\/www.youtube.com\/channel\/UCzS-_GMfHF4kWiCheyIRrAQ"]}]}},"_links":{"self":[{"href":"https:\/\/www.quartix.com\/es-us\/wp-json\/wp\/v2\/pages\/22297","targetHints":{"allow":["GET"]}}],"collection":[{"href":"https:\/\/www.quartix.com\/es-us\/wp-json\/wp\/v2\/pages"}],"about":[{"href":"https:\/\/www.quartix.com\/es-us\/wp-json\/wp\/v2\/types\/page"}],"author":[{"embeddable":true,"href":"https:\/\/www.quartix.com\/es-us\/wp-json\/wp\/v2\/users\/6"}],"replies":[{"embeddable":true,"href":"https:\/\/www.quartix.com\/es-us\/wp-json\/wp\/v2\/comments?post=22297"}],"version-history":[{"count":0,"href":"https:\/\/www.quartix.com\/es-us\/wp-json\/wp\/v2\/pages\/22297\/revisions"}],"up":[{"embeddable":true,"href":"https:\/\/www.quartix.com\/es-us\/wp-json\/wp\/v2\/pages\/23030"}],"wp:attachment":[{"href":"https:\/\/www.quartix.com\/es-us\/wp-json\/wp\/v2\/media?parent=22297"}],"wp:term":[{"taxonomy":"topic","embeddable":true,"href":"https:\/\/www.quartix.com\/es-us\/wp-json\/wp\/v2\/topic?post=22297"},{"taxonomy":"qtx_campaign","embeddable":true,"href":"https:\/\/www.quartix.com\/es-us\/wp-json\/wp\/v2\/qtx_campaign?post=22297"}],"curies":[{"name":"wp","href":"https:\/\/api.w.org\/{rel}","templated":true}]}}