{"id":22301,"date":"2019-05-09T17:47:12","date_gmt":"2019-05-09T17:47:12","guid":{"rendered":" https:\/\/www.quartix.com\/guia-de-instalacion-de-conecte-y-rastree\/"},"modified":"2022-10-14T11:58:31","modified_gmt":"2022-10-14T10:58:31","slug":"guia-de-instalacion-de-conecte-y-rastree","status":"publish","type":"page","link":"https:\/\/www.quartix.com\/es-us\/guia-de-instalacion-de-conecte-y-rastree\/","title":{"rendered":"Gu\u00eda de Instalaci\u00f3n de Conecte y Rastre\u00e9"},"content":{"rendered":"\n<div class=\"wp-block-columns is-layout-flex wp-container-core-columns-is-layout-28f84493 wp-block-columns-is-layout-flex\">\n<div class=\"wp-block-column is-layout-flow wp-block-column-is-layout-flow\">\n<h2 class=\"wp-block-heading\">Opci\u00f3n de Instalaci\u00f3n Conecte y Rastre\u00e9<\/h2>\n\n\n\n<p>La opci\u00f3n de instalaci\u00f3n de Conecte y Rastre\u00e9 de Quartix es ideal para cuando las soluciones con cableado no son factibles por la necesidad de mover unidades de rastreo de un veh\u00edculo a otro.<\/p>\n\n\n\n<p>Ejemplos en los que esto podr\u00eda favorecer a su negocio:<\/p>\n\n\n\n<p><strong>Subcontratistas temporales<\/strong><br>Si usted necesita rastrear temporalmente subcontratistas, la opci\u00f3n Conecte y Rastre\u00e9 le proporciona acceso a todo los datos de monitoreo y rastreo para ambos, sus contratistas temporales as\u00ed como sus empleados permanentes. Esto le proporciona informaci\u00f3n consistente y tranquilidad sobre sus veh\u00edculos nuevos y temporales.<\/p>\n\n\n\n<p><strong>Reemplazo de Veh\u00edculos <\/strong><br>Un gran beneficio de usar Conecte y Rastre\u00e9 donde usted necesita reemplazar veh\u00edculos en su flota en un futuro pr\u00f3ximo, usted puede f\u00e1cilmente mover los dispositivos de un veh\u00edculo a otro y &nbsp;simplemente iniciar sesi\u00f3n para cambiar los detalles de registro asociados a la identificaci\u00f3n espec\u00edfica del veh\u00edculo. Esto le ahorra tiempo y dinero.<\/p>\n\n\n\n<p><strong>Veh\u00edculos en Arrendamiento \/ Renta<\/strong><br>Muchas empresas contratan camionetas o veh\u00edculos para llenar el faltante en aquellas ocasiones, en las que los veh\u00edculos est\u00e1n fuera de circulaci\u00f3n por reparaciones o para satisfacer un aumento de la demanda de sus clientes. Usar Quartix Contecte y Rastre\u00e9 es una gran forma de asegurar que el veh\u00edculo en arrendamiento es rastreado de la misma forma que el resto de su flota. Asegur\u00e1ndose que no habr\u00e1 disparidad en la informaci\u00f3n de su flota, ya sea que us\u00f3 veh\u00edculos arrendados o de su propiedad.<\/p>\n<\/div>\n\n\n\n<div class=\"wp-block-column is-layout-flow wp-block-column-is-layout-flow\">\n<h2 class=\"wp-block-heading\">Pruebe una demostraci\u00f3n gratis ahora<\/h2>\n\n\n\n<p>Vea usted mismo como Quartix trabaja con nuestra demostraci\u00f3n en tiempo real gratis.<\/p>\n\n\n\n<div class=\"wpcf7 no-js\" id=\"wpcf7-f74227-o1\" lang=\"es-US\" dir=\"ltr\" data-wpcf7-id=\"74227\">\n<div class=\"screen-reader-response\"><p role=\"status\" aria-live=\"polite\" aria-atomic=\"true\"><\/p> <ul><\/ul><\/div>\n<form action=\"\/es-us\/wp-json\/wp\/v2\/pages\/22301#wpcf7-f74227-o1\" method=\"post\" class=\"wpcf7-form init\" aria-label=\"Contact form\" novalidate=\"novalidate\" data-status=\"init\">\n<fieldset class=\"hidden-fields-container\"><input type=\"hidden\" name=\"_wpcf7\" value=\"74227\" \/><input type=\"hidden\" name=\"_wpcf7_version\" value=\"6.1.5\" \/><input type=\"hidden\" name=\"_wpcf7_locale\" value=\"es_US\" \/><input type=\"hidden\" name=\"_wpcf7_unit_tag\" value=\"wpcf7-f74227-o1\" \/><input type=\"hidden\" name=\"_wpcf7_container_post\" value=\"0\" \/><input type=\"hidden\" name=\"_wpcf7_posted_data_hash\" value=\"\" \/><input type=\"hidden\" name=\"_wpcf7cf_hidden_group_fields\" value=\"[]\" \/><input type=\"hidden\" name=\"_wpcf7cf_hidden_groups\" value=\"[]\" \/><input type=\"hidden\" name=\"_wpcf7cf_visible_groups\" value=\"[]\" \/><input type=\"hidden\" name=\"_wpcf7cf_repeaters\" value=\"[]\" \/><input type=\"hidden\" name=\"_wpcf7cf_steps\" value=\"{}\" \/><input type=\"hidden\" name=\"_wpcf7cf_options\" value=\"{&quot;form_id&quot;:74227,&quot;conditions&quot;:[],&quot;settings&quot;:{&quot;animation&quot;:&quot;yes&quot;,&quot;animation_intime&quot;:200,&quot;animation_outtime&quot;:200,&quot;conditions_ui&quot;:&quot;normal&quot;,&quot;notice_dismissed&quot;:false,&quot;notice_dismissed_update-cf7-6.0&quot;:true,&quot;notice_dismissed_update-cf7-6.0.1&quot;:true,&quot;notice_dismissed_update-cf7-6.0.2&quot;:true,&quot;notice_dismissed_rollback-cf7-6.0.5&quot;:true}}\" \/><input type=\"hidden\" name=\"_wpcf7_recaptcha_response\" value=\"\" \/>\n<\/fieldset>\n<div class=\"input-wrapper\"><span class=\"icon icon-face\"><\/span><span class=\"wpcf7-form-control-wrap\" data-name=\"first_name\"><input size=\"40\" maxlength=\"400\" class=\"wpcf7-form-control wpcf7-text wpcf7-validates-as-required\" aria-required=\"true\" aria-invalid=\"false\" placeholder=\"Nombre *\" value=\"\" type=\"text\" name=\"first_name\" \/><\/span><span class=\"wpcf7-form-control-wrap\" data-name=\"last_name\"><input size=\"40\" maxlength=\"400\" class=\"wpcf7-form-control wpcf7-text wpcf7-validates-as-required\" aria-required=\"true\" aria-invalid=\"false\" placeholder=\"Apellido *\" value=\"\" type=\"text\" name=\"last_name\" \/><\/span><\/div>\n<div class=\"input-wrapper\"><span class=\"icon icon-envelope\"><\/span><span class=\"wpcf7-form-control-wrap\" data-name=\"email\"><input size=\"40\" maxlength=\"400\" class=\"wpcf7-form-control wpcf7-email wpcf7-validates-as-required wpcf7-text wpcf7-validates-as-email\" aria-required=\"true\" aria-invalid=\"false\" placeholder=\"Correo electr\u00f3nico *\" value=\"\" type=\"email\" name=\"email\" \/><\/span><\/div>\n<div class=\"input-wrapper\"><span class=\"icon icon-company\"><\/span><span class=\"wpcf7-form-control-wrap\" data-name=\"company\"><input size=\"40\" maxlength=\"400\" class=\"wpcf7-form-control wpcf7-text wpcf7-validates-as-required\" aria-required=\"true\" aria-invalid=\"false\" placeholder=\"Empresa *\" value=\"\" type=\"text\" name=\"company\" \/><\/span><\/div>\n<div class=\"input-wrapper\"><span class=\"icon icon-telephone\"><\/span><span class=\"wpcf7-form-control-wrap\" data-name=\"phone\"><input size=\"40\" maxlength=\"400\" class=\"wpcf7-form-control wpcf7-tel wpcf7-validates-as-required wpcf7-text wpcf7-validates-as-tel\" aria-required=\"true\" aria-invalid=\"false\" placeholder=\"Tel\u00e9fono *\" value=\"\" type=\"tel\" name=\"phone\" \/><\/span><\/div>\n<div class=\"input-wrapper\"><span class=\"icon icon-vehicles\"><\/span><span class=\"wpcf7-form-control-wrap\" data-name=\"number_of_vehicles\"><input class=\"wpcf7-form-control wpcf7-number wpcf7-validates-as-required wpcf7-validates-as-number\" min=\"1\" aria-required=\"true\" aria-invalid=\"false\" placeholder=\"N\u00famero de veh\u00edculos *\" value=\"\" type=\"number\" name=\"number_of_vehicles\" \/><\/span><\/div>\n\n<input type=\"hidden\" name=\"thankyouURL\" value=\"\/es-us\/agradecimiento-solicitud-de-demostracion\/\" class=\"wpcf7-form-control wpcf7-hidden\" id=\"thankyouURL\">\n<input type=\"hidden\" name=\"pardot_extra_field\" value=\"\" class=\"wpcf7-form-control wpcf7-hidden\">\n<input type=\"hidden\" name=\"page_title\" value=\"No post title\" class=\"wpcf7-form-control wpcf7-hidden\">\n<div class=\"recatpcha-text\">Este sitio est\u00e1 protegido por reCAPTCHA y se aplican la <a href=\"https:\/\/policies.google.com\/privacy?hl=es-419\">Pol\u00edtica de privacidad<\/a> y los <a href=\"https:\/\/policies.google.com\/terms?hl=es-419\">T\u00e9rminos de servicio<\/a> de Google.<\/div>\n<div class=\"input-wrapper\"><input class=\"wpcf7-form-control wpcf7-submit has-spinner icon-plane\" type=\"submit\" value=\"Env\u00edenme un enlace para la demostraci\u00f3n\" \/><\/div><div class=\"wpcf7-response-output\" aria-hidden=\"true\"><\/div>\n<\/form>\n<\/div>\n\n<\/div>\n<\/div>\n\n\n\n<div class=\"wp-block-columns is-layout-flex wp-container-core-columns-is-layout-28f84493 wp-block-columns-is-layout-flex\">\n<div class=\"wp-block-column is-layout-flow wp-block-column-is-layout-flow\">\n<figure class=\"wp-block-image aligncenter\"><img decoding=\"async\" src=\" https:\/\/www.quartix.com\/content\/uploads\/2018\/03\/TCSV10-OBD-e1521647996129.png\" alt=\"\"\/><\/figure>\n<\/div>\n\n\n\n<div class=\"wp-block-column is-layout-flow wp-block-column-is-layout-flow\">\n<h2 class=\"wp-block-heading\">Descargue la gu\u00eda de Autoinstalaci\u00f3n Conecte y Rastre\u00e9<\/h2>\n\n\n\n<p>Los dispositivos de rastreo de veh\u00edculo Quartix son muy f\u00e1ciles de instalar. Usted puede descargar y seguir la gu\u00eda paso a paso tan pronto reciba su dispositivo.<\/p>\n\n\n\n<p><a href=\"https:\/\/go.pardot.com\/l\/375002\/2018-03-22\/5mbbr9\/375002\/260738\/Plug___Track_Installation_Guide__English_.pdf\">Download English guide<\/a><br><a href=\"https:\/\/go.pardot.com\/l\/375002\/2018-03-22\/5mbc11\/375002\/260750\/Plug___Track_Installation_Guide__Spanish_.pdf\">Descargar la gu\u00eda en espa\u00f1ol<\/a><\/p>\n<\/div>\n<\/div>\n\n\n\n<div class=\"wp-block-columns is-layout-flex wp-container-core-columns-is-layout-28f84493 wp-block-columns-is-layout-flex\">\n<div class=\"wp-block-column is-layout-flow wp-block-column-is-layout-flow\">\n<figure class=\"wp-block-embed aligncenter is-type-video is-provider-youtube wp-block-embed-youtube wp-embed-aspect-16-9 wp-has-aspect-ratio\"><div class=\"wp-block-embed__wrapper\">\n<iframe loading=\"lazy\" title=\"Plug &amp; Track Installation Video Guide\" width=\"640\" height=\"360\" src=\"https:\/\/www.youtube.com\/embed\/oD6Dd_rphS8?feature=oembed\" frameborder=\"0\" allow=\"accelerometer; autoplay; clipboard-write; encrypted-media; gyroscope; picture-in-picture; web-share\" referrerpolicy=\"strict-origin-when-cross-origin\" allowfullscreen><\/iframe>\n<\/div><\/figure>\n<\/div>\n\n\n\n<div class=\"wp-block-column is-layout-flow wp-block-column-is-layout-flow\">\n<h2 class=\"wp-block-heading\">Ver video de instalaci\u00f3n (Conecte y Rastre\u00e9)<\/h2>\n\n\n\n<p>Usted tambi\u00e9n puede ver este video con detalles paso a paso de c\u00f3mo instalar su dispositivo de rastreo Quartix.<\/p>\n\n\n\n<p><a style=\"background-color: #ffffff;\" href=\"https:\/\/www.youtube.com\/watch?v=1RB0KLnVoMc\">Video gu\u00eda paso a paso en espa\u00f1ol<\/a><\/p>\n<\/div>\n<\/div>\n\n\n\n<div class=\"wp-block-columns is-layout-flex wp-container-core-columns-is-layout-28f84493 wp-block-columns-is-layout-flex\">\n<div class=\"wp-block-column is-layout-flow wp-block-column-is-layout-flow\">\n<h2 class=\"wp-block-heading\">Tipos de Puerto OBD<\/h2>\n\n\n\n<p>Una vez que haya localizado el puerto OBD, usted necesitar\u00e1 informarnos qu\u00e9 tipo de puerto OBD tiene para enviarle los cables adecuados.<\/p>\n<\/div>\n\n\n\n<div class=\"wp-block-column is-layout-flow wp-block-column-is-layout-flow\">\n<figure class=\"wp-block-image aligncenter\"><img decoding=\"async\" src=\" https:\/\/www.quartix.com\/content\/uploads\/2018\/04\/OBD-Port-Types-1-1000x321.png\" alt=\"\"\/><\/figure>\n<\/div>\n<\/div>\n","protected":false},"excerpt":{"rendered":"<p>Opci\u00f3n de Instalaci\u00f3n Conecte y Rastre\u00e9 La opci\u00f3n de instalaci\u00f3n de Conecte y Rastre\u00e9 de Quartix es ideal para cuando las soluciones con cableado no son factibles por la necesidad de mover unidades de rastreo de un veh\u00edculo a otro. Ejemplos en los que esto podr\u00eda favorecer a su negocio: Subcontratistas temporalesSi usted necesita rastrear [&hellip;]<\/p>\n","protected":false},"author":2,"featured_media":0,"parent":0,"menu_order":1100,"comment_status":"closed","ping_status":"closed","template":"","meta":{"_acf_changed":false,"inline_featured_image":false,"footnotes":""},"topic":[],"qtx_campaign":[],"class_list":["post-22301","page","type-page","status-publish","hentry"],"acf":[],"yoast_head":"<!-- This site is optimized with the Yoast SEO Premium plugin v27.2 (Yoast SEO v27.2) - https:\/\/yoast.com\/product\/yoast-seo-premium-wordpress\/ -->\n<title>Gu\u00eda de instalaci\u00f3n Conecte y Rastre\u00e9 OBD - US<\/title>\n<meta name=\"description\" content=\"Quartix Conecte y Rastre\u00e9 es un dispositivo r\u00e1pido de instalar que viene con el mismo poderoso y demostrado sistema de reporte basado en la web que usted recibe con nuestro dispositivo cableado. El sistema de rastreo OBD autoinstalable es ideal para aquellos que necesitan una soluci\u00f3n simple y r\u00e1pida para intercambiar rastreadores entre veh\u00edculos.\" \/>\n<meta name=\"robots\" content=\"index, follow, max-snippet:-1, max-image-preview:large, max-video-preview:-1\" \/>\n<link rel=\"canonical\" href=\"https:\/\/www.quartix.com\/es-us\/guia-de-instalacion-de-conecte-y-rastree\/\" \/>\n<meta property=\"og:locale\" content=\"es_ES\" \/>\n<meta property=\"og:type\" content=\"article\" \/>\n<meta property=\"og:title\" content=\"Gu\u00eda de Instalaci\u00f3n de Conecte y Rastre\u00e9\" \/>\n<meta property=\"og:description\" content=\"Quartix Conecte y Rastre\u00e9 es un dispositivo r\u00e1pido de instalar que viene con el mismo poderoso y demostrado sistema de reporte basado en la web que usted recibe con nuestro dispositivo cableado. El sistema de rastreo OBD autoinstalable es ideal para aquellos que necesitan una soluci\u00f3n simple y r\u00e1pida para intercambiar rastreadores entre veh\u00edculos.\" \/>\n<meta property=\"og:url\" content=\"https:\/\/www.quartix.com\/es-us\/guia-de-instalacion-de-conecte-y-rastree\/\" \/>\n<meta property=\"og:site_name\" content=\"Quartix\" \/>\n<meta property=\"article:publisher\" content=\"https:\/\/www.facebook.com\/Quartix-USA-374426386097401\/\" \/>\n<meta property=\"article:modified_time\" content=\"2022-10-14T10:58:31+00:00\" \/>\n<meta name=\"twitter:card\" content=\"summary_large_image\" \/>\n<meta name=\"twitter:site\" content=\"@QuartixUSA\" \/>\n<meta name=\"twitter:label1\" content=\"Est. reading time\" \/>\n\t<meta name=\"twitter:data1\" content=\"3 minutes\" \/>\n<!-- \/ Yoast SEO Premium plugin. -->","yoast_head_json":{"title":"Gu\u00eda de instalaci\u00f3n Conecte y Rastre\u00e9 OBD - US","description":"Quartix Conecte y Rastre\u00e9 es un dispositivo r\u00e1pido de instalar que viene con el mismo poderoso y demostrado sistema de reporte basado en la web que usted recibe con nuestro dispositivo cableado. El sistema de rastreo OBD autoinstalable es ideal para aquellos que necesitan una soluci\u00f3n simple y r\u00e1pida para intercambiar rastreadores entre veh\u00edculos.","robots":{"index":"index","follow":"follow","max-snippet":"max-snippet:-1","max-image-preview":"max-image-preview:large","max-video-preview":"max-video-preview:-1"},"canonical":"https:\/\/www.quartix.com\/es-us\/guia-de-instalacion-de-conecte-y-rastree\/","og_locale":"es_ES","og_type":"article","og_title":"Gu\u00eda de Instalaci\u00f3n de Conecte y Rastre\u00e9","og_description":"Quartix Conecte y Rastre\u00e9 es un dispositivo r\u00e1pido de instalar que viene con el mismo poderoso y demostrado sistema de reporte basado en la web que usted recibe con nuestro dispositivo cableado. El sistema de rastreo OBD autoinstalable es ideal para aquellos que necesitan una soluci\u00f3n simple y r\u00e1pida para intercambiar rastreadores entre veh\u00edculos.","og_url":"https:\/\/www.quartix.com\/es-us\/guia-de-instalacion-de-conecte-y-rastree\/","og_site_name":"Quartix","article_publisher":"https:\/\/www.facebook.com\/Quartix-USA-374426386097401\/","article_modified_time":"2022-10-14T10:58:31+00:00","twitter_card":"summary_large_image","twitter_site":"@QuartixUSA","twitter_misc":{"Est. reading time":"3 minutes"},"schema":{"@context":"https:\/\/schema.org","@graph":[{"@type":"WebPage","@id":"https:\/\/www.quartix.com\/es-us\/guia-de-instalacion-de-conecte-y-rastree\/","url":"https:\/\/www.quartix.com\/es-us\/guia-de-instalacion-de-conecte-y-rastree\/","name":"Gu\u00eda de instalaci\u00f3n Conecte y Rastre\u00e9 OBD","isPartOf":{"@id":"https:\/\/www.quartix.com\/es-us\/#website"},"datePublished":"2019-05-09T17:47:12+00:00","dateModified":"2022-10-14T10:58:31+00:00","description":"Quartix Conecte y Rastre\u00e9 es un dispositivo r\u00e1pido de instalar que viene con el mismo poderoso y demostrado sistema de reporte basado en la web que usted recibe con nuestro dispositivo cableado. El sistema de rastreo OBD autoinstalable es ideal para aquellos que necesitan una soluci\u00f3n simple y r\u00e1pida para intercambiar rastreadores entre veh\u00edculos.","breadcrumb":{"@id":"https:\/\/www.quartix.com\/es-us\/guia-de-instalacion-de-conecte-y-rastree\/#breadcrumb"},"inLanguage":"es-US","potentialAction":[{"@type":"ReadAction","target":["https:\/\/www.quartix.com\/es-us\/guia-de-instalacion-de-conecte-y-rastree\/"]}]},{"@type":"BreadcrumbList","@id":"https:\/\/www.quartix.com\/es-us\/guia-de-instalacion-de-conecte-y-rastree\/#breadcrumb","itemListElement":[{"@type":"ListItem","position":1,"name":"Inicio","item":"https:\/\/www.quartix.com\/es-us\/quartix-real-time-vehicle-tracking-2\/"},{"@type":"ListItem","position":2,"name":"Gu\u00eda de Instalaci\u00f3n de Conecte y Rastre\u00e9"}]},{"@type":"WebSite","@id":"https:\/\/www.quartix.com\/es-us\/#website","url":"https:\/\/www.quartix.com\/es-us\/","name":"Quartix","description":"Real-time vehicle tracking","publisher":{"@id":"https:\/\/www.quartix.com\/es-us\/#organization"},"potentialAction":[{"@type":"SearchAction","target":{"@type":"EntryPoint","urlTemplate":"https:\/\/www.quartix.com\/es-us\/?s={search_term_string}"},"query-input":{"@type":"PropertyValueSpecification","valueRequired":true,"valueName":"search_term_string"}}],"inLanguage":"es-US"},{"@type":"Organization","@id":"https:\/\/www.quartix.com\/es-us\/#organization","name":"Quartix","url":"https:\/\/www.quartix.com\/es-us\/","logo":{"@type":"ImageObject","inLanguage":"es-US","@id":"https:\/\/www.quartix.com\/es-us\/#\/schema\/logo\/image\/","url":"https:\/\/www.quartix.com\/content\/uploads\/2019\/02\/quartix-logo-eur.svg","contentUrl":"https:\/\/www.quartix.com\/content\/uploads\/2019\/02\/quartix-logo-eur.svg","width":1,"height":1,"caption":"Quartix"},"image":{"@id":"https:\/\/www.quartix.com\/es-us\/#\/schema\/logo\/image\/"},"sameAs":["https:\/\/www.facebook.com\/Quartix-USA-374426386097401\/","https:\/\/x.com\/QuartixUSA","https:\/\/www.linkedin.com\/company\/5346733\/","https:\/\/www.youtube.com\/channel\/UCzS-_GMfHF4kWiCheyIRrAQ"]}]}},"_links":{"self":[{"href":"https:\/\/www.quartix.com\/es-us\/wp-json\/wp\/v2\/pages\/22301","targetHints":{"allow":["GET"]}}],"collection":[{"href":"https:\/\/www.quartix.com\/es-us\/wp-json\/wp\/v2\/pages"}],"about":[{"href":"https:\/\/www.quartix.com\/es-us\/wp-json\/wp\/v2\/types\/page"}],"author":[{"embeddable":true,"href":"https:\/\/www.quartix.com\/es-us\/wp-json\/wp\/v2\/users\/2"}],"replies":[{"embeddable":true,"href":"https:\/\/www.quartix.com\/es-us\/wp-json\/wp\/v2\/comments?post=22301"}],"version-history":[{"count":0,"href":"https:\/\/www.quartix.com\/es-us\/wp-json\/wp\/v2\/pages\/22301\/revisions"}],"wp:attachment":[{"href":"https:\/\/www.quartix.com\/es-us\/wp-json\/wp\/v2\/media?parent=22301"}],"wp:term":[{"taxonomy":"topic","embeddable":true,"href":"https:\/\/www.quartix.com\/es-us\/wp-json\/wp\/v2\/topic?post=22301"},{"taxonomy":"qtx_campaign","embeddable":true,"href":"https:\/\/www.quartix.com\/es-us\/wp-json\/wp\/v2\/qtx_campaign?post=22301"}],"curies":[{"name":"wp","href":"https:\/\/api.w.org\/{rel}","templated":true}]}}