{"id":22309,"date":"2019-05-09T18:01:55","date_gmt":"2019-05-09T18:01:55","guid":{"rendered":" https:\/\/www.quartix.com\/agradecimiento-atencion-al-cliente\/"},"modified":"2022-04-27T14:43:39","modified_gmt":"2022-04-27T13:43:39","slug":"agradecimiento-atencion-al-cliente","status":"publish","type":"page","link":"https:\/\/www.quartix.com\/es-us\/agradecimiento-atencion-al-cliente\/","title":{"rendered":"Agradecimiento &#8211; Atenci\u00f3n al cliente"},"content":{"rendered":"\n<h2 class=\"has-text-align-center wp-block-heading\">Su pregunta ha sido enviada al equipo de atenci\u00f3n al cliente de Quartix<\/h2>\n\n\n\n<p class=\"has-text-align-center\">Nos pondremos en contacto con usted lo m\u00e1s pronto posible.<\/p>\n\n\n<section  class=\"qtx-pagebuilder-section qtx-pagebuilder-section-card per-row-3\">\r\n\r\n\r\n<div class=\"cardcontainer\">\r\n            \r\n    <div class=\"cardimage\" >\r\n        <img loading=\"lazy\" decoding=\"async\" width=\"300\" height=\"300\" src=\"https:\/\/www.quartix.com\/content\/uploads\/2022\/04\/save_in_.svg\" class=\"\" alt=\"\" \/>  \r\n    <\/div>\r\n        <div class=\"seperator\"><\/div>\r\n    <div class=\"cardcontent\">\r\n        <h3>AHORRE<\/h3>        <p>Ahorre en combustible y mantenimiento de veh\u00edculos<\/p>\n        \r\n    <\/div>\r\n<\/div>\r\n\r\n\r\n        \r\n\r\n<div class=\"cardcontainer\">\r\n            \r\n    <div class=\"cardimage\" >\r\n        <img loading=\"lazy\" decoding=\"async\" width=\"300\" height=\"300\" src=\"https:\/\/www.quartix.com\/content\/uploads\/2020\/06\/protection_shield-300x300.png\" class=\"\" alt=\"driver and vehicle safety\" srcset=\"https:\/\/www.quartix.com\/content\/uploads\/2020\/06\/protection_shield-300x300.png 300w, https:\/\/www.quartix.com\/content\/uploads\/2020\/06\/protection_shield-150x150.png 150w, https:\/\/www.quartix.com\/content\/uploads\/2020\/06\/protection_shield.png 340w\" sizes=\"auto, (max-width: 300px) 100vw, 300px\" \/>  \r\n    <\/div>\r\n        <div class=\"seperator\"><\/div>\r\n    <div class=\"cardcontent\">\r\n        <h3>PROTEJA<\/h3>        <p>Proteja su personal y la reputaci\u00f3n de su empresa<\/p>\n        \r\n    <\/div>\r\n<\/div>\r\n\r\n\r\n        \r\n\r\n<div class=\"cardcontainer\">\r\n            \r\n    <div class=\"cardimage\" >\r\n        <img loading=\"lazy\" decoding=\"async\" width=\"300\" height=\"300\" src=\"https:\/\/www.quartix.com\/content\/uploads\/2019\/07\/graph-image-300x300.png\" class=\"\" alt=\"\" srcset=\"https:\/\/www.quartix.com\/content\/uploads\/2019\/07\/graph-image-300x300.png 300w, https:\/\/www.quartix.com\/content\/uploads\/2019\/07\/graph-image-150x150.png 150w, https:\/\/www.quartix.com\/content\/uploads\/2019\/07\/graph-image.png 340w\" sizes=\"auto, (max-width: 300px) 100vw, 300px\" \/>  \r\n    <\/div>\r\n        <div class=\"seperator\"><\/div>\r\n    <div class=\"cardcontent\">\r\n        <h3>CREZCA<\/h3>        <p>Aumente su productividad y expanda su negocio<\/p>\n        \r\n    <\/div>\r\n<\/div>\r\n\r\n\r\n        <\/section>\r\n    ","protected":false},"excerpt":{"rendered":"<p>Su pregunta ha sido enviada al equipo de atenci\u00f3n al cliente de Quartix Nos pondremos en contacto con usted lo m\u00e1s pronto posible.<\/p>\n","protected":false},"author":12,"featured_media":0,"parent":0,"menu_order":8875,"comment_status":"closed","ping_status":"closed","template":"","meta":{"_acf_changed":false,"inline_featured_image":false,"footnotes":""},"topic":[],"qtx_campaign":[],"class_list":["post-22309","page","type-page","status-publish","hentry"],"acf":[],"yoast_head":"<!-- This site is optimized with the Yoast SEO Premium plugin v27.3 (Yoast SEO v27.3) - https:\/\/yoast.com\/product\/yoast-seo-premium-wordpress\/ -->\n<title>Agradecimiento - Atenci\u00f3n al cliente - US<\/title>\n<meta name=\"robots\" content=\"noindex, nofollow\" \/>\n<meta property=\"og:locale\" content=\"es_ES\" \/>\n<meta property=\"og:type\" content=\"article\" \/>\n<meta property=\"og:title\" content=\"Agradecimiento - Atenci\u00f3n al cliente\" \/>\n<meta property=\"og:description\" content=\"Su pregunta ha sido enviada al equipo de atenci\u00f3n al cliente de Quartix Nos pondremos en contacto con usted lo m\u00e1s pronto posible.\" \/>\n<meta property=\"og:url\" content=\"https:\/\/www.quartix.com\/es-us\/agradecimiento-atencion-al-cliente\/\" \/>\n<meta property=\"og:site_name\" content=\"Quartix\" \/>\n<meta property=\"article:publisher\" content=\"https:\/\/www.facebook.com\/Quartix-USA-374426386097401\/\" \/>\n<meta property=\"article:modified_time\" content=\"2022-04-27T13:43:39+00:00\" \/>\n<meta name=\"twitter:card\" content=\"summary_large_image\" \/>\n<meta name=\"twitter:site\" content=\"@QuartixUSA\" \/>\n<meta name=\"twitter:label1\" content=\"Est. reading time\" \/>\n\t<meta name=\"twitter:data1\" content=\"1 minute\" \/>\n<!-- \/ Yoast SEO Premium plugin. -->","yoast_head_json":{"title":"Agradecimiento - Atenci\u00f3n al cliente - US","robots":{"index":"noindex","follow":"nofollow"},"og_locale":"es_ES","og_type":"article","og_title":"Agradecimiento - Atenci\u00f3n al cliente","og_description":"Su pregunta ha sido enviada al equipo de atenci\u00f3n al cliente de Quartix Nos pondremos en contacto con usted lo m\u00e1s pronto posible.","og_url":"https:\/\/www.quartix.com\/es-us\/agradecimiento-atencion-al-cliente\/","og_site_name":"Quartix","article_publisher":"https:\/\/www.facebook.com\/Quartix-USA-374426386097401\/","article_modified_time":"2022-04-27T13:43:39+00:00","twitter_card":"summary_large_image","twitter_site":"@QuartixUSA","twitter_misc":{"Est. reading time":"1 minute"},"schema":{"@context":"https:\/\/schema.org","@graph":[{"@type":"WebPage","@id":"https:\/\/www.quartix.com\/es-us\/agradecimiento-atencion-al-cliente\/","url":"https:\/\/www.quartix.com\/es-us\/agradecimiento-atencion-al-cliente\/","name":"Agradecimiento - Atenci\u00f3n al cliente","isPartOf":{"@id":"https:\/\/www.quartix.com\/es-us\/#website"},"datePublished":"2019-05-09T18:01:55+00:00","dateModified":"2022-04-27T13:43:39+00:00","breadcrumb":{"@id":"https:\/\/www.quartix.com\/es-us\/agradecimiento-atencion-al-cliente\/#breadcrumb"},"inLanguage":"es-US","potentialAction":[{"@type":"ReadAction","target":["https:\/\/www.quartix.com\/es-us\/agradecimiento-atencion-al-cliente\/"]}]},{"@type":"BreadcrumbList","@id":"https:\/\/www.quartix.com\/es-us\/agradecimiento-atencion-al-cliente\/#breadcrumb","itemListElement":[{"@type":"ListItem","position":1,"name":"Inicio","item":"https:\/\/www.quartix.com\/es-us\/quartix-real-time-vehicle-tracking-2\/"},{"@type":"ListItem","position":2,"name":"Agradecimiento &#8211; Atenci\u00f3n al cliente"}]},{"@type":"WebSite","@id":"https:\/\/www.quartix.com\/es-us\/#website","url":"https:\/\/www.quartix.com\/es-us\/","name":"Quartix","description":"Real-time vehicle tracking","publisher":{"@id":"https:\/\/www.quartix.com\/es-us\/#organization"},"potentialAction":[{"@type":"SearchAction","target":{"@type":"EntryPoint","urlTemplate":"https:\/\/www.quartix.com\/es-us\/?s={search_term_string}"},"query-input":{"@type":"PropertyValueSpecification","valueRequired":true,"valueName":"search_term_string"}}],"inLanguage":"es-US"},{"@type":"Organization","@id":"https:\/\/www.quartix.com\/es-us\/#organization","name":"Quartix","url":"https:\/\/www.quartix.com\/es-us\/","logo":{"@type":"ImageObject","inLanguage":"es-US","@id":"https:\/\/www.quartix.com\/es-us\/#\/schema\/logo\/image\/","url":"https:\/\/www.quartix.com\/content\/uploads\/2019\/02\/quartix-logo-eur.svg","contentUrl":"https:\/\/www.quartix.com\/content\/uploads\/2019\/02\/quartix-logo-eur.svg","width":1,"height":1,"caption":"Quartix"},"image":{"@id":"https:\/\/www.quartix.com\/es-us\/#\/schema\/logo\/image\/"},"sameAs":["https:\/\/www.facebook.com\/Quartix-USA-374426386097401\/","https:\/\/x.com\/QuartixUSA","https:\/\/www.linkedin.com\/company\/5346733\/","https:\/\/www.youtube.com\/channel\/UCzS-_GMfHF4kWiCheyIRrAQ"]}]}},"_links":{"self":[{"href":"https:\/\/www.quartix.com\/es-us\/wp-json\/wp\/v2\/pages\/22309","targetHints":{"allow":["GET"]}}],"collection":[{"href":"https:\/\/www.quartix.com\/es-us\/wp-json\/wp\/v2\/pages"}],"about":[{"href":"https:\/\/www.quartix.com\/es-us\/wp-json\/wp\/v2\/types\/page"}],"author":[{"embeddable":true,"href":"https:\/\/www.quartix.com\/es-us\/wp-json\/wp\/v2\/users\/12"}],"replies":[{"embeddable":true,"href":"https:\/\/www.quartix.com\/es-us\/wp-json\/wp\/v2\/comments?post=22309"}],"version-history":[{"count":0,"href":"https:\/\/www.quartix.com\/es-us\/wp-json\/wp\/v2\/pages\/22309\/revisions"}],"wp:attachment":[{"href":"https:\/\/www.quartix.com\/es-us\/wp-json\/wp\/v2\/media?parent=22309"}],"wp:term":[{"taxonomy":"topic","embeddable":true,"href":"https:\/\/www.quartix.com\/es-us\/wp-json\/wp\/v2\/topic?post=22309"},{"taxonomy":"qtx_campaign","embeddable":true,"href":"https:\/\/www.quartix.com\/es-us\/wp-json\/wp\/v2\/qtx_campaign?post=22309"}],"curies":[{"name":"wp","href":"https:\/\/api.w.org\/{rel}","templated":true}]}}