{"id":22325,"date":"2019-05-10T05:31:21","date_gmt":"2019-05-10T05:31:21","guid":{"rendered":" https:\/\/www.quartix.com\/seguimiento-de-vehiculos\/"},"modified":"2023-07-13T13:22:38","modified_gmt":"2023-07-13T12:22:38","slug":"seguimiento-de-vehiculos","status":"publish","type":"page","link":"https:\/\/www.quartix.com\/es-us\/localizador-vehiculos\/seguimiento-de-vehiculos\/","title":{"rendered":"Seguimiento de Veh\u00edculos"},"content":{"rendered":"\n<div class=\"wp-block-columns is-layout-flex wp-container-core-columns-is-layout-28f84493 wp-block-columns-is-layout-flex\">\n<div class=\"wp-block-column is-layout-flow wp-block-column-is-layout-flow\">\n<h2 class=\"wp-block-heading\">Vea ahora mismo d\u00f3nde est\u00e1n sus veh\u00edculos<\/h2>\n\n\n\n<p>Rastree sus veh\u00edculos y conductores en tiempo real. No necesita software adicional &#8211; todo se accede a trav\u00e9s de la web.<\/p>\n\n\n\n<p>Con nuestro mapa de rastreo de veh\u00edculos respaldado por Google, usted puede acceder a toda la informaci\u00f3n de su veh\u00edculo y conductor para ver hojas de horas y mapas de ruta diarios.<\/p>\n\n\n\n<p>Nuestro sistema est\u00e1 dise\u00f1ado para que usted pueda navegar f\u00e1cilmente de un reporte o mapa a otro para profundizar con m\u00e1s detalle.<\/p>\n<\/div>\n\n\n\n<div class=\"wp-block-column is-layout-flow wp-block-column-is-layout-flow\">\n<figure class=\"wp-block-image aligncenter\"><img decoding=\"async\" src=\" https:\/\/www.quartix.com\/content\/uploads\/2019\/05\/US_hispanic_Live-tracking_img.gif\" alt=\"\"\/><\/figure>\n<\/div>\n<\/div>\n\n\n<section  class=\"qtx-pagebuilder-section qtx-pagebuilder-section-blockquote qtx-pagebuilder-section-blockquote-left_green_border \">\r\n        <div class=\"left_green_border\">\r\n            <blockquote>\r\n                <p>Quartix realiza el trabajo arduo de analizar la informaci\u00f3n y genera reportes f\u00e1ciles de usar. Todo se puede acceder en la web y nuestro sistema incluye una amplia gama de reportes de rastreo de veh\u00edculos y pantallas, que lo ayudan a identificar sus mejores conductores, entender mejor el millage y costos de gasolina y eliminar el dolor de cabeza del papeleo reglamentarios.<\/p>\n                            <\/blockquote>\r\n        <\/div>\r\n        <\/section>\r\n\r\n\n\n\n<div class=\"wp-block-columns is-layout-flex wp-container-core-columns-is-layout-28f84493 wp-block-columns-is-layout-flex\">\n<div class=\"wp-block-column is-layout-flow wp-block-column-is-layout-flow\">\n<figure class=\"wp-block-image\"><img decoding=\"async\" src=\" https:\/\/www.quartix.com\/content\/uploads\/2019\/05\/us-hispanic_daily-log-1000x564.jpg\" alt=\"\"\/><\/figure>\n<\/div>\n\n\n\n<div class=\"wp-block-column is-layout-flow wp-block-column-is-layout-flow\">\n<h2 class=\"wp-block-heading\">Registros diarios de veh\u00edculos<\/h2>\n\n\n\n<p>Identifique donde se realizaron paradas y a qu\u00e9 hora los trabajos o entregas se completaron. Los registros de conductores muestran todos los viajes individuales en un d\u00eda determinado, con &#8220;inicio&#8221; &#8211; &#8220;fin&#8221;, distancia recorrida y tiempo con el motor en marcha para cada viaje.<\/p>\n\n\n\n<p>Nivel de detalle ajustable para adaptarse a sus necesidades, por ejemplo, paradas con el motor encendido y movimientos peque\u00f1os alrededor de un sitio pueden ser mostrados o filtrados.<\/p>\n\n\n\n<p>Usted tambi\u00e9n recibir\u00e1 correos electr\u00f3nicos diarios con este reporte que le permitir\u00e1 comprobar si los conductores asistieron a los trabajos seg\u00fan lo planeado.<\/p>\n<\/div>\n<\/div>\n\n\n\n<div class=\"wp-block-columns is-layout-flex wp-container-core-columns-is-layout-28f84493 wp-block-columns-is-layout-flex\">\n<div class=\"wp-block-column is-layout-flow wp-block-column-is-layout-flow\">\n<h2 class=\"wp-block-heading\">Mapas de rutas diarias<\/h2>\n\n\n\n<p>Quartix le muestra todos los viajes y rutas tomadas en un d\u00eda, con cada punto de ruta marcado para direcci\u00f3n y velocidad. Cree sus propias &#8220;ubicaciones personalizadas&#8221; para sitios de clientes habituales para ver r\u00e1pidamente rutas de conductores que est\u00e9n en las cercan\u00edas de estos lugares. Haga clic en los puntos de paso para detalles adicionales de velocidad o enfoque de la localizaci\u00f3n exacta usando Google Street View.<\/p>\n\n\n\n<p>El rastreo de veh\u00edculos Quartix est\u00e1 dise\u00f1ado para usted y responde a sus preguntas sobre sus conductores y veh\u00edculos de forma r\u00e1pida y sencilla.<\/p>\n<\/div>\n\n\n\n<div class=\"wp-block-column is-layout-flow wp-block-column-is-layout-flow\">\n<figure class=\"wp-block-image aligncenter\"><img decoding=\"async\" src=\" https:\/\/www.quartix.com\/content\/uploads\/2019\/05\/us-hispanic_daily-route-map-cropped-1000x509.jpg\" alt=\"\"\/><\/figure>\n<\/div>\n<\/div>\n\n\n\n<div class=\"wp-block-columns is-layout-flex wp-container-core-columns-is-layout-28f84493 wp-block-columns-is-layout-flex\">\n<div class=\"wp-block-column is-layout-flow wp-block-column-is-layout-flow\">\n<figure class=\"wp-block-image aligncenter\"><img decoding=\"async\" src=\" https:\/\/www.quartix.com\/content\/uploads\/2018\/06\/US-Live-Tracking-App-3.gif\" alt=\"Live Mobile Tracking App\"\/><\/figure>\n<\/div>\n\n\n\n<div class=\"wp-block-column is-layout-flow wp-block-column-is-layout-flow\">\n<h2 class=\"wp-block-heading\">Aplicaci\u00f3n m\u00f3vil<\/h2>\n\n\n\n<p>Vea en tiempo real la ubicaci\u00f3n de su veh\u00edculo cuando est\u00e9 fuera de la oficina, y acceda a los mapas de ruta de conductores y el comportamiento del conductor mientras se mueve. Usted tambi\u00e9n puede permitir que conductores individuales accedan a sus propios reportes de estilo de manejo a trav\u00e9s de la aplicaci\u00f3n, sin darles la informaci\u00f3n de todos los conductores. La aplicaci\u00f3n es gratuita de descargar. Reportes disponibles en movimiento:<\/p>\n\n\n\n<ul class=\"wp-block-list\">\n<li>Lista de veh\u00edculos que muestra todos los veh\u00edculos registrados y su estado actual<\/li>\n\n\n\n<li>Rastreo en vivo de veh\u00edculos muestra la \u00faltima ubicaci\u00f3n en tiempo real<\/li>\n\n\n\n<li>Muestra las rutas diarias de los \u00faltimos 6 meses<\/li>\n<\/ul>\n<\/div>\n<\/div>\n\n\n\n<div class=\"wp-block-columns is-layout-flex wp-container-core-columns-is-layout-28f84493 wp-block-columns-is-layout-flex\">\n<div class=\"wp-block-column is-layout-flow wp-block-column-is-layout-flow\">\n<h2 class=\"wp-block-heading\">Pruebe Quartix ahora<\/h2>\n\n\n\n<p>Vea usted mismo como funciona Quartix con nuestra demostraci\u00f3n en tiempo real gratis.<\/p>\n\n\n\n<div class=\"wpcf7 no-js\" id=\"wpcf7-f74227-o1\" lang=\"es-US\" dir=\"ltr\" data-wpcf7-id=\"74227\">\n<div class=\"screen-reader-response\"><p role=\"status\" aria-live=\"polite\" aria-atomic=\"true\"><\/p> <ul><\/ul><\/div>\n<form action=\"\/es-us\/wp-json\/wp\/v2\/pages\/22325#wpcf7-f74227-o1\" method=\"post\" class=\"wpcf7-form init\" aria-label=\"Contact form\" novalidate=\"novalidate\" data-status=\"init\">\n<fieldset class=\"hidden-fields-container\"><input type=\"hidden\" name=\"_wpcf7\" value=\"74227\" \/><input type=\"hidden\" name=\"_wpcf7_version\" value=\"6.1.5\" \/><input type=\"hidden\" name=\"_wpcf7_locale\" value=\"es_US\" \/><input type=\"hidden\" name=\"_wpcf7_unit_tag\" value=\"wpcf7-f74227-o1\" \/><input type=\"hidden\" name=\"_wpcf7_container_post\" value=\"0\" \/><input type=\"hidden\" name=\"_wpcf7_posted_data_hash\" value=\"\" \/><input type=\"hidden\" name=\"_wpcf7cf_hidden_group_fields\" value=\"[]\" \/><input type=\"hidden\" name=\"_wpcf7cf_hidden_groups\" value=\"[]\" \/><input type=\"hidden\" name=\"_wpcf7cf_visible_groups\" value=\"[]\" \/><input type=\"hidden\" name=\"_wpcf7cf_repeaters\" value=\"[]\" \/><input type=\"hidden\" name=\"_wpcf7cf_steps\" value=\"{}\" \/><input type=\"hidden\" name=\"_wpcf7cf_options\" value=\"{&quot;form_id&quot;:74227,&quot;conditions&quot;:[],&quot;settings&quot;:{&quot;animation&quot;:&quot;yes&quot;,&quot;animation_intime&quot;:200,&quot;animation_outtime&quot;:200,&quot;conditions_ui&quot;:&quot;normal&quot;,&quot;notice_dismissed&quot;:false,&quot;notice_dismissed_update-cf7-6.0&quot;:true,&quot;notice_dismissed_update-cf7-6.0.1&quot;:true,&quot;notice_dismissed_update-cf7-6.0.2&quot;:true,&quot;notice_dismissed_rollback-cf7-6.0.5&quot;:true}}\" \/><input type=\"hidden\" name=\"_wpcf7_recaptcha_response\" value=\"\" \/>\n<\/fieldset>\n<div class=\"input-wrapper\"><span class=\"icon icon-face\"><\/span><span class=\"wpcf7-form-control-wrap\" data-name=\"first_name\"><input size=\"40\" maxlength=\"400\" class=\"wpcf7-form-control wpcf7-text wpcf7-validates-as-required\" aria-required=\"true\" aria-invalid=\"false\" placeholder=\"Nombre *\" value=\"\" type=\"text\" name=\"first_name\" \/><\/span><span class=\"wpcf7-form-control-wrap\" data-name=\"last_name\"><input size=\"40\" maxlength=\"400\" class=\"wpcf7-form-control wpcf7-text wpcf7-validates-as-required\" aria-required=\"true\" aria-invalid=\"false\" placeholder=\"Apellido *\" value=\"\" type=\"text\" name=\"last_name\" \/><\/span><\/div>\n<div class=\"input-wrapper\"><span class=\"icon icon-envelope\"><\/span><span class=\"wpcf7-form-control-wrap\" data-name=\"email\"><input size=\"40\" maxlength=\"400\" class=\"wpcf7-form-control wpcf7-email wpcf7-validates-as-required wpcf7-text wpcf7-validates-as-email\" aria-required=\"true\" aria-invalid=\"false\" placeholder=\"Correo electr\u00f3nico *\" value=\"\" type=\"email\" name=\"email\" \/><\/span><\/div>\n<div class=\"input-wrapper\"><span class=\"icon icon-company\"><\/span><span class=\"wpcf7-form-control-wrap\" data-name=\"company\"><input size=\"40\" maxlength=\"400\" class=\"wpcf7-form-control wpcf7-text wpcf7-validates-as-required\" aria-required=\"true\" aria-invalid=\"false\" placeholder=\"Empresa *\" value=\"\" type=\"text\" name=\"company\" \/><\/span><\/div>\n<div class=\"input-wrapper\"><span class=\"icon icon-telephone\"><\/span><span class=\"wpcf7-form-control-wrap\" data-name=\"phone\"><input size=\"40\" maxlength=\"400\" class=\"wpcf7-form-control wpcf7-tel wpcf7-validates-as-required wpcf7-text wpcf7-validates-as-tel\" aria-required=\"true\" aria-invalid=\"false\" placeholder=\"Tel\u00e9fono *\" value=\"\" type=\"tel\" name=\"phone\" \/><\/span><\/div>\n<div class=\"input-wrapper\"><span class=\"icon icon-vehicles\"><\/span><span class=\"wpcf7-form-control-wrap\" data-name=\"number_of_vehicles\"><input class=\"wpcf7-form-control wpcf7-number wpcf7-validates-as-required wpcf7-validates-as-number\" min=\"1\" aria-required=\"true\" aria-invalid=\"false\" placeholder=\"N\u00famero de veh\u00edculos *\" value=\"\" type=\"number\" name=\"number_of_vehicles\" \/><\/span><\/div>\n\n<input type=\"hidden\" name=\"thankyouURL\" value=\"\/es-us\/agradecimiento-solicitud-de-demostracion\/\" class=\"wpcf7-form-control wpcf7-hidden\" id=\"thankyouURL\">\n<input type=\"hidden\" name=\"pardot_extra_field\" value=\"\" class=\"wpcf7-form-control wpcf7-hidden\">\n<input type=\"hidden\" name=\"page_title\" value=\"No post title\" class=\"wpcf7-form-control wpcf7-hidden\">\n<div class=\"recatpcha-text\">Este sitio est\u00e1 protegido por reCAPTCHA y se aplican la <a href=\"https:\/\/policies.google.com\/privacy?hl=es-419\">Pol\u00edtica de privacidad<\/a> y los <a href=\"https:\/\/policies.google.com\/terms?hl=es-419\">T\u00e9rminos de servicio<\/a> de Google.<\/div>\n<div class=\"input-wrapper\"><input class=\"wpcf7-form-control wpcf7-submit has-spinner icon-plane\" type=\"submit\" value=\"Env\u00edenme un enlace para la demostraci\u00f3n\" \/><\/div><div class=\"wpcf7-response-output\" aria-hidden=\"true\"><\/div>\n<\/form>\n<\/div>\n\n\n\n\n<p>Ponga nuestro sistema a prueba con una demostraci\u00f3n gratis<\/p>\n<\/div>\n\n\n\n<div class=\"wp-block-column is-layout-flow wp-block-column-is-layout-flow\">\n<figure class=\"wp-block-image is-resized\"><img loading=\"lazy\" decoding=\"async\" src=\" https:\/\/www.quartix.com\/content\/uploads\/2019\/05\/us-hispanic_live-tracking-close-up.jpg\" alt=\"\" width=\"402\" height=\"299\"\/><\/figure>\n\n\n\r\n<section  class=\"qtx-pagebuilder-section qtx-pagebuilder-section-list \">\r\n<ul class='ticks fa-ul' style='0'><li><span class='fa-li'><i class='fas fa-check-circle'><\/i><\/span>De seguimiento en vivo de la ubicaci\u00f3n de veh\u00edculos<\/li><li><span class='fa-li'><i class='fas fa-check-circle'><\/i><\/span>Revise el historial de rastreo<\/li><li><span class='fa-li'><i class='fas fa-check-circle'><\/i><\/span>Reciba reportes detallados de conductores<\/li><li><span class='fa-li'><i class='fas fa-check-circle'><\/i><\/span>Revise tablas de desempe\u00f1o de los conductores<\/li><li><span class='fa-li'><i class='fas fa-check-circle'><\/i><\/span>Reciba alertas de movimientos no autorizados<\/li><\/ul><\/section><\/div>\n<\/div>\n","protected":false},"excerpt":{"rendered":"<p>Vea ahora mismo d\u00f3nde est\u00e1n sus veh\u00edculos Rastree sus veh\u00edculos y conductores en tiempo real. No necesita software adicional &#8211; todo se accede a trav\u00e9s de la web. Con nuestro mapa de rastreo de veh\u00edculos respaldado por Google, usted puede acceder a toda la informaci\u00f3n de su veh\u00edculo y conductor para ver hojas de horas [&hellip;]<\/p>\n","protected":false},"author":12,"featured_media":0,"parent":23030,"menu_order":10,"comment_status":"closed","ping_status":"closed","template":"","meta":{"_acf_changed":false,"inline_featured_image":false,"footnotes":""},"topic":[],"qtx_campaign":[],"class_list":["post-22325","page","type-page","status-publish","hentry"],"acf":[],"yoast_head":"<!-- This site is optimized with the Yoast SEO Premium plugin v27.2 (Yoast SEO v27.2) - https:\/\/yoast.com\/product\/yoast-seo-premium-wordpress\/ -->\n<title>Seguimiento de Veh\u00edculos - US<\/title>\n<meta name=\"description\" content=\"Rastree sus veh\u00edculos y conductores en tiempo real utilizando cualquier dispositivo conectado a Internet. No hay necesidad de software adicional \u2013 todo se accede a trav\u00e9s de la Web. Con nuestro mapa de seguimiento respaldado por Google, puede acceder a toda la informaci\u00f3n del veh\u00edculo y del conductor para ver las hojas de horas y los mapas de ruta diarios.\" \/>\n<meta name=\"robots\" content=\"index, follow, max-snippet:-1, max-image-preview:large, max-video-preview:-1\" \/>\n<link rel=\"canonical\" href=\"https:\/\/www.quartix.com\/es-us\/localizador-vehiculos\/seguimiento-de-vehiculos\/\" \/>\n<meta property=\"og:locale\" content=\"es_ES\" \/>\n<meta property=\"og:type\" content=\"article\" \/>\n<meta property=\"og:title\" content=\"Seguimiento de Veh\u00edculos\" \/>\n<meta property=\"og:description\" content=\"Rastree sus veh\u00edculos y conductores en tiempo real utilizando cualquier dispositivo conectado a Internet. No hay necesidad de software adicional \u2013 todo se accede a trav\u00e9s de la Web. Con nuestro mapa de seguimiento respaldado por Google, puede acceder a toda la informaci\u00f3n del veh\u00edculo y del conductor para ver las hojas de horas y los mapas de ruta diarios.\" \/>\n<meta property=\"og:url\" content=\"https:\/\/www.quartix.com\/es-us\/localizador-vehiculos\/seguimiento-de-vehiculos\/\" \/>\n<meta property=\"og:site_name\" content=\"Quartix\" \/>\n<meta property=\"article:publisher\" content=\"https:\/\/www.facebook.com\/Quartix-USA-374426386097401\/\" \/>\n<meta property=\"article:modified_time\" content=\"2023-07-13T12:22:38+00:00\" \/>\n<meta name=\"twitter:card\" content=\"summary_large_image\" \/>\n<meta name=\"twitter:site\" content=\"@QuartixUSA\" \/>\n<meta name=\"twitter:label1\" content=\"Est. reading time\" \/>\n\t<meta name=\"twitter:data1\" content=\"3 minutes\" \/>\n<!-- \/ Yoast SEO Premium plugin. -->","yoast_head_json":{"title":"Seguimiento de Veh\u00edculos - US","description":"Rastree sus veh\u00edculos y conductores en tiempo real utilizando cualquier dispositivo conectado a Internet. No hay necesidad de software adicional \u2013 todo se accede a trav\u00e9s de la Web. Con nuestro mapa de seguimiento respaldado por Google, puede acceder a toda la informaci\u00f3n del veh\u00edculo y del conductor para ver las hojas de horas y los mapas de ruta diarios.","robots":{"index":"index","follow":"follow","max-snippet":"max-snippet:-1","max-image-preview":"max-image-preview:large","max-video-preview":"max-video-preview:-1"},"canonical":"https:\/\/www.quartix.com\/es-us\/localizador-vehiculos\/seguimiento-de-vehiculos\/","og_locale":"es_ES","og_type":"article","og_title":"Seguimiento de Veh\u00edculos","og_description":"Rastree sus veh\u00edculos y conductores en tiempo real utilizando cualquier dispositivo conectado a Internet. No hay necesidad de software adicional \u2013 todo se accede a trav\u00e9s de la Web. Con nuestro mapa de seguimiento respaldado por Google, puede acceder a toda la informaci\u00f3n del veh\u00edculo y del conductor para ver las hojas de horas y los mapas de ruta diarios.","og_url":"https:\/\/www.quartix.com\/es-us\/localizador-vehiculos\/seguimiento-de-vehiculos\/","og_site_name":"Quartix","article_publisher":"https:\/\/www.facebook.com\/Quartix-USA-374426386097401\/","article_modified_time":"2023-07-13T12:22:38+00:00","twitter_card":"summary_large_image","twitter_site":"@QuartixUSA","twitter_misc":{"Est. reading time":"3 minutes"},"schema":{"@context":"https:\/\/schema.org","@graph":[{"@type":"WebPage","@id":"https:\/\/www.quartix.com\/es-us\/localizador-vehiculos\/seguimiento-de-vehiculos\/","url":"https:\/\/www.quartix.com\/es-us\/localizador-vehiculos\/seguimiento-de-vehiculos\/","name":"Seguimiento de Veh\u00edculos","isPartOf":{"@id":"https:\/\/www.quartix.com\/es-us\/#website"},"datePublished":"2019-05-10T05:31:21+00:00","dateModified":"2023-07-13T12:22:38+00:00","description":"Rastree sus veh\u00edculos y conductores en tiempo real utilizando cualquier dispositivo conectado a Internet. No hay necesidad de software adicional \u2013 todo se accede a trav\u00e9s de la Web. Con nuestro mapa de seguimiento respaldado por Google, puede acceder a toda la informaci\u00f3n del veh\u00edculo y del conductor para ver las hojas de horas y los mapas de ruta diarios.","breadcrumb":{"@id":"https:\/\/www.quartix.com\/es-us\/localizador-vehiculos\/seguimiento-de-vehiculos\/#breadcrumb"},"inLanguage":"es-US","potentialAction":[{"@type":"ReadAction","target":["https:\/\/www.quartix.com\/es-us\/localizador-vehiculos\/seguimiento-de-vehiculos\/"]}]},{"@type":"BreadcrumbList","@id":"https:\/\/www.quartix.com\/es-us\/localizador-vehiculos\/seguimiento-de-vehiculos\/#breadcrumb","itemListElement":[{"@type":"ListItem","position":1,"name":"Inicio","item":"https:\/\/www.quartix.com\/es-us\/quartix-real-time-vehicle-tracking-2\/"},{"@type":"ListItem","position":2,"name":"Localizador Vehiculos","item":"https:\/\/www.quartix.com\/es-us\/localizador-vehiculos\/"},{"@type":"ListItem","position":3,"name":"Seguimiento de Veh\u00edculos"}]},{"@type":"WebSite","@id":"https:\/\/www.quartix.com\/es-us\/#website","url":"https:\/\/www.quartix.com\/es-us\/","name":"Quartix","description":"Real-time vehicle tracking","publisher":{"@id":"https:\/\/www.quartix.com\/es-us\/#organization"},"potentialAction":[{"@type":"SearchAction","target":{"@type":"EntryPoint","urlTemplate":"https:\/\/www.quartix.com\/es-us\/?s={search_term_string}"},"query-input":{"@type":"PropertyValueSpecification","valueRequired":true,"valueName":"search_term_string"}}],"inLanguage":"es-US"},{"@type":"Organization","@id":"https:\/\/www.quartix.com\/es-us\/#organization","name":"Quartix","url":"https:\/\/www.quartix.com\/es-us\/","logo":{"@type":"ImageObject","inLanguage":"es-US","@id":"https:\/\/www.quartix.com\/es-us\/#\/schema\/logo\/image\/","url":"https:\/\/www.quartix.com\/content\/uploads\/2019\/02\/quartix-logo-eur.svg","contentUrl":"https:\/\/www.quartix.com\/content\/uploads\/2019\/02\/quartix-logo-eur.svg","width":1,"height":1,"caption":"Quartix"},"image":{"@id":"https:\/\/www.quartix.com\/es-us\/#\/schema\/logo\/image\/"},"sameAs":["https:\/\/www.facebook.com\/Quartix-USA-374426386097401\/","https:\/\/x.com\/QuartixUSA","https:\/\/www.linkedin.com\/company\/5346733\/","https:\/\/www.youtube.com\/channel\/UCzS-_GMfHF4kWiCheyIRrAQ"]}]}},"_links":{"self":[{"href":"https:\/\/www.quartix.com\/es-us\/wp-json\/wp\/v2\/pages\/22325","targetHints":{"allow":["GET"]}}],"collection":[{"href":"https:\/\/www.quartix.com\/es-us\/wp-json\/wp\/v2\/pages"}],"about":[{"href":"https:\/\/www.quartix.com\/es-us\/wp-json\/wp\/v2\/types\/page"}],"author":[{"embeddable":true,"href":"https:\/\/www.quartix.com\/es-us\/wp-json\/wp\/v2\/users\/12"}],"replies":[{"embeddable":true,"href":"https:\/\/www.quartix.com\/es-us\/wp-json\/wp\/v2\/comments?post=22325"}],"version-history":[{"count":0,"href":"https:\/\/www.quartix.com\/es-us\/wp-json\/wp\/v2\/pages\/22325\/revisions"}],"up":[{"embeddable":true,"href":"https:\/\/www.quartix.com\/es-us\/wp-json\/wp\/v2\/pages\/23030"}],"wp:attachment":[{"href":"https:\/\/www.quartix.com\/es-us\/wp-json\/wp\/v2\/media?parent=22325"}],"wp:term":[{"taxonomy":"topic","embeddable":true,"href":"https:\/\/www.quartix.com\/es-us\/wp-json\/wp\/v2\/topic?post=22325"},{"taxonomy":"qtx_campaign","embeddable":true,"href":"https:\/\/www.quartix.com\/es-us\/wp-json\/wp\/v2\/qtx_campaign?post=22325"}],"curies":[{"name":"wp","href":"https:\/\/api.w.org\/{rel}","templated":true}]}}