{"id":22459,"date":"2019-05-11T20:43:34","date_gmt":"2019-05-11T20:43:34","guid":{"rendered":" https:\/\/www.quartix.com\/hojas-de-control-horario\/"},"modified":"2023-07-13T13:22:30","modified_gmt":"2023-07-13T12:22:30","slug":"hojas-de-control-horario","status":"publish","type":"page","link":"https:\/\/www.quartix.com\/es-us\/localizador-vehiculos\/hojas-de-control-horario\/","title":{"rendered":"Hojas de control horario"},"content":{"rendered":"\n<div class=\"wp-block-columns is-layout-flex wp-container-core-columns-is-layout-28f84493 wp-block-columns-is-layout-flex\">\n<div class=\"wp-block-column is-layout-flow wp-block-column-is-layout-flow\">\n<h2 class=\"wp-block-heading\">Informes de viajes<\/h2>\n\n\n\n<p>Si usted cuenta con una gran flota de veh\u00edculos o simplemente necesita ver varios viajes en un solo reporte, Quartix le ofrece una forma f\u00e1cil de ver el total de millas recorridas por su flota, las horas de manejo y el tiempo de motor en marcha a lo largo de un per\u00edodo determinado. Ya sea que necesite los informes por grupo o por veh\u00edculo, el resumen del Informe de Viajes le mostrar\u00e1 los tiempos de conducci\u00f3n y motor en marcha, as\u00ed como los totales para todo el per\u00edodo del informe.<\/p>\n<\/div>\n\n\n\n<div class=\"wp-block-column is-layout-flow wp-block-column-is-layout-flow\">\n<figure class=\"wp-block-image aligncenter\"><img decoding=\"async\" src=\" https:\/\/www.quartix.com\/content\/uploads\/2019\/05\/US_hispanic_Trip-reporter.gif\" alt=\"\"\/><\/figure>\n<\/div>\n<\/div>\n\n\n<section  class=\"qtx-pagebuilder-section qtx-pagebuilder-section-blockquote qtx-pagebuilder-section-blockquote-left_green_border \">\r\n        <div class=\"left_green_border\">\r\n            <blockquote>\r\n                <p>En Quartix sabemos que muchos de nuestros clientes prefieren recibir los datos en Excel para poder integrarlos f\u00e1cilmente a los informes preexistentes de su administraci\u00f3n. Es por eso que hemos dise\u00f1ado un n\u00famero de informes que se pueden enviar por correo electr\u00f3nico para que pueda recibirlos en su bandeja de entrada semanalmente o diariamente.<\/p>\n                            <\/blockquote>\r\n        <\/div>\r\n        <\/section>\r\n\r\n\n\n\n<div class=\"wp-block-columns is-layout-flex wp-container-core-columns-is-layout-28f84493 wp-block-columns-is-layout-flex\">\n<div class=\"wp-block-column is-layout-flow wp-block-column-is-layout-flow\">\n<figure class=\"wp-block-image aligncenter\"><img decoding=\"async\" src=\" https:\/\/www.quartix.com\/content\/uploads\/2019\/05\/us-hispanic_daily-group-report.png\" alt=\"\"\/><\/figure>\n<\/div>\n\n\n\n<div class=\"wp-block-column is-layout-flow wp-block-column-is-layout-flow\">\n<h2 class=\"wp-block-heading\">Hojas de control horario<\/h2>\n\n\n\n<p><b>Informe diario de flota<\/b><\/p>\n\n\n\n<p>Ahorre tiempo de trabajo administrativo y sepa exactamente la cantidad de horas extras reales en relaci\u00f3n a las informadas. Podr\u00e1 estimar el consumo de combustible esperado en relaci\u00f3n a los gastos de combustible reclamados y as\u00ed eliminar los gastos no autorizados. Las hojas de Excel proporcionan una pesta\u00f1a de resumen de todos los veh\u00edculos de un grupo (ver imagen). Adem\u00e1s, existe una pesta\u00f1a de detalles para cada veh\u00edculo en donde se muestra el desglose detallado de cada viaje, al igual que los totales diarios.<\/p>\n\n\n\n<p>La informaci\u00f3n clave de control incluye:<\/p>\n\n\n\n<ul class=\"wp-block-list\">\n<li>Millaje y consumo de combustible<\/li>\n\n\n\n<li>Velocidades m\u00e1ximas<\/li>\n\n\n\n<li>Tiempos de turnos<\/li>\n\n\n\n<li>Tiempo total de manejo<\/li>\n\n\n\n<li>Tiempo transcurrido en cada sitio<\/li>\n<\/ul>\n<\/div>\n<\/div>\n\n\n\n<h2 class=\"wp-block-heading\">Resumen semanal de hojas de control horario<\/h2>\n\n\n\n<p>Si usted solo desea obtener un resumen detallado sobre alg\u00fan veh\u00edculo en particular, lo podr\u00e1 recibir f\u00e1cilmente en su correo electr\u00f3nico con toda la informaci\u00f3n semanal de ese veh\u00edculo en particular. Este resumen incluye una pesta\u00f1a correspondiente a la semana anterior y una pesta\u00f1a para cada d\u00eda de la semana en curso y muestra el detalle de los viajes realizados por el veh\u00edculo, al igual que los totales diarios.<\/p>\n\n\n\n<div class=\"wp-block-columns is-layout-flex wp-container-core-columns-is-layout-28f84493 wp-block-columns-is-layout-flex\">\n<div class=\"wp-block-column is-layout-flow wp-block-column-is-layout-flow\">\n<figure class=\"wp-block-image aligncenter\"><img decoding=\"async\" src=\" https:\/\/www.quartix.com\/content\/uploads\/2018\/04\/Driver-ID-2.jpg\" alt=\"\"\/><\/figure>\n<\/div>\n\n\n\n<div class=\"wp-block-column is-layout-flow wp-block-column-is-layout-flow\">\n<h2 class=\"wp-block-heading\">Reportes individuales de conductor<\/h2>\n\n\n\n<p><strong>Veh\u00edculos compartidos<\/strong><\/p>\n\n\n\n<p>El identificador de conductor Quartix le permite identificar conductores cuando los veh\u00edculos son compartidos y genera reportes basados en los conductores as\u00ed como en los veh\u00edculos.<\/p>\n\n\n\n<p><strong>Millaje personal<\/strong><\/p>\n\n\n\n<p>La identificaci\u00f3n de conductor est\u00e1 incluida&nbsp;con el<a href=\"\/es-us\/fijacion-de-precios\/\">&nbsp;paquete InfoPlus &amp; Driver ID<\/a>, y le permite distinguir entre millas para uso de la empresa y para uso personal. Si, por ejemplo, permite a empleados de confianza usar el veh\u00edculo el fin de semana o por la noche para uso personal, tal vez usted no desea incluir esto como millas de la empresa.<\/p>\n<\/div>\n<\/div>\n","protected":false},"excerpt":{"rendered":"<p>Informes de viajes Si usted cuenta con una gran flota de veh\u00edculos o simplemente necesita ver varios viajes en un solo reporte, Quartix le ofrece una forma f\u00e1cil de ver el total de millas recorridas por su flota, las horas de manejo y el tiempo de motor en marcha a lo largo de un per\u00edodo [&hellip;]<\/p>\n","protected":false},"author":12,"featured_media":28121,"parent":23030,"menu_order":20,"comment_status":"closed","ping_status":"closed","template":"","meta":{"_acf_changed":false,"inline_featured_image":false,"footnotes":""},"topic":[],"qtx_campaign":[],"class_list":["post-22459","page","type-page","status-publish","has-post-thumbnail","hentry"],"acf":[],"yoast_head":"<!-- This site is optimized with the Yoast SEO Premium plugin v27.3 (Yoast SEO v27.3) - https:\/\/yoast.com\/product\/yoast-seo-premium-wordpress\/ -->\n<title>Hojas de control horario - US<\/title>\n<meta name=\"description\" content=\"Si necesita reportar los datos de su flota por veh\u00edculo o por grupo de veh\u00edculos, las hojas de horario de Quartix ofrecen informes detallados de sus movimientos, velocidad y motor en marcha. Los detalles tambi\u00e9n incluyen millaje, uso de combustible y tiempos de cambio.\" \/>\n<meta name=\"robots\" content=\"index, follow, max-snippet:-1, max-image-preview:large, max-video-preview:-1\" \/>\n<link rel=\"canonical\" href=\"https:\/\/www.quartix.com\/es-us\/localizador-vehiculos\/hojas-de-control-horario\/\" \/>\n<meta property=\"og:locale\" content=\"es_ES\" \/>\n<meta property=\"og:type\" content=\"article\" \/>\n<meta property=\"og:title\" content=\"Hojas de control horario\" \/>\n<meta property=\"og:description\" content=\"Si necesita reportar los datos de su flota por veh\u00edculo o por grupo de veh\u00edculos, las hojas de horario de Quartix ofrecen informes detallados de sus movimientos, velocidad y motor en marcha. Los detalles tambi\u00e9n incluyen millaje, uso de combustible y tiempos de cambio.\" \/>\n<meta property=\"og:url\" content=\"https:\/\/www.quartix.com\/es-us\/localizador-vehiculos\/hojas-de-control-horario\/\" \/>\n<meta property=\"og:site_name\" content=\"Quartix\" \/>\n<meta property=\"article:publisher\" content=\"https:\/\/www.facebook.com\/Quartix-USA-374426386097401\/\" \/>\n<meta property=\"article:modified_time\" content=\"2023-07-13T12:22:30+00:00\" \/>\n<meta property=\"og:image\" content=\"https:\/\/www.quartix.com\/content\/uploads\/2019\/07\/trip-reporter.png\" \/>\n\t<meta property=\"og:image:width\" content=\"1642\" \/>\n\t<meta property=\"og:image:height\" content=\"967\" \/>\n\t<meta property=\"og:image:type\" content=\"image\/png\" \/>\n<meta name=\"twitter:card\" content=\"summary_large_image\" \/>\n<meta name=\"twitter:site\" content=\"@QuartixUSA\" \/>\n<meta name=\"twitter:label1\" content=\"Est. reading time\" \/>\n\t<meta name=\"twitter:data1\" content=\"3 minutes\" \/>\n<!-- \/ Yoast SEO Premium plugin. -->","yoast_head_json":{"title":"Hojas de control horario - US","description":"Si necesita reportar los datos de su flota por veh\u00edculo o por grupo de veh\u00edculos, las hojas de horario de Quartix ofrecen informes detallados de sus movimientos, velocidad y motor en marcha. Los detalles tambi\u00e9n incluyen millaje, uso de combustible y tiempos de cambio.","robots":{"index":"index","follow":"follow","max-snippet":"max-snippet:-1","max-image-preview":"max-image-preview:large","max-video-preview":"max-video-preview:-1"},"canonical":"https:\/\/www.quartix.com\/es-us\/localizador-vehiculos\/hojas-de-control-horario\/","og_locale":"es_ES","og_type":"article","og_title":"Hojas de control horario","og_description":"Si necesita reportar los datos de su flota por veh\u00edculo o por grupo de veh\u00edculos, las hojas de horario de Quartix ofrecen informes detallados de sus movimientos, velocidad y motor en marcha. Los detalles tambi\u00e9n incluyen millaje, uso de combustible y tiempos de cambio.","og_url":"https:\/\/www.quartix.com\/es-us\/localizador-vehiculos\/hojas-de-control-horario\/","og_site_name":"Quartix","article_publisher":"https:\/\/www.facebook.com\/Quartix-USA-374426386097401\/","article_modified_time":"2023-07-13T12:22:30+00:00","og_image":[{"width":1642,"height":967,"url":"https:\/\/www.quartix.com\/content\/uploads\/2019\/07\/trip-reporter.png","type":"image\/png"}],"twitter_card":"summary_large_image","twitter_site":"@QuartixUSA","twitter_misc":{"Est. reading time":"3 minutes"},"schema":{"@context":"https:\/\/schema.org","@graph":[{"@type":"WebPage","@id":"https:\/\/www.quartix.com\/es-us\/localizador-vehiculos\/hojas-de-control-horario\/","url":"https:\/\/www.quartix.com\/es-us\/localizador-vehiculos\/hojas-de-control-horario\/","name":"Hojas de control horario","isPartOf":{"@id":"https:\/\/www.quartix.com\/es-us\/#website"},"primaryImageOfPage":{"@id":"https:\/\/www.quartix.com\/es-us\/localizador-vehiculos\/hojas-de-control-horario\/#primaryimage"},"image":{"@id":"https:\/\/www.quartix.com\/es-us\/localizador-vehiculos\/hojas-de-control-horario\/#primaryimage"},"thumbnailUrl":"https:\/\/www.quartix.com\/content\/uploads\/2019\/07\/trip-reporter.png","datePublished":"2019-05-11T20:43:34+00:00","dateModified":"2023-07-13T12:22:30+00:00","description":"Si necesita reportar los datos de su flota por veh\u00edculo o por grupo de veh\u00edculos, las hojas de horario de Quartix ofrecen informes detallados de sus movimientos, velocidad y motor en marcha. Los detalles tambi\u00e9n incluyen millaje, uso de combustible y tiempos de cambio.","breadcrumb":{"@id":"https:\/\/www.quartix.com\/es-us\/localizador-vehiculos\/hojas-de-control-horario\/#breadcrumb"},"inLanguage":"es-US","potentialAction":[{"@type":"ReadAction","target":["https:\/\/www.quartix.com\/es-us\/localizador-vehiculos\/hojas-de-control-horario\/"]}]},{"@type":"ImageObject","inLanguage":"es-US","@id":"https:\/\/www.quartix.com\/es-us\/localizador-vehiculos\/hojas-de-control-horario\/#primaryimage","url":"https:\/\/www.quartix.com\/content\/uploads\/2019\/07\/trip-reporter.png","contentUrl":"https:\/\/www.quartix.com\/content\/uploads\/2019\/07\/trip-reporter.png","width":1642,"height":967},{"@type":"BreadcrumbList","@id":"https:\/\/www.quartix.com\/es-us\/localizador-vehiculos\/hojas-de-control-horario\/#breadcrumb","itemListElement":[{"@type":"ListItem","position":1,"name":"Inicio","item":"https:\/\/www.quartix.com\/es-us\/quartix-real-time-vehicle-tracking-2\/"},{"@type":"ListItem","position":2,"name":"Localizador Vehiculos","item":"https:\/\/www.quartix.com\/es-us\/localizador-vehiculos\/"},{"@type":"ListItem","position":3,"name":"Hojas de control horario"}]},{"@type":"WebSite","@id":"https:\/\/www.quartix.com\/es-us\/#website","url":"https:\/\/www.quartix.com\/es-us\/","name":"Quartix","description":"Real-time vehicle tracking","publisher":{"@id":"https:\/\/www.quartix.com\/es-us\/#organization"},"potentialAction":[{"@type":"SearchAction","target":{"@type":"EntryPoint","urlTemplate":"https:\/\/www.quartix.com\/es-us\/?s={search_term_string}"},"query-input":{"@type":"PropertyValueSpecification","valueRequired":true,"valueName":"search_term_string"}}],"inLanguage":"es-US"},{"@type":"Organization","@id":"https:\/\/www.quartix.com\/es-us\/#organization","name":"Quartix","url":"https:\/\/www.quartix.com\/es-us\/","logo":{"@type":"ImageObject","inLanguage":"es-US","@id":"https:\/\/www.quartix.com\/es-us\/#\/schema\/logo\/image\/","url":"https:\/\/www.quartix.com\/content\/uploads\/2019\/02\/quartix-logo-eur.svg","contentUrl":"https:\/\/www.quartix.com\/content\/uploads\/2019\/02\/quartix-logo-eur.svg","width":1,"height":1,"caption":"Quartix"},"image":{"@id":"https:\/\/www.quartix.com\/es-us\/#\/schema\/logo\/image\/"},"sameAs":["https:\/\/www.facebook.com\/Quartix-USA-374426386097401\/","https:\/\/x.com\/QuartixUSA","https:\/\/www.linkedin.com\/company\/5346733\/","https:\/\/www.youtube.com\/channel\/UCzS-_GMfHF4kWiCheyIRrAQ"]}]}},"_links":{"self":[{"href":"https:\/\/www.quartix.com\/es-us\/wp-json\/wp\/v2\/pages\/22459","targetHints":{"allow":["GET"]}}],"collection":[{"href":"https:\/\/www.quartix.com\/es-us\/wp-json\/wp\/v2\/pages"}],"about":[{"href":"https:\/\/www.quartix.com\/es-us\/wp-json\/wp\/v2\/types\/page"}],"author":[{"embeddable":true,"href":"https:\/\/www.quartix.com\/es-us\/wp-json\/wp\/v2\/users\/12"}],"replies":[{"embeddable":true,"href":"https:\/\/www.quartix.com\/es-us\/wp-json\/wp\/v2\/comments?post=22459"}],"version-history":[{"count":0,"href":"https:\/\/www.quartix.com\/es-us\/wp-json\/wp\/v2\/pages\/22459\/revisions"}],"up":[{"embeddable":true,"href":"https:\/\/www.quartix.com\/es-us\/wp-json\/wp\/v2\/pages\/23030"}],"wp:featuredmedia":[{"embeddable":true,"href":"https:\/\/www.quartix.com\/es-us\/wp-json\/wp\/v2\/media\/28121"}],"wp:attachment":[{"href":"https:\/\/www.quartix.com\/es-us\/wp-json\/wp\/v2\/media?parent=22459"}],"wp:term":[{"taxonomy":"topic","embeddable":true,"href":"https:\/\/www.quartix.com\/es-us\/wp-json\/wp\/v2\/topic?post=22459"},{"taxonomy":"qtx_campaign","embeddable":true,"href":"https:\/\/www.quartix.com\/es-us\/wp-json\/wp\/v2\/qtx_campaign?post=22459"}],"curies":[{"name":"wp","href":"https:\/\/api.w.org\/{rel}","templated":true}]}}