{"id":22461,"date":"2019-05-11T20:59:24","date_gmt":"2019-05-11T20:59:24","guid":{"rendered":" https:\/\/www.quartix.com\/estilo-de-manejo\/"},"modified":"2023-07-13T13:22:28","modified_gmt":"2023-07-13T12:22:28","slug":"estilo-de-manejo","status":"publish","type":"page","link":"https:\/\/www.quartix.com\/es-us\/localizador-vehiculos\/estilo-de-manejo\/","title":{"rendered":"Estilo de manejo"},"content":{"rendered":"\n<div class=\"wp-block-columns is-layout-flex wp-container-core-columns-is-layout-28f84493 wp-block-columns-is-layout-flex\">\n<div class=\"wp-block-column is-layout-flow wp-block-column-is-layout-flow\">\n<h2 class=\"wp-block-heading\">Tabla de clasificaci\u00f3n de conductores<\/h2>\n\n\n\n<p>Compare las calificaciones de conducci\u00f3n entre los conductores de toda su flota. Cada conductor es calificado en base a su respectivo perfil de conducci\u00f3n. Aquellos conductores que se arriesgan demasiado son resaltados en rojo en la Tabla de clasificaci\u00f3n de conductores. Los mejores conductores se muestran en verde y aquellos que est\u00e1n entre medio en \u00e1mbar.<\/p>\n\n\n\n<p>Los informes le permiten localizar informaci\u00f3n de aceleraci\u00f3n y frenado, y con un s\u00f3lo clic lo llevan a la ubicaci\u00f3n exacta en Google Maps donde sucedi\u00f3 el incidente, y le permiten investigar m\u00e1s a fondo.<\/p>\n<\/div>\n\n\n\n<div class=\"wp-block-column is-layout-flow wp-block-column-is-layout-flow\">\n<figure class=\"wp-block-image aligncenter\"><img decoding=\"async\" src=\" https:\/\/www.quartix.com\/content\/uploads\/2019\/05\/US_hispanic_Driving-style.gif\" alt=\"\"\/><\/figure>\n<\/div>\n<\/div>\n\n\n<section  class=\"qtx-pagebuilder-section qtx-pagebuilder-section-blockquote qtx-pagebuilder-section-blockquote-left_green_border \">\r\n        <div class=\"left_green_border\">\r\n            <blockquote>\r\n                <p>Supervisar y mejorar el estilo de manejo puede ahorrar hasta un 15% de combustible y reducir el riesgo de accidentes y lesiones. Entrenar a su personal para manejar de manera segura es f\u00e1cil con Quartix. Nuestra gama de reportes, que incluye la distribuci\u00f3n de la velocidad y los perfiles de aceleraci\u00f3n y frenado, le brinda toda la informaci\u00f3n que necesita para influir y fomentar un comportamiento de conducci\u00f3n seguro y econ\u00f3mico.<\/p>\n                            <\/blockquote>\r\n        <\/div>\r\n        <\/section>\r\n\r\n\n\n\n<div class=\"wp-block-columns is-layout-flex wp-container-core-columns-is-layout-28f84493 wp-block-columns-is-layout-flex\">\n<div class=\"wp-block-column is-layout-flow wp-block-column-is-layout-flow\">\n<figure class=\"wp-block-image aligncenter\"><img decoding=\"async\" src=\" https:\/\/www.quartix.com\/content\/uploads\/2019\/05\/us-hispanic_daily-driver-breifing-1000x763.jpg\" alt=\"\"\/><\/figure>\n<\/div>\n\n\n\n<div class=\"wp-block-column is-layout-flow wp-block-column-is-layout-flow\">\n<h2 class=\"wp-block-heading\">Resumen diario de conductor<\/h2>\n\n\n\n<p>Trabaje con sus conductores para mejorar los estilos de conducci\u00f3n y use la informaci\u00f3n para mostrar partes del viaje donde los conductores \u201cperdieron\u201d puntos de conducci\u00f3n, as\u00ed ellos pueden revisar la informaci\u00f3n real y aprender de sus experiencias.<\/p>\n\n\n\n<p>El informe de resumen diario de conductor le muestra las velocidades del d\u00eda adem\u00e1s de los perfiles de aceleraci\u00f3n y frenado. Para explorar en detalle la ubicaci\u00f3n exacta de incidentes de aceleraci\u00f3n o frenados bruscos, simplemente haga clic en la barra del gr\u00e1fico para mostrar la ubicaci\u00f3n en Google Street View.<\/p>\n\n\n\n<ul class=\"wp-block-list\">\n<li>Monitoree los perfiles de velocidades, aceleraci\u00f3n y frenado.<\/li>\n\n\n\n<li>Compare las puntuaciones de comportamiento de los conductores en un grupo de veh\u00edculos o la flota completa<\/li>\n\n\n\n<li>Ahorre combustible y reduzca el riesgo de accidentes<\/li>\n<\/ul>\n<\/div>\n<\/div>\n\n\n\n<div class=\"wp-block-columns is-layout-flex wp-container-core-columns-is-layout-28f84493 wp-block-columns-is-layout-flex\">\n<div class=\"wp-block-column is-layout-flow wp-block-column-is-layout-flow\">\n<h2 class=\"wp-block-heading\">Tendencia del estilo de manejo<\/h2>\n\n\n\n<p>Identifique r\u00e1pidamente los problemas en los estilos de conducci\u00f3n que necesitan de su inmediata atenci\u00f3n. Junto con sus conductores, usted podr\u00e1 identificar si sus estilos de conducci\u00f3n mejoran con el tiempo (podr\u00e1 esperar resultados despu\u00e9s de un mes) e incorporar las mejoras en las revisiones de desempe\u00f1o o esquemas de recompensas para incentivar una mejor conducci\u00f3n.<\/p>\n<\/div>\n\n\n\n<div class=\"wp-block-column is-layout-flow wp-block-column-is-layout-flow\">\n<figure class=\"wp-block-image aligncenter\"><img decoding=\"async\" src=\" https:\/\/www.quartix.com\/content\/uploads\/2019\/05\/us-hispanic_trend-report-1000x611.jpg\" alt=\"\"\/><\/figure>\n<\/div>\n<\/div>\n\n\n\n<div class=\"wp-block-columns is-layout-flex wp-container-core-columns-is-layout-28f84493 wp-block-columns-is-layout-flex\">\n<div class=\"wp-block-column is-layout-flow wp-block-column-is-layout-flow\">\n<figure class=\"wp-block-image aligncenter\"><img decoding=\"async\" src=\" https:\/\/www.quartix.com\/content\/uploads\/2018\/06\/US-Driving-Style-App.gif\" alt=\"Mobile App Driving Style\"\/><\/figure>\n<\/div>\n\n\n\n<div class=\"wp-block-column is-layout-flow wp-block-column-is-layout-flow\">\n<h2 class=\"wp-block-heading\">Aplicaci\u00f3n m\u00f3vil para conductores<\/h2>\n\n\n\n<p>Permita el acceso individual a sus conductores consultar sus informes de estilo de conducci\u00f3n a trav\u00e9s de la aplicaci\u00f3n m\u00f3vil sin permitirles el acceso a otros datos de conductor. Esto alienta a los conductore a ver sus propias calificaciones y desempe\u00f1o al final de cada d\u00eda.<\/p>\n\n\n\n<p>El conductor podr\u00e1 ver la velocidades alcanzadas en diferentes puntos del recorrido diario y podr\u00e1n ver el \u00edndice de aceleraci\u00f3n y frenado para el m\u00edsmo per\u00edodo.<\/p>\n\n\n\n<p>La calificaci\u00f3n de conducci\u00f3n diara tambi\u00e9n es claramente visible a fin de que el conductor pueda acceder a su estilo de conducci\u00f3n al final del d\u00eda o puedan consultar la calificaci\u00f3n para otros d\u00edas de la semana.<\/p>\n\n\n\n<p>La aplicaci\u00f3n se descarga en forma gratuita y no hay l\u00edmite en el n\u00famero de personas que la puedan usar y descargar por cuenta.<\/p>\n<\/div>\n<\/div>\n","protected":false},"excerpt":{"rendered":"<p>Tabla de clasificaci\u00f3n de conductores Compare las calificaciones de conducci\u00f3n entre los conductores de toda su flota. Cada conductor es calificado en base a su respectivo perfil de conducci\u00f3n. Aquellos conductores que se arriesgan demasiado son resaltados en rojo en la Tabla de clasificaci\u00f3n de conductores. Los mejores conductores se muestran en verde y aquellos [&hellip;]<\/p>\n","protected":false},"author":12,"featured_media":22019,"parent":23030,"menu_order":30,"comment_status":"closed","ping_status":"closed","template":"","meta":{"_acf_changed":false,"inline_featured_image":false,"footnotes":""},"topic":[],"qtx_campaign":[],"class_list":["post-22461","page","type-page","status-publish","has-post-thumbnail","hentry"],"acf":[],"yoast_head":"<!-- This site is optimized with the Yoast SEO Premium plugin v27.3 (Yoast SEO v27.3) - https:\/\/yoast.com\/product\/yoast-seo-premium-wordpress\/ -->\n<title>Estilo de manejo - US<\/title>\n<meta name=\"description\" content=\"Los informes de estilo de manejo de Quartix le permiten comparar las puntuaciones de comportamiento del conductor en toda la flota. Ayudarlo a identificar r\u00e1pidamente en el estilo de manejo cualquier actitud que pueda necesitar atenci\u00f3n inmediata. Los informes incluyen velocidades por d\u00eda, adem\u00e1s de perfiles de aceleraci\u00f3n y frenado por veh\u00edculo o grupo de veh\u00edculos.\" \/>\n<meta name=\"robots\" content=\"index, follow, max-snippet:-1, max-image-preview:large, max-video-preview:-1\" \/>\n<link rel=\"canonical\" href=\"https:\/\/www.quartix.com\/es-us\/localizador-vehiculos\/estilo-de-manejo\/\" \/>\n<meta property=\"og:locale\" content=\"es_ES\" \/>\n<meta property=\"og:type\" content=\"article\" \/>\n<meta property=\"og:title\" content=\"Estilo de manejo\" \/>\n<meta property=\"og:description\" content=\"Los informes de estilo de manejo de Quartix le permiten comparar las puntuaciones de comportamiento del conductor en toda la flota. Ayudarlo a identificar r\u00e1pidamente en el estilo de manejo cualquier actitud que pueda necesitar atenci\u00f3n inmediata. Los informes incluyen velocidades por d\u00eda, adem\u00e1s de perfiles de aceleraci\u00f3n y frenado por veh\u00edculo o grupo de veh\u00edculos.\" \/>\n<meta property=\"og:url\" content=\"https:\/\/www.quartix.com\/es-us\/localizador-vehiculos\/estilo-de-manejo\/\" \/>\n<meta property=\"og:site_name\" content=\"Quartix\" \/>\n<meta property=\"article:publisher\" content=\"https:\/\/www.facebook.com\/Quartix-USA-374426386097401\/\" \/>\n<meta property=\"article:modified_time\" content=\"2023-07-13T12:22:28+00:00\" \/>\n<meta property=\"og:image\" content=\"https:\/\/www.quartix.com\/content\/uploads\/2019\/05\/us-driving-style-league-table.png\" \/>\n\t<meta property=\"og:image:width\" content=\"1182\" \/>\n\t<meta property=\"og:image:height\" content=\"686\" \/>\n\t<meta property=\"og:image:type\" content=\"image\/png\" \/>\n<meta name=\"twitter:card\" content=\"summary_large_image\" \/>\n<meta name=\"twitter:site\" content=\"@QuartixUSA\" \/>\n<meta name=\"twitter:label1\" content=\"Est. reading time\" \/>\n\t<meta name=\"twitter:data1\" content=\"3 minutes\" \/>\n<!-- \/ Yoast SEO Premium plugin. -->","yoast_head_json":{"title":"Estilo de manejo - US","description":"Los informes de estilo de manejo de Quartix le permiten comparar las puntuaciones de comportamiento del conductor en toda la flota. Ayudarlo a identificar r\u00e1pidamente en el estilo de manejo cualquier actitud que pueda necesitar atenci\u00f3n inmediata. Los informes incluyen velocidades por d\u00eda, adem\u00e1s de perfiles de aceleraci\u00f3n y frenado por veh\u00edculo o grupo de veh\u00edculos.","robots":{"index":"index","follow":"follow","max-snippet":"max-snippet:-1","max-image-preview":"max-image-preview:large","max-video-preview":"max-video-preview:-1"},"canonical":"https:\/\/www.quartix.com\/es-us\/localizador-vehiculos\/estilo-de-manejo\/","og_locale":"es_ES","og_type":"article","og_title":"Estilo de manejo","og_description":"Los informes de estilo de manejo de Quartix le permiten comparar las puntuaciones de comportamiento del conductor en toda la flota. Ayudarlo a identificar r\u00e1pidamente en el estilo de manejo cualquier actitud que pueda necesitar atenci\u00f3n inmediata. Los informes incluyen velocidades por d\u00eda, adem\u00e1s de perfiles de aceleraci\u00f3n y frenado por veh\u00edculo o grupo de veh\u00edculos.","og_url":"https:\/\/www.quartix.com\/es-us\/localizador-vehiculos\/estilo-de-manejo\/","og_site_name":"Quartix","article_publisher":"https:\/\/www.facebook.com\/Quartix-USA-374426386097401\/","article_modified_time":"2023-07-13T12:22:28+00:00","og_image":[{"width":1182,"height":686,"url":"https:\/\/www.quartix.com\/content\/uploads\/2019\/05\/us-driving-style-league-table.png","type":"image\/png"}],"twitter_card":"summary_large_image","twitter_site":"@QuartixUSA","twitter_misc":{"Est. reading time":"3 minutes"},"schema":{"@context":"https:\/\/schema.org","@graph":[{"@type":"WebPage","@id":"https:\/\/www.quartix.com\/es-us\/localizador-vehiculos\/estilo-de-manejo\/","url":"https:\/\/www.quartix.com\/es-us\/localizador-vehiculos\/estilo-de-manejo\/","name":"Estilo de manejo","isPartOf":{"@id":"https:\/\/www.quartix.com\/es-us\/#website"},"primaryImageOfPage":{"@id":"https:\/\/www.quartix.com\/es-us\/localizador-vehiculos\/estilo-de-manejo\/#primaryimage"},"image":{"@id":"https:\/\/www.quartix.com\/es-us\/localizador-vehiculos\/estilo-de-manejo\/#primaryimage"},"thumbnailUrl":"https:\/\/www.quartix.com\/content\/uploads\/2019\/05\/us-driving-style-league-table.png","datePublished":"2019-05-11T20:59:24+00:00","dateModified":"2023-07-13T12:22:28+00:00","description":"Los informes de estilo de manejo de Quartix le permiten comparar las puntuaciones de comportamiento del conductor en toda la flota. Ayudarlo a identificar r\u00e1pidamente en el estilo de manejo cualquier actitud que pueda necesitar atenci\u00f3n inmediata. Los informes incluyen velocidades por d\u00eda, adem\u00e1s de perfiles de aceleraci\u00f3n y frenado por veh\u00edculo o grupo de veh\u00edculos.","breadcrumb":{"@id":"https:\/\/www.quartix.com\/es-us\/localizador-vehiculos\/estilo-de-manejo\/#breadcrumb"},"inLanguage":"es-US","potentialAction":[{"@type":"ReadAction","target":["https:\/\/www.quartix.com\/es-us\/localizador-vehiculos\/estilo-de-manejo\/"]}]},{"@type":"ImageObject","inLanguage":"es-US","@id":"https:\/\/www.quartix.com\/es-us\/localizador-vehiculos\/estilo-de-manejo\/#primaryimage","url":"https:\/\/www.quartix.com\/content\/uploads\/2019\/05\/us-driving-style-league-table.png","contentUrl":"https:\/\/www.quartix.com\/content\/uploads\/2019\/05\/us-driving-style-league-table.png","width":1182,"height":686},{"@type":"BreadcrumbList","@id":"https:\/\/www.quartix.com\/es-us\/localizador-vehiculos\/estilo-de-manejo\/#breadcrumb","itemListElement":[{"@type":"ListItem","position":1,"name":"Inicio","item":"https:\/\/www.quartix.com\/es-us\/quartix-real-time-vehicle-tracking-2\/"},{"@type":"ListItem","position":2,"name":"Localizador Vehiculos","item":"https:\/\/www.quartix.com\/es-us\/localizador-vehiculos\/"},{"@type":"ListItem","position":3,"name":"Estilo de manejo"}]},{"@type":"WebSite","@id":"https:\/\/www.quartix.com\/es-us\/#website","url":"https:\/\/www.quartix.com\/es-us\/","name":"Quartix","description":"Real-time vehicle tracking","publisher":{"@id":"https:\/\/www.quartix.com\/es-us\/#organization"},"potentialAction":[{"@type":"SearchAction","target":{"@type":"EntryPoint","urlTemplate":"https:\/\/www.quartix.com\/es-us\/?s={search_term_string}"},"query-input":{"@type":"PropertyValueSpecification","valueRequired":true,"valueName":"search_term_string"}}],"inLanguage":"es-US"},{"@type":"Organization","@id":"https:\/\/www.quartix.com\/es-us\/#organization","name":"Quartix","url":"https:\/\/www.quartix.com\/es-us\/","logo":{"@type":"ImageObject","inLanguage":"es-US","@id":"https:\/\/www.quartix.com\/es-us\/#\/schema\/logo\/image\/","url":"https:\/\/www.quartix.com\/content\/uploads\/2019\/02\/quartix-logo-eur.svg","contentUrl":"https:\/\/www.quartix.com\/content\/uploads\/2019\/02\/quartix-logo-eur.svg","width":1,"height":1,"caption":"Quartix"},"image":{"@id":"https:\/\/www.quartix.com\/es-us\/#\/schema\/logo\/image\/"},"sameAs":["https:\/\/www.facebook.com\/Quartix-USA-374426386097401\/","https:\/\/x.com\/QuartixUSA","https:\/\/www.linkedin.com\/company\/5346733\/","https:\/\/www.youtube.com\/channel\/UCzS-_GMfHF4kWiCheyIRrAQ"]}]}},"_links":{"self":[{"href":"https:\/\/www.quartix.com\/es-us\/wp-json\/wp\/v2\/pages\/22461","targetHints":{"allow":["GET"]}}],"collection":[{"href":"https:\/\/www.quartix.com\/es-us\/wp-json\/wp\/v2\/pages"}],"about":[{"href":"https:\/\/www.quartix.com\/es-us\/wp-json\/wp\/v2\/types\/page"}],"author":[{"embeddable":true,"href":"https:\/\/www.quartix.com\/es-us\/wp-json\/wp\/v2\/users\/12"}],"replies":[{"embeddable":true,"href":"https:\/\/www.quartix.com\/es-us\/wp-json\/wp\/v2\/comments?post=22461"}],"version-history":[{"count":0,"href":"https:\/\/www.quartix.com\/es-us\/wp-json\/wp\/v2\/pages\/22461\/revisions"}],"up":[{"embeddable":true,"href":"https:\/\/www.quartix.com\/es-us\/wp-json\/wp\/v2\/pages\/23030"}],"wp:featuredmedia":[{"embeddable":true,"href":"https:\/\/www.quartix.com\/es-us\/wp-json\/wp\/v2\/media\/22019"}],"wp:attachment":[{"href":"https:\/\/www.quartix.com\/es-us\/wp-json\/wp\/v2\/media?parent=22461"}],"wp:term":[{"taxonomy":"topic","embeddable":true,"href":"https:\/\/www.quartix.com\/es-us\/wp-json\/wp\/v2\/topic?post=22461"},{"taxonomy":"qtx_campaign","embeddable":true,"href":"https:\/\/www.quartix.com\/es-us\/wp-json\/wp\/v2\/qtx_campaign?post=22461"}],"curies":[{"name":"wp","href":"https:\/\/api.w.org\/{rel}","templated":true}]}}